{"id":17316,"date":"2025-03-04T23:55:18","date_gmt":"2025-03-04T23:55:18","guid":{"rendered":"https:\/\/slamdunk.wpenginepowered.com\/?page_id=17316"},"modified":"2025-03-04T23:55:18","modified_gmt":"2025-03-04T23:55:18","slug":"faqs-how-is-liability-determined-in-a-slip-and-fall-accident","status":"publish","type":"page","link":"https:\/\/slamdunkattorney.com\/es\/faqs\/how-is-liability-determined-in-a-slip-and-fall-accident\/","title":{"rendered":"\u00bfC\u00f3mo se demuestra la responsabilidad en un accidente por resbal\u00f3n y ca\u00edda?"},"content":{"rendered":"<p><span style=\"font-weight: 400;\">\u00bfC\u00f3mo se demuestra la responsabilidad en un accidente por resbal\u00f3n y ca\u00edda? Para demostrar la responsabilidad en un accidente por resbal\u00f3n y ca\u00edda, <\/span><b>Debe demostrar que el propietario o administrador del inmueble incumpli\u00f3 su deber de diligencia.<\/b><span style=\"font-weight: 400;\"> y que su negligencia caus\u00f3 sus lesiones y los da\u00f1os resultantes.\u00a0<\/span><\/p>\n<p><span style=\"font-weight: 400;\">Si ha sufrido lesiones en una ca\u00edda, consulte a un profesional con experiencia. <\/span><a href=\"https:\/\/slamdunkattorney.com\/es\/duluth\/premises-liability-lawyer\/\"><span style=\"font-weight: 400;\">Abogado especializado en responsabilidad civil inmobiliaria en Duluth<\/span><\/a><span style=\"font-weight: 400;\"> puede ayudarle a proteger sus derechos.<\/span><\/p>\n<h2>Comprender los accidentes por resbalones y ca\u00eddas en Georgia<\/h2>\n<p><span style=\"font-weight: 400;\">El t\u00e9rmino \u00abresbal\u00f3n y ca\u00edda\u00bb suele evocar im\u00e1genes de situaciones c\u00f3micas, como resbalarse con una c\u00e1scara de pl\u00e1tano o una pastilla de jab\u00f3n en la ducha. Sin embargo, la realidad es mucho m\u00e1s grave. Aunque el t\u00e9rmino en s\u00ed mismo sugiere los movimientos espec\u00edficos de resbalarse y luego caer, en realidad es un t\u00e9rmino gen\u00e9rico que engloba cualquier incidente en el que una persona pierde el equilibrio y sufre una lesi\u00f3n como consecuencia de ello.\u00a0<\/span><\/p>\n<p><span style=\"font-weight: 400;\">Esta categor\u00eda de lesiones personales puede incluir no solo resbalones, sino tambi\u00e9n tropiezos, tambaleos y ca\u00eddas. Un accidente por resbal\u00f3n y ca\u00edda, en su sentido m\u00e1s amplio, se refiere a cualquier incidente en el que la p\u00e9rdida inesperada del equilibrio de una persona provoque una ca\u00edda y la consiguiente lesi\u00f3n. Esto puede implicar una variedad de situaciones:<\/span><\/p>\n<ul>\n<li style=\"font-weight: 400;\" aria-level=\"1\"><b>Resbal\u00f3n<\/b><span style=\"font-weight: 400;\">Esto ocurre cuando el contacto entre el pie de una persona y la superficie por la que camina se ve comprometido, a menudo debido a una sustancia resbaladiza como agua, hielo, derrames o incluso alfombras o tapetes sueltos.<\/span><\/li>\n<li style=\"font-weight: 400;\" aria-level=\"1\"><b>Tropezar<\/b><span style=\"font-weight: 400;\">Esto ocurre cuando el pie de una persona entra en contacto con un obst\u00e1culo inesperado, lo que le hace perder el equilibrio. Las causas m\u00e1s comunes son suelos irregulares, baches, desorden, objetos que sobresalen o zonas mal iluminadas.<\/span><\/li>\n<li style=\"font-weight: 400;\" aria-level=\"1\"><b>Ca\u00edda<\/b><span style=\"font-weight: 400;\">Aunque resbalarse y tropezar son los eventos desencadenantes, la ca\u00edda en s\u00ed puede implicar diversos impactos. Una persona puede caer al suelo, golpearse contra un objeto o incluso caer por las escaleras.<\/span><\/li>\n<\/ul>\n\n<div class=\"cta-container row align-items-center\">\n    <div class=\"col-md-7\">\n        <p class=\"cta-text rs-content-cta\">Orgullosos de servir a Duluth y a todo Georgia <span>\u00a1Cont\u00e1ctenos para comenzar su recuperaci\u00f3n!<\/span> <a href=\"https:\/\/slamdunkattorney.com\/es\/\">Explore nuestras \u00e1reas de pr\u00e1ctica<\/a><\/p>\n    <\/div>\n    <div class=\"col-md-5\">\n        <img decoding=\"async\" src=\"https:\/\/slamdunkattorney.com\/wp-content\/themes\/slam-dunk-rebuild\/assets\/app\/img\/map-cta.jpg\" alt=\"Legal Consultation\" class=\"img-fluid\"\/>\n    <\/div>\n<\/div><h2>Los datos sobre resbalones y ca\u00eddas pueden ayudar a establecer la responsabilidad<\/h2>\n<p><span style=\"font-weight: 400;\">Hay una amplia variedad de lo que constituye un accidente por resbal\u00f3n y ca\u00edda, ya que las circunstancias espec\u00edficas de la ca\u00edda pueden influir significativamente en la determinaci\u00f3n de la responsabilidad y el alcance de las lesiones sufridas. Estos accidentes pueden ocurrir en residencias privadas, negocios, espacios p\u00fablicos y propiedades gubernamentales.\u00a0<\/span><\/p>\n<p><span style=\"font-weight: 400;\">Si ha sufrido un accidente por resbal\u00f3n y ca\u00edda, <\/span><b>Debe ponerse en contacto con un abogado especializado en lesiones personales. <\/b><span style=\"font-weight: 400;\">Familiarizados con las complejidades de demostrar qui\u00e9n es responsable en su accidente por resbal\u00f3n y ca\u00edda. Sorprendentemente, las ca\u00eddas son la segunda causa principal de muertes por lesiones no intencionales.\u00a0<\/span><\/p>\n<p><span style=\"font-weight: 400;\">Seg\u00fan el Consejo Nacional de Seguridad, en el \u00faltimo a\u00f1o del que se tienen datos, <\/span><a href=\"https:\/\/www.nsc.org\/workplace\/safety-topics\/slips-trips-and-falls\/slips-trips-and-falls-home#:~:text=It%20may%20come%20as%20a,injuries%20and%20deaths%20by%20occupation.\" target=\"_blank\" rel=\"noopener\"><span style=\"font-weight: 400;\">resbalones, tropiezos y ca\u00eddas<\/span><\/a><span style=\"font-weight: 400;\"> cobr\u00f3 la vida de 46 653 personas en sus hogares y lugares de trabajo. Para quienes forman parte de la poblaci\u00f3n activa, las ca\u00eddas pueden incluso ser la principal causa de muerte, dependiendo del sector espec\u00edfico.<\/span><\/p>\n<h2>La negligencia individual o empresarial es el principal factor que contribuye a los accidentes por resbalones y ca\u00eddas.<\/h2>\n<p><span style=\"font-weight: 400;\">Una parte importante para entender <\/span><b>C\u00f3mo demostrar la responsabilidad en un incidente por resbal\u00f3n y ca\u00edda<\/b><span style=\"font-weight: 400;\"> es determinar con precisi\u00f3n la causa. Los resbalones y las ca\u00eddas suelen deberse a condiciones peligrosas en la propiedad de una persona o en las instalaciones de una empresa. Entre las causas m\u00e1s comunes se incluyen:<\/span><\/p>\n<ul>\n<li style=\"font-weight: 400;\" aria-level=\"1\"><span style=\"font-weight: 400;\">Derrames de l\u00edquidos, alimentos u otras sustancias en pisos o pasillos.<\/span><\/li>\n<li style=\"font-weight: 400;\" aria-level=\"1\"><span style=\"font-weight: 400;\">Superficies irregulares en el pavimento del piso o en los niveles del terreno.<\/span><\/li>\n<li style=\"font-weight: 400;\" aria-level=\"1\"><span style=\"font-weight: 400;\">Pasamanos faltantes o rotos en escaleras o pendientes.<\/span><\/li>\n<li style=\"font-weight: 400;\" aria-level=\"1\"><span style=\"font-weight: 400;\">Suelos mojados o escaleras resbaladizas por derrames, limpieza o condiciones meteorol\u00f3gicas.<\/span><\/li>\n<li style=\"font-weight: 400;\" aria-level=\"1\"><span style=\"font-weight: 400;\">Iluminaci\u00f3n inadecuada que oculta posibles riesgos de tropiezos.<\/span><\/li>\n<li style=\"font-weight: 400;\" aria-level=\"1\"><span style=\"font-weight: 400;\">Cables, equipos, escombros u otros objetos que obstruyan los pasillos.<\/span><\/li>\n<\/ul>\n<p><span style=\"font-weight: 400;\">Cualquiera de estos peligros podr\u00eda ser motivo para presentar una demanda por responsabilidad civil del propietario. Comun\u00edquese con un abogado especializado en resbalones y ca\u00eddas para analizar las circunstancias particulares de su caso. Le informaremos si puede presentar una reclamaci\u00f3n al seguro o una demanda por lesiones personales.<\/span><\/p>\n\n<div class=\"cta-container row align-items-center\">\n    <div class=\"col-md-7\">\n        <p class=\"cta-text rs-content-cta\"><a class=\"no-btn\" href=\"https:\/\/slamdunkattorney.com\/es\/contact-us\/\">Haga clic para contactar<\/a> nuestros abogados especializados en lesiones personales hoy mismo<\/p>\n    <\/div>\n    <div class=\"col-md-5\">\n        <img decoding=\"async\" src=\"https:\/\/slamdunkattorney.com\/wp-content\/themes\/slam-dunk-rebuild\/assets\/app\/img\/map-cta.jpg\" alt=\"Contact Us\" class=\"img-fluid\"\/>\n    <\/div>\n<\/div><h2>Demostrar la responsabilidad en casos de resbalones y ca\u00eddas<\/h2>\n<p><span style=\"font-weight: 400;\">Cuando un incidente por resbal\u00f3n y ca\u00edda provoca lesiones graves, es fundamental determinar qui\u00e9n es legalmente responsable. Por lo general, estos casos se engloban dentro de la responsabilidad civil por las instalaciones, una categor\u00eda legal que responsabiliza a los propietarios o administradores de los inmuebles por cualquier lesi\u00f3n provocada por condiciones peligrosas en sus propiedades.\u00a0<\/span><\/p>\n<p><span style=\"font-weight: 400;\">Si bien esta categor\u00eda de lesiones personales abarca una amplia gama de incidentes, tales como <\/span><a href=\"https:\/\/slamdunkattorney.com\/es\/duluth\/negligent-security-lawyer\/\"><span style=\"font-weight: 400;\">seguridad negligente<\/span><\/a><span style=\"font-weight: 400;\"> que provocan agresiones, los accidentes por resbalones y ca\u00eddas son el tipo de reclamaci\u00f3n m\u00e1s com\u00fan. Para demostrar la responsabilidad en un caso de resbal\u00f3n y ca\u00edda en Georgia, debe demostrar que el propietario del inmueble era consciente del peligro o deber\u00eda haberlo descubierto razonablemente mediante inspecciones peri\u00f3dicas.\u00a0<\/span><\/p>\n<p><span style=\"font-weight: 400;\">Adem\u00e1s, debe demostrar que el propietario no tom\u00f3 las precauciones razonables, como el mantenimiento o la limpieza adecuados, y que este peligro caus\u00f3 directamente sus lesiones y p\u00e9rdidas. A continuaci\u00f3n, debe demostrar todos y cada uno de los gastos m\u00e9dicos y cualquier otra p\u00e9rdida relacionada con su lesi\u00f3n. Un abogado especializado en resbalones y ca\u00eddas puede evaluar los m\u00e9ritos de su caso y proteger sus derechos a recibir una indemnizaci\u00f3n.<\/span><\/p>\n\n<div class=\"cta-container map-bg row align-items-center flex-md-row-reverse\">\n    <div class=\"col-md-6\">\n        <p class=\"cta-text rs-content-cta\">Completa un <a href=\"https:\/\/slamdunkattorney.com\/es\/contact-us\/\">Formulario de evaluaci\u00f3n gratuita de su caso<\/a> ahora<\/p>\n    <\/div>\n    <div class=\"col-md-6 col-bg\">\n    <\/div>\n<\/div><h2>Negligencia comparativa modificada en Georgia<\/h2>\n<p><span style=\"font-weight: 400;\">Al demostrar la responsabilidad en un caso de resbal\u00f3n y ca\u00edda, es posible que descubras que t\u00fa tambi\u00e9n tienes parte de la culpa de tus lesiones. Sin embargo, seg\u00fan <\/span><a href=\"https:\/\/codes.findlaw.com\/ga\/title-51-torts\/ga-code-sect-51-11-7.html\" target=\"_blank\" rel=\"noopener\"><span style=\"font-weight: 400;\">C\u00f3digo de Georgia, T\u00edtulo 51. Delitos civiles \u00a7 51-11-7<\/span><\/a><span style=\"font-weight: 400;\">, el estado aplica la negligencia comparativa modificada, lo que significa que, incluso si la persona lesionada es parcialmente responsable de la ca\u00edda, a\u00fan as\u00ed puede obtener una indemnizaci\u00f3n por da\u00f1os y perjuicios.\u00a0<\/span><\/p>\n<p><span style=\"font-weight: 400;\">Su indemnizaci\u00f3n econ\u00f3mica se reducir\u00e1 en el porcentaje de culpa que determine el tribunal; no podr\u00e1n recuperar ning\u00fan da\u00f1o si se determina que son <\/span><b>50% o m\u00e1s en falta.<\/b><\/p>\n<p><span style=\"font-weight: 400;\">Lidiar con este tipo de negligencia comparativa en los tribunales puede resultar complicado, por lo que puede ser \u00fatil consultar con un abogado con experiencia en Georgia. Este puede ayudarle a construir un caso s\u00f3lido contra el demandado y trabajar para reducir cualquier culpa que se le pueda atribuir a usted. Cuando est\u00e9 listo para empezar, <\/span><a href=\"https:\/\/slamdunkattorney.com\/es\/meet-our-team\/\"><span style=\"font-weight: 400;\">Conoce a nuestro equipo<\/span><\/a><span style=\"font-weight: 400;\"> y cont\u00e1ctenos para programar una consulta gratuita sobre su caso.<\/span><\/p>\n<h2>Slam Dunk Attorney es su defensor de confianza durante estos momentos dif\u00edciles.<\/h2>\n<p><span style=\"font-weight: 400;\">No dejes que las complejidades de una reclamaci\u00f3n de seguro por lesiones personales te abrumen. Si has resultado lesionado en un accidente por resbal\u00f3n y ca\u00edda u otro incidente de responsabilidad civil, los abogados de Slam Dunk Attorney est\u00e1n listos para ayudarte.\u00a0<\/span><\/p>\n<p><b>Cont\u00e1ctenos hoy mismo para una consulta gratuita sobre su caso.<\/b><\/p>\n\n<div class=\"cta-container row align-items-center\">\n    <div class=\"col-md-7\">\n        <p class=\"cta-text rs-content-cta\">Llame o env\u00ede un mensaje de texto <a class=\"no-btn\" href=\"tel:+14049513513\">404-951-3513<\/a> o completar un <a href=\"https:\/\/slamdunkattorney.com\/es\/contact-us\/\">Formulario de evaluaci\u00f3n gratuita de su caso<\/a><\/p>\n    <\/div>\n    <div class=\"col-md-5\">\n        <img decoding=\"async\" src=\"https:\/\/slamdunkattorney.com\/wp-content\/themes\/slam-dunk-rebuild\/assets\/app\/img\/map-cta.jpg\" alt=\"Call or Text\" class=\"img-fluid\"\/>\n    <\/div>\n<\/div>","protected":false},"excerpt":{"rendered":"<p>How is liability proven in a slip and fall accident? To prove liability in a slip and fall accident, you must prove the property owner or manager breached their duty of care and that their negligence caused your injuries and resulting damages.\u00a0 If you were injured in a fall, consulting an experienced Duluth premises liability &#8230;<\/p>","protected":false},"author":2,"featured_media":17320,"parent":5902,"menu_order":0,"comment_status":"closed","ping_status":"closed","template":"","meta":{"_acf_changed":false,"_genesis_hide_title":false,"_genesis_hide_breadcrumbs":false,"_genesis_hide_singular_image":false,"_genesis_hide_footer_widgets":false,"_genesis_custom_body_class":"","_genesis_custom_post_class":"","_genesis_layout":"","ngg_post_thumbnail":0,"footnotes":""},"extra-categories":[],"hc_faqs":[40],"class_list":{"0":"post-17316","1":"page","2":"type-page","3":"status-publish","4":"has-post-thumbnail","6":"hc_faqs-personal-injury","7":"entry"},"acf":[],"yoast_head":"<!-- This site is optimized with the Yoast SEO plugin v27.3 - https:\/\/yoast.com\/product\/yoast-seo-wordpress\/ -->\n<title>How Liability Is Proven in a Slip and Fall Accident<\/title>\n<meta name=\"description\" content=\"Find out how liability is proven in a slip and fall accident with the help of the personal injury lawyers at Slam Dunk Attorney.\" \/>\n<meta name=\"robots\" content=\"index, follow, max-snippet:-1, max-image-preview:large, max-video-preview:-1\" \/>\n<link rel=\"canonical\" href=\"https:\/\/slamdunkattorney.com\/es\/faqs\/how-is-liability-determined-in-a-slip-and-fall-accident\/\" \/>\n<meta property=\"og:locale\" content=\"es_MX\" \/>\n<meta property=\"og:type\" content=\"article\" \/>\n<meta property=\"og:title\" content=\"How Liability Is Proven in a Slip and Fall Accident\" \/>\n<meta property=\"og:description\" content=\"Find out how liability is proven in a slip and fall accident with the help of the personal injury lawyers at Slam Dunk Attorney.\" \/>\n<meta property=\"og:url\" content=\"https:\/\/slamdunkattorney.com\/es\/faqs\/how-is-liability-determined-in-a-slip-and-fall-accident\/\" \/>\n<meta property=\"og:site_name\" content=\"Slam Dunk Attorney | Injury Lawyers\" \/>\n<meta property=\"article:publisher\" content=\"https:\/\/www.facebook.com\/slamdunkattorneyinjurylawyers\/\" \/>\n<meta property=\"og:image\" content=\"https:\/\/slamdunkattorney.com\/wp-content\/uploads\/2025\/03\/how-is-liability-proven-in-a-slip-and-fall-accident.jpg\" \/>\n\t<meta property=\"og:image:width\" content=\"1000\" \/>\n\t<meta property=\"og:image:height\" content=\"667\" \/>\n\t<meta property=\"og:image:type\" content=\"image\/jpeg\" \/>\n<meta name=\"twitter:card\" content=\"summary_large_image\" \/>\n<meta name=\"twitter:site\" content=\"@slamdunkattorney\" \/>\n<meta name=\"twitter:label1\" content=\"Est. reading time\" \/>\n\t<meta name=\"twitter:data1\" content=\"5 minutos\" \/>\n<script type=\"application\/ld+json\" class=\"yoast-schema-graph\">{\"@context\":\"https:\\\/\\\/schema.org\",\"@graph\":[{\"@type\":\"WebPage\",\"@id\":\"https:\\\/\\\/slamdunkattorney.com\\\/faqs\\\/how-is-liability-determined-in-a-slip-and-fall-accident\\\/\",\"url\":\"https:\\\/\\\/slamdunkattorney.com\\\/faqs\\\/how-is-liability-determined-in-a-slip-and-fall-accident\\\/\",\"name\":\"How Liability Is Proven in a Slip and Fall Accident\",\"isPartOf\":{\"@id\":\"https:\\\/\\\/slamdunkattorney.com\\\/#website\"},\"primaryImageOfPage\":{\"@id\":\"https:\\\/\\\/slamdunkattorney.com\\\/faqs\\\/how-is-liability-determined-in-a-slip-and-fall-accident\\\/#primaryimage\"},\"image\":{\"@id\":\"https:\\\/\\\/slamdunkattorney.com\\\/faqs\\\/how-is-liability-determined-in-a-slip-and-fall-accident\\\/#primaryimage\"},\"thumbnailUrl\":\"https:\\\/\\\/slamdunkattorney.com\\\/wp-content\\\/uploads\\\/2025\\\/03\\\/how-is-liability-proven-in-a-slip-and-fall-accident.jpg\",\"datePublished\":\"2025-03-04T23:55:18+00:00\",\"description\":\"Find out how liability is proven in a slip and fall accident with the help of the personal injury lawyers at Slam Dunk Attorney.\",\"breadcrumb\":{\"@id\":\"https:\\\/\\\/slamdunkattorney.com\\\/faqs\\\/how-is-liability-determined-in-a-slip-and-fall-accident\\\/#breadcrumb\"},\"inLanguage\":\"es\",\"potentialAction\":[{\"@type\":\"ReadAction\",\"target\":[\"https:\\\/\\\/slamdunkattorney.com\\\/faqs\\\/how-is-liability-determined-in-a-slip-and-fall-accident\\\/\"]}]},{\"@type\":\"ImageObject\",\"inLanguage\":\"es\",\"@id\":\"https:\\\/\\\/slamdunkattorney.com\\\/faqs\\\/how-is-liability-determined-in-a-slip-and-fall-accident\\\/#primaryimage\",\"url\":\"https:\\\/\\\/slamdunkattorney.com\\\/wp-content\\\/uploads\\\/2025\\\/03\\\/how-is-liability-proven-in-a-slip-and-fall-accident.jpg\",\"contentUrl\":\"https:\\\/\\\/slamdunkattorney.com\\\/wp-content\\\/uploads\\\/2025\\\/03\\\/how-is-liability-proven-in-a-slip-and-fall-accident.jpg\",\"width\":1000,\"height\":667,\"caption\":\"A man grabbing his back after slipping on a wet floor. How is liability proven in a slip and fall accident?\"},{\"@type\":\"BreadcrumbList\",\"@id\":\"https:\\\/\\\/slamdunkattorney.com\\\/faqs\\\/how-is-liability-determined-in-a-slip-and-fall-accident\\\/#breadcrumb\",\"itemListElement\":[{\"@type\":\"ListItem\",\"position\":1,\"name\":\"Home\",\"item\":\"https:\\\/\\\/slamdunkattorney.com\\\/\"},{\"@type\":\"ListItem\",\"position\":2,\"name\":\"FAQs\",\"item\":\"https:\\\/\\\/slamdunkattorney.com\\\/faqs\\\/\"},{\"@type\":\"ListItem\",\"position\":3,\"name\":\"How is Liability Proven in a Slip and Fall Accident?\"}]},{\"@type\":\"WebSite\",\"@id\":\"https:\\\/\\\/slamdunkattorney.com\\\/#website\",\"url\":\"https:\\\/\\\/slamdunkattorney.com\\\/\",\"name\":\"Slam Dunk Attorney | Injury Lawyers\",\"description\":\"Duluth Personal Injury Lawyers\",\"publisher\":{\"@id\":\"https:\\\/\\\/slamdunkattorney.com\\\/#organization\"},\"alternateName\":\"Slam Dunk Attorney\",\"inLanguage\":\"es\"},{\"@type\":\"Organization\",\"@id\":\"https:\\\/\\\/slamdunkattorney.com\\\/#organization\",\"name\":\"Slam Dunk Attorney\",\"alternateName\":\"Slam Dunk\",\"url\":\"https:\\\/\\\/slamdunkattorney.com\\\/\",\"logo\":{\"@type\":\"ImageObject\",\"inLanguage\":\"es\",\"@id\":\"https:\\\/\\\/slamdunkattorney.com\\\/#\\\/schema\\\/logo\\\/image\\\/\",\"url\":\"https:\\\/\\\/slamdunkattorney.com\\\/wp-content\\\/uploads\\\/2023\\\/05\\\/cropped-Logo.png\",\"contentUrl\":\"https:\\\/\\\/slamdunkattorney.com\\\/wp-content\\\/uploads\\\/2023\\\/05\\\/cropped-Logo.png\",\"width\":1080,\"height\":240,\"caption\":\"Slam Dunk Attorney\"},\"image\":{\"@id\":\"https:\\\/\\\/slamdunkattorney.com\\\/#\\\/schema\\\/logo\\\/image\\\/\"},\"sameAs\":[\"https:\\\/\\\/www.facebook.com\\\/slamdunkattorneyinjurylawyers\\\/\",\"https:\\\/\\\/x.com\\\/slamdunkattorney\",\"https:\\\/\\\/www.instagram.com\\\/slamdunkattorney\\\/\",\"https:\\\/\\\/www.youtube.com\\\/channel\\\/UCSrOiC7vOjlCi3UgtIVGNtw\",\"https:\\\/\\\/www.linkedin.com\\\/company\\\/slamdunkattorneyinjurylawyers\"]}]}<\/script>\n<!-- \/ Yoast SEO plugin. -->","yoast_head_json":{"title":"How Liability Is Proven in a Slip and Fall Accident","description":"Find out how liability is proven in a slip and fall accident with the help of the personal injury lawyers at Slam Dunk Attorney.","robots":{"index":"index","follow":"follow","max-snippet":"max-snippet:-1","max-image-preview":"max-image-preview:large","max-video-preview":"max-video-preview:-1"},"canonical":"https:\/\/slamdunkattorney.com\/es\/faqs\/how-is-liability-determined-in-a-slip-and-fall-accident\/","og_locale":"es_MX","og_type":"article","og_title":"How Liability Is Proven in a Slip and Fall Accident","og_description":"Find out how liability is proven in a slip and fall accident with the help of the personal injury lawyers at Slam Dunk Attorney.","og_url":"https:\/\/slamdunkattorney.com\/es\/faqs\/how-is-liability-determined-in-a-slip-and-fall-accident\/","og_site_name":"Slam Dunk Attorney | Injury Lawyers","article_publisher":"https:\/\/www.facebook.com\/slamdunkattorneyinjurylawyers\/","og_image":[{"width":1000,"height":667,"url":"https:\/\/slamdunkattorney.com\/wp-content\/uploads\/2025\/03\/how-is-liability-proven-in-a-slip-and-fall-accident.jpg","type":"image\/jpeg"}],"twitter_card":"summary_large_image","twitter_site":"@slamdunkattorney","twitter_misc":{"Est. reading time":"5 minutos"},"schema":{"@context":"https:\/\/schema.org","@graph":[{"@type":"WebPage","@id":"https:\/\/slamdunkattorney.com\/faqs\/how-is-liability-determined-in-a-slip-and-fall-accident\/","url":"https:\/\/slamdunkattorney.com\/faqs\/how-is-liability-determined-in-a-slip-and-fall-accident\/","name":"How Liability Is Proven in a Slip and Fall Accident","isPartOf":{"@id":"https:\/\/slamdunkattorney.com\/#website"},"primaryImageOfPage":{"@id":"https:\/\/slamdunkattorney.com\/faqs\/how-is-liability-determined-in-a-slip-and-fall-accident\/#primaryimage"},"image":{"@id":"https:\/\/slamdunkattorney.com\/faqs\/how-is-liability-determined-in-a-slip-and-fall-accident\/#primaryimage"},"thumbnailUrl":"https:\/\/slamdunkattorney.com\/wp-content\/uploads\/2025\/03\/how-is-liability-proven-in-a-slip-and-fall-accident.jpg","datePublished":"2025-03-04T23:55:18+00:00","description":"Find out how liability is proven in a slip and fall accident with the help of the personal injury lawyers at Slam Dunk Attorney.","breadcrumb":{"@id":"https:\/\/slamdunkattorney.com\/faqs\/how-is-liability-determined-in-a-slip-and-fall-accident\/#breadcrumb"},"inLanguage":"es","potentialAction":[{"@type":"ReadAction","target":["https:\/\/slamdunkattorney.com\/faqs\/how-is-liability-determined-in-a-slip-and-fall-accident\/"]}]},{"@type":"ImageObject","inLanguage":"es","@id":"https:\/\/slamdunkattorney.com\/faqs\/how-is-liability-determined-in-a-slip-and-fall-accident\/#primaryimage","url":"https:\/\/slamdunkattorney.com\/wp-content\/uploads\/2025\/03\/how-is-liability-proven-in-a-slip-and-fall-accident.jpg","contentUrl":"https:\/\/slamdunkattorney.com\/wp-content\/uploads\/2025\/03\/how-is-liability-proven-in-a-slip-and-fall-accident.jpg","width":1000,"height":667,"caption":"A man grabbing his back after slipping on a wet floor. How is liability proven in a slip and fall accident?"},{"@type":"BreadcrumbList","@id":"https:\/\/slamdunkattorney.com\/faqs\/how-is-liability-determined-in-a-slip-and-fall-accident\/#breadcrumb","itemListElement":[{"@type":"ListItem","position":1,"name":"Home","item":"https:\/\/slamdunkattorney.com\/"},{"@type":"ListItem","position":2,"name":"FAQs","item":"https:\/\/slamdunkattorney.com\/faqs\/"},{"@type":"ListItem","position":3,"name":"How is Liability Proven in a Slip and Fall Accident?"}]},{"@type":"WebSite","@id":"https:\/\/slamdunkattorney.com\/#website","url":"https:\/\/slamdunkattorney.com\/","name":"Abogado experto en lesiones | Abogados especializados en lesiones","description":"Abogados de lesiones personales en Duluth","publisher":{"@id":"https:\/\/slamdunkattorney.com\/#organization"},"alternateName":"Slam Dunk Attorney","inLanguage":"es"},{"@type":"Organization","@id":"https:\/\/slamdunkattorney.com\/#organization","name":"Abogado Slam Dunk","alternateName":"Slam Dunk","url":"https:\/\/slamdunkattorney.com\/","logo":{"@type":"ImageObject","inLanguage":"es","@id":"https:\/\/slamdunkattorney.com\/#\/schema\/logo\/image\/","url":"https:\/\/slamdunkattorney.com\/wp-content\/uploads\/2023\/05\/cropped-Logo.png","contentUrl":"https:\/\/slamdunkattorney.com\/wp-content\/uploads\/2023\/05\/cropped-Logo.png","width":1080,"height":240,"caption":"Slam Dunk Attorney"},"image":{"@id":"https:\/\/slamdunkattorney.com\/#\/schema\/logo\/image\/"},"sameAs":["https:\/\/www.facebook.com\/slamdunkattorneyinjurylawyers\/","https:\/\/x.com\/slamdunkattorney","https:\/\/www.instagram.com\/slamdunkattorney\/","https:\/\/www.youtube.com\/channel\/UCSrOiC7vOjlCi3UgtIVGNtw","https:\/\/www.linkedin.com\/company\/slamdunkattorneyinjurylawyers"]}]}},"yoast_meta":{"yoast_wpseo_title":"","yoast_wpseo_metadesc":"","yoast_wpseo_canonical":"https:\/\/slamdunkattorney.com\/es\/wp-json\/wp\/v2\/pages\/17316"},"_links":{"self":[{"href":"https:\/\/slamdunkattorney.com\/es\/wp-json\/wp\/v2\/pages\/17316","targetHints":{"allow":["GET"]}}],"collection":[{"href":"https:\/\/slamdunkattorney.com\/es\/wp-json\/wp\/v2\/pages"}],"about":[{"href":"https:\/\/slamdunkattorney.com\/es\/wp-json\/wp\/v2\/types\/page"}],"author":[{"embeddable":true,"href":"https:\/\/slamdunkattorney.com\/es\/wp-json\/wp\/v2\/users\/2"}],"replies":[{"embeddable":true,"href":"https:\/\/slamdunkattorney.com\/es\/wp-json\/wp\/v2\/comments?post=17316"}],"version-history":[{"count":0,"href":"https:\/\/slamdunkattorney.com\/es\/wp-json\/wp\/v2\/pages\/17316\/revisions"}],"up":[{"embeddable":true,"href":"https:\/\/slamdunkattorney.com\/es\/wp-json\/wp\/v2\/pages\/5902"}],"wp:featuredmedia":[{"embeddable":true,"href":"https:\/\/slamdunkattorney.com\/es\/wp-json\/wp\/v2\/media\/17320"}],"wp:attachment":[{"href":"https:\/\/slamdunkattorney.com\/es\/wp-json\/wp\/v2\/media?parent=17316"}],"wp:term":[{"taxonomy":"extra-categories","embeddable":true,"href":"https:\/\/slamdunkattorney.com\/es\/wp-json\/wp\/v2\/extra-categories?post=17316"},{"taxonomy":"hc_faqs","embeddable":true,"href":"https:\/\/slamdunkattorney.com\/es\/wp-json\/wp\/v2\/hc_faqs?post=17316"}],"curies":[{"name":"wp","href":"https:\/\/api.w.org\/{rel}","templated":true}]}}