{"id":17313,"date":"2025-03-04T13:37:38","date_gmt":"2025-03-04T13:37:38","guid":{"rendered":"https:\/\/slamdunk.wpenginepowered.com\/?page_id=17313"},"modified":"2025-05-16T22:56:28","modified_gmt":"2025-05-16T22:56:28","slug":"what-is-the-statute-of-limitations-for-slip-and-fall-cases-in-georgia","status":"publish","type":"page","link":"https:\/\/slamdunkattorney.com\/es\/faqs\/what-is-the-statute-of-limitations-for-slip-and-fall-cases-in-georgia\/","title":{"rendered":"\u00bfCu\u00e1l es el plazo de prescripci\u00f3n para los casos de resbalones y ca\u00eddas en Georgia?"},"content":{"rendered":"<p><span style=\"font-weight: 400;\">\u00bfCu\u00e1l es el plazo de prescripci\u00f3n para los casos de resbalones y ca\u00eddas en Georgia? El plazo de prescripci\u00f3n para un caso de resbal\u00f3n y ca\u00edda es <\/span><b>dos a\u00f1os a partir de la fecha del accidente,<\/b><span style=\"font-weight: 400;\"> dando tiempo a la v\u00edctima para presentar una demanda ante un tribunal civil.\u00a0<\/span><\/p>\n<p><span style=\"font-weight: 400;\">Con la ayuda de un <\/span><a href=\"https:\/\/slamdunkattorney.com\/es\/duluth\/slip-and-fall-lawyer\/\"><span style=\"font-weight: 400;\">Abogado especializado en resbalones y ca\u00eddas en Duluth<\/span><\/a><span style=\"font-weight: 400;\">, podemos guiarle a trav\u00e9s de los retos legales de su reclamaci\u00f3n.<\/span><\/p>\n<h2><span style=\"font-weight: 400;\">Plazos para presentar una demanda por resbal\u00f3n y ca\u00edda<\/span><\/h2>\n<p><span style=\"font-weight: 400;\">El plazo para presentar una <\/span><b>demanda por resbal\u00f3n y ca\u00edda<\/b><span style=\"font-weight: 400;\"> determina cu\u00e1ndo tiene usted el derecho legal de llevar a la parte culpable ante los tribunales por las p\u00e9rdidas que le ha causado.\u00a0<\/span><\/p>\n<p><span style=\"font-weight: 400;\">En muchos casos, se debe solicitar la indemnizaci\u00f3n antes de ese plazo, a menudo inicialmente a trav\u00e9s de una reclamaci\u00f3n al seguro, y luego emprender acciones legales ante un tribunal si no es posible llegar a un acuerdo. Este plazo de dos a\u00f1os es importante por varias razones:<\/span><\/p>\n<ul>\n<li style=\"font-weight: 400;\" aria-level=\"1\"><span style=\"font-weight: 400;\">Seg\u00fan la ley, el tribunal no admitir\u00e1 a tr\u00e1mite ning\u00fan caso de resbal\u00f3n y ca\u00edda que haya ocurrido m\u00e1s de dos a\u00f1os despu\u00e9s de la fecha del accidente. Si espera demasiado tiempo, no podr\u00e1 presentar una reclamaci\u00f3n por ninguna de las p\u00e9rdidas que haya sufrido.<\/span><\/li>\n<li style=\"font-weight: 400;\" aria-level=\"1\"><span style=\"font-weight: 400;\">Cuanto m\u00e1s espere, m\u00e1s dif\u00edcil ser\u00e1 encontrar testigos y conservar las pruebas de su caso. Si espera demasiado tiempo, puede resultar dif\u00edcil demostrar cu\u00e1les son sus lesiones y p\u00e9rdidas.<\/span><\/li>\n<li style=\"font-weight: 400;\" aria-level=\"1\"><span style=\"font-weight: 400;\">Es posible que ahora, tras haber pasado un tiempo, conozcas mejor tus lesiones, pero tambi\u00e9n es posible que te hayas recuperado, lo que podr\u00eda influir en el valor de tu caso si no tienes secuelas a largo plazo.<\/span><\/li>\n<\/ul>\n<p><span style=\"font-weight: 400;\">Las personas que sean v\u00edctimas de un accidente por resbal\u00f3n y ca\u00edda pueden ponerse en contacto con un <\/span><a href=\"https:\/\/slamdunkattorney.com\/es\/\"><span style=\"font-weight: 400;\">Abogado especializado en lesiones personales en Duluth<\/span><\/a><span style=\"font-weight: 400;\"> lo antes posible para tramitar su reclamaci\u00f3n. La clave aqu\u00ed es saber que su abogado puede negociar con la compa\u00f1\u00eda de seguros de la parte culpable, lo que puede significar llegar a un acuerdo extrajudicial por la cantidad m\u00e1xima posible. No espere a presentar una demanda como primer paso.<\/span><\/p>\n\n<div class=\"cta-container row align-items-center\">\n    <div class=\"col-md-7\">\n        <p class=\"cta-text rs-content-cta\">Orgullosos de servir a Duluth y a todo Georgia <span>\u00a1Cont\u00e1ctenos para comenzar su recuperaci\u00f3n!<\/span> <a href=\"https:\/\/slamdunkattorney.com\/es\/\">Explore nuestras \u00e1reas de pr\u00e1ctica<\/a><\/p>\n    <\/div>\n    <div class=\"col-md-5\">\n        <img decoding=\"async\" src=\"https:\/\/slamdunkattorney.com\/wp-content\/themes\/slam-dunk-rebuild\/assets\/app\/img\/map-cta.jpg\" alt=\"Legal Consultation\" class=\"img-fluid\"\/>\n    <\/div>\n<\/div><h2><span style=\"font-weight: 400;\">Excepciones al plazo de prescripci\u00f3n<\/span><\/h2>\n<p><span style=\"font-weight: 400;\">Hay algunas excepciones que el tribunal puede hacer en el plazo de prescripci\u00f3n (<\/span><span style=\"font-weight: 400;\">C\u00f3digo de Georgia \u00a7 9-3-33<\/span><span style=\"font-weight: 400;\">) en un <\/span><b>l<\/b><span style=\"font-weight: 400;\">Demanda por un accidente por resbal\u00f3n y ca\u00edda. Hay situaciones en las que <\/span><b>el plazo de dos a\u00f1os puede prorrogarse <\/b><span style=\"font-weight: 400;\">o suspendido. Esto podr\u00eda dar a la v\u00edctima m\u00e1s tiempo para tomar medidas, pero los motivos admisibles son muy limitados:<\/span><\/p>\n<ul>\n<li style=\"font-weight: 400;\" aria-level=\"1\"><b>La v\u00edctima era menor de 18 a\u00f1os en el momento del accidente.<\/b>.<span style=\"font-weight: 400;\"> En esta situaci\u00f3n, si los padres u otros tutores no presentaron una reclamaci\u00f3n en el momento de la lesi\u00f3n, el ahora adulto puede hacerlo en los dos a\u00f1os siguientes a cumplir los 18 a\u00f1os. Esa ampliaci\u00f3n del plazo les da tiempo, como adultos, para reclamar una indemnizaci\u00f3n.<\/span><\/li>\n<li style=\"font-weight: 400;\" aria-level=\"1\"><b>No se pudo encontrar la fiesta.<\/b>. <span style=\"font-weight: 400;\">En algunas situaciones, es posible que presente una demanda por un caso de resbal\u00f3n y ca\u00edda, pero no pueda encontrar al propietario del inmueble para notificarle. En situaciones limitadas, es posible solicitar al tribunal que le conceda tiempo para encontrar a la persona que huy\u00f3 debido a sus p\u00e9rdidas.<\/span><\/li>\n<li style=\"font-weight: 400;\" aria-level=\"1\"><b>La incapacidad mental podr\u00eda ser un factor determinante.<\/b>.<span style=\"font-weight: 400;\"> Para algunas personas, un accidente por resbal\u00f3n y ca\u00edda podr\u00eda provocar un periodo prolongado de coma o la incapacidad para tomar decisiones por s\u00ed mismas. Es posible que su familia tenga que tomar medidas en situaciones permanentes, pero si se recupera, puede solicitar al tribunal una pr\u00f3rroga.<\/span><\/li>\n<\/ul>\n<p><span style=\"font-weight: 400;\">Si cree que se est\u00e1 acercando el plazo de prescripci\u00f3n para un caso de resbal\u00f3n y ca\u00edda, no espere m\u00e1s para buscar la ayuda de un abogado especializado en accidentes por resbalones y ca\u00eddas. Su abogado trabajar\u00e1 con usted para comprender mejor las p\u00e9rdidas que ha sufrido y reunir pruebas, de modo que haya menos riesgo de que se produzca un retraso en la adopci\u00f3n de medidas. Evitar los retrasos puede ser fundamental, ya que no siempre se conceden excepciones.<\/span><\/p>\n<h2><span style=\"font-weight: 400;\">C\u00f3mo puede ayudarle su abogado a evitar ir a juicio<\/span><\/h2>\n<p><span style=\"font-weight: 400;\">Hay muchas ocasiones en las que presentar una demanda contra la parte culpable se vuelve fundamental porque la compa\u00f1\u00eda de seguros o esa persona no est\u00e1n siendo justos y equitativos con usted en los acuerdos. Con la orientaci\u00f3n de un abogado, es posible que pueda evitar los costos de una demanda y el tiempo prolongado que lleva tramitarla. Algunas de las formas en que su abogado le ayudar\u00e1 a evitar tener que presentar una demanda pueden incluir:<\/span><\/p>\n<ul>\n<li style=\"font-weight: 400;\" aria-level=\"1\"><b>Recopilar pruebas para construir un caso s\u00f3lido sobre la culpa.<\/b>. <span style=\"font-weight: 400;\">En algunas situaciones, una persona puede negar que haya sido culpable de su accidente y de las lesiones resultantes. Cuando esto ocurre, puede ser imposible llegar a un acuerdo con ella. Su abogado reunir\u00e1 pruebas para respaldar su reclamaci\u00f3n y, en muchos casos, la obligar\u00e1 a reconocer su responsabilidad en las p\u00e9rdidas que usted ha sufrido como consecuencia del accidente.<\/span><\/li>\n<li style=\"font-weight: 400;\" aria-level=\"1\"><b>Elaboraci\u00f3n de afirmaciones basadas en pruebas<\/b>. <span style=\"font-weight: 400;\">Su abogado no solo puede ayudarle con las pruebas que demuestran la culpa, sino tambi\u00e9n con el valor de sus p\u00e9rdidas. Esto ayuda a demostrar cu\u00e1nto debe pagarle la compa\u00f1\u00eda de seguros por las p\u00e9rdidas que ha sufrido.<\/span><\/li>\n<li style=\"font-weight: 400;\" aria-level=\"1\"><b>Puede ser necesario presentar una demanda.<\/b>. <span style=\"font-weight: 400;\">Hay ocasiones en las que es necesario presentar una demanda, pero hacerlo puede animar a la compa\u00f1\u00eda de seguros a revisar m\u00e1s detenidamente su acuerdo para evitar ir a juicio.<\/span><\/li>\n<\/ul>\n<p><span style=\"font-weight: 400;\">En cada situaci\u00f3n, es fundamental que usted, la v\u00edctima, tome medidas para preparar su caso, y eso a menudo significa trabajar con un abogado experto que luchar\u00e1 por obtener una indemnizaci\u00f3n completa y justa. En situaciones en las que crea que se acerca el plazo de prescripci\u00f3n de los accidentes por resbalones y ca\u00eddas en Georgia, no espere para obtener ayuda legal. Con un abogado, obtendr\u00e1 los conocimientos y los recursos necesarios para preparar un caso s\u00f3lido, incluyendo un s\u00f3lido <\/span><a href=\"https:\/\/slamdunkattorney.com\/es\/faqs\/\"><span style=\"font-weight: 400;\">Preguntas frecuentes<\/span><\/a><span style=\"font-weight: 400;\"> secci\u00f3n.<\/span><\/p>\n\n<div class=\"cta-container row align-items-center\">\n    <div class=\"col-md-7\">\n        <p class=\"cta-text rs-content-cta\"><a class=\"no-btn\" href=\"https:\/\/slamdunkattorney.com\/es\/contact-us\/\">Haga clic para contactar<\/a> nuestros abogados especializados en lesiones personales hoy mismo<\/p>\n    <\/div>\n    <div class=\"col-md-5\">\n        <img decoding=\"async\" src=\"https:\/\/slamdunkattorney.com\/wp-content\/themes\/slam-dunk-rebuild\/assets\/app\/img\/map-cta.jpg\" alt=\"Contact Us\" class=\"img-fluid\"\/>\n    <\/div>\n<\/div><h2><span style=\"font-weight: 400;\">Busque la ayuda de un abogado especializado en accidentes por resbalones y ca\u00eddas.<\/span><\/h2>\n<p><span style=\"font-weight: 400;\">El plazo de prescripci\u00f3n en un accidente por resbal\u00f3n y ca\u00edda puede ser de vital importancia para las v\u00edctimas. Si ha sufrido lesiones y sabe que otra persona es responsable del accidente, solicite asesoramiento sobre lesiones personales en Slam Dunk Attorney antes de que venza el plazo de prescripci\u00f3n de Georgia para los casos de resbalones y ca\u00eddas.\u00a0<\/span><\/p>\n<p><span style=\"font-weight: 400;\">Cuanto antes act\u00faes, m\u00e1s protecci\u00f3n tendr\u00e1s para evitar estos retrasos.<\/span><\/p>\n\n<div class=\"cta-container row align-items-center\">\n    <div class=\"col-md-7\">\n        <p class=\"cta-text rs-content-cta\">Llame o env\u00ede un mensaje de texto <a class=\"no-btn\" href=\"tel:+14049513513\">404-951-3513<\/a> o completar un <a href=\"https:\/\/slamdunkattorney.com\/es\/contact-us\/\">Formulario de evaluaci\u00f3n gratuita de su caso<\/a><\/p>\n    <\/div>\n    <div class=\"col-md-5\">\n        <img decoding=\"async\" src=\"https:\/\/slamdunkattorney.com\/wp-content\/themes\/slam-dunk-rebuild\/assets\/app\/img\/map-cta.jpg\" alt=\"Call or Text\" class=\"img-fluid\"\/>\n    <\/div>\n<\/div>","protected":false},"excerpt":{"rendered":"<p>What is the statute of limitations for slip and fall cases in Georgia? The statute of limitations for a slip and fall case is two years from the date of the accident, giving the victim time to file a lawsuit in civil court.\u00a0 With the assistance of a Duluth slip and fall lawyer, we can &#8230;<\/p>","protected":false},"author":2,"featured_media":17317,"parent":5902,"menu_order":0,"comment_status":"closed","ping_status":"closed","template":"","meta":{"_acf_changed":false,"_genesis_hide_title":false,"_genesis_hide_breadcrumbs":false,"_genesis_hide_singular_image":false,"_genesis_hide_footer_widgets":false,"_genesis_custom_body_class":"","_genesis_custom_post_class":"","_genesis_layout":"","ngg_post_thumbnail":0,"footnotes":""},"extra-categories":[],"hc_faqs":[40],"class_list":{"0":"post-17313","1":"page","2":"type-page","3":"status-publish","4":"has-post-thumbnail","6":"hc_faqs-personal-injury","7":"entry"},"acf":[],"yoast_head":"<!-- This site is optimized with the Yoast SEO plugin v27.4 - https:\/\/yoast.com\/product\/yoast-seo-wordpress\/ -->\n<title>Statute of Limitations for Slip and Fall Cases in Georgia<\/title>\n<meta name=\"description\" content=\"Find out what the statute of limitations is for slip and fall cases in Georgia from the personal injury lawyers at Slam Dunk Attorney.\" \/>\n<meta name=\"robots\" content=\"index, follow, max-snippet:-1, max-image-preview:large, max-video-preview:-1\" \/>\n<link rel=\"canonical\" href=\"https:\/\/slamdunkattorney.com\/es\/faqs\/what-is-the-statute-of-limitations-for-slip-and-fall-cases-in-georgia\/\" \/>\n<meta property=\"og:locale\" content=\"es_MX\" \/>\n<meta property=\"og:type\" content=\"article\" \/>\n<meta property=\"og:title\" content=\"Statute of Limitations for Slip and Fall Cases in Georgia\" \/>\n<meta property=\"og:description\" content=\"Find out what the statute of limitations is for slip and fall cases in Georgia from the personal injury lawyers at Slam Dunk Attorney.\" \/>\n<meta property=\"og:url\" content=\"https:\/\/slamdunkattorney.com\/es\/faqs\/what-is-the-statute-of-limitations-for-slip-and-fall-cases-in-georgia\/\" \/>\n<meta property=\"og:site_name\" content=\"Slam Dunk Attorney | Injury Lawyers\" \/>\n<meta property=\"article:publisher\" content=\"https:\/\/www.facebook.com\/slamdunkattorneyinjurylawyers\/\" \/>\n<meta property=\"article:modified_time\" content=\"2025-05-16T22:56:28+00:00\" \/>\n<meta property=\"og:image\" content=\"https:\/\/slamdunkattorney.com\/wp-content\/uploads\/2025\/03\/what-is-the-statute-of-limitations-for-slip-and-fall-cases-in-georgia.jpg\" \/>\n\t<meta property=\"og:image:width\" content=\"1000\" \/>\n\t<meta property=\"og:image:height\" content=\"667\" \/>\n\t<meta property=\"og:image:type\" content=\"image\/jpeg\" \/>\n<meta name=\"twitter:card\" content=\"summary_large_image\" \/>\n<meta name=\"twitter:site\" content=\"@slamdunkattorney\" \/>\n<meta name=\"twitter:label1\" content=\"Est. reading time\" \/>\n\t<meta name=\"twitter:data1\" content=\"5 minutos\" \/>\n<script type=\"application\/ld+json\" class=\"yoast-schema-graph\">{\"@context\":\"https:\\\/\\\/schema.org\",\"@graph\":[{\"@type\":\"WebPage\",\"@id\":\"https:\\\/\\\/slamdunkattorney.com\\\/faqs\\\/what-is-the-statute-of-limitations-for-slip-and-fall-cases-in-georgia\\\/\",\"url\":\"https:\\\/\\\/slamdunkattorney.com\\\/faqs\\\/what-is-the-statute-of-limitations-for-slip-and-fall-cases-in-georgia\\\/\",\"name\":\"Statute of Limitations for Slip and Fall Cases in Georgia\",\"isPartOf\":{\"@id\":\"https:\\\/\\\/slamdunkattorney.com\\\/#website\"},\"primaryImageOfPage\":{\"@id\":\"https:\\\/\\\/slamdunkattorney.com\\\/faqs\\\/what-is-the-statute-of-limitations-for-slip-and-fall-cases-in-georgia\\\/#primaryimage\"},\"image\":{\"@id\":\"https:\\\/\\\/slamdunkattorney.com\\\/faqs\\\/what-is-the-statute-of-limitations-for-slip-and-fall-cases-in-georgia\\\/#primaryimage\"},\"thumbnailUrl\":\"https:\\\/\\\/slamdunkattorney.com\\\/wp-content\\\/uploads\\\/2025\\\/03\\\/what-is-the-statute-of-limitations-for-slip-and-fall-cases-in-georgia.jpg\",\"datePublished\":\"2025-03-04T13:37:38+00:00\",\"dateModified\":\"2025-05-16T22:56:28+00:00\",\"description\":\"Find out what the statute of limitations is for slip and fall cases in Georgia from the personal injury lawyers at Slam Dunk Attorney.\",\"breadcrumb\":{\"@id\":\"https:\\\/\\\/slamdunkattorney.com\\\/faqs\\\/what-is-the-statute-of-limitations-for-slip-and-fall-cases-in-georgia\\\/#breadcrumb\"},\"inLanguage\":\"es\",\"potentialAction\":[{\"@type\":\"ReadAction\",\"target\":[\"https:\\\/\\\/slamdunkattorney.com\\\/faqs\\\/what-is-the-statute-of-limitations-for-slip-and-fall-cases-in-georgia\\\/\"]}]},{\"@type\":\"ImageObject\",\"inLanguage\":\"es\",\"@id\":\"https:\\\/\\\/slamdunkattorney.com\\\/faqs\\\/what-is-the-statute-of-limitations-for-slip-and-fall-cases-in-georgia\\\/#primaryimage\",\"url\":\"https:\\\/\\\/slamdunkattorney.com\\\/wp-content\\\/uploads\\\/2025\\\/03\\\/what-is-the-statute-of-limitations-for-slip-and-fall-cases-in-georgia.jpg\",\"contentUrl\":\"https:\\\/\\\/slamdunkattorney.com\\\/wp-content\\\/uploads\\\/2025\\\/03\\\/what-is-the-statute-of-limitations-for-slip-and-fall-cases-in-georgia.jpg\",\"width\":1000,\"height\":667,\"caption\":\"A man holding his knee after slipping and falling on a wet floor. What is the statute of limitations for slip and fall cases in Georgia?\"},{\"@type\":\"BreadcrumbList\",\"@id\":\"https:\\\/\\\/slamdunkattorney.com\\\/faqs\\\/what-is-the-statute-of-limitations-for-slip-and-fall-cases-in-georgia\\\/#breadcrumb\",\"itemListElement\":[{\"@type\":\"ListItem\",\"position\":1,\"name\":\"Home\",\"item\":\"https:\\\/\\\/slamdunkattorney.com\\\/\"},{\"@type\":\"ListItem\",\"position\":2,\"name\":\"FAQs\",\"item\":\"https:\\\/\\\/slamdunkattorney.com\\\/faqs\\\/\"},{\"@type\":\"ListItem\",\"position\":3,\"name\":\"What Is the Statute of Limitations for Slip and Fall Cases in Georgia?\"}]},{\"@type\":\"WebSite\",\"@id\":\"https:\\\/\\\/slamdunkattorney.com\\\/#website\",\"url\":\"https:\\\/\\\/slamdunkattorney.com\\\/\",\"name\":\"Slam Dunk Attorney | Injury Lawyers\",\"description\":\"Duluth Personal Injury Lawyers\",\"publisher\":{\"@id\":\"https:\\\/\\\/slamdunkattorney.com\\\/#organization\"},\"alternateName\":\"Slam Dunk Attorney\",\"inLanguage\":\"es\"},{\"@type\":\"Organization\",\"@id\":\"https:\\\/\\\/slamdunkattorney.com\\\/#organization\",\"name\":\"Slam Dunk Attorney\",\"alternateName\":\"Slam Dunk\",\"url\":\"https:\\\/\\\/slamdunkattorney.com\\\/\",\"logo\":{\"@type\":\"ImageObject\",\"inLanguage\":\"es\",\"@id\":\"https:\\\/\\\/slamdunkattorney.com\\\/#\\\/schema\\\/logo\\\/image\\\/\",\"url\":\"https:\\\/\\\/slamdunkattorney.com\\\/wp-content\\\/uploads\\\/2023\\\/05\\\/cropped-Logo.png\",\"contentUrl\":\"https:\\\/\\\/slamdunkattorney.com\\\/wp-content\\\/uploads\\\/2023\\\/05\\\/cropped-Logo.png\",\"width\":1080,\"height\":240,\"caption\":\"Slam Dunk Attorney\"},\"image\":{\"@id\":\"https:\\\/\\\/slamdunkattorney.com\\\/#\\\/schema\\\/logo\\\/image\\\/\"},\"sameAs\":[\"https:\\\/\\\/www.facebook.com\\\/slamdunkattorneyinjurylawyers\\\/\",\"https:\\\/\\\/x.com\\\/slamdunkattorney\",\"https:\\\/\\\/www.instagram.com\\\/slamdunkattorney\\\/\",\"https:\\\/\\\/www.youtube.com\\\/channel\\\/UCSrOiC7vOjlCi3UgtIVGNtw\",\"https:\\\/\\\/www.linkedin.com\\\/company\\\/slamdunkattorneyinjurylawyers\"]}]}<\/script>\n<!-- \/ Yoast SEO plugin. -->","yoast_head_json":{"title":"Statute of Limitations for Slip and Fall Cases in Georgia","description":"Find out what the statute of limitations is for slip and fall cases in Georgia from the personal injury lawyers at Slam Dunk Attorney.","robots":{"index":"index","follow":"follow","max-snippet":"max-snippet:-1","max-image-preview":"max-image-preview:large","max-video-preview":"max-video-preview:-1"},"canonical":"https:\/\/slamdunkattorney.com\/es\/faqs\/what-is-the-statute-of-limitations-for-slip-and-fall-cases-in-georgia\/","og_locale":"es_MX","og_type":"article","og_title":"Statute of Limitations for Slip and Fall Cases in Georgia","og_description":"Find out what the statute of limitations is for slip and fall cases in Georgia from the personal injury lawyers at Slam Dunk Attorney.","og_url":"https:\/\/slamdunkattorney.com\/es\/faqs\/what-is-the-statute-of-limitations-for-slip-and-fall-cases-in-georgia\/","og_site_name":"Slam Dunk Attorney | Injury Lawyers","article_publisher":"https:\/\/www.facebook.com\/slamdunkattorneyinjurylawyers\/","article_modified_time":"2025-05-16T22:56:28+00:00","og_image":[{"width":1000,"height":667,"url":"https:\/\/slamdunkattorney.com\/wp-content\/uploads\/2025\/03\/what-is-the-statute-of-limitations-for-slip-and-fall-cases-in-georgia.jpg","type":"image\/jpeg"}],"twitter_card":"summary_large_image","twitter_site":"@slamdunkattorney","twitter_misc":{"Est. reading time":"5 minutos"},"schema":{"@context":"https:\/\/schema.org","@graph":[{"@type":"WebPage","@id":"https:\/\/slamdunkattorney.com\/faqs\/what-is-the-statute-of-limitations-for-slip-and-fall-cases-in-georgia\/","url":"https:\/\/slamdunkattorney.com\/faqs\/what-is-the-statute-of-limitations-for-slip-and-fall-cases-in-georgia\/","name":"Statute of Limitations for Slip and Fall Cases in Georgia","isPartOf":{"@id":"https:\/\/slamdunkattorney.com\/#website"},"primaryImageOfPage":{"@id":"https:\/\/slamdunkattorney.com\/faqs\/what-is-the-statute-of-limitations-for-slip-and-fall-cases-in-georgia\/#primaryimage"},"image":{"@id":"https:\/\/slamdunkattorney.com\/faqs\/what-is-the-statute-of-limitations-for-slip-and-fall-cases-in-georgia\/#primaryimage"},"thumbnailUrl":"https:\/\/slamdunkattorney.com\/wp-content\/uploads\/2025\/03\/what-is-the-statute-of-limitations-for-slip-and-fall-cases-in-georgia.jpg","datePublished":"2025-03-04T13:37:38+00:00","dateModified":"2025-05-16T22:56:28+00:00","description":"Find out what the statute of limitations is for slip and fall cases in Georgia from the personal injury lawyers at Slam Dunk Attorney.","breadcrumb":{"@id":"https:\/\/slamdunkattorney.com\/faqs\/what-is-the-statute-of-limitations-for-slip-and-fall-cases-in-georgia\/#breadcrumb"},"inLanguage":"es","potentialAction":[{"@type":"ReadAction","target":["https:\/\/slamdunkattorney.com\/faqs\/what-is-the-statute-of-limitations-for-slip-and-fall-cases-in-georgia\/"]}]},{"@type":"ImageObject","inLanguage":"es","@id":"https:\/\/slamdunkattorney.com\/faqs\/what-is-the-statute-of-limitations-for-slip-and-fall-cases-in-georgia\/#primaryimage","url":"https:\/\/slamdunkattorney.com\/wp-content\/uploads\/2025\/03\/what-is-the-statute-of-limitations-for-slip-and-fall-cases-in-georgia.jpg","contentUrl":"https:\/\/slamdunkattorney.com\/wp-content\/uploads\/2025\/03\/what-is-the-statute-of-limitations-for-slip-and-fall-cases-in-georgia.jpg","width":1000,"height":667,"caption":"A man holding his knee after slipping and falling on a wet floor. What is the statute of limitations for slip and fall cases in Georgia?"},{"@type":"BreadcrumbList","@id":"https:\/\/slamdunkattorney.com\/faqs\/what-is-the-statute-of-limitations-for-slip-and-fall-cases-in-georgia\/#breadcrumb","itemListElement":[{"@type":"ListItem","position":1,"name":"Home","item":"https:\/\/slamdunkattorney.com\/"},{"@type":"ListItem","position":2,"name":"FAQs","item":"https:\/\/slamdunkattorney.com\/faqs\/"},{"@type":"ListItem","position":3,"name":"What Is the Statute of Limitations for Slip and Fall Cases in Georgia?"}]},{"@type":"WebSite","@id":"https:\/\/slamdunkattorney.com\/#website","url":"https:\/\/slamdunkattorney.com\/","name":"Abogado experto en lesiones | Abogados especializados en lesiones","description":"Abogados de lesiones personales en Duluth","publisher":{"@id":"https:\/\/slamdunkattorney.com\/#organization"},"alternateName":"Slam Dunk Attorney","inLanguage":"es"},{"@type":"Organization","@id":"https:\/\/slamdunkattorney.com\/#organization","name":"Abogado Slam Dunk","alternateName":"Slam Dunk","url":"https:\/\/slamdunkattorney.com\/","logo":{"@type":"ImageObject","inLanguage":"es","@id":"https:\/\/slamdunkattorney.com\/#\/schema\/logo\/image\/","url":"https:\/\/slamdunkattorney.com\/wp-content\/uploads\/2023\/05\/cropped-Logo.png","contentUrl":"https:\/\/slamdunkattorney.com\/wp-content\/uploads\/2023\/05\/cropped-Logo.png","width":1080,"height":240,"caption":"Slam Dunk Attorney"},"image":{"@id":"https:\/\/slamdunkattorney.com\/#\/schema\/logo\/image\/"},"sameAs":["https:\/\/www.facebook.com\/slamdunkattorneyinjurylawyers\/","https:\/\/x.com\/slamdunkattorney","https:\/\/www.instagram.com\/slamdunkattorney\/","https:\/\/www.youtube.com\/channel\/UCSrOiC7vOjlCi3UgtIVGNtw","https:\/\/www.linkedin.com\/company\/slamdunkattorneyinjurylawyers"]}]}},"yoast_meta":{"yoast_wpseo_title":"","yoast_wpseo_metadesc":"","yoast_wpseo_canonical":"https:\/\/slamdunkattorney.com\/es\/wp-json\/wp\/v2\/pages\/17313"},"_links":{"self":[{"href":"https:\/\/slamdunkattorney.com\/es\/wp-json\/wp\/v2\/pages\/17313","targetHints":{"allow":["GET"]}}],"collection":[{"href":"https:\/\/slamdunkattorney.com\/es\/wp-json\/wp\/v2\/pages"}],"about":[{"href":"https:\/\/slamdunkattorney.com\/es\/wp-json\/wp\/v2\/types\/page"}],"author":[{"embeddable":true,"href":"https:\/\/slamdunkattorney.com\/es\/wp-json\/wp\/v2\/users\/2"}],"replies":[{"embeddable":true,"href":"https:\/\/slamdunkattorney.com\/es\/wp-json\/wp\/v2\/comments?post=17313"}],"version-history":[{"count":0,"href":"https:\/\/slamdunkattorney.com\/es\/wp-json\/wp\/v2\/pages\/17313\/revisions"}],"up":[{"embeddable":true,"href":"https:\/\/slamdunkattorney.com\/es\/wp-json\/wp\/v2\/pages\/5902"}],"wp:featuredmedia":[{"embeddable":true,"href":"https:\/\/slamdunkattorney.com\/es\/wp-json\/wp\/v2\/media\/17317"}],"wp:attachment":[{"href":"https:\/\/slamdunkattorney.com\/es\/wp-json\/wp\/v2\/media?parent=17313"}],"wp:term":[{"taxonomy":"extra-categories","embeddable":true,"href":"https:\/\/slamdunkattorney.com\/es\/wp-json\/wp\/v2\/extra-categories?post=17313"},{"taxonomy":"hc_faqs","embeddable":true,"href":"https:\/\/slamdunkattorney.com\/es\/wp-json\/wp\/v2\/hc_faqs?post=17313"}],"curies":[{"name":"wp","href":"https:\/\/api.w.org\/{rel}","templated":true}]}}