{"id":17311,"date":"2025-03-04T13:33:53","date_gmt":"2025-03-04T13:33:53","guid":{"rendered":"https:\/\/slamdunk.wpenginepowered.com\/?page_id=17311"},"modified":"2025-05-16T22:56:34","modified_gmt":"2025-05-16T22:56:34","slug":"who-can-file-a-wrongful-death-lawsuit-in-georgia","status":"publish","type":"page","link":"https:\/\/slamdunkattorney.com\/es\/faqs\/who-can-file-a-wrongful-death-lawsuit-in-georgia\/","title":{"rendered":"\u00bfQui\u00e9n puede presentar una demanda por muerte por negligencia en Georgia?"},"content":{"rendered":"<p><span style=\"font-weight: 400;\">\u00bfQui\u00e9n puede presentar una demanda por muerte por negligencia en Georgia? En Georgia<\/span><b>, Por lo general, las demandas por homicidio culposo pueden ser presentadas por los familiares directos.<\/b><span style=\"font-weight: 400;\">, por representantes autorizados por el fallecido o su patrimonio y, en algunos casos, incluso parientes lejanos como abuelos, t\u00edas y t\u00edos.\u00a0<\/span><\/p>\n<p><span style=\"font-weight: 400;\">Si est\u00e1 pensando en presentar una demanda por muerte por negligencia, p\u00f3ngase en contacto con nuestros abogados expertos. <\/span><a href=\"https:\/\/slamdunkattorney.com\/es\/duluth\/wrongful-death-lawyer\/\"><span style=\"font-weight: 400;\">Abogado especializado en muerte por negligencia en Duluth<\/span><\/a><span style=\"font-weight: 400;\"> para conocer sus derechos legales para presentar una demanda.<\/span><\/p>\n<h2><span style=\"font-weight: 400;\">Definici\u00f3n de muerte por negligencia<\/span><\/h2>\n<p><span style=\"font-weight: 400;\">El t\u00e9rmino \u00abmuerte por negligencia\u00bb seg\u00fan la legislaci\u00f3n de Georgia se refiere a una muerte que se produce como resultado de un acto u omisi\u00f3n negligente de otra parte. Esto abarca una amplia gama de circunstancias de lesiones personales, incluyendo tanto acciones negligentes como intencionadas. B\u00e1sicamente, si las acciones de una persona, ya sean por descuido o deliberadas, causan directamente lesiones o una enfermedad que finalmente conduce a la muerte de otra persona, dicha persona puede ser considerada responsable en virtud de la ley de muerte por negligencia de Georgia.\u00a0<\/span><\/p>\n<p><span style=\"font-weight: 400;\">Esta devastadora p\u00e9rdida puede dejar a las familias luchando con el dolor emocional, las dificultades econ\u00f3micas y las preguntas sin respuesta. La negligencia puede darse en muchas situaciones de lesiones personales, como un conductor que provoca un accidente de tr\u00e1fico por conducir distra\u00eddo, un propietario que no realiza el mantenimiento adecuado de su propiedad o un error de un profesional m\u00e9dico que provoca la muerte. Los actos intencionados, como las agresiones o las lesiones que provocan la muerte, tambi\u00e9n entran dentro del \u00e1mbito de la muerte por negligencia.\u00a0<\/span><\/p>\n<p><span style=\"font-weight: 400;\">El factor clave es que la muerte debe ser consecuencia directa de las acciones u omisiones de la otra parte. Comprender las leyes que regulan la muerte por negligencia es el primer paso en el proceso de buscar justicia y compensaci\u00f3n por su p\u00e9rdida. P\u00f3ngase en contacto con un abogado especializado en muerte por negligencia para obtener m\u00e1s informaci\u00f3n.<\/span><\/p>\n\n<div class=\"cta-container row align-items-center\">\n    <div class=\"col-md-7\">\n        <p class=\"cta-text rs-content-cta\">Orgullosos de servir a Duluth y a todo Georgia <span>\u00a1Cont\u00e1ctenos para comenzar su recuperaci\u00f3n!<\/span> <a href=\"https:\/\/slamdunkattorney.com\/es\/\">Explore nuestras \u00e1reas de pr\u00e1ctica<\/a><\/p>\n    <\/div>\n    <div class=\"col-md-5\">\n        <img decoding=\"async\" src=\"https:\/\/slamdunkattorney.com\/wp-content\/themes\/slam-dunk-rebuild\/assets\/app\/img\/map-cta.jpg\" alt=\"Legal Consultation\" class=\"img-fluid\"\/>\n    <\/div>\n<\/div><h2><span style=\"font-weight: 400;\">Determinar qui\u00e9n puede presentar una demanda por muerte por negligencia en Georgia<\/span><\/h2>\n<p><span style=\"font-weight: 400;\">La legislaci\u00f3n de Georgia ofrece a las personas afectadas por una muerte por negligencia la posibilidad de buscar justicia a trav\u00e9s de acciones legales. Aunque el concepto parece sencillo, determinar <\/span><i><span style=\"font-weight: 400;\">qui\u00e9n<\/span><\/i><span style=\"font-weight: 400;\"> tiene derecho a presentar una demanda por homicidio culposo puede ser complejo. En general, seg\u00fan <\/span><span style=\"font-weight: 400;\">C\u00f3digo de Georgia, secci\u00f3n \u00a7 51-4-1<\/span><span style=\"font-weight: 400;\">, Las demandas por homicidio culposo pueden ser presentadas por:<\/span><\/p>\n<ul>\n<li><b>Familiares directos<\/b>: <span style=\"font-weight: 400;\">El c\u00f3nyuge, los hijos (tanto biol\u00f3gicos como adoptados), los padres y los hermanos del fallecido. Se considera que este grupo central es el que tiene un inter\u00e9s m\u00e1s directo e inmediato en la p\u00e9rdida.<\/span><\/li>\n<li><b>Personas a cargo<\/b>:<span style=\"font-weight: 400;\"> Las personas que depend\u00edan econ\u00f3micamente del fallecido en el momento de su muerte tambi\u00e9n pueden presentar una reclamaci\u00f3n. De este modo se reconoce la dificultad econ\u00f3mica que puede suponer la p\u00e9rdida de un sustento, independientemente del parentesco. Los hijastros tambi\u00e9n se incluyen en esta categor\u00eda.<\/span><\/li>\n<li><b>Representantes de la finca<\/b>:<span style=\"font-weight: 400;\"> El albacea o administrador de la sucesi\u00f3n puede presentar una demanda por muerte por negligencia. Esto suele ser necesario cuando no hay familiares directos o dependientes sobrevivientes, o cuando los procedimientos legales requieren la representaci\u00f3n de los intereses del fallecido.<\/span><\/li>\n<li><b>Parientes lejanos<\/b>: <span style=\"font-weight: 400;\">Las circunstancias espec\u00edficas permiten incluir a familiares m\u00e1s lejanos en virtud de la legislaci\u00f3n de Georgia, como abuelos, t\u00edas, t\u00edos y otros parientes consangu\u00edneos. Esto suele ocurrir cuando no hay personas vivas en las categor\u00edas de parentesco m\u00e1s cercanas mencionadas anteriormente.\u00a0<\/span><\/li>\n<\/ul>\n<p><span style=\"font-weight: 400;\">Los requisitos y limitaciones espec\u00edficos de la ley de muerte por negligencia de Georgia pueden ser complejos. Consulte con un abogado experto en lesiones personales para determinar con precisi\u00f3n qui\u00e9n puede presentar una demanda por muerte por negligencia en Georgia. \u00c9l podr\u00e1 ayudarle a evaluar cu\u00e1l es el mejor paso a seguir para usted y su familia mientras atraviesa el duelo y busca justicia.<\/span><\/p>\n<h3><span style=\"font-weight: 400;\">Plazo para presentar una demanda por homicidio culposo en Georgia<\/span><\/h3>\n<p><span style=\"font-weight: 400;\">En Georgia, existe un plazo estricto para presentar una demanda por muerte por negligencia. Solo dispone de dos a\u00f1os desde la fecha del fallecimiento de su ser querido para iniciar acciones legales. Si no se presenta la demanda dentro de este plazo de prescripci\u00f3n de dos a\u00f1os, por lo general se impide cualquier intento futuro de buscar justicia a trav\u00e9s de los tribunales.\u00a0<\/span><\/p>\n<p><span style=\"font-weight: 400;\">Aunque puede haber excepciones poco comunes, como los casos que involucran a menores de edad o reclamaciones contra entidades gubernamentales, estas son limitadas. Dado que no cumplir con este plazo puede comprometer gravemente su capacidad para presentar una demanda, consulte con un abogado lo antes posible despu\u00e9s de que se produzca una muerte. El asesoramiento legal temprano le ayudar\u00e1 con los plazos espec\u00edficos que se aplican a su situaci\u00f3n y le garantizar\u00e1 que no pierda su derecho a solicitar una indemnizaci\u00f3n.<\/span><\/p>\n<h2><span style=\"font-weight: 400;\">Ayuda econ\u00f3mica recuperable en un caso de muerte por negligencia en Georgia<\/span><\/h2>\n<p><span style=\"font-weight: 400;\">Una demanda por muerte por negligencia en Georgia puede proporcionar tanto un sentido de justicia como apoyo financiero a quienes lloran la p\u00e9rdida de un ser querido. Estas indemnizaciones se otorgan con el objetivo de abordar las diversas formas en que la muerte ha afectado a los sobrevivientes, tanto econ\u00f3mica como emocionalmente. Si bien este apoyo financiero nunca compensar\u00e1 realmente la p\u00e9rdida de su ser querido, nos esforzamos por obtener la m\u00e1xima indemnizaci\u00f3n posible para ayudar a su familia durante este momento dif\u00edcil.<\/span><\/p>\n<p><span style=\"font-weight: 400;\">Estos da\u00f1os suelen clasificarse en dos categor\u00edas seg\u00fan <\/span><span style=\"font-weight: 400;\">C\u00f3digo de Georgia, secci\u00f3n \u00a7 51-4-5<\/span><span style=\"font-weight: 400;\">: econ\u00f3micos y no econ\u00f3micos. Los da\u00f1os econ\u00f3micos intentan compensar las p\u00e9rdidas financieras derivadas directamente del fallecimiento, que pueden incluir gastos m\u00e9dicos, gastos de funeral y entierro, p\u00e9rdida de ingresos, p\u00e9rdida de prestaciones, p\u00e9rdida de servicios y p\u00e9rdida de herencia. Los da\u00f1os no econ\u00f3micos se refieren a las p\u00e9rdidas intangibles asociadas al fallecimiento, que a menudo son m\u00e1s dif\u00edciles de cuantificar, como el dolor y el sufrimiento.<\/span><\/p>\n<p><span style=\"font-weight: 400;\">Para determinar el monto de la indemnizaci\u00f3n por da\u00f1os y perjuicios, el tribunal tambi\u00e9n puede considerar factores adicionales, como el dolor y el sufrimiento conscientes del fallecido antes de su muerte, cualquier gasto adicional causado por la muerte (por ejemplo, cuidado de los hijos o mantenimiento del hogar) y, en algunos casos, da\u00f1os punitivos. A diferencia de otras indemnizaciones, estos da\u00f1os tienen por objeto castigar al demandado por una conducta particularmente grave, pero no se conceden en todos los casos.\u00a0<\/span><\/p>\n<p><span style=\"font-weight: 400;\">Echa un vistazo a nuestro <\/span><a href=\"https:\/\/slamdunkattorney.com\/es\/faqs\/\"><span style=\"font-weight: 400;\">Preguntas frecuentes<\/span><\/a><span style=\"font-weight: 400;\"> o consulte con un abogado para comprender toda la gama de da\u00f1os y perjuicios que pueden aplicarse a su situaci\u00f3n.<\/span><\/p>\n\n<div class=\"cta-container row align-items-center\">\n    <div class=\"col-md-7\">\n        <p class=\"cta-text rs-content-cta\"><a class=\"no-btn\" href=\"https:\/\/slamdunkattorney.com\/es\/contact-us\/\">Haga clic para contactar<\/a> nuestros abogados especializados en lesiones personales hoy mismo<\/p>\n    <\/div>\n    <div class=\"col-md-5\">\n        <img decoding=\"async\" src=\"https:\/\/slamdunkattorney.com\/wp-content\/themes\/slam-dunk-rebuild\/assets\/app\/img\/map-cta.jpg\" alt=\"Contact Us\" class=\"img-fluid\"\/>\n    <\/div>\n<\/div><h2><span style=\"font-weight: 400;\">P\u00f3ngase en contacto con Slam Dunk Attorney para saber si puede presentar una demanda por muerte por negligencia en Georgia.<\/span><\/h2>\n<p><span style=\"font-weight: 400;\">Perder a un ser querido es incre\u00edblemente dif\u00edcil. En Slam Dunk Attorney, comprendemos el dolor que est\u00e1 experimentando. Aunque ninguna cantidad de dinero puede reemplazar su p\u00e9rdida, la compensaci\u00f3n econ\u00f3mica puede ayudar a que la parte responsable rinda cuentas y aliviar la carga financiera de las facturas m\u00e9dicas y otros gastos relacionados con el fallecimiento.<\/span><\/p>\n<p><span style=\"font-weight: 400;\">P\u00f3ngase en contacto con Slam Dunk Attorney hoy mismo para obtener una revisi\u00f3n gratuita y sin compromiso de su caso con uno de nuestros abogados expertos en lesiones personales. <\/span><b>Programa esta consulta <\/b><span style=\"font-weight: 400;\">y <\/span><a href=\"https:\/\/slamdunkattorney.com\/es\/meet-our-team\/\"><span style=\"font-weight: 400;\">Conoce a nuestro equipo<\/span><\/a><span style=\"font-weight: 400;\"> de representantes legales dedicados y agradables. Nuestro objetivo es comprender mejor c\u00f3mo podemos ayudarle durante este momento tan dif\u00edcil.<\/span><\/p>\n\n<div class=\"cta-container row align-items-center\">\n    <div class=\"col-md-7\">\n        <p class=\"cta-text rs-content-cta\">Llame o env\u00ede un mensaje de texto <a class=\"no-btn\" href=\"tel:+14049513513\">404-951-3513<\/a> o completar un <a href=\"https:\/\/slamdunkattorney.com\/es\/contact-us\/\">Formulario de evaluaci\u00f3n gratuita de su caso<\/a><\/p>\n    <\/div>\n    <div class=\"col-md-5\">\n        <img decoding=\"async\" src=\"https:\/\/slamdunkattorney.com\/wp-content\/themes\/slam-dunk-rebuild\/assets\/app\/img\/map-cta.jpg\" alt=\"Call or Text\" class=\"img-fluid\"\/>\n    <\/div>\n<\/div>","protected":false},"excerpt":{"rendered":"<p>Who can file a wrongful death lawsuit in Georgia? In Georgia, lawsuits for wrongful death can generally be filed by direct family members, by representatives authorized by the deceased or their estate, and, in some cases, even distant blood relatives like grandparents, aunts, and uncles.\u00a0 If you are considering a wrongful death lawsuit, contact our &#8230;<\/p>","protected":false},"author":2,"featured_media":17312,"parent":5902,"menu_order":0,"comment_status":"closed","ping_status":"closed","template":"","meta":{"_acf_changed":false,"_genesis_hide_title":false,"_genesis_hide_breadcrumbs":false,"_genesis_hide_singular_image":false,"_genesis_hide_footer_widgets":false,"_genesis_custom_body_class":"","_genesis_custom_post_class":"","_genesis_layout":"","ngg_post_thumbnail":0,"footnotes":""},"extra-categories":[],"hc_faqs":[40],"class_list":{"0":"post-17311","1":"page","2":"type-page","3":"status-publish","4":"has-post-thumbnail","6":"hc_faqs-personal-injury","7":"entry"},"acf":[],"yoast_head":"<!-- This site is optimized with the Yoast SEO plugin v27.4 - https:\/\/yoast.com\/product\/yoast-seo-wordpress\/ -->\n<title>Who Can File Wrongful Death Lawsuits in Georgia? | Slam Dunk<\/title>\n<meta name=\"description\" content=\"Find out who can file a wrongful death lawsuit in Georgia from the wrongful death lawyers at Slam Dunk Attorney. Call 24\/7.\" \/>\n<meta name=\"robots\" content=\"index, follow, max-snippet:-1, max-image-preview:large, max-video-preview:-1\" \/>\n<link rel=\"canonical\" href=\"https:\/\/slamdunkattorney.com\/es\/faqs\/who-can-file-a-wrongful-death-lawsuit-in-georgia\/\" \/>\n<meta property=\"og:locale\" content=\"es_MX\" \/>\n<meta property=\"og:type\" content=\"article\" \/>\n<meta property=\"og:title\" content=\"Who Can File Wrongful Death Lawsuits in Georgia? | Slam Dunk\" \/>\n<meta property=\"og:description\" content=\"Find out who can file a wrongful death lawsuit in Georgia from the wrongful death lawyers at Slam Dunk Attorney. Call 24\/7.\" \/>\n<meta property=\"og:url\" content=\"https:\/\/slamdunkattorney.com\/es\/faqs\/who-can-file-a-wrongful-death-lawsuit-in-georgia\/\" \/>\n<meta property=\"og:site_name\" content=\"Slam Dunk Attorney | Injury Lawyers\" \/>\n<meta property=\"article:publisher\" content=\"https:\/\/www.facebook.com\/slamdunkattorneyinjurylawyers\/\" \/>\n<meta property=\"article:modified_time\" content=\"2025-05-16T22:56:34+00:00\" \/>\n<meta property=\"og:image\" content=\"https:\/\/slamdunkattorney.com\/wp-content\/uploads\/2025\/03\/who-can-file-a-wrongful-death-lawsuit-in-georgia.jpg\" \/>\n\t<meta property=\"og:image:width\" content=\"1000\" \/>\n\t<meta property=\"og:image:height\" content=\"667\" \/>\n\t<meta property=\"og:image:type\" content=\"image\/jpeg\" \/>\n<meta name=\"twitter:card\" content=\"summary_large_image\" \/>\n<meta name=\"twitter:site\" content=\"@slamdunkattorney\" \/>\n<meta name=\"twitter:label1\" content=\"Est. reading time\" \/>\n\t<meta name=\"twitter:data1\" content=\"5 minutos\" \/>\n<script type=\"application\/ld+json\" class=\"yoast-schema-graph\">{\"@context\":\"https:\\\/\\\/schema.org\",\"@graph\":[{\"@type\":\"WebPage\",\"@id\":\"https:\\\/\\\/slamdunkattorney.com\\\/faqs\\\/who-can-file-a-wrongful-death-lawsuit-in-georgia\\\/\",\"url\":\"https:\\\/\\\/slamdunkattorney.com\\\/faqs\\\/who-can-file-a-wrongful-death-lawsuit-in-georgia\\\/\",\"name\":\"Who Can File Wrongful Death Lawsuits in Georgia? | Slam Dunk\",\"isPartOf\":{\"@id\":\"https:\\\/\\\/slamdunkattorney.com\\\/#website\"},\"primaryImageOfPage\":{\"@id\":\"https:\\\/\\\/slamdunkattorney.com\\\/faqs\\\/who-can-file-a-wrongful-death-lawsuit-in-georgia\\\/#primaryimage\"},\"image\":{\"@id\":\"https:\\\/\\\/slamdunkattorney.com\\\/faqs\\\/who-can-file-a-wrongful-death-lawsuit-in-georgia\\\/#primaryimage\"},\"thumbnailUrl\":\"https:\\\/\\\/slamdunkattorney.com\\\/wp-content\\\/uploads\\\/2025\\\/03\\\/who-can-file-a-wrongful-death-lawsuit-in-georgia.jpg\",\"datePublished\":\"2025-03-04T13:33:53+00:00\",\"dateModified\":\"2025-05-16T22:56:34+00:00\",\"description\":\"Find out who can file a wrongful death lawsuit in Georgia from the wrongful death lawyers at Slam Dunk Attorney. Call 24\\\/7.\",\"breadcrumb\":{\"@id\":\"https:\\\/\\\/slamdunkattorney.com\\\/faqs\\\/who-can-file-a-wrongful-death-lawsuit-in-georgia\\\/#breadcrumb\"},\"inLanguage\":\"es\",\"potentialAction\":[{\"@type\":\"ReadAction\",\"target\":[\"https:\\\/\\\/slamdunkattorney.com\\\/faqs\\\/who-can-file-a-wrongful-death-lawsuit-in-georgia\\\/\"]}]},{\"@type\":\"ImageObject\",\"inLanguage\":\"es\",\"@id\":\"https:\\\/\\\/slamdunkattorney.com\\\/faqs\\\/who-can-file-a-wrongful-death-lawsuit-in-georgia\\\/#primaryimage\",\"url\":\"https:\\\/\\\/slamdunkattorney.com\\\/wp-content\\\/uploads\\\/2025\\\/03\\\/who-can-file-a-wrongful-death-lawsuit-in-georgia.jpg\",\"contentUrl\":\"https:\\\/\\\/slamdunkattorney.com\\\/wp-content\\\/uploads\\\/2025\\\/03\\\/who-can-file-a-wrongful-death-lawsuit-in-georgia.jpg\",\"width\":1000,\"height\":667,\"caption\":\"A man with his hand on a coffin at a funeral. Who can file a wrongful death lawsuit in Georgia?\"},{\"@type\":\"BreadcrumbList\",\"@id\":\"https:\\\/\\\/slamdunkattorney.com\\\/faqs\\\/who-can-file-a-wrongful-death-lawsuit-in-georgia\\\/#breadcrumb\",\"itemListElement\":[{\"@type\":\"ListItem\",\"position\":1,\"name\":\"Home\",\"item\":\"https:\\\/\\\/slamdunkattorney.com\\\/\"},{\"@type\":\"ListItem\",\"position\":2,\"name\":\"FAQs\",\"item\":\"https:\\\/\\\/slamdunkattorney.com\\\/faqs\\\/\"},{\"@type\":\"ListItem\",\"position\":3,\"name\":\"Who Can File a Wrongful Death Lawsuit in Georgia?\"}]},{\"@type\":\"WebSite\",\"@id\":\"https:\\\/\\\/slamdunkattorney.com\\\/#website\",\"url\":\"https:\\\/\\\/slamdunkattorney.com\\\/\",\"name\":\"Slam Dunk Attorney | Injury Lawyers\",\"description\":\"Duluth Personal Injury Lawyers\",\"publisher\":{\"@id\":\"https:\\\/\\\/slamdunkattorney.com\\\/#organization\"},\"alternateName\":\"Slam Dunk Attorney\",\"inLanguage\":\"es\"},{\"@type\":\"Organization\",\"@id\":\"https:\\\/\\\/slamdunkattorney.com\\\/#organization\",\"name\":\"Slam Dunk Attorney\",\"alternateName\":\"Slam Dunk\",\"url\":\"https:\\\/\\\/slamdunkattorney.com\\\/\",\"logo\":{\"@type\":\"ImageObject\",\"inLanguage\":\"es\",\"@id\":\"https:\\\/\\\/slamdunkattorney.com\\\/#\\\/schema\\\/logo\\\/image\\\/\",\"url\":\"https:\\\/\\\/slamdunkattorney.com\\\/wp-content\\\/uploads\\\/2023\\\/05\\\/cropped-Logo.png\",\"contentUrl\":\"https:\\\/\\\/slamdunkattorney.com\\\/wp-content\\\/uploads\\\/2023\\\/05\\\/cropped-Logo.png\",\"width\":1080,\"height\":240,\"caption\":\"Slam Dunk Attorney\"},\"image\":{\"@id\":\"https:\\\/\\\/slamdunkattorney.com\\\/#\\\/schema\\\/logo\\\/image\\\/\"},\"sameAs\":[\"https:\\\/\\\/www.facebook.com\\\/slamdunkattorneyinjurylawyers\\\/\",\"https:\\\/\\\/x.com\\\/slamdunkattorney\",\"https:\\\/\\\/www.instagram.com\\\/slamdunkattorney\\\/\",\"https:\\\/\\\/www.youtube.com\\\/channel\\\/UCSrOiC7vOjlCi3UgtIVGNtw\",\"https:\\\/\\\/www.linkedin.com\\\/company\\\/slamdunkattorneyinjurylawyers\"]}]}<\/script>\n<!-- \/ Yoast SEO plugin. -->","yoast_head_json":{"title":"Who Can File Wrongful Death Lawsuits in Georgia? | Slam Dunk","description":"Find out who can file a wrongful death lawsuit in Georgia from the wrongful death lawyers at Slam Dunk Attorney. Call 24\/7.","robots":{"index":"index","follow":"follow","max-snippet":"max-snippet:-1","max-image-preview":"max-image-preview:large","max-video-preview":"max-video-preview:-1"},"canonical":"https:\/\/slamdunkattorney.com\/es\/faqs\/who-can-file-a-wrongful-death-lawsuit-in-georgia\/","og_locale":"es_MX","og_type":"article","og_title":"Who Can File Wrongful Death Lawsuits in Georgia? | Slam Dunk","og_description":"Find out who can file a wrongful death lawsuit in Georgia from the wrongful death lawyers at Slam Dunk Attorney. Call 24\/7.","og_url":"https:\/\/slamdunkattorney.com\/es\/faqs\/who-can-file-a-wrongful-death-lawsuit-in-georgia\/","og_site_name":"Slam Dunk Attorney | Injury Lawyers","article_publisher":"https:\/\/www.facebook.com\/slamdunkattorneyinjurylawyers\/","article_modified_time":"2025-05-16T22:56:34+00:00","og_image":[{"width":1000,"height":667,"url":"https:\/\/slamdunkattorney.com\/wp-content\/uploads\/2025\/03\/who-can-file-a-wrongful-death-lawsuit-in-georgia.jpg","type":"image\/jpeg"}],"twitter_card":"summary_large_image","twitter_site":"@slamdunkattorney","twitter_misc":{"Est. reading time":"5 minutos"},"schema":{"@context":"https:\/\/schema.org","@graph":[{"@type":"WebPage","@id":"https:\/\/slamdunkattorney.com\/faqs\/who-can-file-a-wrongful-death-lawsuit-in-georgia\/","url":"https:\/\/slamdunkattorney.com\/faqs\/who-can-file-a-wrongful-death-lawsuit-in-georgia\/","name":"Who Can File Wrongful Death Lawsuits in Georgia? | Slam Dunk","isPartOf":{"@id":"https:\/\/slamdunkattorney.com\/#website"},"primaryImageOfPage":{"@id":"https:\/\/slamdunkattorney.com\/faqs\/who-can-file-a-wrongful-death-lawsuit-in-georgia\/#primaryimage"},"image":{"@id":"https:\/\/slamdunkattorney.com\/faqs\/who-can-file-a-wrongful-death-lawsuit-in-georgia\/#primaryimage"},"thumbnailUrl":"https:\/\/slamdunkattorney.com\/wp-content\/uploads\/2025\/03\/who-can-file-a-wrongful-death-lawsuit-in-georgia.jpg","datePublished":"2025-03-04T13:33:53+00:00","dateModified":"2025-05-16T22:56:34+00:00","description":"Find out who can file a wrongful death lawsuit in Georgia from the wrongful death lawyers at Slam Dunk Attorney. Call 24\/7.","breadcrumb":{"@id":"https:\/\/slamdunkattorney.com\/faqs\/who-can-file-a-wrongful-death-lawsuit-in-georgia\/#breadcrumb"},"inLanguage":"es","potentialAction":[{"@type":"ReadAction","target":["https:\/\/slamdunkattorney.com\/faqs\/who-can-file-a-wrongful-death-lawsuit-in-georgia\/"]}]},{"@type":"ImageObject","inLanguage":"es","@id":"https:\/\/slamdunkattorney.com\/faqs\/who-can-file-a-wrongful-death-lawsuit-in-georgia\/#primaryimage","url":"https:\/\/slamdunkattorney.com\/wp-content\/uploads\/2025\/03\/who-can-file-a-wrongful-death-lawsuit-in-georgia.jpg","contentUrl":"https:\/\/slamdunkattorney.com\/wp-content\/uploads\/2025\/03\/who-can-file-a-wrongful-death-lawsuit-in-georgia.jpg","width":1000,"height":667,"caption":"A man with his hand on a coffin at a funeral. Who can file a wrongful death lawsuit in Georgia?"},{"@type":"BreadcrumbList","@id":"https:\/\/slamdunkattorney.com\/faqs\/who-can-file-a-wrongful-death-lawsuit-in-georgia\/#breadcrumb","itemListElement":[{"@type":"ListItem","position":1,"name":"Home","item":"https:\/\/slamdunkattorney.com\/"},{"@type":"ListItem","position":2,"name":"FAQs","item":"https:\/\/slamdunkattorney.com\/faqs\/"},{"@type":"ListItem","position":3,"name":"Who Can File a Wrongful Death Lawsuit in Georgia?"}]},{"@type":"WebSite","@id":"https:\/\/slamdunkattorney.com\/#website","url":"https:\/\/slamdunkattorney.com\/","name":"Abogado experto en lesiones | Abogados especializados en lesiones","description":"Abogados de lesiones personales en Duluth","publisher":{"@id":"https:\/\/slamdunkattorney.com\/#organization"},"alternateName":"Slam Dunk Attorney","inLanguage":"es"},{"@type":"Organization","@id":"https:\/\/slamdunkattorney.com\/#organization","name":"Abogado Slam Dunk","alternateName":"Slam Dunk","url":"https:\/\/slamdunkattorney.com\/","logo":{"@type":"ImageObject","inLanguage":"es","@id":"https:\/\/slamdunkattorney.com\/#\/schema\/logo\/image\/","url":"https:\/\/slamdunkattorney.com\/wp-content\/uploads\/2023\/05\/cropped-Logo.png","contentUrl":"https:\/\/slamdunkattorney.com\/wp-content\/uploads\/2023\/05\/cropped-Logo.png","width":1080,"height":240,"caption":"Slam Dunk Attorney"},"image":{"@id":"https:\/\/slamdunkattorney.com\/#\/schema\/logo\/image\/"},"sameAs":["https:\/\/www.facebook.com\/slamdunkattorneyinjurylawyers\/","https:\/\/x.com\/slamdunkattorney","https:\/\/www.instagram.com\/slamdunkattorney\/","https:\/\/www.youtube.com\/channel\/UCSrOiC7vOjlCi3UgtIVGNtw","https:\/\/www.linkedin.com\/company\/slamdunkattorneyinjurylawyers"]}]}},"yoast_meta":{"yoast_wpseo_title":"","yoast_wpseo_metadesc":"","yoast_wpseo_canonical":"https:\/\/slamdunkattorney.com\/es\/wp-json\/wp\/v2\/pages\/17311"},"_links":{"self":[{"href":"https:\/\/slamdunkattorney.com\/es\/wp-json\/wp\/v2\/pages\/17311","targetHints":{"allow":["GET"]}}],"collection":[{"href":"https:\/\/slamdunkattorney.com\/es\/wp-json\/wp\/v2\/pages"}],"about":[{"href":"https:\/\/slamdunkattorney.com\/es\/wp-json\/wp\/v2\/types\/page"}],"author":[{"embeddable":true,"href":"https:\/\/slamdunkattorney.com\/es\/wp-json\/wp\/v2\/users\/2"}],"replies":[{"embeddable":true,"href":"https:\/\/slamdunkattorney.com\/es\/wp-json\/wp\/v2\/comments?post=17311"}],"version-history":[{"count":0,"href":"https:\/\/slamdunkattorney.com\/es\/wp-json\/wp\/v2\/pages\/17311\/revisions"}],"up":[{"embeddable":true,"href":"https:\/\/slamdunkattorney.com\/es\/wp-json\/wp\/v2\/pages\/5902"}],"wp:featuredmedia":[{"embeddable":true,"href":"https:\/\/slamdunkattorney.com\/es\/wp-json\/wp\/v2\/media\/17312"}],"wp:attachment":[{"href":"https:\/\/slamdunkattorney.com\/es\/wp-json\/wp\/v2\/media?parent=17311"}],"wp:term":[{"taxonomy":"extra-categories","embeddable":true,"href":"https:\/\/slamdunkattorney.com\/es\/wp-json\/wp\/v2\/extra-categories?post=17311"},{"taxonomy":"hc_faqs","embeddable":true,"href":"https:\/\/slamdunkattorney.com\/es\/wp-json\/wp\/v2\/hc_faqs?post=17311"}],"curies":[{"name":"wp","href":"https:\/\/api.w.org\/{rel}","templated":true}]}}