{"id":17308,"date":"2025-03-04T13:31:11","date_gmt":"2025-03-04T13:31:11","guid":{"rendered":"https:\/\/slamdunk.wpenginepowered.com\/?page_id=17308"},"modified":"2025-03-04T13:31:29","modified_gmt":"2025-03-04T13:31:29","slug":"how-are-wrongful-death-settlements-distributed","status":"publish","type":"page","link":"https:\/\/slamdunkattorney.com\/es\/faqs\/how-are-wrongful-death-settlements-distributed\/","title":{"rendered":"\u00bfC\u00f3mo se distribuyen las indemnizaciones por muerte por negligencia?"},"content":{"rendered":"<p><span style=\"font-weight: 400;\">\u00bfC\u00f3mo se distribuyen las indemnizaciones por muerte por negligencia? Las indemnizaciones por muerte por negligencia se distribuyen <\/span><b>basado en la situaci\u00f3n financiera de una persona fallecida<\/b><span style=\"font-weight: 400;\"> (difunto) y otros factores.<\/span><\/p>\n<p><span style=\"font-weight: 400;\">A <\/span><a href=\"https:\/\/slamdunkattorney.com\/es\/duluth\/wrongful-death-lawyer\/\"><span style=\"font-weight: 400;\">Abogado especializado en muerte por negligencia en Duluth<\/span><\/a><span style=\"font-weight: 400;\"> puede proporcionar m\u00e1s detalles sobre c\u00f3mo se distribuye una indemnizaci\u00f3n entre los familiares sobrevivientes del difunto.<\/span><\/p>\n<h2><span style=\"font-weight: 400;\">C\u00f3mo se distribuyen las indemnizaciones por muerte por negligencia en Georgia<\/span><\/h2>\n<p><span style=\"font-weight: 400;\">En Georgia, la indemnizaci\u00f3n por muerte por negligencia puede distribuirse entre el c\u00f3nyuge y los hijos del fallecido. El c\u00f3nyuge puede recibir un tercio de la indemnizaci\u00f3n. Si no hay hijos, el c\u00f3nyuge recibir\u00eda la totalidad del monto.<\/span><\/p>\n<p><span style=\"font-weight: 400;\">Hay ocasiones en las que una persona fallece y no est\u00e1 casada ni tiene hijos. En estas situaciones, un <\/span><b>La indemnizaci\u00f3n por muerte por negligencia puede dividirse entre los padres u otros familiares del difunto.<\/b><span style=\"font-weight: 400;\">. Si el difunto ten\u00eda un testamento, una muerte por negligencia podr\u00eda dividirse de acuerdo con sus t\u00e9rminos.\u00a0<\/span><\/p>\n<p><span style=\"font-weight: 400;\">En Slam Dunk Attorney, comprendemos lo dif\u00edcil que puede resultar llevar adelante un caso por muerte por negligencia. Contamos con d\u00e9cadas de experiencia legal combinada en nuestro equipo y estamos aqu\u00ed para ayudarle a usted y a su familia durante este momento dif\u00edcil de su vida. Cont\u00e1ctenos para averiguar si usted <\/span><a href=\"https:\/\/slamdunkattorney.com\/es\/blog\/parties-who-can-sue-under-georgias-wrongful-death-law\/\"><span style=\"font-weight: 400;\">puede demandar por muerte por negligencia en Georgia<\/span><\/a><span style=\"font-weight: 400;\"> y, de ser as\u00ed, por qu\u00e9 ahora puede ser el momento adecuado para presentar una demanda.<\/span><\/p>\n\n<div class=\"cta-container row align-items-center\">\n    <div class=\"col-md-7\">\n        <p class=\"cta-text rs-content-cta\">Orgullosos de servir a Duluth y a todo Georgia <span>\u00a1Cont\u00e1ctenos para comenzar su recuperaci\u00f3n!<\/span> <a href=\"https:\/\/slamdunkattorney.com\/es\/\">Explore nuestras \u00e1reas de pr\u00e1ctica<\/a><\/p>\n    <\/div>\n    <div class=\"col-md-5\">\n        <img decoding=\"async\" src=\"https:\/\/slamdunkattorney.com\/wp-content\/themes\/slam-dunk-rebuild\/assets\/app\/img\/map-cta.jpg\" alt=\"Legal Consultation\" class=\"img-fluid\"\/>\n    <\/div>\n<\/div><h2><span style=\"font-weight: 400;\">Indemnizaci\u00f3n distribuida en un acuerdo por muerte por negligencia<\/span><\/h2>\n<p><span style=\"font-weight: 400;\">El representante personal del patrimonio del difunto puede distribuir la indemnizaci\u00f3n por muerte por negligencia. Esta persona puede ser designada en el testamento del difunto. Alternativamente, el tribunal puede nombrar a alguien para que act\u00fae como representante del difunto.<\/span><\/p>\n<p><span style=\"font-weight: 400;\">Debe presentar una reclamaci\u00f3n antes de poder recibir una indemnizaci\u00f3n por muerte por negligencia. Seg\u00fan la<\/span> <a href=\"https:\/\/advance.lexis.com\/documentpage\/?pdmfid=1000516&amp;crid=704f5f4a-1cea-40bf-957e-d9f1b715d0f2&amp;config=00JAA1MDBlYzczZi1lYjFlLTQxMTgtYWE3OS02YTgyOGM2NWJlMDYKAFBvZENhdGFsb2feed0oM9qoQOMCSJFX5qkd&amp;pddocfullpath=%2Fshared%2Fdocument%2Fstatutes-legislation%2Furn%3AcontentItem%3A6348-FS71-DYB7-W3RS-00008-00&amp;pdcontentcomponentid=234186&amp;pdteaserkey=sr0&amp;pditab=allpods&amp;ecomp=6s65kkk&amp;earg=sr0&amp;prid=a52bda66-bfde-4154-b966-afe000a4ac21\" target=\"_blank\" rel=\"noopener\"><span style=\"font-weight: 400;\">C\u00f3digo Oficial Anotado de Georgia (OCGA) \u00a7 9-3-33<\/span><\/a><span style=\"font-weight: 400;\">, El plazo de prescripci\u00f3n para reclamar por da\u00f1os personales es de dos a\u00f1os. Este plazo se aplica a los casos de muerte por negligencia.<\/span><\/p>\n<p><span style=\"font-weight: 400;\">La compensaci\u00f3n que recibes como parte de un <\/span><b>distribuci\u00f3n del acuerdo por muerte por negligencia<\/b><span style=\"font-weight: 400;\"> Depende de su caso. Podr\u00eda recuperar da\u00f1os econ\u00f3micos y no econ\u00f3micos. Los gastos m\u00e9dicos, los gastos de entierro y funeral, y el dolor y sufrimiento son tres motivos por los que podr\u00eda recibir una o ambas indemnizaciones.<\/span><\/p>\n<h2><span style=\"font-weight: 400;\">Razones por las que podr\u00eda obtener una distribuci\u00f3n de indemnizaci\u00f3n por muerte por negligencia<\/span><\/h2>\n<p><span style=\"font-weight: 400;\">Si usted es familiar de una persona que falleci\u00f3 debido a la negligencia de otra persona, es posible que pueda presentar una demanda por muerte por negligencia. Un abogado especializado en muerte por negligencia puede informarle si tiene motivos para presentar este tipo de demanda. Entre las razones por las que las personas presentan demandas por muerte por negligencia y reciben indemnizaciones se incluyen:<\/span><\/p>\n<h3><span style=\"font-weight: 400;\">Accidente automovil\u00edstico<\/span><\/h3>\n<p><span style=\"font-weight: 400;\">Lamentablemente, un accidente automovil\u00edstico puede ser mortal. Si un conductor es negligente y provoca un accidente en el que se ve involucrado un miembro de su familia, usted puede demandar al conductor por los da\u00f1os y perjuicios relacionados con la muerte de su ser querido. A <\/span><a href=\"https:\/\/slamdunkattorney.com\/es\/duluth\/car-accident-lawyer\/\"><span style=\"font-weight: 400;\">Abogado especializado en accidentes automovil\u00edsticos en Duluth<\/span><\/a><span style=\"font-weight: 400;\"> puede encargarse de sus asuntos legales mientras usted y sus familiares se apoyan y cuidan mutuamente mientras lidian con las consecuencias de su p\u00e9rdida.<\/span><\/p>\n<h3><span style=\"font-weight: 400;\">Accidente de cami\u00f3n<\/span><\/h3>\n<p><span style=\"font-weight: 400;\">Un accidente de cami\u00f3n puede causar da\u00f1os importantes a las personas involucradas en \u00e9l. Si un conductor de cami\u00f3n o su empleador son responsables de un accidente mortal en el que fallece un familiar suyo, ex\u00edjales responsabilidades. A <\/span><a href=\"https:\/\/slamdunkattorney.com\/es\/duluth\/truck-accident-lawyer\/\"><span style=\"font-weight: 400;\">Abogado especializado en accidentes de camiones en Duluth<\/span><\/a><span style=\"font-weight: 400;\"> puede representarlo y defenderlo, y ayudarlo a usted y a otros miembros de su familia a recibir una distribuci\u00f3n justa de la indemnizaci\u00f3n por muerte por negligencia.\u00a0<\/span><\/p>\n<h3><span style=\"font-weight: 400;\">Abuso en hogares de ancianos<\/span><\/h3>\n<p><span style=\"font-weight: 400;\">Usted espera lo mejor del personal de un asilo que cuida a un familiar. Desafortunadamente, el maltrato puede ser un problema en un asilo. A <\/span><a href=\"https:\/\/slamdunkattorney.com\/es\/duluth\/nursing-home-abuse-lawyer\/\"><span style=\"font-weight: 400;\">Abogado especializado en abusos en residencias de ancianos en Duluth<\/span><\/a><span style=\"font-weight: 400;\"> puede ayudarle a demandar por da\u00f1os y perjuicios si un familiar fallece debido al maltrato por parte del personal.<\/span><\/p>\n<p><span style=\"font-weight: 400;\">Pensar en una demanda por muerte por negligencia puede resultar abrumador. Su abogado le ayudar\u00e1 con su caso. Le explicar\u00e1 <\/span><b>c\u00f3mo se distribuyen las indemnizaciones por muerte por negligencia <\/b><span style=\"font-weight: 400;\">trabaja y se asegura de que usted y su familia reciban servicios legales integrales y apoyo durante el litigio.\u00a0<\/span><\/p>\n\n<div class=\"cta-container row align-items-center\">\n    <div class=\"col-md-7\">\n        <p class=\"cta-text rs-content-cta\"><a class=\"no-btn\" href=\"https:\/\/slamdunkattorney.com\/es\/contact-us\/\">Haga clic para contactar<\/a> nuestros abogados especializados en lesiones personales hoy mismo<\/p>\n    <\/div>\n    <div class=\"col-md-5\">\n        <img decoding=\"async\" src=\"https:\/\/slamdunkattorney.com\/wp-content\/themes\/slam-dunk-rebuild\/assets\/app\/img\/map-cta.jpg\" alt=\"Contact Us\" class=\"img-fluid\"\/>\n    <\/div>\n<\/div><h2><span style=\"font-weight: 400;\">Por qu\u00e9 debe buscar un acuerdo por muerte por negligencia<\/span><\/h2>\n<p><span style=\"font-weight: 400;\">Uno no espera que un familiar muera repentinamente en un accidente causado por otra persona. Ahora, usted y su familia est\u00e1n de luto por la p\u00e9rdida de su ser querido. El futuro se ve sombr\u00edo, ya que no est\u00e1 seguro de c\u00f3mo mantenerse a flote econ\u00f3micamente.<\/span><\/p>\n<p><span style=\"font-weight: 400;\">Un abogado especializado en muerte por negligencia es emp\u00e1tico y comprensivo con usted y su familia. Reconoce el dolor que usted y sus seres queridos est\u00e1n experimentando. Su abogado le animar\u00e1 a solicitar una indemnizaci\u00f3n a cualquier persona que haya contribuido a la muerte de su ser querido.\u00a0<\/span><\/p>\n<p><span style=\"font-weight: 400;\">Buscar un acuerdo por muerte por negligencia le permite buscar justicia y una indemnizaci\u00f3n por da\u00f1os y perjuicios de quienes causaron da\u00f1o a su familiar fallecido. Si recibe una oferta de acuerdo, no est\u00e1 legalmente obligado a aceptarla. Tiene la opci\u00f3n de llevar su caso a juicio y asegurarse de que el demandado sea consciente del da\u00f1o que le ha causado a usted y a su familia.\u00a0<\/span><\/p>\n\n<div class=\"cta-container map-bg row align-items-center flex-md-row-reverse\">\n    <div class=\"col-md-6\">\n        <p class=\"cta-text rs-content-cta\">Completa un <a href=\"https:\/\/slamdunkattorney.com\/es\/contact-us\/\">Formulario de evaluaci\u00f3n gratuita de su caso<\/a> ahora<\/p>\n    <\/div>\n    <div class=\"col-md-6 col-bg\">\n    <\/div>\n<\/div><h2><span style=\"font-weight: 400;\">Qu\u00e9 esperar si presenta una demanda por muerte por negligencia<\/span><\/h2>\n<p><span style=\"font-weight: 400;\">Un abogado especializado en muerte por negligencia protege sus derechos legales y sus intereses. Su objetivo es que usted y sus familiares se cuiden. Mientras tanto, recopilan pruebas y elaboran un argumento que pueda dejar claro al tribunal que usted debe recibir una indemnizaci\u00f3n completa por da\u00f1os y perjuicios.<\/span><\/p>\n<p><span style=\"font-weight: 400;\">Su abogado puede utilizar los registros m\u00e9dicos, las declaraciones de los testigos y otras pruebas de su caso contra las partes responsables. Si tiene pruebas sustanciales, el demandado podr\u00eda tener dudas sobre su caso contra \u00e9l. Estas dudas podr\u00edan llevar al demandado a presentar una propuesta de acuerdo, que su abogado le comunicar\u00e1.<\/span><\/p>\n<p><span style=\"font-weight: 400;\">Si aprueba un acuerdo, recibir\u00e1 una indemnizaci\u00f3n, y usted o el representante del difunto podr\u00e1n asegurarse de que se distribuya adecuadamente. Sin embargo, es posible que considere que el acuerdo es inferior a lo que ha perdido o que desee llevar su caso a juicio. Su abogado le apoyar\u00e1 en cualquier decisi\u00f3n que tome con respecto al acuerdo.<\/span><\/p>\n<h2><span style=\"font-weight: 400;\">Trabaje con un abogado especializado en homicidio culposo que atiende a sus clientes de manera espec\u00edfica, intencionada y decidida.<\/span><\/h2>\n<p><span style=\"font-weight: 400;\">Slam Dunk Attorney marca la diferencia en nuestra comunidad al desmentir la idea err\u00f3nea de que los bufetes de abogados especializados en lesiones personales solo se preocupan por el dinero. Podemos informarnos sobre su caso de muerte por negligencia y le ayudaremos en todo lo que podamos. Para obtener m\u00e1s informaci\u00f3n, programe una consulta gratuita con nosotros.<\/span><\/p>\n\n<div class=\"cta-container row align-items-center\">\n    <div class=\"col-md-7\">\n        <p class=\"cta-text rs-content-cta\">Llame o env\u00ede un mensaje de texto <a class=\"no-btn\" href=\"tel:+14049513513\">404-951-3513<\/a> o completar un <a href=\"https:\/\/slamdunkattorney.com\/es\/contact-us\/\">Formulario de evaluaci\u00f3n gratuita de su caso<\/a><\/p>\n    <\/div>\n    <div class=\"col-md-5\">\n        <img decoding=\"async\" src=\"https:\/\/slamdunkattorney.com\/wp-content\/themes\/slam-dunk-rebuild\/assets\/app\/img\/map-cta.jpg\" alt=\"Call or Text\" class=\"img-fluid\"\/>\n    <\/div>\n<\/div>","protected":false},"excerpt":{"rendered":"<p>How are wrongful death settlements distributed? Wrongful death settlements are distributed based on the financial situation of a deceased person (decedent) and other factors. A Duluth wrongful death lawyer can provide further details about how a settlement is distributed to a decedent&#8217;s surviving family members. How Wrongful Death Settlements are Distributed in Georgia In Georgia, &#8230;<\/p>","protected":false},"author":2,"featured_media":17309,"parent":5902,"menu_order":0,"comment_status":"closed","ping_status":"closed","template":"","meta":{"_acf_changed":false,"_genesis_hide_title":false,"_genesis_hide_breadcrumbs":false,"_genesis_hide_singular_image":false,"_genesis_hide_footer_widgets":false,"_genesis_custom_body_class":"","_genesis_custom_post_class":"","_genesis_layout":"","ngg_post_thumbnail":0,"footnotes":""},"extra-categories":[],"hc_faqs":[40],"class_list":{"0":"post-17308","1":"page","2":"type-page","3":"status-publish","4":"has-post-thumbnail","6":"hc_faqs-personal-injury","7":"entry"},"acf":[],"yoast_head":"<!-- This site is optimized with the Yoast SEO plugin v27.4 - https:\/\/yoast.com\/product\/yoast-seo-wordpress\/ -->\n<title>How Wrongful Death Settlements Are Distributed | Slam Dunk<\/title>\n<meta name=\"description\" content=\"Find out how wrongful death settlements are distributed from the wrongful death lawyers at Slam Dunk Attorney. Call 24\/7.\" \/>\n<meta name=\"robots\" content=\"index, follow, max-snippet:-1, max-image-preview:large, max-video-preview:-1\" \/>\n<link rel=\"canonical\" href=\"https:\/\/slamdunkattorney.com\/es\/faqs\/how-are-wrongful-death-settlements-distributed\/\" \/>\n<meta property=\"og:locale\" content=\"es_MX\" \/>\n<meta property=\"og:type\" content=\"article\" \/>\n<meta property=\"og:title\" content=\"How Wrongful Death Settlements Are Distributed | Slam Dunk\" \/>\n<meta property=\"og:description\" content=\"Find out how wrongful death settlements are distributed from the wrongful death lawyers at Slam Dunk Attorney. Call 24\/7.\" \/>\n<meta property=\"og:url\" content=\"https:\/\/slamdunkattorney.com\/es\/faqs\/how-are-wrongful-death-settlements-distributed\/\" \/>\n<meta property=\"og:site_name\" content=\"Slam Dunk Attorney | Injury Lawyers\" \/>\n<meta property=\"article:publisher\" content=\"https:\/\/www.facebook.com\/slamdunkattorneyinjurylawyers\/\" \/>\n<meta property=\"article:modified_time\" content=\"2025-03-04T13:31:29+00:00\" \/>\n<meta property=\"og:image\" content=\"https:\/\/slamdunkattorney.com\/wp-content\/uploads\/2025\/03\/how-are-wrongful-death-settlements-distributed.jpg\" \/>\n\t<meta property=\"og:image:width\" content=\"1000\" \/>\n\t<meta property=\"og:image:height\" content=\"667\" \/>\n\t<meta property=\"og:image:type\" content=\"image\/jpeg\" \/>\n<meta name=\"twitter:card\" content=\"summary_large_image\" \/>\n<meta name=\"twitter:site\" content=\"@slamdunkattorney\" \/>\n<meta name=\"twitter:label1\" content=\"Est. reading time\" \/>\n\t<meta name=\"twitter:data1\" content=\"5 minutos\" \/>\n<script type=\"application\/ld+json\" class=\"yoast-schema-graph\">{\"@context\":\"https:\\\/\\\/schema.org\",\"@graph\":[{\"@type\":\"WebPage\",\"@id\":\"https:\\\/\\\/slamdunkattorney.com\\\/faqs\\\/how-are-wrongful-death-settlements-distributed\\\/\",\"url\":\"https:\\\/\\\/slamdunkattorney.com\\\/faqs\\\/how-are-wrongful-death-settlements-distributed\\\/\",\"name\":\"How Wrongful Death Settlements Are Distributed | Slam Dunk\",\"isPartOf\":{\"@id\":\"https:\\\/\\\/slamdunkattorney.com\\\/#website\"},\"primaryImageOfPage\":{\"@id\":\"https:\\\/\\\/slamdunkattorney.com\\\/faqs\\\/how-are-wrongful-death-settlements-distributed\\\/#primaryimage\"},\"image\":{\"@id\":\"https:\\\/\\\/slamdunkattorney.com\\\/faqs\\\/how-are-wrongful-death-settlements-distributed\\\/#primaryimage\"},\"thumbnailUrl\":\"https:\\\/\\\/slamdunkattorney.com\\\/wp-content\\\/uploads\\\/2025\\\/03\\\/how-are-wrongful-death-settlements-distributed.jpg\",\"datePublished\":\"2025-03-04T13:31:11+00:00\",\"dateModified\":\"2025-03-04T13:31:29+00:00\",\"description\":\"Find out how wrongful death settlements are distributed from the wrongful death lawyers at Slam Dunk Attorney. Call 24\\\/7.\",\"breadcrumb\":{\"@id\":\"https:\\\/\\\/slamdunkattorney.com\\\/faqs\\\/how-are-wrongful-death-settlements-distributed\\\/#breadcrumb\"},\"inLanguage\":\"es\",\"potentialAction\":[{\"@type\":\"ReadAction\",\"target\":[\"https:\\\/\\\/slamdunkattorney.com\\\/faqs\\\/how-are-wrongful-death-settlements-distributed\\\/\"]}]},{\"@type\":\"ImageObject\",\"inLanguage\":\"es\",\"@id\":\"https:\\\/\\\/slamdunkattorney.com\\\/faqs\\\/how-are-wrongful-death-settlements-distributed\\\/#primaryimage\",\"url\":\"https:\\\/\\\/slamdunkattorney.com\\\/wp-content\\\/uploads\\\/2025\\\/03\\\/how-are-wrongful-death-settlements-distributed.jpg\",\"contentUrl\":\"https:\\\/\\\/slamdunkattorney.com\\\/wp-content\\\/uploads\\\/2025\\\/03\\\/how-are-wrongful-death-settlements-distributed.jpg\",\"width\":1000,\"height\":667,\"caption\":\"A man with his hand on a coffin at a funeral. How are wrongful death settlements distributed?\"},{\"@type\":\"BreadcrumbList\",\"@id\":\"https:\\\/\\\/slamdunkattorney.com\\\/faqs\\\/how-are-wrongful-death-settlements-distributed\\\/#breadcrumb\",\"itemListElement\":[{\"@type\":\"ListItem\",\"position\":1,\"name\":\"Home\",\"item\":\"https:\\\/\\\/slamdunkattorney.com\\\/\"},{\"@type\":\"ListItem\",\"position\":2,\"name\":\"FAQs\",\"item\":\"https:\\\/\\\/slamdunkattorney.com\\\/faqs\\\/\"},{\"@type\":\"ListItem\",\"position\":3,\"name\":\"How are Wrongful Death Settlements Distributed?\"}]},{\"@type\":\"WebSite\",\"@id\":\"https:\\\/\\\/slamdunkattorney.com\\\/#website\",\"url\":\"https:\\\/\\\/slamdunkattorney.com\\\/\",\"name\":\"Slam Dunk Attorney | Injury Lawyers\",\"description\":\"Duluth Personal Injury Lawyers\",\"publisher\":{\"@id\":\"https:\\\/\\\/slamdunkattorney.com\\\/#organization\"},\"alternateName\":\"Slam Dunk Attorney\",\"inLanguage\":\"es\"},{\"@type\":\"Organization\",\"@id\":\"https:\\\/\\\/slamdunkattorney.com\\\/#organization\",\"name\":\"Slam Dunk Attorney\",\"alternateName\":\"Slam Dunk\",\"url\":\"https:\\\/\\\/slamdunkattorney.com\\\/\",\"logo\":{\"@type\":\"ImageObject\",\"inLanguage\":\"es\",\"@id\":\"https:\\\/\\\/slamdunkattorney.com\\\/#\\\/schema\\\/logo\\\/image\\\/\",\"url\":\"https:\\\/\\\/slamdunkattorney.com\\\/wp-content\\\/uploads\\\/2023\\\/05\\\/cropped-Logo.png\",\"contentUrl\":\"https:\\\/\\\/slamdunkattorney.com\\\/wp-content\\\/uploads\\\/2023\\\/05\\\/cropped-Logo.png\",\"width\":1080,\"height\":240,\"caption\":\"Slam Dunk Attorney\"},\"image\":{\"@id\":\"https:\\\/\\\/slamdunkattorney.com\\\/#\\\/schema\\\/logo\\\/image\\\/\"},\"sameAs\":[\"https:\\\/\\\/www.facebook.com\\\/slamdunkattorneyinjurylawyers\\\/\",\"https:\\\/\\\/x.com\\\/slamdunkattorney\",\"https:\\\/\\\/www.instagram.com\\\/slamdunkattorney\\\/\",\"https:\\\/\\\/www.youtube.com\\\/channel\\\/UCSrOiC7vOjlCi3UgtIVGNtw\",\"https:\\\/\\\/www.linkedin.com\\\/company\\\/slamdunkattorneyinjurylawyers\"]}]}<\/script>\n<!-- \/ Yoast SEO plugin. -->","yoast_head_json":{"title":"How Wrongful Death Settlements Are Distributed | Slam Dunk","description":"Find out how wrongful death settlements are distributed from the wrongful death lawyers at Slam Dunk Attorney. Call 24\/7.","robots":{"index":"index","follow":"follow","max-snippet":"max-snippet:-1","max-image-preview":"max-image-preview:large","max-video-preview":"max-video-preview:-1"},"canonical":"https:\/\/slamdunkattorney.com\/es\/faqs\/how-are-wrongful-death-settlements-distributed\/","og_locale":"es_MX","og_type":"article","og_title":"How Wrongful Death Settlements Are Distributed | Slam Dunk","og_description":"Find out how wrongful death settlements are distributed from the wrongful death lawyers at Slam Dunk Attorney. Call 24\/7.","og_url":"https:\/\/slamdunkattorney.com\/es\/faqs\/how-are-wrongful-death-settlements-distributed\/","og_site_name":"Slam Dunk Attorney | Injury Lawyers","article_publisher":"https:\/\/www.facebook.com\/slamdunkattorneyinjurylawyers\/","article_modified_time":"2025-03-04T13:31:29+00:00","og_image":[{"width":1000,"height":667,"url":"https:\/\/slamdunkattorney.com\/wp-content\/uploads\/2025\/03\/how-are-wrongful-death-settlements-distributed.jpg","type":"image\/jpeg"}],"twitter_card":"summary_large_image","twitter_site":"@slamdunkattorney","twitter_misc":{"Est. reading time":"5 minutos"},"schema":{"@context":"https:\/\/schema.org","@graph":[{"@type":"WebPage","@id":"https:\/\/slamdunkattorney.com\/faqs\/how-are-wrongful-death-settlements-distributed\/","url":"https:\/\/slamdunkattorney.com\/faqs\/how-are-wrongful-death-settlements-distributed\/","name":"How Wrongful Death Settlements Are Distributed | Slam Dunk","isPartOf":{"@id":"https:\/\/slamdunkattorney.com\/#website"},"primaryImageOfPage":{"@id":"https:\/\/slamdunkattorney.com\/faqs\/how-are-wrongful-death-settlements-distributed\/#primaryimage"},"image":{"@id":"https:\/\/slamdunkattorney.com\/faqs\/how-are-wrongful-death-settlements-distributed\/#primaryimage"},"thumbnailUrl":"https:\/\/slamdunkattorney.com\/wp-content\/uploads\/2025\/03\/how-are-wrongful-death-settlements-distributed.jpg","datePublished":"2025-03-04T13:31:11+00:00","dateModified":"2025-03-04T13:31:29+00:00","description":"Find out how wrongful death settlements are distributed from the wrongful death lawyers at Slam Dunk Attorney. Call 24\/7.","breadcrumb":{"@id":"https:\/\/slamdunkattorney.com\/faqs\/how-are-wrongful-death-settlements-distributed\/#breadcrumb"},"inLanguage":"es","potentialAction":[{"@type":"ReadAction","target":["https:\/\/slamdunkattorney.com\/faqs\/how-are-wrongful-death-settlements-distributed\/"]}]},{"@type":"ImageObject","inLanguage":"es","@id":"https:\/\/slamdunkattorney.com\/faqs\/how-are-wrongful-death-settlements-distributed\/#primaryimage","url":"https:\/\/slamdunkattorney.com\/wp-content\/uploads\/2025\/03\/how-are-wrongful-death-settlements-distributed.jpg","contentUrl":"https:\/\/slamdunkattorney.com\/wp-content\/uploads\/2025\/03\/how-are-wrongful-death-settlements-distributed.jpg","width":1000,"height":667,"caption":"A man with his hand on a coffin at a funeral. How are wrongful death settlements distributed?"},{"@type":"BreadcrumbList","@id":"https:\/\/slamdunkattorney.com\/faqs\/how-are-wrongful-death-settlements-distributed\/#breadcrumb","itemListElement":[{"@type":"ListItem","position":1,"name":"Home","item":"https:\/\/slamdunkattorney.com\/"},{"@type":"ListItem","position":2,"name":"FAQs","item":"https:\/\/slamdunkattorney.com\/faqs\/"},{"@type":"ListItem","position":3,"name":"How are Wrongful Death Settlements Distributed?"}]},{"@type":"WebSite","@id":"https:\/\/slamdunkattorney.com\/#website","url":"https:\/\/slamdunkattorney.com\/","name":"Abogado experto en lesiones | Abogados especializados en lesiones","description":"Abogados de lesiones personales en Duluth","publisher":{"@id":"https:\/\/slamdunkattorney.com\/#organization"},"alternateName":"Slam Dunk Attorney","inLanguage":"es"},{"@type":"Organization","@id":"https:\/\/slamdunkattorney.com\/#organization","name":"Abogado Slam Dunk","alternateName":"Slam Dunk","url":"https:\/\/slamdunkattorney.com\/","logo":{"@type":"ImageObject","inLanguage":"es","@id":"https:\/\/slamdunkattorney.com\/#\/schema\/logo\/image\/","url":"https:\/\/slamdunkattorney.com\/wp-content\/uploads\/2023\/05\/cropped-Logo.png","contentUrl":"https:\/\/slamdunkattorney.com\/wp-content\/uploads\/2023\/05\/cropped-Logo.png","width":1080,"height":240,"caption":"Slam Dunk Attorney"},"image":{"@id":"https:\/\/slamdunkattorney.com\/#\/schema\/logo\/image\/"},"sameAs":["https:\/\/www.facebook.com\/slamdunkattorneyinjurylawyers\/","https:\/\/x.com\/slamdunkattorney","https:\/\/www.instagram.com\/slamdunkattorney\/","https:\/\/www.youtube.com\/channel\/UCSrOiC7vOjlCi3UgtIVGNtw","https:\/\/www.linkedin.com\/company\/slamdunkattorneyinjurylawyers"]}]}},"yoast_meta":{"yoast_wpseo_title":"","yoast_wpseo_metadesc":"","yoast_wpseo_canonical":"https:\/\/slamdunkattorney.com\/es\/wp-json\/wp\/v2\/pages\/17308"},"_links":{"self":[{"href":"https:\/\/slamdunkattorney.com\/es\/wp-json\/wp\/v2\/pages\/17308","targetHints":{"allow":["GET"]}}],"collection":[{"href":"https:\/\/slamdunkattorney.com\/es\/wp-json\/wp\/v2\/pages"}],"about":[{"href":"https:\/\/slamdunkattorney.com\/es\/wp-json\/wp\/v2\/types\/page"}],"author":[{"embeddable":true,"href":"https:\/\/slamdunkattorney.com\/es\/wp-json\/wp\/v2\/users\/2"}],"replies":[{"embeddable":true,"href":"https:\/\/slamdunkattorney.com\/es\/wp-json\/wp\/v2\/comments?post=17308"}],"version-history":[{"count":0,"href":"https:\/\/slamdunkattorney.com\/es\/wp-json\/wp\/v2\/pages\/17308\/revisions"}],"up":[{"embeddable":true,"href":"https:\/\/slamdunkattorney.com\/es\/wp-json\/wp\/v2\/pages\/5902"}],"wp:featuredmedia":[{"embeddable":true,"href":"https:\/\/slamdunkattorney.com\/es\/wp-json\/wp\/v2\/media\/17309"}],"wp:attachment":[{"href":"https:\/\/slamdunkattorney.com\/es\/wp-json\/wp\/v2\/media?parent=17308"}],"wp:term":[{"taxonomy":"extra-categories","embeddable":true,"href":"https:\/\/slamdunkattorney.com\/es\/wp-json\/wp\/v2\/extra-categories?post=17308"},{"taxonomy":"hc_faqs","embeddable":true,"href":"https:\/\/slamdunkattorney.com\/es\/wp-json\/wp\/v2\/hc_faqs?post=17308"}],"curies":[{"name":"wp","href":"https:\/\/api.w.org\/{rel}","templated":true}]}}