{"id":17306,"date":"2025-03-04T13:28:31","date_gmt":"2025-03-04T13:28:31","guid":{"rendered":"https:\/\/slamdunk.wpenginepowered.com\/?page_id=17306"},"modified":"2025-05-16T22:56:41","modified_gmt":"2025-05-16T22:56:41","slug":"how-are-damages-calculated-in-a-wrongful-death-case","status":"publish","type":"page","link":"https:\/\/slamdunkattorney.com\/es\/faqs\/how-are-damages-calculated-in-a-wrongful-death-case\/","title":{"rendered":"\u00bfC\u00f3mo se calculan los da\u00f1os y perjuicios en un caso de muerte por negligencia?"},"content":{"rendered":"<p><span style=\"font-weight: 400;\">\u00bfC\u00f3mo se calculan los da\u00f1os y perjuicios en un caso de muerte por negligencia? Puede parecer duro e imposible comprender el valor de una demanda por muerte por negligencia, especialmente si acaba de perder a un familiar.\u00a0<\/span><\/p>\n<p><span style=\"font-weight: 400;\">Indemnizaci\u00f3n por un caso de muerte por negligencia<\/span><b> considera las p\u00e9rdidas que la persona habr\u00eda sufrido si hubiera vivido<\/b><span style=\"font-weight: 400;\">, as\u00ed como una indemnizaci\u00f3n por las p\u00e9rdidas sufridas por la familia, as\u00ed que aseg\u00farese de hablar con un <\/span><a href=\"https:\/\/slamdunkattorney.com\/es\/duluth\/wrongful-death-lawyer\/\"><span style=\"font-weight: 400;\">Abogado especializado en muerte por negligencia en Duluth<\/span><\/a><span style=\"font-weight: 400;\"> hoy.<\/span><\/p>\n<h2><span style=\"font-weight: 400;\">Comprender una demanda por muerte por negligencia<\/span><\/h2>\n<p><span style=\"font-weight: 400;\">Una demanda por muerte por negligencia permite a los herederos o familiares de una persona que falleci\u00f3 como resultado de las acciones negligentes o imprudentes de otra persona recuperar las p\u00e9rdidas sufridas. Estas demandas son acciones civiles presentadas contra la parte responsable del incidente. El objetivo de la demanda es proporcionar una compensaci\u00f3n econ\u00f3mica que cubra las p\u00e9rdidas sufridas tanto antes como despu\u00e9s del fallecimiento.<\/span><\/p>\n<p><b>Los familiares cercanos tienen derecho a tomar esta medida.<\/b><span style=\"font-weight: 400;\">, comenzando por el c\u00f3nyuge o pareja legalmente reconocida, los hijos de la persona o sus padres, dependiendo de qu\u00e9 familiares est\u00e9n presentes. En situaciones en las que la familia no est\u00e1 disponible o se designa a un representante personal, dicha parte puede actuar en nombre del patrimonio. Corresponde a la persona o personas que presentan la reclamaci\u00f3n documentar minuciosamente todas las p\u00e9rdidas sufridas.<\/span><\/p>\n<p><span style=\"font-weight: 400;\">Lo que hace que esto sea un reto es que no siempre es f\u00e1cil saber cu\u00e1les son tus p\u00e9rdidas. No hay un valor autom\u00e1tico que se le pueda dar a la vida de una persona, especialmente si era joven y ten\u00eda muchos a\u00f1os por delante. Sin embargo, hay algunas pautas que pueden ayudarte, como familia, a calcular estas p\u00e9rdidas para que puedas presentar una reclamaci\u00f3n completa que te mereces de manera justa.<\/span><\/p>\n\n<div class=\"cta-container row align-items-center\">\n    <div class=\"col-md-7\">\n        <p class=\"cta-text rs-content-cta\">Orgullosos de servir a Duluth y a todo Georgia <span>\u00a1Cont\u00e1ctenos para comenzar su recuperaci\u00f3n!<\/span> <a href=\"https:\/\/slamdunkattorney.com\/es\/\">Explore nuestras \u00e1reas de pr\u00e1ctica<\/a><\/p>\n    <\/div>\n    <div class=\"col-md-5\">\n        <img decoding=\"async\" src=\"https:\/\/slamdunkattorney.com\/wp-content\/themes\/slam-dunk-rebuild\/assets\/app\/img\/map-cta.jpg\" alt=\"Legal Consultation\" class=\"img-fluid\"\/>\n    <\/div>\n<\/div><h2><span style=\"font-weight: 400;\">Da\u00f1os econ\u00f3micos en una demanda por muerte por negligencia<\/span><\/h2>\n<p><span style=\"font-weight: 400;\">Como parte del c\u00e1lculo de los da\u00f1os y perjuicios en muchas demandas por homicidio culposo (<\/span><span style=\"font-weight: 400;\">C\u00f3digo de Georgia \u00a7 51-4-2<\/span><span style=\"font-weight: 400;\">), <\/span><b>da\u00f1os econ\u00f3micos<\/b><span style=\"font-weight: 400;\"> responsabilidad por las p\u00e9rdidas econ\u00f3micas que usted o su familiar hayan sufrido como consecuencia del incidente y la muerte. Estos da\u00f1os suelen ser sencillos de calcular, ya que se pueden determinar f\u00e1cilmente a partir de las facturas m\u00e9dicas y el tiempo de trabajo perdido documentado. Algunos ejemplos de da\u00f1os econ\u00f3micos que pueden formar parte de una demanda por muerte por negligencia son:<\/span><\/p>\n<ul>\n<li style=\"font-weight: 400;\" aria-level=\"1\"><b>Gastos m\u00e9dicos<\/b>:<span style=\"font-weight: 400;\"> Esto incluye cualquier atenci\u00f3n m\u00e9dica prestada antes del fallecimiento de la persona tras el accidente. Puede incluir los gastos de hospitalizaci\u00f3n, la atenci\u00f3n m\u00e9dica de urgencia, las cirug\u00edas y cualquier otra atenci\u00f3n que haya recibido.<\/span><\/li>\n<li style=\"font-weight: 400;\" aria-level=\"1\"><b>Gastos de funeral y entierro<\/b>: <span style=\"font-weight: 400;\">Puede incluir el costo de los arreglos finales para su familiar. Esto puede incluir los costos del funeral y el entierro o los costos de la cremaci\u00f3n, seg\u00fan sus necesidades.<\/span><\/li>\n<li style=\"font-weight: 400;\" aria-level=\"1\"><b>P\u00e9rdida de ingresos<\/b>:<span style=\"font-weight: 400;\"> Puede presentar una demanda que incluya las p\u00e9rdidas econ\u00f3micas derivadas de las faltas de asistencia al trabajo antes de su fallecimiento. Adem\u00e1s, puede presentar una demanda por p\u00e9rdida de capacidad de ingresos. Este valor depende de varios factores, entre ellos su ocupaci\u00f3n, edad, educaci\u00f3n y la trayectoria prevista de su carrera a lo largo del tiempo. Su abogado le ayudar\u00e1 a determinar cu\u00e1les podr\u00edan ser estas p\u00e9rdidas.<\/span><\/li>\n<li style=\"font-weight: 400;\" aria-level=\"1\"><b>P\u00e9rdida de apoyo<\/b>: <span style=\"font-weight: 400;\">Otra forma de p\u00e9rdida econ\u00f3mica se refiere a la p\u00e9rdida del apoyo y los servicios de la persona. Esto podr\u00eda incluir el valor de los servicios que habr\u00eda prestado si hubiera seguido con vida. Algunos ejemplos podr\u00edan ser los gastos de cuidado de los ni\u00f1os o del hogar.<\/span><\/li>\n<\/ul>\n<p><span style=\"font-weight: 400;\">Sus da\u00f1os econ\u00f3micos deben ser considerables. Su abogado le ayudar\u00e1 a calcularlos bas\u00e1ndose en todos los aspectos de las p\u00e9rdidas sufridas. Si presenta una demanda solo por estas p\u00e9rdidas, en la mayor\u00eda de los casos no recibir\u00e1 una indemnizaci\u00f3n justa.<\/span><\/p>\n<h2><span style=\"font-weight: 400;\">P\u00e9rdidas no econ\u00f3micas en casos de muerte por negligencia<\/span><\/h2>\n<p><span style=\"font-weight: 400;\">Las p\u00e9rdidas no econ\u00f3micas son aquellas relacionadas con las p\u00e9rdidas menos tangibles a las que usted se enfrenta ahora y a las que se enfrent\u00f3 su ser querido antes de su fallecimiento. Casi todos los casos de muerte por negligencia incluyen p\u00e9rdidas no econ\u00f3micas derivadas simplemente del dolor y el sufrimiento que conlleva una situaci\u00f3n tan horrible. Algunos ejemplos de las p\u00e9rdidas que su abogado puede ayudarle a reclamar son:<\/span><\/p>\n<ul>\n<li style=\"font-weight: 400;\" aria-level=\"1\"><b>El dolor y el sufrimiento de tu ser querido<\/b>:<span style=\"font-weight: 400;\"> Antes de su fallecimiento, es posible que hayan sufrido un dolor significativo y p\u00e9rdidas catastr\u00f3ficas como consecuencia del incidente.<\/span><\/li>\n<li style=\"font-weight: 400;\" aria-level=\"1\"><b>Angustia emocional<\/b><span style=\"font-weight: 400;\">: Es posible que su familiar tambi\u00e9n haya sufrido angustia emocional por el incidente y durante todo el tratamiento m\u00e9dico.<\/span><\/li>\n<li style=\"font-weight: 400;\" aria-level=\"1\"><b>Dolor y sufrimiento para los familiares<\/b>: <span style=\"font-weight: 400;\">Los familiares directos tambi\u00e9n sufren p\u00e9rdidas significativas en este \u00e1mbito debido a la complejidad de este tipo de reclamaciones.<\/span><\/li>\n<li style=\"font-weight: 400;\" aria-level=\"1\"><b>P\u00e9rdida de compa\u00f1\u00eda y consorcio<\/b>: <span style=\"font-weight: 400;\">No tener a esta persona en tu vida te hace perder cosas de muchas maneras.<\/span><\/li>\n<\/ul>\n<p><span style=\"font-weight: 400;\">El monto de la indemnizaci\u00f3n que recibir\u00e1 por da\u00f1os no econ\u00f3micos depende de la gravedad y el tipo de accidente, as\u00ed como del impacto que esta p\u00e9rdida tendr\u00e1 en su futuro. Su <\/span><a href=\"https:\/\/slamdunkattorney.com\/es\/\"><span style=\"font-weight: 400;\">Abogado especializado en lesiones personales en Duluth<\/span><\/a><span style=\"font-weight: 400;\"> Trabajaremos muy de cerca con usted para comprender todos los aspectos de esta p\u00e9rdida, incluyendo c\u00f3mo puede afectar a sus relaciones, su capacidad para desarrollar su propia carrera profesional y la capacidad de su hijo para conocer a sus padres.<\/span><\/p>\n\n<div class=\"cta-container row align-items-center\">\n    <div class=\"col-md-7\">\n        <p class=\"cta-text rs-content-cta\"><a class=\"no-btn\" href=\"https:\/\/slamdunkattorney.com\/es\/contact-us\/\">Haga clic para contactar<\/a> nuestros abogados especializados en lesiones personales hoy mismo<\/p>\n    <\/div>\n    <div class=\"col-md-5\">\n        <img decoding=\"async\" src=\"https:\/\/slamdunkattorney.com\/wp-content\/themes\/slam-dunk-rebuild\/assets\/app\/img\/map-cta.jpg\" alt=\"Contact Us\" class=\"img-fluid\"\/>\n    <\/div>\n<\/div><h2><span style=\"font-weight: 400;\">Calcular estas p\u00e9rdidas puede resultar complejo.<\/span><\/h2>\n<p><span style=\"font-weight: 400;\">Todo tipo de p\u00e9rdidas por muerte por negligencia pueden ser dif\u00edciles de calcular, ya que es complicado saber c\u00f3mo valorar cada situaci\u00f3n. Sin embargo, con la orientaci\u00f3n de un abogado especializado en muerte por negligencia, es posible que usted pueda hacerse una idea m\u00e1s clara de las p\u00e9rdidas que pueden aplicarse en su caso. Hable con un abogado antes de:<\/span><\/p>\n<ul>\n<li style=\"font-weight: 400;\" aria-level=\"1\"><span style=\"font-weight: 400;\">Usted presenta una reclamaci\u00f3n contra cualquier parte.<\/span><\/li>\n<li style=\"font-weight: 400;\" aria-level=\"1\"><span style=\"font-weight: 400;\">Resuelva su reclamaci\u00f3n por p\u00e9rdidas por muerte por negligencia.<\/span><\/li>\n<li style=\"font-weight: 400;\" aria-level=\"1\"><span style=\"font-weight: 400;\">Aceptar cualquier tipo de oferta de acuerdo.<\/span><\/li>\n<li style=\"font-weight: 400;\" aria-level=\"1\"><span style=\"font-weight: 400;\">Acudir a los tribunales para luchar por una indemnizaci\u00f3n.<\/span><\/li>\n<li style=\"font-weight: 400;\" aria-level=\"1\"><span style=\"font-weight: 400;\">Lim\u00edtate a buscar justicia para tu ser querido.<\/span><\/li>\n<\/ul>\n<p><span style=\"font-weight: 400;\">La indemnizaci\u00f3n por muerte por negligencia es valiosa simplemente porque es fundamental para reconstruir las vidas de las familias que han sufrido un da\u00f1o irreparable. En estas situaciones, contar con un equipo legal que brinde informaci\u00f3n <\/span><a href=\"https:\/\/slamdunkattorney.com\/es\/faqs\/\"><span style=\"font-weight: 400;\">Preguntas frecuentes<\/span><\/a><span style=\"font-weight: 400;\"> Guiarlo a lo largo del proceso le quita presi\u00f3n y permite que alguien luche por la justicia de su familiar.<\/span><\/p>\n\n<div class=\"cta-container map-bg row align-items-center flex-md-row-reverse\">\n    <div class=\"col-md-6\">\n        <p class=\"cta-text rs-content-cta\">Completa un <a href=\"https:\/\/slamdunkattorney.com\/es\/contact-us\/\">Formulario de evaluaci\u00f3n gratuita de su caso<\/a> ahora<\/p>\n    <\/div>\n    <div class=\"col-md-6 col-bg\">\n    <\/div>\n<\/div><h2><span style=\"font-weight: 400;\">Encuentre un abogado dispuesto a luchar por una indemnizaci\u00f3n completa y justa por la p\u00e9rdida de su familiar.<\/span><\/h2>\n<p><span style=\"font-weight: 400;\">El valor de los da\u00f1os y perjuicios en una demanda por muerte por negligencia en Georgia se basa en las pruebas que presenta la familia para determinar el valor de todas las p\u00e9rdidas sufridas por la persona fallecida y los familiares sobrevivientes. Se trata de una cifra compleja que requiere la orientaci\u00f3n de un abogado. P\u00f3ngase en contacto con Slam Dunk Attorney ahora mismo para obtener una<\/span><b> consulta gratuita <\/b><span style=\"font-weight: 400;\">para hablar sobre sus derechos.<\/span><\/p>\n\n<div class=\"cta-container row align-items-center\">\n    <div class=\"col-md-7\">\n        <p class=\"cta-text rs-content-cta\">Llame o env\u00ede un mensaje de texto <a class=\"no-btn\" href=\"tel:+14049513513\">404-951-3513<\/a> o completar un <a href=\"https:\/\/slamdunkattorney.com\/es\/contact-us\/\">Formulario de evaluaci\u00f3n gratuita de su caso<\/a><\/p>\n    <\/div>\n    <div class=\"col-md-5\">\n        <img decoding=\"async\" src=\"https:\/\/slamdunkattorney.com\/wp-content\/themes\/slam-dunk-rebuild\/assets\/app\/img\/map-cta.jpg\" alt=\"Call or Text\" class=\"img-fluid\"\/>\n    <\/div>\n<\/div>","protected":false},"excerpt":{"rendered":"<p>How are damages calculated in a wrongful death case? It can seem harsh and impossible to understand the value of a wrongful death claim, especially if you have just lost your family member.\u00a0 Compensation for a wrongful death case considers the losses the individual would have received if they lived, as well as compensation for &#8230;<\/p>","protected":false},"author":2,"featured_media":17307,"parent":5902,"menu_order":0,"comment_status":"closed","ping_status":"closed","template":"","meta":{"_acf_changed":false,"_genesis_hide_title":false,"_genesis_hide_breadcrumbs":false,"_genesis_hide_singular_image":false,"_genesis_hide_footer_widgets":false,"_genesis_custom_body_class":"","_genesis_custom_post_class":"","_genesis_layout":"","ngg_post_thumbnail":0,"footnotes":""},"extra-categories":[],"hc_faqs":[40],"class_list":{"0":"post-17306","1":"page","2":"type-page","3":"status-publish","4":"has-post-thumbnail","6":"hc_faqs-personal-injury","7":"entry"},"acf":[],"yoast_head":"<!-- This site is optimized with the Yoast SEO plugin v27.4 - https:\/\/yoast.com\/product\/yoast-seo-wordpress\/ -->\n<title>How Damages Are Calculated in a Wrongful Death Case<\/title>\n<meta name=\"description\" content=\"Find out how damages are calculated in a wrongful death case from the team at Slam Dunk Attorney. Call for a free consultation.\" \/>\n<meta name=\"robots\" content=\"index, follow, max-snippet:-1, max-image-preview:large, max-video-preview:-1\" \/>\n<link rel=\"canonical\" href=\"https:\/\/slamdunkattorney.com\/es\/faqs\/how-are-damages-calculated-in-a-wrongful-death-case\/\" \/>\n<meta property=\"og:locale\" content=\"es_MX\" \/>\n<meta property=\"og:type\" content=\"article\" \/>\n<meta property=\"og:title\" content=\"How Damages Are Calculated in a Wrongful Death Case\" \/>\n<meta property=\"og:description\" content=\"Find out how damages are calculated in a wrongful death case from the team at Slam Dunk Attorney. Call for a free consultation.\" \/>\n<meta property=\"og:url\" content=\"https:\/\/slamdunkattorney.com\/es\/faqs\/how-are-damages-calculated-in-a-wrongful-death-case\/\" \/>\n<meta property=\"og:site_name\" content=\"Slam Dunk Attorney | Injury Lawyers\" \/>\n<meta property=\"article:publisher\" content=\"https:\/\/www.facebook.com\/slamdunkattorneyinjurylawyers\/\" \/>\n<meta property=\"article:modified_time\" content=\"2025-05-16T22:56:41+00:00\" \/>\n<meta property=\"og:image\" content=\"https:\/\/slamdunkattorney.com\/wp-content\/uploads\/2025\/03\/do-you-have-to-get-an-autopsy-for-a-wrongful-death-lawsuit-in-georgia-1.jpg\" \/>\n\t<meta property=\"og:image:width\" content=\"1000\" \/>\n\t<meta property=\"og:image:height\" content=\"667\" \/>\n\t<meta property=\"og:image:type\" content=\"image\/jpeg\" \/>\n<meta name=\"twitter:card\" content=\"summary_large_image\" \/>\n<meta name=\"twitter:site\" content=\"@slamdunkattorney\" \/>\n<meta name=\"twitter:label1\" content=\"Est. reading time\" \/>\n\t<meta name=\"twitter:data1\" content=\"5 minutos\" \/>\n<script type=\"application\/ld+json\" class=\"yoast-schema-graph\">{\"@context\":\"https:\\\/\\\/schema.org\",\"@graph\":[{\"@type\":\"WebPage\",\"@id\":\"https:\\\/\\\/slamdunkattorney.com\\\/faqs\\\/how-are-damages-calculated-in-a-wrongful-death-case\\\/\",\"url\":\"https:\\\/\\\/slamdunkattorney.com\\\/faqs\\\/how-are-damages-calculated-in-a-wrongful-death-case\\\/\",\"name\":\"How Damages Are Calculated in a Wrongful Death Case\",\"isPartOf\":{\"@id\":\"https:\\\/\\\/slamdunkattorney.com\\\/#website\"},\"primaryImageOfPage\":{\"@id\":\"https:\\\/\\\/slamdunkattorney.com\\\/faqs\\\/how-are-damages-calculated-in-a-wrongful-death-case\\\/#primaryimage\"},\"image\":{\"@id\":\"https:\\\/\\\/slamdunkattorney.com\\\/faqs\\\/how-are-damages-calculated-in-a-wrongful-death-case\\\/#primaryimage\"},\"thumbnailUrl\":\"https:\\\/\\\/slamdunkattorney.com\\\/wp-content\\\/uploads\\\/2025\\\/03\\\/do-you-have-to-get-an-autopsy-for-a-wrongful-death-lawsuit-in-georgia-1.jpg\",\"datePublished\":\"2025-03-04T13:28:31+00:00\",\"dateModified\":\"2025-05-16T22:56:41+00:00\",\"description\":\"Find out how damages are calculated in a wrongful death case from the team at Slam Dunk Attorney. Call for a free consultation.\",\"breadcrumb\":{\"@id\":\"https:\\\/\\\/slamdunkattorney.com\\\/faqs\\\/how-are-damages-calculated-in-a-wrongful-death-case\\\/#breadcrumb\"},\"inLanguage\":\"es\",\"potentialAction\":[{\"@type\":\"ReadAction\",\"target\":[\"https:\\\/\\\/slamdunkattorney.com\\\/faqs\\\/how-are-damages-calculated-in-a-wrongful-death-case\\\/\"]}]},{\"@type\":\"ImageObject\",\"inLanguage\":\"es\",\"@id\":\"https:\\\/\\\/slamdunkattorney.com\\\/faqs\\\/how-are-damages-calculated-in-a-wrongful-death-case\\\/#primaryimage\",\"url\":\"https:\\\/\\\/slamdunkattorney.com\\\/wp-content\\\/uploads\\\/2025\\\/03\\\/do-you-have-to-get-an-autopsy-for-a-wrongful-death-lawsuit-in-georgia-1.jpg\",\"contentUrl\":\"https:\\\/\\\/slamdunkattorney.com\\\/wp-content\\\/uploads\\\/2025\\\/03\\\/do-you-have-to-get-an-autopsy-for-a-wrongful-death-lawsuit-in-georgia-1.jpg\",\"width\":1000,\"height\":667,\"caption\":\"A man placing a white rose on a coffin. How are damages calculated in a wrongful death case?\"},{\"@type\":\"BreadcrumbList\",\"@id\":\"https:\\\/\\\/slamdunkattorney.com\\\/faqs\\\/how-are-damages-calculated-in-a-wrongful-death-case\\\/#breadcrumb\",\"itemListElement\":[{\"@type\":\"ListItem\",\"position\":1,\"name\":\"Home\",\"item\":\"https:\\\/\\\/slamdunkattorney.com\\\/\"},{\"@type\":\"ListItem\",\"position\":2,\"name\":\"FAQs\",\"item\":\"https:\\\/\\\/slamdunkattorney.com\\\/faqs\\\/\"},{\"@type\":\"ListItem\",\"position\":3,\"name\":\"How Are Damages Calculated in a Wrongful Death Case?\"}]},{\"@type\":\"WebSite\",\"@id\":\"https:\\\/\\\/slamdunkattorney.com\\\/#website\",\"url\":\"https:\\\/\\\/slamdunkattorney.com\\\/\",\"name\":\"Slam Dunk Attorney | Injury Lawyers\",\"description\":\"Duluth Personal Injury Lawyers\",\"publisher\":{\"@id\":\"https:\\\/\\\/slamdunkattorney.com\\\/#organization\"},\"alternateName\":\"Slam Dunk Attorney\",\"inLanguage\":\"es\"},{\"@type\":\"Organization\",\"@id\":\"https:\\\/\\\/slamdunkattorney.com\\\/#organization\",\"name\":\"Slam Dunk Attorney\",\"alternateName\":\"Slam Dunk\",\"url\":\"https:\\\/\\\/slamdunkattorney.com\\\/\",\"logo\":{\"@type\":\"ImageObject\",\"inLanguage\":\"es\",\"@id\":\"https:\\\/\\\/slamdunkattorney.com\\\/#\\\/schema\\\/logo\\\/image\\\/\",\"url\":\"https:\\\/\\\/slamdunkattorney.com\\\/wp-content\\\/uploads\\\/2023\\\/05\\\/cropped-Logo.png\",\"contentUrl\":\"https:\\\/\\\/slamdunkattorney.com\\\/wp-content\\\/uploads\\\/2023\\\/05\\\/cropped-Logo.png\",\"width\":1080,\"height\":240,\"caption\":\"Slam Dunk Attorney\"},\"image\":{\"@id\":\"https:\\\/\\\/slamdunkattorney.com\\\/#\\\/schema\\\/logo\\\/image\\\/\"},\"sameAs\":[\"https:\\\/\\\/www.facebook.com\\\/slamdunkattorneyinjurylawyers\\\/\",\"https:\\\/\\\/x.com\\\/slamdunkattorney\",\"https:\\\/\\\/www.instagram.com\\\/slamdunkattorney\\\/\",\"https:\\\/\\\/www.youtube.com\\\/channel\\\/UCSrOiC7vOjlCi3UgtIVGNtw\",\"https:\\\/\\\/www.linkedin.com\\\/company\\\/slamdunkattorneyinjurylawyers\"]}]}<\/script>\n<!-- \/ Yoast SEO plugin. -->","yoast_head_json":{"title":"How Damages Are Calculated in a Wrongful Death Case","description":"Find out how damages are calculated in a wrongful death case from the team at Slam Dunk Attorney. Call for a free consultation.","robots":{"index":"index","follow":"follow","max-snippet":"max-snippet:-1","max-image-preview":"max-image-preview:large","max-video-preview":"max-video-preview:-1"},"canonical":"https:\/\/slamdunkattorney.com\/es\/faqs\/how-are-damages-calculated-in-a-wrongful-death-case\/","og_locale":"es_MX","og_type":"article","og_title":"How Damages Are Calculated in a Wrongful Death Case","og_description":"Find out how damages are calculated in a wrongful death case from the team at Slam Dunk Attorney. Call for a free consultation.","og_url":"https:\/\/slamdunkattorney.com\/es\/faqs\/how-are-damages-calculated-in-a-wrongful-death-case\/","og_site_name":"Slam Dunk Attorney | Injury Lawyers","article_publisher":"https:\/\/www.facebook.com\/slamdunkattorneyinjurylawyers\/","article_modified_time":"2025-05-16T22:56:41+00:00","og_image":[{"width":1000,"height":667,"url":"https:\/\/slamdunkattorney.com\/wp-content\/uploads\/2025\/03\/do-you-have-to-get-an-autopsy-for-a-wrongful-death-lawsuit-in-georgia-1.jpg","type":"image\/jpeg"}],"twitter_card":"summary_large_image","twitter_site":"@slamdunkattorney","twitter_misc":{"Est. reading time":"5 minutos"},"schema":{"@context":"https:\/\/schema.org","@graph":[{"@type":"WebPage","@id":"https:\/\/slamdunkattorney.com\/faqs\/how-are-damages-calculated-in-a-wrongful-death-case\/","url":"https:\/\/slamdunkattorney.com\/faqs\/how-are-damages-calculated-in-a-wrongful-death-case\/","name":"How Damages Are Calculated in a Wrongful Death Case","isPartOf":{"@id":"https:\/\/slamdunkattorney.com\/#website"},"primaryImageOfPage":{"@id":"https:\/\/slamdunkattorney.com\/faqs\/how-are-damages-calculated-in-a-wrongful-death-case\/#primaryimage"},"image":{"@id":"https:\/\/slamdunkattorney.com\/faqs\/how-are-damages-calculated-in-a-wrongful-death-case\/#primaryimage"},"thumbnailUrl":"https:\/\/slamdunkattorney.com\/wp-content\/uploads\/2025\/03\/do-you-have-to-get-an-autopsy-for-a-wrongful-death-lawsuit-in-georgia-1.jpg","datePublished":"2025-03-04T13:28:31+00:00","dateModified":"2025-05-16T22:56:41+00:00","description":"Find out how damages are calculated in a wrongful death case from the team at Slam Dunk Attorney. Call for a free consultation.","breadcrumb":{"@id":"https:\/\/slamdunkattorney.com\/faqs\/how-are-damages-calculated-in-a-wrongful-death-case\/#breadcrumb"},"inLanguage":"es","potentialAction":[{"@type":"ReadAction","target":["https:\/\/slamdunkattorney.com\/faqs\/how-are-damages-calculated-in-a-wrongful-death-case\/"]}]},{"@type":"ImageObject","inLanguage":"es","@id":"https:\/\/slamdunkattorney.com\/faqs\/how-are-damages-calculated-in-a-wrongful-death-case\/#primaryimage","url":"https:\/\/slamdunkattorney.com\/wp-content\/uploads\/2025\/03\/do-you-have-to-get-an-autopsy-for-a-wrongful-death-lawsuit-in-georgia-1.jpg","contentUrl":"https:\/\/slamdunkattorney.com\/wp-content\/uploads\/2025\/03\/do-you-have-to-get-an-autopsy-for-a-wrongful-death-lawsuit-in-georgia-1.jpg","width":1000,"height":667,"caption":"A man placing a white rose on a coffin. How are damages calculated in a wrongful death case?"},{"@type":"BreadcrumbList","@id":"https:\/\/slamdunkattorney.com\/faqs\/how-are-damages-calculated-in-a-wrongful-death-case\/#breadcrumb","itemListElement":[{"@type":"ListItem","position":1,"name":"Home","item":"https:\/\/slamdunkattorney.com\/"},{"@type":"ListItem","position":2,"name":"FAQs","item":"https:\/\/slamdunkattorney.com\/faqs\/"},{"@type":"ListItem","position":3,"name":"How Are Damages Calculated in a Wrongful Death Case?"}]},{"@type":"WebSite","@id":"https:\/\/slamdunkattorney.com\/#website","url":"https:\/\/slamdunkattorney.com\/","name":"Abogado experto en lesiones | Abogados especializados en lesiones","description":"Abogados de lesiones personales en Duluth","publisher":{"@id":"https:\/\/slamdunkattorney.com\/#organization"},"alternateName":"Slam Dunk Attorney","inLanguage":"es"},{"@type":"Organization","@id":"https:\/\/slamdunkattorney.com\/#organization","name":"Abogado Slam Dunk","alternateName":"Slam Dunk","url":"https:\/\/slamdunkattorney.com\/","logo":{"@type":"ImageObject","inLanguage":"es","@id":"https:\/\/slamdunkattorney.com\/#\/schema\/logo\/image\/","url":"https:\/\/slamdunkattorney.com\/wp-content\/uploads\/2023\/05\/cropped-Logo.png","contentUrl":"https:\/\/slamdunkattorney.com\/wp-content\/uploads\/2023\/05\/cropped-Logo.png","width":1080,"height":240,"caption":"Slam Dunk Attorney"},"image":{"@id":"https:\/\/slamdunkattorney.com\/#\/schema\/logo\/image\/"},"sameAs":["https:\/\/www.facebook.com\/slamdunkattorneyinjurylawyers\/","https:\/\/x.com\/slamdunkattorney","https:\/\/www.instagram.com\/slamdunkattorney\/","https:\/\/www.youtube.com\/channel\/UCSrOiC7vOjlCi3UgtIVGNtw","https:\/\/www.linkedin.com\/company\/slamdunkattorneyinjurylawyers"]}]}},"yoast_meta":{"yoast_wpseo_title":"","yoast_wpseo_metadesc":"","yoast_wpseo_canonical":"https:\/\/slamdunkattorney.com\/es\/wp-json\/wp\/v2\/pages\/17306"},"_links":{"self":[{"href":"https:\/\/slamdunkattorney.com\/es\/wp-json\/wp\/v2\/pages\/17306","targetHints":{"allow":["GET"]}}],"collection":[{"href":"https:\/\/slamdunkattorney.com\/es\/wp-json\/wp\/v2\/pages"}],"about":[{"href":"https:\/\/slamdunkattorney.com\/es\/wp-json\/wp\/v2\/types\/page"}],"author":[{"embeddable":true,"href":"https:\/\/slamdunkattorney.com\/es\/wp-json\/wp\/v2\/users\/2"}],"replies":[{"embeddable":true,"href":"https:\/\/slamdunkattorney.com\/es\/wp-json\/wp\/v2\/comments?post=17306"}],"version-history":[{"count":0,"href":"https:\/\/slamdunkattorney.com\/es\/wp-json\/wp\/v2\/pages\/17306\/revisions"}],"up":[{"embeddable":true,"href":"https:\/\/slamdunkattorney.com\/es\/wp-json\/wp\/v2\/pages\/5902"}],"wp:featuredmedia":[{"embeddable":true,"href":"https:\/\/slamdunkattorney.com\/es\/wp-json\/wp\/v2\/media\/17307"}],"wp:attachment":[{"href":"https:\/\/slamdunkattorney.com\/es\/wp-json\/wp\/v2\/media?parent=17306"}],"wp:term":[{"taxonomy":"extra-categories","embeddable":true,"href":"https:\/\/slamdunkattorney.com\/es\/wp-json\/wp\/v2\/extra-categories?post=17306"},{"taxonomy":"hc_faqs","embeddable":true,"href":"https:\/\/slamdunkattorney.com\/es\/wp-json\/wp\/v2\/hc_faqs?post=17306"}],"curies":[{"name":"wp","href":"https:\/\/api.w.org\/{rel}","templated":true}]}}