{"id":17304,"date":"2025-03-04T13:24:57","date_gmt":"2025-03-04T13:24:57","guid":{"rendered":"https:\/\/slamdunk.wpenginepowered.com\/?page_id=17304"},"modified":"2025-03-04T13:24:57","modified_gmt":"2025-03-04T13:24:57","slug":"do-you-have-to-get-an-autopsy-for-a-wrongful-death-lawsuit-in-georgia","status":"publish","type":"page","link":"https:\/\/slamdunkattorney.com\/es\/faqs\/do-you-have-to-get-an-autopsy-for-a-wrongful-death-lawsuit-in-georgia\/","title":{"rendered":"\u00bfEs necesario realizar una autopsia para presentar una demanda por muerte por negligencia en Georgia?"},"content":{"rendered":"<p><span style=\"font-weight: 400;\">\u00bfEs necesario realizar una autopsia para presentar una demanda por homicidio culposo en Georgia?<\/span><b> No es necesario realizar una autopsia para presentar una demanda por muerte por negligencia en Georgia.<\/b><span style=\"font-weight: 400;\">, pero obtener uno puede ser beneficioso.\u00a0<\/span><\/p>\n<p><span style=\"font-weight: 400;\">Para obtener m\u00e1s informaci\u00f3n, analice su caso con un <\/span><a href=\"https:\/\/slamdunkattorney.com\/es\/duluth\/wrongful-death-lawyer\/\"><span style=\"font-weight: 400;\">Abogado especializado en muerte por negligencia en Duluth<\/span><\/a><span style=\"font-weight: 400;\">.<\/span><\/p>\n<h2><span style=\"font-weight: 400;\">Cu\u00e1ndo solicitar una autopsia por muerte por negligencia en Georgia<\/span><\/h2>\n<p><span style=\"font-weight: 400;\">Solicitar un <\/span><b>autopsia relacionada con una demanda por homicidio culposo en Georgia <\/b><span style=\"font-weight: 400;\">Si desea saber c\u00f3mo muri\u00f3 una persona. La autopsia puede proporcionar informaci\u00f3n sobre la causa de la muerte de una persona. Podr\u00eda ayudarle a demostrar que una parte fue negligente y que sus acciones provocaron un accidente mortal.\u00a0<\/span><\/p>\n<p><span style=\"font-weight: 400;\">Un abogado especializado en muerte por negligencia puede ayudarle a determinar si se justifica una autopsia. Entienden el impacto emocional que supone perder a un familiar debido a las acciones de otra persona. Su abogado ser\u00e1 emp\u00e1tico y compasivo con usted y su familia mientras lloran la p\u00e9rdida de un ser querido.<\/span><\/p>\n<p><span style=\"font-weight: 400;\">Slam Dunk Attorney cuenta con abogados especializados en lesiones personales con muchos a\u00f1os de experiencia en casos similares. Podemos evaluar su caso y decirle si tiene <\/span><a href=\"https:\/\/slamdunkattorney.com\/es\/blog\/parties-who-can-sue-under-georgias-wrongful-death-law\/\"><span style=\"font-weight: 400;\">puede demandar por muerte por negligencia en Georgia<\/span><\/a><span style=\"font-weight: 400;\">. Programa una consulta con nosotros.\u00a0<\/span><\/p>\n\n<div class=\"cta-container row align-items-center\">\n    <div class=\"col-md-7\">\n        <p class=\"cta-text rs-content-cta\">Orgullosos de servir a Duluth y a todo Georgia <span>\u00a1Cont\u00e1ctenos para comenzar su recuperaci\u00f3n!<\/span> <a href=\"https:\/\/slamdunkattorney.com\/es\/\">Explore nuestras \u00e1reas de pr\u00e1ctica<\/a><\/p>\n    <\/div>\n    <div class=\"col-md-5\">\n        <img decoding=\"async\" src=\"https:\/\/slamdunkattorney.com\/wp-content\/themes\/slam-dunk-rebuild\/assets\/app\/img\/map-cta.jpg\" alt=\"Legal Consultation\" class=\"img-fluid\"\/>\n    <\/div>\n<\/div><h2><span style=\"font-weight: 400;\">C\u00f3mo obtener una autopsia para un caso de muerte por negligencia en Georgia<\/span><\/h2>\n<p><b>Divisi\u00f3n de Ciencias Forenses de la Oficina de Investigaci\u00f3n de Georgia (GBI) <\/b><span style=\"font-weight: 400;\">acepta solicitudes para <\/span><a href=\"https:\/\/dofs-gbi.georgia.gov\/autopsies\" target=\"_blank\" rel=\"noopener\"><span style=\"font-weight: 400;\">autopsias<\/span><\/a><span style=\"font-weight: 400;\">. Puede presentar su solicitud por tel\u00e9fono para que se realice una autopsia para una demanda por muerte por negligencia en Georgia. La informaci\u00f3n que deber\u00e1 proporcionar incluye:<\/span><\/p>\n<ul>\n<li style=\"font-weight: 400;\" aria-level=\"1\"><span style=\"font-weight: 400;\">El nombre de la persona fallecida (difunto).<\/span><\/li>\n<li style=\"font-weight: 400;\" aria-level=\"1\"><span style=\"font-weight: 400;\">La residencia, fecha de nacimiento y sexo\/raza del difunto.<\/span><\/li>\n<li style=\"font-weight: 400;\" aria-level=\"1\"><span style=\"font-weight: 400;\">La fecha, hora y lugar en que se declar\u00f3 la muerte del difunto.<\/span><\/li>\n<\/ul>\n<p><span style=\"font-weight: 400;\">Tambi\u00e9n puede solicitar a un pat\u00f3logo certificado que realice la autopsia. Esta puede ser una opci\u00f3n viable si el GBI rechaza su solicitud de autopsia. Es posible que tenga que pagar miles de d\u00f3lares por una autopsia realizada por el GBI o por un pat\u00f3logo privado.\u00a0<\/span><\/p>\n<h2><span style=\"font-weight: 400;\">Razones para solicitar una autopsia por muerte por negligencia<\/span><\/h2>\n<p><span style=\"font-weight: 400;\">La p\u00e9rdida de un familiar puede ser abrumadora para usted y sus seres queridos. Es posible que no sepa qu\u00e9 hacer a continuaci\u00f3n, y una demanda por muerte por negligencia podr\u00eda ayudarle a obtener una indemnizaci\u00f3n de las partes responsables de la muerte de su familiar. Un abogado especializado en muerte por negligencia puede ayudarle con los procedimientos legales y recomendarle una autopsia por muchas razones, tales como:<\/span><\/p>\n<h3><span style=\"font-weight: 400;\">Accidente automovil\u00edstico<\/span><\/h3>\n<p><span style=\"font-weight: 400;\">Un conductor imprudente y descuidado choca su coche contra el veh\u00edculo de un familiar suyo, provocando un accidente en el que fallece su ser querido. Mediante una autopsia, usted podr\u00eda obtener pruebas que pongan de manifiesto la relaci\u00f3n entre este choque y la muerte de su ser querido. En este caso, un <\/span><a href=\"https:\/\/slamdunkattorney.com\/es\/duluth\/car-accident-lawyer\/\"><span style=\"font-weight: 400;\">Abogado especializado en accidentes automovil\u00edsticos en Duluth<\/span><\/a><span style=\"font-weight: 400;\"> Podr\u00eda utilizar un informe de autopsia para reforzar su caso por muerte por negligencia.\u00a0<\/span><\/p>\n<h3><span style=\"font-weight: 400;\">Accidente de cami\u00f3n<\/span><\/h3>\n<p><span style=\"font-weight: 400;\">Si un conductor de cami\u00f3n causa un accidente mortal, esta persona puede ser considerada responsable. Se puede demandar al camionero u otras partes como parte de una demanda por homicidio culposo. A <\/span><a href=\"https:\/\/slamdunkattorney.com\/es\/duluth\/truck-accident-lawyer\/\"><span style=\"font-weight: 400;\">Abogado especializado en accidentes de camiones en Duluth<\/span><\/a><span style=\"font-weight: 400;\"> Puede utilizar un informe de autopsia para demostrar ante un juez o un jurado que la muerte de su familiar es consecuencia de la negligencia de otra parte y que usted debe recibir una indemnizaci\u00f3n por sus p\u00e9rdidas.\u00a0<\/span><\/p>\n<h3><span style=\"font-weight: 400;\">Accidente de motocicleta<\/span><\/h3>\n<p><span style=\"font-weight: 400;\">Un conductor puede apartar la vista de la carretera solo por un segundo y provocar un accidente mortal con una motocicleta. Si un familiar fallece en un accidente de motocicleta debido a la negligencia de un conductor, es posible que pueda presentar una demanda por muerte por negligencia. A <\/span><a href=\"https:\/\/slamdunkattorney.com\/es\/duluth\/motorcycle-accident-lawyer\/\"><span style=\"font-weight: 400;\">Abogado especializado en accidentes de motocicleta en Duluth<\/span><\/a><span style=\"font-weight: 400;\"> puede sugerir que se realice una autopsia para utilizarla como prueba que verifique la causa de la muerte de su ser querido.<\/span><\/p>\n<h3><span style=\"font-weight: 400;\">Responsabilidad civil por las instalaciones<\/span><\/h3>\n<p><span style=\"font-weight: 400;\">Un miembro de su familia sufre un accidente mortal en la propiedad de otra persona. En una demanda por muerte por negligencia, usted reclama una indemnizaci\u00f3n por da\u00f1os y perjuicios al propietario negligente. A <\/span><a href=\"https:\/\/slamdunkattorney.com\/es\/duluth\/truck-accident-lawyer\/\"><span style=\"font-weight: 400;\">Abogado especializado en responsabilidad civil inmobiliaria en Duluth<\/span><\/a><span style=\"font-weight: 400;\"> Podr\u00eda argumentarse que el informe de la autopsia muestra que su ser querido falleci\u00f3 debido a un traumatismo grave que podr\u00eda haberse evitado si el propietario hubiera eliminado los peligros de su entorno.\u00a0<\/span><\/p>\n<h3><span style=\"font-weight: 400;\">Abuso en hogares de ancianos<\/span><\/h3>\n<p><span style=\"font-weight: 400;\">Usted cree que la muerte de su familiar es consecuencia del maltrato que sufri\u00f3 mientras viv\u00eda en una residencia de ancianos. Un informe de la autopsia puede ayudarle a confirmar si esto es cierto. Una vez que reciba este informe, podr\u00e1 revisarlo con un <\/span><a href=\"https:\/\/slamdunkattorney.com\/es\/duluth\/nursing-home-abuse-lawyer\/\"><span style=\"font-weight: 400;\">Abogado especializado en abusos en residencias de ancianos en Duluth<\/span><\/a><span style=\"font-weight: 400;\"> para determinar si tiene motivos para emprender acciones legales contra el centro donde viv\u00eda su ser querido u otras partes responsables.<\/span><\/p>\n<p><span style=\"font-weight: 400;\">Si pides un <\/span><b>autopsia para una demanda por homicidio culposo en Georgia<\/b><span style=\"font-weight: 400;\">, espere que su abogado le ayude con este y otros aspectos de su caso. Su abogado puede encargarse de sus asuntos legales por usted. Mientras tanto, usted y sus familiares pueden centrarse en apoyarse mutuamente mientras lidian con las consecuencias de la p\u00e9rdida de un ser querido.\u00a0<\/span><\/p>\n\n<div class=\"cta-container row align-items-center\">\n    <div class=\"col-md-7\">\n        <p class=\"cta-text rs-content-cta\"><a class=\"no-btn\" href=\"https:\/\/slamdunkattorney.com\/es\/contact-us\/\">Haga clic para contactar<\/a> nuestros abogados especializados en lesiones personales hoy mismo<\/p>\n    <\/div>\n    <div class=\"col-md-5\">\n        <img decoding=\"async\" src=\"https:\/\/slamdunkattorney.com\/wp-content\/themes\/slam-dunk-rebuild\/assets\/app\/img\/map-cta.jpg\" alt=\"Contact Us\" class=\"img-fluid\"\/>\n    <\/div>\n<\/div><h2><span style=\"font-weight: 400;\">C\u00f3mo una autopsia puede marcar la diferencia en una demanda por muerte por negligencia en Georgia<\/span><\/h2>\n<p><span style=\"font-weight: 400;\">Usted afirma que merece una indemnizaci\u00f3n por da\u00f1os econ\u00f3micos y no econ\u00f3micos por parte de cualquier persona responsable de la muerte de su familiar. Con la ayuda de su abogado, recopila historiales m\u00e9dicos, declaraciones de testigos y otras pruebas para reforzar su argumento. El informe de la autopsia se suma a las pruebas recopiladas y podr\u00eda permitirle obtener la m\u00e1xima indemnizaci\u00f3n.<\/span><\/p>\n<p><span style=\"font-weight: 400;\">Un <\/span><b>Informe de autopsia para una demanda por homicidio culposo en Georgia. <\/b><span style=\"font-weight: 400;\">puede ayudarle a validar su solicitud de indemnizaci\u00f3n por da\u00f1os y perjuicios. El informe detalla la causa de la muerte de un familiar e incluye informaci\u00f3n que podr\u00eda utilizarse para demostrar negligencia. Por lo tanto, el informe podr\u00eda llevar al demandado a ofrecer un acuerdo que se ajuste a sus expectativas.<\/span><\/p>\n<p><span style=\"font-weight: 400;\">Contar con un informe de autopsia no garantiza que su caso por muerte por negligencia vaya a tener \u00e9xito. Su abogado lo sabe y recopila una gran cantidad de pruebas para ayudarle a convencer al juez o al jurado de que falle a su favor. Le asistir\u00e1 a medida que avance el proceso legal y le ayudar\u00e1 a conseguir un resultado favorable para su caso.\u00a0<\/span><\/p>\n\n<div class=\"cta-container map-bg row align-items-center flex-md-row-reverse\">\n    <div class=\"col-md-6\">\n        <p class=\"cta-text rs-content-cta\">Completa un <a href=\"https:\/\/slamdunkattorney.com\/es\/contact-us\/\">Formulario de evaluaci\u00f3n gratuita de su caso<\/a> ahora<\/p>\n    <\/div>\n    <div class=\"col-md-6 col-bg\">\n    <\/div>\n<\/div><h2><span style=\"font-weight: 400;\">Obtenga ayuda legal para su caso de muerte por negligencia<\/span><\/h2>\n<p><b>Slam Dunk Attorney se asegura de que no tengas que pasar por el proceso legal solo.<\/b><span style=\"font-weight: 400;\"> Podemos ayudarle a presentar una demanda por muerte por negligencia, solicitar una autopsia y tomar otras medidas para que las partes culpables se hagan responsables de la muerte de su familiar. Cont\u00e1ctenos para obtener m\u00e1s informaci\u00f3n. <\/span><\/p>\n\n<div class=\"cta-container row align-items-center\">\n    <div class=\"col-md-7\">\n        <p class=\"cta-text rs-content-cta\">Llame o env\u00ede un mensaje de texto <a class=\"no-btn\" href=\"tel:+14049513513\">404-951-3513<\/a> o completar un <a href=\"https:\/\/slamdunkattorney.com\/es\/contact-us\/\">Formulario de evaluaci\u00f3n gratuita de su caso<\/a><\/p>\n    <\/div>\n    <div class=\"col-md-5\">\n        <img decoding=\"async\" src=\"https:\/\/slamdunkattorney.com\/wp-content\/themes\/slam-dunk-rebuild\/assets\/app\/img\/map-cta.jpg\" alt=\"Call or Text\" class=\"img-fluid\"\/>\n    <\/div>\n<\/div>","protected":false},"excerpt":{"rendered":"<p>Do you have to get an autopsy for a wrongful death lawsuit in Georgia? You do not have to get an autopsy for a wrongful death lawsuit in Georgia, but obtaining one may be beneficial.\u00a0 For more information, discuss your case with a Duluth wrongful death lawyer. When to Get an Autopsy for a Wrongful &#8230;<\/p>","protected":false},"author":2,"featured_media":17305,"parent":5902,"menu_order":0,"comment_status":"closed","ping_status":"closed","template":"","meta":{"_acf_changed":false,"_genesis_hide_title":false,"_genesis_hide_breadcrumbs":false,"_genesis_hide_singular_image":false,"_genesis_hide_footer_widgets":false,"_genesis_custom_body_class":"","_genesis_custom_post_class":"","_genesis_layout":"","ngg_post_thumbnail":0,"footnotes":""},"extra-categories":[],"hc_faqs":[40],"class_list":{"0":"post-17304","1":"page","2":"type-page","3":"status-publish","4":"has-post-thumbnail","6":"hc_faqs-personal-injury","7":"entry"},"acf":[],"yoast_head":"<!-- This site is optimized with the Yoast SEO plugin v27.6 - https:\/\/yoast.com\/product\/yoast-seo-wordpress\/ -->\n<title>Do You Need an Autopsy for a Georgia Wrongful Death Lawsuit?<\/title>\n<meta name=\"description\" content=\"Find out if you have to get an autopsy for a wrongful death lawsuit in Georgia from the wrongful death team at Slam Dunk Attorney.\" \/>\n<meta name=\"robots\" content=\"index, follow, max-snippet:-1, max-image-preview:large, max-video-preview:-1\" \/>\n<link rel=\"canonical\" href=\"https:\/\/slamdunkattorney.com\/es\/faqs\/do-you-have-to-get-an-autopsy-for-a-wrongful-death-lawsuit-in-georgia\/\" \/>\n<meta property=\"og:locale\" content=\"es_MX\" \/>\n<meta property=\"og:type\" content=\"article\" \/>\n<meta property=\"og:title\" content=\"Do You Need an Autopsy for a Georgia Wrongful Death Lawsuit?\" \/>\n<meta property=\"og:description\" content=\"Find out if you have to get an autopsy for a wrongful death lawsuit in Georgia from the wrongful death team at Slam Dunk Attorney.\" \/>\n<meta property=\"og:url\" content=\"https:\/\/slamdunkattorney.com\/es\/faqs\/do-you-have-to-get-an-autopsy-for-a-wrongful-death-lawsuit-in-georgia\/\" \/>\n<meta property=\"og:site_name\" content=\"Slam Dunk Attorney | Injury Lawyers\" \/>\n<meta property=\"article:publisher\" content=\"https:\/\/www.facebook.com\/slamdunkattorneyinjurylawyers\/\" \/>\n<meta property=\"og:image\" content=\"https:\/\/slamdunkattorney.com\/wp-content\/uploads\/2025\/03\/do-you-have-to-get-an-autopsy-for-a-wrongful-death-lawsuit-in-georgia.jpg\" \/>\n\t<meta property=\"og:image:width\" content=\"1000\" \/>\n\t<meta property=\"og:image:height\" content=\"667\" \/>\n\t<meta property=\"og:image:type\" content=\"image\/jpeg\" \/>\n<meta name=\"twitter:card\" content=\"summary_large_image\" \/>\n<meta name=\"twitter:site\" content=\"@slamdunkattorney\" \/>\n<meta name=\"twitter:label1\" content=\"Est. reading time\" \/>\n\t<meta name=\"twitter:data1\" content=\"5 minutos\" \/>\n<script type=\"application\/ld+json\" class=\"yoast-schema-graph\">{\"@context\":\"https:\\\/\\\/schema.org\",\"@graph\":[{\"@type\":\"WebPage\",\"@id\":\"https:\\\/\\\/slamdunkattorney.com\\\/faqs\\\/do-you-have-to-get-an-autopsy-for-a-wrongful-death-lawsuit-in-georgia\\\/\",\"url\":\"https:\\\/\\\/slamdunkattorney.com\\\/faqs\\\/do-you-have-to-get-an-autopsy-for-a-wrongful-death-lawsuit-in-georgia\\\/\",\"name\":\"Do You Need an Autopsy for a Georgia Wrongful Death Lawsuit?\",\"isPartOf\":{\"@id\":\"https:\\\/\\\/slamdunkattorney.com\\\/#website\"},\"primaryImageOfPage\":{\"@id\":\"https:\\\/\\\/slamdunkattorney.com\\\/faqs\\\/do-you-have-to-get-an-autopsy-for-a-wrongful-death-lawsuit-in-georgia\\\/#primaryimage\"},\"image\":{\"@id\":\"https:\\\/\\\/slamdunkattorney.com\\\/faqs\\\/do-you-have-to-get-an-autopsy-for-a-wrongful-death-lawsuit-in-georgia\\\/#primaryimage\"},\"thumbnailUrl\":\"https:\\\/\\\/slamdunkattorney.com\\\/wp-content\\\/uploads\\\/2025\\\/03\\\/do-you-have-to-get-an-autopsy-for-a-wrongful-death-lawsuit-in-georgia.jpg\",\"datePublished\":\"2025-03-04T13:24:57+00:00\",\"description\":\"Find out if you have to get an autopsy for a wrongful death lawsuit in Georgia from the wrongful death team at Slam Dunk Attorney.\",\"breadcrumb\":{\"@id\":\"https:\\\/\\\/slamdunkattorney.com\\\/faqs\\\/do-you-have-to-get-an-autopsy-for-a-wrongful-death-lawsuit-in-georgia\\\/#breadcrumb\"},\"inLanguage\":\"es\",\"potentialAction\":[{\"@type\":\"ReadAction\",\"target\":[\"https:\\\/\\\/slamdunkattorney.com\\\/faqs\\\/do-you-have-to-get-an-autopsy-for-a-wrongful-death-lawsuit-in-georgia\\\/\"]}]},{\"@type\":\"ImageObject\",\"inLanguage\":\"es\",\"@id\":\"https:\\\/\\\/slamdunkattorney.com\\\/faqs\\\/do-you-have-to-get-an-autopsy-for-a-wrongful-death-lawsuit-in-georgia\\\/#primaryimage\",\"url\":\"https:\\\/\\\/slamdunkattorney.com\\\/wp-content\\\/uploads\\\/2025\\\/03\\\/do-you-have-to-get-an-autopsy-for-a-wrongful-death-lawsuit-in-georgia.jpg\",\"contentUrl\":\"https:\\\/\\\/slamdunkattorney.com\\\/wp-content\\\/uploads\\\/2025\\\/03\\\/do-you-have-to-get-an-autopsy-for-a-wrongful-death-lawsuit-in-georgia.jpg\",\"width\":1000,\"height\":667,\"caption\":\"A man standing next to a coffin holding a white rose. Do you have to get an autopsy for a wrongful death lawsuit in Georgia?\"},{\"@type\":\"BreadcrumbList\",\"@id\":\"https:\\\/\\\/slamdunkattorney.com\\\/faqs\\\/do-you-have-to-get-an-autopsy-for-a-wrongful-death-lawsuit-in-georgia\\\/#breadcrumb\",\"itemListElement\":[{\"@type\":\"ListItem\",\"position\":1,\"name\":\"Home\",\"item\":\"https:\\\/\\\/slamdunkattorney.com\\\/\"},{\"@type\":\"ListItem\",\"position\":2,\"name\":\"FAQs\",\"item\":\"https:\\\/\\\/slamdunkattorney.com\\\/faqs\\\/\"},{\"@type\":\"ListItem\",\"position\":3,\"name\":\"Do You Have to Get an Autopsy for a Wrongful Death Lawsuit in Georgia?\"}]},{\"@type\":\"WebSite\",\"@id\":\"https:\\\/\\\/slamdunkattorney.com\\\/#website\",\"url\":\"https:\\\/\\\/slamdunkattorney.com\\\/\",\"name\":\"Slam Dunk Attorney | Injury Lawyers\",\"description\":\"Duluth Personal Injury Lawyers\",\"publisher\":{\"@id\":\"https:\\\/\\\/slamdunkattorney.com\\\/#organization\"},\"alternateName\":\"Slam Dunk Attorney\",\"inLanguage\":\"es\"},{\"@type\":\"Organization\",\"@id\":\"https:\\\/\\\/slamdunkattorney.com\\\/#organization\",\"name\":\"Slam Dunk Attorney\",\"alternateName\":\"Slam Dunk\",\"url\":\"https:\\\/\\\/slamdunkattorney.com\\\/\",\"logo\":{\"@type\":\"ImageObject\",\"inLanguage\":\"es\",\"@id\":\"https:\\\/\\\/slamdunkattorney.com\\\/#\\\/schema\\\/logo\\\/image\\\/\",\"url\":\"https:\\\/\\\/slamdunkattorney.com\\\/wp-content\\\/uploads\\\/2023\\\/05\\\/cropped-Logo.png\",\"contentUrl\":\"https:\\\/\\\/slamdunkattorney.com\\\/wp-content\\\/uploads\\\/2023\\\/05\\\/cropped-Logo.png\",\"width\":1080,\"height\":240,\"caption\":\"Slam Dunk Attorney\"},\"image\":{\"@id\":\"https:\\\/\\\/slamdunkattorney.com\\\/#\\\/schema\\\/logo\\\/image\\\/\"},\"sameAs\":[\"https:\\\/\\\/www.facebook.com\\\/slamdunkattorneyinjurylawyers\\\/\",\"https:\\\/\\\/x.com\\\/slamdunkattorney\",\"https:\\\/\\\/www.instagram.com\\\/slamdunkattorney\\\/\",\"https:\\\/\\\/www.youtube.com\\\/channel\\\/UCSrOiC7vOjlCi3UgtIVGNtw\",\"https:\\\/\\\/www.linkedin.com\\\/company\\\/slamdunkattorneyinjurylawyers\"]}]}<\/script>\n<!-- \/ Yoast SEO plugin. -->","yoast_head_json":{"title":"Do You Need an Autopsy for a Georgia Wrongful Death Lawsuit?","description":"Find out if you have to get an autopsy for a wrongful death lawsuit in Georgia from the wrongful death team at Slam Dunk Attorney.","robots":{"index":"index","follow":"follow","max-snippet":"max-snippet:-1","max-image-preview":"max-image-preview:large","max-video-preview":"max-video-preview:-1"},"canonical":"https:\/\/slamdunkattorney.com\/es\/faqs\/do-you-have-to-get-an-autopsy-for-a-wrongful-death-lawsuit-in-georgia\/","og_locale":"es_MX","og_type":"article","og_title":"Do You Need an Autopsy for a Georgia Wrongful Death Lawsuit?","og_description":"Find out if you have to get an autopsy for a wrongful death lawsuit in Georgia from the wrongful death team at Slam Dunk Attorney.","og_url":"https:\/\/slamdunkattorney.com\/es\/faqs\/do-you-have-to-get-an-autopsy-for-a-wrongful-death-lawsuit-in-georgia\/","og_site_name":"Slam Dunk Attorney | Injury Lawyers","article_publisher":"https:\/\/www.facebook.com\/slamdunkattorneyinjurylawyers\/","og_image":[{"width":1000,"height":667,"url":"https:\/\/slamdunkattorney.com\/wp-content\/uploads\/2025\/03\/do-you-have-to-get-an-autopsy-for-a-wrongful-death-lawsuit-in-georgia.jpg","type":"image\/jpeg"}],"twitter_card":"summary_large_image","twitter_site":"@slamdunkattorney","twitter_misc":{"Est. reading time":"5 minutos"},"schema":{"@context":"https:\/\/schema.org","@graph":[{"@type":"WebPage","@id":"https:\/\/slamdunkattorney.com\/faqs\/do-you-have-to-get-an-autopsy-for-a-wrongful-death-lawsuit-in-georgia\/","url":"https:\/\/slamdunkattorney.com\/faqs\/do-you-have-to-get-an-autopsy-for-a-wrongful-death-lawsuit-in-georgia\/","name":"Do You Need an Autopsy for a Georgia Wrongful Death Lawsuit?","isPartOf":{"@id":"https:\/\/slamdunkattorney.com\/#website"},"primaryImageOfPage":{"@id":"https:\/\/slamdunkattorney.com\/faqs\/do-you-have-to-get-an-autopsy-for-a-wrongful-death-lawsuit-in-georgia\/#primaryimage"},"image":{"@id":"https:\/\/slamdunkattorney.com\/faqs\/do-you-have-to-get-an-autopsy-for-a-wrongful-death-lawsuit-in-georgia\/#primaryimage"},"thumbnailUrl":"https:\/\/slamdunkattorney.com\/wp-content\/uploads\/2025\/03\/do-you-have-to-get-an-autopsy-for-a-wrongful-death-lawsuit-in-georgia.jpg","datePublished":"2025-03-04T13:24:57+00:00","description":"Find out if you have to get an autopsy for a wrongful death lawsuit in Georgia from the wrongful death team at Slam Dunk Attorney.","breadcrumb":{"@id":"https:\/\/slamdunkattorney.com\/faqs\/do-you-have-to-get-an-autopsy-for-a-wrongful-death-lawsuit-in-georgia\/#breadcrumb"},"inLanguage":"es","potentialAction":[{"@type":"ReadAction","target":["https:\/\/slamdunkattorney.com\/faqs\/do-you-have-to-get-an-autopsy-for-a-wrongful-death-lawsuit-in-georgia\/"]}]},{"@type":"ImageObject","inLanguage":"es","@id":"https:\/\/slamdunkattorney.com\/faqs\/do-you-have-to-get-an-autopsy-for-a-wrongful-death-lawsuit-in-georgia\/#primaryimage","url":"https:\/\/slamdunkattorney.com\/wp-content\/uploads\/2025\/03\/do-you-have-to-get-an-autopsy-for-a-wrongful-death-lawsuit-in-georgia.jpg","contentUrl":"https:\/\/slamdunkattorney.com\/wp-content\/uploads\/2025\/03\/do-you-have-to-get-an-autopsy-for-a-wrongful-death-lawsuit-in-georgia.jpg","width":1000,"height":667,"caption":"A man standing next to a coffin holding a white rose. Do you have to get an autopsy for a wrongful death lawsuit in Georgia?"},{"@type":"BreadcrumbList","@id":"https:\/\/slamdunkattorney.com\/faqs\/do-you-have-to-get-an-autopsy-for-a-wrongful-death-lawsuit-in-georgia\/#breadcrumb","itemListElement":[{"@type":"ListItem","position":1,"name":"Home","item":"https:\/\/slamdunkattorney.com\/"},{"@type":"ListItem","position":2,"name":"FAQs","item":"https:\/\/slamdunkattorney.com\/faqs\/"},{"@type":"ListItem","position":3,"name":"Do You Have to Get an Autopsy for a Wrongful Death Lawsuit in Georgia?"}]},{"@type":"WebSite","@id":"https:\/\/slamdunkattorney.com\/#website","url":"https:\/\/slamdunkattorney.com\/","name":"Abogado experto en lesiones | Abogados especializados en lesiones","description":"Abogados de lesiones personales en Duluth","publisher":{"@id":"https:\/\/slamdunkattorney.com\/#organization"},"alternateName":"Slam Dunk Attorney","inLanguage":"es"},{"@type":"Organization","@id":"https:\/\/slamdunkattorney.com\/#organization","name":"Abogado Slam Dunk","alternateName":"Slam Dunk","url":"https:\/\/slamdunkattorney.com\/","logo":{"@type":"ImageObject","inLanguage":"es","@id":"https:\/\/slamdunkattorney.com\/#\/schema\/logo\/image\/","url":"https:\/\/slamdunkattorney.com\/wp-content\/uploads\/2023\/05\/cropped-Logo.png","contentUrl":"https:\/\/slamdunkattorney.com\/wp-content\/uploads\/2023\/05\/cropped-Logo.png","width":1080,"height":240,"caption":"Slam Dunk Attorney"},"image":{"@id":"https:\/\/slamdunkattorney.com\/#\/schema\/logo\/image\/"},"sameAs":["https:\/\/www.facebook.com\/slamdunkattorneyinjurylawyers\/","https:\/\/x.com\/slamdunkattorney","https:\/\/www.instagram.com\/slamdunkattorney\/","https:\/\/www.youtube.com\/channel\/UCSrOiC7vOjlCi3UgtIVGNtw","https:\/\/www.linkedin.com\/company\/slamdunkattorneyinjurylawyers"]}]}},"yoast_meta":{"yoast_wpseo_title":"","yoast_wpseo_metadesc":"","yoast_wpseo_canonical":"https:\/\/slamdunkattorney.com\/es\/wp-json\/wp\/v2\/pages\/17304"},"_links":{"self":[{"href":"https:\/\/slamdunkattorney.com\/es\/wp-json\/wp\/v2\/pages\/17304","targetHints":{"allow":["GET"]}}],"collection":[{"href":"https:\/\/slamdunkattorney.com\/es\/wp-json\/wp\/v2\/pages"}],"about":[{"href":"https:\/\/slamdunkattorney.com\/es\/wp-json\/wp\/v2\/types\/page"}],"author":[{"embeddable":true,"href":"https:\/\/slamdunkattorney.com\/es\/wp-json\/wp\/v2\/users\/2"}],"replies":[{"embeddable":true,"href":"https:\/\/slamdunkattorney.com\/es\/wp-json\/wp\/v2\/comments?post=17304"}],"version-history":[{"count":0,"href":"https:\/\/slamdunkattorney.com\/es\/wp-json\/wp\/v2\/pages\/17304\/revisions"}],"up":[{"embeddable":true,"href":"https:\/\/slamdunkattorney.com\/es\/wp-json\/wp\/v2\/pages\/5902"}],"wp:featuredmedia":[{"embeddable":true,"href":"https:\/\/slamdunkattorney.com\/es\/wp-json\/wp\/v2\/media\/17305"}],"wp:attachment":[{"href":"https:\/\/slamdunkattorney.com\/es\/wp-json\/wp\/v2\/media?parent=17304"}],"wp:term":[{"taxonomy":"extra-categories","embeddable":true,"href":"https:\/\/slamdunkattorney.com\/es\/wp-json\/wp\/v2\/extra-categories?post=17304"},{"taxonomy":"hc_faqs","embeddable":true,"href":"https:\/\/slamdunkattorney.com\/es\/wp-json\/wp\/v2\/hc_faqs?post=17304"}],"curies":[{"name":"wp","href":"https:\/\/api.w.org\/{rel}","templated":true}]}}