{"id":17302,"date":"2025-03-04T13:21:29","date_gmt":"2025-03-04T13:21:29","guid":{"rendered":"https:\/\/slamdunk.wpenginepowered.com\/?page_id=17302"},"modified":"2025-03-04T13:21:29","modified_gmt":"2025-03-04T13:21:29","slug":"who-can-be-sued-in-a-wrongful-death-case","status":"publish","type":"page","link":"https:\/\/slamdunkattorney.com\/es\/faqs\/who-can-be-sued-in-a-wrongful-death-case\/","title":{"rendered":"\u00bfA qui\u00e9n se puede demandar en un caso de muerte por negligencia?"},"content":{"rendered":"<p><span style=\"font-weight: 400;\">\u00bfA qui\u00e9n se puede demandar en un caso de muerte por negligencia? <\/span><b>Una empresa, un individuo o una entidad gubernamental pueden ser demandados en un caso de muerte por negligencia.<\/b><span style=\"font-weight: 400;\">\u00a0<\/span><\/p>\n<p><span style=\"font-weight: 400;\">Obtenga ayuda legal de un <\/span><a href=\"https:\/\/slamdunkattorney.com\/es\/duluth\/wrongful-death-lawyer\/\"><span style=\"font-weight: 400;\">Abogado especializado en muerte por negligencia en Duluth<\/span><\/a><span style=\"font-weight: 400;\"> si est\u00e1 pensando en emprender acciones legales contra cualquier persona que haya causado la muerte de un familiar suyo, ellos pueden ayudarle a sobrellevar la tr\u00e1gica p\u00e9rdida de su ser querido.<\/span><\/p>\n<h2><span style=\"font-weight: 400;\">A qui\u00e9n demandar en un caso de muerte por negligencia en Georgia<\/span><\/h2>\n<p><span style=\"font-weight: 400;\">La parte que debe demandar en un caso de muerte por negligencia depende de las circunstancias. Una o m\u00e1s partes pueden ser consideradas responsables de una muerte que se produzca por negligencia o por un acto intencionado. Entre ellas pueden figurar:<\/span><\/p>\n<ul>\n<li style=\"font-weight: 400;\" aria-level=\"1\"><span style=\"font-weight: 400;\">Conductor de autom\u00f3vil o cami\u00f3n<\/span><\/li>\n<li style=\"font-weight: 400;\" aria-level=\"1\"><span style=\"font-weight: 400;\">Propietario del inmueble<\/span><\/li>\n<li style=\"font-weight: 400;\" aria-level=\"1\"><span style=\"font-weight: 400;\">Propietario<\/span><\/li>\n<li style=\"font-weight: 400;\" aria-level=\"1\"><span style=\"font-weight: 400;\">Minorista<\/span><\/li>\n<\/ul>\n<p><span style=\"font-weight: 400;\">El equipo de Slam Dunk Attorney ha <\/span><b>d\u00e9cadas de experiencia legal combinada.<\/b><span style=\"font-weight: 400;\"> Entendemos lo dif\u00edcil que puede resultar presentar una demanda en un caso de muerte por negligencia. Conf\u00ede en nuestro equipo para que le gu\u00ede a trav\u00e9s del proceso legal durante este periodo tan emotivo.\u00a0<\/span><\/p>\n\n<div class=\"cta-container row align-items-center\">\n    <div class=\"col-md-7\">\n        <p class=\"cta-text rs-content-cta\">Orgullosos de servir a Duluth y a todo Georgia <span>\u00a1Cont\u00e1ctenos para comenzar su recuperaci\u00f3n!<\/span> <a href=\"https:\/\/slamdunkattorney.com\/es\/\">Explore nuestras \u00e1reas de pr\u00e1ctica<\/a><\/p>\n    <\/div>\n    <div class=\"col-md-5\">\n        <img decoding=\"async\" src=\"https:\/\/slamdunkattorney.com\/wp-content\/themes\/slam-dunk-rebuild\/assets\/app\/img\/map-cta.jpg\" alt=\"Legal Consultation\" class=\"img-fluid\"\/>\n    <\/div>\n<\/div><h2><span style=\"font-weight: 400;\">\u00bfQui\u00e9n puede presentar una demanda por homicidio culposo en Georgia?<\/span><\/h2>\n<p><span style=\"font-weight: 400;\">T\u00fa <\/span><a href=\"https:\/\/slamdunkattorney.com\/es\/blog\/parties-who-can-sue-under-georgias-wrongful-death-law\/\"><span style=\"font-weight: 400;\">puede demandar por muerte por negligencia en Georgia<\/span><\/a><span style=\"font-weight: 400;\"> caso si usted es el c\u00f3nyuge, hijo o padre de una persona fallecida (difunto). Aparte de estas personas, usted puede tener derecho a presentar una demanda por muerte por negligencia si es el administrador del patrimonio del difunto. Un abogado especializado en muerte por negligencia puede evaluar su caso y determinar si puede presentar una demanda.\u00a0<\/span><\/p>\n<p><span style=\"font-weight: 400;\">Basado en el <\/span><a href=\"https:\/\/advance.lexis.com\/documentpage\/?pdmfid=1000516&amp;crid=704f5f4a-1cea-40bf-957e-d9f1b715d0f2&amp;config=00JAA1MDBlYzczZi1lYjFlLTQxMTgtYWE3OS02YTgyOGM2NWJlMDYKAFBvZENhdGFsb2feed0oM9qoQOMCSJFX5qkd&amp;pddocfullpath=%2Fshared%2Fdocument%2Fstatutes-legislation%2Furn%3AcontentItem%3A6348-FS71-DYB7-W3RS-00008-00&amp;pdcontentcomponentid=234186&amp;pdteaserkey=sr0&amp;pditab=allpods&amp;ecomp=6s65kkk&amp;earg=sr0&amp;prid=a52bda66-bfde-4154-b966-afe000a4ac21\" target=\"_blank\" rel=\"noopener\"><span style=\"font-weight: 400;\">C\u00f3digo Oficial Anotado de Georgia (OCGA) \u00a7 9-3-33<\/span><\/a><span style=\"font-weight: 400;\">, El plazo de prescripci\u00f3n para reclamar por lesiones personales es de dos a\u00f1os. El plazo de dos a\u00f1os se aplica a los casos de muerte por negligencia. Un abogado especializado en muerte por negligencia puede presentar su solicitud de indemnizaci\u00f3n de conformidad con la legislaci\u00f3n de Georgia.\u00a0<\/span><\/p>\n<p><span style=\"font-weight: 400;\">Demandar por muerte por negligencia puede ser abrumador para usted y su familia. Un abogado especializado en muerte por negligencia maneja su caso con empat\u00eda y cuidado. Quiere que usted se concentre en usted y en sus seres queridos mientras busca formas de obtener una indemnizaci\u00f3n para usted de cualquier parte que haya contribuido a la muerte de su familiar.\u00a0<\/span><\/p>\n<h2><span style=\"font-weight: 400;\">Razones para presentar una demanda por muerte por negligencia<\/span><\/h2>\n<p><span style=\"font-weight: 400;\">Descubrir <\/span><b>qui\u00e9n puede ser demandado en un juicio por homicidio culposo<\/b><span style=\"font-weight: 400;\"> y presentar una solicitud de indemnizaci\u00f3n puede parecer m\u00e1s complicado de lo que realmente vale la pena. Sin embargo, demandar a la parte responsable puede beneficiarle a usted y a su familia. Las razones por las que las personas presentan demandas por muerte por negligencia incluyen:<\/span><\/p>\n<h3><span style=\"font-weight: 400;\">Accidente automovil\u00edstico<\/span><\/h3>\n<p><span style=\"font-weight: 400;\">Un conductor aparta la vista de la carretera y provoca un accidente mortal. Haga responsable a este conductor de sus actos presentando una demanda por homicidio culposo. A <\/span><a href=\"https:\/\/slamdunkattorney.com\/es\/duluth\/car-accident-lawyer\/\"><span style=\"font-weight: 400;\">Abogado especializado en accidentes automovil\u00edsticos en Duluth<\/span><\/a><span style=\"font-weight: 400;\"> puede ayudarle a demostrar que un conductor fue negligente y, como tal, debe hacerse cargo de los gastos del funeral y el entierro de su familiar fallecido, as\u00ed como de otras p\u00e9rdidas relacionadas con el accidente.\u00a0<\/span><\/p>\n<h3><span style=\"font-weight: 400;\">Accidente de cami\u00f3n<\/span><\/h3>\n<p><span style=\"font-weight: 400;\">Es inaceptable que un conductor de cami\u00f3n o su empleador act\u00faen de manera descuidada o imprudente. Sin embargo, un camionero o una empresa de transporte pueden sobrecargar un veh\u00edculo o cometer otros actos descuidados o imprudentes que provoquen una colisi\u00f3n mortal. A <\/span><a href=\"https:\/\/slamdunkattorney.com\/es\/duluth\/truck-accident-lawyer\/\"><span style=\"font-weight: 400;\">Abogado especializado en accidentes de camiones en Duluth<\/span><\/a><span style=\"font-weight: 400;\"> puede ayudarle a buscar justicia y una indemnizaci\u00f3n por da\u00f1os y perjuicios de cualquier parte culpable del accidente mortal de su familiar.\u00a0<\/span><\/p>\n<h3><span style=\"font-weight: 400;\">Accidente de motocicleta<\/span><\/h3>\n<p><span style=\"font-weight: 400;\">Se espera que los conductores cumplan con las leyes de tr\u00e1nsito, incluidas aquellas relacionadas con compartir la carretera con motociclistas. Sin embargo, un conductor puede chocar contra un motociclista y el resultado puede ser fatal. Es devastador perder a un familiar en un incidente de este tipo, y un <\/span><a href=\"https:\/\/slamdunkattorney.com\/es\/duluth\/motorcycle-accident-lawyer\/\"><span style=\"font-weight: 400;\">Abogado especializado en accidentes de motocicleta en Duluth<\/span><\/a><span style=\"font-weight: 400;\"> Podemos representarlo en un caso de muerte por negligencia contra el conductor responsable.\u00a0<\/span><\/p>\n<h3><span style=\"font-weight: 400;\">Abuso en hogares de ancianos<\/span><\/h3>\n<p><span style=\"font-weight: 400;\">Lamentablemente, el personal de los asilos puede maltratar a los residentes. Si su ser querido es v\u00edctima de maltrato mortal en un asilo, usted puede tener derecho a demandar al centro, al personal y a otras partes responsables. A <\/span><a href=\"https:\/\/slamdunkattorney.com\/es\/duluth\/nursing-home-abuse-lawyer\/\"><span style=\"font-weight: 400;\">Abogado especializado en abusos en residencias de ancianos en Duluth<\/span><\/a><span style=\"font-weight: 400;\"> Tomaremos su caso con seriedad y le ayudaremos a construir un caso s\u00f3lido contra los responsables del abuso y la muerte de su familiar.<\/span><\/p>\n<p><span style=\"font-weight: 400;\">Adem\u00e1s de estas razones, una demanda por muerte por negligencia puede disuadir a una parte de cometer actos de negligencia en el futuro. Esta parte puede pensarlo dos veces antes de realizar actos que puedan poner en peligro a otras personas. Por lo tanto, su demanda podr\u00eda tener implicaciones duraderas para usted, su familia y muchas otras personas.\u00a0<\/span><\/p>\n\n<div class=\"cta-container row align-items-center\">\n    <div class=\"col-md-7\">\n        <p class=\"cta-text rs-content-cta\"><a class=\"no-btn\" href=\"https:\/\/slamdunkattorney.com\/es\/contact-us\/\">Haga clic para contactar<\/a> nuestros abogados especializados en lesiones personales hoy mismo<\/p>\n    <\/div>\n    <div class=\"col-md-5\">\n        <img decoding=\"async\" src=\"https:\/\/slamdunkattorney.com\/wp-content\/themes\/slam-dunk-rebuild\/assets\/app\/img\/map-cta.jpg\" alt=\"Contact Us\" class=\"img-fluid\"\/>\n    <\/div>\n<\/div><h2><span style=\"font-weight: 400;\">Consejos para ayudarle con un caso de muerte por negligencia<\/span><\/h2>\n<p><span style=\"font-weight: 400;\">Consulte con un abogado especializado en muerte por negligencia si est\u00e1 pensando en demandar a una parte responsable por da\u00f1os y perjuicios. Su abogado puede explicarle en qu\u00e9 consiste el proceso de un caso de muerte por negligencia. Si decide seguir adelante con la demanda, le dar\u00e1 consejos para ayudarle a conseguir el resultado deseado, como por ejemplo:<\/span><\/p>\n<h3><span style=\"font-weight: 400;\">Recopilar pruebas de diversas fuentes<\/span><\/h3>\n<p><span style=\"font-weight: 400;\">Utilice declaraciones de testigos, registros m\u00e9dicos, fotos del lugar del accidente y otras pruebas para respaldar su caso. Sus pruebas pueden demostrar al tribunal que una de las partes fue negligente y que se le debe condenar a pagar la totalidad de los da\u00f1os y perjuicios. Esto puede dificultar que el demandado pueda rebatir sus argumentos.\u00a0<\/span><\/p>\n<h3><span style=\"font-weight: 400;\">Rechaza un acuerdo si no cumple con tus expectativas.<\/span><\/h3>\n<p><span style=\"font-weight: 400;\">Es probable que el demandado le ofrezca una propuesta de acuerdo antes de la fecha del juicio. En muchos casos, aprobar una oferta de acuerdo beneficia m\u00e1s al demandado que al demandante. Discuta el acuerdo con su abogado y, si la oferta no es lo que usted desea, rech\u00e1cela y contin\u00fae con el litigio.\u00a0<\/span><\/p>\n<h3><span style=\"font-weight: 400;\">Cu\u00eddate a ti mismo y a tu familia<\/span><\/h3>\n<p><span style=\"font-weight: 400;\">Preste mucha atenci\u00f3n a usted mismo y a su familia. Si en alg\u00fan momento durante el litigio se siente estresado o preocupado, haga lo que considere mejor para abordar estos problemas. Comparta sus inquietudes y preguntas legales con su abogado, busque asesoramiento profesional si cree que podr\u00eda ser \u00fatil y aseg\u00farese de que usted y sus seres queridos est\u00e9n bien a medida que avanza el litigio.<\/span><\/p>\n<p><span style=\"font-weight: 400;\">El proceso legal puede resultar intimidante, pero hay ayuda disponible. Su abogado especializado en muerte por negligencia le representar\u00e1 y defender\u00e1. Dar\u00e1 prioridad a sus derechos legales y a sus mejores intereses en cada etapa del proceso judicial.\u00a0<\/span><\/p>\n\n<div class=\"cta-container map-bg row align-items-center flex-md-row-reverse\">\n    <div class=\"col-md-6\">\n        <p class=\"cta-text rs-content-cta\">Completa un <a href=\"https:\/\/slamdunkattorney.com\/es\/contact-us\/\">Formulario de evaluaci\u00f3n gratuita de su caso<\/a> ahora<\/p>\n    <\/div>\n    <div class=\"col-md-6 col-bg\">\n    <\/div>\n<\/div><h2><span style=\"font-weight: 400;\">M\u00e1s informaci\u00f3n sobre qui\u00e9n puede ser demandado en un caso de muerte por negligencia<\/span><\/h2>\n<p><span style=\"font-weight: 400;\">Slam Dunk Attorney est\u00e1 aqu\u00ed para apoyarlo a usted y a su familia si decide que es el momento de presentar una demanda por muerte por negligencia. Denos la oportunidad de ayudarlo con su caso. Programe una consulta gratuita con nosotros.<\/span><\/p>\n\n<div class=\"cta-container row align-items-center\">\n    <div class=\"col-md-7\">\n        <p class=\"cta-text rs-content-cta\">Llame o env\u00ede un mensaje de texto <a class=\"no-btn\" href=\"tel:+14049513513\">404-951-3513<\/a> o completar un <a href=\"https:\/\/slamdunkattorney.com\/es\/contact-us\/\">Formulario de evaluaci\u00f3n gratuita de su caso<\/a><\/p>\n    <\/div>\n    <div class=\"col-md-5\">\n        <img decoding=\"async\" src=\"https:\/\/slamdunkattorney.com\/wp-content\/themes\/slam-dunk-rebuild\/assets\/app\/img\/map-cta.jpg\" alt=\"Call or Text\" class=\"img-fluid\"\/>\n    <\/div>\n<\/div>","protected":false},"excerpt":{"rendered":"<p>Who can be sued in a wrongful death case? A business, individual, or government entity can be sued in a wrongful death case.\u00a0 Get legal help from a Duluth wrongful death lawyer if you are considering taking legal action against anyone who caused your family member&#8217;s death, and they can assist you as you cope &#8230;<\/p>","protected":false},"author":2,"featured_media":17303,"parent":5902,"menu_order":0,"comment_status":"closed","ping_status":"closed","template":"","meta":{"_acf_changed":false,"_genesis_hide_title":false,"_genesis_hide_breadcrumbs":false,"_genesis_hide_singular_image":false,"_genesis_hide_footer_widgets":false,"_genesis_custom_body_class":"","_genesis_custom_post_class":"","_genesis_layout":"","ngg_post_thumbnail":0,"footnotes":""},"extra-categories":[],"hc_faqs":[40],"class_list":{"0":"post-17302","1":"page","2":"type-page","3":"status-publish","4":"has-post-thumbnail","6":"hc_faqs-personal-injury","7":"entry"},"acf":[],"yoast_head":"<!-- This site is optimized with the Yoast SEO plugin v27.4 - https:\/\/yoast.com\/product\/yoast-seo-wordpress\/ -->\n<title>Who Can You Sue in a Wrongful Death Case? | Slam Dunk<\/title>\n<meta name=\"description\" content=\"Find out who can be sued in a wrongful death case with the help of a wrongful death lawyer at Slam Dunk Attorney. Call 24\/7.\" \/>\n<meta name=\"robots\" content=\"index, follow, max-snippet:-1, max-image-preview:large, max-video-preview:-1\" \/>\n<link rel=\"canonical\" href=\"https:\/\/slamdunkattorney.com\/es\/faqs\/who-can-be-sued-in-a-wrongful-death-case\/\" \/>\n<meta property=\"og:locale\" content=\"es_MX\" \/>\n<meta property=\"og:type\" content=\"article\" \/>\n<meta property=\"og:title\" content=\"Who Can You Sue in a Wrongful Death Case? | Slam Dunk\" \/>\n<meta property=\"og:description\" content=\"Find out who can be sued in a wrongful death case with the help of a wrongful death lawyer at Slam Dunk Attorney. Call 24\/7.\" \/>\n<meta property=\"og:url\" content=\"https:\/\/slamdunkattorney.com\/es\/faqs\/who-can-be-sued-in-a-wrongful-death-case\/\" \/>\n<meta property=\"og:site_name\" content=\"Slam Dunk Attorney | Injury Lawyers\" \/>\n<meta property=\"article:publisher\" content=\"https:\/\/www.facebook.com\/slamdunkattorneyinjurylawyers\/\" \/>\n<meta property=\"og:image\" content=\"https:\/\/slamdunkattorney.com\/wp-content\/uploads\/2025\/03\/who-can-be-sued-in-a-wrongful-death-case.jpg\" \/>\n\t<meta property=\"og:image:width\" content=\"1000\" \/>\n\t<meta property=\"og:image:height\" content=\"667\" \/>\n\t<meta property=\"og:image:type\" content=\"image\/jpeg\" \/>\n<meta name=\"twitter:card\" content=\"summary_large_image\" \/>\n<meta name=\"twitter:site\" content=\"@slamdunkattorney\" \/>\n<meta name=\"twitter:label1\" content=\"Est. reading time\" \/>\n\t<meta name=\"twitter:data1\" content=\"5 minutos\" \/>\n<script type=\"application\/ld+json\" class=\"yoast-schema-graph\">{\"@context\":\"https:\\\/\\\/schema.org\",\"@graph\":[{\"@type\":\"WebPage\",\"@id\":\"https:\\\/\\\/slamdunkattorney.com\\\/faqs\\\/who-can-be-sued-in-a-wrongful-death-case\\\/\",\"url\":\"https:\\\/\\\/slamdunkattorney.com\\\/faqs\\\/who-can-be-sued-in-a-wrongful-death-case\\\/\",\"name\":\"Who Can You Sue in a Wrongful Death Case? | Slam Dunk\",\"isPartOf\":{\"@id\":\"https:\\\/\\\/slamdunkattorney.com\\\/#website\"},\"primaryImageOfPage\":{\"@id\":\"https:\\\/\\\/slamdunkattorney.com\\\/faqs\\\/who-can-be-sued-in-a-wrongful-death-case\\\/#primaryimage\"},\"image\":{\"@id\":\"https:\\\/\\\/slamdunkattorney.com\\\/faqs\\\/who-can-be-sued-in-a-wrongful-death-case\\\/#primaryimage\"},\"thumbnailUrl\":\"https:\\\/\\\/slamdunkattorney.com\\\/wp-content\\\/uploads\\\/2025\\\/03\\\/who-can-be-sued-in-a-wrongful-death-case.jpg\",\"datePublished\":\"2025-03-04T13:21:29+00:00\",\"description\":\"Find out who can be sued in a wrongful death case with the help of a wrongful death lawyer at Slam Dunk Attorney. Call 24\\\/7.\",\"breadcrumb\":{\"@id\":\"https:\\\/\\\/slamdunkattorney.com\\\/faqs\\\/who-can-be-sued-in-a-wrongful-death-case\\\/#breadcrumb\"},\"inLanguage\":\"es\",\"potentialAction\":[{\"@type\":\"ReadAction\",\"target\":[\"https:\\\/\\\/slamdunkattorney.com\\\/faqs\\\/who-can-be-sued-in-a-wrongful-death-case\\\/\"]}]},{\"@type\":\"ImageObject\",\"inLanguage\":\"es\",\"@id\":\"https:\\\/\\\/slamdunkattorney.com\\\/faqs\\\/who-can-be-sued-in-a-wrongful-death-case\\\/#primaryimage\",\"url\":\"https:\\\/\\\/slamdunkattorney.com\\\/wp-content\\\/uploads\\\/2025\\\/03\\\/who-can-be-sued-in-a-wrongful-death-case.jpg\",\"contentUrl\":\"https:\\\/\\\/slamdunkattorney.com\\\/wp-content\\\/uploads\\\/2025\\\/03\\\/who-can-be-sued-in-a-wrongful-death-case.jpg\",\"width\":1000,\"height\":667,\"caption\":\"A woman placing a white rose on a coffin at a funeral. Who can be sued in a wrongful death case?\"},{\"@type\":\"BreadcrumbList\",\"@id\":\"https:\\\/\\\/slamdunkattorney.com\\\/faqs\\\/who-can-be-sued-in-a-wrongful-death-case\\\/#breadcrumb\",\"itemListElement\":[{\"@type\":\"ListItem\",\"position\":1,\"name\":\"Home\",\"item\":\"https:\\\/\\\/slamdunkattorney.com\\\/\"},{\"@type\":\"ListItem\",\"position\":2,\"name\":\"FAQs\",\"item\":\"https:\\\/\\\/slamdunkattorney.com\\\/faqs\\\/\"},{\"@type\":\"ListItem\",\"position\":3,\"name\":\"Who Can Be Sued in a Wrongful Death Case?\"}]},{\"@type\":\"WebSite\",\"@id\":\"https:\\\/\\\/slamdunkattorney.com\\\/#website\",\"url\":\"https:\\\/\\\/slamdunkattorney.com\\\/\",\"name\":\"Slam Dunk Attorney | Injury Lawyers\",\"description\":\"Duluth Personal Injury Lawyers\",\"publisher\":{\"@id\":\"https:\\\/\\\/slamdunkattorney.com\\\/#organization\"},\"alternateName\":\"Slam Dunk Attorney\",\"inLanguage\":\"es\"},{\"@type\":\"Organization\",\"@id\":\"https:\\\/\\\/slamdunkattorney.com\\\/#organization\",\"name\":\"Slam Dunk Attorney\",\"alternateName\":\"Slam Dunk\",\"url\":\"https:\\\/\\\/slamdunkattorney.com\\\/\",\"logo\":{\"@type\":\"ImageObject\",\"inLanguage\":\"es\",\"@id\":\"https:\\\/\\\/slamdunkattorney.com\\\/#\\\/schema\\\/logo\\\/image\\\/\",\"url\":\"https:\\\/\\\/slamdunkattorney.com\\\/wp-content\\\/uploads\\\/2023\\\/05\\\/cropped-Logo.png\",\"contentUrl\":\"https:\\\/\\\/slamdunkattorney.com\\\/wp-content\\\/uploads\\\/2023\\\/05\\\/cropped-Logo.png\",\"width\":1080,\"height\":240,\"caption\":\"Slam Dunk Attorney\"},\"image\":{\"@id\":\"https:\\\/\\\/slamdunkattorney.com\\\/#\\\/schema\\\/logo\\\/image\\\/\"},\"sameAs\":[\"https:\\\/\\\/www.facebook.com\\\/slamdunkattorneyinjurylawyers\\\/\",\"https:\\\/\\\/x.com\\\/slamdunkattorney\",\"https:\\\/\\\/www.instagram.com\\\/slamdunkattorney\\\/\",\"https:\\\/\\\/www.youtube.com\\\/channel\\\/UCSrOiC7vOjlCi3UgtIVGNtw\",\"https:\\\/\\\/www.linkedin.com\\\/company\\\/slamdunkattorneyinjurylawyers\"]}]}<\/script>\n<!-- \/ Yoast SEO plugin. -->","yoast_head_json":{"title":"Who Can You Sue in a Wrongful Death Case? | Slam Dunk","description":"Find out who can be sued in a wrongful death case with the help of a wrongful death lawyer at Slam Dunk Attorney. Call 24\/7.","robots":{"index":"index","follow":"follow","max-snippet":"max-snippet:-1","max-image-preview":"max-image-preview:large","max-video-preview":"max-video-preview:-1"},"canonical":"https:\/\/slamdunkattorney.com\/es\/faqs\/who-can-be-sued-in-a-wrongful-death-case\/","og_locale":"es_MX","og_type":"article","og_title":"Who Can You Sue in a Wrongful Death Case? | Slam Dunk","og_description":"Find out who can be sued in a wrongful death case with the help of a wrongful death lawyer at Slam Dunk Attorney. Call 24\/7.","og_url":"https:\/\/slamdunkattorney.com\/es\/faqs\/who-can-be-sued-in-a-wrongful-death-case\/","og_site_name":"Slam Dunk Attorney | Injury Lawyers","article_publisher":"https:\/\/www.facebook.com\/slamdunkattorneyinjurylawyers\/","og_image":[{"width":1000,"height":667,"url":"https:\/\/slamdunkattorney.com\/wp-content\/uploads\/2025\/03\/who-can-be-sued-in-a-wrongful-death-case.jpg","type":"image\/jpeg"}],"twitter_card":"summary_large_image","twitter_site":"@slamdunkattorney","twitter_misc":{"Est. reading time":"5 minutos"},"schema":{"@context":"https:\/\/schema.org","@graph":[{"@type":"WebPage","@id":"https:\/\/slamdunkattorney.com\/faqs\/who-can-be-sued-in-a-wrongful-death-case\/","url":"https:\/\/slamdunkattorney.com\/faqs\/who-can-be-sued-in-a-wrongful-death-case\/","name":"Who Can You Sue in a Wrongful Death Case? | Slam Dunk","isPartOf":{"@id":"https:\/\/slamdunkattorney.com\/#website"},"primaryImageOfPage":{"@id":"https:\/\/slamdunkattorney.com\/faqs\/who-can-be-sued-in-a-wrongful-death-case\/#primaryimage"},"image":{"@id":"https:\/\/slamdunkattorney.com\/faqs\/who-can-be-sued-in-a-wrongful-death-case\/#primaryimage"},"thumbnailUrl":"https:\/\/slamdunkattorney.com\/wp-content\/uploads\/2025\/03\/who-can-be-sued-in-a-wrongful-death-case.jpg","datePublished":"2025-03-04T13:21:29+00:00","description":"Find out who can be sued in a wrongful death case with the help of a wrongful death lawyer at Slam Dunk Attorney. Call 24\/7.","breadcrumb":{"@id":"https:\/\/slamdunkattorney.com\/faqs\/who-can-be-sued-in-a-wrongful-death-case\/#breadcrumb"},"inLanguage":"es","potentialAction":[{"@type":"ReadAction","target":["https:\/\/slamdunkattorney.com\/faqs\/who-can-be-sued-in-a-wrongful-death-case\/"]}]},{"@type":"ImageObject","inLanguage":"es","@id":"https:\/\/slamdunkattorney.com\/faqs\/who-can-be-sued-in-a-wrongful-death-case\/#primaryimage","url":"https:\/\/slamdunkattorney.com\/wp-content\/uploads\/2025\/03\/who-can-be-sued-in-a-wrongful-death-case.jpg","contentUrl":"https:\/\/slamdunkattorney.com\/wp-content\/uploads\/2025\/03\/who-can-be-sued-in-a-wrongful-death-case.jpg","width":1000,"height":667,"caption":"A woman placing a white rose on a coffin at a funeral. Who can be sued in a wrongful death case?"},{"@type":"BreadcrumbList","@id":"https:\/\/slamdunkattorney.com\/faqs\/who-can-be-sued-in-a-wrongful-death-case\/#breadcrumb","itemListElement":[{"@type":"ListItem","position":1,"name":"Home","item":"https:\/\/slamdunkattorney.com\/"},{"@type":"ListItem","position":2,"name":"FAQs","item":"https:\/\/slamdunkattorney.com\/faqs\/"},{"@type":"ListItem","position":3,"name":"Who Can Be Sued in a Wrongful Death Case?"}]},{"@type":"WebSite","@id":"https:\/\/slamdunkattorney.com\/#website","url":"https:\/\/slamdunkattorney.com\/","name":"Abogado experto en lesiones | Abogados especializados en lesiones","description":"Abogados de lesiones personales en Duluth","publisher":{"@id":"https:\/\/slamdunkattorney.com\/#organization"},"alternateName":"Slam Dunk Attorney","inLanguage":"es"},{"@type":"Organization","@id":"https:\/\/slamdunkattorney.com\/#organization","name":"Abogado Slam Dunk","alternateName":"Slam Dunk","url":"https:\/\/slamdunkattorney.com\/","logo":{"@type":"ImageObject","inLanguage":"es","@id":"https:\/\/slamdunkattorney.com\/#\/schema\/logo\/image\/","url":"https:\/\/slamdunkattorney.com\/wp-content\/uploads\/2023\/05\/cropped-Logo.png","contentUrl":"https:\/\/slamdunkattorney.com\/wp-content\/uploads\/2023\/05\/cropped-Logo.png","width":1080,"height":240,"caption":"Slam Dunk Attorney"},"image":{"@id":"https:\/\/slamdunkattorney.com\/#\/schema\/logo\/image\/"},"sameAs":["https:\/\/www.facebook.com\/slamdunkattorneyinjurylawyers\/","https:\/\/x.com\/slamdunkattorney","https:\/\/www.instagram.com\/slamdunkattorney\/","https:\/\/www.youtube.com\/channel\/UCSrOiC7vOjlCi3UgtIVGNtw","https:\/\/www.linkedin.com\/company\/slamdunkattorneyinjurylawyers"]}]}},"yoast_meta":{"yoast_wpseo_title":"","yoast_wpseo_metadesc":"","yoast_wpseo_canonical":"https:\/\/slamdunkattorney.com\/es\/wp-json\/wp\/v2\/pages\/17302"},"_links":{"self":[{"href":"https:\/\/slamdunkattorney.com\/es\/wp-json\/wp\/v2\/pages\/17302","targetHints":{"allow":["GET"]}}],"collection":[{"href":"https:\/\/slamdunkattorney.com\/es\/wp-json\/wp\/v2\/pages"}],"about":[{"href":"https:\/\/slamdunkattorney.com\/es\/wp-json\/wp\/v2\/types\/page"}],"author":[{"embeddable":true,"href":"https:\/\/slamdunkattorney.com\/es\/wp-json\/wp\/v2\/users\/2"}],"replies":[{"embeddable":true,"href":"https:\/\/slamdunkattorney.com\/es\/wp-json\/wp\/v2\/comments?post=17302"}],"version-history":[{"count":0,"href":"https:\/\/slamdunkattorney.com\/es\/wp-json\/wp\/v2\/pages\/17302\/revisions"}],"up":[{"embeddable":true,"href":"https:\/\/slamdunkattorney.com\/es\/wp-json\/wp\/v2\/pages\/5902"}],"wp:featuredmedia":[{"embeddable":true,"href":"https:\/\/slamdunkattorney.com\/es\/wp-json\/wp\/v2\/media\/17303"}],"wp:attachment":[{"href":"https:\/\/slamdunkattorney.com\/es\/wp-json\/wp\/v2\/media?parent=17302"}],"wp:term":[{"taxonomy":"extra-categories","embeddable":true,"href":"https:\/\/slamdunkattorney.com\/es\/wp-json\/wp\/v2\/extra-categories?post=17302"},{"taxonomy":"hc_faqs","embeddable":true,"href":"https:\/\/slamdunkattorney.com\/es\/wp-json\/wp\/v2\/hc_faqs?post=17302"}],"curies":[{"name":"wp","href":"https:\/\/api.w.org\/{rel}","templated":true}]}}