{"id":17300,"date":"2025-03-04T13:18:57","date_gmt":"2025-03-04T13:18:57","guid":{"rendered":"https:\/\/slamdunk.wpenginepowered.com\/?page_id=17300"},"modified":"2025-03-04T13:18:57","modified_gmt":"2025-03-04T13:18:57","slug":"are-wrongful-death-settlements-taxable-in-georgia","status":"publish","type":"page","link":"https:\/\/slamdunkattorney.com\/es\/faqs\/are-wrongful-death-settlements-taxable-in-georgia\/","title":{"rendered":"\u00bfLos acuerdos por muerte por negligencia est\u00e1n sujetos a impuestos en Georgia?"},"content":{"rendered":"<p><span style=\"font-weight: 400;\">\u00bfLos acuerdos por muerte por negligencia est\u00e1n sujetos a impuestos en Georgia? <\/span><b>Los acuerdos por muerte por negligencia en Georgia no est\u00e1n sujetos a impuestos. <\/b><span style=\"font-weight: 400;\">porque no se consideran ingresos.\u00a0<\/span><\/p>\n<p><span style=\"font-weight: 400;\">Nuestra compasiva <\/span><a href=\"https:\/\/slamdunkattorney.com\/es\/duluth\/wrongful-death-lawyer\/\"><span style=\"font-weight: 400;\">Abogado especializado en muerte por negligencia en Duluth<\/span><\/a><span style=\"font-weight: 400;\"> puede ayudarle a lidiar con las incertidumbres de una reclamaci\u00f3n.<\/span><\/p>\n<h2><span style=\"font-weight: 400;\">Determinar qui\u00e9n puede presentar una demanda por homicidio culposo<\/span><\/h2>\n<p><span style=\"font-weight: 400;\">Si hay familiares, el c\u00f3nyuge tiene prioridad para tomar estas decisiones, y despu\u00e9s pueden hacerlo los hijos o los padres y tutores. La ley establece claramente que solo el representante personal de la persona fallecida puede presentar una demanda por muerte por negligencia en nombre del patrimonio si no hay familiares vivos. En esta situaci\u00f3n, el patrimonio recibe la indemnizaci\u00f3n de la demanda cuando se paga.<\/span><\/p>\n<p><span style=\"font-weight: 400;\">La indemnizaci\u00f3n derivada de la reclamaci\u00f3n en estas situaciones debe destinarse en primer lugar al pago de cualquier obligaci\u00f3n aplicable, lo que puede incluir impuestos, como se ha indicado anteriormente. Tambi\u00e9n puede incluir cualquier gravamen sobre la liquidaci\u00f3n. Tenga en cuenta asimismo que los honorarios legales, as\u00ed como los gastos m\u00e9dicos relacionados con el fallecimiento y la p\u00e9rdida de la parte, pueden pagarse antes de que el patrimonio reciba los fondos restantes.<\/span><\/p>\n<p><span style=\"font-weight: 400;\">Esos fondos se dividen seg\u00fan los t\u00e9rminos del testamento, si lo hay, o seg\u00fan las normas del estado. En situaciones en las que no hay familiares vivos, el estado puede determinar qu\u00e9 hacer con esos fondos. Si tiene derecho a recibir una indemnizaci\u00f3n porque era dependiente de una persona que falleci\u00f3 por muerte por negligencia, busque los recursos de un <\/span><a href=\"https:\/\/slamdunkattorney.com\/es\/\"><span style=\"font-weight: 400;\">Abogado especializado en lesiones personales en Duluth<\/span><\/a><span style=\"font-weight: 400;\"> para ayudarte.<\/span><\/p>\n\n<div class=\"cta-container row align-items-center\">\n    <div class=\"col-md-7\">\n        <p class=\"cta-text rs-content-cta\">Orgullosos de servir a Duluth y a todo Georgia <span>\u00a1Cont\u00e1ctenos para comenzar su recuperaci\u00f3n!<\/span> <a href=\"https:\/\/slamdunkattorney.com\/es\/\">Explore nuestras \u00e1reas de pr\u00e1ctica<\/a><\/p>\n    <\/div>\n    <div class=\"col-md-5\">\n        <img decoding=\"async\" src=\"https:\/\/slamdunkattorney.com\/wp-content\/themes\/slam-dunk-rebuild\/assets\/app\/img\/map-cta.jpg\" alt=\"Legal Consultation\" class=\"img-fluid\"\/>\n    <\/div>\n<\/div><h2><span style=\"font-weight: 400;\">La tributaci\u00f3n de los acuerdos por muerte por negligencia en Georgia<\/span><\/h2>\n<p><span style=\"font-weight: 400;\">Es importante que comprenda sus obligaciones fiscales al recibir cualquier tipo de indemnizaci\u00f3n. El IRS no considera que las indemnizaciones por muerte por negligencia ni ning\u00fan otro tipo de indemnizaci\u00f3n derivada de una demanda sean ingresos imponibles seg\u00fan su normativa. <\/span><a href=\"https:\/\/www.irs.gov\/government-entities\/tax-implications-of-settlements-and-judgments\" target=\"_blank\" rel=\"noopener\"><span style=\"font-weight: 400;\">informe sobre las implicaciones fiscales de los acuerdos y sentencias<\/span><\/a><span style=\"font-weight: 400;\">. <\/span><b>El IRS grava los ingresos, pero no considera estas p\u00e9rdidas como ingresos.<\/b>.<\/p>\n<p><span style=\"font-weight: 400;\">Sin embargo, hay algunas situaciones en las que un componente del acuerdo podr\u00eda tener implicaciones fiscales, entre ellas:<\/span><\/p>\n<ul>\n<li style=\"font-weight: 400;\" aria-level=\"1\"><b>Da\u00f1os punitivos<\/b>. <span style=\"font-weight: 400;\">En los casos en que el tribunal concede a la familia de la v\u00edctima una indemnizaci\u00f3n por da\u00f1os punitivos, el IRS puede reducir esta cantidad como ingreso imponible, ya que no se trata directamente de p\u00e9rdidas econ\u00f3micas o no econ\u00f3micas de la v\u00edctima.<\/span><\/li>\n<li style=\"font-weight: 400;\" aria-level=\"1\"><b>Pagos de liquidaciones anteriores<\/b>. <span style=\"font-weight: 400;\">En algunas situaciones, es posible que reciba menos del monto del acuerdo si ya recibi\u00f3 una parte del mismo en alg\u00fan momento anterior, por ejemplo, a trav\u00e9s de un pr\u00e9stamo.<\/span><\/li>\n<li style=\"font-weight: 400;\" aria-level=\"1\"><b>Cambios<\/b>. <span style=\"font-weight: 400;\">En algunos casos, el IRS puede considerar las p\u00e9rdidas que usted haya sufrido por angustia emocional como ingresos si puede determinar que dichas p\u00e9rdidas no estaban relacionadas con una enfermedad o lesi\u00f3n personal.<\/span><\/li>\n<\/ul>\n<p><span style=\"font-weight: 400;\">Debido a las complicaciones que presentan este tipo de casos, siempre es conveniente buscar asesoramiento legal de un abogado especializado en muerte por negligencia para determinar cu\u00e1les son sus derechos y qu\u00e9 obligaciones financieras puede tener. Tambi\u00e9n puede hablar con su asesor fiscal para obtener m\u00e1s informaci\u00f3n sobre lo que estas p\u00e9rdidas pueden significar para sus ingresos imponibles en el futuro. En general, la mayor\u00eda de las personas recibir\u00e1n estos fondos como ingresos no imponibles.<\/span><\/p>\n<h2><span style=\"font-weight: 400;\">Tipos de indemnizaci\u00f3n que se pagan en los casos de muerte por negligencia<\/span><\/h2>\n<p><span style=\"font-weight: 400;\">El valor de una demanda por muerte por negligencia depende de las p\u00e9rdidas que la parte demandante pueda demostrar que la parte culpable debe pagar. Existen varios tipos de p\u00e9rdidas que puede haber sufrido la persona fallecida, as\u00ed como las personas que depend\u00edan de ella durante su vida. Algunos ejemplos de los da\u00f1os y perjuicios que pueden pagarse en una demanda como esta son:<\/span><\/p>\n<ul>\n<li style=\"font-weight: 400;\" aria-level=\"1\"><span style=\"font-weight: 400;\">Gastos m\u00e9dicos derivados de la lesi\u00f3n que caus\u00f3 la muerte y de toda la atenci\u00f3n recibida antes del fallecimiento.<\/span><\/li>\n<li style=\"font-weight: 400;\" aria-level=\"1\"><span style=\"font-weight: 400;\">Los gastos de funeral y entierro, o los gastos de cremaci\u00f3n, se consideran razonables.<\/span><\/li>\n<li style=\"font-weight: 400;\" aria-level=\"1\"><span style=\"font-weight: 400;\">P\u00e9rdida de compa\u00f1\u00eda o consorcio pagada al c\u00f3nyuge o a los dependientes.<\/span><\/li>\n<li style=\"font-weight: 400;\" aria-level=\"1\"><span style=\"font-weight: 400;\">P\u00e9rdida de apoyo financiero si la persona fallecida proporcionaba apoyo financiero al hogar.<\/span><\/li>\n<li style=\"font-weight: 400;\" aria-level=\"1\"><span style=\"font-weight: 400;\">El dolor y el sufrimiento que la persona experiment\u00f3 antes de su muerte tras el accidente.<\/span><\/li>\n<li style=\"font-weight: 400;\" aria-level=\"1\"><span style=\"font-weight: 400;\">Angustia emocional de los familiares que se enfrentan a la recuperaci\u00f3n tras la muerte de un ser querido.<\/span><\/li>\n<\/ul>\n<p><span style=\"font-weight: 400;\">Con la ayuda de un abogado especializado en muerte por negligencia, podr\u00e1 aclarar m\u00e1s detalles sobre las p\u00e9rdidas que tiene derecho a recuperar. Hay muchos casos en los que los familiares pueden no saber cu\u00e1les son todas estas p\u00e9rdidas. Su <\/span><a href=\"https:\/\/slamdunkattorney.com\/es\/duluth\/car-accident-lawyer\/\"><span style=\"font-weight: 400;\">Abogado especializado en accidentes automovil\u00edsticos en Duluth<\/span><\/a><span style=\"font-weight: 400;\"> puede ayudarle a determinar cu\u00e1les son esos derechos en lo que respecta a <\/span><b>Acuerdos por muerte por negligencia e impuestos en Georgia<\/b><span style=\"font-weight: 400;\">.<\/span><\/p>\n\n<div class=\"cta-container row align-items-center\">\n    <div class=\"col-md-7\">\n        <p class=\"cta-text rs-content-cta\"><a class=\"no-btn\" href=\"https:\/\/slamdunkattorney.com\/es\/contact-us\/\">Haga clic para contactar<\/a> nuestros abogados especializados en lesiones personales hoy mismo<\/p>\n    <\/div>\n    <div class=\"col-md-5\">\n        <img decoding=\"async\" src=\"https:\/\/slamdunkattorney.com\/wp-content\/themes\/slam-dunk-rebuild\/assets\/app\/img\/map-cta.jpg\" alt=\"Contact Us\" class=\"img-fluid\"\/>\n    <\/div>\n<\/div><h2><span style=\"font-weight: 400;\">Asegurarse de que su acuerdo sea justo<\/span><\/h2>\n<p><span style=\"font-weight: 400;\">Es dif\u00edcil imaginar que cualquier cantidad de dinero sea suficiente para compensar de manera justa las p\u00e9rdidas que usted y su familia han sufrido. Es bastante com\u00fan que las v\u00edctimas no busquen una compensaci\u00f3n adecuada simplemente porque no saben lo que se les debe. Sin embargo, considere las implicaciones que esto tiene para su futuro.<\/span><\/p>\n<p><span style=\"font-weight: 400;\">Si su ser querido era la fuente de ingresos del hogar, esos ingresos ya no est\u00e1n presentes. Eso podr\u00eda tener consecuencias en el pago de su renta o hipoteca, en el mantenimiento de su nivel de vida e incluso en la cobertura de gastos como el cuidado de los ni\u00f1os. Si su familiar contribu\u00eda a su cuenta de jubilaci\u00f3n con grandes expectativas de futuro, esos ingresos ya no est\u00e1n presentes.<\/span><\/p>\n<p><span style=\"font-weight: 400;\">Con la orientaci\u00f3n de un abogado, puede maximizar su indemnizaci\u00f3n para incluir todas sus p\u00e9rdidas, lo que puede ayudar a compensar cualquier componente del acuerdo que sea ingreso imponible. No todas las situaciones dan lugar a la necesidad de <\/span><b>pagar el impuesto sobre la renta por un acuerdo por muerte por negligencia<\/b><span style=\"font-weight: 400;\">, Y, en muchas ocasiones, eso no ocurre, pero al asegurarse de obtener una indemnizaci\u00f3n justa, reduce el riesgo financiero para usted y su familia en los a\u00f1os venideros. Usted merece estar debidamente protegido de las p\u00e9rdidas que otra persona le ha causado tr\u00e1gicamente.<\/span><\/p>\n\n<div class=\"cta-container map-bg row align-items-center flex-md-row-reverse\">\n    <div class=\"col-md-6\">\n        <p class=\"cta-text rs-content-cta\">Completa un <a href=\"https:\/\/slamdunkattorney.com\/es\/contact-us\/\">Formulario de evaluaci\u00f3n gratuita de su caso<\/a> ahora<\/p>\n    <\/div>\n    <div class=\"col-md-6 col-bg\">\n    <\/div>\n<\/div><h2><span style=\"font-weight: 400;\">Programe una consulta gratuita con un abogado especializado en muerte por negligencia en Georgia para obtener m\u00e1s informaci\u00f3n.<\/span><\/h2>\n<p><span style=\"font-weight: 400;\">Las v\u00edctimas de casos de muerte por negligencia merecen justicia. Las familias sobrevivientes pueden exigir responsabilidades a las partes implicadas por la muerte por negligencia de su ser querido y obtener una indemnizaci\u00f3n para compensar los gastos inesperados.\u00a0<\/span><\/p>\n<p><span style=\"font-weight: 400;\">Permita que nuestro equipo legal de Slam Dunk Attorney le gu\u00ede a trav\u00e9s de este complejo proceso protegiendo sus derechos y explic\u00e1ndole <\/span><b>Acuerdos por muerte por negligencia e impuestos en Georgia<\/b><span style=\"font-weight: 400;\">.<\/span><\/p>\n\n<div class=\"cta-container row align-items-center\">\n    <div class=\"col-md-7\">\n        <p class=\"cta-text rs-content-cta\">Llame o env\u00ede un mensaje de texto <a class=\"no-btn\" href=\"tel:+14049513513\">404-951-3513<\/a> o completar un <a href=\"https:\/\/slamdunkattorney.com\/es\/contact-us\/\">Formulario de evaluaci\u00f3n gratuita de su caso<\/a><\/p>\n    <\/div>\n    <div class=\"col-md-5\">\n        <img decoding=\"async\" src=\"https:\/\/slamdunkattorney.com\/wp-content\/themes\/slam-dunk-rebuild\/assets\/app\/img\/map-cta.jpg\" alt=\"Call or Text\" class=\"img-fluid\"\/>\n    <\/div>\n<\/div>","protected":false},"excerpt":{"rendered":"<p>Are wrongful death settlements taxable in Georgia? Wrongful death settlements in Georgia are not taxable because they are not considered income.\u00a0 Our compassionate Duluth wrongful death lawyer can help you navigate the uncertainties of a claim. Determine Who May File a Claim for Wrongful Death If there are relatives, a spouse receives the first priority &#8230;<\/p>","protected":false},"author":2,"featured_media":17301,"parent":5902,"menu_order":0,"comment_status":"closed","ping_status":"closed","template":"","meta":{"_acf_changed":false,"_genesis_hide_title":false,"_genesis_hide_breadcrumbs":false,"_genesis_hide_singular_image":false,"_genesis_hide_footer_widgets":false,"_genesis_custom_body_class":"","_genesis_custom_post_class":"","_genesis_layout":"","ngg_post_thumbnail":0,"footnotes":""},"extra-categories":[],"hc_faqs":[40],"class_list":{"0":"post-17300","1":"page","2":"type-page","3":"status-publish","4":"has-post-thumbnail","6":"hc_faqs-personal-injury","7":"entry"},"acf":[],"yoast_head":"<!-- This site is optimized with the Yoast SEO plugin v27.4 - https:\/\/yoast.com\/product\/yoast-seo-wordpress\/ -->\n<title>Is a Wrongful Death Settlement Taxable in Georgia?<\/title>\n<meta name=\"description\" content=\"Find out if wrongful death settlements are taxable in Georgia from the dedicated wrongful death lawyers at Slam Dunk Attorney.\" \/>\n<meta name=\"robots\" content=\"index, follow, max-snippet:-1, max-image-preview:large, max-video-preview:-1\" \/>\n<link rel=\"canonical\" href=\"https:\/\/slamdunkattorney.com\/es\/faqs\/are-wrongful-death-settlements-taxable-in-georgia\/\" \/>\n<meta property=\"og:locale\" content=\"es_MX\" \/>\n<meta property=\"og:type\" content=\"article\" \/>\n<meta property=\"og:title\" content=\"Is a Wrongful Death Settlement Taxable in Georgia?\" \/>\n<meta property=\"og:description\" content=\"Find out if wrongful death settlements are taxable in Georgia from the dedicated wrongful death lawyers at Slam Dunk Attorney.\" \/>\n<meta property=\"og:url\" content=\"https:\/\/slamdunkattorney.com\/es\/faqs\/are-wrongful-death-settlements-taxable-in-georgia\/\" \/>\n<meta property=\"og:site_name\" content=\"Slam Dunk Attorney | Injury Lawyers\" \/>\n<meta property=\"article:publisher\" content=\"https:\/\/www.facebook.com\/slamdunkattorneyinjurylawyers\/\" \/>\n<meta property=\"og:image\" content=\"https:\/\/slamdunkattorney.com\/wp-content\/uploads\/2025\/03\/are-wrongful-death-settlements-taxable-in-georgia.jpg\" \/>\n\t<meta property=\"og:image:width\" content=\"1000\" \/>\n\t<meta property=\"og:image:height\" content=\"527\" \/>\n\t<meta property=\"og:image:type\" content=\"image\/jpeg\" \/>\n<meta name=\"twitter:card\" content=\"summary_large_image\" \/>\n<meta name=\"twitter:site\" content=\"@slamdunkattorney\" \/>\n<meta name=\"twitter:label1\" content=\"Est. reading time\" \/>\n\t<meta name=\"twitter:data1\" content=\"5 minutos\" \/>\n<script type=\"application\/ld+json\" class=\"yoast-schema-graph\">{\"@context\":\"https:\\\/\\\/schema.org\",\"@graph\":[{\"@type\":\"WebPage\",\"@id\":\"https:\\\/\\\/slamdunkattorney.com\\\/faqs\\\/are-wrongful-death-settlements-taxable-in-georgia\\\/\",\"url\":\"https:\\\/\\\/slamdunkattorney.com\\\/faqs\\\/are-wrongful-death-settlements-taxable-in-georgia\\\/\",\"name\":\"Is a Wrongful Death Settlement Taxable in Georgia?\",\"isPartOf\":{\"@id\":\"https:\\\/\\\/slamdunkattorney.com\\\/#website\"},\"primaryImageOfPage\":{\"@id\":\"https:\\\/\\\/slamdunkattorney.com\\\/faqs\\\/are-wrongful-death-settlements-taxable-in-georgia\\\/#primaryimage\"},\"image\":{\"@id\":\"https:\\\/\\\/slamdunkattorney.com\\\/faqs\\\/are-wrongful-death-settlements-taxable-in-georgia\\\/#primaryimage\"},\"thumbnailUrl\":\"https:\\\/\\\/slamdunkattorney.com\\\/wp-content\\\/uploads\\\/2025\\\/03\\\/are-wrongful-death-settlements-taxable-in-georgia.jpg\",\"datePublished\":\"2025-03-04T13:18:57+00:00\",\"description\":\"Find out if wrongful death settlements are taxable in Georgia from the dedicated wrongful death lawyers at Slam Dunk Attorney.\",\"breadcrumb\":{\"@id\":\"https:\\\/\\\/slamdunkattorney.com\\\/faqs\\\/are-wrongful-death-settlements-taxable-in-georgia\\\/#breadcrumb\"},\"inLanguage\":\"es\",\"potentialAction\":[{\"@type\":\"ReadAction\",\"target\":[\"https:\\\/\\\/slamdunkattorney.com\\\/faqs\\\/are-wrongful-death-settlements-taxable-in-georgia\\\/\"]}]},{\"@type\":\"ImageObject\",\"inLanguage\":\"es\",\"@id\":\"https:\\\/\\\/slamdunkattorney.com\\\/faqs\\\/are-wrongful-death-settlements-taxable-in-georgia\\\/#primaryimage\",\"url\":\"https:\\\/\\\/slamdunkattorney.com\\\/wp-content\\\/uploads\\\/2025\\\/03\\\/are-wrongful-death-settlements-taxable-in-georgia.jpg\",\"contentUrl\":\"https:\\\/\\\/slamdunkattorney.com\\\/wp-content\\\/uploads\\\/2025\\\/03\\\/are-wrongful-death-settlements-taxable-in-georgia.jpg\",\"width\":1000,\"height\":527,\"caption\":\"Are Wrongful Death Settlements Taxable in Georgia?\"},{\"@type\":\"BreadcrumbList\",\"@id\":\"https:\\\/\\\/slamdunkattorney.com\\\/faqs\\\/are-wrongful-death-settlements-taxable-in-georgia\\\/#breadcrumb\",\"itemListElement\":[{\"@type\":\"ListItem\",\"position\":1,\"name\":\"Home\",\"item\":\"https:\\\/\\\/slamdunkattorney.com\\\/\"},{\"@type\":\"ListItem\",\"position\":2,\"name\":\"FAQs\",\"item\":\"https:\\\/\\\/slamdunkattorney.com\\\/faqs\\\/\"},{\"@type\":\"ListItem\",\"position\":3,\"name\":\"Are Wrongful Death Settlements Taxable in Georgia?\"}]},{\"@type\":\"WebSite\",\"@id\":\"https:\\\/\\\/slamdunkattorney.com\\\/#website\",\"url\":\"https:\\\/\\\/slamdunkattorney.com\\\/\",\"name\":\"Slam Dunk Attorney | Injury Lawyers\",\"description\":\"Duluth Personal Injury Lawyers\",\"publisher\":{\"@id\":\"https:\\\/\\\/slamdunkattorney.com\\\/#organization\"},\"alternateName\":\"Slam Dunk Attorney\",\"inLanguage\":\"es\"},{\"@type\":\"Organization\",\"@id\":\"https:\\\/\\\/slamdunkattorney.com\\\/#organization\",\"name\":\"Slam Dunk Attorney\",\"alternateName\":\"Slam Dunk\",\"url\":\"https:\\\/\\\/slamdunkattorney.com\\\/\",\"logo\":{\"@type\":\"ImageObject\",\"inLanguage\":\"es\",\"@id\":\"https:\\\/\\\/slamdunkattorney.com\\\/#\\\/schema\\\/logo\\\/image\\\/\",\"url\":\"https:\\\/\\\/slamdunkattorney.com\\\/wp-content\\\/uploads\\\/2023\\\/05\\\/cropped-Logo.png\",\"contentUrl\":\"https:\\\/\\\/slamdunkattorney.com\\\/wp-content\\\/uploads\\\/2023\\\/05\\\/cropped-Logo.png\",\"width\":1080,\"height\":240,\"caption\":\"Slam Dunk Attorney\"},\"image\":{\"@id\":\"https:\\\/\\\/slamdunkattorney.com\\\/#\\\/schema\\\/logo\\\/image\\\/\"},\"sameAs\":[\"https:\\\/\\\/www.facebook.com\\\/slamdunkattorneyinjurylawyers\\\/\",\"https:\\\/\\\/x.com\\\/slamdunkattorney\",\"https:\\\/\\\/www.instagram.com\\\/slamdunkattorney\\\/\",\"https:\\\/\\\/www.youtube.com\\\/channel\\\/UCSrOiC7vOjlCi3UgtIVGNtw\",\"https:\\\/\\\/www.linkedin.com\\\/company\\\/slamdunkattorneyinjurylawyers\"]}]}<\/script>\n<!-- \/ Yoast SEO plugin. -->","yoast_head_json":{"title":"Is a Wrongful Death Settlement Taxable in Georgia?","description":"Find out if wrongful death settlements are taxable in Georgia from the dedicated wrongful death lawyers at Slam Dunk Attorney.","robots":{"index":"index","follow":"follow","max-snippet":"max-snippet:-1","max-image-preview":"max-image-preview:large","max-video-preview":"max-video-preview:-1"},"canonical":"https:\/\/slamdunkattorney.com\/es\/faqs\/are-wrongful-death-settlements-taxable-in-georgia\/","og_locale":"es_MX","og_type":"article","og_title":"Is a Wrongful Death Settlement Taxable in Georgia?","og_description":"Find out if wrongful death settlements are taxable in Georgia from the dedicated wrongful death lawyers at Slam Dunk Attorney.","og_url":"https:\/\/slamdunkattorney.com\/es\/faqs\/are-wrongful-death-settlements-taxable-in-georgia\/","og_site_name":"Slam Dunk Attorney | Injury Lawyers","article_publisher":"https:\/\/www.facebook.com\/slamdunkattorneyinjurylawyers\/","og_image":[{"width":1000,"height":527,"url":"https:\/\/slamdunkattorney.com\/wp-content\/uploads\/2025\/03\/are-wrongful-death-settlements-taxable-in-georgia.jpg","type":"image\/jpeg"}],"twitter_card":"summary_large_image","twitter_site":"@slamdunkattorney","twitter_misc":{"Est. reading time":"5 minutos"},"schema":{"@context":"https:\/\/schema.org","@graph":[{"@type":"WebPage","@id":"https:\/\/slamdunkattorney.com\/faqs\/are-wrongful-death-settlements-taxable-in-georgia\/","url":"https:\/\/slamdunkattorney.com\/faqs\/are-wrongful-death-settlements-taxable-in-georgia\/","name":"Is a Wrongful Death Settlement Taxable in Georgia?","isPartOf":{"@id":"https:\/\/slamdunkattorney.com\/#website"},"primaryImageOfPage":{"@id":"https:\/\/slamdunkattorney.com\/faqs\/are-wrongful-death-settlements-taxable-in-georgia\/#primaryimage"},"image":{"@id":"https:\/\/slamdunkattorney.com\/faqs\/are-wrongful-death-settlements-taxable-in-georgia\/#primaryimage"},"thumbnailUrl":"https:\/\/slamdunkattorney.com\/wp-content\/uploads\/2025\/03\/are-wrongful-death-settlements-taxable-in-georgia.jpg","datePublished":"2025-03-04T13:18:57+00:00","description":"Find out if wrongful death settlements are taxable in Georgia from the dedicated wrongful death lawyers at Slam Dunk Attorney.","breadcrumb":{"@id":"https:\/\/slamdunkattorney.com\/faqs\/are-wrongful-death-settlements-taxable-in-georgia\/#breadcrumb"},"inLanguage":"es","potentialAction":[{"@type":"ReadAction","target":["https:\/\/slamdunkattorney.com\/faqs\/are-wrongful-death-settlements-taxable-in-georgia\/"]}]},{"@type":"ImageObject","inLanguage":"es","@id":"https:\/\/slamdunkattorney.com\/faqs\/are-wrongful-death-settlements-taxable-in-georgia\/#primaryimage","url":"https:\/\/slamdunkattorney.com\/wp-content\/uploads\/2025\/03\/are-wrongful-death-settlements-taxable-in-georgia.jpg","contentUrl":"https:\/\/slamdunkattorney.com\/wp-content\/uploads\/2025\/03\/are-wrongful-death-settlements-taxable-in-georgia.jpg","width":1000,"height":527,"caption":"Are Wrongful Death Settlements Taxable in Georgia?"},{"@type":"BreadcrumbList","@id":"https:\/\/slamdunkattorney.com\/faqs\/are-wrongful-death-settlements-taxable-in-georgia\/#breadcrumb","itemListElement":[{"@type":"ListItem","position":1,"name":"Home","item":"https:\/\/slamdunkattorney.com\/"},{"@type":"ListItem","position":2,"name":"FAQs","item":"https:\/\/slamdunkattorney.com\/faqs\/"},{"@type":"ListItem","position":3,"name":"Are Wrongful Death Settlements Taxable in Georgia?"}]},{"@type":"WebSite","@id":"https:\/\/slamdunkattorney.com\/#website","url":"https:\/\/slamdunkattorney.com\/","name":"Abogado experto en lesiones | Abogados especializados en lesiones","description":"Abogados de lesiones personales en Duluth","publisher":{"@id":"https:\/\/slamdunkattorney.com\/#organization"},"alternateName":"Slam Dunk Attorney","inLanguage":"es"},{"@type":"Organization","@id":"https:\/\/slamdunkattorney.com\/#organization","name":"Abogado Slam Dunk","alternateName":"Slam Dunk","url":"https:\/\/slamdunkattorney.com\/","logo":{"@type":"ImageObject","inLanguage":"es","@id":"https:\/\/slamdunkattorney.com\/#\/schema\/logo\/image\/","url":"https:\/\/slamdunkattorney.com\/wp-content\/uploads\/2023\/05\/cropped-Logo.png","contentUrl":"https:\/\/slamdunkattorney.com\/wp-content\/uploads\/2023\/05\/cropped-Logo.png","width":1080,"height":240,"caption":"Slam Dunk Attorney"},"image":{"@id":"https:\/\/slamdunkattorney.com\/#\/schema\/logo\/image\/"},"sameAs":["https:\/\/www.facebook.com\/slamdunkattorneyinjurylawyers\/","https:\/\/x.com\/slamdunkattorney","https:\/\/www.instagram.com\/slamdunkattorney\/","https:\/\/www.youtube.com\/channel\/UCSrOiC7vOjlCi3UgtIVGNtw","https:\/\/www.linkedin.com\/company\/slamdunkattorneyinjurylawyers"]}]}},"yoast_meta":{"yoast_wpseo_title":"","yoast_wpseo_metadesc":"","yoast_wpseo_canonical":"https:\/\/slamdunkattorney.com\/es\/wp-json\/wp\/v2\/pages\/17300"},"_links":{"self":[{"href":"https:\/\/slamdunkattorney.com\/es\/wp-json\/wp\/v2\/pages\/17300","targetHints":{"allow":["GET"]}}],"collection":[{"href":"https:\/\/slamdunkattorney.com\/es\/wp-json\/wp\/v2\/pages"}],"about":[{"href":"https:\/\/slamdunkattorney.com\/es\/wp-json\/wp\/v2\/types\/page"}],"author":[{"embeddable":true,"href":"https:\/\/slamdunkattorney.com\/es\/wp-json\/wp\/v2\/users\/2"}],"replies":[{"embeddable":true,"href":"https:\/\/slamdunkattorney.com\/es\/wp-json\/wp\/v2\/comments?post=17300"}],"version-history":[{"count":0,"href":"https:\/\/slamdunkattorney.com\/es\/wp-json\/wp\/v2\/pages\/17300\/revisions"}],"up":[{"embeddable":true,"href":"https:\/\/slamdunkattorney.com\/es\/wp-json\/wp\/v2\/pages\/5902"}],"wp:featuredmedia":[{"embeddable":true,"href":"https:\/\/slamdunkattorney.com\/es\/wp-json\/wp\/v2\/media\/17301"}],"wp:attachment":[{"href":"https:\/\/slamdunkattorney.com\/es\/wp-json\/wp\/v2\/media?parent=17300"}],"wp:term":[{"taxonomy":"extra-categories","embeddable":true,"href":"https:\/\/slamdunkattorney.com\/es\/wp-json\/wp\/v2\/extra-categories?post=17300"},{"taxonomy":"hc_faqs","embeddable":true,"href":"https:\/\/slamdunkattorney.com\/es\/wp-json\/wp\/v2\/hc_faqs?post=17300"}],"curies":[{"name":"wp","href":"https:\/\/api.w.org\/{rel}","templated":true}]}}