{"id":17298,"date":"2025-03-04T13:16:02","date_gmt":"2025-03-04T13:16:02","guid":{"rendered":"https:\/\/slamdunk.wpenginepowered.com\/?page_id=17298"},"modified":"2025-05-16T22:56:52","modified_gmt":"2025-05-16T22:56:52","slug":"what-is-the-statute-of-limitations-for-a-wrongful-death-claim","status":"publish","type":"page","link":"https:\/\/slamdunkattorney.com\/es\/faqs\/what-is-the-statute-of-limitations-for-a-wrongful-death-claim\/","title":{"rendered":"\u00bfCu\u00e1l es el plazo de prescripci\u00f3n para una demanda por muerte por negligencia?"},"content":{"rendered":"<p><span style=\"font-weight: 400;\">\u00bfCu\u00e1l es el plazo de prescripci\u00f3n para una demanda por muerte por negligencia? Seg\u00fan la legislaci\u00f3n de Georgia, las familias de las v\u00edctimas tienen <\/span><b>dos a\u00f1os a partir de la fecha del fallecimiento de su familiar.<\/b><span style=\"font-weight: 400;\"> presentar una demanda por homicidio culposo, o podr\u00edan perder su derecho a hacerlo.\u00a0<\/span><\/p>\n<p><span style=\"font-weight: 400;\">Si ha perdido a un ser querido en circunstancias negligentes, deje que nuestra compasiva <\/span><a href=\"https:\/\/slamdunkattorney.com\/es\/duluth\/wrongful-death-lawyer\/\"><span style=\"font-weight: 400;\">Abogado especializado en muerte por negligencia en Duluth<\/span><\/a><span style=\"font-weight: 400;\"> ayudarle a preparar y presentar su reclamaci\u00f3n antes de la fecha l\u00edmite. <\/span><\/p>\n<h2><span style=\"font-weight: 400;\">Qu\u00e9 significa el plazo de prescripci\u00f3n en su caso<\/span><\/h2>\n<p><span style=\"font-weight: 400;\">La v\u00edctima de una muerte por negligencia, si hubiera sobrevivido, podr\u00eda haber tenido el derecho legal de reclamar una compensaci\u00f3n econ\u00f3mica por sus p\u00e9rdidas si otra persona las hubiera causado. El representante de la sucesi\u00f3n o un familiar cercano pueden emprender esta acci\u00f3n por s\u00ed mismos, siempre y cuando lo hagan dentro del plazo de prescripci\u00f3n de Georgia para los casos de muerte por negligencia. Este plazo est\u00e1 limitado por la legislaci\u00f3n de Georgia.<\/span><\/p>\n<p><span style=\"font-weight: 400;\">La demanda contra la parte culpable debe presentarse en un plazo de dos a\u00f1os por m\u00faltiples razones, entre ellas, garantizar que las pruebas sigan estando disponibles y que los testigos puedan estar presentes. Si no presenta una demanda dentro de este plazo de dos a\u00f1os, es probable que el tribunal no admita su caso. Eso significa que, aunque pueda demostrar que otra persona caus\u00f3 la muerte de su familiar, no podr\u00e1 emprender acciones legales ante un tribunal.<\/span><\/p>\n<p><span style=\"font-weight: 400;\">Tenga en cuenta que esto no es lo mismo que el plazo para presentar una reclamaci\u00f3n ante la compa\u00f1\u00eda de seguros de la parte culpable. Ese plazo puede ser mucho menor. Si cree que su familiar falleci\u00f3 como consecuencia de una muerte por negligencia, busque asesoramiento legal de un <\/span><a href=\"https:\/\/slamdunkattorney.com\/es\/\"><span style=\"font-weight: 400;\">Abogado especializado en lesiones personales en Duluth<\/span><\/a><span style=\"font-weight: 400;\"> Pida ayuda de inmediato antes de que se agote este plazo.<\/span><\/p>\n\n<div class=\"cta-container row align-items-center\">\n    <div class=\"col-md-7\">\n        <p class=\"cta-text rs-content-cta\">Orgullosos de servir a Duluth y a todo Georgia <span>\u00a1Cont\u00e1ctenos para comenzar su recuperaci\u00f3n!<\/span> <a href=\"https:\/\/slamdunkattorney.com\/es\/\">Explore nuestras \u00e1reas de pr\u00e1ctica<\/a><\/p>\n    <\/div>\n    <div class=\"col-md-5\">\n        <img decoding=\"async\" src=\"https:\/\/slamdunkattorney.com\/wp-content\/themes\/slam-dunk-rebuild\/assets\/app\/img\/map-cta.jpg\" alt=\"Legal Consultation\" class=\"img-fluid\"\/>\n    <\/div>\n<\/div><h2><span style=\"font-weight: 400;\">Conozca las limitaciones de las reclamaciones de seguros<\/span><\/h2>\n<p><span style=\"font-weight: 400;\">En muchas situaciones, las familias no pensar\u00e1n inmediatamente en tomar medidas para un <\/span><b>demanda por homicidio culposo en Georgia<\/b><span style=\"font-weight: 400;\">, ya que est\u00e1n sufriendo por la p\u00e9rdida de un ser querido. Sin embargo, hay algunos factores que se deben tener en cuenta en este proceso, como los plazos que se deben cumplir para garantizar que la compa\u00f1\u00eda de seguros de la parte culpable sea informada de lo que est\u00e1 ocurriendo. Tenga en cuenta las siguientes pautas en lo que respecta a los procesos de reclamaci\u00f3n de seguros:<\/span><\/p>\n<ul>\n<li style=\"font-weight: 400;\" aria-level=\"1\"><b>Avisar a la compa\u00f1\u00eda de seguros<\/b>: <span style=\"font-weight: 400;\">Es conveniente avisar a la compa\u00f1\u00eda de seguros de la parte culpable lo antes posible. Esto no significa presentar una reclamaci\u00f3n directamente, sino informarles del incidente y del posible derecho que usted tiene a presentar una reclamaci\u00f3n.<\/span><\/li>\n<li style=\"font-weight: 400;\" aria-level=\"1\"><b>Trabaje con un abogado<\/b>: <span style=\"font-weight: 400;\">Trabaje con su abogado para crear una demanda s\u00f3lida, completa y precisa, que proporcione a su familiar la justicia que se merece. Pida a su abogado especializado en muerte por negligencia que presente la demanda.<\/span><\/li>\n<li style=\"font-weight: 400;\" aria-level=\"1\"><b>Reconocimiento de la reclamaci\u00f3n<\/b>: <span style=\"font-weight: 400;\">La compa\u00f1\u00eda de seguros tiene 15 d\u00edas para acusar recibo de su reclamaci\u00f3n.<\/span><\/li>\n<li style=\"font-weight: 400;\" aria-level=\"1\"><b>Aceptar o rechazar la reclamaci\u00f3n<\/b>:<span style=\"font-weight: 400;\"> Una vez que la compa\u00f1\u00eda de seguros recibe los formularios, tiene 15 d\u00edas para actuar, lo que le da tiempo para rechazar o rebatir el acuerdo o aceptarlo.<\/span><\/li>\n<li style=\"font-weight: 400;\" aria-level=\"1\"><b>Extensiones<\/b>:<span style=\"font-weight: 400;\"> Es muy com\u00fan que las compa\u00f1\u00edas de seguros soliciten m\u00e1s tiempo y pueden pedir una pr\u00f3rroga para realizar investigaciones adicionales. El plazo m\u00e1ximo para las pr\u00f3rrogas es de 60 d\u00edas.<\/span><\/li>\n<li style=\"font-weight: 400;\" aria-level=\"1\"><b>Pagar la reclamaci\u00f3n<\/b>: <span style=\"font-weight: 400;\">Una vez que la compa\u00f1\u00eda de seguros acepta el monto del acuerdo, tiene 10 d\u00edas para pagarlo.<\/span><\/li>\n<\/ul>\n<p><span style=\"font-weight: 400;\">En esta situaci\u00f3n, la familia debe dar el primer paso, aunque no es raro que la compa\u00f1\u00eda de seguros ofrezca un acuerdo por adelantado. Antes de aceptar cualquier acuerdo o incluso de presentar una reclamaci\u00f3n, hable con su abogado especializado en muerte por negligencia. Esto le garantiza que obtendr\u00e1 la informaci\u00f3n necesaria para presentar una reclamaci\u00f3n lo suficientemente completa como para defender sus derechos seg\u00fan la ley.<\/span><\/p>\n<h2><span style=\"font-weight: 400;\">Reclamaciones que llegan a los tribunales<\/span><\/h2>\n<p><span style=\"font-weight: 400;\">En situaciones en las que la compa\u00f1\u00eda de seguros no acepte su reclamaci\u00f3n y la rechace, puede que sea necesario que acuda a los tribunales. Como se ha indicado, dispone de dos a\u00f1os desde la fecha del accidente para presentar una reclamaci\u00f3n ante un tribunal. Si no le ofrecen un acuerdo que considere justo seg\u00fan la ley, puede dar este paso.<\/span><\/p>\n<p><span style=\"font-weight: 400;\">Llegar a juicio no es infrecuente en un caso de muerte por negligencia, pero a menudo alarga el tiempo que se tarda en llegar a un acuerdo. La otra parte tendr\u00e1 tiempo para revisar las pruebas y hacer preguntas. Esto puede ser suficiente para impulsar a la compa\u00f1\u00eda de seguros a llegar a un acuerdo si determina que usted tiene pruebas que validan su reclamaci\u00f3n.<\/span><\/p>\n<p><span style=\"font-weight: 400;\">Si su caso llega a los tribunales, el juez y el jurado escuchar\u00e1n las pruebas para determinar si debe recibir una indemnizaci\u00f3n y cu\u00e1l es su valor, bas\u00e1ndose en factores como las pruebas y el impacto. Al trabajar con un <\/span><a href=\"https:\/\/slamdunkattorney.com\/es\/duluth\/car-accident-lawyer\/\"><span style=\"font-weight: 400;\">Abogado especializado en accidentes automovil\u00edsticos en Duluth<\/span><\/a><span style=\"font-weight: 400;\">, puede minimizar el riesgo de acudir a los tribunales sin estar preparado, lo que puede poner su caso en mayor peligro. Su abogado le ayudar\u00e1 a garantizar que sus derechos sigan estando protegidos.<\/span><\/p>\n\n<div class=\"cta-container row align-items-center\">\n    <div class=\"col-md-7\">\n        <p class=\"cta-text rs-content-cta\"><a class=\"no-btn\" href=\"https:\/\/slamdunkattorney.com\/es\/contact-us\/\">Haga clic para contactar<\/a> nuestros abogados especializados en lesiones personales hoy mismo<\/p>\n    <\/div>\n    <div class=\"col-md-5\">\n        <img decoding=\"async\" src=\"https:\/\/slamdunkattorney.com\/wp-content\/themes\/slam-dunk-rebuild\/assets\/app\/img\/map-cta.jpg\" alt=\"Contact Us\" class=\"img-fluid\"\/>\n    <\/div>\n<\/div><h2><span style=\"font-weight: 400;\">Normas fuera del plazo de prescripci\u00f3n<\/span><\/h2>\n<p><span style=\"font-weight: 400;\">Hay algunas situaciones en las que el <\/span><b>plazo de prescripci\u00f3n para homicidio culposo<\/b><span style=\"font-weight: 400;\"> se ampl\u00eda, especialmente si no se descubre que se produjo una muerte por negligencia dentro de ese periodo inicial de dos a\u00f1os seg\u00fan <\/span><span style=\"font-weight: 400;\">C\u00f3digo de Georgia \u00a7 51-4-2<\/span><span style=\"font-weight: 400;\">. En situaciones en las que hay un caso penal pendiente, el plazo de prescripci\u00f3n de la demanda por homicidio culposo puede suspenderse o ampliarse hasta seis a\u00f1os para dar tiempo a que se resuelva el caso penal. De todos modos, debe seguir trabajando con su abogado hasta llegar a este punto.<\/span><\/p>\n<p><span style=\"font-weight: 400;\">Otra ocasi\u00f3n en la que se podr\u00eda ampliar este plazo es cuando la persona fallecida no dej\u00f3 testamento. En este caso, es posible que el tribunal tenga que determinar qui\u00e9n tiene derecho a presentar una demanda por homicidio culposo y, en algunos casos, se podr\u00eda aplicar una ampliaci\u00f3n del plazo. El plazo m\u00e1ximo que se puede ampliar es de 5 a\u00f1os.<\/span><\/p>\n<p><span style=\"font-weight: 400;\">Tambi\u00e9n hay que tener en cuenta que, en los casos en que el sobreviviente de la v\u00edctima sea menor de 18 a\u00f1os, el plazo de prescripci\u00f3n por homicidio culposo se ampliar\u00e1 a dos a\u00f1os despu\u00e9s de que cumpla 18 a\u00f1os. Esto le da tiempo al menor para reaccionar. <\/span><b>La reclamaci\u00f3n debe ser presentada por el heredero del fallecido.<\/b><b>th<\/b><b> cumplea\u00f1os.<\/b><\/p>\n\n<div class=\"cta-container map-bg row align-items-center flex-md-row-reverse\">\n    <div class=\"col-md-6\">\n        <p class=\"cta-text rs-content-cta\">Completa un <a href=\"https:\/\/slamdunkattorney.com\/es\/contact-us\/\">Formulario de evaluaci\u00f3n gratuita de su caso<\/a> ahora<\/p>\n    <\/div>\n    <div class=\"col-md-6 col-bg\">\n    <\/div>\n<\/div><h2><span style=\"font-weight: 400;\">Busque asesoramiento legal para conocer sus derechos.<\/span><\/h2>\n<p><span style=\"font-weight: 400;\">En Slam Dunk Attorney, nuestros abogados trabajan sin descanso para proteger sus derechos seg\u00fan la ley. Si cree que un ser querido ha resultado herido debido a una muerte por negligencia, p\u00f3ngase en contacto con nosotros. Le ofreceremos una consulta gratuita para obtener m\u00e1s informaci\u00f3n sobre el <\/span><b>plazo de prescripci\u00f3n para una demanda por homicidio culposo<\/b><span style=\"font-weight: 400;\">.<\/span><\/p>\n\n<div class=\"cta-container row align-items-center\">\n    <div class=\"col-md-7\">\n        <p class=\"cta-text rs-content-cta\">Llame o env\u00ede un mensaje de texto <a class=\"no-btn\" href=\"tel:+14049513513\">404-951-3513<\/a> o completar un <a href=\"https:\/\/slamdunkattorney.com\/es\/contact-us\/\">Formulario de evaluaci\u00f3n gratuita de su caso<\/a><\/p>\n    <\/div>\n    <div class=\"col-md-5\">\n        <img decoding=\"async\" src=\"https:\/\/slamdunkattorney.com\/wp-content\/themes\/slam-dunk-rebuild\/assets\/app\/img\/map-cta.jpg\" alt=\"Call or Text\" class=\"img-fluid\"\/>\n    <\/div>\n<\/div>","protected":false},"excerpt":{"rendered":"<p>What is the statute of limitations for a wrongful death claim? Under Georgia law, victim families have two years from the date of their family member\u2019s death to file a lawsuit for wrongful death, or they may lose their right to do so.\u00a0 If you have lost a loved one under negligent circumstances, let our &#8230;<\/p>","protected":false},"author":2,"featured_media":17299,"parent":5902,"menu_order":0,"comment_status":"closed","ping_status":"closed","template":"","meta":{"_acf_changed":false,"_genesis_hide_title":false,"_genesis_hide_breadcrumbs":false,"_genesis_hide_singular_image":false,"_genesis_hide_footer_widgets":false,"_genesis_custom_body_class":"","_genesis_custom_post_class":"","_genesis_layout":"","ngg_post_thumbnail":0,"footnotes":""},"extra-categories":[],"hc_faqs":[40],"class_list":{"0":"post-17298","1":"page","2":"type-page","3":"status-publish","4":"has-post-thumbnail","6":"hc_faqs-personal-injury","7":"entry"},"acf":[],"yoast_head":"<!-- This site is optimized with the Yoast SEO plugin v27.4 - https:\/\/yoast.com\/product\/yoast-seo-wordpress\/ -->\n<title>Statute of Limitations for a Wrongful Death Claim<\/title>\n<meta name=\"description\" content=\"Find out what the statute of limitations is for a wrongful death claim from the wrongful death lawyers at Slam Dunk Attorney.\" \/>\n<meta name=\"robots\" content=\"index, follow, max-snippet:-1, max-image-preview:large, max-video-preview:-1\" \/>\n<link rel=\"canonical\" href=\"https:\/\/slamdunkattorney.com\/es\/faqs\/what-is-the-statute-of-limitations-for-a-wrongful-death-claim\/\" \/>\n<meta property=\"og:locale\" content=\"es_MX\" \/>\n<meta property=\"og:type\" content=\"article\" \/>\n<meta property=\"og:title\" content=\"Statute of Limitations for a Wrongful Death Claim\" \/>\n<meta property=\"og:description\" content=\"Find out what the statute of limitations is for a wrongful death claim from the wrongful death lawyers at Slam Dunk Attorney.\" \/>\n<meta property=\"og:url\" content=\"https:\/\/slamdunkattorney.com\/es\/faqs\/what-is-the-statute-of-limitations-for-a-wrongful-death-claim\/\" \/>\n<meta property=\"og:site_name\" content=\"Slam Dunk Attorney | Injury Lawyers\" \/>\n<meta property=\"article:publisher\" content=\"https:\/\/www.facebook.com\/slamdunkattorneyinjurylawyers\/\" \/>\n<meta property=\"article:modified_time\" content=\"2025-05-16T22:56:52+00:00\" \/>\n<meta property=\"og:image\" content=\"https:\/\/slamdunkattorney.com\/wp-content\/uploads\/2025\/03\/what-is-the-statute-of-limitations-for-a-wrongful-death-claim.jpg\" \/>\n\t<meta property=\"og:image:width\" content=\"1000\" \/>\n\t<meta property=\"og:image:height\" content=\"667\" \/>\n\t<meta property=\"og:image:type\" content=\"image\/jpeg\" \/>\n<meta name=\"twitter:card\" content=\"summary_large_image\" \/>\n<meta name=\"twitter:site\" content=\"@slamdunkattorney\" \/>\n<meta name=\"twitter:label1\" content=\"Est. reading time\" \/>\n\t<meta name=\"twitter:data1\" content=\"5 minutos\" \/>\n<script type=\"application\/ld+json\" class=\"yoast-schema-graph\">{\"@context\":\"https:\\\/\\\/schema.org\",\"@graph\":[{\"@type\":\"WebPage\",\"@id\":\"https:\\\/\\\/slamdunkattorney.com\\\/faqs\\\/what-is-the-statute-of-limitations-for-a-wrongful-death-claim\\\/\",\"url\":\"https:\\\/\\\/slamdunkattorney.com\\\/faqs\\\/what-is-the-statute-of-limitations-for-a-wrongful-death-claim\\\/\",\"name\":\"Statute of Limitations for a Wrongful Death Claim\",\"isPartOf\":{\"@id\":\"https:\\\/\\\/slamdunkattorney.com\\\/#website\"},\"primaryImageOfPage\":{\"@id\":\"https:\\\/\\\/slamdunkattorney.com\\\/faqs\\\/what-is-the-statute-of-limitations-for-a-wrongful-death-claim\\\/#primaryimage\"},\"image\":{\"@id\":\"https:\\\/\\\/slamdunkattorney.com\\\/faqs\\\/what-is-the-statute-of-limitations-for-a-wrongful-death-claim\\\/#primaryimage\"},\"thumbnailUrl\":\"https:\\\/\\\/slamdunkattorney.com\\\/wp-content\\\/uploads\\\/2025\\\/03\\\/what-is-the-statute-of-limitations-for-a-wrongful-death-claim.jpg\",\"datePublished\":\"2025-03-04T13:16:02+00:00\",\"dateModified\":\"2025-05-16T22:56:52+00:00\",\"description\":\"Find out what the statute of limitations is for a wrongful death claim from the wrongful death lawyers at Slam Dunk Attorney.\",\"breadcrumb\":{\"@id\":\"https:\\\/\\\/slamdunkattorney.com\\\/faqs\\\/what-is-the-statute-of-limitations-for-a-wrongful-death-claim\\\/#breadcrumb\"},\"inLanguage\":\"es\",\"potentialAction\":[{\"@type\":\"ReadAction\",\"target\":[\"https:\\\/\\\/slamdunkattorney.com\\\/faqs\\\/what-is-the-statute-of-limitations-for-a-wrongful-death-claim\\\/\"]}]},{\"@type\":\"ImageObject\",\"inLanguage\":\"es\",\"@id\":\"https:\\\/\\\/slamdunkattorney.com\\\/faqs\\\/what-is-the-statute-of-limitations-for-a-wrongful-death-claim\\\/#primaryimage\",\"url\":\"https:\\\/\\\/slamdunkattorney.com\\\/wp-content\\\/uploads\\\/2025\\\/03\\\/what-is-the-statute-of-limitations-for-a-wrongful-death-claim.jpg\",\"contentUrl\":\"https:\\\/\\\/slamdunkattorney.com\\\/wp-content\\\/uploads\\\/2025\\\/03\\\/what-is-the-statute-of-limitations-for-a-wrongful-death-claim.jpg\",\"width\":1000,\"height\":667,\"caption\":\"Someone holding a white rose at a funeral. What is the statute of limitations for a wrongful death claim?\"},{\"@type\":\"BreadcrumbList\",\"@id\":\"https:\\\/\\\/slamdunkattorney.com\\\/faqs\\\/what-is-the-statute-of-limitations-for-a-wrongful-death-claim\\\/#breadcrumb\",\"itemListElement\":[{\"@type\":\"ListItem\",\"position\":1,\"name\":\"Home\",\"item\":\"https:\\\/\\\/slamdunkattorney.com\\\/\"},{\"@type\":\"ListItem\",\"position\":2,\"name\":\"FAQs\",\"item\":\"https:\\\/\\\/slamdunkattorney.com\\\/faqs\\\/\"},{\"@type\":\"ListItem\",\"position\":3,\"name\":\"What Is the Statute of Limitations for a Wrongful Death Claim?\"}]},{\"@type\":\"WebSite\",\"@id\":\"https:\\\/\\\/slamdunkattorney.com\\\/#website\",\"url\":\"https:\\\/\\\/slamdunkattorney.com\\\/\",\"name\":\"Slam Dunk Attorney | Injury Lawyers\",\"description\":\"Duluth Personal Injury Lawyers\",\"publisher\":{\"@id\":\"https:\\\/\\\/slamdunkattorney.com\\\/#organization\"},\"alternateName\":\"Slam Dunk Attorney\",\"inLanguage\":\"es\"},{\"@type\":\"Organization\",\"@id\":\"https:\\\/\\\/slamdunkattorney.com\\\/#organization\",\"name\":\"Slam Dunk Attorney\",\"alternateName\":\"Slam Dunk\",\"url\":\"https:\\\/\\\/slamdunkattorney.com\\\/\",\"logo\":{\"@type\":\"ImageObject\",\"inLanguage\":\"es\",\"@id\":\"https:\\\/\\\/slamdunkattorney.com\\\/#\\\/schema\\\/logo\\\/image\\\/\",\"url\":\"https:\\\/\\\/slamdunkattorney.com\\\/wp-content\\\/uploads\\\/2023\\\/05\\\/cropped-Logo.png\",\"contentUrl\":\"https:\\\/\\\/slamdunkattorney.com\\\/wp-content\\\/uploads\\\/2023\\\/05\\\/cropped-Logo.png\",\"width\":1080,\"height\":240,\"caption\":\"Slam Dunk Attorney\"},\"image\":{\"@id\":\"https:\\\/\\\/slamdunkattorney.com\\\/#\\\/schema\\\/logo\\\/image\\\/\"},\"sameAs\":[\"https:\\\/\\\/www.facebook.com\\\/slamdunkattorneyinjurylawyers\\\/\",\"https:\\\/\\\/x.com\\\/slamdunkattorney\",\"https:\\\/\\\/www.instagram.com\\\/slamdunkattorney\\\/\",\"https:\\\/\\\/www.youtube.com\\\/channel\\\/UCSrOiC7vOjlCi3UgtIVGNtw\",\"https:\\\/\\\/www.linkedin.com\\\/company\\\/slamdunkattorneyinjurylawyers\"]}]}<\/script>\n<!-- \/ Yoast SEO plugin. -->","yoast_head_json":{"title":"Statute of Limitations for a Wrongful Death Claim","description":"Find out what the statute of limitations is for a wrongful death claim from the wrongful death lawyers at Slam Dunk Attorney.","robots":{"index":"index","follow":"follow","max-snippet":"max-snippet:-1","max-image-preview":"max-image-preview:large","max-video-preview":"max-video-preview:-1"},"canonical":"https:\/\/slamdunkattorney.com\/es\/faqs\/what-is-the-statute-of-limitations-for-a-wrongful-death-claim\/","og_locale":"es_MX","og_type":"article","og_title":"Statute of Limitations for a Wrongful Death Claim","og_description":"Find out what the statute of limitations is for a wrongful death claim from the wrongful death lawyers at Slam Dunk Attorney.","og_url":"https:\/\/slamdunkattorney.com\/es\/faqs\/what-is-the-statute-of-limitations-for-a-wrongful-death-claim\/","og_site_name":"Slam Dunk Attorney | Injury Lawyers","article_publisher":"https:\/\/www.facebook.com\/slamdunkattorneyinjurylawyers\/","article_modified_time":"2025-05-16T22:56:52+00:00","og_image":[{"width":1000,"height":667,"url":"https:\/\/slamdunkattorney.com\/wp-content\/uploads\/2025\/03\/what-is-the-statute-of-limitations-for-a-wrongful-death-claim.jpg","type":"image\/jpeg"}],"twitter_card":"summary_large_image","twitter_site":"@slamdunkattorney","twitter_misc":{"Est. reading time":"5 minutos"},"schema":{"@context":"https:\/\/schema.org","@graph":[{"@type":"WebPage","@id":"https:\/\/slamdunkattorney.com\/faqs\/what-is-the-statute-of-limitations-for-a-wrongful-death-claim\/","url":"https:\/\/slamdunkattorney.com\/faqs\/what-is-the-statute-of-limitations-for-a-wrongful-death-claim\/","name":"Statute of Limitations for a Wrongful Death Claim","isPartOf":{"@id":"https:\/\/slamdunkattorney.com\/#website"},"primaryImageOfPage":{"@id":"https:\/\/slamdunkattorney.com\/faqs\/what-is-the-statute-of-limitations-for-a-wrongful-death-claim\/#primaryimage"},"image":{"@id":"https:\/\/slamdunkattorney.com\/faqs\/what-is-the-statute-of-limitations-for-a-wrongful-death-claim\/#primaryimage"},"thumbnailUrl":"https:\/\/slamdunkattorney.com\/wp-content\/uploads\/2025\/03\/what-is-the-statute-of-limitations-for-a-wrongful-death-claim.jpg","datePublished":"2025-03-04T13:16:02+00:00","dateModified":"2025-05-16T22:56:52+00:00","description":"Find out what the statute of limitations is for a wrongful death claim from the wrongful death lawyers at Slam Dunk Attorney.","breadcrumb":{"@id":"https:\/\/slamdunkattorney.com\/faqs\/what-is-the-statute-of-limitations-for-a-wrongful-death-claim\/#breadcrumb"},"inLanguage":"es","potentialAction":[{"@type":"ReadAction","target":["https:\/\/slamdunkattorney.com\/faqs\/what-is-the-statute-of-limitations-for-a-wrongful-death-claim\/"]}]},{"@type":"ImageObject","inLanguage":"es","@id":"https:\/\/slamdunkattorney.com\/faqs\/what-is-the-statute-of-limitations-for-a-wrongful-death-claim\/#primaryimage","url":"https:\/\/slamdunkattorney.com\/wp-content\/uploads\/2025\/03\/what-is-the-statute-of-limitations-for-a-wrongful-death-claim.jpg","contentUrl":"https:\/\/slamdunkattorney.com\/wp-content\/uploads\/2025\/03\/what-is-the-statute-of-limitations-for-a-wrongful-death-claim.jpg","width":1000,"height":667,"caption":"Someone holding a white rose at a funeral. What is the statute of limitations for a wrongful death claim?"},{"@type":"BreadcrumbList","@id":"https:\/\/slamdunkattorney.com\/faqs\/what-is-the-statute-of-limitations-for-a-wrongful-death-claim\/#breadcrumb","itemListElement":[{"@type":"ListItem","position":1,"name":"Home","item":"https:\/\/slamdunkattorney.com\/"},{"@type":"ListItem","position":2,"name":"FAQs","item":"https:\/\/slamdunkattorney.com\/faqs\/"},{"@type":"ListItem","position":3,"name":"What Is the Statute of Limitations for a Wrongful Death Claim?"}]},{"@type":"WebSite","@id":"https:\/\/slamdunkattorney.com\/#website","url":"https:\/\/slamdunkattorney.com\/","name":"Abogado experto en lesiones | Abogados especializados en lesiones","description":"Abogados de lesiones personales en Duluth","publisher":{"@id":"https:\/\/slamdunkattorney.com\/#organization"},"alternateName":"Slam Dunk Attorney","inLanguage":"es"},{"@type":"Organization","@id":"https:\/\/slamdunkattorney.com\/#organization","name":"Abogado Slam Dunk","alternateName":"Slam Dunk","url":"https:\/\/slamdunkattorney.com\/","logo":{"@type":"ImageObject","inLanguage":"es","@id":"https:\/\/slamdunkattorney.com\/#\/schema\/logo\/image\/","url":"https:\/\/slamdunkattorney.com\/wp-content\/uploads\/2023\/05\/cropped-Logo.png","contentUrl":"https:\/\/slamdunkattorney.com\/wp-content\/uploads\/2023\/05\/cropped-Logo.png","width":1080,"height":240,"caption":"Slam Dunk Attorney"},"image":{"@id":"https:\/\/slamdunkattorney.com\/#\/schema\/logo\/image\/"},"sameAs":["https:\/\/www.facebook.com\/slamdunkattorneyinjurylawyers\/","https:\/\/x.com\/slamdunkattorney","https:\/\/www.instagram.com\/slamdunkattorney\/","https:\/\/www.youtube.com\/channel\/UCSrOiC7vOjlCi3UgtIVGNtw","https:\/\/www.linkedin.com\/company\/slamdunkattorneyinjurylawyers"]}]}},"yoast_meta":{"yoast_wpseo_title":"","yoast_wpseo_metadesc":"","yoast_wpseo_canonical":"https:\/\/slamdunkattorney.com\/es\/wp-json\/wp\/v2\/pages\/17298"},"_links":{"self":[{"href":"https:\/\/slamdunkattorney.com\/es\/wp-json\/wp\/v2\/pages\/17298","targetHints":{"allow":["GET"]}}],"collection":[{"href":"https:\/\/slamdunkattorney.com\/es\/wp-json\/wp\/v2\/pages"}],"about":[{"href":"https:\/\/slamdunkattorney.com\/es\/wp-json\/wp\/v2\/types\/page"}],"author":[{"embeddable":true,"href":"https:\/\/slamdunkattorney.com\/es\/wp-json\/wp\/v2\/users\/2"}],"replies":[{"embeddable":true,"href":"https:\/\/slamdunkattorney.com\/es\/wp-json\/wp\/v2\/comments?post=17298"}],"version-history":[{"count":0,"href":"https:\/\/slamdunkattorney.com\/es\/wp-json\/wp\/v2\/pages\/17298\/revisions"}],"up":[{"embeddable":true,"href":"https:\/\/slamdunkattorney.com\/es\/wp-json\/wp\/v2\/pages\/5902"}],"wp:featuredmedia":[{"embeddable":true,"href":"https:\/\/slamdunkattorney.com\/es\/wp-json\/wp\/v2\/media\/17299"}],"wp:attachment":[{"href":"https:\/\/slamdunkattorney.com\/es\/wp-json\/wp\/v2\/media?parent=17298"}],"wp:term":[{"taxonomy":"extra-categories","embeddable":true,"href":"https:\/\/slamdunkattorney.com\/es\/wp-json\/wp\/v2\/extra-categories?post=17298"},{"taxonomy":"hc_faqs","embeddable":true,"href":"https:\/\/slamdunkattorney.com\/es\/wp-json\/wp\/v2\/hc_faqs?post=17298"}],"curies":[{"name":"wp","href":"https:\/\/api.w.org\/{rel}","templated":true}]}}