{"id":17294,"date":"2025-03-04T12:50:06","date_gmt":"2025-03-04T12:50:06","guid":{"rendered":"https:\/\/slamdunk.wpenginepowered.com\/?page_id=17294"},"modified":"2025-03-04T12:50:06","modified_gmt":"2025-03-04T12:50:06","slug":"how-do-i-gather-evidence-against-truck-drivers-and-companies","status":"publish","type":"page","link":"https:\/\/slamdunkattorney.com\/es\/faqs\/how-do-i-gather-evidence-against-truck-drivers-and-companies\/","title":{"rendered":"\u00bfC\u00f3mo puedo reunir pruebas contra los conductores de camiones y las empresas?"},"content":{"rendered":"<p><span style=\"font-weight: 400;\">\u00bfC\u00f3mo puedo reunir pruebas contra los conductores de camiones y las empresas?<\/span><b> Contratar a un <\/b><a href=\"https:\/\/slamdunkattorney.com\/es\/duluth\/truck-accident-lawyer\/\"><b>Abogado especializado en accidentes de camiones en Duluth<\/b><\/a> <span style=\"font-weight: 400;\">para ayudarle a reunir pruebas contra los conductores de camiones y las empresas.<\/span><\/p>\n<p><span style=\"font-weight: 400;\">Su abogado puede guiarlo a trav\u00e9s del proceso legal y prepararlo para el juicio por accidente de cami\u00f3n.<\/span><\/p>\n<h2><span style=\"font-weight: 400;\">C\u00f3mo reunir pruebas contra los conductores y las empresas de transporte por carretera en Georgia<\/span><\/h2>\n<p><span style=\"font-weight: 400;\">Trabaje con un abogado especializado en lesiones personales que entienda los casos de accidentes de camiones. Su abogado sabe qu\u00e9 tipos de <\/span><b>pruebas para usar contra los conductores de camiones y las empresas <\/b><span style=\"font-weight: 400;\">que los emplean. Las pruebas que podr\u00eda utilizar en su caso de colisi\u00f3n de camiones incluyen:<\/span><\/p>\n<ul>\n<li style=\"font-weight: 400;\" aria-level=\"1\"><span style=\"font-weight: 400;\">V\u00eddeos y fotos del lugar del accidente<\/span><\/li>\n<li style=\"font-weight: 400;\" aria-level=\"1\"><span style=\"font-weight: 400;\">Declaraciones de los testigos<\/span><\/li>\n<li style=\"font-weight: 400;\" aria-level=\"1\"><span style=\"font-weight: 400;\">Datos del dispositivo de registro electr\u00f3nico (ELD) del cami\u00f3n<\/span><\/li>\n<li style=\"font-weight: 400;\" aria-level=\"1\"><span style=\"font-weight: 400;\">Registros de mantenimiento de camiones<\/span><\/li>\n<li style=\"font-weight: 400;\" aria-level=\"1\"><span style=\"font-weight: 400;\">Registros de conductores de camiones<\/span><\/li>\n<li style=\"font-weight: 400;\" aria-level=\"1\"><span style=\"font-weight: 400;\">Registros de empleo de conductores de camiones<\/span><\/li>\n<li style=\"font-weight: 400;\" aria-level=\"1\"><span style=\"font-weight: 400;\">Informe policial<\/span><\/li>\n<li style=\"font-weight: 400;\" aria-level=\"1\"><span style=\"font-weight: 400;\">Im\u00e1genes de c\u00e1maras de tr\u00e1fico<\/span><\/li>\n<li style=\"font-weight: 400;\" aria-level=\"1\"><span style=\"font-weight: 400;\">Facturas m\u00e9dicas<\/span><\/li>\n<\/ul>\n<p><span style=\"font-weight: 400;\">Slam Dunk Attorney cuenta con d\u00e9cadas de experiencia legal combinada entre su personal. Queremos que se recupere de su accidente de cami\u00f3n y sus lesiones.<\/span><b> Programe una consulta gratuita sobre su caso. <\/b><span style=\"font-weight: 400;\">aprender <\/span><a href=\"https:\/\/slamdunkattorney.com\/es\/faqs\/how-does-the-truck-accident-lawsuit-process-work\/\"><span style=\"font-weight: 400;\">C\u00f3mo funciona el proceso de demanda por accidente de cami\u00f3n<\/span><\/a><span style=\"font-weight: 400;\"> y lo que se necesita para construir un argumento convincente contra los conductores de camiones y sus empleadores.\u00a0<\/span><\/p>\n\n<div class=\"cta-container row align-items-center\">\n    <div class=\"col-md-7\">\n        <p class=\"cta-text rs-content-cta\">Orgullosos de servir a Duluth y a todo Georgia <span>\u00a1Cont\u00e1ctenos para comenzar su recuperaci\u00f3n!<\/span> <a href=\"https:\/\/slamdunkattorney.com\/es\/\">Explore nuestras \u00e1reas de pr\u00e1ctica<\/a><\/p>\n    <\/div>\n    <div class=\"col-md-5\">\n        <img decoding=\"async\" src=\"https:\/\/slamdunkattorney.com\/wp-content\/themes\/slam-dunk-rebuild\/assets\/app\/img\/map-cta.jpg\" alt=\"Legal Consultation\" class=\"img-fluid\"\/>\n    <\/div>\n<\/div><h2><span style=\"font-weight: 400;\">Consejos para recopilar pruebas contra conductores de camiones y empresas<\/span><\/h2>\n<p><span style=\"font-weight: 400;\">P\u00f3ngase en contacto con un abogado especializado en accidentes de camiones tan pronto como sea posible despu\u00e9s del accidente. Su abogado puede ayudarle a solicitar una indemnizaci\u00f3n acorde con <\/span><a href=\"https:\/\/slamdunkattorney.com\/es\/faqs\/what-is-the-statute-of-limitations-for-a-truck-accident-claim\/\"><span style=\"font-weight: 400;\">el plazo de prescripci\u00f3n para reclamar por un accidente de cami\u00f3n<\/span><\/a><span style=\"font-weight: 400;\">. Tambi\u00e9n pueden compartir consejos para ayudarte a reforzar tus argumentos, entre ellos:<\/span><\/p>\n<h3><span style=\"font-weight: 400;\">Enfoque en la negligencia<\/span><\/h3>\n<p><b>Aseg\u00farate de que tus pruebas ayuden a demostrar que la parte responsable fue negligente.<\/b><span style=\"font-weight: 400;\"> Esto es fundamental si quieres asegurarte un <\/span><a href=\"https:\/\/slamdunkattorney.com\/es\/faqs\/what-is-the-average-truck-accident-settlement-in-georgia\/\"><span style=\"font-weight: 400;\">Indemnizaci\u00f3n media por accidente de cami\u00f3n en Georgia<\/span><\/a><span style=\"font-weight: 400;\"> o mejor.\u00a0<\/span><\/p>\n<p><span style=\"font-weight: 400;\">Su abogado buscar\u00e1 pruebas contra los camioneros y las empresas para dejar claro ante el tribunal que una de las partes actu\u00f3 de forma imprudente o temeraria, incumpli\u00f3 su deber de diligencia y caus\u00f3 su accidente y sus p\u00e9rdidas.<\/span><\/p>\n<h3><span style=\"font-weight: 400;\">Tenga en cuenta las pruebas que la parte culpable intentar\u00e1 utilizar en su contra.<\/span><\/h3>\n<p><span style=\"font-weight: 400;\">Considere c\u00f3mo la parte responsable argumentar\u00e1 su caso en su contra. El hecho de que tenga muchas pruebas contra el conductor del cami\u00f3n y la empresa no significa que sus pruebas sean suficientes para lograr el resultado deseado en el caso.<\/span><\/p>\n<p><span style=\"font-weight: 400;\">\u00a0Su abogado examina sus pruebas en relaci\u00f3n con el resto de su caso y elabora su argumentaci\u00f3n en consecuencia.\u00a0<\/span><\/p>\n<h3><span style=\"font-weight: 400;\">Contin\u00fae recopilando pruebas incluso si recibe una oferta de acuerdo.<\/span><\/h3>\n<p><span style=\"font-weight: 400;\">Revisar un <\/span><a href=\"https:\/\/oci.georgia.gov\/insurance-resources\/auto\" target=\"_blank\" rel=\"noopener\"><span style=\"font-weight: 400;\">seguro de autom\u00f3vil<\/span><\/a><span style=\"font-weight: 400;\"> Discuta la oferta de acuerdo o cualquier propuesta similar con su abogado, pero no permita que la propuesta le disuada de buscar formas de mejorar su caso. Una propuesta de acuerdo no significa autom\u00e1ticamente que su caso haya terminado. Si no est\u00e1 satisfecho con una oferta, rech\u00e1cela, siga reuniendo pruebas y prep\u00e1rese para llevar su caso a juicio.\u00a0<\/span><\/p>\n<p><span style=\"font-weight: 400;\">Su abogado puede describirle <\/span><a href=\"https:\/\/slamdunkattorney.com\/es\/faqs\/who-is-liable-in-a-commercial-truck-accident\/\"><span style=\"font-weight: 400;\">\u00bfQui\u00e9n es responsable de un accidente de cami\u00f3n comercial?<\/span><\/a><span style=\"font-weight: 400;\"> y los pasos a seguir para demostrar que esta parte debe hacerse cargo de los da\u00f1os y perjuicios. Quieren que tengas pruebas suficientes para respaldar tu argumento. Por lo tanto, dedican mucho tiempo y recursos a reunir pruebas contra los conductores de camiones y las empresas.\u00a0<\/span><\/p>\n<h2><span style=\"font-weight: 400;\">Pasos adicionales que debe seguir al reunir pruebas para su caso contra un conductor de cami\u00f3n o una empresa<\/span><\/h2>\n<p><span style=\"font-weight: 400;\">Recopilar pruebas contra un conductor de cami\u00f3n o una empresa es una de las muchas cosas que puede hacer para demostrar que merece una indemnizaci\u00f3n por da\u00f1os y perjuicios. Su abogado puede proporcionarle informaci\u00f3n sobre lo que puede hacer para preparar un caso que tenga repercusi\u00f3n en un tribunal. Durante el litigio, su abogado puede recomendarle lo siguiente:<\/span><\/p>\n<h3><span style=\"font-weight: 400;\">No hable con la parte responsable ni con su aseguradora sobre su caso.<\/span><\/h3>\n<p><span style=\"font-weight: 400;\">Informe a su abogado si la parte culpable o su compa\u00f1\u00eda de seguros se comunican con usted. Es posible que piense que esto es una se\u00f1al de que la parte responsable o su aseguradora quieren llegar a un acuerdo, pero hablar sobre su caso podr\u00eda llevarlo a decir algo que perjudique sus posibilidades de obtener una indemnizaci\u00f3n por da\u00f1os y perjuicios. Sea precavido y permita que su abogado discuta su caso en su nombre.\u00a0<\/span><\/p>\n<h3><span style=\"font-weight: 400;\">Mant\u00e9n la privacidad de tus perfiles en l\u00ednea<\/span><\/h3>\n<p><span style=\"font-weight: 400;\">Haga que sus perfiles en l\u00ednea sean privados, ya que esto evita que la parte responsable o su compa\u00f1\u00eda de seguros puedan verlos. Recuerde que su caso est\u00e1 en curso y que la parte culpable y su aseguradora est\u00e1n buscando pruebas para utilizarlas en su contra. Al bloquear el acceso p\u00fablico a sus perfiles en Internet, podr\u00eda aumentar sus posibilidades de obtener 100% de los da\u00f1os y perjuicios que solicita.\u00a0<\/span><\/p>\n<h3><span style=\"font-weight: 400;\">Conf\u00ede en su abogado para calcular sus da\u00f1os y perjuicios.<\/span><\/h3>\n<p><span style=\"font-weight: 400;\">Comparta con su abogado la informaci\u00f3n sobre su accidente de cami\u00f3n y sus lesiones. Esto le dar\u00e1 a su abogado una idea de los da\u00f1os econ\u00f3micos y no econ\u00f3micos que ha sufrido. Su abogado le animar\u00e1 a solicitar una indemnizaci\u00f3n por sus gastos m\u00e9dicos, reparaciones del autom\u00f3vil, dolor y sufrimiento, y otras p\u00e9rdidas cuantificables y subjetivas, y le ayudar\u00e1 a obtener una indemnizaci\u00f3n por la totalidad de los da\u00f1os.\u00a0<\/span><\/p>\n<h3><span style=\"font-weight: 400;\">Cuida tu salud<\/span><\/h3>\n<p><span style=\"font-weight: 400;\">Preste a sus lesiones por accidente la atenci\u00f3n que merecen. Acuda al m\u00e9dico, asista a las citas de seguimiento y siga sus instrucciones de cuidado. Lleve un registro de sus facturas m\u00e9dicas y comp\u00e1rtalas con su abogado, quien podr\u00e1 a\u00f1adirlas a su colecci\u00f3n de pruebas.\u00a0<\/span><\/p>\n<h3><span style=\"font-weight: 400;\">Mant\u00e9ngase informado sobre su caso<\/span><\/h3>\n<p><span style=\"font-weight: 400;\">Habla con tu abogado siempre que tengas dudas o preguntas legales. Tu abogado quiere que tomes decisiones legales informadas. \u00c9l puede mantenerte al tanto de los avances de tu caso y ayudarte a evitar errores legales.\u00a0<\/span><\/p>\n<h3><span style=\"font-weight: 400;\">Prep\u00e1rese para su juicio<\/span><\/h3>\n<p><span style=\"font-weight: 400;\">Respire hondo y agradezca que su abogado est\u00e9 familiarizado con el proceso judicial. Su abogado lo preparar\u00e1 para el juicio. Se asegurar\u00e1 de que usted sepa lo que suceder\u00e1 cuando entre en la sala del tribunal.<\/span><\/p>\n<p><span style=\"font-weight: 400;\">En \u00faltima instancia, cuando re\u00fanes pruebas para tu caso contra un conductor de cami\u00f3n o una empresa, est\u00e1s reforzando tu caso. Recopilar pruebas y completar otros preparativos para tu juicio puede marcar una gran diferencia. El trabajo entre t\u00fa y tu abogado podr\u00eda llevar al tribunal a estar de acuerdo con tu argumento y concederte la m\u00e1xima indemnizaci\u00f3n por da\u00f1os y perjuicios.\u00a0<\/span><\/p>\n\n<div class=\"cta-container row align-items-center\">\n    <div class=\"col-md-7\">\n        <p class=\"cta-text rs-content-cta\"><a class=\"no-btn\" href=\"https:\/\/slamdunkattorney.com\/es\/contact-us\/\">Haga clic para contactar<\/a> nuestros abogados especializados en lesiones personales hoy mismo<\/p>\n    <\/div>\n    <div class=\"col-md-5\">\n        <img decoding=\"async\" src=\"https:\/\/slamdunkattorney.com\/wp-content\/themes\/slam-dunk-rebuild\/assets\/app\/img\/map-cta.jpg\" alt=\"Contact Us\" class=\"img-fluid\"\/>\n    <\/div>\n<\/div><h2><span style=\"font-weight: 400;\">Obtenga ayuda para reunir pruebas que puedan utilizarse contra los conductores de camiones y las empresas, y para recuperarse de su accidente y sus lesiones.<\/span><\/h2>\n<p><span style=\"font-weight: 400;\">Slam Dunk Attorney es un bufete de abogados especializado en lesiones personales de Georgia dedicado a ayudar a las v\u00edctimas de accidentes de cami\u00f3n y a sus familias.<\/span><\/p>\n<p><span style=\"font-weight: 400;\">Podemos ayudarle en cada etapa del proceso legal. Cont\u00e1ctenos hoy mismo para obtener m\u00e1s informaci\u00f3n.\u00a0<\/span><\/p>\n\n<div class=\"cta-container row align-items-center\">\n    <div class=\"col-md-7\">\n        <p class=\"cta-text rs-content-cta\">Llame o env\u00ede un mensaje de texto <a class=\"no-btn\" href=\"tel:+14049513513\">404-951-3513<\/a> o completar un <a href=\"https:\/\/slamdunkattorney.com\/es\/contact-us\/\">Formulario de evaluaci\u00f3n gratuita de su caso<\/a><\/p>\n    <\/div>\n    <div class=\"col-md-5\">\n        <img decoding=\"async\" src=\"https:\/\/slamdunkattorney.com\/wp-content\/themes\/slam-dunk-rebuild\/assets\/app\/img\/map-cta.jpg\" alt=\"Call or Text\" class=\"img-fluid\"\/>\n    <\/div>\n<\/div>","protected":false},"excerpt":{"rendered":"<p>How do I gather evidence against truck drivers and companies? Hire a Duluth truck accident lawyer to help you gather evidence against truck drivers and companies. Your attorney can guide you through the legal process and get you ready for your truck accident trial. How to Gather Evidence Against Trucking Drivers and Companies in Georgia &#8230;<\/p>","protected":false},"author":2,"featured_media":17295,"parent":5902,"menu_order":0,"comment_status":"closed","ping_status":"closed","template":"","meta":{"_acf_changed":false,"_genesis_hide_title":false,"_genesis_hide_breadcrumbs":false,"_genesis_hide_singular_image":false,"_genesis_hide_footer_widgets":false,"_genesis_custom_body_class":"","_genesis_custom_post_class":"","_genesis_layout":"","ngg_post_thumbnail":0,"footnotes":""},"extra-categories":[],"hc_faqs":[55],"class_list":{"0":"post-17294","1":"page","2":"type-page","3":"status-publish","4":"has-post-thumbnail","6":"hc_faqs-truck-accident","7":"entry"},"acf":[],"yoast_head":"<!-- This site is optimized with the Yoast SEO plugin v27.3 - https:\/\/yoast.com\/product\/yoast-seo-wordpress\/ -->\n<title>How to Gather Evidence Against Truck Drivers and Companies<\/title>\n<meta name=\"description\" content=\"Find out how to gather evidence against truck drivers and companies from the dedicated truck accident lawyers at Slam Dunk Attorney.\" \/>\n<meta name=\"robots\" content=\"index, follow, max-snippet:-1, max-image-preview:large, max-video-preview:-1\" \/>\n<link rel=\"canonical\" href=\"https:\/\/slamdunkattorney.com\/es\/faqs\/how-do-i-gather-evidence-against-truck-drivers-and-companies\/\" \/>\n<meta property=\"og:locale\" content=\"es_MX\" \/>\n<meta property=\"og:type\" content=\"article\" \/>\n<meta property=\"og:title\" content=\"How to Gather Evidence Against Truck Drivers and Companies\" \/>\n<meta property=\"og:description\" content=\"Find out how to gather evidence against truck drivers and companies from the dedicated truck accident lawyers at Slam Dunk Attorney.\" \/>\n<meta property=\"og:url\" content=\"https:\/\/slamdunkattorney.com\/es\/faqs\/how-do-i-gather-evidence-against-truck-drivers-and-companies\/\" \/>\n<meta property=\"og:site_name\" content=\"Slam Dunk Attorney | Injury Lawyers\" \/>\n<meta property=\"article:publisher\" content=\"https:\/\/www.facebook.com\/slamdunkattorneyinjurylawyers\/\" \/>\n<meta property=\"og:image\" content=\"https:\/\/slamdunkattorney.com\/wp-content\/uploads\/2025\/03\/how-do-i-gather-evidence-against-truck-drivers-and-companies.jpg\" \/>\n\t<meta property=\"og:image:width\" content=\"1000\" \/>\n\t<meta property=\"og:image:height\" content=\"667\" \/>\n\t<meta property=\"og:image:type\" content=\"image\/jpeg\" \/>\n<meta name=\"twitter:card\" content=\"summary_large_image\" \/>\n<meta name=\"twitter:site\" content=\"@slamdunkattorney\" \/>\n<meta name=\"twitter:label1\" content=\"Est. reading time\" \/>\n\t<meta name=\"twitter:data1\" content=\"5 minutos\" \/>\n<script type=\"application\/ld+json\" class=\"yoast-schema-graph\">{\"@context\":\"https:\\\/\\\/schema.org\",\"@graph\":[{\"@type\":\"WebPage\",\"@id\":\"https:\\\/\\\/slamdunkattorney.com\\\/faqs\\\/how-do-i-gather-evidence-against-truck-drivers-and-companies\\\/\",\"url\":\"https:\\\/\\\/slamdunkattorney.com\\\/faqs\\\/how-do-i-gather-evidence-against-truck-drivers-and-companies\\\/\",\"name\":\"How to Gather Evidence Against Truck Drivers and Companies\",\"isPartOf\":{\"@id\":\"https:\\\/\\\/slamdunkattorney.com\\\/#website\"},\"primaryImageOfPage\":{\"@id\":\"https:\\\/\\\/slamdunkattorney.com\\\/faqs\\\/how-do-i-gather-evidence-against-truck-drivers-and-companies\\\/#primaryimage\"},\"image\":{\"@id\":\"https:\\\/\\\/slamdunkattorney.com\\\/faqs\\\/how-do-i-gather-evidence-against-truck-drivers-and-companies\\\/#primaryimage\"},\"thumbnailUrl\":\"https:\\\/\\\/slamdunkattorney.com\\\/wp-content\\\/uploads\\\/2025\\\/03\\\/how-do-i-gather-evidence-against-truck-drivers-and-companies.jpg\",\"datePublished\":\"2025-03-04T12:50:06+00:00\",\"description\":\"Find out how to gather evidence against truck drivers and companies from the dedicated truck accident lawyers at Slam Dunk Attorney.\",\"breadcrumb\":{\"@id\":\"https:\\\/\\\/slamdunkattorney.com\\\/faqs\\\/how-do-i-gather-evidence-against-truck-drivers-and-companies\\\/#breadcrumb\"},\"inLanguage\":\"es\",\"potentialAction\":[{\"@type\":\"ReadAction\",\"target\":[\"https:\\\/\\\/slamdunkattorney.com\\\/faqs\\\/how-do-i-gather-evidence-against-truck-drivers-and-companies\\\/\"]}]},{\"@type\":\"ImageObject\",\"inLanguage\":\"es\",\"@id\":\"https:\\\/\\\/slamdunkattorney.com\\\/faqs\\\/how-do-i-gather-evidence-against-truck-drivers-and-companies\\\/#primaryimage\",\"url\":\"https:\\\/\\\/slamdunkattorney.com\\\/wp-content\\\/uploads\\\/2025\\\/03\\\/how-do-i-gather-evidence-against-truck-drivers-and-companies.jpg\",\"contentUrl\":\"https:\\\/\\\/slamdunkattorney.com\\\/wp-content\\\/uploads\\\/2025\\\/03\\\/how-do-i-gather-evidence-against-truck-drivers-and-companies.jpg\",\"width\":1000,\"height\":667,\"caption\":\"A tired truck driver on the road. How do I gather evidence against truck drivers and companies?\"},{\"@type\":\"BreadcrumbList\",\"@id\":\"https:\\\/\\\/slamdunkattorney.com\\\/faqs\\\/how-do-i-gather-evidence-against-truck-drivers-and-companies\\\/#breadcrumb\",\"itemListElement\":[{\"@type\":\"ListItem\",\"position\":1,\"name\":\"Home\",\"item\":\"https:\\\/\\\/slamdunkattorney.com\\\/\"},{\"@type\":\"ListItem\",\"position\":2,\"name\":\"FAQs\",\"item\":\"https:\\\/\\\/slamdunkattorney.com\\\/faqs\\\/\"},{\"@type\":\"ListItem\",\"position\":3,\"name\":\"How Do I Gather Evidence Against Truck Drivers and Companies?\"}]},{\"@type\":\"WebSite\",\"@id\":\"https:\\\/\\\/slamdunkattorney.com\\\/#website\",\"url\":\"https:\\\/\\\/slamdunkattorney.com\\\/\",\"name\":\"Slam Dunk Attorney | Injury Lawyers\",\"description\":\"Duluth Personal Injury Lawyers\",\"publisher\":{\"@id\":\"https:\\\/\\\/slamdunkattorney.com\\\/#organization\"},\"alternateName\":\"Slam Dunk Attorney\",\"inLanguage\":\"es\"},{\"@type\":\"Organization\",\"@id\":\"https:\\\/\\\/slamdunkattorney.com\\\/#organization\",\"name\":\"Slam Dunk Attorney\",\"alternateName\":\"Slam Dunk\",\"url\":\"https:\\\/\\\/slamdunkattorney.com\\\/\",\"logo\":{\"@type\":\"ImageObject\",\"inLanguage\":\"es\",\"@id\":\"https:\\\/\\\/slamdunkattorney.com\\\/#\\\/schema\\\/logo\\\/image\\\/\",\"url\":\"https:\\\/\\\/slamdunkattorney.com\\\/wp-content\\\/uploads\\\/2023\\\/05\\\/cropped-Logo.png\",\"contentUrl\":\"https:\\\/\\\/slamdunkattorney.com\\\/wp-content\\\/uploads\\\/2023\\\/05\\\/cropped-Logo.png\",\"width\":1080,\"height\":240,\"caption\":\"Slam Dunk Attorney\"},\"image\":{\"@id\":\"https:\\\/\\\/slamdunkattorney.com\\\/#\\\/schema\\\/logo\\\/image\\\/\"},\"sameAs\":[\"https:\\\/\\\/www.facebook.com\\\/slamdunkattorneyinjurylawyers\\\/\",\"https:\\\/\\\/x.com\\\/slamdunkattorney\",\"https:\\\/\\\/www.instagram.com\\\/slamdunkattorney\\\/\",\"https:\\\/\\\/www.youtube.com\\\/channel\\\/UCSrOiC7vOjlCi3UgtIVGNtw\",\"https:\\\/\\\/www.linkedin.com\\\/company\\\/slamdunkattorneyinjurylawyers\"]}]}<\/script>\n<!-- \/ Yoast SEO plugin. -->","yoast_head_json":{"title":"How to Gather Evidence Against Truck Drivers and Companies","description":"Find out how to gather evidence against truck drivers and companies from the dedicated truck accident lawyers at Slam Dunk Attorney.","robots":{"index":"index","follow":"follow","max-snippet":"max-snippet:-1","max-image-preview":"max-image-preview:large","max-video-preview":"max-video-preview:-1"},"canonical":"https:\/\/slamdunkattorney.com\/es\/faqs\/how-do-i-gather-evidence-against-truck-drivers-and-companies\/","og_locale":"es_MX","og_type":"article","og_title":"How to Gather Evidence Against Truck Drivers and Companies","og_description":"Find out how to gather evidence against truck drivers and companies from the dedicated truck accident lawyers at Slam Dunk Attorney.","og_url":"https:\/\/slamdunkattorney.com\/es\/faqs\/how-do-i-gather-evidence-against-truck-drivers-and-companies\/","og_site_name":"Slam Dunk Attorney | Injury Lawyers","article_publisher":"https:\/\/www.facebook.com\/slamdunkattorneyinjurylawyers\/","og_image":[{"width":1000,"height":667,"url":"https:\/\/slamdunkattorney.com\/wp-content\/uploads\/2025\/03\/how-do-i-gather-evidence-against-truck-drivers-and-companies.jpg","type":"image\/jpeg"}],"twitter_card":"summary_large_image","twitter_site":"@slamdunkattorney","twitter_misc":{"Est. reading time":"5 minutos"},"schema":{"@context":"https:\/\/schema.org","@graph":[{"@type":"WebPage","@id":"https:\/\/slamdunkattorney.com\/faqs\/how-do-i-gather-evidence-against-truck-drivers-and-companies\/","url":"https:\/\/slamdunkattorney.com\/faqs\/how-do-i-gather-evidence-against-truck-drivers-and-companies\/","name":"How to Gather Evidence Against Truck Drivers and Companies","isPartOf":{"@id":"https:\/\/slamdunkattorney.com\/#website"},"primaryImageOfPage":{"@id":"https:\/\/slamdunkattorney.com\/faqs\/how-do-i-gather-evidence-against-truck-drivers-and-companies\/#primaryimage"},"image":{"@id":"https:\/\/slamdunkattorney.com\/faqs\/how-do-i-gather-evidence-against-truck-drivers-and-companies\/#primaryimage"},"thumbnailUrl":"https:\/\/slamdunkattorney.com\/wp-content\/uploads\/2025\/03\/how-do-i-gather-evidence-against-truck-drivers-and-companies.jpg","datePublished":"2025-03-04T12:50:06+00:00","description":"Find out how to gather evidence against truck drivers and companies from the dedicated truck accident lawyers at Slam Dunk Attorney.","breadcrumb":{"@id":"https:\/\/slamdunkattorney.com\/faqs\/how-do-i-gather-evidence-against-truck-drivers-and-companies\/#breadcrumb"},"inLanguage":"es","potentialAction":[{"@type":"ReadAction","target":["https:\/\/slamdunkattorney.com\/faqs\/how-do-i-gather-evidence-against-truck-drivers-and-companies\/"]}]},{"@type":"ImageObject","inLanguage":"es","@id":"https:\/\/slamdunkattorney.com\/faqs\/how-do-i-gather-evidence-against-truck-drivers-and-companies\/#primaryimage","url":"https:\/\/slamdunkattorney.com\/wp-content\/uploads\/2025\/03\/how-do-i-gather-evidence-against-truck-drivers-and-companies.jpg","contentUrl":"https:\/\/slamdunkattorney.com\/wp-content\/uploads\/2025\/03\/how-do-i-gather-evidence-against-truck-drivers-and-companies.jpg","width":1000,"height":667,"caption":"A tired truck driver on the road. How do I gather evidence against truck drivers and companies?"},{"@type":"BreadcrumbList","@id":"https:\/\/slamdunkattorney.com\/faqs\/how-do-i-gather-evidence-against-truck-drivers-and-companies\/#breadcrumb","itemListElement":[{"@type":"ListItem","position":1,"name":"Home","item":"https:\/\/slamdunkattorney.com\/"},{"@type":"ListItem","position":2,"name":"FAQs","item":"https:\/\/slamdunkattorney.com\/faqs\/"},{"@type":"ListItem","position":3,"name":"How Do I Gather Evidence Against Truck Drivers and Companies?"}]},{"@type":"WebSite","@id":"https:\/\/slamdunkattorney.com\/#website","url":"https:\/\/slamdunkattorney.com\/","name":"Abogado experto en lesiones | Abogados especializados en lesiones","description":"Abogados de lesiones personales en Duluth","publisher":{"@id":"https:\/\/slamdunkattorney.com\/#organization"},"alternateName":"Slam Dunk Attorney","inLanguage":"es"},{"@type":"Organization","@id":"https:\/\/slamdunkattorney.com\/#organization","name":"Abogado Slam Dunk","alternateName":"Slam Dunk","url":"https:\/\/slamdunkattorney.com\/","logo":{"@type":"ImageObject","inLanguage":"es","@id":"https:\/\/slamdunkattorney.com\/#\/schema\/logo\/image\/","url":"https:\/\/slamdunkattorney.com\/wp-content\/uploads\/2023\/05\/cropped-Logo.png","contentUrl":"https:\/\/slamdunkattorney.com\/wp-content\/uploads\/2023\/05\/cropped-Logo.png","width":1080,"height":240,"caption":"Slam Dunk Attorney"},"image":{"@id":"https:\/\/slamdunkattorney.com\/#\/schema\/logo\/image\/"},"sameAs":["https:\/\/www.facebook.com\/slamdunkattorneyinjurylawyers\/","https:\/\/x.com\/slamdunkattorney","https:\/\/www.instagram.com\/slamdunkattorney\/","https:\/\/www.youtube.com\/channel\/UCSrOiC7vOjlCi3UgtIVGNtw","https:\/\/www.linkedin.com\/company\/slamdunkattorneyinjurylawyers"]}]}},"yoast_meta":{"yoast_wpseo_title":"","yoast_wpseo_metadesc":"","yoast_wpseo_canonical":"https:\/\/slamdunkattorney.com\/es\/wp-json\/wp\/v2\/pages\/17294"},"_links":{"self":[{"href":"https:\/\/slamdunkattorney.com\/es\/wp-json\/wp\/v2\/pages\/17294","targetHints":{"allow":["GET"]}}],"collection":[{"href":"https:\/\/slamdunkattorney.com\/es\/wp-json\/wp\/v2\/pages"}],"about":[{"href":"https:\/\/slamdunkattorney.com\/es\/wp-json\/wp\/v2\/types\/page"}],"author":[{"embeddable":true,"href":"https:\/\/slamdunkattorney.com\/es\/wp-json\/wp\/v2\/users\/2"}],"replies":[{"embeddable":true,"href":"https:\/\/slamdunkattorney.com\/es\/wp-json\/wp\/v2\/comments?post=17294"}],"version-history":[{"count":0,"href":"https:\/\/slamdunkattorney.com\/es\/wp-json\/wp\/v2\/pages\/17294\/revisions"}],"up":[{"embeddable":true,"href":"https:\/\/slamdunkattorney.com\/es\/wp-json\/wp\/v2\/pages\/5902"}],"wp:featuredmedia":[{"embeddable":true,"href":"https:\/\/slamdunkattorney.com\/es\/wp-json\/wp\/v2\/media\/17295"}],"wp:attachment":[{"href":"https:\/\/slamdunkattorney.com\/es\/wp-json\/wp\/v2\/media?parent=17294"}],"wp:term":[{"taxonomy":"extra-categories","embeddable":true,"href":"https:\/\/slamdunkattorney.com\/es\/wp-json\/wp\/v2\/extra-categories?post=17294"},{"taxonomy":"hc_faqs","embeddable":true,"href":"https:\/\/slamdunkattorney.com\/es\/wp-json\/wp\/v2\/hc_faqs?post=17294"}],"curies":[{"name":"wp","href":"https:\/\/api.w.org\/{rel}","templated":true}]}}