{"id":17293,"date":"2025-03-04T12:47:32","date_gmt":"2025-03-04T12:47:32","guid":{"rendered":"https:\/\/slamdunk.wpenginepowered.com\/?page_id=17293"},"modified":"2025-03-04T12:47:32","modified_gmt":"2025-03-04T12:47:32","slug":"what-are-punitive-damages-in-truck-accident-cases","status":"publish","type":"page","link":"https:\/\/slamdunkattorney.com\/es\/faqs\/what-are-punitive-damages-in-truck-accident-cases\/","title":{"rendered":"\u00bfQu\u00e9 son los da\u00f1os punitivos en los casos de accidentes de camiones?"},"content":{"rendered":"<p><span style=\"font-weight: 400;\">\u00bfQu\u00e9 son los da\u00f1os punitivos en los casos de accidentes de camiones? Los da\u00f1os punitivos se refieren a...<\/span><b>Indemnizaci\u00f3n concedida para disuadir a la parte responsable de cometer actos de negligencia en el futuro.\u00a0<\/b><\/p>\n<p><span style=\"font-weight: 400;\">A <\/span><a href=\"https:\/\/slamdunkattorney.com\/es\/duluth\/truck-accident-lawyer\/\"><span style=\"font-weight: 400;\">Abogado especializado en accidentes de camiones en Duluth<\/span><\/a><span style=\"font-weight: 400;\"> puede proporcionarle informaci\u00f3n sobre qu\u00e9 son los da\u00f1os punitivos en los casos de accidentes de camiones y si usted tiene derecho a reclamarlos.<\/span><\/p>\n<h2><span style=\"font-weight: 400;\">\u00bfQu\u00e9 son los da\u00f1os punitivos en los casos de accidentes de camiones en Georgia?<\/span><\/h2>\n<p><span style=\"font-weight: 400;\">Un tribunal de Georgia puede otorgar da\u00f1os punitivos en un caso de accidente de cami\u00f3n para castigar a alguien que actu\u00f3 <\/span><b>incre\u00edblemente descuidado o imprudente.<\/b><span style=\"font-weight: 400;\"> Rara vez se conceden da\u00f1os punitivos. No obstante, un juez o un jurado pueden ofrecer al acusado una demostraci\u00f3n del da\u00f1o que ha causado a la v\u00edctima.\u00a0<\/span><\/p>\n<p><span style=\"font-weight: 400;\">Los da\u00f1os punitivos pueden concederse junto con los da\u00f1os econ\u00f3micos y no econ\u00f3micos. Un abogado especializado en accidentes de camiones en Duluth ayuda a su cliente a construir un argumento convincente. Si tienen \u00e9xito, su cliente podr\u00eda recibir da\u00f1os econ\u00f3micos, no econ\u00f3micos y punitivos.\u00a0<\/span><\/p>\n<p><span style=\"font-weight: 400;\">El abogado Slam Dunk lo sabe. <\/span><a href=\"https:\/\/slamdunkattorney.com\/es\/faqs\/how-does-the-truck-accident-lawsuit-process-work\/\"><span style=\"font-weight: 400;\">C\u00f3mo funciona el proceso de accidentes de camiones<\/span><\/a><span style=\"font-weight: 400;\">. Hemos manejado miles de casos de lesiones personales y podemos ayudarle a obtener una compensaci\u00f3n justa de cualquier persona responsable de su accidente de cami\u00f3n. Programe una consulta gratuita con nosotros.\u00a0<\/span><\/p>\n\n<div class=\"cta-container row align-items-center\">\n    <div class=\"col-md-7\">\n        <p class=\"cta-text rs-content-cta\">Orgullosos de servir a Duluth y a todo Georgia <span>\u00a1Cont\u00e1ctenos para comenzar su recuperaci\u00f3n!<\/span> <a href=\"https:\/\/slamdunkattorney.com\/es\/\">Explore nuestras \u00e1reas de pr\u00e1ctica<\/a><\/p>\n    <\/div>\n    <div class=\"col-md-5\">\n        <img decoding=\"async\" src=\"https:\/\/slamdunkattorney.com\/wp-content\/themes\/slam-dunk-rebuild\/assets\/app\/img\/map-cta.jpg\" alt=\"Legal Consultation\" class=\"img-fluid\"\/>\n    <\/div>\n<\/div><h2><span style=\"font-weight: 400;\">Por qu\u00e9 podr\u00eda obtener da\u00f1os punitivos en un caso de accidente de cami\u00f3n<\/span><\/h2>\n<p><span style=\"font-weight: 400;\">Contrate a un abogado especializado en accidentes de camiones como su representante legal y defensor. \u00c9l le explicar\u00e1 <\/span><a href=\"https:\/\/slamdunkattorney.com\/es\/faqs\/who-is-liable-in-a-commercial-truck-accident\/\"><span style=\"font-weight: 400;\">\u00bfQui\u00e9n es responsable de un accidente de cami\u00f3n comercial?<\/span><\/a><span style=\"font-weight: 400;\">. Adem\u00e1s, su abogado puede proporcionarle informaci\u00f3n sobre las razones por las que podr\u00eda recibir una indemnizaci\u00f3n por da\u00f1os punitivos en un caso de colisi\u00f3n con un cami\u00f3n, tales como:<\/span><\/p>\n<h3><span style=\"font-weight: 400;\">Fatiga de los conductores de camiones<\/span><\/h3>\n<p><span style=\"font-weight: 400;\">Un camionero debe cumplir con las regulaciones de la Administraci\u00f3n Federal de Seguridad de Autotransportes (FMCSA). Si un conductor de cami\u00f3n viola las regulaciones de la FMCSA, <\/span><a href=\"https:\/\/www.fmcsa.dot.gov\/regulations\/hours-of-service\" target=\"_blank\" rel=\"noopener\"><span style=\"font-weight: 400;\">horas de servicio (HOS)<\/span><\/a><span style=\"font-weight: 400;\"> mandatos, est\u00e1n optando por conducir durante mucho tiempo. <\/span><b>El conductor del cami\u00f3n puede ser propenso a la fatiga.<\/b><span style=\"font-weight: 400;\"> que pueda contribuir a su accidente, y esta persona o su empleador podr\u00edan verse obligados a pagar da\u00f1os punitivos.<\/span><\/p>\n<h3><span style=\"font-weight: 400;\">Mantenimiento deficiente del veh\u00edculo\u00a0<\/span><\/h3>\n<p><span style=\"font-weight: 400;\">Es razonable esperar que una empresa de transporte se ocupe del mantenimiento de sus veh\u00edculos. Sin embargo, una empresa podr\u00eda ignorar el mantenimiento de los veh\u00edculos. Si un cami\u00f3n no se ha mantenido adecuadamente y un defecto del veh\u00edculo ha provocado su accidente, usted podr\u00eda recibir una indemnizaci\u00f3n por da\u00f1os punitivos basada en la negligencia de la parte responsable.\u00a0<\/span><\/p>\n<h3><span style=\"font-weight: 400;\">Permitir que un camionero conduzca un veh\u00edculo sin licencia<\/span><\/h3>\n<p><span style=\"font-weight: 400;\">Un conductor de cami\u00f3n debe tener una licencia de conducir comercial (CDL) v\u00e1lida. Sin embargo, hay ocasiones en las que camioneros sin licencia se ponen al volante. Si un camionero no ten\u00eda licencia en el momento del accidente, se podr\u00eda ordenar a esta persona o a su empleador que paguen da\u00f1os punitivos.\u00a0<\/span><\/p>\n<p><span style=\"font-weight: 400;\">Te preguntas <\/span><a href=\"https:\/\/slamdunkattorney.com\/es\/faqs\/who-is-liable-in-a-commercial-truck-accident\/\"><span style=\"font-weight: 400;\">\u00bfQui\u00e9n es responsable en un accidente de cami\u00f3n comercial?<\/span><\/a><span style=\"font-weight: 400;\"> y qu\u00e9 da\u00f1os y perjuicios podr\u00eda recuperar de las partes culpables. En ese momento, re\u00fanase con un abogado especializado en accidentes de camiones. Puede compartir con su abogado sus preguntas sobre da\u00f1os y perjuicios y otros temas legales, y averiguar si tiene motivos para presentar una demanda por lesiones.\u00a0<\/span><\/p>\n<h2><span style=\"font-weight: 400;\">C\u00f3mo obtener da\u00f1os punitivos en un caso de accidente de cami\u00f3n<\/span><\/h2>\n<p><span style=\"font-weight: 400;\">Tu abogado discute <\/span><a href=\"https:\/\/slamdunkattorney.com\/es\/faqs\/what-to-expect-when-you-are-in-a-trucking-accident-and-what-to-do-about-it\/\"><span style=\"font-weight: 400;\">Qu\u00e9 esperar si te ves involucrado en un accidente de cami\u00f3n y qu\u00e9 hacer al respecto.<\/span><\/a><span style=\"font-weight: 400;\">. Pueden ayudarle a obtener una indemnizaci\u00f3n por da\u00f1os y perjuicios que se ajuste a sus expectativas. Adem\u00e1s, pueden darle consejos para que pueda obtener la m\u00e1xima indemnizaci\u00f3n, como por ejemplo:<\/span><\/p>\n<h3><span style=\"font-weight: 400;\">Recopilar pruebas<\/span><\/h3>\n<p><span style=\"font-weight: 400;\">Las declaraciones de los testigos, los registros de mantenimiento del veh\u00edculo y los datos del dispositivo de registro electr\u00f3nico (ELD) del cami\u00f3n son tres tipos de pruebas que pueden reforzar su caso. Usted y su abogado pueden trabajar juntos para reunir pruebas. Si cuenta con numerosas pruebas, el demandado o su aseguradora podr\u00edan encontrar dificultades a la hora de impugnar su caso.\u00a0<\/span><\/p>\n<h3><span style=\"font-weight: 400;\">Recibir atenci\u00f3n m\u00e9dica<\/span><\/h3>\n<p><span style=\"font-weight: 400;\">Acuda al m\u00e9dico lo antes posible despu\u00e9s del accidente y contin\u00fae recibiendo atenci\u00f3n m\u00e9dica durante el tiempo que sea necesario. Si recibe atenci\u00f3n m\u00e9dica, podr\u00e1 recuperarse de sus lesiones. Adem\u00e1s, podr\u00e1 utilizar su historial m\u00e9dico para demostrar ante el tribunal la gravedad de sus lesiones.\u00a0<\/span><\/p>\n<h3><span style=\"font-weight: 400;\">No asumas la culpa de tu accidente.<\/span><\/h3>\n<p><span style=\"font-weight: 400;\">Tenga cuidado si la parte responsable o su compa\u00f1\u00eda de seguros se comunican con usted en relaci\u00f3n con su colisi\u00f3n. Cualquiera de las partes podr\u00eda hacerlo con la esperanza de que usted asuma la responsabilidad del incidente. Notifique a su abogado si la parte culpable o su compa\u00f1\u00eda de seguros se comunican con usted despu\u00e9s del accidente, y su abogado podr\u00e1 hablar sobre su caso en su nombre.\u00a0<\/span><\/p>\n<h3><span style=\"font-weight: 400;\">Configure sus perfiles en l\u00ednea como privados<\/span><\/h3>\n<p><span style=\"font-weight: 400;\">Aseg\u00farate de que la parte responsable o su compa\u00f1\u00eda de seguros no puedan ver tus perfiles en Facebook, X y otros sitios web. Si publicas contenido sobre tu accidente en l\u00ednea, esto podr\u00eda utilizarse en tu contra en el juicio. En \u00faltima instancia, si deseas mantener a tus familiares y amigos informados sobre tu recuperaci\u00f3n tras el accidente, hazlo a trav\u00e9s de llamadas telef\u00f3nicas y videollamadas, correos electr\u00f3nicos y mensajes de texto, en lugar de publicaciones en l\u00ednea.\u00a0<\/span><\/p>\n<h3><span style=\"font-weight: 400;\">Prep\u00e1rese para la fecha de su juicio<\/span><\/h3>\n<p><span style=\"font-weight: 400;\">Si recibe una oferta de acuerdo, rev\u00edsela con su abogado. Una propuesta de acuerdo no necesariamente cubrir\u00e1 todas sus p\u00e9rdidas. Si la propuesta no cumple con sus expectativas, conf\u00ede en su abogado para que le ayude a prepararse para el juicio.<\/span><\/p>\n<p><b>Los da\u00f1os punitivos no est\u00e1n garantizados en los casos de accidentes de camiones.<\/b>. <span style=\"font-weight: 400;\">Su abogado quiere que usted haga responsable a la parte culpable por sus acciones en su contra y que reciba una indemnizaci\u00f3n por da\u00f1os y perjuicios que le permita recuperarse econ\u00f3micamente tras el accidente. Trabajan con diligencia para ayudarle a conseguir el resultado deseado en su caso.\u00a0<\/span><\/p>\n\n<div class=\"cta-container row align-items-center\">\n    <div class=\"col-md-7\">\n        <p class=\"cta-text rs-content-cta\"><a class=\"no-btn\" href=\"https:\/\/slamdunkattorney.com\/es\/contact-us\/\">Haga clic para contactar<\/a> nuestros abogados especializados en lesiones personales hoy mismo<\/p>\n    <\/div>\n    <div class=\"col-md-5\">\n        <img decoding=\"async\" src=\"https:\/\/slamdunkattorney.com\/wp-content\/themes\/slam-dunk-rebuild\/assets\/app\/img\/map-cta.jpg\" alt=\"Contact Us\" class=\"img-fluid\"\/>\n    <\/div>\n<\/div><h2><span style=\"font-weight: 400;\">Otros da\u00f1os y perjuicios que puede recibir en un caso de accidente de cami\u00f3n<\/span><\/h2>\n<p><span style=\"font-weight: 400;\">Adem\u00e1s de los da\u00f1os punitivos, es posible que tenga derecho a una indemnizaci\u00f3n econ\u00f3mica y no econ\u00f3mica. Puede recuperar los da\u00f1os econ\u00f3micos y no econ\u00f3micos por sus p\u00e9rdidas cuantificables y subjetivas. Las razones por las que podr\u00eda recibir una o ambas indemnizaciones incluyen:<\/span><\/p>\n<ul>\n<li style=\"font-weight: 400;\" aria-level=\"1\"><span style=\"font-weight: 400;\">Costos de reemplazo o reparaci\u00f3n de su autom\u00f3vil.<\/span><\/li>\n<li style=\"font-weight: 400;\" aria-level=\"1\"><span style=\"font-weight: 400;\">Gastos m\u00e9dicos<\/span><\/li>\n<li style=\"font-weight: 400;\" aria-level=\"1\"><span style=\"font-weight: 400;\">Dolor y sufrimiento<\/span><\/li>\n<li style=\"font-weight: 400;\" aria-level=\"1\"><span style=\"font-weight: 400;\">P\u00e9rdida de ingresos<\/span><\/li>\n<li style=\"font-weight: 400;\" aria-level=\"1\"><span style=\"font-weight: 400;\">P\u00e9rdida del disfrute de la vida<\/span><\/li>\n<\/ul>\n<p><span style=\"font-weight: 400;\">Su abogado calcula los da\u00f1os y perjuicios y elabora su argumento en consecuencia. Lo ideal es que su abogado deje claro al juez o al jurado que usted merece una indemnizaci\u00f3n completa por los da\u00f1os y perjuicios. Si el tribunal est\u00e1 de acuerdo con su argumento, usted podr\u00eda recibir una indemnizaci\u00f3n por sus p\u00e9rdidas econ\u00f3micas, no econ\u00f3micas y punitivas.\u00a0<\/span><\/p>\n\n<div class=\"cta-container map-bg row align-items-center flex-md-row-reverse\">\n    <div class=\"col-md-6\">\n        <p class=\"cta-text rs-content-cta\">Completa un <a href=\"https:\/\/slamdunkattorney.com\/es\/contact-us\/\">Formulario de evaluaci\u00f3n gratuita de su caso<\/a> ahora<\/p>\n    <\/div>\n    <div class=\"col-md-6 col-bg\">\n    <\/div>\n<\/div><h2><span style=\"font-weight: 400;\">Solicite ayuda legal mientras se recupera de su accidente de cami\u00f3n.<\/span><\/h2>\n<p><span style=\"font-weight: 400;\">Los abogados especializados en accidentes de camiones de Slam Dunk Attorney establecen relaciones significativas con nuestros clientes y les ayudan en todo lo que pueden a lo largo del proceso judicial.<\/span><\/p>\n<p><span style=\"font-weight: 400;\">D\u00e9nos una oportunidad y perm\u00edtanos ayudarle con su caso de colisi\u00f3n de camiones. Solicite una consulta gratuita con nosotros.<\/span><\/p>\n\n<div class=\"cta-container row align-items-center\">\n    <div class=\"col-md-7\">\n        <p class=\"cta-text rs-content-cta\">Llame o env\u00ede un mensaje de texto <a class=\"no-btn\" href=\"tel:+14049513513\">404-951-3513<\/a> o completar un <a href=\"https:\/\/slamdunkattorney.com\/es\/contact-us\/\">Formulario de evaluaci\u00f3n gratuita de su caso<\/a><\/p>\n    <\/div>\n    <div class=\"col-md-5\">\n        <img decoding=\"async\" src=\"https:\/\/slamdunkattorney.com\/wp-content\/themes\/slam-dunk-rebuild\/assets\/app\/img\/map-cta.jpg\" alt=\"Call or Text\" class=\"img-fluid\"\/>\n    <\/div>\n<\/div>","protected":false},"excerpt":{"rendered":"<p>What are punitive damages in truck accident cases? Punitive damages refer to compensation awarded to deter a liable party from committing future acts of negligence.\u00a0 A Duluth truck accident lawyer can provide insights into what punitive damages are in trucking crash cases and if you are eligible to recover them. What Punitive Damages Are in &#8230;<\/p>","protected":false},"author":2,"featured_media":0,"parent":5902,"menu_order":0,"comment_status":"closed","ping_status":"closed","template":"","meta":{"_acf_changed":false,"_genesis_hide_title":false,"_genesis_hide_breadcrumbs":false,"_genesis_hide_singular_image":false,"_genesis_hide_footer_widgets":false,"_genesis_custom_body_class":"","_genesis_custom_post_class":"","_genesis_layout":"","ngg_post_thumbnail":0,"footnotes":""},"extra-categories":[],"hc_faqs":[55],"class_list":{"0":"post-17293","1":"page","2":"type-page","3":"status-publish","5":"hc_faqs-truck-accident","6":"entry"},"acf":[],"yoast_head":"<!-- This site is optimized with the Yoast SEO plugin v27.4 - https:\/\/yoast.com\/product\/yoast-seo-wordpress\/ -->\n<title>Punitive Damages in Truck Accident Cases Explained<\/title>\n<meta name=\"description\" content=\"Find out what punitive damages in truck accident cases are from the dedicated truck accident lawyers at Slam Dunk Attorney.\" \/>\n<meta name=\"robots\" content=\"index, follow, max-snippet:-1, max-image-preview:large, max-video-preview:-1\" \/>\n<link rel=\"canonical\" href=\"https:\/\/slamdunkattorney.com\/es\/faqs\/what-are-punitive-damages-in-truck-accident-cases\/\" \/>\n<meta property=\"og:locale\" content=\"es_MX\" \/>\n<meta property=\"og:type\" content=\"article\" \/>\n<meta property=\"og:title\" content=\"Punitive Damages in Truck Accident Cases Explained\" \/>\n<meta property=\"og:description\" content=\"Find out what punitive damages in truck accident cases are from the dedicated truck accident lawyers at Slam Dunk Attorney.\" \/>\n<meta property=\"og:url\" content=\"https:\/\/slamdunkattorney.com\/es\/faqs\/what-are-punitive-damages-in-truck-accident-cases\/\" \/>\n<meta property=\"og:site_name\" content=\"Slam Dunk Attorney | Injury Lawyers\" \/>\n<meta property=\"article:publisher\" content=\"https:\/\/www.facebook.com\/slamdunkattorneyinjurylawyers\/\" \/>\n<meta property=\"og:image\" content=\"https:\/\/slamdunkattorney.com\/wp-content\/uploads\/2023\/05\/cropped-Logo.png\" \/>\n\t<meta property=\"og:image:width\" content=\"1080\" \/>\n\t<meta property=\"og:image:height\" content=\"240\" \/>\n\t<meta property=\"og:image:type\" content=\"image\/png\" \/>\n<meta name=\"twitter:card\" content=\"summary_large_image\" \/>\n<meta name=\"twitter:site\" content=\"@slamdunkattorney\" \/>\n<meta name=\"twitter:label1\" content=\"Est. reading time\" \/>\n\t<meta name=\"twitter:data1\" content=\"5 minutos\" \/>\n<script type=\"application\/ld+json\" class=\"yoast-schema-graph\">{\"@context\":\"https:\\\/\\\/schema.org\",\"@graph\":[{\"@type\":\"WebPage\",\"@id\":\"https:\\\/\\\/slamdunkattorney.com\\\/faqs\\\/what-are-punitive-damages-in-truck-accident-cases\\\/\",\"url\":\"https:\\\/\\\/slamdunkattorney.com\\\/faqs\\\/what-are-punitive-damages-in-truck-accident-cases\\\/\",\"name\":\"Punitive Damages in Truck Accident Cases Explained\",\"isPartOf\":{\"@id\":\"https:\\\/\\\/slamdunkattorney.com\\\/#website\"},\"datePublished\":\"2025-03-04T12:47:32+00:00\",\"description\":\"Find out what punitive damages in truck accident cases are from the dedicated truck accident lawyers at Slam Dunk Attorney.\",\"breadcrumb\":{\"@id\":\"https:\\\/\\\/slamdunkattorney.com\\\/faqs\\\/what-are-punitive-damages-in-truck-accident-cases\\\/#breadcrumb\"},\"inLanguage\":\"es\",\"potentialAction\":[{\"@type\":\"ReadAction\",\"target\":[\"https:\\\/\\\/slamdunkattorney.com\\\/faqs\\\/what-are-punitive-damages-in-truck-accident-cases\\\/\"]}]},{\"@type\":\"BreadcrumbList\",\"@id\":\"https:\\\/\\\/slamdunkattorney.com\\\/faqs\\\/what-are-punitive-damages-in-truck-accident-cases\\\/#breadcrumb\",\"itemListElement\":[{\"@type\":\"ListItem\",\"position\":1,\"name\":\"Home\",\"item\":\"https:\\\/\\\/slamdunkattorney.com\\\/\"},{\"@type\":\"ListItem\",\"position\":2,\"name\":\"FAQs\",\"item\":\"https:\\\/\\\/slamdunkattorney.com\\\/faqs\\\/\"},{\"@type\":\"ListItem\",\"position\":3,\"name\":\"What Are Punitive Damages in Truck Accident Cases?\"}]},{\"@type\":\"WebSite\",\"@id\":\"https:\\\/\\\/slamdunkattorney.com\\\/#website\",\"url\":\"https:\\\/\\\/slamdunkattorney.com\\\/\",\"name\":\"Slam Dunk Attorney | Injury Lawyers\",\"description\":\"Duluth Personal Injury Lawyers\",\"publisher\":{\"@id\":\"https:\\\/\\\/slamdunkattorney.com\\\/#organization\"},\"alternateName\":\"Slam Dunk Attorney\",\"inLanguage\":\"es\"},{\"@type\":\"Organization\",\"@id\":\"https:\\\/\\\/slamdunkattorney.com\\\/#organization\",\"name\":\"Slam Dunk Attorney\",\"alternateName\":\"Slam Dunk\",\"url\":\"https:\\\/\\\/slamdunkattorney.com\\\/\",\"logo\":{\"@type\":\"ImageObject\",\"inLanguage\":\"es\",\"@id\":\"https:\\\/\\\/slamdunkattorney.com\\\/#\\\/schema\\\/logo\\\/image\\\/\",\"url\":\"https:\\\/\\\/slamdunkattorney.com\\\/wp-content\\\/uploads\\\/2023\\\/05\\\/cropped-Logo.png\",\"contentUrl\":\"https:\\\/\\\/slamdunkattorney.com\\\/wp-content\\\/uploads\\\/2023\\\/05\\\/cropped-Logo.png\",\"width\":1080,\"height\":240,\"caption\":\"Slam Dunk Attorney\"},\"image\":{\"@id\":\"https:\\\/\\\/slamdunkattorney.com\\\/#\\\/schema\\\/logo\\\/image\\\/\"},\"sameAs\":[\"https:\\\/\\\/www.facebook.com\\\/slamdunkattorneyinjurylawyers\\\/\",\"https:\\\/\\\/x.com\\\/slamdunkattorney\",\"https:\\\/\\\/www.instagram.com\\\/slamdunkattorney\\\/\",\"https:\\\/\\\/www.youtube.com\\\/channel\\\/UCSrOiC7vOjlCi3UgtIVGNtw\",\"https:\\\/\\\/www.linkedin.com\\\/company\\\/slamdunkattorneyinjurylawyers\"]}]}<\/script>\n<!-- \/ Yoast SEO plugin. -->","yoast_head_json":{"title":"Punitive Damages in Truck Accident Cases Explained","description":"Find out what punitive damages in truck accident cases are from the dedicated truck accident lawyers at Slam Dunk Attorney.","robots":{"index":"index","follow":"follow","max-snippet":"max-snippet:-1","max-image-preview":"max-image-preview:large","max-video-preview":"max-video-preview:-1"},"canonical":"https:\/\/slamdunkattorney.com\/es\/faqs\/what-are-punitive-damages-in-truck-accident-cases\/","og_locale":"es_MX","og_type":"article","og_title":"Punitive Damages in Truck Accident Cases Explained","og_description":"Find out what punitive damages in truck accident cases are from the dedicated truck accident lawyers at Slam Dunk Attorney.","og_url":"https:\/\/slamdunkattorney.com\/es\/faqs\/what-are-punitive-damages-in-truck-accident-cases\/","og_site_name":"Slam Dunk Attorney | Injury Lawyers","article_publisher":"https:\/\/www.facebook.com\/slamdunkattorneyinjurylawyers\/","og_image":[{"width":1080,"height":240,"url":"https:\/\/slamdunkattorney.com\/wp-content\/uploads\/2023\/05\/cropped-Logo.png","type":"image\/png"}],"twitter_card":"summary_large_image","twitter_site":"@slamdunkattorney","twitter_misc":{"Est. reading time":"5 minutos"},"schema":{"@context":"https:\/\/schema.org","@graph":[{"@type":"WebPage","@id":"https:\/\/slamdunkattorney.com\/faqs\/what-are-punitive-damages-in-truck-accident-cases\/","url":"https:\/\/slamdunkattorney.com\/faqs\/what-are-punitive-damages-in-truck-accident-cases\/","name":"Punitive Damages in Truck Accident Cases Explained","isPartOf":{"@id":"https:\/\/slamdunkattorney.com\/#website"},"datePublished":"2025-03-04T12:47:32+00:00","description":"Find out what punitive damages in truck accident cases are from the dedicated truck accident lawyers at Slam Dunk Attorney.","breadcrumb":{"@id":"https:\/\/slamdunkattorney.com\/faqs\/what-are-punitive-damages-in-truck-accident-cases\/#breadcrumb"},"inLanguage":"es","potentialAction":[{"@type":"ReadAction","target":["https:\/\/slamdunkattorney.com\/faqs\/what-are-punitive-damages-in-truck-accident-cases\/"]}]},{"@type":"BreadcrumbList","@id":"https:\/\/slamdunkattorney.com\/faqs\/what-are-punitive-damages-in-truck-accident-cases\/#breadcrumb","itemListElement":[{"@type":"ListItem","position":1,"name":"Home","item":"https:\/\/slamdunkattorney.com\/"},{"@type":"ListItem","position":2,"name":"FAQs","item":"https:\/\/slamdunkattorney.com\/faqs\/"},{"@type":"ListItem","position":3,"name":"What Are Punitive Damages in Truck Accident Cases?"}]},{"@type":"WebSite","@id":"https:\/\/slamdunkattorney.com\/#website","url":"https:\/\/slamdunkattorney.com\/","name":"Abogado experto en lesiones | Abogados especializados en lesiones","description":"Abogados de lesiones personales en Duluth","publisher":{"@id":"https:\/\/slamdunkattorney.com\/#organization"},"alternateName":"Slam Dunk Attorney","inLanguage":"es"},{"@type":"Organization","@id":"https:\/\/slamdunkattorney.com\/#organization","name":"Abogado Slam Dunk","alternateName":"Slam Dunk","url":"https:\/\/slamdunkattorney.com\/","logo":{"@type":"ImageObject","inLanguage":"es","@id":"https:\/\/slamdunkattorney.com\/#\/schema\/logo\/image\/","url":"https:\/\/slamdunkattorney.com\/wp-content\/uploads\/2023\/05\/cropped-Logo.png","contentUrl":"https:\/\/slamdunkattorney.com\/wp-content\/uploads\/2023\/05\/cropped-Logo.png","width":1080,"height":240,"caption":"Slam Dunk Attorney"},"image":{"@id":"https:\/\/slamdunkattorney.com\/#\/schema\/logo\/image\/"},"sameAs":["https:\/\/www.facebook.com\/slamdunkattorneyinjurylawyers\/","https:\/\/x.com\/slamdunkattorney","https:\/\/www.instagram.com\/slamdunkattorney\/","https:\/\/www.youtube.com\/channel\/UCSrOiC7vOjlCi3UgtIVGNtw","https:\/\/www.linkedin.com\/company\/slamdunkattorneyinjurylawyers"]}]}},"yoast_meta":{"yoast_wpseo_title":"","yoast_wpseo_metadesc":"","yoast_wpseo_canonical":"https:\/\/slamdunkattorney.com\/es\/wp-json\/wp\/v2\/pages\/17293"},"_links":{"self":[{"href":"https:\/\/slamdunkattorney.com\/es\/wp-json\/wp\/v2\/pages\/17293","targetHints":{"allow":["GET"]}}],"collection":[{"href":"https:\/\/slamdunkattorney.com\/es\/wp-json\/wp\/v2\/pages"}],"about":[{"href":"https:\/\/slamdunkattorney.com\/es\/wp-json\/wp\/v2\/types\/page"}],"author":[{"embeddable":true,"href":"https:\/\/slamdunkattorney.com\/es\/wp-json\/wp\/v2\/users\/2"}],"replies":[{"embeddable":true,"href":"https:\/\/slamdunkattorney.com\/es\/wp-json\/wp\/v2\/comments?post=17293"}],"version-history":[{"count":0,"href":"https:\/\/slamdunkattorney.com\/es\/wp-json\/wp\/v2\/pages\/17293\/revisions"}],"up":[{"embeddable":true,"href":"https:\/\/slamdunkattorney.com\/es\/wp-json\/wp\/v2\/pages\/5902"}],"wp:attachment":[{"href":"https:\/\/slamdunkattorney.com\/es\/wp-json\/wp\/v2\/media?parent=17293"}],"wp:term":[{"taxonomy":"extra-categories","embeddable":true,"href":"https:\/\/slamdunkattorney.com\/es\/wp-json\/wp\/v2\/extra-categories?post=17293"},{"taxonomy":"hc_faqs","embeddable":true,"href":"https:\/\/slamdunkattorney.com\/es\/wp-json\/wp\/v2\/hc_faqs?post=17293"}],"curies":[{"name":"wp","href":"https:\/\/api.w.org\/{rel}","templated":true}]}}