{"id":17291,"date":"2025-03-04T12:44:58","date_gmt":"2025-03-04T12:44:58","guid":{"rendered":"https:\/\/slamdunk.wpenginepowered.com\/?page_id=17291"},"modified":"2025-03-04T12:45:47","modified_gmt":"2025-03-04T12:45:47","slug":"should-i-give-my-car-insurance-company-a-recorded-statement-after-an-accident","status":"publish","type":"page","link":"https:\/\/slamdunkattorney.com\/es\/faqs\/should-i-give-my-car-insurance-company-a-recorded-statement-after-an-accident\/","title":{"rendered":"\u00bfDebo proporcionar a mi compa\u00f1\u00eda de seguros de autom\u00f3viles una declaraci\u00f3n grabada despu\u00e9s de un accidente?"},"content":{"rendered":"<p><span style=\"font-weight: 400;\">\u00bfDebo proporcionar a mi compa\u00f1\u00eda de seguros de autom\u00f3vil una declaraci\u00f3n grabada despu\u00e9s de un accidente? <\/span><b>La respuesta corta es no. <\/b><span style=\"font-weight: 400;\">porque hacerlo podr\u00eda permitir que la compa\u00f1\u00eda de seguros malinterprete sus declaraciones y limite la indemnizaci\u00f3n que recibir\u00eda en su caso.<\/span><\/p>\n<p><span style=\"font-weight: 400;\">A <\/span><a href=\"https:\/\/slamdunkattorney.com\/es\/duluth\/car-accident-lawyer\/\"><span style=\"font-weight: 400;\">Abogado especializado en accidentes automovil\u00edsticos en Duluth<\/span><\/a><span style=\"font-weight: 400;\"> puede ayudarle a proteger su derecho a recibir una indemnizaci\u00f3n y garantizar que la comunicaci\u00f3n con la compa\u00f1\u00eda de seguros sea justa.<\/span><\/p>\n<h2><span style=\"font-weight: 400;\">Qu\u00e9 debe hacer al presentar una reclamaci\u00f3n<\/span><\/h2>\n<p><span style=\"font-weight: 400;\">Despu\u00e9s de un accidente automovil\u00edstico u otro evento cubierto, es posible que deba presentar una reclamaci\u00f3n a la compa\u00f1\u00eda de seguros para que le reembolsen sus p\u00e9rdidas. <\/span><b>Las compa\u00f1\u00edas de seguros no conf\u00edan simplemente en que les proporciones informaci\u00f3n precisa.<\/b><span style=\"font-weight: 400;\"> En cambio, verificar\u00e1n cada detalle y buscar\u00e1n cualquier atajo u oportunidad posible para minimizar el monto de la indemnizaci\u00f3n pagada. Dar una declaraci\u00f3n grabada a su compa\u00f1\u00eda de seguros despu\u00e9s de un accidente podr\u00eda ser motivo de preocupaci\u00f3n.<\/span><\/p>\n<p><span style=\"font-weight: 400;\">La mayor\u00eda de las compa\u00f1\u00edas de seguros le exigir\u00e1n, como titular de la p\u00f3liza, que complete una declaraci\u00f3n y que coopere con el proceso de reclamaci\u00f3n que le indiquen. Sin embargo, no es probable que una declaraci\u00f3n grabada sea un requisito espec\u00edfico, sino m\u00e1s bien una ventaja sugerida para la compa\u00f1\u00eda. Las declaraciones grabadas pueden ser beneficiosas para la compa\u00f1\u00eda de seguros porque son m\u00e1s r\u00e1pidas y agilizan el caso, y a menudo suponen una indemnizaci\u00f3n menor que si se presenta una reclamaci\u00f3n totalmente por escrito.<\/span><\/p>\n<p><span style=\"font-weight: 400;\">Piensa en cu\u00e1nto tiempo te llevar\u00eda describir lo que ocurri\u00f3 en el accidente automovil\u00edstico en el que te viste involucrado, y es posible que te des cuenta de que solo te llevar\u00eda unos minutos. Sin embargo, antes de presentar una reclamaci\u00f3n documentada oficialmente, es necesario investigar para averiguar qu\u00e9 caus\u00f3 realmente el accidente y recabar declaraciones que demuestren estos hechos. Si prestas declaraci\u00f3n grabada, es posible que no puedas proporcionar suficientes detalles para validar tu reclamaci\u00f3n con la precisi\u00f3n necesaria.<\/span><\/p>\n\n<div class=\"cta-container row align-items-center\">\n    <div class=\"col-md-7\">\n        <p class=\"cta-text rs-content-cta\">Orgullosos de servir a Duluth y a todo Georgia <span>\u00a1Cont\u00e1ctenos para comenzar su recuperaci\u00f3n!<\/span> <a href=\"https:\/\/slamdunkattorney.com\/es\/\">Explore nuestras \u00e1reas de pr\u00e1ctica<\/a><\/p>\n    <\/div>\n    <div class=\"col-md-5\">\n        <img decoding=\"async\" src=\"https:\/\/slamdunkattorney.com\/wp-content\/themes\/slam-dunk-rebuild\/assets\/app\/img\/map-cta.jpg\" alt=\"Legal Consultation\" class=\"img-fluid\"\/>\n    <\/div>\n<\/div><h2><span style=\"font-weight: 400;\">Qu\u00e9 hacer cuando se trata de presentar una reclamaci\u00f3n por un accidente automovil\u00edstico<\/span><\/h2>\n<p><span style=\"font-weight: 400;\">Las v\u00edctimas de un accidente automovil\u00edstico deber\u00e1n alertar a sus <\/span><a href=\"https:\/\/oci.georgia.gov\/insurance-resources\/auto\" target=\"_blank\" rel=\"noopener\"><span style=\"font-weight: 400;\">seguro de autom\u00f3vil<\/span><\/a><span style=\"font-weight: 400;\"> compa\u00f1\u00eda en cuesti\u00f3n de d\u00edas sobre el accidente en s\u00ed, pero esto no es lo mismo que presentar una reclamaci\u00f3n. Cuando llegue el momento de presentar una reclamaci\u00f3n, debe tener pruebas documentadas que describan claramente todos los aspectos de sus lesiones y p\u00e9rdidas, y no deber\u00eda tener que <\/span>g<span style=\"font-weight: 400;\">He proporcionado una declaraci\u00f3n grabada a su compa\u00f1\u00eda de seguros. Si a\u00fan no ha llegado a ese punto, tenga en cuenta los siguientes consejos antes de presentar una reclamaci\u00f3n:<\/span><\/p>\n<ul>\n<li style=\"font-weight: 400;\" aria-level=\"1\"><b>Trabaje con un abogado.<\/b>:<span style=\"font-weight: 400;\"> Sin duda, el paso m\u00e1s importante que puede dar es trabajar con un abogado para presentar su reclamaci\u00f3n. Su abogado se encargar\u00e1 de todo el proceso de reclamaci\u00f3n por usted, incluyendo hablar con la compa\u00f1\u00eda de seguros y decirle qu\u00e9 decir y qu\u00e9 no decir.<\/span><\/li>\n<li style=\"font-weight: 400;\" aria-level=\"1\"><b>Nunca digas nada que no sea cierto.<\/b>: <span style=\"font-weight: 400;\">Por ejemplo, un cami\u00f3n choc\u00f3 contra tu auto en el sem\u00e1foro. No menciones que crees que el sem\u00e1foro estaba en rojo o que levantaste la vista de tu tel\u00e9fono y viste que el cami\u00f3n se acercaba. Solo los hechos eliminan los riesgos.<\/span><\/li>\n<li style=\"font-weight: 400;\" aria-level=\"1\"><b>Indique que no desea que se le grabe.<\/b>: <span style=\"font-weight: 400;\">Aunque el ajustador de seguros no te lo pida, puede grabarte. Dile desde el principio que no deseas ser grabado.<\/span><\/li>\n<li style=\"font-weight: 400;\" aria-level=\"1\"><b>Obtenga la informaci\u00f3n del ajustador.<\/b>: <span style=\"font-weight: 400;\">Aseg\u00farese de tener el nombre y la informaci\u00f3n de contacto del ajustador de su caso. Esto garantiza que, m\u00e1s adelante, sepa exactamente con qui\u00e9n habl\u00f3 si necesita consultar esa informaci\u00f3n.<\/span><\/li>\n<li style=\"font-weight: 400;\" aria-level=\"1\"><b>Indique que est\u00e1 trabajando con su abogado.<\/b>:<span style=\"font-weight: 400;\"> Cuando hable con el ajustador, deje claro que va a contratar a un abogado para presentar su caso. Esto minimiza el riesgo de que no tomen en serio sus preguntas y declaraciones.<\/span><\/li>\n<\/ul>\n<p><span style=\"font-weight: 400;\">Las compa\u00f1\u00edas de seguros son empresas, lo que significa que intentar\u00e1n reducir costos demostrando que no le deben lo que usted cree. Para empoderarse y proteger su futuro, contrate a un <\/span><a href=\"https:\/\/slamdunkattorney.com\/es\/\"><span style=\"font-weight: 400;\">Abogado especializado en lesiones personales en Duluth<\/span><\/a><span style=\"font-weight: 400;\"> para acompa\u00f1arle a lo largo de este proceso. No tiene por qu\u00e9 enfrentarse a ellos solo.<\/span><\/p>\n<h2><span style=\"font-weight: 400;\">Lo que no se debe decir a la compa\u00f1\u00eda de seguros<\/span><\/h2>\n<p><span style=\"font-weight: 400;\">Adem\u00e1s de lo que se debe decir, hay varias cosas espec\u00edficas que se deben evitar mencionar al comunicarse con el ajustador de seguros o cualquier representante de la compa\u00f1\u00eda.\u00a0<\/span><\/p>\n<p><span style=\"font-weight: 400;\">La forma m\u00e1s f\u00e1cil de evitar estos errores es contratar a un abogado para que se encargue de las conversaciones en su lugar, en lugar de dar una declaraci\u00f3n grabada a su compa\u00f1\u00eda de seguros despu\u00e9s de un accidente. Si llega a hablar con ellos, evite estas declaraciones o insinuaciones.<\/span><\/p>\n<ul>\n<li style=\"font-weight: 400;\" aria-level=\"1\"><b>No te disculpes.<\/b>. <span style=\"font-weight: 400;\">No digas \u201clo siento\u201d. Aunque creas que solo est\u00e1s siendo educado o no quieras molestarles, esta frase implica culpa.<\/span><\/li>\n<li style=\"font-weight: 400;\" aria-level=\"1\"><b>No especules.<\/b>. <span style=\"font-weight: 400;\">En situaciones en las que no sepa la respuesta, d\u00edgalo. No haga conjeturas y ponga en riesgo su caso. Si el ajustador parece estar presion\u00e1ndolo, diga que no lo sabe y que no responder\u00e1 m\u00e1s a esa pregunta.<\/span><\/li>\n<li style=\"font-weight: 400;\" aria-level=\"1\"><b>No hables de tus lesiones de ninguna manera.<\/b>. <span style=\"font-weight: 400;\">No les informe sobre su estado ni sobre c\u00f3mo se siente. No les hable de sus lesiones hasta que haya consultado a un m\u00e9dico que pueda verificar cu\u00e1les son. Hacer una declaraci\u00f3n ahora y luego recibir un diagn\u00f3stico diferente por parte de un m\u00e9dico puede generar dudas sobre su caso.<\/span><\/li>\n<\/ul>\n<p><span style=\"font-weight: 400;\">Lo m\u00e1s importante es que, al hablar con la compa\u00f1\u00eda de seguros en cualquier momento, ya sea para dar una declaraci\u00f3n grabada despu\u00e9s de un accidente o para presentar una reclamaci\u00f3n, nunca aceptes ning\u00fan acuerdo en ese momento. Cualquier oferta que te hagan ahora no ser\u00e1 precisa y no respaldar\u00e1 tu reclamaci\u00f3n de forma suficientemente s\u00f3lida, ya que a\u00fan no han investigado el caso.\u00a0<\/span><\/p>\n<p><span style=\"font-weight: 400;\">No acepte ninguna cantidad de indemnizaci\u00f3n en su caso hasta que hable con un <\/span><a href=\"https:\/\/slamdunkattorney.com\/es\/duluth\/car-accident-lawyer\/head-on-collision\/\"><span style=\"font-weight: 400;\">Abogado especializado en accidentes por choque frontal en Duluth<\/span><\/a><span style=\"font-weight: 400;\"> sobre cu\u00e1les son realmente tus p\u00e9rdidas.<\/span><\/p>\n\n<div class=\"cta-container row align-items-center\">\n    <div class=\"col-md-7\">\n        <p class=\"cta-text rs-content-cta\"><a class=\"no-btn\" href=\"https:\/\/slamdunkattorney.com\/es\/contact-us\/\">Haga clic para contactar<\/a> nuestros abogados especializados en lesiones personales hoy mismo<\/p>\n    <\/div>\n    <div class=\"col-md-5\">\n        <img decoding=\"async\" src=\"https:\/\/slamdunkattorney.com\/wp-content\/themes\/slam-dunk-rebuild\/assets\/app\/img\/map-cta.jpg\" alt=\"Contact Us\" class=\"img-fluid\"\/>\n    <\/div>\n<\/div><h2><span style=\"font-weight: 400;\">Evite la declaraci\u00f3n grabada y trabaje con un abogado.<\/span><\/h2>\n<p><span style=\"font-weight: 400;\">Cuando le pregunten si la compa\u00f1\u00eda de seguros puede grabarle mientras da su declaraci\u00f3n o presenta una reclamaci\u00f3n, diga que no y h\u00e1galo con convicci\u00f3n. De este modo, proteger\u00e1 sus derechos durante todo el proceso y podr\u00e1 salvaguardar su reclamaci\u00f3n.\u00a0<\/span><\/p>\n<p><span style=\"font-weight: 400;\">Deje que el equipo legal de Slam Dunk Attorney se ponga a trabajar para construir un caso s\u00f3lido para usted, respaldado por pruebas claras que las compa\u00f1\u00edas de seguros no puedan refutar.<\/span><\/p>\n\n<div class=\"cta-container row align-items-center\">\n    <div class=\"col-md-7\">\n        <p class=\"cta-text rs-content-cta\">Llame o env\u00ede un mensaje de texto <a class=\"no-btn\" href=\"tel:+14049513513\">404-951-3513<\/a> o completar un <a href=\"https:\/\/slamdunkattorney.com\/es\/contact-us\/\">Formulario de evaluaci\u00f3n gratuita de su caso<\/a><\/p>\n    <\/div>\n    <div class=\"col-md-5\">\n        <img decoding=\"async\" src=\"https:\/\/slamdunkattorney.com\/wp-content\/themes\/slam-dunk-rebuild\/assets\/app\/img\/map-cta.jpg\" alt=\"Call or Text\" class=\"img-fluid\"\/>\n    <\/div>\n<\/div>","protected":false},"excerpt":{"rendered":"<p>Should I give my car insurance company a recorded statement after an accident? The short answer is no because doing so may allow the insurance company to misconstrue statements that may limit the compensation you receive in your case. A Duluth car accident lawyer can help you protect your right to compensation and ensure communication &#8230;<\/p>","protected":false},"author":2,"featured_media":17292,"parent":5902,"menu_order":0,"comment_status":"closed","ping_status":"closed","template":"","meta":{"_acf_changed":false,"_genesis_hide_title":false,"_genesis_hide_breadcrumbs":false,"_genesis_hide_singular_image":false,"_genesis_hide_footer_widgets":false,"_genesis_custom_body_class":"","_genesis_custom_post_class":"","_genesis_layout":"","ngg_post_thumbnail":0,"footnotes":""},"extra-categories":[],"hc_faqs":[41],"class_list":{"0":"post-17291","1":"page","2":"type-page","3":"status-publish","4":"has-post-thumbnail","6":"hc_faqs-car-accident","7":"entry"},"acf":[],"yoast_head":"<!-- This site is optimized with the Yoast SEO plugin v27.4 - https:\/\/yoast.com\/product\/yoast-seo-wordpress\/ -->\n<title>Should I Give My Car Insurance Company a Recorded Statement?<\/title>\n<meta name=\"description\" content=\"Find out if you should give your car insurance company a recorded statement after an accident from the team at Slam Dunk Attorney.\" \/>\n<meta name=\"robots\" content=\"index, follow, max-snippet:-1, max-image-preview:large, max-video-preview:-1\" \/>\n<link rel=\"canonical\" href=\"https:\/\/slamdunkattorney.com\/es\/faqs\/should-i-give-my-car-insurance-company-a-recorded-statement-after-an-accident\/\" \/>\n<meta property=\"og:locale\" content=\"es_MX\" \/>\n<meta property=\"og:type\" content=\"article\" \/>\n<meta property=\"og:title\" content=\"Should I Give My Car Insurance Company a Recorded Statement?\" \/>\n<meta property=\"og:description\" content=\"Find out if you should give your car insurance company a recorded statement after an accident from the team at Slam Dunk Attorney.\" \/>\n<meta property=\"og:url\" content=\"https:\/\/slamdunkattorney.com\/es\/faqs\/should-i-give-my-car-insurance-company-a-recorded-statement-after-an-accident\/\" \/>\n<meta property=\"og:site_name\" content=\"Slam Dunk Attorney | Injury Lawyers\" \/>\n<meta property=\"article:publisher\" content=\"https:\/\/www.facebook.com\/slamdunkattorneyinjurylawyers\/\" \/>\n<meta property=\"article:modified_time\" content=\"2025-03-04T12:45:47+00:00\" \/>\n<meta property=\"og:image\" content=\"https:\/\/slamdunkattorney.com\/wp-content\/uploads\/2025\/03\/should-i-give-my-car-insurance-company-a-recorded-statement-after-an-accident.jpg\" \/>\n\t<meta property=\"og:image:width\" content=\"1000\" \/>\n\t<meta property=\"og:image:height\" content=\"667\" \/>\n\t<meta property=\"og:image:type\" content=\"image\/jpeg\" \/>\n<meta name=\"twitter:card\" content=\"summary_large_image\" \/>\n<meta name=\"twitter:site\" content=\"@slamdunkattorney\" \/>\n<meta name=\"twitter:label1\" content=\"Est. reading time\" \/>\n\t<meta name=\"twitter:data1\" content=\"5 minutos\" \/>\n<script type=\"application\/ld+json\" class=\"yoast-schema-graph\">{\"@context\":\"https:\\\/\\\/schema.org\",\"@graph\":[{\"@type\":\"WebPage\",\"@id\":\"https:\\\/\\\/slamdunkattorney.com\\\/faqs\\\/should-i-give-my-car-insurance-company-a-recorded-statement-after-an-accident\\\/\",\"url\":\"https:\\\/\\\/slamdunkattorney.com\\\/faqs\\\/should-i-give-my-car-insurance-company-a-recorded-statement-after-an-accident\\\/\",\"name\":\"Should I Give My Car Insurance Company a Recorded Statement?\",\"isPartOf\":{\"@id\":\"https:\\\/\\\/slamdunkattorney.com\\\/#website\"},\"primaryImageOfPage\":{\"@id\":\"https:\\\/\\\/slamdunkattorney.com\\\/faqs\\\/should-i-give-my-car-insurance-company-a-recorded-statement-after-an-accident\\\/#primaryimage\"},\"image\":{\"@id\":\"https:\\\/\\\/slamdunkattorney.com\\\/faqs\\\/should-i-give-my-car-insurance-company-a-recorded-statement-after-an-accident\\\/#primaryimage\"},\"thumbnailUrl\":\"https:\\\/\\\/slamdunkattorney.com\\\/wp-content\\\/uploads\\\/2025\\\/03\\\/should-i-give-my-car-insurance-company-a-recorded-statement-after-an-accident.jpg\",\"datePublished\":\"2025-03-04T12:44:58+00:00\",\"dateModified\":\"2025-03-04T12:45:47+00:00\",\"description\":\"Find out if you should give your car insurance company a recorded statement after an accident from the team at Slam Dunk Attorney.\",\"breadcrumb\":{\"@id\":\"https:\\\/\\\/slamdunkattorney.com\\\/faqs\\\/should-i-give-my-car-insurance-company-a-recorded-statement-after-an-accident\\\/#breadcrumb\"},\"inLanguage\":\"es\",\"potentialAction\":[{\"@type\":\"ReadAction\",\"target\":[\"https:\\\/\\\/slamdunkattorney.com\\\/faqs\\\/should-i-give-my-car-insurance-company-a-recorded-statement-after-an-accident\\\/\"]}]},{\"@type\":\"ImageObject\",\"inLanguage\":\"es\",\"@id\":\"https:\\\/\\\/slamdunkattorney.com\\\/faqs\\\/should-i-give-my-car-insurance-company-a-recorded-statement-after-an-accident\\\/#primaryimage\",\"url\":\"https:\\\/\\\/slamdunkattorney.com\\\/wp-content\\\/uploads\\\/2025\\\/03\\\/should-i-give-my-car-insurance-company-a-recorded-statement-after-an-accident.jpg\",\"contentUrl\":\"https:\\\/\\\/slamdunkattorney.com\\\/wp-content\\\/uploads\\\/2025\\\/03\\\/should-i-give-my-car-insurance-company-a-recorded-statement-after-an-accident.jpg\",\"width\":1000,\"height\":667,\"caption\":\"Two people in a T-bone car accident. The woman is calling her car insurance company to give a recorded statement.\"},{\"@type\":\"BreadcrumbList\",\"@id\":\"https:\\\/\\\/slamdunkattorney.com\\\/faqs\\\/should-i-give-my-car-insurance-company-a-recorded-statement-after-an-accident\\\/#breadcrumb\",\"itemListElement\":[{\"@type\":\"ListItem\",\"position\":1,\"name\":\"Home\",\"item\":\"https:\\\/\\\/slamdunkattorney.com\\\/\"},{\"@type\":\"ListItem\",\"position\":2,\"name\":\"FAQs\",\"item\":\"https:\\\/\\\/slamdunkattorney.com\\\/faqs\\\/\"},{\"@type\":\"ListItem\",\"position\":3,\"name\":\"Should I Give My Car Insurance Company a Recorded Statement After an Accident?\"}]},{\"@type\":\"WebSite\",\"@id\":\"https:\\\/\\\/slamdunkattorney.com\\\/#website\",\"url\":\"https:\\\/\\\/slamdunkattorney.com\\\/\",\"name\":\"Slam Dunk Attorney | Injury Lawyers\",\"description\":\"Duluth Personal Injury Lawyers\",\"publisher\":{\"@id\":\"https:\\\/\\\/slamdunkattorney.com\\\/#organization\"},\"alternateName\":\"Slam Dunk Attorney\",\"inLanguage\":\"es\"},{\"@type\":\"Organization\",\"@id\":\"https:\\\/\\\/slamdunkattorney.com\\\/#organization\",\"name\":\"Slam Dunk Attorney\",\"alternateName\":\"Slam Dunk\",\"url\":\"https:\\\/\\\/slamdunkattorney.com\\\/\",\"logo\":{\"@type\":\"ImageObject\",\"inLanguage\":\"es\",\"@id\":\"https:\\\/\\\/slamdunkattorney.com\\\/#\\\/schema\\\/logo\\\/image\\\/\",\"url\":\"https:\\\/\\\/slamdunkattorney.com\\\/wp-content\\\/uploads\\\/2023\\\/05\\\/cropped-Logo.png\",\"contentUrl\":\"https:\\\/\\\/slamdunkattorney.com\\\/wp-content\\\/uploads\\\/2023\\\/05\\\/cropped-Logo.png\",\"width\":1080,\"height\":240,\"caption\":\"Slam Dunk Attorney\"},\"image\":{\"@id\":\"https:\\\/\\\/slamdunkattorney.com\\\/#\\\/schema\\\/logo\\\/image\\\/\"},\"sameAs\":[\"https:\\\/\\\/www.facebook.com\\\/slamdunkattorneyinjurylawyers\\\/\",\"https:\\\/\\\/x.com\\\/slamdunkattorney\",\"https:\\\/\\\/www.instagram.com\\\/slamdunkattorney\\\/\",\"https:\\\/\\\/www.youtube.com\\\/channel\\\/UCSrOiC7vOjlCi3UgtIVGNtw\",\"https:\\\/\\\/www.linkedin.com\\\/company\\\/slamdunkattorneyinjurylawyers\"]}]}<\/script>\n<!-- \/ Yoast SEO plugin. -->","yoast_head_json":{"title":"Should I Give My Car Insurance Company a Recorded Statement?","description":"Find out if you should give your car insurance company a recorded statement after an accident from the team at Slam Dunk Attorney.","robots":{"index":"index","follow":"follow","max-snippet":"max-snippet:-1","max-image-preview":"max-image-preview:large","max-video-preview":"max-video-preview:-1"},"canonical":"https:\/\/slamdunkattorney.com\/es\/faqs\/should-i-give-my-car-insurance-company-a-recorded-statement-after-an-accident\/","og_locale":"es_MX","og_type":"article","og_title":"Should I Give My Car Insurance Company a Recorded Statement?","og_description":"Find out if you should give your car insurance company a recorded statement after an accident from the team at Slam Dunk Attorney.","og_url":"https:\/\/slamdunkattorney.com\/es\/faqs\/should-i-give-my-car-insurance-company-a-recorded-statement-after-an-accident\/","og_site_name":"Slam Dunk Attorney | Injury Lawyers","article_publisher":"https:\/\/www.facebook.com\/slamdunkattorneyinjurylawyers\/","article_modified_time":"2025-03-04T12:45:47+00:00","og_image":[{"width":1000,"height":667,"url":"https:\/\/slamdunkattorney.com\/wp-content\/uploads\/2025\/03\/should-i-give-my-car-insurance-company-a-recorded-statement-after-an-accident.jpg","type":"image\/jpeg"}],"twitter_card":"summary_large_image","twitter_site":"@slamdunkattorney","twitter_misc":{"Est. reading time":"5 minutos"},"schema":{"@context":"https:\/\/schema.org","@graph":[{"@type":"WebPage","@id":"https:\/\/slamdunkattorney.com\/faqs\/should-i-give-my-car-insurance-company-a-recorded-statement-after-an-accident\/","url":"https:\/\/slamdunkattorney.com\/faqs\/should-i-give-my-car-insurance-company-a-recorded-statement-after-an-accident\/","name":"Should I Give My Car Insurance Company a Recorded Statement?","isPartOf":{"@id":"https:\/\/slamdunkattorney.com\/#website"},"primaryImageOfPage":{"@id":"https:\/\/slamdunkattorney.com\/faqs\/should-i-give-my-car-insurance-company-a-recorded-statement-after-an-accident\/#primaryimage"},"image":{"@id":"https:\/\/slamdunkattorney.com\/faqs\/should-i-give-my-car-insurance-company-a-recorded-statement-after-an-accident\/#primaryimage"},"thumbnailUrl":"https:\/\/slamdunkattorney.com\/wp-content\/uploads\/2025\/03\/should-i-give-my-car-insurance-company-a-recorded-statement-after-an-accident.jpg","datePublished":"2025-03-04T12:44:58+00:00","dateModified":"2025-03-04T12:45:47+00:00","description":"Find out if you should give your car insurance company a recorded statement after an accident from the team at Slam Dunk Attorney.","breadcrumb":{"@id":"https:\/\/slamdunkattorney.com\/faqs\/should-i-give-my-car-insurance-company-a-recorded-statement-after-an-accident\/#breadcrumb"},"inLanguage":"es","potentialAction":[{"@type":"ReadAction","target":["https:\/\/slamdunkattorney.com\/faqs\/should-i-give-my-car-insurance-company-a-recorded-statement-after-an-accident\/"]}]},{"@type":"ImageObject","inLanguage":"es","@id":"https:\/\/slamdunkattorney.com\/faqs\/should-i-give-my-car-insurance-company-a-recorded-statement-after-an-accident\/#primaryimage","url":"https:\/\/slamdunkattorney.com\/wp-content\/uploads\/2025\/03\/should-i-give-my-car-insurance-company-a-recorded-statement-after-an-accident.jpg","contentUrl":"https:\/\/slamdunkattorney.com\/wp-content\/uploads\/2025\/03\/should-i-give-my-car-insurance-company-a-recorded-statement-after-an-accident.jpg","width":1000,"height":667,"caption":"Two people in a T-bone car accident. The woman is calling her car insurance company to give a recorded statement."},{"@type":"BreadcrumbList","@id":"https:\/\/slamdunkattorney.com\/faqs\/should-i-give-my-car-insurance-company-a-recorded-statement-after-an-accident\/#breadcrumb","itemListElement":[{"@type":"ListItem","position":1,"name":"Home","item":"https:\/\/slamdunkattorney.com\/"},{"@type":"ListItem","position":2,"name":"FAQs","item":"https:\/\/slamdunkattorney.com\/faqs\/"},{"@type":"ListItem","position":3,"name":"Should I Give My Car Insurance Company a Recorded Statement After an Accident?"}]},{"@type":"WebSite","@id":"https:\/\/slamdunkattorney.com\/#website","url":"https:\/\/slamdunkattorney.com\/","name":"Abogado experto en lesiones | Abogados especializados en lesiones","description":"Abogados de lesiones personales en Duluth","publisher":{"@id":"https:\/\/slamdunkattorney.com\/#organization"},"alternateName":"Slam Dunk Attorney","inLanguage":"es"},{"@type":"Organization","@id":"https:\/\/slamdunkattorney.com\/#organization","name":"Abogado Slam Dunk","alternateName":"Slam Dunk","url":"https:\/\/slamdunkattorney.com\/","logo":{"@type":"ImageObject","inLanguage":"es","@id":"https:\/\/slamdunkattorney.com\/#\/schema\/logo\/image\/","url":"https:\/\/slamdunkattorney.com\/wp-content\/uploads\/2023\/05\/cropped-Logo.png","contentUrl":"https:\/\/slamdunkattorney.com\/wp-content\/uploads\/2023\/05\/cropped-Logo.png","width":1080,"height":240,"caption":"Slam Dunk Attorney"},"image":{"@id":"https:\/\/slamdunkattorney.com\/#\/schema\/logo\/image\/"},"sameAs":["https:\/\/www.facebook.com\/slamdunkattorneyinjurylawyers\/","https:\/\/x.com\/slamdunkattorney","https:\/\/www.instagram.com\/slamdunkattorney\/","https:\/\/www.youtube.com\/channel\/UCSrOiC7vOjlCi3UgtIVGNtw","https:\/\/www.linkedin.com\/company\/slamdunkattorneyinjurylawyers"]}]}},"yoast_meta":{"yoast_wpseo_title":"","yoast_wpseo_metadesc":"","yoast_wpseo_canonical":"https:\/\/slamdunkattorney.com\/es\/wp-json\/wp\/v2\/pages\/17291"},"_links":{"self":[{"href":"https:\/\/slamdunkattorney.com\/es\/wp-json\/wp\/v2\/pages\/17291","targetHints":{"allow":["GET"]}}],"collection":[{"href":"https:\/\/slamdunkattorney.com\/es\/wp-json\/wp\/v2\/pages"}],"about":[{"href":"https:\/\/slamdunkattorney.com\/es\/wp-json\/wp\/v2\/types\/page"}],"author":[{"embeddable":true,"href":"https:\/\/slamdunkattorney.com\/es\/wp-json\/wp\/v2\/users\/2"}],"replies":[{"embeddable":true,"href":"https:\/\/slamdunkattorney.com\/es\/wp-json\/wp\/v2\/comments?post=17291"}],"version-history":[{"count":0,"href":"https:\/\/slamdunkattorney.com\/es\/wp-json\/wp\/v2\/pages\/17291\/revisions"}],"up":[{"embeddable":true,"href":"https:\/\/slamdunkattorney.com\/es\/wp-json\/wp\/v2\/pages\/5902"}],"wp:featuredmedia":[{"embeddable":true,"href":"https:\/\/slamdunkattorney.com\/es\/wp-json\/wp\/v2\/media\/17292"}],"wp:attachment":[{"href":"https:\/\/slamdunkattorney.com\/es\/wp-json\/wp\/v2\/media?parent=17291"}],"wp:term":[{"taxonomy":"extra-categories","embeddable":true,"href":"https:\/\/slamdunkattorney.com\/es\/wp-json\/wp\/v2\/extra-categories?post=17291"},{"taxonomy":"hc_faqs","embeddable":true,"href":"https:\/\/slamdunkattorney.com\/es\/wp-json\/wp\/v2\/hc_faqs?post=17291"}],"curies":[{"name":"wp","href":"https:\/\/api.w.org\/{rel}","templated":true}]}}