{"id":17289,"date":"2025-03-04T12:42:31","date_gmt":"2025-03-04T12:42:31","guid":{"rendered":"https:\/\/slamdunk.wpenginepowered.com\/?page_id=17289"},"modified":"2025-03-04T12:42:31","modified_gmt":"2025-03-04T12:42:31","slug":"can-more-than-one-party-be-liable-for-my-truck-accident","status":"publish","type":"page","link":"https:\/\/slamdunkattorney.com\/es\/faqs\/can-more-than-one-party-be-liable-for-my-truck-accident\/","title":{"rendered":"\u00bfPuede haber m\u00e1s de una parte responsable de mi accidente de cami\u00f3n?"},"content":{"rendered":"<p><span style=\"font-weight: 400;\">\u00bfPuede haber m\u00e1s de una parte responsable de un accidente de cami\u00f3n? Hay algunas circunstancias en las que<\/span><b> M\u00e1s de una parte puede ser responsable de su accidente de cami\u00f3n.\u00a0<\/b><\/p>\n<p><span style=\"font-weight: 400;\">Para determinar si hay varias personas responsables de su colisi\u00f3n, comun\u00edquese con nuestro equipo altamente calificado. <\/span><a href=\"https:\/\/slamdunkattorney.com\/es\/duluth\/truck-accident-lawyer\/\"><span style=\"font-weight: 400;\">Abogado especializado en accidentes de camiones en Duluth<\/span><\/a><span style=\"font-weight: 400;\"> hoy.<\/span><\/p>\n<h2><span style=\"font-weight: 400;\">Ejemplos de qui\u00e9n puede ser responsable de su accidente de cami\u00f3n<\/span><\/h2>\n<p><span style=\"font-weight: 400;\">Es posible que m\u00e1s de una parte sea responsable de las lesiones y p\u00e9rdidas que usted haya sufrido en el accidente de cami\u00f3n, y es su abogado especializado en accidentes de camiones quien debe averiguar qui\u00e9n es responsable y por qu\u00e9. A trav\u00e9s de la investigaci\u00f3n de su caso, su abogado le ayudar\u00e1 a reunir pruebas que demuestren qui\u00e9nes son las partes que podr\u00edan ser consideradas responsables de sus p\u00e9rdidas. Algunos ejemplos de partes responsables en accidentes de camiones son:<\/span><\/p>\n<ul>\n<li style=\"font-weight: 400;\" aria-level=\"1\"><b>El conductor del cami\u00f3n<\/b>:<span style=\"font-weight: 400;\"> El conductor al volante tiene cierta responsabilidad en muchas situaciones. Esto incluye si el conductor tiene un comportamiento imprudente, como exceso de velocidad, cambios de carril ilegales o seguir demasiado de cerca al veh\u00edculo de delante, as\u00ed como si el conductor est\u00e1 cansado, ebrio o infringe de cualquier otra forma las normas de tr\u00e1fico.<\/span><\/li>\n<li style=\"font-weight: 400;\" aria-level=\"1\"><b>Empresa de transporte por carretera<\/b>: <span style=\"font-weight: 400;\">La empresa de transporte es propietaria del cami\u00f3n. Puede ser responsable de las acciones del conductor del cami\u00f3n en situaciones en las que no se asegure de que este cumpla con todos los requisitos federales y estatales, o si no ha realizado el mantenimiento del cami\u00f3n y eso ha provocado el accidente. Adem\u00e1s, si una empresa obliga al conductor a trabajar m\u00e1s all\u00e1 de lo que es seguro, tambi\u00e9n podr\u00eda ser considerada responsable.<\/span><\/li>\n<li style=\"font-weight: 400;\" aria-level=\"1\"><b>Fabricante de veh\u00edculos<\/b>:<b> T<\/b><span style=\"font-weight: 400;\">El fabricante del veh\u00edculo, si existe alg\u00fan defecto de dise\u00f1o o de fabricaci\u00f3n que haya provocado el accidente, como neum\u00e1ticos defectuosos o un dise\u00f1o del cami\u00f3n que suponga un riesgo para la seguridad.<\/span><\/li>\n<li style=\"font-weight: 400;\" aria-level=\"1\"><b>T\u00e9cnicos<\/b>:<span style=\"font-weight: 400;\"> En algunos casos, los accidentes ocurren por razones que se pueden prevenir, como que el equipo de mantenimiento no haya completado una inspecci\u00f3n o no haya apretado bien las llantas. Los proveedores de mantenimiento podr\u00edan ser responsables de sus p\u00e9rdidas si esto caus\u00f3 el accidente.<\/span><\/li>\n<li style=\"font-weight: 400;\" aria-level=\"1\"><b>Empresas de transporte de mercanc\u00edas<\/b>: <span style=\"font-weight: 400;\">Muchas empresas de camiones utilizan empresas de carga externas para cargar sus remolques, a menudo incluso antes de que llegue el conductor. Si esto ocurre y la carga se suelta, provocando que el conductor pierda el control del veh\u00edculo, puede dar lugar a lesiones graves y accidentes.<\/span><\/li>\n<li style=\"font-weight: 400;\" aria-level=\"1\"><b>Gobiernos<\/b>:<span style=\"font-weight: 400;\"> Hay ocasiones en las que puede ser necesario responsabilizar al gobierno local o estatal por sus lesiones si su falta de mantenimiento de las carreteras, la falta de iluminaci\u00f3n, la se\u00f1alizaci\u00f3n deficiente u otras deficiencias causan directamente el accidente.<\/span><\/li>\n<li style=\"font-weight: 400;\" aria-level=\"1\"><span style=\"font-weight: 400;\">Otros conductores: Hay ocasiones en las que un conductor ajeno que circula con usted y el cami\u00f3n podr\u00eda provocar que este perdiera el control, como en un accidente en cadena. Ese conductor podr\u00eda ser considerado responsable.<\/span><\/li>\n<\/ul>\n<p><span style=\"font-weight: 400;\">En muchos casos, varias partes podr\u00edan ser responsables de un accidente de cami\u00f3n, como la empresa de transporte por no garantizar que el conductor del cami\u00f3n respete los descansos y el tiempo libre obligatorios, y el conductor del cami\u00f3n por no respetar dichos descansos.\u00a0<\/span><\/p>\n<p><span style=\"font-weight: 400;\">La empresa de transporte y los t\u00e9cnicos podr\u00edan ser responsables si ambos tuvieron algo que ver en tu accidente. Con la ayuda de tu <\/span><a href=\"https:\/\/slamdunkattorney.com\/es\/\"><span style=\"font-weight: 400;\">Abogado especializado en lesiones personales en Duluth<\/span><\/a><span style=\"font-weight: 400;\">, podr\u00e1 construir un caso s\u00f3lido que describa todas sus p\u00e9rdidas en todas las partes.<\/span><\/p>\n\n<div class=\"cta-container row align-items-center\">\n    <div class=\"col-md-7\">\n        <p class=\"cta-text rs-content-cta\">Orgullosos de servir a Duluth y a todo Georgia <span>\u00a1Cont\u00e1ctenos para comenzar su recuperaci\u00f3n!<\/span> <a href=\"https:\/\/slamdunkattorney.com\/es\/\">Explore nuestras \u00e1reas de pr\u00e1ctica<\/a><\/p>\n    <\/div>\n    <div class=\"col-md-5\">\n        <img decoding=\"async\" src=\"https:\/\/slamdunkattorney.com\/wp-content\/themes\/slam-dunk-rebuild\/assets\/app\/img\/map-cta.jpg\" alt=\"Legal Consultation\" class=\"img-fluid\"\/>\n    <\/div>\n<\/div><h2><span style=\"font-weight: 400;\">Los accidentes de camiones son asuntos legales complicados.<\/span><\/h2>\n<p><span style=\"font-weight: 400;\">En 2021, 222 personas fallecieron en accidentes de cami\u00f3n en Georgia, seg\u00fan el informe. <\/span><a href=\"https:\/\/www.gahighwaysafety.org\/wp-content\/uploads\/2023\/11\/2021-Large-Trucks-Georgia-Traffic-Safety-Facts.pdf\" target=\"_blank\" rel=\"noopener\"><span style=\"font-weight: 400;\">Camiones grandes: datos sobre seguridad vial en Georgia<\/span><\/a><span style=\"font-weight: 400;\">, seg\u00fan la Oficina de Seguridad Vial del Gobernador de Georgia. Miles de personas m\u00e1s sufrieron lesiones graves. Sin embargo, hay numerosos factores que pueden complicar estos casos, entre ellos el hecho de que m\u00e1s de una persona puede ser responsable de las p\u00e9rdidas sufridas en un accidente de cami\u00f3n.<\/span><\/p>\n<p><span style=\"font-weight: 400;\">Los camiones son veh\u00edculos pesados que transportan hasta <\/span><b>80 000 libras<\/b><span style=\"font-weight: 400;\"> con una fuerza enorme detr\u00e1s de ellos. Cuando chocan contra un autom\u00f3vil, una motocicleta o un peat\u00f3n, el potencial de lesiones graves es incre\u00edble. M\u00e1s a\u00fan, estos accidentes son complejos porque determinar la culpa puede ser m\u00e1s dif\u00edcil.<\/span><\/p>\n<p><span style=\"font-weight: 400;\">Los conductores de camiones y las empresas que los respaldan deben cumplir con leyes y regulaciones espec\u00edficas. Otras partes dentro de la industria del transporte por carretera tambi\u00e9n deben tomar todas las medidas posibles para garantizar la seguridad de sus veh\u00edculos. Cuando cualquiera de estas partes incumple con sus responsabilidades, podr\u00eda ser considerada responsable de las consecuencias que esos errores le causen a usted en un accidente.<\/span><\/p>\n<h2><span style=\"font-weight: 400;\">Lo que har\u00e1 un abogado para preparar su demanda por accidente de cami\u00f3n<\/span><\/h2>\n<p><span style=\"font-weight: 400;\">Con tantas partes potenciales que podr\u00edan ser responsables de un accidente de cami\u00f3n, puede resultar abrumador saber que toda la carga de la prueba recae sobre sus hombros. Eso significa que debe investigar todos los aspectos del accidente para averiguar qu\u00e9 sucedi\u00f3. Si bien muchos accidentes de camiones est\u00e1n sujetos a la supervisi\u00f3n federal o estatal, usted debe seguir el proceso de reclamaci\u00f3n con su abogado, quien puede ayudarle con lo siguiente:<\/span><\/p>\n<ul>\n<li style=\"font-weight: 400;\" aria-level=\"1\"><span style=\"font-weight: 400;\">Obtenci\u00f3n de pruebas de la caja negra del cami\u00f3n comercial que podr\u00edan arrojar luz sobre las causas del accidente.<\/span><\/li>\n<li style=\"font-weight: 400;\" aria-level=\"1\"><span style=\"font-weight: 400;\">Informes m\u00e9dicos que indiquen la intoxicaci\u00f3n del conductor.<\/span><\/li>\n<li style=\"font-weight: 400;\" aria-level=\"1\"><span style=\"font-weight: 400;\">Listas de mantenimiento que muestran fallos o inconsistencias.<\/span><\/li>\n<li style=\"font-weight: 400;\" aria-level=\"1\"><span style=\"font-weight: 400;\">Prueba en video que muestra que el cami\u00f3n perdi\u00f3 el control debido a la p\u00e9rdida de carga.<\/span><\/li>\n<li style=\"font-weight: 400;\" aria-level=\"1\"><span style=\"font-weight: 400;\">La reconstrucci\u00f3n del accidente se realiz\u00f3 con pruebas obtenidas en el lugar del accidente para demostrar lo que ocurri\u00f3.<\/span><\/li>\n<li style=\"font-weight: 400;\" aria-level=\"1\"><span style=\"font-weight: 400;\">Declaraciones de testigos dentro de cada una de estas organizaciones.<\/span><\/li>\n<li style=\"font-weight: 400;\" aria-level=\"1\"><span style=\"font-weight: 400;\">Reclamaciones presentadas por otras v\u00edctimas de accidentes de cami\u00f3n por fallos similares en el equipo.<\/span><\/li>\n<\/ul>\n<p><span style=\"font-weight: 400;\">Recopilar estos datos requiere una orientaci\u00f3n y unos conocimientos minuciosos, ya que hay muchos factores en juego, pero no tienes por qu\u00e9 hacerlo t\u00fa solo.\u00a0<\/span><\/p>\n<p><span style=\"font-weight: 400;\">Con la orientaci\u00f3n de su <\/span><a href=\"https:\/\/slamdunkattorney.com\/es\/duluth\/truck-accident-lawyer\/18-wheeler\/\"><span style=\"font-weight: 400;\">Abogado especializado en accidentes de camiones de 18 ruedas en Duluth<\/span><\/a><span style=\"font-weight: 400;\">, trabajar\u00e1 para reconstruir el accidente, buscando todos los factores que demuestren lo que tuvo que suceder para que usted sufriera las p\u00e9rdidas que ha sufrido. Esto le permite solicitar una indemnizaci\u00f3n a cualquier parte que pueda demostrar que tuvo algo que ver con su accidente.<\/span><\/p>\n\n<div class=\"cta-container row align-items-center\">\n    <div class=\"col-md-7\">\n        <p class=\"cta-text rs-content-cta\"><a class=\"no-btn\" href=\"https:\/\/slamdunkattorney.com\/es\/contact-us\/\">Haga clic para contactar<\/a> nuestros abogados especializados en lesiones personales hoy mismo<\/p>\n    <\/div>\n    <div class=\"col-md-5\">\n        <img decoding=\"async\" src=\"https:\/\/slamdunkattorney.com\/wp-content\/themes\/slam-dunk-rebuild\/assets\/app\/img\/map-cta.jpg\" alt=\"Contact Us\" class=\"img-fluid\"\/>\n    <\/div>\n<\/div><h2><span style=\"font-weight: 400;\">Deje que un abogado especializado en accidentes de camiones le gu\u00ede para obtener una indemnizaci\u00f3n justa.<\/span><\/h2>\n<p><span style=\"font-weight: 400;\">Puede responsabilizar a tantas personas como desee por su accidente si puede demostrar su participaci\u00f3n en el proceso. Al trabajar con el equipo legal de Slam Dunk Attorney, nuestro equipo aporta los recursos necesarios para descubrir la verdad.\u00a0<\/span><\/p>\n<p><b>Solicite hoy mismo una consulta gratuita.<\/b><span style=\"font-weight: 400;\"> para obtener m\u00e1s informaci\u00f3n sobre c\u00f3mo m\u00e1s de una parte puede ser responsable de su accidente de cami\u00f3n.<\/span><\/p>\n\n<div class=\"cta-container row align-items-center\">\n    <div class=\"col-md-7\">\n        <p class=\"cta-text rs-content-cta\">Llame o env\u00ede un mensaje de texto <a class=\"no-btn\" href=\"tel:+14049513513\">404-951-3513<\/a> o completar un <a href=\"https:\/\/slamdunkattorney.com\/es\/contact-us\/\">Formulario de evaluaci\u00f3n gratuita de su caso<\/a><\/p>\n    <\/div>\n    <div class=\"col-md-5\">\n        <img decoding=\"async\" src=\"https:\/\/slamdunkattorney.com\/wp-content\/themes\/slam-dunk-rebuild\/assets\/app\/img\/map-cta.jpg\" alt=\"Call or Text\" class=\"img-fluid\"\/>\n    <\/div>\n<\/div>","protected":false},"excerpt":{"rendered":"<p>Can more than one party be liable for a truck accident? There are some circumstances where more than one party may be liable for your truck accident.\u00a0 To determine if there are multiple people at fault for your collision, contact our highly skilled Duluth truck accident lawyer today. Examples of Who May Be Responsible for &#8230;<\/p>","protected":false},"author":2,"featured_media":17290,"parent":5902,"menu_order":0,"comment_status":"closed","ping_status":"closed","template":"","meta":{"_acf_changed":false,"_genesis_hide_title":false,"_genesis_hide_breadcrumbs":false,"_genesis_hide_singular_image":false,"_genesis_hide_footer_widgets":false,"_genesis_custom_body_class":"","_genesis_custom_post_class":"","_genesis_layout":"","ngg_post_thumbnail":0,"footnotes":""},"extra-categories":[],"hc_faqs":[55],"class_list":{"0":"post-17289","1":"page","2":"type-page","3":"status-publish","4":"has-post-thumbnail","6":"hc_faqs-truck-accident","7":"entry"},"acf":[],"yoast_head":"<!-- This site is optimized with the Yoast SEO plugin v27.4 - https:\/\/yoast.com\/product\/yoast-seo-wordpress\/ -->\n<title>Can More Than One Party Be Liable for a Truck Accident?<\/title>\n<meta name=\"description\" content=\"Find out if more than one party can be liable for a truck accident from the dedicated truck accident lawyers at Slam Dunk Attorney.\" \/>\n<meta name=\"robots\" content=\"index, follow, max-snippet:-1, max-image-preview:large, max-video-preview:-1\" \/>\n<link rel=\"canonical\" href=\"https:\/\/slamdunkattorney.com\/es\/faqs\/can-more-than-one-party-be-liable-for-my-truck-accident\/\" \/>\n<meta property=\"og:locale\" content=\"es_MX\" \/>\n<meta property=\"og:type\" content=\"article\" \/>\n<meta property=\"og:title\" content=\"Can More Than One Party Be Liable for a Truck Accident?\" \/>\n<meta property=\"og:description\" content=\"Find out if more than one party can be liable for a truck accident from the dedicated truck accident lawyers at Slam Dunk Attorney.\" \/>\n<meta property=\"og:url\" content=\"https:\/\/slamdunkattorney.com\/es\/faqs\/can-more-than-one-party-be-liable-for-my-truck-accident\/\" \/>\n<meta property=\"og:site_name\" content=\"Slam Dunk Attorney | Injury Lawyers\" \/>\n<meta property=\"article:publisher\" content=\"https:\/\/www.facebook.com\/slamdunkattorneyinjurylawyers\/\" \/>\n<meta property=\"og:image\" content=\"https:\/\/slamdunkattorney.com\/wp-content\/uploads\/2025\/03\/can-more-than-one-party-be-liable-for-my-truck-accident.jpg\" \/>\n\t<meta property=\"og:image:width\" content=\"1000\" \/>\n\t<meta property=\"og:image:height\" content=\"667\" \/>\n\t<meta property=\"og:image:type\" content=\"image\/jpeg\" \/>\n<meta name=\"twitter:card\" content=\"summary_large_image\" \/>\n<meta name=\"twitter:site\" content=\"@slamdunkattorney\" \/>\n<meta name=\"twitter:label1\" content=\"Est. reading time\" \/>\n\t<meta name=\"twitter:data1\" content=\"5 minutos\" \/>\n<script type=\"application\/ld+json\" class=\"yoast-schema-graph\">{\"@context\":\"https:\\\/\\\/schema.org\",\"@graph\":[{\"@type\":\"WebPage\",\"@id\":\"https:\\\/\\\/slamdunkattorney.com\\\/faqs\\\/can-more-than-one-party-be-liable-for-my-truck-accident\\\/\",\"url\":\"https:\\\/\\\/slamdunkattorney.com\\\/faqs\\\/can-more-than-one-party-be-liable-for-my-truck-accident\\\/\",\"name\":\"Can More Than One Party Be Liable for a Truck Accident?\",\"isPartOf\":{\"@id\":\"https:\\\/\\\/slamdunkattorney.com\\\/#website\"},\"primaryImageOfPage\":{\"@id\":\"https:\\\/\\\/slamdunkattorney.com\\\/faqs\\\/can-more-than-one-party-be-liable-for-my-truck-accident\\\/#primaryimage\"},\"image\":{\"@id\":\"https:\\\/\\\/slamdunkattorney.com\\\/faqs\\\/can-more-than-one-party-be-liable-for-my-truck-accident\\\/#primaryimage\"},\"thumbnailUrl\":\"https:\\\/\\\/slamdunkattorney.com\\\/wp-content\\\/uploads\\\/2025\\\/03\\\/can-more-than-one-party-be-liable-for-my-truck-accident.jpg\",\"datePublished\":\"2025-03-04T12:42:31+00:00\",\"description\":\"Find out if more than one party can be liable for a truck accident from the dedicated truck accident lawyers at Slam Dunk Attorney.\",\"breadcrumb\":{\"@id\":\"https:\\\/\\\/slamdunkattorney.com\\\/faqs\\\/can-more-than-one-party-be-liable-for-my-truck-accident\\\/#breadcrumb\"},\"inLanguage\":\"es\",\"potentialAction\":[{\"@type\":\"ReadAction\",\"target\":[\"https:\\\/\\\/slamdunkattorney.com\\\/faqs\\\/can-more-than-one-party-be-liable-for-my-truck-accident\\\/\"]}]},{\"@type\":\"ImageObject\",\"inLanguage\":\"es\",\"@id\":\"https:\\\/\\\/slamdunkattorney.com\\\/faqs\\\/can-more-than-one-party-be-liable-for-my-truck-accident\\\/#primaryimage\",\"url\":\"https:\\\/\\\/slamdunkattorney.com\\\/wp-content\\\/uploads\\\/2025\\\/03\\\/can-more-than-one-party-be-liable-for-my-truck-accident.jpg\",\"contentUrl\":\"https:\\\/\\\/slamdunkattorney.com\\\/wp-content\\\/uploads\\\/2025\\\/03\\\/can-more-than-one-party-be-liable-for-my-truck-accident.jpg\",\"width\":1000,\"height\":667,\"caption\":\"A line of trucks at a truck stop. Can more than one party be liable for my truck accident?\"},{\"@type\":\"BreadcrumbList\",\"@id\":\"https:\\\/\\\/slamdunkattorney.com\\\/faqs\\\/can-more-than-one-party-be-liable-for-my-truck-accident\\\/#breadcrumb\",\"itemListElement\":[{\"@type\":\"ListItem\",\"position\":1,\"name\":\"Home\",\"item\":\"https:\\\/\\\/slamdunkattorney.com\\\/\"},{\"@type\":\"ListItem\",\"position\":2,\"name\":\"FAQs\",\"item\":\"https:\\\/\\\/slamdunkattorney.com\\\/faqs\\\/\"},{\"@type\":\"ListItem\",\"position\":3,\"name\":\"Can More Than One Party Be Liable for My Truck Accident?\"}]},{\"@type\":\"WebSite\",\"@id\":\"https:\\\/\\\/slamdunkattorney.com\\\/#website\",\"url\":\"https:\\\/\\\/slamdunkattorney.com\\\/\",\"name\":\"Slam Dunk Attorney | Injury Lawyers\",\"description\":\"Duluth Personal Injury Lawyers\",\"publisher\":{\"@id\":\"https:\\\/\\\/slamdunkattorney.com\\\/#organization\"},\"alternateName\":\"Slam Dunk Attorney\",\"inLanguage\":\"es\"},{\"@type\":\"Organization\",\"@id\":\"https:\\\/\\\/slamdunkattorney.com\\\/#organization\",\"name\":\"Slam Dunk Attorney\",\"alternateName\":\"Slam Dunk\",\"url\":\"https:\\\/\\\/slamdunkattorney.com\\\/\",\"logo\":{\"@type\":\"ImageObject\",\"inLanguage\":\"es\",\"@id\":\"https:\\\/\\\/slamdunkattorney.com\\\/#\\\/schema\\\/logo\\\/image\\\/\",\"url\":\"https:\\\/\\\/slamdunkattorney.com\\\/wp-content\\\/uploads\\\/2023\\\/05\\\/cropped-Logo.png\",\"contentUrl\":\"https:\\\/\\\/slamdunkattorney.com\\\/wp-content\\\/uploads\\\/2023\\\/05\\\/cropped-Logo.png\",\"width\":1080,\"height\":240,\"caption\":\"Slam Dunk Attorney\"},\"image\":{\"@id\":\"https:\\\/\\\/slamdunkattorney.com\\\/#\\\/schema\\\/logo\\\/image\\\/\"},\"sameAs\":[\"https:\\\/\\\/www.facebook.com\\\/slamdunkattorneyinjurylawyers\\\/\",\"https:\\\/\\\/x.com\\\/slamdunkattorney\",\"https:\\\/\\\/www.instagram.com\\\/slamdunkattorney\\\/\",\"https:\\\/\\\/www.youtube.com\\\/channel\\\/UCSrOiC7vOjlCi3UgtIVGNtw\",\"https:\\\/\\\/www.linkedin.com\\\/company\\\/slamdunkattorneyinjurylawyers\"]}]}<\/script>\n<!-- \/ Yoast SEO plugin. -->","yoast_head_json":{"title":"Can More Than One Party Be Liable for a Truck Accident?","description":"Find out if more than one party can be liable for a truck accident from the dedicated truck accident lawyers at Slam Dunk Attorney.","robots":{"index":"index","follow":"follow","max-snippet":"max-snippet:-1","max-image-preview":"max-image-preview:large","max-video-preview":"max-video-preview:-1"},"canonical":"https:\/\/slamdunkattorney.com\/es\/faqs\/can-more-than-one-party-be-liable-for-my-truck-accident\/","og_locale":"es_MX","og_type":"article","og_title":"Can More Than One Party Be Liable for a Truck Accident?","og_description":"Find out if more than one party can be liable for a truck accident from the dedicated truck accident lawyers at Slam Dunk Attorney.","og_url":"https:\/\/slamdunkattorney.com\/es\/faqs\/can-more-than-one-party-be-liable-for-my-truck-accident\/","og_site_name":"Slam Dunk Attorney | Injury Lawyers","article_publisher":"https:\/\/www.facebook.com\/slamdunkattorneyinjurylawyers\/","og_image":[{"width":1000,"height":667,"url":"https:\/\/slamdunkattorney.com\/wp-content\/uploads\/2025\/03\/can-more-than-one-party-be-liable-for-my-truck-accident.jpg","type":"image\/jpeg"}],"twitter_card":"summary_large_image","twitter_site":"@slamdunkattorney","twitter_misc":{"Est. reading time":"5 minutos"},"schema":{"@context":"https:\/\/schema.org","@graph":[{"@type":"WebPage","@id":"https:\/\/slamdunkattorney.com\/faqs\/can-more-than-one-party-be-liable-for-my-truck-accident\/","url":"https:\/\/slamdunkattorney.com\/faqs\/can-more-than-one-party-be-liable-for-my-truck-accident\/","name":"Can More Than One Party Be Liable for a Truck Accident?","isPartOf":{"@id":"https:\/\/slamdunkattorney.com\/#website"},"primaryImageOfPage":{"@id":"https:\/\/slamdunkattorney.com\/faqs\/can-more-than-one-party-be-liable-for-my-truck-accident\/#primaryimage"},"image":{"@id":"https:\/\/slamdunkattorney.com\/faqs\/can-more-than-one-party-be-liable-for-my-truck-accident\/#primaryimage"},"thumbnailUrl":"https:\/\/slamdunkattorney.com\/wp-content\/uploads\/2025\/03\/can-more-than-one-party-be-liable-for-my-truck-accident.jpg","datePublished":"2025-03-04T12:42:31+00:00","description":"Find out if more than one party can be liable for a truck accident from the dedicated truck accident lawyers at Slam Dunk Attorney.","breadcrumb":{"@id":"https:\/\/slamdunkattorney.com\/faqs\/can-more-than-one-party-be-liable-for-my-truck-accident\/#breadcrumb"},"inLanguage":"es","potentialAction":[{"@type":"ReadAction","target":["https:\/\/slamdunkattorney.com\/faqs\/can-more-than-one-party-be-liable-for-my-truck-accident\/"]}]},{"@type":"ImageObject","inLanguage":"es","@id":"https:\/\/slamdunkattorney.com\/faqs\/can-more-than-one-party-be-liable-for-my-truck-accident\/#primaryimage","url":"https:\/\/slamdunkattorney.com\/wp-content\/uploads\/2025\/03\/can-more-than-one-party-be-liable-for-my-truck-accident.jpg","contentUrl":"https:\/\/slamdunkattorney.com\/wp-content\/uploads\/2025\/03\/can-more-than-one-party-be-liable-for-my-truck-accident.jpg","width":1000,"height":667,"caption":"A line of trucks at a truck stop. Can more than one party be liable for my truck accident?"},{"@type":"BreadcrumbList","@id":"https:\/\/slamdunkattorney.com\/faqs\/can-more-than-one-party-be-liable-for-my-truck-accident\/#breadcrumb","itemListElement":[{"@type":"ListItem","position":1,"name":"Home","item":"https:\/\/slamdunkattorney.com\/"},{"@type":"ListItem","position":2,"name":"FAQs","item":"https:\/\/slamdunkattorney.com\/faqs\/"},{"@type":"ListItem","position":3,"name":"Can More Than One Party Be Liable for My Truck Accident?"}]},{"@type":"WebSite","@id":"https:\/\/slamdunkattorney.com\/#website","url":"https:\/\/slamdunkattorney.com\/","name":"Abogado experto en lesiones | Abogados especializados en lesiones","description":"Abogados de lesiones personales en Duluth","publisher":{"@id":"https:\/\/slamdunkattorney.com\/#organization"},"alternateName":"Slam Dunk Attorney","inLanguage":"es"},{"@type":"Organization","@id":"https:\/\/slamdunkattorney.com\/#organization","name":"Abogado Slam Dunk","alternateName":"Slam Dunk","url":"https:\/\/slamdunkattorney.com\/","logo":{"@type":"ImageObject","inLanguage":"es","@id":"https:\/\/slamdunkattorney.com\/#\/schema\/logo\/image\/","url":"https:\/\/slamdunkattorney.com\/wp-content\/uploads\/2023\/05\/cropped-Logo.png","contentUrl":"https:\/\/slamdunkattorney.com\/wp-content\/uploads\/2023\/05\/cropped-Logo.png","width":1080,"height":240,"caption":"Slam Dunk Attorney"},"image":{"@id":"https:\/\/slamdunkattorney.com\/#\/schema\/logo\/image\/"},"sameAs":["https:\/\/www.facebook.com\/slamdunkattorneyinjurylawyers\/","https:\/\/x.com\/slamdunkattorney","https:\/\/www.instagram.com\/slamdunkattorney\/","https:\/\/www.youtube.com\/channel\/UCSrOiC7vOjlCi3UgtIVGNtw","https:\/\/www.linkedin.com\/company\/slamdunkattorneyinjurylawyers"]}]}},"yoast_meta":{"yoast_wpseo_title":"","yoast_wpseo_metadesc":"","yoast_wpseo_canonical":"https:\/\/slamdunkattorney.com\/es\/wp-json\/wp\/v2\/pages\/17289"},"_links":{"self":[{"href":"https:\/\/slamdunkattorney.com\/es\/wp-json\/wp\/v2\/pages\/17289","targetHints":{"allow":["GET"]}}],"collection":[{"href":"https:\/\/slamdunkattorney.com\/es\/wp-json\/wp\/v2\/pages"}],"about":[{"href":"https:\/\/slamdunkattorney.com\/es\/wp-json\/wp\/v2\/types\/page"}],"author":[{"embeddable":true,"href":"https:\/\/slamdunkattorney.com\/es\/wp-json\/wp\/v2\/users\/2"}],"replies":[{"embeddable":true,"href":"https:\/\/slamdunkattorney.com\/es\/wp-json\/wp\/v2\/comments?post=17289"}],"version-history":[{"count":0,"href":"https:\/\/slamdunkattorney.com\/es\/wp-json\/wp\/v2\/pages\/17289\/revisions"}],"up":[{"embeddable":true,"href":"https:\/\/slamdunkattorney.com\/es\/wp-json\/wp\/v2\/pages\/5902"}],"wp:featuredmedia":[{"embeddable":true,"href":"https:\/\/slamdunkattorney.com\/es\/wp-json\/wp\/v2\/media\/17290"}],"wp:attachment":[{"href":"https:\/\/slamdunkattorney.com\/es\/wp-json\/wp\/v2\/media?parent=17289"}],"wp:term":[{"taxonomy":"extra-categories","embeddable":true,"href":"https:\/\/slamdunkattorney.com\/es\/wp-json\/wp\/v2\/extra-categories?post=17289"},{"taxonomy":"hc_faqs","embeddable":true,"href":"https:\/\/slamdunkattorney.com\/es\/wp-json\/wp\/v2\/hc_faqs?post=17289"}],"curies":[{"name":"wp","href":"https:\/\/api.w.org\/{rel}","templated":true}]}}