{"id":17285,"date":"2025-03-04T12:37:46","date_gmt":"2025-03-04T12:37:46","guid":{"rendered":"https:\/\/slamdunk.wpenginepowered.com\/?page_id=17285"},"modified":"2025-03-04T12:37:46","modified_gmt":"2025-03-04T12:37:46","slug":"what-are-the-trucking-regulations-in-georgia","status":"publish","type":"page","link":"https:\/\/slamdunkattorney.com\/es\/faqs\/what-are-the-trucking-regulations-in-georgia\/","title":{"rendered":"\u00bfCu\u00e1les son las regulaciones para el transporte por carretera en Georgia?"},"content":{"rendered":"<p><span style=\"font-weight: 400;\">\u00bfCu\u00e1les son las regulaciones para el transporte por carretera en Georgia? Estas incluyen: <\/span><b>horas de servicio (HOS), peso del cami\u00f3n y regulaciones sobre la licencia de conducir.<\/b><\/p>\n<p><span style=\"font-weight: 400;\">A <\/span><a href=\"https:\/\/slamdunkattorney.com\/es\/duluth\/truck-accident-lawyer\/\"><span style=\"font-weight: 400;\">Abogado especializado en accidentes de camiones en Duluth<\/span><\/a><span style=\"font-weight: 400;\"> puede informarle sobre las regulaciones de transporte por carretera en Georgia y c\u00f3mo se aplican a su caso de lesiones personales.<\/span><\/p>\n<h2><span style=\"font-weight: 400;\">\u00bfCu\u00e1les son las regulaciones sobre horas de servicio para el transporte por carretera en Georgia?<\/span><\/h2>\n<p><span style=\"font-weight: 400;\">La Administraci\u00f3n Federal de Seguridad de Autotransportes (FMCSA) limita el n\u00famero de horas que un camionero puede conducir su veh\u00edculo de manera consecutiva. Lo hace a trav\u00e9s de las regulaciones HOS. Si un conductor de cami\u00f3n decide no cumplir con estas normas, es propenso a sufrir fatiga y agotamiento, lo que puede provocar accidentes.\u00a0<\/span><\/p>\n<p><span style=\"font-weight: 400;\">Un abogado especializado en accidentes de camiones en Duluth puede determinar si se infringieron las normas HOS durante su accidente de cami\u00f3n. Si es as\u00ed, su abogado podr\u00eda utilizar los datos de la caja negra del cami\u00f3n y los registros del camionero para demostrarlo. Las pruebas que usted presente podr\u00edan ayudarle a obtener una indemnizaci\u00f3n por da\u00f1os y perjuicios del conductor del cami\u00f3n o de su empleador.\u00a0<\/span><\/p>\n<p><span style=\"font-weight: 400;\">Slam Dunk Attorney es un bufete de abogados especializado en lesiones personales de Georgia con d\u00e9cadas de experiencia legal combinada en su personal. Podemos proporcionar informaci\u00f3n sobre los requisitos de HOS, junto con <\/span><a href=\"https:\/\/slamdunkattorney.com\/es\/faqs\/what-to-expect-when-you-are-in-a-trucking-accident-and-what-to-do-about-it\/\"><span style=\"font-weight: 400;\">Qu\u00e9 esperar cuando se sufre un accidente de cami\u00f3n y qu\u00e9 hacer al respecto.<\/span><\/a><span style=\"font-weight: 400;\">. Cont\u00e1ctenos para obtener m\u00e1s informaci\u00f3n.\u00a0<\/span><\/p>\n\n<div class=\"cta-container row align-items-center\">\n    <div class=\"col-md-7\">\n        <p class=\"cta-text rs-content-cta\">Orgullosos de servir a Duluth y a todo Georgia <span>\u00a1Cont\u00e1ctenos para comenzar su recuperaci\u00f3n!<\/span> <a href=\"https:\/\/slamdunkattorney.com\/es\/\">Explore nuestras \u00e1reas de pr\u00e1ctica<\/a><\/p>\n    <\/div>\n    <div class=\"col-md-5\">\n        <img decoding=\"async\" src=\"https:\/\/slamdunkattorney.com\/wp-content\/themes\/slam-dunk-rebuild\/assets\/app\/img\/map-cta.jpg\" alt=\"Legal Consultation\" class=\"img-fluid\"\/>\n    <\/div>\n<\/div><h2><span style=\"font-weight: 400;\">C\u00f3mo se relacionan las regulaciones de transporte por carretera en Georgia con el peso de los camiones<\/span><\/h2>\n<p><span style=\"font-weight: 400;\">La Administraci\u00f3n Federal de Carreteras del Departamento de Transporte de los Estados Unidos ha <\/span><a href=\"https:\/\/ops.fhwa.dot.gov\/freight\/policy\/rpt_congress\/truck_sw_laws\/app_a.htm\" target=\"_blank\" rel=\"noopener\"><span style=\"font-weight: 400;\">leyes estatales sobre l\u00edmites de tama\u00f1o y peso de los camiones<\/span><\/a><span style=\"font-weight: 400;\">. Ciertas regulaciones de transporte por carretera en Georgia relativas a <\/span><b>El peso excede los l\u00edmites federales.<\/b><span style=\"font-weight: 400;\"> Entre ellas se incluyen las siguientes:<\/span><\/p>\n<ul>\n<li style=\"font-weight: 400;\" aria-level=\"1\"><span style=\"font-weight: 400;\">Un peso m\u00e1ximo de 20,340 libras en un solo eje.<\/span><\/li>\n<li style=\"font-weight: 400;\" aria-level=\"1\"><span style=\"font-weight: 400;\">Un peso m\u00e1ximo de 40,680 libras en un eje t\u00e1ndem si un cami\u00f3n circula por una carretera no interestatal.<\/span><\/li>\n<li style=\"font-weight: 400;\" aria-level=\"1\"><span style=\"font-weight: 400;\">Un peso m\u00e1ximo de 61,020 libras en un eje tridem si un cami\u00f3n circula por una carretera no interestatal.<\/span><\/li>\n<\/ul>\n<p><span style=\"font-weight: 400;\">Un cami\u00f3n sobrecargado puede exceder el peso legalmente permitido en las carreteras de Georgia. El conductor del cami\u00f3n puede ser propenso a sufrir accidentes, ya que es posible que no pueda detener su veh\u00edculo con la suficiente rapidez o que este vuelque o d\u00e9 vueltas de campana. Se puede responsabilizar al camionero, a la empresa de transporte o a un tercero. <\/span><a href=\"https:\/\/slamdunkattorney.com\/es\/faqs\/who-is-liable-in-a-commercial-truck-accident\/\"><span style=\"font-weight: 400;\">responsable de un accidente de cami\u00f3n comercial<\/span><\/a><span style=\"font-weight: 400;\"> en el que el veh\u00edculo est\u00e1 sobrecargado.<\/span><\/p>\n<h2><span style=\"font-weight: 400;\">Lo que necesita saber sobre las normas relativas al permiso de conducir para camioneros en Georgia<\/span><\/h2>\n<p><span style=\"font-weight: 400;\">Hay <\/span><b>normativa sobre transporte por carretera en el estado de Georgia<\/b><span style=\"font-weight: 400;\"> para quienes quieran conducir un cami\u00f3n comercial. Debes obtener una licencia de conducir comercial (CDL) para manejar un cami\u00f3n grande. Los requisitos para obtener esta licencia incluyen:<\/span><\/p>\n<ul>\n<li style=\"font-weight: 400;\" aria-level=\"1\"><span style=\"font-weight: 400;\">Tener al menos 18 a\u00f1os de edad.<\/span><\/li>\n<li style=\"font-weight: 400;\" aria-level=\"1\"><span style=\"font-weight: 400;\">Tener una licencia de conducir v\u00e1lida de Georgia.<\/span><\/li>\n<li style=\"font-weight: 400;\" aria-level=\"1\"><span style=\"font-weight: 400;\">Mantener un permiso de aprendizaje comercial (CLP) de Georgia durante al menos 14 d\u00edas.<\/span><\/li>\n<li style=\"font-weight: 400;\" aria-level=\"1\"><span style=\"font-weight: 400;\">Aprobar un examen de visi\u00f3n y ex\u00e1menes escritos y pr\u00e1cticos.<\/span><\/li>\n<\/ul>\n<p><span style=\"font-weight: 400;\">Si una empresa de camiones permite que un camionero conduzca un veh\u00edculo sin una licencia v\u00e1lida, tanto la empresa como el conductor pueden ser responsables de un accidente. Un abogado especializado en accidentes de camiones puede explicarle qu\u00e9 puede hacer para solicitar una indemnizaci\u00f3n a las partes responsables tras un incidente de este tipo. Le pueden orientar sobre <\/span><a href=\"https:\/\/slamdunkattorney.com\/es\/faqs\/how-does-the-truck-accident-lawsuit-process-work\/\"><span style=\"font-weight: 400;\">C\u00f3mo funciona el proceso de demanda por accidente de cami\u00f3n<\/span><\/a><span style=\"font-weight: 400;\"> funciona y responde a las preguntas que tengas al respecto.\u00a0<\/span><\/p>\n\n<div class=\"cta-container row align-items-center\">\n    <div class=\"col-md-7\">\n        <p class=\"cta-text rs-content-cta\"><a class=\"no-btn\" href=\"https:\/\/slamdunkattorney.com\/es\/contact-us\/\">Haga clic para contactar<\/a> nuestros abogados especializados en lesiones personales hoy mismo<\/p>\n    <\/div>\n    <div class=\"col-md-5\">\n        <img decoding=\"async\" src=\"https:\/\/slamdunkattorney.com\/wp-content\/themes\/slam-dunk-rebuild\/assets\/app\/img\/map-cta.jpg\" alt=\"Contact Us\" class=\"img-fluid\"\/>\n    <\/div>\n<\/div><h2><span style=\"font-weight: 400;\">C\u00f3mo obtener una indemnizaci\u00f3n tras un accidente en el que se infringieron las normas de transporte por carretera de Georgia<\/span><\/h2>\n<p><span style=\"font-weight: 400;\">Busque ayuda legal lo antes posible tras un accidente en el que se hayan infringido las normas de transporte por carretera de Georgia. Un abogado especializado en lesiones personales con experiencia en casos similares.<\/span><b> puede ayudarle a solicitar una indemnizaci\u00f3n<\/b><span style=\"font-weight: 400;\"> en consonancia con <\/span><a href=\"https:\/\/slamdunkattorney.com\/es\/faqs\/what-is-the-statute-of-limitations-for-a-truck-accident-claim\/\"><span style=\"font-weight: 400;\">el plazo de prescripci\u00f3n para reclamar por un accidente de cami\u00f3n<\/span><\/a><span style=\"font-weight: 400;\">. Pueden proporcionarle consejos para ayudarle durante el proceso legal, tales como:<\/span><\/p>\n<h3><span style=\"font-weight: 400;\">Determine cu\u00e1nto vale su caso\u00a0<\/span><\/h3>\n<p><span style=\"font-weight: 400;\">Deje que un abogado especializado en accidentes de camiones se encargue de sus da\u00f1os econ\u00f3micos y no econ\u00f3micos. Le animar\u00e1 a solicitar una indemnizaci\u00f3n por sus gastos m\u00e9dicos, da\u00f1os y perjuicios, y otras p\u00e9rdidas. Su abogado puede ayudarle a obtener una indemnizaci\u00f3n justa.\u00a0<\/span><\/p>\n<h3><span style=\"font-weight: 400;\">Identificar a las partes responsables<\/span><\/h3>\n<p><span style=\"font-weight: 400;\">Cu\u00e9ntele a su abogado lo que pas\u00f3 en el accidente y qu\u00e9 lo provoc\u00f3. Su abogado puede identificar qui\u00e9n es el responsable del choque. Puede buscar formas de demostrar que una o m\u00e1s partes infringieron las normas de Georgia sobre camiones.\u00a0<\/span><\/p>\n<h3><span style=\"font-weight: 400;\">Recopilar pruebas<\/span><\/h3>\n<p><span style=\"font-weight: 400;\">Trabaje con su abogado para reunir pruebas que respalden su caso. Las declaraciones de los testigos, los datos del dispositivo de registro electr\u00f3nico (ELD) del cami\u00f3n y otras pruebas pueden ayudarle a demostrar la negligencia. Sus pruebas podr\u00edan obligar al juez o al jurado a concederle la m\u00e1xima indemnizaci\u00f3n por da\u00f1os y perjuicios.\u00a0<\/span><\/p>\n<h3><span style=\"font-weight: 400;\">No discuta su caso con la parte responsable ni con su aseguradora.<\/span><\/h3>\n<p><span style=\"font-weight: 400;\">Notifique a su abogado si la parte responsable o su compa\u00f1\u00eda de seguros se ponen en contacto con usted en relaci\u00f3n con su caso. Si esto ocurre, cualquiera de las partes podr\u00eda intentar que usted asuma la responsabilidad del accidente. Por otra parte, su abogado puede hablar sobre su caso y mantenerlo informado.\u00a0<\/span><\/p>\n<h3><span style=\"font-weight: 400;\">Cu\u00eddate<\/span><\/h3>\n<p><span style=\"font-weight: 400;\">Contin\u00fae recibiendo atenci\u00f3n m\u00e9dica si ha resultado lesionado en un accidente de cami\u00f3n. Siga las indicaciones de su m\u00e9dico e informe a su abogado sobre su estado de salud y bienestar. Puede utilizar sus facturas m\u00e9dicas como prueba contra la parte responsable.\u00a0<\/span><\/p>\n<h3><span style=\"font-weight: 400;\">Repare o reemplace su auto da\u00f1ado<\/span><\/h3>\n<p><span style=\"font-weight: 400;\">Lleve su auto a un mec\u00e1nico de confianza que pueda evaluar los da\u00f1os. Es posible que tenga que reparar o reemplazar su veh\u00edculo. Lleve un registro de los costos de reparaci\u00f3n o reemplazo de su auto, los gastos de alquiler y otros gastos relacionados con el accidente, ya que estos pueden fortalecer su caso.\u00a0<\/span><\/p>\n<h3><span style=\"font-weight: 400;\">No acepte un acuerdo por debajo del valor real<\/span><\/h3>\n<p><span style=\"font-weight: 400;\">Revise la oferta de acuerdo con su abogado. Recuerde que no est\u00e1 obligado a aceptar una propuesta de acuerdo. Si la oferta es inferior a lo que usted desea, puede rechazarla y continuar con el litigio.<\/span><\/p>\n<p><span style=\"font-weight: 400;\">El proceso legal puede resultar abrumador. Su abogado se centra en ayudarle a recuperarse del accidente de cami\u00f3n y de las lesiones sufridas durante este tiempo. A medida que avanza el proceso, su abogado se comunica y colabora con usted y se asegura de que est\u00e9 preparado para la fecha del juicio.\u00a0<\/span><\/p>\n\n<div class=\"cta-container map-bg row align-items-center flex-md-row-reverse\">\n    <div class=\"col-md-6\">\n        <p class=\"cta-text rs-content-cta\">Completa un <a href=\"https:\/\/slamdunkattorney.com\/es\/contact-us\/\">Formulario de evaluaci\u00f3n gratuita de su caso<\/a> ahora<\/p>\n    <\/div>\n    <div class=\"col-md-6 col-bg\">\n    <\/div>\n<\/div><h2><span style=\"font-weight: 400;\">Seleccione un abogado litigante que le ofrezca una gran oportunidad de recuperarse de su accidente de cami\u00f3n y sus lesiones.<\/span><\/h2>\n<p><span style=\"font-weight: 400;\">Slam Dunk Attorney comprende lo dif\u00edcil que puede resultar demostrar que alguien infringi\u00f3 <\/span><b>Requisitos para el transporte por carretera en Georgia<\/b><span style=\"font-weight: 400;\">.\u00a0<\/span><\/p>\n<p><span style=\"font-weight: 400;\">Podemos ponerle en contacto con un abogado litigante que le ayudar\u00e1 a demostrar que una de las partes infringi\u00f3 la normativa sobre camiones y debe rendir cuentas por su accidente y sus lesiones. Solicite una consulta sobre su caso con nosotros.<\/span><\/p>\n\n<div class=\"cta-container row align-items-center\">\n    <div class=\"col-md-7\">\n        <p class=\"cta-text rs-content-cta\">Llame o env\u00ede un mensaje de texto <a class=\"no-btn\" href=\"tel:+14049513513\">404-951-3513<\/a> o completar un <a href=\"https:\/\/slamdunkattorney.com\/es\/contact-us\/\">Formulario de evaluaci\u00f3n gratuita de su caso<\/a><\/p>\n    <\/div>\n    <div class=\"col-md-5\">\n        <img decoding=\"async\" src=\"https:\/\/slamdunkattorney.com\/wp-content\/themes\/slam-dunk-rebuild\/assets\/app\/img\/map-cta.jpg\" alt=\"Call or Text\" class=\"img-fluid\"\/>\n    <\/div>\n<\/div>","protected":false},"excerpt":{"rendered":"<p>What are the trucking regulations in Georgia? These include hours of service (HOS), truck weight, and driver&#8217;s license regulations. A Duluth truck accident lawyer can teach you about the trucking regulations in Georgia and how they apply to your personal injury case. What Hours of Service Trucking Regulations in Georgia are The Federal Motor Carrier &#8230;<\/p>","protected":false},"author":2,"featured_media":17286,"parent":5902,"menu_order":0,"comment_status":"closed","ping_status":"closed","template":"","meta":{"_acf_changed":false,"_genesis_hide_title":false,"_genesis_hide_breadcrumbs":false,"_genesis_hide_singular_image":false,"_genesis_hide_footer_widgets":false,"_genesis_custom_body_class":"","_genesis_custom_post_class":"","_genesis_layout":"","ngg_post_thumbnail":0,"footnotes":""},"extra-categories":[],"hc_faqs":[55],"class_list":{"0":"post-17285","1":"page","2":"type-page","3":"status-publish","4":"has-post-thumbnail","6":"hc_faqs-truck-accident","7":"entry"},"acf":[],"yoast_head":"<!-- This site is optimized with the Yoast SEO plugin v27.4 - https:\/\/yoast.com\/product\/yoast-seo-wordpress\/ -->\n<title>Trucking Regulations in Georgia | Slam Dunk Attorney<\/title>\n<meta name=\"description\" content=\"Find out what the trucking regulations in Georgia are from the dedicated truck accident lawyers at Slam Dunk Attorney. Call 24\/7.\" \/>\n<meta name=\"robots\" content=\"index, follow, max-snippet:-1, max-image-preview:large, max-video-preview:-1\" \/>\n<link rel=\"canonical\" href=\"https:\/\/slamdunkattorney.com\/es\/faqs\/what-are-the-trucking-regulations-in-georgia\/\" \/>\n<meta property=\"og:locale\" content=\"es_MX\" \/>\n<meta property=\"og:type\" content=\"article\" \/>\n<meta property=\"og:title\" content=\"Trucking Regulations in Georgia | Slam Dunk Attorney\" \/>\n<meta property=\"og:description\" content=\"Find out what the trucking regulations in Georgia are from the dedicated truck accident lawyers at Slam Dunk Attorney. Call 24\/7.\" \/>\n<meta property=\"og:url\" content=\"https:\/\/slamdunkattorney.com\/es\/faqs\/what-are-the-trucking-regulations-in-georgia\/\" \/>\n<meta property=\"og:site_name\" content=\"Slam Dunk Attorney | Injury Lawyers\" \/>\n<meta property=\"article:publisher\" content=\"https:\/\/www.facebook.com\/slamdunkattorneyinjurylawyers\/\" \/>\n<meta property=\"og:image\" content=\"https:\/\/slamdunkattorney.com\/wp-content\/uploads\/2025\/03\/what-are-the-trucking-regulations-in-georgia.jpg\" \/>\n\t<meta property=\"og:image:width\" content=\"1000\" \/>\n\t<meta property=\"og:image:height\" content=\"667\" \/>\n\t<meta property=\"og:image:type\" content=\"image\/jpeg\" \/>\n<meta name=\"twitter:card\" content=\"summary_large_image\" \/>\n<meta name=\"twitter:site\" content=\"@slamdunkattorney\" \/>\n<meta name=\"twitter:label1\" content=\"Est. reading time\" \/>\n\t<meta name=\"twitter:data1\" content=\"5 minutos\" \/>\n<script type=\"application\/ld+json\" class=\"yoast-schema-graph\">{\"@context\":\"https:\\\/\\\/schema.org\",\"@graph\":[{\"@type\":\"WebPage\",\"@id\":\"https:\\\/\\\/slamdunkattorney.com\\\/faqs\\\/what-are-the-trucking-regulations-in-georgia\\\/\",\"url\":\"https:\\\/\\\/slamdunkattorney.com\\\/faqs\\\/what-are-the-trucking-regulations-in-georgia\\\/\",\"name\":\"Trucking Regulations in Georgia | Slam Dunk Attorney\",\"isPartOf\":{\"@id\":\"https:\\\/\\\/slamdunkattorney.com\\\/#website\"},\"primaryImageOfPage\":{\"@id\":\"https:\\\/\\\/slamdunkattorney.com\\\/faqs\\\/what-are-the-trucking-regulations-in-georgia\\\/#primaryimage\"},\"image\":{\"@id\":\"https:\\\/\\\/slamdunkattorney.com\\\/faqs\\\/what-are-the-trucking-regulations-in-georgia\\\/#primaryimage\"},\"thumbnailUrl\":\"https:\\\/\\\/slamdunkattorney.com\\\/wp-content\\\/uploads\\\/2025\\\/03\\\/what-are-the-trucking-regulations-in-georgia.jpg\",\"datePublished\":\"2025-03-04T12:37:46+00:00\",\"description\":\"Find out what the trucking regulations in Georgia are from the dedicated truck accident lawyers at Slam Dunk Attorney. Call 24\\\/7.\",\"breadcrumb\":{\"@id\":\"https:\\\/\\\/slamdunkattorney.com\\\/faqs\\\/what-are-the-trucking-regulations-in-georgia\\\/#breadcrumb\"},\"inLanguage\":\"es\",\"potentialAction\":[{\"@type\":\"ReadAction\",\"target\":[\"https:\\\/\\\/slamdunkattorney.com\\\/faqs\\\/what-are-the-trucking-regulations-in-georgia\\\/\"]}]},{\"@type\":\"ImageObject\",\"inLanguage\":\"es\",\"@id\":\"https:\\\/\\\/slamdunkattorney.com\\\/faqs\\\/what-are-the-trucking-regulations-in-georgia\\\/#primaryimage\",\"url\":\"https:\\\/\\\/slamdunkattorney.com\\\/wp-content\\\/uploads\\\/2025\\\/03\\\/what-are-the-trucking-regulations-in-georgia.jpg\",\"contentUrl\":\"https:\\\/\\\/slamdunkattorney.com\\\/wp-content\\\/uploads\\\/2025\\\/03\\\/what-are-the-trucking-regulations-in-georgia.jpg\",\"width\":1000,\"height\":667,\"caption\":\"An inspector looking at trucks, making sure they follow the trucking regulations in Georgia.\"},{\"@type\":\"BreadcrumbList\",\"@id\":\"https:\\\/\\\/slamdunkattorney.com\\\/faqs\\\/what-are-the-trucking-regulations-in-georgia\\\/#breadcrumb\",\"itemListElement\":[{\"@type\":\"ListItem\",\"position\":1,\"name\":\"Home\",\"item\":\"https:\\\/\\\/slamdunkattorney.com\\\/\"},{\"@type\":\"ListItem\",\"position\":2,\"name\":\"FAQs\",\"item\":\"https:\\\/\\\/slamdunkattorney.com\\\/faqs\\\/\"},{\"@type\":\"ListItem\",\"position\":3,\"name\":\"What are the Trucking Regulations in Georgia?\"}]},{\"@type\":\"WebSite\",\"@id\":\"https:\\\/\\\/slamdunkattorney.com\\\/#website\",\"url\":\"https:\\\/\\\/slamdunkattorney.com\\\/\",\"name\":\"Slam Dunk Attorney | Injury Lawyers\",\"description\":\"Duluth Personal Injury Lawyers\",\"publisher\":{\"@id\":\"https:\\\/\\\/slamdunkattorney.com\\\/#organization\"},\"alternateName\":\"Slam Dunk Attorney\",\"inLanguage\":\"es\"},{\"@type\":\"Organization\",\"@id\":\"https:\\\/\\\/slamdunkattorney.com\\\/#organization\",\"name\":\"Slam Dunk Attorney\",\"alternateName\":\"Slam Dunk\",\"url\":\"https:\\\/\\\/slamdunkattorney.com\\\/\",\"logo\":{\"@type\":\"ImageObject\",\"inLanguage\":\"es\",\"@id\":\"https:\\\/\\\/slamdunkattorney.com\\\/#\\\/schema\\\/logo\\\/image\\\/\",\"url\":\"https:\\\/\\\/slamdunkattorney.com\\\/wp-content\\\/uploads\\\/2023\\\/05\\\/cropped-Logo.png\",\"contentUrl\":\"https:\\\/\\\/slamdunkattorney.com\\\/wp-content\\\/uploads\\\/2023\\\/05\\\/cropped-Logo.png\",\"width\":1080,\"height\":240,\"caption\":\"Slam Dunk Attorney\"},\"image\":{\"@id\":\"https:\\\/\\\/slamdunkattorney.com\\\/#\\\/schema\\\/logo\\\/image\\\/\"},\"sameAs\":[\"https:\\\/\\\/www.facebook.com\\\/slamdunkattorneyinjurylawyers\\\/\",\"https:\\\/\\\/x.com\\\/slamdunkattorney\",\"https:\\\/\\\/www.instagram.com\\\/slamdunkattorney\\\/\",\"https:\\\/\\\/www.youtube.com\\\/channel\\\/UCSrOiC7vOjlCi3UgtIVGNtw\",\"https:\\\/\\\/www.linkedin.com\\\/company\\\/slamdunkattorneyinjurylawyers\"]}]}<\/script>\n<!-- \/ Yoast SEO plugin. -->","yoast_head_json":{"title":"Trucking Regulations in Georgia | Slam Dunk Attorney","description":"Find out what the trucking regulations in Georgia are from the dedicated truck accident lawyers at Slam Dunk Attorney. Call 24\/7.","robots":{"index":"index","follow":"follow","max-snippet":"max-snippet:-1","max-image-preview":"max-image-preview:large","max-video-preview":"max-video-preview:-1"},"canonical":"https:\/\/slamdunkattorney.com\/es\/faqs\/what-are-the-trucking-regulations-in-georgia\/","og_locale":"es_MX","og_type":"article","og_title":"Trucking Regulations in Georgia | Slam Dunk Attorney","og_description":"Find out what the trucking regulations in Georgia are from the dedicated truck accident lawyers at Slam Dunk Attorney. Call 24\/7.","og_url":"https:\/\/slamdunkattorney.com\/es\/faqs\/what-are-the-trucking-regulations-in-georgia\/","og_site_name":"Slam Dunk Attorney | Injury Lawyers","article_publisher":"https:\/\/www.facebook.com\/slamdunkattorneyinjurylawyers\/","og_image":[{"width":1000,"height":667,"url":"https:\/\/slamdunkattorney.com\/wp-content\/uploads\/2025\/03\/what-are-the-trucking-regulations-in-georgia.jpg","type":"image\/jpeg"}],"twitter_card":"summary_large_image","twitter_site":"@slamdunkattorney","twitter_misc":{"Est. reading time":"5 minutos"},"schema":{"@context":"https:\/\/schema.org","@graph":[{"@type":"WebPage","@id":"https:\/\/slamdunkattorney.com\/faqs\/what-are-the-trucking-regulations-in-georgia\/","url":"https:\/\/slamdunkattorney.com\/faqs\/what-are-the-trucking-regulations-in-georgia\/","name":"Trucking Regulations in Georgia | Slam Dunk Attorney","isPartOf":{"@id":"https:\/\/slamdunkattorney.com\/#website"},"primaryImageOfPage":{"@id":"https:\/\/slamdunkattorney.com\/faqs\/what-are-the-trucking-regulations-in-georgia\/#primaryimage"},"image":{"@id":"https:\/\/slamdunkattorney.com\/faqs\/what-are-the-trucking-regulations-in-georgia\/#primaryimage"},"thumbnailUrl":"https:\/\/slamdunkattorney.com\/wp-content\/uploads\/2025\/03\/what-are-the-trucking-regulations-in-georgia.jpg","datePublished":"2025-03-04T12:37:46+00:00","description":"Find out what the trucking regulations in Georgia are from the dedicated truck accident lawyers at Slam Dunk Attorney. Call 24\/7.","breadcrumb":{"@id":"https:\/\/slamdunkattorney.com\/faqs\/what-are-the-trucking-regulations-in-georgia\/#breadcrumb"},"inLanguage":"es","potentialAction":[{"@type":"ReadAction","target":["https:\/\/slamdunkattorney.com\/faqs\/what-are-the-trucking-regulations-in-georgia\/"]}]},{"@type":"ImageObject","inLanguage":"es","@id":"https:\/\/slamdunkattorney.com\/faqs\/what-are-the-trucking-regulations-in-georgia\/#primaryimage","url":"https:\/\/slamdunkattorney.com\/wp-content\/uploads\/2025\/03\/what-are-the-trucking-regulations-in-georgia.jpg","contentUrl":"https:\/\/slamdunkattorney.com\/wp-content\/uploads\/2025\/03\/what-are-the-trucking-regulations-in-georgia.jpg","width":1000,"height":667,"caption":"An inspector looking at trucks, making sure they follow the trucking regulations in Georgia."},{"@type":"BreadcrumbList","@id":"https:\/\/slamdunkattorney.com\/faqs\/what-are-the-trucking-regulations-in-georgia\/#breadcrumb","itemListElement":[{"@type":"ListItem","position":1,"name":"Home","item":"https:\/\/slamdunkattorney.com\/"},{"@type":"ListItem","position":2,"name":"FAQs","item":"https:\/\/slamdunkattorney.com\/faqs\/"},{"@type":"ListItem","position":3,"name":"What are the Trucking Regulations in Georgia?"}]},{"@type":"WebSite","@id":"https:\/\/slamdunkattorney.com\/#website","url":"https:\/\/slamdunkattorney.com\/","name":"Abogado experto en lesiones | Abogados especializados en lesiones","description":"Abogados de lesiones personales en Duluth","publisher":{"@id":"https:\/\/slamdunkattorney.com\/#organization"},"alternateName":"Slam Dunk Attorney","inLanguage":"es"},{"@type":"Organization","@id":"https:\/\/slamdunkattorney.com\/#organization","name":"Abogado Slam Dunk","alternateName":"Slam Dunk","url":"https:\/\/slamdunkattorney.com\/","logo":{"@type":"ImageObject","inLanguage":"es","@id":"https:\/\/slamdunkattorney.com\/#\/schema\/logo\/image\/","url":"https:\/\/slamdunkattorney.com\/wp-content\/uploads\/2023\/05\/cropped-Logo.png","contentUrl":"https:\/\/slamdunkattorney.com\/wp-content\/uploads\/2023\/05\/cropped-Logo.png","width":1080,"height":240,"caption":"Slam Dunk Attorney"},"image":{"@id":"https:\/\/slamdunkattorney.com\/#\/schema\/logo\/image\/"},"sameAs":["https:\/\/www.facebook.com\/slamdunkattorneyinjurylawyers\/","https:\/\/x.com\/slamdunkattorney","https:\/\/www.instagram.com\/slamdunkattorney\/","https:\/\/www.youtube.com\/channel\/UCSrOiC7vOjlCi3UgtIVGNtw","https:\/\/www.linkedin.com\/company\/slamdunkattorneyinjurylawyers"]}]}},"yoast_meta":{"yoast_wpseo_title":"","yoast_wpseo_metadesc":"","yoast_wpseo_canonical":"https:\/\/slamdunkattorney.com\/es\/wp-json\/wp\/v2\/pages\/17285"},"_links":{"self":[{"href":"https:\/\/slamdunkattorney.com\/es\/wp-json\/wp\/v2\/pages\/17285","targetHints":{"allow":["GET"]}}],"collection":[{"href":"https:\/\/slamdunkattorney.com\/es\/wp-json\/wp\/v2\/pages"}],"about":[{"href":"https:\/\/slamdunkattorney.com\/es\/wp-json\/wp\/v2\/types\/page"}],"author":[{"embeddable":true,"href":"https:\/\/slamdunkattorney.com\/es\/wp-json\/wp\/v2\/users\/2"}],"replies":[{"embeddable":true,"href":"https:\/\/slamdunkattorney.com\/es\/wp-json\/wp\/v2\/comments?post=17285"}],"version-history":[{"count":0,"href":"https:\/\/slamdunkattorney.com\/es\/wp-json\/wp\/v2\/pages\/17285\/revisions"}],"up":[{"embeddable":true,"href":"https:\/\/slamdunkattorney.com\/es\/wp-json\/wp\/v2\/pages\/5902"}],"wp:featuredmedia":[{"embeddable":true,"href":"https:\/\/slamdunkattorney.com\/es\/wp-json\/wp\/v2\/media\/17286"}],"wp:attachment":[{"href":"https:\/\/slamdunkattorney.com\/es\/wp-json\/wp\/v2\/media?parent=17285"}],"wp:term":[{"taxonomy":"extra-categories","embeddable":true,"href":"https:\/\/slamdunkattorney.com\/es\/wp-json\/wp\/v2\/extra-categories?post=17285"},{"taxonomy":"hc_faqs","embeddable":true,"href":"https:\/\/slamdunkattorney.com\/es\/wp-json\/wp\/v2\/hc_faqs?post=17285"}],"curies":[{"name":"wp","href":"https:\/\/api.w.org\/{rel}","templated":true}]}}