{"id":17283,"date":"2025-03-04T12:16:56","date_gmt":"2025-03-04T12:16:56","guid":{"rendered":"https:\/\/slamdunk.wpenginepowered.com\/?page_id=17283"},"modified":"2025-10-22T14:19:30","modified_gmt":"2025-10-22T14:19:30","slug":"how-long-does-it-take-to-settle-a-pedestrian-accident","status":"publish","type":"page","link":"https:\/\/slamdunkattorney.com\/es\/faqs\/how-long-does-it-take-to-settle-a-pedestrian-accident\/","title":{"rendered":"\u00bfCu\u00e1nto tiempo se tarda en resolver un accidente de peatones?"},"content":{"rendered":"<p><span style=\"font-weight: 400;\">\u00bfCu\u00e1nto tiempo se tarda en resolver un accidente de peatones? El tiempo que se tarda en resolver un accidente de peatones. <\/span><b>depende de varios factores, entre ellos la gravedad del accidente y la extensi\u00f3n de las lesiones.<\/b><span style=\"font-weight: 400;\">, y la rapidez con la que la compa\u00f1\u00eda de seguros est\u00e1 dispuesta a ofrecer un acuerdo justo.\u00a0<\/span><\/p>\n<p><span style=\"font-weight: 400;\">Trabajar con un <\/span><a href=\"https:\/\/slamdunkattorney.com\/es\/duluth\/pedestrian-accident-lawyer\/\"><span style=\"font-weight: 400;\">Abogado especializado en accidentes de peatones en Duluth<\/span><\/a><span style=\"font-weight: 400;\"> puede ayudar a reducir el tiempo dedicado a minimizar los errores y animar a la compa\u00f1\u00eda de seguros a tomarte en serio.<\/span><\/p>\n<h2><span style=\"font-weight: 400;\">El proceso de liquidaci\u00f3n de accidentes de peatones<\/span><\/h2>\n<p><span style=\"font-weight: 400;\">Sabemos que cada caso de lesiones personales ser\u00e1 un poco diferente. Sin embargo, el proceso legal seguir\u00e1 el mismo formato general. <\/span><b>Los casos pueden sufrir retrasos.<\/b><span style=\"font-weight: 400;\"> en la resoluci\u00f3n de un accidente de peatones en diferentes puntos del proceso, pero se pueden esperar al menos tres etapas.\u00a0<\/span><\/p>\n<h3><span style=\"font-weight: 400;\">Investigaci\u00f3n<\/span><\/h3>\n<p><span style=\"font-weight: 400;\">La etapa de investigaci\u00f3n de su caso es la primera. Un abogado utilizar\u00e1 este tiempo para recopilar y revisar pruebas, como su <\/span><a href=\"https:\/\/www.duluthga.net\/services\/police\/services\/accident_incident_reports.php\" target=\"_blank\" rel=\"noopener\"><span style=\"font-weight: 400;\">informe de accidente\/incidente<\/span><\/a><span style=\"font-weight: 400;\">, fotos del accidente o registros m\u00e9dicos. Un abogado puede aconsejarle que complete el tratamiento de sus lesiones antes de iniciar las negociaciones para garantizar una comprensi\u00f3n completa del alcance y el costo.\u00a0<\/span><\/p>\n<h3><span style=\"font-weight: 400;\">Negociaciones<\/span><\/h3>\n<p><span style=\"font-weight: 400;\">Cuando ambas partes est\u00e1n conformes con las pruebas que tienen, el siguiente paso suele ser la negociaci\u00f3n. Un abogado con experiencia trabajar\u00e1 para preparar un caso listo para ir a juicio y lo presentar\u00e1 de manera que demuestre a la aseguradora que usted va en serio, lo que puede reducir el tiempo empleado. El tiempo dedicado a las negociaciones puede prolongar significativamente el tiempo que se tarda en resolver su reclamaci\u00f3n.\u00a0<\/span><\/p>\n<h3><span style=\"font-weight: 400;\">Juicio<\/span><\/h3>\n<p><span style=\"font-weight: 400;\">Si no est\u00e1 satisfecho con las ofertas de acuerdo de la compa\u00f1\u00eda de seguros, no tiene por qu\u00e9 aceptarlas. Sin embargo, es posible que desee analizar los riesgos de llevar su caso a juicio. Esto puede prolongar a\u00fan m\u00e1s la espera para recibir el pago, y corre el riesgo de quedarse sin nada si el juez no falla a su favor.\u00a0<\/span><\/p>\n\n<div class=\"cta-container row align-items-center\">\n    <div class=\"col-md-7\">\n        <p class=\"cta-text rs-content-cta\">Orgullosos de servir a Duluth y a todo Georgia <span>\u00a1Cont\u00e1ctenos para comenzar su recuperaci\u00f3n!<\/span> <a href=\"https:\/\/slamdunkattorney.com\/es\/\">Explore nuestras \u00e1reas de pr\u00e1ctica<\/a><\/p>\n    <\/div>\n    <div class=\"col-md-5\">\n        <img decoding=\"async\" src=\"https:\/\/slamdunkattorney.com\/wp-content\/themes\/slam-dunk-rebuild\/assets\/app\/img\/map-cta.jpg\" alt=\"Legal Consultation\" class=\"img-fluid\"\/>\n    <\/div>\n<\/div><h2><span style=\"font-weight: 400;\">Retrasos comunes en la resoluci\u00f3n de un caso de accidente de peatones<\/span><\/h2>\n<p><span style=\"font-weight: 400;\">Es posible que se produzcan retrasos en las etapas de investigaci\u00f3n y negociaci\u00f3n debido a la gravedad de sus lesiones, la cuant\u00eda de la indemnizaci\u00f3n que solicite y la solidez de su caso.\u00a0<\/span><\/p>\n<p><span style=\"font-weight: 400;\">La compa\u00f1\u00eda de seguros tiene el \u00fanico objetivo de ahorrar dinero a la empresa, lo que puede hacer que aumenten las <\/span><a href=\"https:\/\/slamdunkattorney.com\/es\/faqs\/when-will-i-get-my-personal-injury-settlement\/\"><span style=\"font-weight: 400;\">plazo previsto para la resoluci\u00f3n de su demanda por lesiones personales<\/span><\/a><span style=\"font-weight: 400;\">. Sin embargo, en la mayor\u00eda de los casos, las aseguradoras no quieren invertir tiempo ni dinero en correr riesgos en los tribunales y se inclinan por llegar a un acuerdo.\u00a0<\/span><\/p>\n<p><span style=\"font-weight: 400;\">Recopilar y revisar la documentaci\u00f3n puede llevar tiempo y afectar al tiempo que se tarda en resolver su accidente peatonal. Algunos registros no estar\u00e1n disponibles hasta dentro de una o dos semanas, mientras que otros pueden depender de citas concertadas con semanas o meses de antelaci\u00f3n. Una vez que reciba la documentaci\u00f3n, las otras partes tambi\u00e9n necesitar\u00e1n tiempo para revisarla, lo que aumentar\u00e1 a\u00fan m\u00e1s su espera.\u00a0\u00a0<\/span><\/p>\n<p><span style=\"font-weight: 400;\">Otros retrasos pueden incluir conflictos de agenda con los abogados, mediadores o tribunales. Si ha decidido llevar el caso a los tribunales, las partes pueden presentar mociones para desestimarlo o solicitar un juicio sumario, lo que puede retrasar las fechas. Adem\u00e1s, es posible que para la fecha fijada sea necesario que los testigos clave est\u00e9n disponibles para asistir.\u00a0<\/span><\/p>\n<h2><span style=\"font-weight: 400;\">M\u00e9todos para minimizar los retrasos en la resoluci\u00f3n de su accidente peatonal\u00a0<\/span><\/h2>\n<p><span style=\"font-weight: 400;\">Muchas partes del proceso legal est\u00e1n fuera de su control y del de la parte lesionada. Sin embargo, usted no est\u00e1 indefenso, y hay algunas cosas que puede hacer para apoyar los esfuerzos por reducir el tiempo que lleva resolver su accidente peatonal. Entre ellas se incluyen:<\/span><\/p>\n<ul>\n<li style=\"font-weight: 400;\" aria-level=\"1\"><span style=\"font-weight: 400;\">Hablar con un abogado de inmediato<\/span><\/li>\n<li style=\"font-weight: 400;\" aria-level=\"1\"><span style=\"font-weight: 400;\">Busque inmediatamente una evaluaci\u00f3n m\u00e9dica para establecer un registro de sus lesiones.<\/span><\/li>\n<li style=\"font-weight: 400;\" aria-level=\"1\"><span style=\"font-weight: 400;\">Toma fotos o videos de la escena como evidencia.<\/span><\/li>\n<li style=\"font-weight: 400;\" aria-level=\"1\"><span style=\"font-weight: 400;\">Aseg\u00farese de que su documentaci\u00f3n est\u00e9 correcta, incluyendo su nombre, direcci\u00f3n, informaci\u00f3n m\u00e9dica y cualquier otra informaci\u00f3n que figure en el informe policial, los registros m\u00e9dicos u otras pruebas.<\/span><\/li>\n<\/ul>\n<p><span style=\"font-weight: 400;\">Estos pasos pueden establecer un punto de partida s\u00f3lido despu\u00e9s de su accidente y reducir la capacidad de la compa\u00f1\u00eda de seguros para cuestionar sus lesiones. Proporcionar documentaci\u00f3n precisa r\u00e1pidamente puede ahorrarle semanas o meses de idas y venidas. <\/span><b>Los hechos bien establecidos pueden ser de gran ayuda para que su caso siga adelante.<\/b><\/p>\n\n<div class=\"cta-container row align-items-center\">\n    <div class=\"col-md-7\">\n        <p class=\"cta-text rs-content-cta\"><a class=\"no-btn\" href=\"https:\/\/slamdunkattorney.com\/es\/contact-us\/\">Haga clic para contactar<\/a> nuestros abogados especializados en lesiones personales hoy mismo<\/p>\n    <\/div>\n    <div class=\"col-md-5\">\n        <img decoding=\"async\" src=\"https:\/\/slamdunkattorney.com\/wp-content\/themes\/slam-dunk-rebuild\/assets\/app\/img\/map-cta.jpg\" alt=\"Contact Us\" class=\"img-fluid\"\/>\n    <\/div>\n<\/div><h2><span style=\"font-weight: 400;\">Consideraciones cr\u00edticas sobre el tiempo en su accidente peatonal<\/span><\/h2>\n<p><span style=\"font-weight: 400;\">El proceso descrito anteriormente puede tardar semanas, meses o a\u00f1os en completarse, pero hay algunos plazos cr\u00edticos que debe tener en cuenta mientras decide c\u00f3mo gestionar la indemnizaci\u00f3n por su accidente peatonal. Entre estas consideraciones se encuentran: <\/span><span style=\"font-weight: 400;\">C\u00f3digo de Georgia \u00a7 9-3-33<\/span><span style=\"font-weight: 400;\">, que establece que tienes dos a\u00f1os para presentar una demanda por lesiones personales.<\/span><\/p>\n<p><span style=\"font-weight: 400;\">Dos a\u00f1os pueden parecer mucho tiempo, pero teniendo en cuenta que la mayor\u00eda de los casos comienzan con una negociaci\u00f3n y no con una demanda, este tiempo se percibe como mucho m\u00e1s corto. Solo la investigaci\u00f3n y las negociaciones pueden llevar entre 12 y 24 meses. Si retrasa varios meses el contacto con un abogado, puede perder un tiempo valioso y la ventaja para obtener la indemnizaci\u00f3n que se merece.\u00a0<\/span><\/p>\n<p><span style=\"font-weight: 400;\">Aunque un abogado con experiencia puede ayudarle en cualquier momento de su caso, cuanto m\u00e1s espere para obtener asistencia legal, menos oportunidades tendr\u00e1 de ayudarle. A<\/span>\u00a0<a href=\"https:\/\/slamdunkattorney.com\/es\/blog\/importance-of-personal-injury-lawyer-consultation\/\"><span style=\"font-weight: 400;\">consulta con un abogado especializado en lesiones personales<\/span><\/a><span style=\"font-weight: 400;\"> Es importante porque cuantos m\u00e1s encuentros tengas con la compa\u00f1\u00eda de seguros sin apoyo, m\u00e1s vulnerable te vuelves a perjudicar accidentalmente tu caso. Cada interacci\u00f3n que tienen contigo es, al menos en parte, un intento de desacreditar tu caso.\u00a0\u00a0<\/span><\/p>\n\n<div class=\"cta-container map-bg row align-items-center flex-md-row-reverse\">\n    <div class=\"col-md-6\">\n        <p class=\"cta-text rs-content-cta\">Completa un <a href=\"https:\/\/slamdunkattorney.com\/es\/contact-us\/\">Formulario de evaluaci\u00f3n gratuita de su caso<\/a> ahora<\/p>\n    <\/div>\n    <div class=\"col-md-6 col-bg\">\n    <\/div>\n<\/div><h2><span style=\"font-weight: 400;\">Ay\u00fadese a resolver su caso m\u00e1s r\u00e1pido<\/span><\/h2>\n<p><span style=\"font-weight: 400;\">Recuperarse de una lesi\u00f3n como peat\u00f3n puede ser agotador, y luchar por su caso solo puede hacerlo a\u00fan m\u00e1s dif\u00edcil. Navegar por los sistemas judiciales de Georgia, ya sea Gwinnett, Fulton o Cobb, puede ser agotador, y aprender sobre la marcha puede prolongar significativamente el tiempo que lleva resolver un accidente de peatones.\u00a0<\/span><\/p>\n<p><span style=\"font-weight: 400;\">El abogado Slam Dunk puede estar preparado para ayudarle a resolver su caso con menos retrasos. Nuestro equipo es dedicado y experimentado, y nuestra filosof\u00eda se basa en la transparencia con nuestros clientes. <\/span><b>Ll\u00e1menos hoy mismo para programar una consulta gratuita sobre su caso.<\/b><span style=\"font-weight: 400;\"> y analizar sus opciones de recuperaci\u00f3n.\u00a0<\/span><\/p>\n\n<div class=\"cta-container row align-items-center\">\n    <div class=\"col-md-7\">\n        <p class=\"cta-text rs-content-cta\">Llame o env\u00ede un mensaje de texto <a class=\"no-btn\" href=\"tel:+14049513513\">404-951-3513<\/a> o completar un <a href=\"https:\/\/slamdunkattorney.com\/es\/contact-us\/\">Formulario de evaluaci\u00f3n gratuita de su caso<\/a><\/p>\n    <\/div>\n    <div class=\"col-md-5\">\n        <img decoding=\"async\" src=\"https:\/\/slamdunkattorney.com\/wp-content\/themes\/slam-dunk-rebuild\/assets\/app\/img\/map-cta.jpg\" alt=\"Call or Text\" class=\"img-fluid\"\/>\n    <\/div>\n<\/div>","protected":false},"excerpt":{"rendered":"<p>How long does it take to settle a pedestrian accident? The time it takes to settle a pedestrian accident depends on several factors, including the severity of the accident, the extent of injuries, and how quickly the insurance company is willing to offer a fair settlement.\u00a0 Working with a Duluth pedestrian accident lawyer may help &#8230;<\/p>","protected":false},"author":2,"featured_media":17284,"parent":5902,"menu_order":0,"comment_status":"closed","ping_status":"closed","template":"","meta":{"_acf_changed":false,"_genesis_hide_title":false,"_genesis_hide_breadcrumbs":false,"_genesis_hide_singular_image":false,"_genesis_hide_footer_widgets":false,"_genesis_custom_body_class":"","_genesis_custom_post_class":"","_genesis_layout":"","ngg_post_thumbnail":0,"footnotes":""},"extra-categories":[],"hc_faqs":[40],"class_list":{"0":"post-17283","1":"page","2":"type-page","3":"status-publish","4":"has-post-thumbnail","6":"hc_faqs-personal-injury","7":"entry"},"acf":[],"yoast_head":"<!-- This site is optimized with the Yoast SEO plugin v27.4 - https:\/\/yoast.com\/product\/yoast-seo-wordpress\/ -->\n<title>How Long it Takes to Settle a Pedestrian Accident<\/title>\n<meta name=\"description\" content=\"Find out how long it takes to settle a pedestrian accident claim from the personal injury lawyers at Slam Dunk Attorney. Call 24\/7.\" \/>\n<meta name=\"robots\" content=\"index, follow, max-snippet:-1, max-image-preview:large, max-video-preview:-1\" \/>\n<link rel=\"canonical\" href=\"https:\/\/slamdunkattorney.com\/es\/faqs\/how-long-does-it-take-to-settle-a-pedestrian-accident\/\" \/>\n<meta property=\"og:locale\" content=\"es_MX\" \/>\n<meta property=\"og:type\" content=\"article\" \/>\n<meta property=\"og:title\" content=\"How Long it Takes to Settle a Pedestrian Accident\" \/>\n<meta property=\"og:description\" content=\"Find out how long it takes to settle a pedestrian accident claim from the personal injury lawyers at Slam Dunk Attorney. Call 24\/7.\" \/>\n<meta property=\"og:url\" content=\"https:\/\/slamdunkattorney.com\/es\/faqs\/how-long-does-it-take-to-settle-a-pedestrian-accident\/\" \/>\n<meta property=\"og:site_name\" content=\"Slam Dunk Attorney | Injury Lawyers\" \/>\n<meta property=\"article:publisher\" content=\"https:\/\/www.facebook.com\/slamdunkattorneyinjurylawyers\/\" \/>\n<meta property=\"article:modified_time\" content=\"2025-10-22T14:19:30+00:00\" \/>\n<meta property=\"og:image\" content=\"https:\/\/slamdunkattorney.com\/wp-content\/uploads\/2025\/03\/how-long-does-it-take-to-settle-a-pedestrian-accident.jpg\" \/>\n\t<meta property=\"og:image:width\" content=\"1000\" \/>\n\t<meta property=\"og:image:height\" content=\"667\" \/>\n\t<meta property=\"og:image:type\" content=\"image\/jpeg\" \/>\n<meta name=\"twitter:card\" content=\"summary_large_image\" \/>\n<meta name=\"twitter:site\" content=\"@slamdunkattorney\" \/>\n<meta name=\"twitter:label1\" content=\"Est. reading time\" \/>\n\t<meta name=\"twitter:data1\" content=\"5 minutos\" \/>\n<script type=\"application\/ld+json\" class=\"yoast-schema-graph\">{\"@context\":\"https:\\\/\\\/schema.org\",\"@graph\":[{\"@type\":\"WebPage\",\"@id\":\"https:\\\/\\\/slamdunkattorney.com\\\/faqs\\\/how-long-does-it-take-to-settle-a-pedestrian-accident\\\/\",\"url\":\"https:\\\/\\\/slamdunkattorney.com\\\/faqs\\\/how-long-does-it-take-to-settle-a-pedestrian-accident\\\/\",\"name\":\"How Long it Takes to Settle a Pedestrian Accident\",\"isPartOf\":{\"@id\":\"https:\\\/\\\/slamdunkattorney.com\\\/#website\"},\"primaryImageOfPage\":{\"@id\":\"https:\\\/\\\/slamdunkattorney.com\\\/faqs\\\/how-long-does-it-take-to-settle-a-pedestrian-accident\\\/#primaryimage\"},\"image\":{\"@id\":\"https:\\\/\\\/slamdunkattorney.com\\\/faqs\\\/how-long-does-it-take-to-settle-a-pedestrian-accident\\\/#primaryimage\"},\"thumbnailUrl\":\"https:\\\/\\\/slamdunkattorney.com\\\/wp-content\\\/uploads\\\/2025\\\/03\\\/how-long-does-it-take-to-settle-a-pedestrian-accident.jpg\",\"datePublished\":\"2025-03-04T12:16:56+00:00\",\"dateModified\":\"2025-10-22T14:19:30+00:00\",\"description\":\"Find out how long it takes to settle a pedestrian accident claim from the personal injury lawyers at Slam Dunk Attorney. Call 24\\\/7.\",\"breadcrumb\":{\"@id\":\"https:\\\/\\\/slamdunkattorney.com\\\/faqs\\\/how-long-does-it-take-to-settle-a-pedestrian-accident\\\/#breadcrumb\"},\"inLanguage\":\"es\",\"potentialAction\":[{\"@type\":\"ReadAction\",\"target\":[\"https:\\\/\\\/slamdunkattorney.com\\\/faqs\\\/how-long-does-it-take-to-settle-a-pedestrian-accident\\\/\"]}]},{\"@type\":\"ImageObject\",\"inLanguage\":\"es\",\"@id\":\"https:\\\/\\\/slamdunkattorney.com\\\/faqs\\\/how-long-does-it-take-to-settle-a-pedestrian-accident\\\/#primaryimage\",\"url\":\"https:\\\/\\\/slamdunkattorney.com\\\/wp-content\\\/uploads\\\/2025\\\/03\\\/how-long-does-it-take-to-settle-a-pedestrian-accident.jpg\",\"contentUrl\":\"https:\\\/\\\/slamdunkattorney.com\\\/wp-content\\\/uploads\\\/2025\\\/03\\\/how-long-does-it-take-to-settle-a-pedestrian-accident.jpg\",\"width\":1000,\"height\":667,\"caption\":\"An injured pedestrian being helped up after a pedestrian accident.\"},{\"@type\":\"BreadcrumbList\",\"@id\":\"https:\\\/\\\/slamdunkattorney.com\\\/faqs\\\/how-long-does-it-take-to-settle-a-pedestrian-accident\\\/#breadcrumb\",\"itemListElement\":[{\"@type\":\"ListItem\",\"position\":1,\"name\":\"Home\",\"item\":\"https:\\\/\\\/slamdunkattorney.com\\\/\"},{\"@type\":\"ListItem\",\"position\":2,\"name\":\"FAQs\",\"item\":\"https:\\\/\\\/slamdunkattorney.com\\\/faqs\\\/\"},{\"@type\":\"ListItem\",\"position\":3,\"name\":\"How Long Does it Take to Settle a Pedestrian Accident?\"}]},{\"@type\":\"WebSite\",\"@id\":\"https:\\\/\\\/slamdunkattorney.com\\\/#website\",\"url\":\"https:\\\/\\\/slamdunkattorney.com\\\/\",\"name\":\"Slam Dunk Attorney | Injury Lawyers\",\"description\":\"Duluth Personal Injury Lawyers\",\"publisher\":{\"@id\":\"https:\\\/\\\/slamdunkattorney.com\\\/#organization\"},\"alternateName\":\"Slam Dunk Attorney\",\"inLanguage\":\"es\"},{\"@type\":\"Organization\",\"@id\":\"https:\\\/\\\/slamdunkattorney.com\\\/#organization\",\"name\":\"Slam Dunk Attorney\",\"alternateName\":\"Slam Dunk\",\"url\":\"https:\\\/\\\/slamdunkattorney.com\\\/\",\"logo\":{\"@type\":\"ImageObject\",\"inLanguage\":\"es\",\"@id\":\"https:\\\/\\\/slamdunkattorney.com\\\/#\\\/schema\\\/logo\\\/image\\\/\",\"url\":\"https:\\\/\\\/slamdunkattorney.com\\\/wp-content\\\/uploads\\\/2023\\\/05\\\/cropped-Logo.png\",\"contentUrl\":\"https:\\\/\\\/slamdunkattorney.com\\\/wp-content\\\/uploads\\\/2023\\\/05\\\/cropped-Logo.png\",\"width\":1080,\"height\":240,\"caption\":\"Slam Dunk Attorney\"},\"image\":{\"@id\":\"https:\\\/\\\/slamdunkattorney.com\\\/#\\\/schema\\\/logo\\\/image\\\/\"},\"sameAs\":[\"https:\\\/\\\/www.facebook.com\\\/slamdunkattorneyinjurylawyers\\\/\",\"https:\\\/\\\/x.com\\\/slamdunkattorney\",\"https:\\\/\\\/www.instagram.com\\\/slamdunkattorney\\\/\",\"https:\\\/\\\/www.youtube.com\\\/channel\\\/UCSrOiC7vOjlCi3UgtIVGNtw\",\"https:\\\/\\\/www.linkedin.com\\\/company\\\/slamdunkattorneyinjurylawyers\"]}]}<\/script>\n<!-- \/ Yoast SEO plugin. -->","yoast_head_json":{"title":"How Long it Takes to Settle a Pedestrian Accident","description":"Find out how long it takes to settle a pedestrian accident claim from the personal injury lawyers at Slam Dunk Attorney. Call 24\/7.","robots":{"index":"index","follow":"follow","max-snippet":"max-snippet:-1","max-image-preview":"max-image-preview:large","max-video-preview":"max-video-preview:-1"},"canonical":"https:\/\/slamdunkattorney.com\/es\/faqs\/how-long-does-it-take-to-settle-a-pedestrian-accident\/","og_locale":"es_MX","og_type":"article","og_title":"How Long it Takes to Settle a Pedestrian Accident","og_description":"Find out how long it takes to settle a pedestrian accident claim from the personal injury lawyers at Slam Dunk Attorney. Call 24\/7.","og_url":"https:\/\/slamdunkattorney.com\/es\/faqs\/how-long-does-it-take-to-settle-a-pedestrian-accident\/","og_site_name":"Slam Dunk Attorney | Injury Lawyers","article_publisher":"https:\/\/www.facebook.com\/slamdunkattorneyinjurylawyers\/","article_modified_time":"2025-10-22T14:19:30+00:00","og_image":[{"width":1000,"height":667,"url":"https:\/\/slamdunkattorney.com\/wp-content\/uploads\/2025\/03\/how-long-does-it-take-to-settle-a-pedestrian-accident.jpg","type":"image\/jpeg"}],"twitter_card":"summary_large_image","twitter_site":"@slamdunkattorney","twitter_misc":{"Est. reading time":"5 minutos"},"schema":{"@context":"https:\/\/schema.org","@graph":[{"@type":"WebPage","@id":"https:\/\/slamdunkattorney.com\/faqs\/how-long-does-it-take-to-settle-a-pedestrian-accident\/","url":"https:\/\/slamdunkattorney.com\/faqs\/how-long-does-it-take-to-settle-a-pedestrian-accident\/","name":"How Long it Takes to Settle a Pedestrian Accident","isPartOf":{"@id":"https:\/\/slamdunkattorney.com\/#website"},"primaryImageOfPage":{"@id":"https:\/\/slamdunkattorney.com\/faqs\/how-long-does-it-take-to-settle-a-pedestrian-accident\/#primaryimage"},"image":{"@id":"https:\/\/slamdunkattorney.com\/faqs\/how-long-does-it-take-to-settle-a-pedestrian-accident\/#primaryimage"},"thumbnailUrl":"https:\/\/slamdunkattorney.com\/wp-content\/uploads\/2025\/03\/how-long-does-it-take-to-settle-a-pedestrian-accident.jpg","datePublished":"2025-03-04T12:16:56+00:00","dateModified":"2025-10-22T14:19:30+00:00","description":"Find out how long it takes to settle a pedestrian accident claim from the personal injury lawyers at Slam Dunk Attorney. Call 24\/7.","breadcrumb":{"@id":"https:\/\/slamdunkattorney.com\/faqs\/how-long-does-it-take-to-settle-a-pedestrian-accident\/#breadcrumb"},"inLanguage":"es","potentialAction":[{"@type":"ReadAction","target":["https:\/\/slamdunkattorney.com\/faqs\/how-long-does-it-take-to-settle-a-pedestrian-accident\/"]}]},{"@type":"ImageObject","inLanguage":"es","@id":"https:\/\/slamdunkattorney.com\/faqs\/how-long-does-it-take-to-settle-a-pedestrian-accident\/#primaryimage","url":"https:\/\/slamdunkattorney.com\/wp-content\/uploads\/2025\/03\/how-long-does-it-take-to-settle-a-pedestrian-accident.jpg","contentUrl":"https:\/\/slamdunkattorney.com\/wp-content\/uploads\/2025\/03\/how-long-does-it-take-to-settle-a-pedestrian-accident.jpg","width":1000,"height":667,"caption":"An injured pedestrian being helped up after a pedestrian accident."},{"@type":"BreadcrumbList","@id":"https:\/\/slamdunkattorney.com\/faqs\/how-long-does-it-take-to-settle-a-pedestrian-accident\/#breadcrumb","itemListElement":[{"@type":"ListItem","position":1,"name":"Home","item":"https:\/\/slamdunkattorney.com\/"},{"@type":"ListItem","position":2,"name":"FAQs","item":"https:\/\/slamdunkattorney.com\/faqs\/"},{"@type":"ListItem","position":3,"name":"How Long Does it Take to Settle a Pedestrian Accident?"}]},{"@type":"WebSite","@id":"https:\/\/slamdunkattorney.com\/#website","url":"https:\/\/slamdunkattorney.com\/","name":"Abogado experto en lesiones | Abogados especializados en lesiones","description":"Abogados de lesiones personales en Duluth","publisher":{"@id":"https:\/\/slamdunkattorney.com\/#organization"},"alternateName":"Slam Dunk Attorney","inLanguage":"es"},{"@type":"Organization","@id":"https:\/\/slamdunkattorney.com\/#organization","name":"Abogado Slam Dunk","alternateName":"Slam Dunk","url":"https:\/\/slamdunkattorney.com\/","logo":{"@type":"ImageObject","inLanguage":"es","@id":"https:\/\/slamdunkattorney.com\/#\/schema\/logo\/image\/","url":"https:\/\/slamdunkattorney.com\/wp-content\/uploads\/2023\/05\/cropped-Logo.png","contentUrl":"https:\/\/slamdunkattorney.com\/wp-content\/uploads\/2023\/05\/cropped-Logo.png","width":1080,"height":240,"caption":"Slam Dunk Attorney"},"image":{"@id":"https:\/\/slamdunkattorney.com\/#\/schema\/logo\/image\/"},"sameAs":["https:\/\/www.facebook.com\/slamdunkattorneyinjurylawyers\/","https:\/\/x.com\/slamdunkattorney","https:\/\/www.instagram.com\/slamdunkattorney\/","https:\/\/www.youtube.com\/channel\/UCSrOiC7vOjlCi3UgtIVGNtw","https:\/\/www.linkedin.com\/company\/slamdunkattorneyinjurylawyers"]}]}},"yoast_meta":{"yoast_wpseo_title":"","yoast_wpseo_metadesc":"","yoast_wpseo_canonical":"https:\/\/slamdunkattorney.com\/es\/wp-json\/wp\/v2\/pages\/17283"},"_links":{"self":[{"href":"https:\/\/slamdunkattorney.com\/es\/wp-json\/wp\/v2\/pages\/17283","targetHints":{"allow":["GET"]}}],"collection":[{"href":"https:\/\/slamdunkattorney.com\/es\/wp-json\/wp\/v2\/pages"}],"about":[{"href":"https:\/\/slamdunkattorney.com\/es\/wp-json\/wp\/v2\/types\/page"}],"author":[{"embeddable":true,"href":"https:\/\/slamdunkattorney.com\/es\/wp-json\/wp\/v2\/users\/2"}],"replies":[{"embeddable":true,"href":"https:\/\/slamdunkattorney.com\/es\/wp-json\/wp\/v2\/comments?post=17283"}],"version-history":[{"count":0,"href":"https:\/\/slamdunkattorney.com\/es\/wp-json\/wp\/v2\/pages\/17283\/revisions"}],"up":[{"embeddable":true,"href":"https:\/\/slamdunkattorney.com\/es\/wp-json\/wp\/v2\/pages\/5902"}],"wp:featuredmedia":[{"embeddable":true,"href":"https:\/\/slamdunkattorney.com\/es\/wp-json\/wp\/v2\/media\/17284"}],"wp:attachment":[{"href":"https:\/\/slamdunkattorney.com\/es\/wp-json\/wp\/v2\/media?parent=17283"}],"wp:term":[{"taxonomy":"extra-categories","embeddable":true,"href":"https:\/\/slamdunkattorney.com\/es\/wp-json\/wp\/v2\/extra-categories?post=17283"},{"taxonomy":"hc_faqs","embeddable":true,"href":"https:\/\/slamdunkattorney.com\/es\/wp-json\/wp\/v2\/hc_faqs?post=17283"}],"curies":[{"name":"wp","href":"https:\/\/api.w.org\/{rel}","templated":true}]}}