{"id":17281,"date":"2025-03-04T12:14:22","date_gmt":"2025-03-04T12:14:22","guid":{"rendered":"https:\/\/slamdunk.wpenginepowered.com\/?page_id=17281"},"modified":"2025-10-22T14:20:18","modified_gmt":"2025-10-22T14:20:18","slug":"what-to-do-if-you-suspect-nursing-home-neglect","status":"publish","type":"page","link":"https:\/\/slamdunkattorney.com\/es\/faqs\/what-to-do-if-you-suspect-nursing-home-neglect\/","title":{"rendered":"Qu\u00e9 hacer si sospecha que hay negligencia en un asilo de ancianos"},"content":{"rendered":"<p><span style=\"font-weight: 400;\">Decidir qu\u00e9 hacer si sospechas que hay negligencia en un asilo implica varias consideraciones, pero es importante<\/span><b> Denuncie la sospecha de negligencia y documente los signos o s\u00edntomas.\u00a0<\/b><\/p>\n<p><span style=\"font-weight: 400;\">Tambi\u00e9n es fundamental ponerse en contacto con un <\/span><a href=\"https:\/\/slamdunkattorney.com\/es\/duluth\/nursing-home-abuse-lawyer\/\"><span style=\"font-weight: 400;\">Abogado especializado en abusos en residencias de ancianos en Duluth<\/span><\/a><span style=\"font-weight: 400;\"> para ayudar a proteger a su ser querido de m\u00e1s abusos. Su denuncia y su responsabilidad tambi\u00e9n pueden evitar que otras personas sufran abusos. <\/span><\/p>\n<h2><span style=\"font-weight: 400;\">Cuando un ser querido se queja del trato que recibe en la residencia de ancianos<\/span><\/h2>\n<p><span style=\"font-weight: 400;\">Puede resultar abrumador evaluar si su ser querido est\u00e1 recibiendo la atenci\u00f3n adecuada, especialmente si tiene quejas sobre sus experiencias. Dependiendo del estado mental de su ser querido, es posible que se sienta inclinado a ignorar las quejas como malentendidos o exageraciones. Sin embargo, es fundamental tomar estas quejas en serio.\u00a0<\/span><\/p>\n<p><span style=\"font-weight: 400;\">Puede optar por hablar con la direcci\u00f3n del centro, ya sea con el director o con el trabajador social, para que le ayuden a evaluar la situaci\u00f3n. A veces, su ser querido puede decir algo alarmante como \u2018no me dejan ba\u00f1arme\u2019, y cuando lo comenta con el centro, resulta que se trataba de un problema puntual de personal que les oblig\u00f3 a esperar a que alguien les ayudara a ba\u00f1arse. Aunque un peque\u00f1o retraso es molesto y probablemente le resulte molesto a su ser querido, no es lo mismo que el personal no le permita ba\u00f1arse durante varios d\u00edas seguidos.\u00a0<\/span><\/p>\n<p><span style=\"font-weight: 400;\">Si bien es \u00fatil abordar las inquietudes y quejas con cierto grado de comprensi\u00f3n al principio, tambi\u00e9n es importante defender a su ser querido si el problema no se resuelve. Es posible que el descuido no sea evidente al principio, lo que le haga dudar de sus sospechas de negligencia en el asilo. Sin embargo, si ha planteado sus inquietudes a la direcci\u00f3n sin obtener una soluci\u00f3n, considere la posibilidad de presentar una denuncia o hablar con un abogado.<\/span><\/p>\n\n<div class=\"cta-container row align-items-center\">\n    <div class=\"col-md-7\">\n        <p class=\"cta-text rs-content-cta\">Orgullosos de servir a Duluth y a todo Georgia <span>\u00a1Cont\u00e1ctenos para comenzar su recuperaci\u00f3n!<\/span> <a href=\"https:\/\/slamdunkattorney.com\/es\/\">Explore nuestras \u00e1reas de pr\u00e1ctica<\/a><\/p>\n    <\/div>\n    <div class=\"col-md-5\">\n        <img decoding=\"async\" src=\"https:\/\/slamdunkattorney.com\/wp-content\/themes\/slam-dunk-rebuild\/assets\/app\/img\/map-cta.jpg\" alt=\"Legal Consultation\" class=\"img-fluid\"\/>\n    <\/div>\n<\/div><h2><span style=\"font-weight: 400;\">Se\u00f1ales de negligencia o abuso en residencias de ancianos<\/span><\/h2>\n<p><span style=\"font-weight: 400;\">En Georgia, los centros de enfermer\u00eda deben proporcionar la atenci\u00f3n y el apoyo adecuados a sus residentes. Georgia <\/span><a href=\"https:\/\/rules.sos.state.ga.us\/gac\/111-8-56\" target=\"_blank\" rel=\"noopener\"><span style=\"font-weight: 400;\">Normas y reglamentos 111-8-56<\/span><\/a><span style=\"font-weight: 400;\"> exigir a las residencias de ancianos que presten servicios m\u00e9dicos, nutricionales, f\u00edsicos y sociales\/emocionales adecuados. Cuando esto no ocurre, pueden ser objeto de denuncias por negligencia, y el <\/span><span style=\"font-weight: 400;\">Instituto Nacional sobre el Envejecimiento<\/span><span style=\"font-weight: 400;\"> comparte que los indicadores de esto incluyen:<\/span><\/p>\n<ul>\n<li style=\"font-weight: 400;\" aria-level=\"1\"><span style=\"font-weight: 400;\">Enfermedades prevenibles o exacerbaciones innecesarias, como un resfriado no tratado que provoca neumon\u00eda.<\/span><\/li>\n<li style=\"font-weight: 400;\" aria-level=\"1\"><span style=\"font-weight: 400;\">\u00dalceras por presi\u00f3n\u00a0<\/span><\/li>\n<li style=\"font-weight: 400;\" aria-level=\"1\"><span style=\"font-weight: 400;\">Mala higiene<\/span><\/li>\n<li style=\"font-weight: 400;\" aria-level=\"1\"><span style=\"font-weight: 400;\">P\u00e9rdida de peso<\/span><\/li>\n<li style=\"font-weight: 400;\" aria-level=\"1\"><span style=\"font-weight: 400;\">Depresi\u00f3n<\/span><\/li>\n<\/ul>\n<p><span style=\"font-weight: 400;\">Todos estos pueden ser indicadores de un trato deficiente o negligente. Algunas afecciones, como la depresi\u00f3n o la p\u00e9rdida de peso, pueden formar parte de la atenci\u00f3n normal, y si el centro est\u00e1 colaborando con su ser querido y con usted o su representante, puede que no haya motivo de preocupaci\u00f3n. Sin embargo, si no le han comunicado estos problemas y no hay ning\u00fan plan para gestionarlos o resolverlos, suele ser indicio de que hay un problema.\u00a0<\/span><\/p>\n<h2><span style=\"font-weight: 400;\">C\u00f3mo abordar sus inquietudes sobre la negligencia en los asilos<\/span><\/h2>\n<p><span style=\"font-weight: 400;\">Una vez que <\/span><b>sospecha de negligencia en un asilo de ancianos <\/b><span style=\"font-weight: 400;\">En lo que respecta al cuidado de su ser querido, el siguiente paso para obtener ayuda es denunciar el abuso. Muchas familias piensan que lo siguiente es llamar a la polic\u00eda y, aunque esta puede iniciar el proceso adecuado, a menudo no es necesario. Sin embargo, Georgia tiene un <\/span><a href=\"https:\/\/georgia.gov\/organization\/division-aging-services\" target=\"_blank\" rel=\"noopener\"><span style=\"font-weight: 400;\">Divisi\u00f3n de Servicios para Personas Mayores<\/span><\/a><span style=\"font-weight: 400;\"> que supervisa el bienestar de los adultos vulnerables y su trato en los centros de cuidados.\u00a0<\/span><\/p>\n<p><span style=\"font-weight: 400;\">Muchos centros de cuidados a largo plazo cuentan con defensores que trabajan espec\u00edficamente con los residentes para brindarles apoyo. Muchos de estos defensores trabajan a trav\u00e9s de la <\/span><a href=\"https:\/\/aging.georgia.gov\/programs-and-services\/long-term-care-ombudsman-program\" target=\"_blank\" rel=\"noopener\"><span style=\"font-weight: 400;\">Programa del Defensor del Pueblo para la Atenci\u00f3n a Largo Plazo<\/span><\/a><span style=\"font-weight: 400;\">. Si el centro cuenta con un representante del Defensor del Pueblo, tambi\u00e9n puede hablar con \u00e9l sobre sus inquietudes.\u00a0<\/span><\/p>\n<p><span style=\"font-weight: 400;\">Si observa que su ser querido ya est\u00e1 sufriendo debido a negligencia, puede optar por presentar una denuncia adem\u00e1s de hablar con el personal. No es necesario hablar con el personal o el defensor del pueblo antes de denunciar el maltrato a personas mayores a los Servicios para Personas Mayores. La seguridad de su ser querido es siempre la prioridad.\u00a0<\/span><\/p>\n\n<div class=\"cta-container row align-items-center\">\n    <div class=\"col-md-7\">\n        <p class=\"cta-text rs-content-cta\"><a class=\"no-btn\" href=\"https:\/\/slamdunkattorney.com\/es\/contact-us\/\">Haga clic para contactar<\/a> nuestros abogados especializados en lesiones personales hoy mismo<\/p>\n    <\/div>\n    <div class=\"col-md-5\">\n        <img decoding=\"async\" src=\"https:\/\/slamdunkattorney.com\/wp-content\/themes\/slam-dunk-rebuild\/assets\/app\/img\/map-cta.jpg\" alt=\"Contact Us\" class=\"img-fluid\"\/>\n    <\/div>\n<\/div><h2><span style=\"font-weight: 400;\">Denuncia de presuntos casos de negligencia en residencias de ancianos<\/span><\/h2>\n<p><span style=\"font-weight: 400;\">No se espera que proporcione pruebas antes de presentar una denuncia, basta con que tenga sospechas fundadas de negligencia en la residencia de ancianos. No se le sancionar\u00e1 por una denuncia sin fundamento realizada de buena fe.<\/span><\/p>\n<h3><span style=\"font-weight: 400;\">Presentaci\u00f3n de un informe\u00a0<\/span><\/h3>\n<p><span style=\"font-weight: 400;\">Puede ponerse en contacto con el Departamento de Servicios Humanos, cuyo enlace se encuentra arriba, que supervisa el Departamento de Servicios para Personas Mayores y el programa del defensor del pueblo. Debe tener preparada cierta informaci\u00f3n b\u00e1sica:<\/span><\/p>\n<ul>\n<li style=\"font-weight: 400;\" aria-level=\"1\"><span style=\"font-weight: 400;\">Nombre y direcci\u00f3n del centro<\/span><\/li>\n<li style=\"font-weight: 400;\" aria-level=\"1\"><span style=\"font-weight: 400;\">Nombres de los proveedores relevantes en el centro<\/span><\/li>\n<li style=\"font-weight: 400;\" aria-level=\"1\"><span style=\"font-weight: 400;\">El nombre y la fecha de nacimiento de su ser querido.<\/span><\/li>\n<li style=\"font-weight: 400;\" aria-level=\"1\"><span style=\"font-weight: 400;\">Fechas relevantes, como cu\u00e1ndo presentaron la queja por primera vez, cu\u00e1ndo not\u00f3 los problemas por primera vez y las fechas en las que se puso en contacto con el centro.<\/span><\/li>\n<li style=\"font-weight: 400;\" aria-level=\"1\"><span style=\"font-weight: 400;\">Una explicaci\u00f3n de sus inquietudes\u00a0<\/span><\/li>\n<\/ul>\n<h3><span style=\"font-weight: 400;\">Informantes obligatorios<\/span><\/h3>\n<p><span style=\"font-weight: 400;\">El personal de los hogares de ancianos y muchos de los proveedores y defensores que mantienen contacto regular est\u00e1n obligados por ley a informar. <\/span><b>sospechas de negligencia en un asilo de ancianos<\/b><span style=\"font-weight: 400;\">.\u00a0<\/span><\/p>\n<p><span style=\"font-weight: 400;\">Para quienes cumplan los criterios, el incumplimiento de <\/span><a href=\"https:\/\/oca.georgia.gov\/training\/mandated-reporting\" target=\"_blank\" rel=\"noopener\"><span style=\"font-weight: 400;\">obligaci\u00f3n de informar<\/span><\/a><span style=\"font-weight: 400;\"> El incumplimiento de estas obligaciones puede dar lugar a cargos penales. Si su falta de notificaci\u00f3n provoc\u00f3 lesiones a su ser querido, tambi\u00e9n puede optar por interponer una demanda civil.<\/span><\/p>\n\n<div class=\"cta-container map-bg row align-items-center flex-md-row-reverse\">\n    <div class=\"col-md-6\">\n        <p class=\"cta-text rs-content-cta\">Completa un <a href=\"https:\/\/slamdunkattorney.com\/es\/contact-us\/\">Formulario de evaluaci\u00f3n gratuita de su caso<\/a> ahora<\/p>\n    <\/div>\n    <div class=\"col-md-6 col-bg\">\n    <\/div>\n<\/div><h2><span style=\"font-weight: 400;\">Proteja a su familia del abandono en las residencias de ancianos<\/span><\/h2>\n<p><span style=\"font-weight: 400;\">Si ha sufrido lesiones o la p\u00e9rdida de un ser querido a manos de un asilo de ancianos negligente o abusivo, es posible que no sepa c\u00f3mo continuar. En Slam Dunk Attorney, nuestro equipo prepara su caso para el juicio desde el principio con el fin de ayudarle a obtener la indemnizaci\u00f3n que le corresponde. Una de nuestras caracter\u00edsticas es que nos comprometemos a ser transparentes y a establecer expectativas adecuadas y una comprensi\u00f3n clara de los posibles resultados.\u00a0\u00a0\u00a0<\/span><\/p>\n<p><span style=\"font-weight: 400;\">Las instituciones que no protegen a los vulnerables deben rendir cuentas, y quienes sufren da\u00f1os merecen justicia. No podemos subestimar la importancia de nuestra libertad. <\/span><a href=\"https:\/\/slamdunkattorney.com\/es\/blog\/importance-of-personal-injury-lawyer-consultation\/\"><span style=\"font-weight: 400;\">consulta con un abogado especializado en lesiones personales<\/span><\/a><span style=\"font-weight: 400;\"> para asegurarse de que conoce sus opciones. <\/span><b>Ll\u00e1menos hoy mismo <\/b><span style=\"font-weight: 400;\">para que su familia reciba el apoyo que se merece.<\/span><\/p>\n\n<div class=\"cta-container row align-items-center\">\n    <div class=\"col-md-7\">\n        <p class=\"cta-text rs-content-cta\">Llame o env\u00ede un mensaje de texto <a class=\"no-btn\" href=\"tel:+14049513513\">404-951-3513<\/a> o completar un <a href=\"https:\/\/slamdunkattorney.com\/es\/contact-us\/\">Formulario de evaluaci\u00f3n gratuita de su caso<\/a><\/p>\n    <\/div>\n    <div class=\"col-md-5\">\n        <img decoding=\"async\" src=\"https:\/\/slamdunkattorney.com\/wp-content\/themes\/slam-dunk-rebuild\/assets\/app\/img\/map-cta.jpg\" alt=\"Call or Text\" class=\"img-fluid\"\/>\n    <\/div>\n<\/div>","protected":false},"excerpt":{"rendered":"<p>Deciding what to do if you suspect nursing home neglect involves several considerations, but it is important to report the suspected neglect and document the signs or symptoms.\u00a0 It is also critical to contact a Duluth nursing home abuse lawyer to help protect your loved one from further abuse. Your report and accountability may also &#8230;<\/p>","protected":false},"author":2,"featured_media":17282,"parent":5902,"menu_order":0,"comment_status":"closed","ping_status":"closed","template":"","meta":{"_acf_changed":false,"_genesis_hide_title":false,"_genesis_hide_breadcrumbs":false,"_genesis_hide_singular_image":false,"_genesis_hide_footer_widgets":false,"_genesis_custom_body_class":"","_genesis_custom_post_class":"","_genesis_layout":"","ngg_post_thumbnail":0,"footnotes":""},"extra-categories":[],"hc_faqs":[40],"class_list":{"0":"post-17281","1":"page","2":"type-page","3":"status-publish","4":"has-post-thumbnail","6":"hc_faqs-personal-injury","7":"entry"},"acf":[],"yoast_head":"<!-- This site is optimized with the Yoast SEO plugin v27.4 - https:\/\/yoast.com\/product\/yoast-seo-wordpress\/ -->\n<title>What Do You Do if You Suspect Nursing Home Neglect?<\/title>\n<meta name=\"description\" content=\"Find out what to do if you suspect nursing home neglect from the dedicated personal injury lawyers at Slam Dunk Attorney.\" \/>\n<meta name=\"robots\" content=\"index, follow, max-snippet:-1, max-image-preview:large, max-video-preview:-1\" \/>\n<link rel=\"canonical\" href=\"https:\/\/slamdunkattorney.com\/es\/faqs\/what-to-do-if-you-suspect-nursing-home-neglect\/\" \/>\n<meta property=\"og:locale\" content=\"es_MX\" \/>\n<meta property=\"og:type\" content=\"article\" \/>\n<meta property=\"og:title\" content=\"What Do You Do if You Suspect Nursing Home Neglect?\" \/>\n<meta property=\"og:description\" content=\"Find out what to do if you suspect nursing home neglect from the dedicated personal injury lawyers at Slam Dunk Attorney.\" \/>\n<meta property=\"og:url\" content=\"https:\/\/slamdunkattorney.com\/es\/faqs\/what-to-do-if-you-suspect-nursing-home-neglect\/\" \/>\n<meta property=\"og:site_name\" content=\"Slam Dunk Attorney | Injury Lawyers\" \/>\n<meta property=\"article:publisher\" content=\"https:\/\/www.facebook.com\/slamdunkattorneyinjurylawyers\/\" \/>\n<meta property=\"article:modified_time\" content=\"2025-10-22T14:20:18+00:00\" \/>\n<meta property=\"og:image\" content=\"https:\/\/slamdunkattorney.com\/wp-content\/uploads\/2025\/03\/what-to-do-if-you-suspect-nursing-home-neglect.jpg\" \/>\n\t<meta property=\"og:image:width\" content=\"1000\" \/>\n\t<meta property=\"og:image:height\" content=\"667\" \/>\n\t<meta property=\"og:image:type\" content=\"image\/jpeg\" \/>\n<meta name=\"twitter:card\" content=\"summary_large_image\" \/>\n<meta name=\"twitter:site\" content=\"@slamdunkattorney\" \/>\n<meta name=\"twitter:label1\" content=\"Est. reading time\" \/>\n\t<meta name=\"twitter:data1\" content=\"5 minutos\" \/>\n<script type=\"application\/ld+json\" class=\"yoast-schema-graph\">{\"@context\":\"https:\\\/\\\/schema.org\",\"@graph\":[{\"@type\":\"WebPage\",\"@id\":\"https:\\\/\\\/slamdunkattorney.com\\\/faqs\\\/what-to-do-if-you-suspect-nursing-home-neglect\\\/\",\"url\":\"https:\\\/\\\/slamdunkattorney.com\\\/faqs\\\/what-to-do-if-you-suspect-nursing-home-neglect\\\/\",\"name\":\"What Do You Do if You Suspect Nursing Home Neglect?\",\"isPartOf\":{\"@id\":\"https:\\\/\\\/slamdunkattorney.com\\\/#website\"},\"primaryImageOfPage\":{\"@id\":\"https:\\\/\\\/slamdunkattorney.com\\\/faqs\\\/what-to-do-if-you-suspect-nursing-home-neglect\\\/#primaryimage\"},\"image\":{\"@id\":\"https:\\\/\\\/slamdunkattorney.com\\\/faqs\\\/what-to-do-if-you-suspect-nursing-home-neglect\\\/#primaryimage\"},\"thumbnailUrl\":\"https:\\\/\\\/slamdunkattorney.com\\\/wp-content\\\/uploads\\\/2025\\\/03\\\/what-to-do-if-you-suspect-nursing-home-neglect.jpg\",\"datePublished\":\"2025-03-04T12:14:22+00:00\",\"dateModified\":\"2025-10-22T14:20:18+00:00\",\"description\":\"Find out what to do if you suspect nursing home neglect from the dedicated personal injury lawyers at Slam Dunk Attorney.\",\"breadcrumb\":{\"@id\":\"https:\\\/\\\/slamdunkattorney.com\\\/faqs\\\/what-to-do-if-you-suspect-nursing-home-neglect\\\/#breadcrumb\"},\"inLanguage\":\"es\",\"potentialAction\":[{\"@type\":\"ReadAction\",\"target\":[\"https:\\\/\\\/slamdunkattorney.com\\\/faqs\\\/what-to-do-if-you-suspect-nursing-home-neglect\\\/\"]}]},{\"@type\":\"ImageObject\",\"inLanguage\":\"es\",\"@id\":\"https:\\\/\\\/slamdunkattorney.com\\\/faqs\\\/what-to-do-if-you-suspect-nursing-home-neglect\\\/#primaryimage\",\"url\":\"https:\\\/\\\/slamdunkattorney.com\\\/wp-content\\\/uploads\\\/2025\\\/03\\\/what-to-do-if-you-suspect-nursing-home-neglect.jpg\",\"contentUrl\":\"https:\\\/\\\/slamdunkattorney.com\\\/wp-content\\\/uploads\\\/2025\\\/03\\\/what-to-do-if-you-suspect-nursing-home-neglect.jpg\",\"width\":1000,\"height\":667,\"caption\":\"A nurse counting out a patient\u2019s pills. What to do if you suspect nursing home neglect.\"},{\"@type\":\"BreadcrumbList\",\"@id\":\"https:\\\/\\\/slamdunkattorney.com\\\/faqs\\\/what-to-do-if-you-suspect-nursing-home-neglect\\\/#breadcrumb\",\"itemListElement\":[{\"@type\":\"ListItem\",\"position\":1,\"name\":\"Home\",\"item\":\"https:\\\/\\\/slamdunkattorney.com\\\/\"},{\"@type\":\"ListItem\",\"position\":2,\"name\":\"FAQs\",\"item\":\"https:\\\/\\\/slamdunkattorney.com\\\/faqs\\\/\"},{\"@type\":\"ListItem\",\"position\":3,\"name\":\"What to Do if You Suspect Nursing Home Neglect\"}]},{\"@type\":\"WebSite\",\"@id\":\"https:\\\/\\\/slamdunkattorney.com\\\/#website\",\"url\":\"https:\\\/\\\/slamdunkattorney.com\\\/\",\"name\":\"Slam Dunk Attorney | Injury Lawyers\",\"description\":\"Duluth Personal Injury Lawyers\",\"publisher\":{\"@id\":\"https:\\\/\\\/slamdunkattorney.com\\\/#organization\"},\"alternateName\":\"Slam Dunk Attorney\",\"inLanguage\":\"es\"},{\"@type\":\"Organization\",\"@id\":\"https:\\\/\\\/slamdunkattorney.com\\\/#organization\",\"name\":\"Slam Dunk Attorney\",\"alternateName\":\"Slam Dunk\",\"url\":\"https:\\\/\\\/slamdunkattorney.com\\\/\",\"logo\":{\"@type\":\"ImageObject\",\"inLanguage\":\"es\",\"@id\":\"https:\\\/\\\/slamdunkattorney.com\\\/#\\\/schema\\\/logo\\\/image\\\/\",\"url\":\"https:\\\/\\\/slamdunkattorney.com\\\/wp-content\\\/uploads\\\/2023\\\/05\\\/cropped-Logo.png\",\"contentUrl\":\"https:\\\/\\\/slamdunkattorney.com\\\/wp-content\\\/uploads\\\/2023\\\/05\\\/cropped-Logo.png\",\"width\":1080,\"height\":240,\"caption\":\"Slam Dunk Attorney\"},\"image\":{\"@id\":\"https:\\\/\\\/slamdunkattorney.com\\\/#\\\/schema\\\/logo\\\/image\\\/\"},\"sameAs\":[\"https:\\\/\\\/www.facebook.com\\\/slamdunkattorneyinjurylawyers\\\/\",\"https:\\\/\\\/x.com\\\/slamdunkattorney\",\"https:\\\/\\\/www.instagram.com\\\/slamdunkattorney\\\/\",\"https:\\\/\\\/www.youtube.com\\\/channel\\\/UCSrOiC7vOjlCi3UgtIVGNtw\",\"https:\\\/\\\/www.linkedin.com\\\/company\\\/slamdunkattorneyinjurylawyers\"]}]}<\/script>\n<!-- \/ Yoast SEO plugin. -->","yoast_head_json":{"title":"What Do You Do if You Suspect Nursing Home Neglect?","description":"Find out what to do if you suspect nursing home neglect from the dedicated personal injury lawyers at Slam Dunk Attorney.","robots":{"index":"index","follow":"follow","max-snippet":"max-snippet:-1","max-image-preview":"max-image-preview:large","max-video-preview":"max-video-preview:-1"},"canonical":"https:\/\/slamdunkattorney.com\/es\/faqs\/what-to-do-if-you-suspect-nursing-home-neglect\/","og_locale":"es_MX","og_type":"article","og_title":"What Do You Do if You Suspect Nursing Home Neglect?","og_description":"Find out what to do if you suspect nursing home neglect from the dedicated personal injury lawyers at Slam Dunk Attorney.","og_url":"https:\/\/slamdunkattorney.com\/es\/faqs\/what-to-do-if-you-suspect-nursing-home-neglect\/","og_site_name":"Slam Dunk Attorney | Injury Lawyers","article_publisher":"https:\/\/www.facebook.com\/slamdunkattorneyinjurylawyers\/","article_modified_time":"2025-10-22T14:20:18+00:00","og_image":[{"width":1000,"height":667,"url":"https:\/\/slamdunkattorney.com\/wp-content\/uploads\/2025\/03\/what-to-do-if-you-suspect-nursing-home-neglect.jpg","type":"image\/jpeg"}],"twitter_card":"summary_large_image","twitter_site":"@slamdunkattorney","twitter_misc":{"Est. reading time":"5 minutos"},"schema":{"@context":"https:\/\/schema.org","@graph":[{"@type":"WebPage","@id":"https:\/\/slamdunkattorney.com\/faqs\/what-to-do-if-you-suspect-nursing-home-neglect\/","url":"https:\/\/slamdunkattorney.com\/faqs\/what-to-do-if-you-suspect-nursing-home-neglect\/","name":"What Do You Do if You Suspect Nursing Home Neglect?","isPartOf":{"@id":"https:\/\/slamdunkattorney.com\/#website"},"primaryImageOfPage":{"@id":"https:\/\/slamdunkattorney.com\/faqs\/what-to-do-if-you-suspect-nursing-home-neglect\/#primaryimage"},"image":{"@id":"https:\/\/slamdunkattorney.com\/faqs\/what-to-do-if-you-suspect-nursing-home-neglect\/#primaryimage"},"thumbnailUrl":"https:\/\/slamdunkattorney.com\/wp-content\/uploads\/2025\/03\/what-to-do-if-you-suspect-nursing-home-neglect.jpg","datePublished":"2025-03-04T12:14:22+00:00","dateModified":"2025-10-22T14:20:18+00:00","description":"Find out what to do if you suspect nursing home neglect from the dedicated personal injury lawyers at Slam Dunk Attorney.","breadcrumb":{"@id":"https:\/\/slamdunkattorney.com\/faqs\/what-to-do-if-you-suspect-nursing-home-neglect\/#breadcrumb"},"inLanguage":"es","potentialAction":[{"@type":"ReadAction","target":["https:\/\/slamdunkattorney.com\/faqs\/what-to-do-if-you-suspect-nursing-home-neglect\/"]}]},{"@type":"ImageObject","inLanguage":"es","@id":"https:\/\/slamdunkattorney.com\/faqs\/what-to-do-if-you-suspect-nursing-home-neglect\/#primaryimage","url":"https:\/\/slamdunkattorney.com\/wp-content\/uploads\/2025\/03\/what-to-do-if-you-suspect-nursing-home-neglect.jpg","contentUrl":"https:\/\/slamdunkattorney.com\/wp-content\/uploads\/2025\/03\/what-to-do-if-you-suspect-nursing-home-neglect.jpg","width":1000,"height":667,"caption":"A nurse counting out a patient\u2019s pills. What to do if you suspect nursing home neglect."},{"@type":"BreadcrumbList","@id":"https:\/\/slamdunkattorney.com\/faqs\/what-to-do-if-you-suspect-nursing-home-neglect\/#breadcrumb","itemListElement":[{"@type":"ListItem","position":1,"name":"Home","item":"https:\/\/slamdunkattorney.com\/"},{"@type":"ListItem","position":2,"name":"FAQs","item":"https:\/\/slamdunkattorney.com\/faqs\/"},{"@type":"ListItem","position":3,"name":"What to Do if You Suspect Nursing Home Neglect"}]},{"@type":"WebSite","@id":"https:\/\/slamdunkattorney.com\/#website","url":"https:\/\/slamdunkattorney.com\/","name":"Abogado experto en lesiones | Abogados especializados en lesiones","description":"Abogados de lesiones personales en Duluth","publisher":{"@id":"https:\/\/slamdunkattorney.com\/#organization"},"alternateName":"Slam Dunk Attorney","inLanguage":"es"},{"@type":"Organization","@id":"https:\/\/slamdunkattorney.com\/#organization","name":"Abogado Slam Dunk","alternateName":"Slam Dunk","url":"https:\/\/slamdunkattorney.com\/","logo":{"@type":"ImageObject","inLanguage":"es","@id":"https:\/\/slamdunkattorney.com\/#\/schema\/logo\/image\/","url":"https:\/\/slamdunkattorney.com\/wp-content\/uploads\/2023\/05\/cropped-Logo.png","contentUrl":"https:\/\/slamdunkattorney.com\/wp-content\/uploads\/2023\/05\/cropped-Logo.png","width":1080,"height":240,"caption":"Slam Dunk Attorney"},"image":{"@id":"https:\/\/slamdunkattorney.com\/#\/schema\/logo\/image\/"},"sameAs":["https:\/\/www.facebook.com\/slamdunkattorneyinjurylawyers\/","https:\/\/x.com\/slamdunkattorney","https:\/\/www.instagram.com\/slamdunkattorney\/","https:\/\/www.youtube.com\/channel\/UCSrOiC7vOjlCi3UgtIVGNtw","https:\/\/www.linkedin.com\/company\/slamdunkattorneyinjurylawyers"]}]}},"yoast_meta":{"yoast_wpseo_title":"","yoast_wpseo_metadesc":"","yoast_wpseo_canonical":"https:\/\/slamdunkattorney.com\/es\/wp-json\/wp\/v2\/pages\/17281"},"_links":{"self":[{"href":"https:\/\/slamdunkattorney.com\/es\/wp-json\/wp\/v2\/pages\/17281","targetHints":{"allow":["GET"]}}],"collection":[{"href":"https:\/\/slamdunkattorney.com\/es\/wp-json\/wp\/v2\/pages"}],"about":[{"href":"https:\/\/slamdunkattorney.com\/es\/wp-json\/wp\/v2\/types\/page"}],"author":[{"embeddable":true,"href":"https:\/\/slamdunkattorney.com\/es\/wp-json\/wp\/v2\/users\/2"}],"replies":[{"embeddable":true,"href":"https:\/\/slamdunkattorney.com\/es\/wp-json\/wp\/v2\/comments?post=17281"}],"version-history":[{"count":0,"href":"https:\/\/slamdunkattorney.com\/es\/wp-json\/wp\/v2\/pages\/17281\/revisions"}],"up":[{"embeddable":true,"href":"https:\/\/slamdunkattorney.com\/es\/wp-json\/wp\/v2\/pages\/5902"}],"wp:featuredmedia":[{"embeddable":true,"href":"https:\/\/slamdunkattorney.com\/es\/wp-json\/wp\/v2\/media\/17282"}],"wp:attachment":[{"href":"https:\/\/slamdunkattorney.com\/es\/wp-json\/wp\/v2\/media?parent=17281"}],"wp:term":[{"taxonomy":"extra-categories","embeddable":true,"href":"https:\/\/slamdunkattorney.com\/es\/wp-json\/wp\/v2\/extra-categories?post=17281"},{"taxonomy":"hc_faqs","embeddable":true,"href":"https:\/\/slamdunkattorney.com\/es\/wp-json\/wp\/v2\/hc_faqs?post=17281"}],"curies":[{"name":"wp","href":"https:\/\/api.w.org\/{rel}","templated":true}]}}