{"id":16574,"date":"2025-02-25T14:31:15","date_gmt":"2025-02-25T14:31:15","guid":{"rendered":"https:\/\/slamdunk.wpenginepowered.com\/?page_id=16574"},"modified":"2025-02-25T14:31:24","modified_gmt":"2025-02-25T14:31:24","slug":"what-is-a-spoliation-letter","status":"publish","type":"page","link":"https:\/\/slamdunkattorney.com\/es\/faqs\/what-is-a-spoilation-letter\/","title":{"rendered":"\u00bfQu\u00e9 es una carta de expoliaci\u00f3n?"},"content":{"rendered":"<p><b>\u00bfQu\u00e9 es una carta de expoliaci\u00f3n?<\/b><span style=\"font-weight: 400;\"> Una carta de expoliaci\u00f3n es una solicitud formal enviada por su <\/span><a href=\"https:\/\/slamdunkattorney.com\/es\/\"><span style=\"font-weight: 400;\">Abogado especializado en lesiones personales en Duluth<\/span><\/a><span style=\"font-weight: 400;\"> a una parte involucrada en un litigio, <\/span><b>instruy\u00e9ndoles para que conserven las pruebas relevantes para un caso.\u00a0<\/b><\/p>\n<p><span style=\"font-weight: 400;\">El incumplimiento de esta solicitud puede acarrear consecuencias legales, especialmente si se destruyen o alteran pruebas.<\/span><\/p>\n<h2><span style=\"font-weight: 400;\">\u00bfCu\u00e1ndo se debe enviar una carta de destrucci\u00f3n de pruebas?<\/span><\/h2>\n<p><span style=\"font-weight: 400;\">Si existe el riesgo de que se pierda o destruya evidencia cr\u00edtica, es esencial enviar una carta de expoliaci\u00f3n lo antes posible. Sin una solicitud formal, la parte contraria puede alegar que los documentos o registros clave se extraviaron durante los procedimientos normales. Actuar con rapidez ayuda a garantizar que toda la evidencia relevante siga estando disponible para respaldar su caso.<\/span><\/p>\n<p><span style=\"font-weight: 400;\">Esperar demasiado tiempo para enviar una carta de expoliaci\u00f3n puede dar a la otra parte una excusa para desechar o alterar las pruebas. Si una empresa, una aseguradora o un individuo son conscientes de que ciertos materiales pueden perjudicarles, pueden intentar eliminar esos registros antes de que puedan utilizarse en una reclamaci\u00f3n. Una carta oportuna les pone sobre aviso y les impide alegar ignorancia.<\/span><\/p>\n<p><b>Conservar las pruebas es fundamental para demostrar la responsabilidad. <\/b><span style=\"font-weight: 400;\">en un caso de lesiones personales o en una disputa comercial. Una carta de destrucci\u00f3n de pruebas sirve como documentaci\u00f3n formal de que usted tom\u00f3 medidas para asegurar registros importantes. Si la parte contraria ignora la solicitud, el tribunal puede sancionarla por manipular o destruir pruebas.<\/span><\/p>\n\n<div class=\"cta-container row align-items-center\">\n    <div class=\"col-md-7\">\n        <p class=\"cta-text rs-content-cta\">Orgullosos de servir a Duluth y a todo Georgia <span>\u00a1Cont\u00e1ctenos para comenzar su recuperaci\u00f3n!<\/span> <a href=\"https:\/\/slamdunkattorney.com\/es\/\">Explore nuestras \u00e1reas de pr\u00e1ctica<\/a><\/p>\n    <\/div>\n    <div class=\"col-md-5\">\n        <img decoding=\"async\" src=\"https:\/\/slamdunkattorney.com\/wp-content\/themes\/slam-dunk-rebuild\/assets\/app\/img\/map-cta.jpg\" alt=\"Legal Consultation\" class=\"img-fluid\"\/>\n    <\/div>\n<\/div><h2><span style=\"font-weight: 400;\">Definici\u00f3n y finalidad de una carta de expoliaci\u00f3n<\/span><\/h2>\n<p><span style=\"font-weight: 400;\">A <\/span><b>La carta de expoliaci\u00f3n es una solicitud formal enviada para garantizar que se conserven las pruebas fundamentales.<\/b><span style=\"font-weight: 400;\"> para un caso legal. Este documento notifica a la parte contraria que destruir, alterar o no conservar las pruebas pertinentes podr\u00eda acarrear consecuencias legales. Si se pierden pruebas clave, esto podr\u00eda afectar al resultado de una reclamaci\u00f3n y limitar la capacidad de demostrar la responsabilidad.<\/span><\/p>\n<p><span style=\"font-weight: 400;\">Las cartas de expoliaci\u00f3n se utilizan habitualmente en casos de lesiones personales, litigios comerciales y otras disputas legales en las que las pruebas desempe\u00f1an un papel crucial. En accidentes de tr\u00e1fico, lesiones laborales o reclamaciones por responsabilidad civil por productos defectuosos, es necesario conservar documentos importantes, como grabaciones de c\u00e1maras de vigilancia, informes m\u00e9dicos o registros de mantenimiento. Si una de las partes destruye o altera pruebas tras recibir una carta de expoliaci\u00f3n de su <\/span><a href=\"https:\/\/slamdunkattorney.com\/es\/duluth\/car-accident-lawyer\/\"><span style=\"font-weight: 400;\">Abogado especializado en accidentes automovil\u00edsticos en Duluth<\/span><\/a><span style=\"font-weight: 400;\">, el tribunal podr\u00e1 imponer sanciones.<\/span><\/p>\n<p><a href=\"http:\/\/ga.elaws.us\/law\/section24-14-22\" target=\"_blank\" rel=\"noopener\"><span style=\"font-weight: 400;\">O.C.G.A. \u00a7 24-14-22<\/span><\/a><span style=\"font-weight: 400;\"> permite a los tribunales imponer sanciones cuando se destruyen u ocultan pruebas de forma intencionada. Si una de las partes no conserva pruebas cruciales, el tribunal puede instruir al jurado para que asuma que las pruebas que faltan habr\u00edan sido desfavorables para esa parte. <\/span><b>Las cartas de expoliaci\u00f3n ayudan a prevenir la destrucci\u00f3n de pruebas.<\/b><span style=\"font-weight: 400;\"> y garantizar que todos los materiales pertinentes permanezcan disponibles para su revisi\u00f3n legal.<\/span><\/p>\n<h2><span style=\"font-weight: 400;\">\u00bfQu\u00e9 pruebas puede preservar una carta de destrucci\u00f3n de pruebas?<\/span><\/h2>\n<p><span style=\"font-weight: 400;\">Si est\u00e1 involucrado en una disputa legal, conservar las pruebas clave puede marcar la diferencia en su caso. Una carta de destrucci\u00f3n de pruebas garantiza que la otra parte no destruya ni altere documentos importantes que podr\u00edan demostrar su responsabilidad. Los siguientes tipos de pruebas pueden ser fundamentales para respaldar su reclamaci\u00f3n:<\/span><\/p>\n<ul>\n<li style=\"font-weight: 400;\" aria-level=\"1\"><span style=\"font-weight: 400;\">Im\u00e1genes de vigilancia<\/span><\/li>\n<li style=\"font-weight: 400;\" aria-level=\"1\"><span style=\"font-weight: 400;\">Informes de accidentes<\/span><\/li>\n<li style=\"font-weight: 400;\" aria-level=\"1\"><span style=\"font-weight: 400;\">Declaraciones de los testigos<\/span><\/li>\n<li style=\"font-weight: 400;\" aria-level=\"1\"><span style=\"font-weight: 400;\">Registros electr\u00f3nicos<\/span><\/li>\n<li style=\"font-weight: 400;\" aria-level=\"1\"><span style=\"font-weight: 400;\">Correos electr\u00f3nicos y mensajes de texto<\/span><\/li>\n<li style=\"font-weight: 400;\" aria-level=\"1\"><span style=\"font-weight: 400;\">Datos de la caja negra del veh\u00edculo<\/span><\/li>\n<li style=\"font-weight: 400;\" aria-level=\"1\"><span style=\"font-weight: 400;\">Registros de mantenimiento<\/span><\/li>\n<li style=\"font-weight: 400;\" aria-level=\"1\"><span style=\"font-weight: 400;\">Registros de seguridad de la empresa<\/span><\/li>\n<\/ul>\n<p><span style=\"font-weight: 400;\">Sin estas pruebas, resulta m\u00e1s dif\u00edcil demostrar lo que ocurri\u00f3 y exigir responsabilidades a la parte culpable. Si la parte contraria destruye u oculta documentos clave, el tribunal puede suponer que las pruebas que faltan habr\u00edan jugado en su contra. Tomar medidas inmediatas para proteger los documentos cruciales puede ayudar a reforzar su reclamaci\u00f3n y mejorar sus posibilidades de obtener una indemnizaci\u00f3n.<\/span><\/p>\n\n<div class=\"cta-container row align-items-center\">\n    <div class=\"col-md-7\">\n        <p class=\"cta-text rs-content-cta\"><a class=\"no-btn\" href=\"https:\/\/slamdunkattorney.com\/es\/contact-us\/\">Haga clic para contactar<\/a> nuestros abogados especializados en lesiones personales hoy mismo<\/p>\n    <\/div>\n    <div class=\"col-md-5\">\n        <img decoding=\"async\" src=\"https:\/\/slamdunkattorney.com\/wp-content\/themes\/slam-dunk-rebuild\/assets\/app\/img\/map-cta.jpg\" alt=\"Contact Us\" class=\"img-fluid\"\/>\n    <\/div>\n<\/div><h2><span style=\"font-weight: 400;\">Elementos fundamentales de una carta de expoliaci\u00f3n eficaz<\/span><\/h2>\n<p><span style=\"font-weight: 400;\">Una carta de expoliaci\u00f3n debe ser clara, espec\u00edfica y jur\u00eddicamente s\u00f3lida para garantizar que la parte contraria comprenda sus obligaciones. Si la solicitud es demasiado amplia o vaga, el destinatario puede ignorarla o alegar que no estaba seguro de qu\u00e9 pruebas deb\u00edan conservarse. Una carta bien estructurada describe exactamente qu\u00e9 registros o materiales deben conservarse y las posibles consecuencias de no cumplir con algunos de los elementos m\u00e1s importantes que deben incluirse en su carta de expoliaci\u00f3n:<\/span><\/p>\n<ul>\n<li style=\"font-weight: 400;\" aria-level=\"1\"><b>Identificaci\u00f3n clara de las pruebas<\/b><span style=\"font-weight: 400;\"> \u2013 La carta debe especificar qu\u00e9 registros, documentos u objetos f\u00edsicos deben conservarse. Enumerar tipos espec\u00edficos de pruebas, como grabaciones de c\u00e1maras de vigilancia, informes de accidentes o historiales m\u00e9dicos, elimina cualquier ambig\u00fcedad. Una solicitud bien definida evita que la parte contraria alegue que no sab\u00eda qu\u00e9 materiales deb\u00edan conservarse.<\/span><\/li>\n<li style=\"font-weight: 400;\" aria-level=\"1\"><b>Fundamento jur\u00eddico para la conservaci\u00f3n<\/b><span style=\"font-weight: 400;\"> \u2013 La solicitud debe hacer referencia a las leyes aplicables que exigen la conservaci\u00f3n de pruebas. Citar los estatutos legales refuerza la carta y refuerza la obligaci\u00f3n de conservar los registros pertinentes. Si la parte contraria ignora la solicitud, hacer referencia a la ley ayuda a demostrar la conducta indebida ante los tribunales.<\/span><\/li>\n<li style=\"font-weight: 400;\" aria-level=\"1\"><b>Fecha l\u00edmite para el cumplimiento<\/b><span style=\"font-weight: 400;\"> \u2013 Una carta de expoliaci\u00f3n debe incluir un plazo razonable para conservar los materiales solicitados. Establecer una fecha l\u00edmite garantiza que la parte contraria act\u00fae con prontitud en lugar de retrasar o ignorar la solicitud. Si no cumplen en el plazo establecido, su abogado puede utilizar su incumplimiento como prueba de mala fe.<\/span><\/li>\n<li style=\"font-weight: 400;\" aria-level=\"1\"><b>Consecuencias del incumplimiento<\/b><span style=\"font-weight: 400;\"> \u2013 La carta debe describir las posibles acciones legales en caso de que se destruyan o alteren las pruebas. Los tribunales se toman muy en serio la destrucci\u00f3n de pruebas y pueden imponer sanciones, multas o inferencias legales negativas contra la parte incumplidora. Dejar claras estas consecuencias puede disuadir a las partes que est\u00e1n en posesi\u00f3n de las pruebas de manipularlas.<\/span><\/li>\n<\/ul>\n\n<div class=\"cta-container map-bg row align-items-center flex-md-row-reverse\">\n    <div class=\"col-md-6\">\n        <p class=\"cta-text rs-content-cta\">Completa un <a href=\"https:\/\/slamdunkattorney.com\/es\/contact-us\/\">Formulario de evaluaci\u00f3n gratuita de su caso<\/a> ahora<\/p>\n    <\/div>\n    <div class=\"col-md-6 col-bg\">\n    <\/div>\n<\/div><h2><span style=\"font-weight: 400;\">\u00bfQu\u00e9 sucede si se ignora una carta de destrucci\u00f3n de pruebas?<\/span><\/h2>\n<p><span style=\"font-weight: 400;\">Si se ignora una carta de expoliaci\u00f3n, los tribunales pueden imponer sanciones a la parte responsable. Las sanciones pueden ir desde multas monetarias hasta una sentencia autom\u00e1tica a favor de la parte contraria. Los jueces consideran la destrucci\u00f3n de pruebas como una obstrucci\u00f3n a la justicia, lo que puede da\u00f1ar gravemente la credibilidad de la parte incumplidora.<\/span><\/p>\n<p><span style=\"font-weight: 400;\">El hecho de no conservar pruebas fundamentales tambi\u00e9n puede dar lugar a inferencias negativas en los tribunales. Si se descubre que una de las partes ha destruido intencionadamente documentos, el tribunal puede suponer que las pruebas que faltan habr\u00edan sido perjudiciales para su caso. Esta suposici\u00f3n puede reforzar las alegaciones de la parte contraria y debilitar la defensa de la parte infractora.<\/span><\/p>\n<p><span style=\"font-weight: 400;\">Ignorar una solicitud de destrucci\u00f3n de pruebas puede poner en peligro la defensa legal e influir en el resultado del caso. Si una empresa, aseguradora o persona retiene o altera deliberadamente pruebas, esto puede considerarse una admisi\u00f3n de culpabilidad. Los tribunales se toman muy en serio estas infracciones, y el incumplimiento de una solicitud v\u00e1lida de destrucci\u00f3n de pruebas puede acarrear graves consecuencias legales.<\/span><\/p>\n<h2><span style=\"font-weight: 400;\">Obtenga m\u00e1s informaci\u00f3n hoy mismo de su abogado especializado en lesiones catastr\u00f3ficas en Duluth.<\/span><\/h2>\n<p><span style=\"font-weight: 400;\">Conservar las pruebas fundamentales puede ser clave para demostrar la culpa y obtener una indemnizaci\u00f3n tras un accidente.\u00a0<\/span><\/p>\n<p><span style=\"font-weight: 400;\">Slam Dunk Attorney puede ayudarle a redactar un <\/span><b>carta de expoliaci\u00f3n legalmente ejecutable<\/b><span style=\"font-weight: 400;\"> y tomar medidas si la parte contraria se niega a cumplir. Comun\u00edquese con nuestra oficina hoy mismo para analizar su caso.<\/span><\/p>\n\n<div class=\"cta-container row align-items-center\">\n    <div class=\"col-md-7\">\n        <p class=\"cta-text rs-content-cta\">Llame o env\u00ede un mensaje de texto <a class=\"no-btn\" href=\"tel:+14049513513\">404-951-3513<\/a> o completar un <a href=\"https:\/\/slamdunkattorney.com\/es\/contact-us\/\">Formulario de evaluaci\u00f3n gratuita de su caso<\/a><\/p>\n    <\/div>\n    <div class=\"col-md-5\">\n        <img decoding=\"async\" src=\"https:\/\/slamdunkattorney.com\/wp-content\/themes\/slam-dunk-rebuild\/assets\/app\/img\/map-cta.jpg\" alt=\"Call or Text\" class=\"img-fluid\"\/>\n    <\/div>\n<\/div>","protected":false},"excerpt":{"rendered":"<p>What is a spoliation letter? A spoliation letter is a formal request sent by your Duluth personal injury lawyer to a party involved in a legal dispute, instructing them to preserve evidence relevant to a case.\u00a0 Failing to comply with this request can lead to legal consequences, especially if evidence is destroyed or altered. When &#8230;<\/p>","protected":false},"author":2,"featured_media":16575,"parent":5902,"menu_order":0,"comment_status":"closed","ping_status":"closed","template":"","meta":{"_acf_changed":false,"_genesis_hide_title":false,"_genesis_hide_breadcrumbs":false,"_genesis_hide_singular_image":false,"_genesis_hide_footer_widgets":false,"_genesis_custom_body_class":"","_genesis_custom_post_class":"","_genesis_layout":"","ngg_post_thumbnail":0,"footnotes":""},"extra-categories":[],"hc_faqs":[40],"class_list":{"0":"post-16574","1":"page","2":"type-page","3":"status-publish","4":"has-post-thumbnail","6":"hc_faqs-personal-injury","7":"entry"},"acf":[],"yoast_head":"<!-- This site is optimized with the Yoast SEO plugin v27.5 - https:\/\/yoast.com\/product\/yoast-seo-wordpress\/ -->\n<title>What is a Spoliation Letter? | Slam Dunk Attorney<\/title>\n<meta name=\"description\" content=\"Find out what a spoliation letter is from the dedicated personal injury lawyers at Slam Dunk Attorney. Contact us today for a free consult.\" \/>\n<meta name=\"robots\" content=\"index, follow, max-snippet:-1, max-image-preview:large, max-video-preview:-1\" \/>\n<link rel=\"canonical\" href=\"https:\/\/slamdunkattorney.com\/es\/faqs\/what-is-a-spoilation-letter\/\" \/>\n<meta property=\"og:locale\" content=\"es_MX\" \/>\n<meta property=\"og:type\" content=\"article\" \/>\n<meta property=\"og:title\" content=\"What is a Spoliation Letter? | Slam Dunk Attorney\" \/>\n<meta property=\"og:description\" content=\"Find out what a spoliation letter is from the dedicated personal injury lawyers at Slam Dunk Attorney. Contact us today for a free consult.\" \/>\n<meta property=\"og:url\" content=\"https:\/\/slamdunkattorney.com\/es\/faqs\/what-is-a-spoilation-letter\/\" \/>\n<meta property=\"og:site_name\" content=\"Slam Dunk Attorney | Injury Lawyers\" \/>\n<meta property=\"article:publisher\" content=\"https:\/\/www.facebook.com\/slamdunkattorneyinjurylawyers\/\" \/>\n<meta property=\"article:modified_time\" content=\"2025-02-25T14:31:24+00:00\" \/>\n<meta property=\"og:image\" content=\"https:\/\/slamdunkattorney.com\/wp-content\/uploads\/2025\/02\/what-is-a-spoilation-letter.jpg\" \/>\n\t<meta property=\"og:image:width\" content=\"1000\" \/>\n\t<meta property=\"og:image:height\" content=\"667\" \/>\n\t<meta property=\"og:image:type\" content=\"image\/jpeg\" \/>\n<meta name=\"twitter:card\" content=\"summary_large_image\" \/>\n<meta name=\"twitter:site\" content=\"@slamdunkattorney\" \/>\n<meta name=\"twitter:label1\" content=\"Est. reading time\" \/>\n\t<meta name=\"twitter:data1\" content=\"5 minutos\" \/>\n<script type=\"application\/ld+json\" class=\"yoast-schema-graph\">{\"@context\":\"https:\\\/\\\/schema.org\",\"@graph\":[{\"@type\":\"WebPage\",\"@id\":\"https:\\\/\\\/slamdunkattorney.com\\\/faqs\\\/what-is-a-spoilation-letter\\\/\",\"url\":\"https:\\\/\\\/slamdunkattorney.com\\\/faqs\\\/what-is-a-spoilation-letter\\\/\",\"name\":\"What is a Spoliation Letter? | Slam Dunk Attorney\",\"isPartOf\":{\"@id\":\"https:\\\/\\\/slamdunkattorney.com\\\/#website\"},\"primaryImageOfPage\":{\"@id\":\"https:\\\/\\\/slamdunkattorney.com\\\/faqs\\\/what-is-a-spoilation-letter\\\/#primaryimage\"},\"image\":{\"@id\":\"https:\\\/\\\/slamdunkattorney.com\\\/faqs\\\/what-is-a-spoilation-letter\\\/#primaryimage\"},\"thumbnailUrl\":\"https:\\\/\\\/slamdunkattorney.com\\\/wp-content\\\/uploads\\\/2025\\\/02\\\/what-is-a-spoilation-letter.jpg\",\"datePublished\":\"2025-02-25T14:31:15+00:00\",\"dateModified\":\"2025-02-25T14:31:24+00:00\",\"description\":\"Find out what a spoliation letter is from the dedicated personal injury lawyers at Slam Dunk Attorney. Contact us today for a free consult.\",\"breadcrumb\":{\"@id\":\"https:\\\/\\\/slamdunkattorney.com\\\/faqs\\\/what-is-a-spoilation-letter\\\/#breadcrumb\"},\"inLanguage\":\"es\",\"potentialAction\":[{\"@type\":\"ReadAction\",\"target\":[\"https:\\\/\\\/slamdunkattorney.com\\\/faqs\\\/what-is-a-spoilation-letter\\\/\"]}]},{\"@type\":\"ImageObject\",\"inLanguage\":\"es\",\"@id\":\"https:\\\/\\\/slamdunkattorney.com\\\/faqs\\\/what-is-a-spoilation-letter\\\/#primaryimage\",\"url\":\"https:\\\/\\\/slamdunkattorney.com\\\/wp-content\\\/uploads\\\/2025\\\/02\\\/what-is-a-spoilation-letter.jpg\",\"contentUrl\":\"https:\\\/\\\/slamdunkattorney.com\\\/wp-content\\\/uploads\\\/2025\\\/02\\\/what-is-a-spoilation-letter.jpg\",\"width\":1000,\"height\":667,\"caption\":\"A personal injury lawyer drafting a spoliation letter.\"},{\"@type\":\"BreadcrumbList\",\"@id\":\"https:\\\/\\\/slamdunkattorney.com\\\/faqs\\\/what-is-a-spoilation-letter\\\/#breadcrumb\",\"itemListElement\":[{\"@type\":\"ListItem\",\"position\":1,\"name\":\"Home\",\"item\":\"https:\\\/\\\/slamdunkattorney.com\\\/\"},{\"@type\":\"ListItem\",\"position\":2,\"name\":\"FAQs\",\"item\":\"https:\\\/\\\/slamdunkattorney.com\\\/faqs\\\/\"},{\"@type\":\"ListItem\",\"position\":3,\"name\":\"What is a Spoliation Letter?\"}]},{\"@type\":\"WebSite\",\"@id\":\"https:\\\/\\\/slamdunkattorney.com\\\/#website\",\"url\":\"https:\\\/\\\/slamdunkattorney.com\\\/\",\"name\":\"Slam Dunk Attorney | Injury Lawyers\",\"description\":\"Duluth Personal Injury Lawyers\",\"publisher\":{\"@id\":\"https:\\\/\\\/slamdunkattorney.com\\\/#organization\"},\"alternateName\":\"Slam Dunk Attorney\",\"inLanguage\":\"es\"},{\"@type\":\"Organization\",\"@id\":\"https:\\\/\\\/slamdunkattorney.com\\\/#organization\",\"name\":\"Slam Dunk Attorney\",\"alternateName\":\"Slam Dunk\",\"url\":\"https:\\\/\\\/slamdunkattorney.com\\\/\",\"logo\":{\"@type\":\"ImageObject\",\"inLanguage\":\"es\",\"@id\":\"https:\\\/\\\/slamdunkattorney.com\\\/#\\\/schema\\\/logo\\\/image\\\/\",\"url\":\"https:\\\/\\\/slamdunkattorney.com\\\/wp-content\\\/uploads\\\/2023\\\/05\\\/cropped-Logo.png\",\"contentUrl\":\"https:\\\/\\\/slamdunkattorney.com\\\/wp-content\\\/uploads\\\/2023\\\/05\\\/cropped-Logo.png\",\"width\":1080,\"height\":240,\"caption\":\"Slam Dunk Attorney\"},\"image\":{\"@id\":\"https:\\\/\\\/slamdunkattorney.com\\\/#\\\/schema\\\/logo\\\/image\\\/\"},\"sameAs\":[\"https:\\\/\\\/www.facebook.com\\\/slamdunkattorneyinjurylawyers\\\/\",\"https:\\\/\\\/x.com\\\/slamdunkattorney\",\"https:\\\/\\\/www.instagram.com\\\/slamdunkattorney\\\/\",\"https:\\\/\\\/www.youtube.com\\\/channel\\\/UCSrOiC7vOjlCi3UgtIVGNtw\",\"https:\\\/\\\/www.linkedin.com\\\/company\\\/slamdunkattorneyinjurylawyers\"]}]}<\/script>\n<!-- \/ Yoast SEO plugin. -->","yoast_head_json":{"title":"What is a Spoliation Letter? | Slam Dunk Attorney","description":"Find out what a spoliation letter is from the dedicated personal injury lawyers at Slam Dunk Attorney. Contact us today for a free consult.","robots":{"index":"index","follow":"follow","max-snippet":"max-snippet:-1","max-image-preview":"max-image-preview:large","max-video-preview":"max-video-preview:-1"},"canonical":"https:\/\/slamdunkattorney.com\/es\/faqs\/what-is-a-spoilation-letter\/","og_locale":"es_MX","og_type":"article","og_title":"What is a Spoliation Letter? | Slam Dunk Attorney","og_description":"Find out what a spoliation letter is from the dedicated personal injury lawyers at Slam Dunk Attorney. Contact us today for a free consult.","og_url":"https:\/\/slamdunkattorney.com\/es\/faqs\/what-is-a-spoilation-letter\/","og_site_name":"Slam Dunk Attorney | Injury Lawyers","article_publisher":"https:\/\/www.facebook.com\/slamdunkattorneyinjurylawyers\/","article_modified_time":"2025-02-25T14:31:24+00:00","og_image":[{"width":1000,"height":667,"url":"https:\/\/slamdunkattorney.com\/wp-content\/uploads\/2025\/02\/what-is-a-spoilation-letter.jpg","type":"image\/jpeg"}],"twitter_card":"summary_large_image","twitter_site":"@slamdunkattorney","twitter_misc":{"Est. reading time":"5 minutos"},"schema":{"@context":"https:\/\/schema.org","@graph":[{"@type":"WebPage","@id":"https:\/\/slamdunkattorney.com\/faqs\/what-is-a-spoilation-letter\/","url":"https:\/\/slamdunkattorney.com\/faqs\/what-is-a-spoilation-letter\/","name":"What is a Spoliation Letter? | Slam Dunk Attorney","isPartOf":{"@id":"https:\/\/slamdunkattorney.com\/#website"},"primaryImageOfPage":{"@id":"https:\/\/slamdunkattorney.com\/faqs\/what-is-a-spoilation-letter\/#primaryimage"},"image":{"@id":"https:\/\/slamdunkattorney.com\/faqs\/what-is-a-spoilation-letter\/#primaryimage"},"thumbnailUrl":"https:\/\/slamdunkattorney.com\/wp-content\/uploads\/2025\/02\/what-is-a-spoilation-letter.jpg","datePublished":"2025-02-25T14:31:15+00:00","dateModified":"2025-02-25T14:31:24+00:00","description":"Find out what a spoliation letter is from the dedicated personal injury lawyers at Slam Dunk Attorney. Contact us today for a free consult.","breadcrumb":{"@id":"https:\/\/slamdunkattorney.com\/faqs\/what-is-a-spoilation-letter\/#breadcrumb"},"inLanguage":"es","potentialAction":[{"@type":"ReadAction","target":["https:\/\/slamdunkattorney.com\/faqs\/what-is-a-spoilation-letter\/"]}]},{"@type":"ImageObject","inLanguage":"es","@id":"https:\/\/slamdunkattorney.com\/faqs\/what-is-a-spoilation-letter\/#primaryimage","url":"https:\/\/slamdunkattorney.com\/wp-content\/uploads\/2025\/02\/what-is-a-spoilation-letter.jpg","contentUrl":"https:\/\/slamdunkattorney.com\/wp-content\/uploads\/2025\/02\/what-is-a-spoilation-letter.jpg","width":1000,"height":667,"caption":"A personal injury lawyer drafting a spoliation letter."},{"@type":"BreadcrumbList","@id":"https:\/\/slamdunkattorney.com\/faqs\/what-is-a-spoilation-letter\/#breadcrumb","itemListElement":[{"@type":"ListItem","position":1,"name":"Home","item":"https:\/\/slamdunkattorney.com\/"},{"@type":"ListItem","position":2,"name":"FAQs","item":"https:\/\/slamdunkattorney.com\/faqs\/"},{"@type":"ListItem","position":3,"name":"What is a Spoliation Letter?"}]},{"@type":"WebSite","@id":"https:\/\/slamdunkattorney.com\/#website","url":"https:\/\/slamdunkattorney.com\/","name":"Abogado experto en lesiones | Abogados especializados en lesiones","description":"Abogados de lesiones personales en Duluth","publisher":{"@id":"https:\/\/slamdunkattorney.com\/#organization"},"alternateName":"Slam Dunk Attorney","inLanguage":"es"},{"@type":"Organization","@id":"https:\/\/slamdunkattorney.com\/#organization","name":"Abogado Slam Dunk","alternateName":"Slam Dunk","url":"https:\/\/slamdunkattorney.com\/","logo":{"@type":"ImageObject","inLanguage":"es","@id":"https:\/\/slamdunkattorney.com\/#\/schema\/logo\/image\/","url":"https:\/\/slamdunkattorney.com\/wp-content\/uploads\/2023\/05\/cropped-Logo.png","contentUrl":"https:\/\/slamdunkattorney.com\/wp-content\/uploads\/2023\/05\/cropped-Logo.png","width":1080,"height":240,"caption":"Slam Dunk Attorney"},"image":{"@id":"https:\/\/slamdunkattorney.com\/#\/schema\/logo\/image\/"},"sameAs":["https:\/\/www.facebook.com\/slamdunkattorneyinjurylawyers\/","https:\/\/x.com\/slamdunkattorney","https:\/\/www.instagram.com\/slamdunkattorney\/","https:\/\/www.youtube.com\/channel\/UCSrOiC7vOjlCi3UgtIVGNtw","https:\/\/www.linkedin.com\/company\/slamdunkattorneyinjurylawyers"]}]}},"yoast_meta":{"yoast_wpseo_title":"","yoast_wpseo_metadesc":"","yoast_wpseo_canonical":"https:\/\/slamdunkattorney.com\/es\/wp-json\/wp\/v2\/pages\/16574"},"_links":{"self":[{"href":"https:\/\/slamdunkattorney.com\/es\/wp-json\/wp\/v2\/pages\/16574","targetHints":{"allow":["GET"]}}],"collection":[{"href":"https:\/\/slamdunkattorney.com\/es\/wp-json\/wp\/v2\/pages"}],"about":[{"href":"https:\/\/slamdunkattorney.com\/es\/wp-json\/wp\/v2\/types\/page"}],"author":[{"embeddable":true,"href":"https:\/\/slamdunkattorney.com\/es\/wp-json\/wp\/v2\/users\/2"}],"replies":[{"embeddable":true,"href":"https:\/\/slamdunkattorney.com\/es\/wp-json\/wp\/v2\/comments?post=16574"}],"version-history":[{"count":0,"href":"https:\/\/slamdunkattorney.com\/es\/wp-json\/wp\/v2\/pages\/16574\/revisions"}],"up":[{"embeddable":true,"href":"https:\/\/slamdunkattorney.com\/es\/wp-json\/wp\/v2\/pages\/5902"}],"wp:featuredmedia":[{"embeddable":true,"href":"https:\/\/slamdunkattorney.com\/es\/wp-json\/wp\/v2\/media\/16575"}],"wp:attachment":[{"href":"https:\/\/slamdunkattorney.com\/es\/wp-json\/wp\/v2\/media?parent=16574"}],"wp:term":[{"taxonomy":"extra-categories","embeddable":true,"href":"https:\/\/slamdunkattorney.com\/es\/wp-json\/wp\/v2\/extra-categories?post=16574"},{"taxonomy":"hc_faqs","embeddable":true,"href":"https:\/\/slamdunkattorney.com\/es\/wp-json\/wp\/v2\/hc_faqs?post=16574"}],"curies":[{"name":"wp","href":"https:\/\/api.w.org\/{rel}","templated":true}]}}