{"id":16572,"date":"2025-02-25T14:28:47","date_gmt":"2025-02-25T14:28:47","guid":{"rendered":"https:\/\/slamdunk.wpenginepowered.com\/?page_id=16572"},"modified":"2025-02-25T14:28:56","modified_gmt":"2025-02-25T14:28:56","slug":"what-are-some-examples-of-evidence-spoliation","status":"publish","type":"page","link":"https:\/\/slamdunkattorney.com\/es\/faqs\/what-are-some-examples-of-evidence-spoilation\/","title":{"rendered":"\u00bfCu\u00e1les son algunos ejemplos de destrucci\u00f3n de pruebas?"},"content":{"rendered":"<p><span style=\"font-weight: 400;\">La destrucci\u00f3n de pruebas es un delito penal que se produce cuando una de las partes de un caso destruye pruebas de forma deliberada, negligente o accidental. <\/span><b>Algunos ejemplos de destrucci\u00f3n de pruebas i<\/b><span style=\"font-weight: 400;\">Incluye que una de las partes destruya pruebas intencionadamente, pierda pruebas o no conserve pruebas que deber\u00eda conservar.<\/span><\/p>\n<p><span style=\"font-weight: 400;\">A <\/span><a href=\"https:\/\/slamdunkattorney.com\/es\/\"><span style=\"font-weight: 400;\">Abogado especializado en lesiones personales en Duluth<\/span><\/a><span style=\"font-weight: 400;\"> puede conservar y proteger pruebas cruciales enviando cartas de requerimiento, contactando con las partes pertinentes para recopilar y conservar datos, y solicitando la suspensi\u00f3n de las pr\u00e1cticas habituales de eliminaci\u00f3n.\u00a0<\/span><\/p>\n<h2><span style=\"font-weight: 400;\">Comprender la destrucci\u00f3n de pruebas<\/span><\/h2>\n<p><span style=\"font-weight: 400;\">En un caso civil, como un caso de lesiones personales, ambas partes deben compartir todas las pruebas disponibles sobre el incidente y las p\u00e9rdidas. En la destrucci\u00f3n de pruebas, una de las partes del proceso<\/span><b> destruye deliberadamente, por negligencia o accidentalmente las pruebas que, de alguna manera, son relevantes para el caso.<\/b><span style=\"font-weight: 400;\"> Hay varios datos clave que hay que saber sobre la expoliaci\u00f3n.<\/span><\/p>\n<ul>\n<li style=\"font-weight: 400;\" aria-level=\"1\"><span style=\"font-weight: 400;\">Incluso si una de las partes del proceso civil destruye accidentalmente pruebas, sigue siendo un acto delictivo. Independientemente de si se trata de actos intencionados o no, este tipo de pruebas deben protegerse.<\/span><\/li>\n<li style=\"font-weight: 400;\" aria-level=\"1\"><span style=\"font-weight: 400;\">Si las pruebas que deber\u00edan estar disponibles no lo est\u00e1n, esto puede afectar la capacidad del tribunal para determinar qu\u00e9 medidas adecuadas deben tomarse tras el accidente.<\/span><\/li>\n<li style=\"font-weight: 400;\" aria-level=\"1\"><span style=\"font-weight: 400;\">Es habitual que quienes se enfrentan a denuncias por destrucci\u00f3n de pruebas sufran las consecuencias de sus actos.<\/span><\/li>\n<\/ul>\n<p><span style=\"font-weight: 400;\">El impacto en su caso por destrucci\u00f3n de pruebas depende de si se le acusa a usted de destruir pruebas o si se acusa a la otra parte. Al trabajar con un abogado, conocer\u00e1 cu\u00e1les son sus derechos en cualquiera de las dos situaciones, as\u00ed como las medidas que se pueden tomar para mitigar esos riesgos. En todos los casos, si tiene pruebas relacionadas con su caso, colabore sin falta con su abogado para conservarlas.<\/span><\/p>\n\n<div class=\"cta-container row align-items-center\">\n    <div class=\"col-md-7\">\n        <p class=\"cta-text rs-content-cta\">Orgullosos de servir a Duluth y a todo Georgia <span>\u00a1Cont\u00e1ctenos para comenzar su recuperaci\u00f3n!<\/span> <a href=\"https:\/\/slamdunkattorney.com\/es\/\">Explore nuestras \u00e1reas de pr\u00e1ctica<\/a><\/p>\n    <\/div>\n    <div class=\"col-md-5\">\n        <img decoding=\"async\" src=\"https:\/\/slamdunkattorney.com\/wp-content\/themes\/slam-dunk-rebuild\/assets\/app\/img\/map-cta.jpg\" alt=\"Legal Consultation\" class=\"img-fluid\"\/>\n    <\/div>\n<\/div><h2><span style=\"font-weight: 400;\">Ejemplos de destrucci\u00f3n de pruebas<\/span><\/h2>\n<p><span style=\"font-weight: 400;\">Numerosos actos podr\u00edan entrar dentro de la creencia de <\/span><a href=\"https:\/\/study.com\/academy\/lesson\/spoliation-of-evidence-definition-cases.html#:~:text=For%20example%2C%20a%20police%20officer,be%20considered%20spoliation%20of%20evidence.\" target=\"_blank\" rel=\"noopener\"><span style=\"font-weight: 400;\">destrucci\u00f3n de pruebas<\/span><\/a><span style=\"font-weight: 400;\">. Podr\u00eda implicar cualquier acci\u00f3n relacionada con la alteraci\u00f3n, destrucci\u00f3n o p\u00e9rdida de pruebas que desempe\u00f1en un papel en un caso legal. Algunos ejemplos de destrucci\u00f3n de pruebas son:<\/span><\/p>\n<ul>\n<li style=\"font-weight: 400;\" aria-level=\"1\"><b>No conservar las pruebas<\/b>:<span style=\"font-weight: 400;\"> No proteger las pruebas contra su p\u00e9rdida se considera destrucci\u00f3n de pruebas. Si el fabricante de un producto no conserva pruebas valiosas en un caso espec\u00edfico relacionado con una demanda a la que se enfrenta, esto podr\u00eda constituir un delito.<\/span><\/li>\n<li style=\"font-weight: 400;\" aria-level=\"1\"><b>Los documentos se destruyen.<\/b>: <span style=\"font-weight: 400;\">Los documentos da\u00f1ados hasta el punto de quedar inservibles son un ejemplo y pueden aplicarse a cualquier tipo de destrucci\u00f3n. Si el propietario de una empresa destruye documentaci\u00f3n de comunicaciones personales que demuestran responsabilidad o negligencia porque no quiere que nadie las vea, eso es un indicio.<\/span><\/li>\n<li style=\"font-weight: 400;\" aria-level=\"1\"><b>Pruebas perjudiciales durante las pruebas del producto<\/b>:<span style=\"font-weight: 400;\"> En algunas situaciones, una empresa puede tomar medidas para da\u00f1ar las pruebas con el fin de que resulten inutilizables o inexactas. Por ejemplo, si un centro de salud destruye informes m\u00e9dicos o resultados de laboratorio durante las pruebas, eso podr\u00eda entrar dentro de este \u00e1mbito.<\/span><\/li>\n<li style=\"font-weight: 400;\" aria-level=\"1\"><b>P\u00e9rdida de pruebas<\/b>:<span style=\"font-weight: 400;\"> Las pruebas que puedan utilizarse deben conservarse de forma segura. En algunas situaciones, las pruebas pueden dejar de estar disponibles o accesibles de forma repentina por alg\u00fan motivo, o simplemente pueden perderse. Por ejemplo, un agente de polic\u00eda que pierda la documentaci\u00f3n o las pruebas de un delito puede infringir esta ley.<\/span><\/li>\n<\/ul>\n<p><span style=\"font-weight: 400;\">En cualquier situaci\u00f3n, este tipo de infracciones pueden afectar directa o indirectamente el resultado de un caso. Si cree que esto ha ocurrido en su caso, emprenda acciones legales de inmediato para informar a su <\/span><a href=\"https:\/\/slamdunkattorney.com\/es\/duluth\/car-accident-lawyer\/\"><span style=\"font-weight: 400;\">Abogado especializado en accidentes automovil\u00edsticos en Duluth<\/span><\/a><span style=\"font-weight: 400;\"> o p\u00f3ngase en contacto con el tribunal seg\u00fan corresponda. Aunque se trata de una acusaci\u00f3n grave, puede ser fundamental para proteger su derecho a una indemnizaci\u00f3n.<\/span><\/p>\n<h2><span style=\"font-weight: 400;\">Ejemplo de destrucci\u00f3n de pruebas en un caso de negligencia m\u00e9dica<\/span><\/h2>\n<p><span style=\"font-weight: 400;\">Una de las preocupaciones m\u00e1s comunes relacionadas con el <\/span><b>destrucci\u00f3n de pruebas<\/b><span style=\"font-weight: 400;\"> Se da en casos de negligencia m\u00e9dica, en los que las pruebas fundamentales que podr\u00edan claramente responsabilizar a la otra parte pueden, de alguna manera, dejar de estar disponibles. Sus abogados especializados en negligencia m\u00e9dica trabajar\u00e1n para minimizar este riesgo actuando con rapidez para preservar las pruebas. Algunos ejemplos de cu\u00e1ndo puede ocurrir esto son:<\/span><\/p>\n<ul>\n<li style=\"font-weight: 400;\" aria-level=\"1\"><span style=\"font-weight: 400;\">Una empresa de transporte destruye los datos de la caja negra del cami\u00f3n con remolque al realizar reparaciones prematuras y volver a poner el cami\u00f3n en circulaci\u00f3n.<\/span><\/li>\n<li style=\"font-weight: 400;\" aria-level=\"1\"><span style=\"font-weight: 400;\">Extraviar registros a prop\u00f3sito al pasar de un departamento a otro.<\/span><\/li>\n<li style=\"font-weight: 400;\" aria-level=\"1\"><span style=\"font-weight: 400;\">La documentaci\u00f3n o los datos m\u00e9dicos se introducen en el expediente del paciente equivocado.<\/span><\/li>\n<li style=\"font-weight: 400;\" aria-level=\"1\"><span style=\"font-weight: 400;\">Los resultados de laboratorio, como los resultados de biopsias, se deterioran cuando se env\u00edan a un tercero para su an\u00e1lisis.<\/span><\/li>\n<li style=\"font-weight: 400;\" aria-level=\"1\"><span style=\"font-weight: 400;\">Los empleados del hospital desechan muestras u otra documentaci\u00f3n sin ser conscientes del riesgo que ello conlleva.<\/span><\/li>\n<li style=\"font-weight: 400;\" aria-level=\"1\"><span style=\"font-weight: 400;\">No se guardan las tiras de monitorizaci\u00f3n fetal que podr\u00edan utilizarse en contra de un m\u00e9dico por no prestar ayuda a tiempo a un beb\u00e9 en peligro.<\/span><\/li>\n<\/ul>\n<p><span style=\"font-weight: 400;\">La negligencia m\u00e9dica es solo un sector del derecho de da\u00f1os personales, y este tipo de reclamaciones pueden aplicarse a cualquier sector. Si cree que faltan pruebas o que alguien \u201cdeber\u00eda haber\u2019 tenido constancia de alg\u00fan elemento de su caso y no habla con su equipo legal sobre sus opciones, su abogado puede investigar estas reclamaciones para determinar si hay pruebas de intenci\u00f3n maliciosa o de alguna otra infracci\u00f3n de la ley.<\/span><\/p>\n<h3><span style=\"font-weight: 400;\">Accidente frente a p\u00e9rdida intencionada de pruebas<\/span><\/h3>\n<p><span style=\"font-weight: 400;\">Uno de los factores que influir\u00e1 en lo que ocurra en estos casos es la determinaci\u00f3n de por qu\u00e9 faltan las pruebas o ya no se puede acceder a ellas.\u00a0<\/span><\/p>\n<p><span style=\"font-weight: 400;\">Si el tribunal considera que la parte culpable u otra parte destruy\u00f3 las pruebas de forma intencionada, imprudente o deliberada como una forma directa de reducir el riesgo para su caso, las sanciones podr\u00edan ser m\u00e1s severas. Las sanciones en el caso son menos severas en situaciones de simple negligencia, como cuando una enfermera tira las tiras reactivas.<\/span><\/p>\n<h3><span style=\"font-weight: 400;\">C\u00f3mo determinar qu\u00e9 se aplica en su caso<\/span><\/h3>\n<p><span style=\"font-weight: 400;\">Cuando se re\u00fana con su abogado, obtendr\u00e1 m\u00e1s informaci\u00f3n sobre los tipos de pruebas que pueden estar disponibles para demostrar que su caso es por negligencia, como videos y fotos, pruebas y registros, o documentaci\u00f3n de errores que las empresas o personas deber\u00edan tener.\u00a0<\/span><\/p>\n<p><span style=\"font-weight: 400;\">A continuaci\u00f3n, su abogado colaborar\u00e1 estrechamente con la parte culpable para localizar estos registros y poder compartirlos con el fin de aclarar los riesgos y las p\u00e9rdidas. En situaciones en las que se produzca la destrucci\u00f3n de pruebas, se llevar\u00e1 a cabo una investigaci\u00f3n exhaustiva para determinar por qu\u00e9 ha ocurrido y cu\u00e1les podr\u00edan ser las consecuencias.<\/span><\/p>\n\n<div class=\"cta-container row align-items-center\">\n    <div class=\"col-md-7\">\n        <p class=\"cta-text rs-content-cta\"><a class=\"no-btn\" href=\"https:\/\/slamdunkattorney.com\/es\/contact-us\/\">Haga clic para contactar<\/a> nuestros abogados especializados en lesiones personales hoy mismo<\/p>\n    <\/div>\n    <div class=\"col-md-5\">\n        <img decoding=\"async\" src=\"https:\/\/slamdunkattorney.com\/wp-content\/themes\/slam-dunk-rebuild\/assets\/app\/img\/map-cta.jpg\" alt=\"Contact Us\" class=\"img-fluid\"\/>\n    <\/div>\n<\/div><h2><span style=\"font-weight: 400;\">P\u00f3ngase en contacto con un abogado para conocer sus derechos.<\/span><\/h2>\n<p><span style=\"font-weight: 400;\">En cualquier situaci\u00f3n en la que creas que deber\u00eda existir evidencia pero no la hay, avisa a tu abogado especializado en lesiones personales para discutir los derechos legales que tienes. En situaciones en las que creas que un m\u00e9dico, una empresa u otra parte pueden no proporcionar evidencia en tu caso, debes saber que tu abogado puede obligarlos a hacerlo en algunas situaciones.\u00a0<\/span><\/p>\n<p><span style=\"font-weight: 400;\">Busca un <\/span><b>consulta gratuita<\/b><span style=\"font-weight: 400;\"> Para obtener m\u00e1s informaci\u00f3n, p\u00f3ngase en contacto con Slam Dunk Attorney ahora mismo y descubra c\u00f3mo podemos ayudarle en casos de destrucci\u00f3n de pruebas.<\/span><\/p>\n\n<div class=\"cta-container row align-items-center\">\n    <div class=\"col-md-7\">\n        <p class=\"cta-text rs-content-cta\">Llame o env\u00ede un mensaje de texto <a class=\"no-btn\" href=\"tel:+14049513513\">404-951-3513<\/a> o completar un <a href=\"https:\/\/slamdunkattorney.com\/es\/contact-us\/\">Formulario de evaluaci\u00f3n gratuita de su caso<\/a><\/p>\n    <\/div>\n    <div class=\"col-md-5\">\n        <img decoding=\"async\" src=\"https:\/\/slamdunkattorney.com\/wp-content\/themes\/slam-dunk-rebuild\/assets\/app\/img\/map-cta.jpg\" alt=\"Call or Text\" class=\"img-fluid\"\/>\n    <\/div>\n<\/div>","protected":false},"excerpt":{"rendered":"<p>Evidence spoliation is a criminal offense that occurs when any type of deliberate, negligent, or accidental destruction of evidence occurs by one side of a case. Some examples of evidence spoliation include one party intentionally destroying evidence, losing evidence, or failing to maintain evidence that they should have. A Duluth personal injury lawyer can preserve &#8230;<\/p>","protected":false},"author":2,"featured_media":16573,"parent":5902,"menu_order":0,"comment_status":"closed","ping_status":"closed","template":"","meta":{"_acf_changed":false,"_genesis_hide_title":false,"_genesis_hide_breadcrumbs":false,"_genesis_hide_singular_image":false,"_genesis_hide_footer_widgets":false,"_genesis_custom_body_class":"","_genesis_custom_post_class":"","_genesis_layout":"","ngg_post_thumbnail":0,"footnotes":""},"extra-categories":[],"hc_faqs":[40],"class_list":{"0":"post-16572","1":"page","2":"type-page","3":"status-publish","4":"has-post-thumbnail","6":"hc_faqs-personal-injury","7":"entry"},"acf":[],"yoast_head":"<!-- This site is optimized with the Yoast SEO plugin v27.4 - https:\/\/yoast.com\/product\/yoast-seo-wordpress\/ -->\n<title>Examples of Evidence Spoliation | Slam Dunk Attorney<\/title>\n<meta name=\"description\" content=\"Learn about some examples of evidence spoliation from the dedicated personal injury attorneys at Slam Dunk Attorney. Call 24\/7.\" \/>\n<meta name=\"robots\" content=\"index, follow, max-snippet:-1, max-image-preview:large, max-video-preview:-1\" \/>\n<link rel=\"canonical\" href=\"https:\/\/slamdunkattorney.com\/es\/faqs\/what-are-some-examples-of-evidence-spoilation\/\" \/>\n<meta property=\"og:locale\" content=\"es_MX\" \/>\n<meta property=\"og:type\" content=\"article\" \/>\n<meta property=\"og:title\" content=\"Examples of Evidence Spoliation | Slam Dunk Attorney\" \/>\n<meta property=\"og:description\" content=\"Learn about some examples of evidence spoliation from the dedicated personal injury attorneys at Slam Dunk Attorney. Call 24\/7.\" \/>\n<meta property=\"og:url\" content=\"https:\/\/slamdunkattorney.com\/es\/faqs\/what-are-some-examples-of-evidence-spoilation\/\" \/>\n<meta property=\"og:site_name\" content=\"Slam Dunk Attorney | Injury Lawyers\" \/>\n<meta property=\"article:publisher\" content=\"https:\/\/www.facebook.com\/slamdunkattorneyinjurylawyers\/\" \/>\n<meta property=\"article:modified_time\" content=\"2025-02-25T14:28:56+00:00\" \/>\n<meta property=\"og:image\" content=\"https:\/\/slamdunkattorney.com\/wp-content\/uploads\/2025\/02\/what-are-some-examples-of-evidence-spoliation.jpg\" \/>\n\t<meta property=\"og:image:width\" content=\"1000\" \/>\n\t<meta property=\"og:image:height\" content=\"563\" \/>\n\t<meta property=\"og:image:type\" content=\"image\/jpeg\" \/>\n<meta name=\"twitter:card\" content=\"summary_large_image\" \/>\n<meta name=\"twitter:site\" content=\"@slamdunkattorney\" \/>\n<meta name=\"twitter:label1\" content=\"Est. reading time\" \/>\n\t<meta name=\"twitter:data1\" content=\"5 minutos\" \/>\n<script type=\"application\/ld+json\" class=\"yoast-schema-graph\">{\"@context\":\"https:\\\/\\\/schema.org\",\"@graph\":[{\"@type\":\"WebPage\",\"@id\":\"https:\\\/\\\/slamdunkattorney.com\\\/faqs\\\/what-are-some-examples-of-evidence-spoilation\\\/\",\"url\":\"https:\\\/\\\/slamdunkattorney.com\\\/faqs\\\/what-are-some-examples-of-evidence-spoilation\\\/\",\"name\":\"Examples of Evidence Spoliation | Slam Dunk Attorney\",\"isPartOf\":{\"@id\":\"https:\\\/\\\/slamdunkattorney.com\\\/#website\"},\"primaryImageOfPage\":{\"@id\":\"https:\\\/\\\/slamdunkattorney.com\\\/faqs\\\/what-are-some-examples-of-evidence-spoilation\\\/#primaryimage\"},\"image\":{\"@id\":\"https:\\\/\\\/slamdunkattorney.com\\\/faqs\\\/what-are-some-examples-of-evidence-spoilation\\\/#primaryimage\"},\"thumbnailUrl\":\"https:\\\/\\\/slamdunkattorney.com\\\/wp-content\\\/uploads\\\/2025\\\/02\\\/what-are-some-examples-of-evidence-spoliation.jpg\",\"datePublished\":\"2025-02-25T14:28:47+00:00\",\"dateModified\":\"2025-02-25T14:28:56+00:00\",\"description\":\"Learn about some examples of evidence spoliation from the dedicated personal injury attorneys at Slam Dunk Attorney. Call 24\\\/7.\",\"breadcrumb\":{\"@id\":\"https:\\\/\\\/slamdunkattorney.com\\\/faqs\\\/what-are-some-examples-of-evidence-spoilation\\\/#breadcrumb\"},\"inLanguage\":\"es\",\"potentialAction\":[{\"@type\":\"ReadAction\",\"target\":[\"https:\\\/\\\/slamdunkattorney.com\\\/faqs\\\/what-are-some-examples-of-evidence-spoilation\\\/\"]}]},{\"@type\":\"ImageObject\",\"inLanguage\":\"es\",\"@id\":\"https:\\\/\\\/slamdunkattorney.com\\\/faqs\\\/what-are-some-examples-of-evidence-spoilation\\\/#primaryimage\",\"url\":\"https:\\\/\\\/slamdunkattorney.com\\\/wp-content\\\/uploads\\\/2025\\\/02\\\/what-are-some-examples-of-evidence-spoliation.jpg\",\"contentUrl\":\"https:\\\/\\\/slamdunkattorney.com\\\/wp-content\\\/uploads\\\/2025\\\/02\\\/what-are-some-examples-of-evidence-spoliation.jpg\",\"width\":1000,\"height\":563,\"caption\":\"A lawyer in the courtroom reviewing evidence. What are some examples of evidence spoliation?\"},{\"@type\":\"BreadcrumbList\",\"@id\":\"https:\\\/\\\/slamdunkattorney.com\\\/faqs\\\/what-are-some-examples-of-evidence-spoilation\\\/#breadcrumb\",\"itemListElement\":[{\"@type\":\"ListItem\",\"position\":1,\"name\":\"Home\",\"item\":\"https:\\\/\\\/slamdunkattorney.com\\\/\"},{\"@type\":\"ListItem\",\"position\":2,\"name\":\"FAQs\",\"item\":\"https:\\\/\\\/slamdunkattorney.com\\\/faqs\\\/\"},{\"@type\":\"ListItem\",\"position\":3,\"name\":\"What are Some Examples of Evidence Spoliation?\"}]},{\"@type\":\"WebSite\",\"@id\":\"https:\\\/\\\/slamdunkattorney.com\\\/#website\",\"url\":\"https:\\\/\\\/slamdunkattorney.com\\\/\",\"name\":\"Slam Dunk Attorney | Injury Lawyers\",\"description\":\"Duluth Personal Injury Lawyers\",\"publisher\":{\"@id\":\"https:\\\/\\\/slamdunkattorney.com\\\/#organization\"},\"alternateName\":\"Slam Dunk Attorney\",\"inLanguage\":\"es\"},{\"@type\":\"Organization\",\"@id\":\"https:\\\/\\\/slamdunkattorney.com\\\/#organization\",\"name\":\"Slam Dunk Attorney\",\"alternateName\":\"Slam Dunk\",\"url\":\"https:\\\/\\\/slamdunkattorney.com\\\/\",\"logo\":{\"@type\":\"ImageObject\",\"inLanguage\":\"es\",\"@id\":\"https:\\\/\\\/slamdunkattorney.com\\\/#\\\/schema\\\/logo\\\/image\\\/\",\"url\":\"https:\\\/\\\/slamdunkattorney.com\\\/wp-content\\\/uploads\\\/2023\\\/05\\\/cropped-Logo.png\",\"contentUrl\":\"https:\\\/\\\/slamdunkattorney.com\\\/wp-content\\\/uploads\\\/2023\\\/05\\\/cropped-Logo.png\",\"width\":1080,\"height\":240,\"caption\":\"Slam Dunk Attorney\"},\"image\":{\"@id\":\"https:\\\/\\\/slamdunkattorney.com\\\/#\\\/schema\\\/logo\\\/image\\\/\"},\"sameAs\":[\"https:\\\/\\\/www.facebook.com\\\/slamdunkattorneyinjurylawyers\\\/\",\"https:\\\/\\\/x.com\\\/slamdunkattorney\",\"https:\\\/\\\/www.instagram.com\\\/slamdunkattorney\\\/\",\"https:\\\/\\\/www.youtube.com\\\/channel\\\/UCSrOiC7vOjlCi3UgtIVGNtw\",\"https:\\\/\\\/www.linkedin.com\\\/company\\\/slamdunkattorneyinjurylawyers\"]}]}<\/script>\n<!-- \/ Yoast SEO plugin. -->","yoast_head_json":{"title":"Examples of Evidence Spoliation | Slam Dunk Attorney","description":"Learn about some examples of evidence spoliation from the dedicated personal injury attorneys at Slam Dunk Attorney. Call 24\/7.","robots":{"index":"index","follow":"follow","max-snippet":"max-snippet:-1","max-image-preview":"max-image-preview:large","max-video-preview":"max-video-preview:-1"},"canonical":"https:\/\/slamdunkattorney.com\/es\/faqs\/what-are-some-examples-of-evidence-spoilation\/","og_locale":"es_MX","og_type":"article","og_title":"Examples of Evidence Spoliation | Slam Dunk Attorney","og_description":"Learn about some examples of evidence spoliation from the dedicated personal injury attorneys at Slam Dunk Attorney. Call 24\/7.","og_url":"https:\/\/slamdunkattorney.com\/es\/faqs\/what-are-some-examples-of-evidence-spoilation\/","og_site_name":"Slam Dunk Attorney | Injury Lawyers","article_publisher":"https:\/\/www.facebook.com\/slamdunkattorneyinjurylawyers\/","article_modified_time":"2025-02-25T14:28:56+00:00","og_image":[{"width":1000,"height":563,"url":"https:\/\/slamdunkattorney.com\/wp-content\/uploads\/2025\/02\/what-are-some-examples-of-evidence-spoliation.jpg","type":"image\/jpeg"}],"twitter_card":"summary_large_image","twitter_site":"@slamdunkattorney","twitter_misc":{"Est. reading time":"5 minutos"},"schema":{"@context":"https:\/\/schema.org","@graph":[{"@type":"WebPage","@id":"https:\/\/slamdunkattorney.com\/faqs\/what-are-some-examples-of-evidence-spoilation\/","url":"https:\/\/slamdunkattorney.com\/faqs\/what-are-some-examples-of-evidence-spoilation\/","name":"Examples of Evidence Spoliation | Slam Dunk Attorney","isPartOf":{"@id":"https:\/\/slamdunkattorney.com\/#website"},"primaryImageOfPage":{"@id":"https:\/\/slamdunkattorney.com\/faqs\/what-are-some-examples-of-evidence-spoilation\/#primaryimage"},"image":{"@id":"https:\/\/slamdunkattorney.com\/faqs\/what-are-some-examples-of-evidence-spoilation\/#primaryimage"},"thumbnailUrl":"https:\/\/slamdunkattorney.com\/wp-content\/uploads\/2025\/02\/what-are-some-examples-of-evidence-spoliation.jpg","datePublished":"2025-02-25T14:28:47+00:00","dateModified":"2025-02-25T14:28:56+00:00","description":"Learn about some examples of evidence spoliation from the dedicated personal injury attorneys at Slam Dunk Attorney. Call 24\/7.","breadcrumb":{"@id":"https:\/\/slamdunkattorney.com\/faqs\/what-are-some-examples-of-evidence-spoilation\/#breadcrumb"},"inLanguage":"es","potentialAction":[{"@type":"ReadAction","target":["https:\/\/slamdunkattorney.com\/faqs\/what-are-some-examples-of-evidence-spoilation\/"]}]},{"@type":"ImageObject","inLanguage":"es","@id":"https:\/\/slamdunkattorney.com\/faqs\/what-are-some-examples-of-evidence-spoilation\/#primaryimage","url":"https:\/\/slamdunkattorney.com\/wp-content\/uploads\/2025\/02\/what-are-some-examples-of-evidence-spoliation.jpg","contentUrl":"https:\/\/slamdunkattorney.com\/wp-content\/uploads\/2025\/02\/what-are-some-examples-of-evidence-spoliation.jpg","width":1000,"height":563,"caption":"A lawyer in the courtroom reviewing evidence. What are some examples of evidence spoliation?"},{"@type":"BreadcrumbList","@id":"https:\/\/slamdunkattorney.com\/faqs\/what-are-some-examples-of-evidence-spoilation\/#breadcrumb","itemListElement":[{"@type":"ListItem","position":1,"name":"Home","item":"https:\/\/slamdunkattorney.com\/"},{"@type":"ListItem","position":2,"name":"FAQs","item":"https:\/\/slamdunkattorney.com\/faqs\/"},{"@type":"ListItem","position":3,"name":"What are Some Examples of Evidence Spoliation?"}]},{"@type":"WebSite","@id":"https:\/\/slamdunkattorney.com\/#website","url":"https:\/\/slamdunkattorney.com\/","name":"Abogado experto en lesiones | Abogados especializados en lesiones","description":"Abogados de lesiones personales en Duluth","publisher":{"@id":"https:\/\/slamdunkattorney.com\/#organization"},"alternateName":"Slam Dunk Attorney","inLanguage":"es"},{"@type":"Organization","@id":"https:\/\/slamdunkattorney.com\/#organization","name":"Abogado Slam Dunk","alternateName":"Slam Dunk","url":"https:\/\/slamdunkattorney.com\/","logo":{"@type":"ImageObject","inLanguage":"es","@id":"https:\/\/slamdunkattorney.com\/#\/schema\/logo\/image\/","url":"https:\/\/slamdunkattorney.com\/wp-content\/uploads\/2023\/05\/cropped-Logo.png","contentUrl":"https:\/\/slamdunkattorney.com\/wp-content\/uploads\/2023\/05\/cropped-Logo.png","width":1080,"height":240,"caption":"Slam Dunk Attorney"},"image":{"@id":"https:\/\/slamdunkattorney.com\/#\/schema\/logo\/image\/"},"sameAs":["https:\/\/www.facebook.com\/slamdunkattorneyinjurylawyers\/","https:\/\/x.com\/slamdunkattorney","https:\/\/www.instagram.com\/slamdunkattorney\/","https:\/\/www.youtube.com\/channel\/UCSrOiC7vOjlCi3UgtIVGNtw","https:\/\/www.linkedin.com\/company\/slamdunkattorneyinjurylawyers"]}]}},"yoast_meta":{"yoast_wpseo_title":"","yoast_wpseo_metadesc":"","yoast_wpseo_canonical":"https:\/\/slamdunkattorney.com\/es\/wp-json\/wp\/v2\/pages\/16572"},"_links":{"self":[{"href":"https:\/\/slamdunkattorney.com\/es\/wp-json\/wp\/v2\/pages\/16572","targetHints":{"allow":["GET"]}}],"collection":[{"href":"https:\/\/slamdunkattorney.com\/es\/wp-json\/wp\/v2\/pages"}],"about":[{"href":"https:\/\/slamdunkattorney.com\/es\/wp-json\/wp\/v2\/types\/page"}],"author":[{"embeddable":true,"href":"https:\/\/slamdunkattorney.com\/es\/wp-json\/wp\/v2\/users\/2"}],"replies":[{"embeddable":true,"href":"https:\/\/slamdunkattorney.com\/es\/wp-json\/wp\/v2\/comments?post=16572"}],"version-history":[{"count":0,"href":"https:\/\/slamdunkattorney.com\/es\/wp-json\/wp\/v2\/pages\/16572\/revisions"}],"up":[{"embeddable":true,"href":"https:\/\/slamdunkattorney.com\/es\/wp-json\/wp\/v2\/pages\/5902"}],"wp:featuredmedia":[{"embeddable":true,"href":"https:\/\/slamdunkattorney.com\/es\/wp-json\/wp\/v2\/media\/16573"}],"wp:attachment":[{"href":"https:\/\/slamdunkattorney.com\/es\/wp-json\/wp\/v2\/media?parent=16572"}],"wp:term":[{"taxonomy":"extra-categories","embeddable":true,"href":"https:\/\/slamdunkattorney.com\/es\/wp-json\/wp\/v2\/extra-categories?post=16572"},{"taxonomy":"hc_faqs","embeddable":true,"href":"https:\/\/slamdunkattorney.com\/es\/wp-json\/wp\/v2\/hc_faqs?post=16572"}],"curies":[{"name":"wp","href":"https:\/\/api.w.org\/{rel}","templated":true}]}}