{"id":16568,"date":"2025-02-25T13:12:26","date_gmt":"2025-02-25T13:12:26","guid":{"rendered":"https:\/\/slamdunk.wpenginepowered.com\/?page_id=16568"},"modified":"2025-02-28T12:22:17","modified_gmt":"2025-02-28T12:22:17","slug":"what-is-the-average-payout-for-a-pedestrian-hit-by-a-car","status":"publish","type":"page","link":"https:\/\/slamdunkattorney.com\/es\/faqs\/what-is-the-average-payout-for-a-pedestrian-hit-by-a-car\/","title":{"rendered":"\u00bfCu\u00e1l es la indemnizaci\u00f3n promedio para un peat\u00f3n atropellado por un autom\u00f3vil?"},"content":{"rendered":"<p><span style=\"font-weight: 400;\">\u00bfCu\u00e1l es la indemnizaci\u00f3n promedio para un peat\u00f3n atropellado por un autom\u00f3vil? La indemnizaci\u00f3n promedio para un peat\u00f3n atropellado por un autom\u00f3vil <\/span><b>depende de las lesiones de la v\u00edctima y otros factores.<\/b><span style=\"font-weight: 400;\">\u00a0<\/span><\/p>\n<p><span style=\"font-weight: 400;\">A <\/span><a href=\"https:\/\/slamdunkattorney.com\/es\/duluth\/pedestrian-accident-lawyer\/\"><span style=\"font-weight: 400;\">Abogado especializado en accidentes de peatones en Duluth<\/span><\/a><span style=\"font-weight: 400;\"> pueden determinar el valor de un caso y poner a su cliente en condiciones de obtener la m\u00e1xima indemnizaci\u00f3n de las partes responsables.<\/span><\/p>\n<h2><span style=\"font-weight: 400;\">\u00bfCu\u00e1l es la indemnizaci\u00f3n promedio para un peat\u00f3n atropellado por un autom\u00f3vil en Georgia?<\/span><\/h2>\n<p><span style=\"font-weight: 400;\">La indemnizaci\u00f3n media si usted es un peat\u00f3n atropellado por un coche en Georgia se basa en sus p\u00e9rdidas. Tras este incidente, re\u00fanase con un abogado especializado en accidentes de peatones en Duluth. A partir de ah\u00ed, podr\u00e1 informarse sobre los da\u00f1os econ\u00f3micos y no econ\u00f3micos que podr\u00eda recuperar en una demanda contra la parte demandada, tales como:<\/span><\/p>\n<ul>\n<li style=\"font-weight: 400;\" aria-level=\"1\"><span style=\"font-weight: 400;\">Facturas m\u00e9dicas<\/span><\/li>\n<li style=\"font-weight: 400;\" aria-level=\"1\"><span style=\"font-weight: 400;\">Dolor y sufrimiento<\/span><\/li>\n<li style=\"font-weight: 400;\" aria-level=\"1\"><span style=\"font-weight: 400;\">P\u00e9rdida del disfrute de la vida<\/span><\/li>\n<\/ul>\n<p><span style=\"font-weight: 400;\">Conf\u00ede en el equipo de Slam Dunk Attorney para que le ense\u00f1e sobre <\/span><a href=\"https:\/\/slamdunkattorney.com\/es\/faqs\/what-is-the-average-settlement-for-a-georgia-car-accident\/\"><span style=\"font-weight: 400;\">la indemnizaci\u00f3n media por un accidente automovil\u00edstico en Georgia<\/span><\/a><span style=\"font-weight: 400;\">. Hemos manejado miles de casos de lesiones personales y dedicaremos tiempo y recursos para ayudarle a obtener la indemnizaci\u00f3n que espera. Programe una consulta gratuita con nosotros.\u00a0<\/span><\/p>\n\n<div class=\"cta-container row align-items-center\">\n    <div class=\"col-md-7\">\n        <p class=\"cta-text rs-content-cta\">Orgullosos de servir a Duluth y a todo Georgia <span>\u00a1Cont\u00e1ctenos para comenzar su recuperaci\u00f3n!<\/span> <a href=\"https:\/\/slamdunkattorney.com\/es\/\">Explore nuestras \u00e1reas de pr\u00e1ctica<\/a><\/p>\n    <\/div>\n    <div class=\"col-md-5\">\n        <img decoding=\"async\" src=\"https:\/\/slamdunkattorney.com\/wp-content\/themes\/slam-dunk-rebuild\/assets\/app\/img\/map-cta.jpg\" alt=\"Legal Consultation\" class=\"img-fluid\"\/>\n    <\/div>\n<\/div><h2><span style=\"font-weight: 400;\">C\u00f3mo la compa\u00f1\u00eda de seguros de la parte responsable puede impedir que obtenga una indemnizaci\u00f3n media en su caso de accidente peatonal<\/span><\/h2>\n<p><span style=\"font-weight: 400;\">Los conductores de Georgia deben tener <\/span><a href=\"https:\/\/oci.georgia.gov\/insurance-resources\/auto\" target=\"_blank\" rel=\"noopener\"><span style=\"font-weight: 400;\">seguro de autom\u00f3vil<\/span><\/a><span style=\"font-weight: 400;\">. Si un conductor te atropella mientras caminas, trotas o corres, puede ser responsable de tu accidente. A los pocos d\u00edas del choque, la compa\u00f1\u00eda de seguros del conductor podr\u00eda ponerse en contacto contigo y ofrecerte un acuerdo.\u00a0<\/span><\/p>\n<p><span style=\"font-weight: 400;\">La aseguradora del conductor responsable podr\u00eda presionarlo para que apruebe un acuerdo, ya que le conviene que usted acepte esta oferta. Independientemente de ello, <\/span><b>Debes priorizar tu recuperaci\u00f3n tras el accidente. <\/b><span style=\"font-weight: 400;\">Contrata a un abogado con experiencia en casos similares para que te represente, ya que te ayudar\u00e1 a obtener la indemnizaci\u00f3n media por atropello de peatones o incluso m\u00e1s.\u00a0<\/span><\/p>\n<p><span style=\"font-weight: 400;\">Su abogado puede compartir <\/span><a href=\"https:\/\/slamdunkattorney.com\/es\/faqs\/how-to-read-a-police-accident-report\/\"><span style=\"font-weight: 400;\">Preguntas frecuentes<\/span><\/a><span style=\"font-weight: 400;\"> y otros recursos legales. Adem\u00e1s, pueden negociar en su nombre con la parte responsable y su compa\u00f1\u00eda de seguros. Si no recibe una oferta de acuerdo justa, su abogado puede animarle a continuar con la demanda.\u00a0\u00a0<\/span><\/p>\n<h2><span style=\"font-weight: 400;\">Factores que pueden afectar la indemnizaci\u00f3n por accidente de peatones<\/span><\/h2>\n<p><span style=\"font-weight: 400;\">Si autom\u00e1ticamente piensas que vas a conseguir <\/span><b>el pago promedio o superior por un peat\u00f3n atropellado por un autom\u00f3vil<\/b><span style=\"font-weight: 400;\">, pi\u00e9nselo de nuevo. Hay muchos factores que pueden determinar si usted recibe una indemnizaci\u00f3n de la parte responsable. Entre ellos se incluyen:<\/span><\/p>\n<h3><span style=\"font-weight: 400;\">Qu\u00e9 tan grave fue tu lesi\u00f3n<\/span><\/h3>\n<p><span style=\"font-weight: 400;\">Reciba atenci\u00f3n m\u00e9dica despu\u00e9s de su accidente y contin\u00fae consultando con su m\u00e9dico mientras se recupera. Si sufri\u00f3 lesiones graves, puede atender sus lesiones y utilizar sus registros m\u00e9dicos en su caso contra la parte culpable. Estos registros podr\u00edan ayudarle a demostrar ante un tribunal la gravedad de sus lesiones, lo que podr\u00eda ayudarle a obtener la indemnizaci\u00f3n que desea.\u00a0<\/span><\/p>\n<h3><span style=\"font-weight: 400;\">Sus ingresos perdidos<\/span><\/h3>\n<p><span style=\"font-weight: 400;\">Lleve un registro de los ingresos que no puede obtener debido a las lesiones sufridas en el accidente. Es posible que no pueda trabajar durante mucho tiempo, lo que puede afectar a sus ingresos actuales y futuros. En su demanda, puede utilizar sus recibos de sueldo para destacar c\u00f3mo sus lesiones est\u00e1n afectando a sus ingresos, lo que podr\u00eda llevar al juez o al jurado a fallar a su favor.\u00a0<\/span><\/p>\n<h3><span style=\"font-weight: 400;\">Su representaci\u00f3n legal<\/span><\/h3>\n<p><span style=\"font-weight: 400;\">Seleccione un abogado que conozca todos los detalles de <\/span><a href=\"https:\/\/slamdunkattorney.com\/es\/faqs\/how-do-i-negotiate-a-settlement-agreement\/\"><span style=\"font-weight: 400;\">C\u00f3mo negociar un acuerdo de conciliaci\u00f3n<\/span><\/a><span style=\"font-weight: 400;\">. Su abogado puede asegurarse de que sus intereses est\u00e9n protegidos durante las negociaciones del acuerdo. Si no se llega a un acuerdo, su abogado no dudar\u00e1 en llevar su caso a juicio.\u00a0<\/span><\/p>\n<p><span style=\"font-weight: 400;\">Tome medidas legales si desea obtener al menos la indemnizaci\u00f3n media por atropello de un peat\u00f3n. Trabaje con un abogado que conozca el sistema legal y sepa c\u00f3mo dejar claro ante un tribunal que usted debe ser indemnizado por cualquier persona que haya causado su accidente peatonal. Este abogado puede ayudarle a obtener m\u00e1s que la indemnizaci\u00f3n media por atropello de peatones.\u00a0<\/span><\/p>\n\n<div class=\"cta-container row align-items-center\">\n    <div class=\"col-md-7\">\n        <p class=\"cta-text rs-content-cta\"><a class=\"no-btn\" href=\"https:\/\/slamdunkattorney.com\/es\/contact-us\/\">Haga clic para contactar<\/a> nuestros abogados especializados en lesiones personales hoy mismo<\/p>\n    <\/div>\n    <div class=\"col-md-5\">\n        <img decoding=\"async\" src=\"https:\/\/slamdunkattorney.com\/wp-content\/themes\/slam-dunk-rebuild\/assets\/app\/img\/map-cta.jpg\" alt=\"Contact Us\" class=\"img-fluid\"\/>\n    <\/div>\n<\/div><h2><span style=\"font-weight: 400;\">C\u00f3mo obtener una indemnizaci\u00f3n superior a la media como peat\u00f3n atropellado por un autom\u00f3vil<\/span><\/h2>\n<p><span style=\"font-weight: 400;\">As\u00f3ciese con un abogado especializado en accidentes de peatones en Duluth que revisar\u00e1 su caso cuidadosamente y considerar\u00e1 sus p\u00e9rdidas cuantificables y subjetivas. Su abogado puede proporcionarle<\/span><b>Consejos para ayudarle a obtener m\u00e1s que una indemnizaci\u00f3n media de la parte responsable.<\/b><span style=\"font-weight: 400;\">, tales como:<\/span><\/p>\n<h3><span style=\"font-weight: 400;\">Presente una reclamaci\u00f3n de indemnizaci\u00f3n de inmediato.<\/span><\/h3>\n<p><span style=\"font-weight: 400;\">Deje que su abogado le gu\u00ede a trav\u00e9s del proceso. <\/span><a href=\"https:\/\/slamdunkattorney.com\/es\/faqs\/steps-to-take-when-filing-a-car-accident-lawsuit\/\"><span style=\"font-weight: 400;\">Pasos a seguir al presentar una demanda por accidente automovil\u00edstico<\/span><\/a><span style=\"font-weight: 400;\">. Por lo general, dispone de dos a\u00f1os desde la fecha en que sufri\u00f3 una lesi\u00f3n por negligencia de otra parte para solicitar una indemnizaci\u00f3n. Su abogado puede presentar su solicitud de indemnizaci\u00f3n de conformidad con la legislaci\u00f3n estatal.\u00a0<\/span><\/p>\n<h3><span style=\"font-weight: 400;\">Recopilar pruebas<\/span><\/h3>\n<p><span style=\"font-weight: 400;\">Re\u00fana pruebas que respalden su solicitud de indemnizaci\u00f3n. Puede utilizar fotos y videos del lugar del accidente, declaraciones de testigos y otras pruebas en su caso contra la parte culpable. Mientras tanto, su abogado puede explicarle <\/span><a href=\"https:\/\/slamdunkattorney.com\/es\/faqs\/how-to-read-a-police-accident-report\/\"><span style=\"font-weight: 400;\">C\u00f3mo leer un informe policial<\/span><\/a><span style=\"font-weight: 400;\"> y c\u00f3mo utilizar tus pruebas para presentar un argumento convincente.\u00a0<\/span><\/p>\n<h3><span style=\"font-weight: 400;\">Rechaza un acuerdo si no cumple con tus expectativas.<\/span><\/h3>\n<p><span style=\"font-weight: 400;\">Espera que la parte responsable o su compa\u00f1\u00eda de seguros te ofrezcan un acuerdo, pero no aceptes esta propuesta a menos que te ofrezca una compensaci\u00f3n adecuada. Discute la oferta de acuerdo con tu abogado. En \u00faltima instancia, tu abogado puede aconsejarte sobre qu\u00e9 hacer con la propuesta, pero t\u00fa tienes la \u00faltima palabra sobre si seguir adelante con ella.<\/span><\/p>\n<p><span style=\"font-weight: 400;\">No tienes ninguna obligaci\u00f3n de aceptar la indemnizaci\u00f3n media que se concede a un peat\u00f3n atropellado por un coche. Con la ayuda de un abogado especializado en accidentes de peatones, podr\u00e1s ocuparte de tu salud y bienestar tras el accidente. Durante este tiempo, tu abogado se centrar\u00e1 en obtener la indemnizaci\u00f3n que te corresponde de las partes responsables.\u00a0<\/span><\/p>\n\n<div class=\"cta-container map-bg row align-items-center flex-md-row-reverse\">\n    <div class=\"col-md-6\">\n        <p class=\"cta-text rs-content-cta\">Completa un <a href=\"https:\/\/slamdunkattorney.com\/es\/contact-us\/\">Formulario de evaluaci\u00f3n gratuita de su caso<\/a> ahora<\/p>\n    <\/div>\n    <div class=\"col-md-6 col-bg\">\n    <\/div>\n<\/div><h2><span style=\"font-weight: 400;\">As\u00f3ciese con un abogado especializado en lesiones personales de Duluth que pueda ayudarle a recuperarse de su accidente peatonal.<\/span><\/h2>\n<p><span style=\"font-weight: 400;\">Slam Dunk Attorney se preocupa realmente por usted y por su caso de accidente peatonal.\u00a0<\/span><\/p>\n<p><span style=\"font-weight: 400;\">Para demostrarlo, nos aseguramos de que no tenga que pasar por el proceso legal solo y le ayudamos en cada paso del camino. <\/span><b>Solicite hoy mismo una consulta gratuita sobre su caso.<\/b><\/p>\n\n<div class=\"cta-container row align-items-center\">\n    <div class=\"col-md-7\">\n        <p class=\"cta-text rs-content-cta\">Llame o env\u00ede un mensaje de texto <a class=\"no-btn\" href=\"tel:+14049513513\">404-951-3513<\/a> o completar un <a href=\"https:\/\/slamdunkattorney.com\/es\/contact-us\/\">Formulario de evaluaci\u00f3n gratuita de su caso<\/a><\/p>\n    <\/div>\n    <div class=\"col-md-5\">\n        <img decoding=\"async\" src=\"https:\/\/slamdunkattorney.com\/wp-content\/themes\/slam-dunk-rebuild\/assets\/app\/img\/map-cta.jpg\" alt=\"Call or Text\" class=\"img-fluid\"\/>\n    <\/div>\n<\/div>","protected":false},"excerpt":{"rendered":"<p>What is the average payout for a pedestrian hit by a car? The average payout for a pedestrian hit by a car depends on the victim&#8217;s injuries and other factors.\u00a0 A Duluth pedestrian accident lawyer can determine how much a case may be worth and put their client in a position to secure maximum compensation &#8230;<\/p>","protected":false},"author":2,"featured_media":16569,"parent":5902,"menu_order":0,"comment_status":"closed","ping_status":"closed","template":"","meta":{"_acf_changed":false,"_genesis_hide_title":false,"_genesis_hide_breadcrumbs":false,"_genesis_hide_singular_image":false,"_genesis_hide_footer_widgets":false,"_genesis_custom_body_class":"","_genesis_custom_post_class":"","_genesis_layout":"","ngg_post_thumbnail":0,"footnotes":""},"extra-categories":[],"hc_faqs":[41],"class_list":{"0":"post-16568","1":"page","2":"type-page","3":"status-publish","4":"has-post-thumbnail","6":"hc_faqs-car-accident","7":"entry"},"acf":[],"yoast_head":"<!-- This site is optimized with the Yoast SEO plugin v27.4 - https:\/\/yoast.com\/product\/yoast-seo-wordpress\/ -->\n<title>Average Payout for a Pedestrian Hit by a Car | Slam Dunk<\/title>\n<meta name=\"description\" content=\"Find out what the average payout is for a pedestrian hit by a car from the dedicated car accident lawyers at Slam Dunk Attorney. Call 24\/7.\" \/>\n<meta name=\"robots\" content=\"index, follow, max-snippet:-1, max-image-preview:large, max-video-preview:-1\" \/>\n<link rel=\"canonical\" href=\"https:\/\/slamdunkattorney.com\/es\/faqs\/what-is-the-average-payout-for-a-pedestrian-hit-by-a-car\/\" \/>\n<meta property=\"og:locale\" content=\"es_MX\" \/>\n<meta property=\"og:type\" content=\"article\" \/>\n<meta property=\"og:title\" content=\"Average Payout for a Pedestrian Hit by a Car | Slam Dunk\" \/>\n<meta property=\"og:description\" content=\"Find out what the average payout is for a pedestrian hit by a car from the dedicated car accident lawyers at Slam Dunk Attorney. Call 24\/7.\" \/>\n<meta property=\"og:url\" content=\"https:\/\/slamdunkattorney.com\/es\/faqs\/what-is-the-average-payout-for-a-pedestrian-hit-by-a-car\/\" \/>\n<meta property=\"og:site_name\" content=\"Slam Dunk Attorney | Injury Lawyers\" \/>\n<meta property=\"article:publisher\" content=\"https:\/\/www.facebook.com\/slamdunkattorneyinjurylawyers\/\" \/>\n<meta property=\"article:modified_time\" content=\"2025-02-28T12:22:17+00:00\" \/>\n<meta property=\"og:image\" content=\"https:\/\/slamdunkattorney.com\/wp-content\/uploads\/2025\/02\/what-is-the-average-payout-for-a-pedestrian-hit-by-a-car.jpg\" \/>\n\t<meta property=\"og:image:width\" content=\"1000\" \/>\n\t<meta property=\"og:image:height\" content=\"562\" \/>\n\t<meta property=\"og:image:type\" content=\"image\/jpeg\" \/>\n<meta name=\"twitter:card\" content=\"summary_large_image\" \/>\n<meta name=\"twitter:site\" content=\"@slamdunkattorney\" \/>\n<meta name=\"twitter:label1\" content=\"Est. reading time\" \/>\n\t<meta name=\"twitter:data1\" content=\"5 minutos\" \/>\n<script type=\"application\/ld+json\" class=\"yoast-schema-graph\">{\"@context\":\"https:\\\/\\\/schema.org\",\"@graph\":[{\"@type\":\"WebPage\",\"@id\":\"https:\\\/\\\/slamdunkattorney.com\\\/faqs\\\/what-is-the-average-payout-for-a-pedestrian-hit-by-a-car\\\/\",\"url\":\"https:\\\/\\\/slamdunkattorney.com\\\/faqs\\\/what-is-the-average-payout-for-a-pedestrian-hit-by-a-car\\\/\",\"name\":\"Average Payout for a Pedestrian Hit by a Car | Slam Dunk\",\"isPartOf\":{\"@id\":\"https:\\\/\\\/slamdunkattorney.com\\\/#website\"},\"primaryImageOfPage\":{\"@id\":\"https:\\\/\\\/slamdunkattorney.com\\\/faqs\\\/what-is-the-average-payout-for-a-pedestrian-hit-by-a-car\\\/#primaryimage\"},\"image\":{\"@id\":\"https:\\\/\\\/slamdunkattorney.com\\\/faqs\\\/what-is-the-average-payout-for-a-pedestrian-hit-by-a-car\\\/#primaryimage\"},\"thumbnailUrl\":\"https:\\\/\\\/slamdunkattorney.com\\\/wp-content\\\/uploads\\\/2025\\\/02\\\/what-is-the-average-payout-for-a-pedestrian-hit-by-a-car.jpg\",\"datePublished\":\"2025-02-25T13:12:26+00:00\",\"dateModified\":\"2025-02-28T12:22:17+00:00\",\"description\":\"Find out what the average payout is for a pedestrian hit by a car from the dedicated car accident lawyers at Slam Dunk Attorney. Call 24\\\/7.\",\"breadcrumb\":{\"@id\":\"https:\\\/\\\/slamdunkattorney.com\\\/faqs\\\/what-is-the-average-payout-for-a-pedestrian-hit-by-a-car\\\/#breadcrumb\"},\"inLanguage\":\"es\",\"potentialAction\":[{\"@type\":\"ReadAction\",\"target\":[\"https:\\\/\\\/slamdunkattorney.com\\\/faqs\\\/what-is-the-average-payout-for-a-pedestrian-hit-by-a-car\\\/\"]}]},{\"@type\":\"ImageObject\",\"inLanguage\":\"es\",\"@id\":\"https:\\\/\\\/slamdunkattorney.com\\\/faqs\\\/what-is-the-average-payout-for-a-pedestrian-hit-by-a-car\\\/#primaryimage\",\"url\":\"https:\\\/\\\/slamdunkattorney.com\\\/wp-content\\\/uploads\\\/2025\\\/02\\\/what-is-the-average-payout-for-a-pedestrian-hit-by-a-car.jpg\",\"contentUrl\":\"https:\\\/\\\/slamdunkattorney.com\\\/wp-content\\\/uploads\\\/2025\\\/02\\\/what-is-the-average-payout-for-a-pedestrian-hit-by-a-car.jpg\",\"width\":1000,\"height\":562,\"caption\":\"A female pedestrian on the ground in the road after being hit by a car.\"},{\"@type\":\"BreadcrumbList\",\"@id\":\"https:\\\/\\\/slamdunkattorney.com\\\/faqs\\\/what-is-the-average-payout-for-a-pedestrian-hit-by-a-car\\\/#breadcrumb\",\"itemListElement\":[{\"@type\":\"ListItem\",\"position\":1,\"name\":\"Home\",\"item\":\"https:\\\/\\\/slamdunkattorney.com\\\/\"},{\"@type\":\"ListItem\",\"position\":2,\"name\":\"FAQs\",\"item\":\"https:\\\/\\\/slamdunkattorney.com\\\/faqs\\\/\"},{\"@type\":\"ListItem\",\"position\":3,\"name\":\"What Is the Average Payout for a Pedestrian Hit by a Car?\"}]},{\"@type\":\"WebSite\",\"@id\":\"https:\\\/\\\/slamdunkattorney.com\\\/#website\",\"url\":\"https:\\\/\\\/slamdunkattorney.com\\\/\",\"name\":\"Slam Dunk Attorney | Injury Lawyers\",\"description\":\"Duluth Personal Injury Lawyers\",\"publisher\":{\"@id\":\"https:\\\/\\\/slamdunkattorney.com\\\/#organization\"},\"alternateName\":\"Slam Dunk Attorney\",\"inLanguage\":\"es\"},{\"@type\":\"Organization\",\"@id\":\"https:\\\/\\\/slamdunkattorney.com\\\/#organization\",\"name\":\"Slam Dunk Attorney\",\"alternateName\":\"Slam Dunk\",\"url\":\"https:\\\/\\\/slamdunkattorney.com\\\/\",\"logo\":{\"@type\":\"ImageObject\",\"inLanguage\":\"es\",\"@id\":\"https:\\\/\\\/slamdunkattorney.com\\\/#\\\/schema\\\/logo\\\/image\\\/\",\"url\":\"https:\\\/\\\/slamdunkattorney.com\\\/wp-content\\\/uploads\\\/2023\\\/05\\\/cropped-Logo.png\",\"contentUrl\":\"https:\\\/\\\/slamdunkattorney.com\\\/wp-content\\\/uploads\\\/2023\\\/05\\\/cropped-Logo.png\",\"width\":1080,\"height\":240,\"caption\":\"Slam Dunk Attorney\"},\"image\":{\"@id\":\"https:\\\/\\\/slamdunkattorney.com\\\/#\\\/schema\\\/logo\\\/image\\\/\"},\"sameAs\":[\"https:\\\/\\\/www.facebook.com\\\/slamdunkattorneyinjurylawyers\\\/\",\"https:\\\/\\\/x.com\\\/slamdunkattorney\",\"https:\\\/\\\/www.instagram.com\\\/slamdunkattorney\\\/\",\"https:\\\/\\\/www.youtube.com\\\/channel\\\/UCSrOiC7vOjlCi3UgtIVGNtw\",\"https:\\\/\\\/www.linkedin.com\\\/company\\\/slamdunkattorneyinjurylawyers\"]}]}<\/script>\n<!-- \/ Yoast SEO plugin. -->","yoast_head_json":{"title":"Average Payout for a Pedestrian Hit by a Car | Slam Dunk","description":"Find out what the average payout is for a pedestrian hit by a car from the dedicated car accident lawyers at Slam Dunk Attorney. Call 24\/7.","robots":{"index":"index","follow":"follow","max-snippet":"max-snippet:-1","max-image-preview":"max-image-preview:large","max-video-preview":"max-video-preview:-1"},"canonical":"https:\/\/slamdunkattorney.com\/es\/faqs\/what-is-the-average-payout-for-a-pedestrian-hit-by-a-car\/","og_locale":"es_MX","og_type":"article","og_title":"Average Payout for a Pedestrian Hit by a Car | Slam Dunk","og_description":"Find out what the average payout is for a pedestrian hit by a car from the dedicated car accident lawyers at Slam Dunk Attorney. Call 24\/7.","og_url":"https:\/\/slamdunkattorney.com\/es\/faqs\/what-is-the-average-payout-for-a-pedestrian-hit-by-a-car\/","og_site_name":"Slam Dunk Attorney | Injury Lawyers","article_publisher":"https:\/\/www.facebook.com\/slamdunkattorneyinjurylawyers\/","article_modified_time":"2025-02-28T12:22:17+00:00","og_image":[{"width":1000,"height":562,"url":"https:\/\/slamdunkattorney.com\/wp-content\/uploads\/2025\/02\/what-is-the-average-payout-for-a-pedestrian-hit-by-a-car.jpg","type":"image\/jpeg"}],"twitter_card":"summary_large_image","twitter_site":"@slamdunkattorney","twitter_misc":{"Est. reading time":"5 minutos"},"schema":{"@context":"https:\/\/schema.org","@graph":[{"@type":"WebPage","@id":"https:\/\/slamdunkattorney.com\/faqs\/what-is-the-average-payout-for-a-pedestrian-hit-by-a-car\/","url":"https:\/\/slamdunkattorney.com\/faqs\/what-is-the-average-payout-for-a-pedestrian-hit-by-a-car\/","name":"Average Payout for a Pedestrian Hit by a Car | Slam Dunk","isPartOf":{"@id":"https:\/\/slamdunkattorney.com\/#website"},"primaryImageOfPage":{"@id":"https:\/\/slamdunkattorney.com\/faqs\/what-is-the-average-payout-for-a-pedestrian-hit-by-a-car\/#primaryimage"},"image":{"@id":"https:\/\/slamdunkattorney.com\/faqs\/what-is-the-average-payout-for-a-pedestrian-hit-by-a-car\/#primaryimage"},"thumbnailUrl":"https:\/\/slamdunkattorney.com\/wp-content\/uploads\/2025\/02\/what-is-the-average-payout-for-a-pedestrian-hit-by-a-car.jpg","datePublished":"2025-02-25T13:12:26+00:00","dateModified":"2025-02-28T12:22:17+00:00","description":"Find out what the average payout is for a pedestrian hit by a car from the dedicated car accident lawyers at Slam Dunk Attorney. Call 24\/7.","breadcrumb":{"@id":"https:\/\/slamdunkattorney.com\/faqs\/what-is-the-average-payout-for-a-pedestrian-hit-by-a-car\/#breadcrumb"},"inLanguage":"es","potentialAction":[{"@type":"ReadAction","target":["https:\/\/slamdunkattorney.com\/faqs\/what-is-the-average-payout-for-a-pedestrian-hit-by-a-car\/"]}]},{"@type":"ImageObject","inLanguage":"es","@id":"https:\/\/slamdunkattorney.com\/faqs\/what-is-the-average-payout-for-a-pedestrian-hit-by-a-car\/#primaryimage","url":"https:\/\/slamdunkattorney.com\/wp-content\/uploads\/2025\/02\/what-is-the-average-payout-for-a-pedestrian-hit-by-a-car.jpg","contentUrl":"https:\/\/slamdunkattorney.com\/wp-content\/uploads\/2025\/02\/what-is-the-average-payout-for-a-pedestrian-hit-by-a-car.jpg","width":1000,"height":562,"caption":"A female pedestrian on the ground in the road after being hit by a car."},{"@type":"BreadcrumbList","@id":"https:\/\/slamdunkattorney.com\/faqs\/what-is-the-average-payout-for-a-pedestrian-hit-by-a-car\/#breadcrumb","itemListElement":[{"@type":"ListItem","position":1,"name":"Home","item":"https:\/\/slamdunkattorney.com\/"},{"@type":"ListItem","position":2,"name":"FAQs","item":"https:\/\/slamdunkattorney.com\/faqs\/"},{"@type":"ListItem","position":3,"name":"What Is the Average Payout for a Pedestrian Hit by a Car?"}]},{"@type":"WebSite","@id":"https:\/\/slamdunkattorney.com\/#website","url":"https:\/\/slamdunkattorney.com\/","name":"Abogado experto en lesiones | Abogados especializados en lesiones","description":"Abogados de lesiones personales en Duluth","publisher":{"@id":"https:\/\/slamdunkattorney.com\/#organization"},"alternateName":"Slam Dunk Attorney","inLanguage":"es"},{"@type":"Organization","@id":"https:\/\/slamdunkattorney.com\/#organization","name":"Abogado Slam Dunk","alternateName":"Slam Dunk","url":"https:\/\/slamdunkattorney.com\/","logo":{"@type":"ImageObject","inLanguage":"es","@id":"https:\/\/slamdunkattorney.com\/#\/schema\/logo\/image\/","url":"https:\/\/slamdunkattorney.com\/wp-content\/uploads\/2023\/05\/cropped-Logo.png","contentUrl":"https:\/\/slamdunkattorney.com\/wp-content\/uploads\/2023\/05\/cropped-Logo.png","width":1080,"height":240,"caption":"Slam Dunk Attorney"},"image":{"@id":"https:\/\/slamdunkattorney.com\/#\/schema\/logo\/image\/"},"sameAs":["https:\/\/www.facebook.com\/slamdunkattorneyinjurylawyers\/","https:\/\/x.com\/slamdunkattorney","https:\/\/www.instagram.com\/slamdunkattorney\/","https:\/\/www.youtube.com\/channel\/UCSrOiC7vOjlCi3UgtIVGNtw","https:\/\/www.linkedin.com\/company\/slamdunkattorneyinjurylawyers"]}]}},"yoast_meta":{"yoast_wpseo_title":"","yoast_wpseo_metadesc":"","yoast_wpseo_canonical":"https:\/\/slamdunkattorney.com\/es\/wp-json\/wp\/v2\/pages\/16568"},"_links":{"self":[{"href":"https:\/\/slamdunkattorney.com\/es\/wp-json\/wp\/v2\/pages\/16568","targetHints":{"allow":["GET"]}}],"collection":[{"href":"https:\/\/slamdunkattorney.com\/es\/wp-json\/wp\/v2\/pages"}],"about":[{"href":"https:\/\/slamdunkattorney.com\/es\/wp-json\/wp\/v2\/types\/page"}],"author":[{"embeddable":true,"href":"https:\/\/slamdunkattorney.com\/es\/wp-json\/wp\/v2\/users\/2"}],"replies":[{"embeddable":true,"href":"https:\/\/slamdunkattorney.com\/es\/wp-json\/wp\/v2\/comments?post=16568"}],"version-history":[{"count":0,"href":"https:\/\/slamdunkattorney.com\/es\/wp-json\/wp\/v2\/pages\/16568\/revisions"}],"up":[{"embeddable":true,"href":"https:\/\/slamdunkattorney.com\/es\/wp-json\/wp\/v2\/pages\/5902"}],"wp:featuredmedia":[{"embeddable":true,"href":"https:\/\/slamdunkattorney.com\/es\/wp-json\/wp\/v2\/media\/16569"}],"wp:attachment":[{"href":"https:\/\/slamdunkattorney.com\/es\/wp-json\/wp\/v2\/media?parent=16568"}],"wp:term":[{"taxonomy":"extra-categories","embeddable":true,"href":"https:\/\/slamdunkattorney.com\/es\/wp-json\/wp\/v2\/extra-categories?post=16568"},{"taxonomy":"hc_faqs","embeddable":true,"href":"https:\/\/slamdunkattorney.com\/es\/wp-json\/wp\/v2\/hc_faqs?post=16568"}],"curies":[{"name":"wp","href":"https:\/\/api.w.org\/{rel}","templated":true}]}}