{"id":16561,"date":"2025-02-25T00:20:07","date_gmt":"2025-02-25T00:20:07","guid":{"rendered":"https:\/\/slamdunk.wpenginepowered.com\/?page_id=16561"},"modified":"2025-02-25T11:20:27","modified_gmt":"2025-02-25T11:20:27","slug":"can-i-sue-a-trucking-company-for-a-truck-accident","status":"publish","type":"page","link":"https:\/\/slamdunkattorney.com\/es\/faqs\/can-i-sue-a-trucking-company-for-a-truck-accident\/","title":{"rendered":"\u00bfPuedo demandar a una empresa de transporte por un accidente de cami\u00f3n?"},"content":{"rendered":"<p><span style=\"font-weight: 400;\">\u00bfSe puede demandar a una empresa de transporte por un accidente de cami\u00f3n? Los conductores de camiones suelen ser responsables de los accidentes en los que se ven involucrados y, aunque el conductor del cami\u00f3n suele ser la causa principal de muchos incidentes,<\/span><b> Las empresas de camiones tambi\u00e9n podr\u00edan ser responsables.<\/b>.<\/p>\n<p><span style=\"font-weight: 400;\">Si puede demostrar que la empresa de camiones caus\u00f3 el accidente de alguna manera, un <\/span><a href=\"https:\/\/slamdunkattorney.com\/es\/duluth\/truck-accident-lawyer\/\"><span style=\"font-weight: 400;\">Abogado especializado en accidentes de camiones en Duluth<\/span><\/a><span style=\"font-weight: 400;\"> podr\u00eda ayudarle a demandar a la empresa de transporte por da\u00f1os y perjuicios.<\/span><\/p>\n<h2><span style=\"font-weight: 400;\">Razones por las que las empresas de camiones podr\u00edan ser responsables de los accidentes de camiones<\/span><\/h2>\n<p><span style=\"font-weight: 400;\">Hay varios casos en los que puede parecer que la culpa es solo del conductor, como conducir bajo los efectos del alcohol o el exceso de velocidad. Sin embargo, a menos que investigues m\u00e1s a fondo, es posible que no te des cuenta de que tus lesiones y p\u00e9rdidas tambi\u00e9n pueden ser responsabilidad de la empresa de transporte. Para demostrar la responsabilidad de la empresa de transporte, debes demostrar lo siguiente si deseas <\/span><b>demandar a la empresa de transporte por un accidente de cami\u00f3n<\/b><span style=\"font-weight: 400;\">:<\/span><\/p>\n<ul>\n<li style=\"font-weight: 400;\" aria-level=\"1\"><span style=\"font-weight: 400;\">La empresa de camiones ten\u00eda el deber de cuidarte, como por ejemplo, proporcionarte un conductor seguro para su cami\u00f3n.<\/span><\/li>\n<li style=\"font-weight: 400;\" aria-level=\"1\"><span style=\"font-weight: 400;\">La empresa de camiones viol\u00f3 ese deber de cuidado de alguna manera.<\/span><\/li>\n<li style=\"font-weight: 400;\" aria-level=\"1\"><span style=\"font-weight: 400;\">El incumplimiento de su deber fue la causa directa del accidente.<\/span><\/li>\n<li style=\"font-weight: 400;\" aria-level=\"1\"><span style=\"font-weight: 400;\">Sufriste da\u00f1os econ\u00f3micos y f\u00edsicos a causa del accidente.<\/span><\/li>\n<\/ul>\n<p><span style=\"font-weight: 400;\">Demostrando esto con un <\/span><a href=\"https:\/\/slamdunkattorney.com\/es\/\"><span style=\"font-weight: 400;\">Abogado especializado en lesiones personales en Duluth<\/span><\/a><span style=\"font-weight: 400;\"> puede ser m\u00e1s directo y sencillo, sin embargo, hay muchas situaciones en las que ser\u00e1 necesario reunir pruebas adicionales y profundizar en el caso. Su abogado descubrir\u00e1 todos los factores que contribuyeron a su accidente para que usted pueda exigir responsabilidades a todas las partes implicadas. A continuaci\u00f3n se incluyen algunos ejemplos de casos en los que las empresas de camiones podr\u00edan ser responsables.<\/span><\/p>\n<h3><span style=\"font-weight: 400;\">Mantenimiento y conservaci\u00f3n deficientes del cami\u00f3n.<\/span><\/h3>\n<p><span style=\"font-weight: 400;\">Si la empresa propietaria del cami\u00f3n que caus\u00f3 el accidente no realiz\u00f3 el mantenimiento del veh\u00edculo, como las inspecciones y certificaciones rutinarias, dicha empresa podr\u00eda ser responsable cuando usted desee demandarla por un accidente de cami\u00f3n. En esta situaci\u00f3n, la causa del accidente desempe\u00f1ar\u00e1 un papel importante en ese proceso, y ser\u00e1 necesario descubrir pruebas de la falta de mantenimiento del cami\u00f3n. Los registros de mantenimiento y los informes t\u00e9cnicos podr\u00edan indicar que la empresa de transporte estaba atrasada en el mantenimiento de los neum\u00e1ticos, los frenos u otros componentes.<\/span><\/p>\n<h3><span style=\"font-weight: 400;\">Conductor sin experiencia o no calificado<\/span><\/h3>\n<p><span style=\"font-weight: 400;\">Hay algunas situaciones en las que el conductor del cami\u00f3n puede carecer de la formaci\u00f3n, la certificaci\u00f3n e incluso la licencia adecuadas para conducir el cami\u00f3n que conduce seg\u00fan la legislaci\u00f3n de Georgia.\u00a0<\/span><\/p>\n<p><span style=\"font-weight: 400;\">Si la empresa de camiones sab\u00eda que el conductor carec\u00eda de experiencia o simplemente no estaba calificado, eso podr\u00eda hacerla responsable de los errores que cometi\u00f3 el conductor y que pusieron en peligro a otras personas. <\/span><b>Los conductores deben cumplir con los requisitos, que la empresa de transporte debe verificar.<\/b>.<\/p>\n<h3><span style=\"font-weight: 400;\">No cumplir con los requisitos de tiempo libre<\/span><\/h3>\n<p><span style=\"font-weight: 400;\">La Administraci\u00f3n Federal de Seguridad de Autotransportes (FMCSA) tiene requisitos muy espec\u00edficos. <\/span><a href=\"https:\/\/www.fmcsa.dot.gov\/regulations\" target=\"_blank\" rel=\"noopener\"><span style=\"font-weight: 400;\">normas para conductores de camiones<\/span><\/a><span style=\"font-weight: 400;\"> para mantener el tiempo libre establecido, denominado Horas de Servicio. Estas normas exigen que los conductores de camiones documenten su tiempo libre en funci\u00f3n del n\u00famero de horas y d\u00edas que trabajan consecutivamente.\u00a0<\/span><\/p>\n<p><span style=\"font-weight: 400;\">Si la empresa de transporte no supervisa los tiempos de descanso obligatorios, presiona a los conductores para que incumplan esas normas y realicen las entregas antes de tiempo, o incumple de cualquier otra forma estas disposiciones, podr\u00eda ser responsable del accidente que cause el conductor del cami\u00f3n.<\/span><\/p>\n<h3><span style=\"font-weight: 400;\">Conocimiento de un riesgo<\/span><\/h3>\n<p><span style=\"font-weight: 400;\">Las empresas de camiones pueden saber que el conductor que ponen al volante no es apto para conducir de manera segura, por ejemplo, debido a denuncias previas por conducir bajo los efectos del alcohol, multas por conducci\u00f3n temeraria o accidentes previos. Las empresas de camiones tienen la obligaci\u00f3n de garantizar que cualquier persona que pongan al volante tenga las habilidades y la capacidad necesarias para conducir un cami\u00f3n de manera segura. Si saben que existe un riesgo y a\u00fan as\u00ed permiten que el conductor del cami\u00f3n se ponga al volante, eso podr\u00eda considerarse una falta grave.<\/span><\/p>\n<h3><span style=\"font-weight: 400;\">Negligencia al cargar el cami\u00f3n<\/span><\/h3>\n<p><span style=\"font-weight: 400;\">Los camiones deben estar equilibrados y cargados de manera que se pueda manejar f\u00e1cilmente sin necesidad de grandes habilidades. Las empresas de transporte que sobrecargan los camiones o los cargan de forma inadecuada para mantener su posici\u00f3n segura podr\u00edan ser <\/span><b>demandado por accidentes de cami\u00f3n<\/b><span style=\"font-weight: 400;\"> causado por esto. Los cambios en las cargas pueden provocar desequilibrios en el cami\u00f3n, lo que hace imposible que el conductor pueda manejar el veh\u00edculo de forma segura.<\/span><\/p>\n\n<div class=\"cta-container row align-items-center\">\n    <div class=\"col-md-7\">\n        <p class=\"cta-text rs-content-cta\">Orgullosos de servir a Duluth y a todo Georgia <span>\u00a1Cont\u00e1ctenos para comenzar su recuperaci\u00f3n!<\/span> <a href=\"https:\/\/slamdunkattorney.com\/es\/\">Explore nuestras \u00e1reas de pr\u00e1ctica<\/a><\/p>\n    <\/div>\n    <div class=\"col-md-5\">\n        <img decoding=\"async\" src=\"https:\/\/slamdunkattorney.com\/wp-content\/themes\/slam-dunk-rebuild\/assets\/app\/img\/map-cta.jpg\" alt=\"Legal Consultation\" class=\"img-fluid\"\/>\n    <\/div>\n<\/div><h2><span style=\"font-weight: 400;\">Recopilaci\u00f3n de pruebas para demandar a una empresa de camiones<\/span><\/h2>\n<p><span style=\"font-weight: 400;\">Una de las complicaciones que suelen surgir al intentar demostrar la responsabilidad de una empresa de camiones es disponer de pruebas o alg\u00fan tipo de evidencia que demuestre dicha culpa. En algunas situaciones, el incidente puede atribuirse claramente al conductor del cami\u00f3n, pero podr\u00eda haber otros factores que revelen que la empresa de camiones tambi\u00e9n es culpable. Algunas formas en las que su <\/span><a href=\"https:\/\/slamdunkattorney.com\/es\/duluth\/truck-accident-lawyer\/18-wheeler\/\"><span style=\"font-weight: 400;\">Abogado especializado en accidentes de camiones de 18 ruedas en Duluth<\/span><\/a><span style=\"font-weight: 400;\"> Para demostrarlo, se pueden buscar pruebas como las siguientes:<\/span><\/p>\n<ul>\n<li style=\"font-weight: 400;\" aria-level=\"1\"><b>Registros de camiones comerciales<\/b>: <span style=\"font-weight: 400;\">Estos registros pueden rastrear el tiempo que el conductor estuvo al volante de manera consecutiva y si se cumplieron los requisitos de mantenimiento del cami\u00f3n.<\/span><\/li>\n<li style=\"font-weight: 400;\" aria-level=\"1\"><b>Registros de mantenimiento<\/b>:<span style=\"font-weight: 400;\"> Las empresas de camiones deben llevar registros precisos y detallados del mantenimiento rutinario realizado en sus camiones, garantizando que sean seguros para su funcionamiento.<\/span><\/li>\n<li style=\"font-weight: 400;\" aria-level=\"1\"><b>Historial del conductor<\/b>: <span style=\"font-weight: 400;\">Si puede demostrar que la empresa deber\u00eda haber sabido que el conductor del cami\u00f3n representaba un riesgo debido a su historial de accidentes o intoxicaciones previas, eso podr\u00eda ayudarle a construir su caso.<\/span><\/li>\n<li style=\"font-weight: 400;\" aria-level=\"1\"><b>Declaraciones de los testigos<\/b>:<span style=\"font-weight: 400;\"> Las declaraciones de los testigos presenciales que demostraron que el conductor del cami\u00f3n iba a exceso de velocidad y que esto se deb\u00eda a que la empresa lo obligaba a hacerlo podr\u00edan dar lugar a una culpa.<\/span><\/li>\n<li style=\"font-weight: 400;\" aria-level=\"1\"><b>Registros de empleados<\/b>:<span style=\"font-weight: 400;\"> Las normas sobre el tiempo libre son muy estrictas, y si un empleador no las cumple o no demuestra que son correctas, eso podr\u00eda influir en la culpa de la empresa de camiones.<\/span><\/li>\n<\/ul>\n<p><span style=\"font-weight: 400;\">En cada situaci\u00f3n, las empresas de camiones pueden ser consideradas responsables de las p\u00e9rdidas que sufra la v\u00edctima si se puede demostrar su participaci\u00f3n en el proceso. Tenga en cuenta que no todas las empresas de camiones utilizan empleados, ya que algunas utilizan contratistas independientes. Eso podr\u00eda influir en que la empresa de camiones sea responsable o no de las lesiones y otras p\u00e9rdidas que usted haya sufrido y en que usted pueda o no demandar a una empresa de camiones por un accidente de cami\u00f3n.<\/span><\/p>\n<h2><span style=\"font-weight: 400;\">Programe una consulta gratuita para conocer cu\u00e1les son sus derechos.<\/span><\/h2>\n<p><span style=\"font-weight: 400;\">Ingresa tu cami\u00f3n en Slam Dunk Attorney para conocer cu\u00e1les son tus derechos legales a la hora de emprender acciones legales contra una empresa de camiones que te pone en peligro.\u00a0<\/span><\/p>\n<p><b>Concierte ahora una consulta gratuita con nuestro equipo.<\/b>. <span style=\"font-weight: 400;\">Obtenga las respuestas que necesita al preguntar si puede demandar a una empresa de transporte por un accidente de cami\u00f3n.\u00a0<\/span><\/p>\n\n<div class=\"cta-container row align-items-center\">\n    <div class=\"col-md-7\">\n        <p class=\"cta-text rs-content-cta\">Llame o env\u00ede un mensaje de texto <a class=\"no-btn\" href=\"tel:+14049513513\">404-951-3513<\/a> o completar un <a href=\"https:\/\/slamdunkattorney.com\/es\/contact-us\/\">Formulario de evaluaci\u00f3n gratuita de su caso<\/a><\/p>\n    <\/div>\n    <div class=\"col-md-5\">\n        <img decoding=\"async\" src=\"https:\/\/slamdunkattorney.com\/wp-content\/themes\/slam-dunk-rebuild\/assets\/app\/img\/map-cta.jpg\" alt=\"Call or Text\" class=\"img-fluid\"\/>\n    <\/div>\n<\/div>","protected":false},"excerpt":{"rendered":"<p>Can you sue a trucking company for a truck accident? Truck drivers are often responsible for accidents they are in, and while the truck driver is often the primary cause of many incidents, truck companies could be responsible as well. If you can demonstrate that the truck company caused the accident in some way, a &#8230;<\/p>","protected":false},"author":2,"featured_media":16562,"parent":5902,"menu_order":0,"comment_status":"closed","ping_status":"closed","template":"","meta":{"_acf_changed":false,"_genesis_hide_title":false,"_genesis_hide_breadcrumbs":false,"_genesis_hide_singular_image":false,"_genesis_hide_footer_widgets":false,"_genesis_custom_body_class":"","_genesis_custom_post_class":"","_genesis_layout":"","ngg_post_thumbnail":0,"footnotes":""},"extra-categories":[],"hc_faqs":[55],"class_list":{"0":"post-16561","1":"page","2":"type-page","3":"status-publish","4":"has-post-thumbnail","6":"hc_faqs-truck-accident","7":"entry"},"acf":[],"yoast_head":"<!-- This site is optimized with the Yoast SEO plugin v27.4 - https:\/\/yoast.com\/product\/yoast-seo-wordpress\/ -->\n<title>Can You Sue a Trucking Company for a Truck Accident?<\/title>\n<meta name=\"description\" content=\"Find out if you can sue a trucking company for a truck accident with the help of a dedicated truck accident lawyer at Slam Dunk Attorney.\" \/>\n<meta name=\"robots\" content=\"index, follow, max-snippet:-1, max-image-preview:large, max-video-preview:-1\" \/>\n<link rel=\"canonical\" href=\"https:\/\/slamdunkattorney.com\/es\/faqs\/can-i-sue-a-trucking-company-for-a-truck-accident\/\" \/>\n<meta property=\"og:locale\" content=\"es_MX\" \/>\n<meta property=\"og:type\" content=\"article\" \/>\n<meta property=\"og:title\" content=\"Can You Sue a Trucking Company for a Truck Accident?\" \/>\n<meta property=\"og:description\" content=\"Find out if you can sue a trucking company for a truck accident with the help of a dedicated truck accident lawyer at Slam Dunk Attorney.\" \/>\n<meta property=\"og:url\" content=\"https:\/\/slamdunkattorney.com\/es\/faqs\/can-i-sue-a-trucking-company-for-a-truck-accident\/\" \/>\n<meta property=\"og:site_name\" content=\"Slam Dunk Attorney | Injury Lawyers\" \/>\n<meta property=\"article:publisher\" content=\"https:\/\/www.facebook.com\/slamdunkattorneyinjurylawyers\/\" \/>\n<meta property=\"article:modified_time\" content=\"2025-02-25T11:20:27+00:00\" \/>\n<meta property=\"og:image\" content=\"https:\/\/slamdunkattorney.com\/wp-content\/uploads\/2025\/02\/can-i-sue-a-trucking-company-for-a-truck-accident.jpeg\" \/>\n\t<meta property=\"og:image:width\" content=\"1000\" \/>\n\t<meta property=\"og:image:height\" content=\"750\" \/>\n\t<meta property=\"og:image:type\" content=\"image\/jpeg\" \/>\n<meta name=\"twitter:card\" content=\"summary_large_image\" \/>\n<meta name=\"twitter:site\" content=\"@slamdunkattorney\" \/>\n<meta name=\"twitter:label1\" content=\"Est. reading time\" \/>\n\t<meta name=\"twitter:data1\" content=\"5 minutos\" \/>\n<script type=\"application\/ld+json\" class=\"yoast-schema-graph\">{\"@context\":\"https:\\\/\\\/schema.org\",\"@graph\":[{\"@type\":\"WebPage\",\"@id\":\"https:\\\/\\\/slamdunkattorney.com\\\/faqs\\\/can-i-sue-a-trucking-company-for-a-truck-accident\\\/\",\"url\":\"https:\\\/\\\/slamdunkattorney.com\\\/faqs\\\/can-i-sue-a-trucking-company-for-a-truck-accident\\\/\",\"name\":\"Can You Sue a Trucking Company for a Truck Accident?\",\"isPartOf\":{\"@id\":\"https:\\\/\\\/slamdunkattorney.com\\\/#website\"},\"primaryImageOfPage\":{\"@id\":\"https:\\\/\\\/slamdunkattorney.com\\\/faqs\\\/can-i-sue-a-trucking-company-for-a-truck-accident\\\/#primaryimage\"},\"image\":{\"@id\":\"https:\\\/\\\/slamdunkattorney.com\\\/faqs\\\/can-i-sue-a-trucking-company-for-a-truck-accident\\\/#primaryimage\"},\"thumbnailUrl\":\"https:\\\/\\\/slamdunkattorney.com\\\/wp-content\\\/uploads\\\/2025\\\/02\\\/can-i-sue-a-trucking-company-for-a-truck-accident.jpeg\",\"datePublished\":\"2025-02-25T00:20:07+00:00\",\"dateModified\":\"2025-02-25T11:20:27+00:00\",\"description\":\"Find out if you can sue a trucking company for a truck accident with the help of a dedicated truck accident lawyer at Slam Dunk Attorney.\",\"breadcrumb\":{\"@id\":\"https:\\\/\\\/slamdunkattorney.com\\\/faqs\\\/can-i-sue-a-trucking-company-for-a-truck-accident\\\/#breadcrumb\"},\"inLanguage\":\"es\",\"potentialAction\":[{\"@type\":\"ReadAction\",\"target\":[\"https:\\\/\\\/slamdunkattorney.com\\\/faqs\\\/can-i-sue-a-trucking-company-for-a-truck-accident\\\/\"]}]},{\"@type\":\"ImageObject\",\"inLanguage\":\"es\",\"@id\":\"https:\\\/\\\/slamdunkattorney.com\\\/faqs\\\/can-i-sue-a-trucking-company-for-a-truck-accident\\\/#primaryimage\",\"url\":\"https:\\\/\\\/slamdunkattorney.com\\\/wp-content\\\/uploads\\\/2025\\\/02\\\/can-i-sue-a-trucking-company-for-a-truck-accident.jpeg\",\"contentUrl\":\"https:\\\/\\\/slamdunkattorney.com\\\/wp-content\\\/uploads\\\/2025\\\/02\\\/can-i-sue-a-trucking-company-for-a-truck-accident.jpeg\",\"width\":1000,\"height\":750,\"caption\":\"A truck accident on the highway. Can I sue a trucking company for a truck accident?\"},{\"@type\":\"BreadcrumbList\",\"@id\":\"https:\\\/\\\/slamdunkattorney.com\\\/faqs\\\/can-i-sue-a-trucking-company-for-a-truck-accident\\\/#breadcrumb\",\"itemListElement\":[{\"@type\":\"ListItem\",\"position\":1,\"name\":\"Home\",\"item\":\"https:\\\/\\\/slamdunkattorney.com\\\/\"},{\"@type\":\"ListItem\",\"position\":2,\"name\":\"FAQs\",\"item\":\"https:\\\/\\\/slamdunkattorney.com\\\/faqs\\\/\"},{\"@type\":\"ListItem\",\"position\":3,\"name\":\"Can I Sue a Trucking Company for a Truck Accident?\"}]},{\"@type\":\"WebSite\",\"@id\":\"https:\\\/\\\/slamdunkattorney.com\\\/#website\",\"url\":\"https:\\\/\\\/slamdunkattorney.com\\\/\",\"name\":\"Slam Dunk Attorney | Injury Lawyers\",\"description\":\"Duluth Personal Injury Lawyers\",\"publisher\":{\"@id\":\"https:\\\/\\\/slamdunkattorney.com\\\/#organization\"},\"alternateName\":\"Slam Dunk Attorney\",\"inLanguage\":\"es\"},{\"@type\":\"Organization\",\"@id\":\"https:\\\/\\\/slamdunkattorney.com\\\/#organization\",\"name\":\"Slam Dunk Attorney\",\"alternateName\":\"Slam Dunk\",\"url\":\"https:\\\/\\\/slamdunkattorney.com\\\/\",\"logo\":{\"@type\":\"ImageObject\",\"inLanguage\":\"es\",\"@id\":\"https:\\\/\\\/slamdunkattorney.com\\\/#\\\/schema\\\/logo\\\/image\\\/\",\"url\":\"https:\\\/\\\/slamdunkattorney.com\\\/wp-content\\\/uploads\\\/2023\\\/05\\\/cropped-Logo.png\",\"contentUrl\":\"https:\\\/\\\/slamdunkattorney.com\\\/wp-content\\\/uploads\\\/2023\\\/05\\\/cropped-Logo.png\",\"width\":1080,\"height\":240,\"caption\":\"Slam Dunk Attorney\"},\"image\":{\"@id\":\"https:\\\/\\\/slamdunkattorney.com\\\/#\\\/schema\\\/logo\\\/image\\\/\"},\"sameAs\":[\"https:\\\/\\\/www.facebook.com\\\/slamdunkattorneyinjurylawyers\\\/\",\"https:\\\/\\\/x.com\\\/slamdunkattorney\",\"https:\\\/\\\/www.instagram.com\\\/slamdunkattorney\\\/\",\"https:\\\/\\\/www.youtube.com\\\/channel\\\/UCSrOiC7vOjlCi3UgtIVGNtw\",\"https:\\\/\\\/www.linkedin.com\\\/company\\\/slamdunkattorneyinjurylawyers\"]}]}<\/script>\n<!-- \/ Yoast SEO plugin. -->","yoast_head_json":{"title":"Can You Sue a Trucking Company for a Truck Accident?","description":"Find out if you can sue a trucking company for a truck accident with the help of a dedicated truck accident lawyer at Slam Dunk Attorney.","robots":{"index":"index","follow":"follow","max-snippet":"max-snippet:-1","max-image-preview":"max-image-preview:large","max-video-preview":"max-video-preview:-1"},"canonical":"https:\/\/slamdunkattorney.com\/es\/faqs\/can-i-sue-a-trucking-company-for-a-truck-accident\/","og_locale":"es_MX","og_type":"article","og_title":"Can You Sue a Trucking Company for a Truck Accident?","og_description":"Find out if you can sue a trucking company for a truck accident with the help of a dedicated truck accident lawyer at Slam Dunk Attorney.","og_url":"https:\/\/slamdunkattorney.com\/es\/faqs\/can-i-sue-a-trucking-company-for-a-truck-accident\/","og_site_name":"Slam Dunk Attorney | Injury Lawyers","article_publisher":"https:\/\/www.facebook.com\/slamdunkattorneyinjurylawyers\/","article_modified_time":"2025-02-25T11:20:27+00:00","og_image":[{"width":1000,"height":750,"url":"https:\/\/slamdunkattorney.com\/wp-content\/uploads\/2025\/02\/can-i-sue-a-trucking-company-for-a-truck-accident.jpeg","type":"image\/jpeg"}],"twitter_card":"summary_large_image","twitter_site":"@slamdunkattorney","twitter_misc":{"Est. reading time":"5 minutos"},"schema":{"@context":"https:\/\/schema.org","@graph":[{"@type":"WebPage","@id":"https:\/\/slamdunkattorney.com\/faqs\/can-i-sue-a-trucking-company-for-a-truck-accident\/","url":"https:\/\/slamdunkattorney.com\/faqs\/can-i-sue-a-trucking-company-for-a-truck-accident\/","name":"Can You Sue a Trucking Company for a Truck Accident?","isPartOf":{"@id":"https:\/\/slamdunkattorney.com\/#website"},"primaryImageOfPage":{"@id":"https:\/\/slamdunkattorney.com\/faqs\/can-i-sue-a-trucking-company-for-a-truck-accident\/#primaryimage"},"image":{"@id":"https:\/\/slamdunkattorney.com\/faqs\/can-i-sue-a-trucking-company-for-a-truck-accident\/#primaryimage"},"thumbnailUrl":"https:\/\/slamdunkattorney.com\/wp-content\/uploads\/2025\/02\/can-i-sue-a-trucking-company-for-a-truck-accident.jpeg","datePublished":"2025-02-25T00:20:07+00:00","dateModified":"2025-02-25T11:20:27+00:00","description":"Find out if you can sue a trucking company for a truck accident with the help of a dedicated truck accident lawyer at Slam Dunk Attorney.","breadcrumb":{"@id":"https:\/\/slamdunkattorney.com\/faqs\/can-i-sue-a-trucking-company-for-a-truck-accident\/#breadcrumb"},"inLanguage":"es","potentialAction":[{"@type":"ReadAction","target":["https:\/\/slamdunkattorney.com\/faqs\/can-i-sue-a-trucking-company-for-a-truck-accident\/"]}]},{"@type":"ImageObject","inLanguage":"es","@id":"https:\/\/slamdunkattorney.com\/faqs\/can-i-sue-a-trucking-company-for-a-truck-accident\/#primaryimage","url":"https:\/\/slamdunkattorney.com\/wp-content\/uploads\/2025\/02\/can-i-sue-a-trucking-company-for-a-truck-accident.jpeg","contentUrl":"https:\/\/slamdunkattorney.com\/wp-content\/uploads\/2025\/02\/can-i-sue-a-trucking-company-for-a-truck-accident.jpeg","width":1000,"height":750,"caption":"A truck accident on the highway. Can I sue a trucking company for a truck accident?"},{"@type":"BreadcrumbList","@id":"https:\/\/slamdunkattorney.com\/faqs\/can-i-sue-a-trucking-company-for-a-truck-accident\/#breadcrumb","itemListElement":[{"@type":"ListItem","position":1,"name":"Home","item":"https:\/\/slamdunkattorney.com\/"},{"@type":"ListItem","position":2,"name":"FAQs","item":"https:\/\/slamdunkattorney.com\/faqs\/"},{"@type":"ListItem","position":3,"name":"Can I Sue a Trucking Company for a Truck Accident?"}]},{"@type":"WebSite","@id":"https:\/\/slamdunkattorney.com\/#website","url":"https:\/\/slamdunkattorney.com\/","name":"Abogado experto en lesiones | Abogados especializados en lesiones","description":"Abogados de lesiones personales en Duluth","publisher":{"@id":"https:\/\/slamdunkattorney.com\/#organization"},"alternateName":"Slam Dunk Attorney","inLanguage":"es"},{"@type":"Organization","@id":"https:\/\/slamdunkattorney.com\/#organization","name":"Abogado Slam Dunk","alternateName":"Slam Dunk","url":"https:\/\/slamdunkattorney.com\/","logo":{"@type":"ImageObject","inLanguage":"es","@id":"https:\/\/slamdunkattorney.com\/#\/schema\/logo\/image\/","url":"https:\/\/slamdunkattorney.com\/wp-content\/uploads\/2023\/05\/cropped-Logo.png","contentUrl":"https:\/\/slamdunkattorney.com\/wp-content\/uploads\/2023\/05\/cropped-Logo.png","width":1080,"height":240,"caption":"Slam Dunk Attorney"},"image":{"@id":"https:\/\/slamdunkattorney.com\/#\/schema\/logo\/image\/"},"sameAs":["https:\/\/www.facebook.com\/slamdunkattorneyinjurylawyers\/","https:\/\/x.com\/slamdunkattorney","https:\/\/www.instagram.com\/slamdunkattorney\/","https:\/\/www.youtube.com\/channel\/UCSrOiC7vOjlCi3UgtIVGNtw","https:\/\/www.linkedin.com\/company\/slamdunkattorneyinjurylawyers"]}]}},"yoast_meta":{"yoast_wpseo_title":"","yoast_wpseo_metadesc":"","yoast_wpseo_canonical":"https:\/\/slamdunkattorney.com\/es\/wp-json\/wp\/v2\/pages\/16561"},"_links":{"self":[{"href":"https:\/\/slamdunkattorney.com\/es\/wp-json\/wp\/v2\/pages\/16561","targetHints":{"allow":["GET"]}}],"collection":[{"href":"https:\/\/slamdunkattorney.com\/es\/wp-json\/wp\/v2\/pages"}],"about":[{"href":"https:\/\/slamdunkattorney.com\/es\/wp-json\/wp\/v2\/types\/page"}],"author":[{"embeddable":true,"href":"https:\/\/slamdunkattorney.com\/es\/wp-json\/wp\/v2\/users\/2"}],"replies":[{"embeddable":true,"href":"https:\/\/slamdunkattorney.com\/es\/wp-json\/wp\/v2\/comments?post=16561"}],"version-history":[{"count":0,"href":"https:\/\/slamdunkattorney.com\/es\/wp-json\/wp\/v2\/pages\/16561\/revisions"}],"up":[{"embeddable":true,"href":"https:\/\/slamdunkattorney.com\/es\/wp-json\/wp\/v2\/pages\/5902"}],"wp:featuredmedia":[{"embeddable":true,"href":"https:\/\/slamdunkattorney.com\/es\/wp-json\/wp\/v2\/media\/16562"}],"wp:attachment":[{"href":"https:\/\/slamdunkattorney.com\/es\/wp-json\/wp\/v2\/media?parent=16561"}],"wp:term":[{"taxonomy":"extra-categories","embeddable":true,"href":"https:\/\/slamdunkattorney.com\/es\/wp-json\/wp\/v2\/extra-categories?post=16561"},{"taxonomy":"hc_faqs","embeddable":true,"href":"https:\/\/slamdunkattorney.com\/es\/wp-json\/wp\/v2\/hc_faqs?post=16561"}],"curies":[{"name":"wp","href":"https:\/\/api.w.org\/{rel}","templated":true}]}}