{"id":16551,"date":"2025-02-25T00:13:38","date_gmt":"2025-02-25T00:13:38","guid":{"rendered":"https:\/\/slamdunk.wpenginepowered.com\/?page_id=16551"},"modified":"2025-05-16T22:57:38","modified_gmt":"2025-05-16T22:57:38","slug":"what-can-i-do-if-my-child-was-injured-in-a-pedestrian-accident","status":"publish","type":"page","link":"https:\/\/slamdunkattorney.com\/es\/faqs\/what-can-i-do-if-my-child-was-injured-in-a-pedestrian-accident\/","title":{"rendered":"\u00bfQu\u00e9 puedo hacer si mi hijo ha resultado lesionado en un accidente peatonal?"},"content":{"rendered":"<p><span style=\"font-weight: 400;\">\u00bfQu\u00e9 puede hacer si su hijo ha resultado herido en un accidente peatonal? Si su hijo ha sido atropellado por un coche en Georgia, un <\/span><a href=\"https:\/\/slamdunkattorney.com\/es\/duluth\/pedestrian-accident-lawyer\/\"><span style=\"font-weight: 400;\">Abogado especializado en accidentes de peatones en Duluth<\/span><\/a><span style=\"font-weight: 400;\"> puede ayudarte <\/span><b>emprender acciones legales contra la persona responsable del accidente<\/b>.<\/p>\n<p><span style=\"font-weight: 400;\">Puede recibir el apoyo que necesita y, al mismo tiempo, asegurarse de que su hijo reciba el tratamiento que necesita para recuperarse.\u00a0<\/span><\/p>\n<h2><span style=\"font-weight: 400;\">Qu\u00e9 medidas tomar inmediatamente despu\u00e9s de que su hijo haya resultado herido en un accidente peatonal<\/span><\/h2>\n<p><span style=\"font-weight: 400;\">Cada minuto cuenta despu\u00e9s de que su hijo haya sido atropellado por un veh\u00edculo. Lo que haga a continuaci\u00f3n puede marcar la diferencia en su seguridad y en el \u00e9xito de cualquier reclamaci\u00f3n que presente en su nombre. Es importante seguir estos pasos inmediatamente despu\u00e9s de un accidente si su hijo ha resultado herido en un accidente peatonal:<\/span><\/p>\n<ul>\n<li style=\"font-weight: 400;\" aria-level=\"1\"><b>Llame al 911.<\/b>:<span style=\"font-weight: 400;\"> Pida ayuda m\u00e9dica y llame a la polic\u00eda para que su hijo reciba atenci\u00f3n m\u00e9dica inmediata y las autoridades puedan evaluar la situaci\u00f3n.\u00a0<\/span><\/li>\n<li style=\"font-weight: 400;\" aria-level=\"1\"><b>Presentar una denuncia policial.<\/b>:<span style=\"font-weight: 400;\"> Solicite que se presente un informe policial para garantizar que exista un registro oficial del suceso y obtenga una copia del informe completo.<\/span><\/li>\n<li style=\"font-weight: 400;\" aria-level=\"1\"><b>Recopilar pruebas<\/b>: <span style=\"font-weight: 400;\">Si es posible, tome fotos y videos de la escena y de las lesiones de su hijo. Si es posible, obtenga declaraciones de los testigos.\u00a0<\/span><\/li>\n<li style=\"font-weight: 400;\" aria-level=\"1\"><b>Intercambio de informaci\u00f3n<\/b>:<span style=\"font-weight: 400;\"> Intercambie la informaci\u00f3n de contacto, del veh\u00edculo y del seguro con el conductor que lastim\u00f3 a su hijo.\u00a0<\/span><\/li>\n<li style=\"font-weight: 400;\" aria-level=\"1\"><b>Contrate a un abogado especializado en accidentes de peatones.<\/b>: <span style=\"font-weight: 400;\">Contrate a un abogado lo antes posible para que le gu\u00ede a trav\u00e9s del proceso legal y le defienda a usted y a su hijo.<\/span><\/li>\n<li style=\"font-weight: 400;\" aria-level=\"1\"><b>Presentar una reclamaci\u00f3n<\/b>:<span style=\"font-weight: 400;\"> Con la ayuda de un abogado, presente una reclamaci\u00f3n ante la compa\u00f1\u00eda de seguros y\/o una reclamaci\u00f3n por lesiones personales para poder obtener una indemnizaci\u00f3n.<\/span><\/li>\n<\/ul>\n<p><span style=\"font-weight: 400;\">Cada uno de estos pasos puede ayudar a su hijo a recibir la atenci\u00f3n que necesita para recuperarse y sanar de sus lesiones. Tambi\u00e9n pueden ayudarle a obtener la indemnizaci\u00f3n que necesita para que eso sea posible con tranquilidad. Resolver una reclamaci\u00f3n que involucra a un ni\u00f1o suele ser m\u00e1s complicado, y un abogado puede ayudarle a asegurarse de obtener los resultados que necesita cuando su hijo ha sufrido una lesi\u00f3n.\u00a0<\/span><\/p>\n\n<div class=\"cta-container row align-items-center\">\n    <div class=\"col-md-7\">\n        <p class=\"cta-text rs-content-cta\">Orgullosos de servir a Duluth y a todo Georgia <span>\u00a1Cont\u00e1ctenos para comenzar su recuperaci\u00f3n!<\/span> <a href=\"https:\/\/slamdunkattorney.com\/es\/\">Explore nuestras \u00e1reas de pr\u00e1ctica<\/a><\/p>\n    <\/div>\n    <div class=\"col-md-5\">\n        <img decoding=\"async\" src=\"https:\/\/slamdunkattorney.com\/wp-content\/themes\/slam-dunk-rebuild\/assets\/app\/img\/map-cta.jpg\" alt=\"Legal Consultation\" class=\"img-fluid\"\/>\n    <\/div>\n<\/div><h2><span style=\"font-weight: 400;\">Qu\u00e9 esperar al resolver el caso de accidente peatonal de su hijo<\/span><\/h2>\n<p><span style=\"font-weight: 400;\">Inmediatamente despu\u00e9s del accidente, es probable que proceda con lo siguiente: <\/span><a href=\"https:\/\/slamdunkattorney.com\/es\/blog\/understanding-personal-injury-claims\/\"><span style=\"font-weight: 400;\">interponer una demanda<\/span><\/a><span style=\"font-weight: 400;\"> contra la persona que atropell\u00f3 a su hijo con su veh\u00edculo. Su abogado puede guiarle a lo largo del proceso, as\u00ed como redactar y presentar la documentaci\u00f3n pertinente. Tambi\u00e9n revisar\u00e1 toda la documentaci\u00f3n que haya recopilado y determinar\u00e1 si es necesario reunir m\u00e1s pruebas para reforzar su caso.\u00a0<\/span><\/p>\n<p><span style=\"font-weight: 400;\">Una vez que se haya presentado toda la informaci\u00f3n pertinente y se haya notificado a la otra parte su demanda en su contra, podr\u00e1 comenzar el proceso para llegar a una resoluci\u00f3n en el caso de su hijo. Se iniciar\u00e1n las negociaciones para intentar llegar a un acuerdo que cubra satisfactoriamente las lesiones de su hijo y los gastos derivados. Si no se llega a un acuerdo, el caso se llevar\u00e1 a los tribunales.<\/span><\/p>\n<p><span style=\"font-weight: 400;\">Si su <\/span><b>El ni\u00f1o result\u00f3 herido en un accidente peatonal.<\/b><span style=\"font-weight: 400;\">, es importante presentar una reclamaci\u00f3n lo antes posible para obtener la compensaci\u00f3n que necesita y asegurarse de que no haya prescrito. Seg\u00fan <\/span><span style=\"font-weight: 400;\">C\u00f3digo de Georgia \u00a7 9-3-33<\/span><span style=\"font-weight: 400;\">, tienes dos a\u00f1os para presentar una demanda en nombre de tu hijo. Sin embargo, el plazo de prescripci\u00f3n tambi\u00e9n puede suspenderse hasta dos a\u00f1os despu\u00e9s de que el ni\u00f1o cumpla dieciocho a\u00f1os si \u00e9l mismo desea presentar una demanda, seg\u00fan <\/span><span style=\"font-weight: 400;\">C\u00f3digo de Georgia \u00a7 9-3-90<\/span><span style=\"font-weight: 400;\">.\u00a0<\/span><\/p>\n<h2><span style=\"font-weight: 400;\">Recuperaci\u00f3n de indemnizaciones en un caso de lesiones infantiles<\/span><\/h2>\n<p><span style=\"font-weight: 400;\">Recuperar indemnizaciones en nombre de un menor es diferente a recuperarlas como adulto. Seg\u00fan <\/span><span style=\"font-weight: 400;\">C\u00f3digo de Georgia \u00a7 29-3-3<\/span><span style=\"font-weight: 400;\">, el monto de un acuerdo puede marcar una gran diferencia en lo que suceder\u00e1 despu\u00e9s. Existe un l\u00edmite de $25,000 que determina lo que suceder\u00e1 con el acuerdo que se emita.\u00a0<\/span><\/p>\n<p><span style=\"font-weight: 400;\">En el caso de acuerdos por un importe inferior a $25,000 o inferior tras deducir todos los gastos pertinentes, los padres y tutores pueden aceptar el acuerdo en nombre del menor. Los fondos concedidos pueden utilizarse para garantizar que el menor reciba la atenci\u00f3n que necesita.<\/span><\/p>\n<p><span style=\"font-weight: 400;\">Por otro lado, si el acuerdo supera los $25,000, el tribunal debe aprobarlo primero. Es posible que el padre, madre o tutor tambi\u00e9n tenga que convertirse en el curador del menor antes de que se pueda otorgar el dinero. Es probable que el acuerdo se deposite en un fideicomiso y que se requiera la aprobaci\u00f3n del tribunal para acceder a \u00e9l.\u00a0<\/span><\/p>\n\n<div class=\"cta-container row align-items-center\">\n    <div class=\"col-md-7\">\n        <p class=\"cta-text rs-content-cta\"><a class=\"no-btn\" href=\"https:\/\/slamdunkattorney.com\/es\/contact-us\/\">Haga clic para contactar<\/a> nuestros abogados especializados en lesiones personales hoy mismo<\/p>\n    <\/div>\n    <div class=\"col-md-5\">\n        <img decoding=\"async\" src=\"https:\/\/slamdunkattorney.com\/wp-content\/themes\/slam-dunk-rebuild\/assets\/app\/img\/map-cta.jpg\" alt=\"Contact Us\" class=\"img-fluid\"\/>\n    <\/div>\n<\/div><h2><span style=\"font-weight: 400;\">Un abogado con experiencia est\u00e1 del lado de su hijo.<\/span><\/h2>\n<p><span style=\"font-weight: 400;\">Debido a los matices de los casos de ni\u00f1os peatones, hay muchos <\/span><a href=\"https:\/\/slamdunkattorney.com\/es\/blog\/benefits-of-hiring-a-personal-injury-lawyer-in-georgia\/\"><span style=\"font-weight: 400;\">Ventajas de contratar a un abogado especializado en lesiones personales en Georgia<\/span><\/a> <b>si su hijo se lesion\u00f3<\/b><span style=\"font-weight: 400;\">. Un abogado posee los conocimientos y la experiencia necesarios para ayudarle a obtener la m\u00e1xima indemnizaci\u00f3n por las lesiones sufridas por su hijo. Tambi\u00e9n le ayudar\u00e1 a investigar el accidente y se asegurar\u00e1 de que tenga un caso s\u00f3lido y una estrategia eficaz.\u00a0<\/span><\/p>\n<p><span style=\"font-weight: 400;\">Su abogado tambi\u00e9n posee las s\u00f3lidas habilidades de negociaci\u00f3n necesarias para obtener los mejores resultados de la compa\u00f1\u00eda de seguros o en una demanda por lesiones personales. Adem\u00e1s, tiene experiencia con el sistema judicial y puede brindarle un asesoramiento valioso y confiable. Como representa a su hijo, lo proteger\u00e1 y pondr\u00e1 sus necesidades en primer lugar.\u00a0\u00a0<\/span><\/p>\n<p><span style=\"font-weight: 400;\">Un abogado puede brindarle tranquilidad durante un momento dif\u00edcil. No solo puede garantizar que no se diga ni se haga nada que perjudique el caso de su hijo, sino que tambi\u00e9n puede encargarse de todos los aspectos legales en su nombre para que usted pueda centrarse en cuidar de su hijo. Su abogado ser\u00e1 su aliado durante todo el proceso.\u00a0<\/span><\/p>\n\n<div class=\"cta-container map-bg row align-items-center flex-md-row-reverse\">\n    <div class=\"col-md-6\">\n        <p class=\"cta-text rs-content-cta\">Completa un <a href=\"https:\/\/slamdunkattorney.com\/es\/contact-us\/\">Formulario de evaluaci\u00f3n gratuita de su caso<\/a> ahora<\/p>\n    <\/div>\n    <div class=\"col-md-6 col-bg\">\n    <\/div>\n<\/div><h2><span style=\"font-weight: 400;\">El abogado Slam Dunk lucha por su hijo\u00a0<\/span><\/h2>\n<p><span style=\"font-weight: 400;\">Slam Dunk Attorney comprende lo aterrador que puede ser que su hijo haya sufrido una lesi\u00f3n, y le ofrecemos a usted y a su familia un servicio compasivo y luchamos con determinaci\u00f3n para garantizar la m\u00e1xima indemnizaci\u00f3n, de modo que su hijo pueda comenzar a recuperarse.\u00a0<\/span><\/p>\n<p><span style=\"font-weight: 400;\">Para hablar con un abogado de nuestro despacho, programe hoy mismo una consulta gratuita y obtenga m\u00e1s informaci\u00f3n sobre c\u00f3mo podemos ayudarle en momentos de necesidad.\u00a0<\/span><\/p>\n\n<div class=\"cta-container row align-items-center\">\n    <div class=\"col-md-7\">\n        <p class=\"cta-text rs-content-cta\">Llame o env\u00ede un mensaje de texto <a class=\"no-btn\" href=\"tel:+14049513513\">404-951-3513<\/a> o completar un <a href=\"https:\/\/slamdunkattorney.com\/es\/contact-us\/\">Formulario de evaluaci\u00f3n gratuita de su caso<\/a><\/p>\n    <\/div>\n    <div class=\"col-md-5\">\n        <img decoding=\"async\" src=\"https:\/\/slamdunkattorney.com\/wp-content\/themes\/slam-dunk-rebuild\/assets\/app\/img\/map-cta.jpg\" alt=\"Call or Text\" class=\"img-fluid\"\/>\n    <\/div>\n<\/div>","protected":false},"excerpt":{"rendered":"<p>What can you do if your child was injured in a pedestrian accident? If your child was hit by a car in Georgia, a Duluth pedestrian accident lawyer can help you take legal action against the person responsible for the accident. You can receive the support you need while ensuring your child can get the &#8230;<\/p>","protected":false},"author":2,"featured_media":16552,"parent":5902,"menu_order":0,"comment_status":"closed","ping_status":"closed","template":"","meta":{"_acf_changed":false,"_genesis_hide_title":false,"_genesis_hide_breadcrumbs":false,"_genesis_hide_singular_image":false,"_genesis_hide_footer_widgets":false,"_genesis_custom_body_class":"","_genesis_custom_post_class":"","_genesis_layout":"","ngg_post_thumbnail":0,"footnotes":""},"extra-categories":[],"hc_faqs":[40],"class_list":{"0":"post-16551","1":"page","2":"type-page","3":"status-publish","4":"has-post-thumbnail","6":"hc_faqs-personal-injury","7":"entry"},"acf":[],"yoast_head":"<!-- This site is optimized with the Yoast SEO plugin v27.4 - https:\/\/yoast.com\/product\/yoast-seo-wordpress\/ -->\n<title>What to Do if Your Child Was Hurt in a Pedestrian Accident<\/title>\n<meta name=\"description\" content=\"Find out what to do if your child was injured in a pedestrian accident from the personal injury lawyers at Slam Dunk Attorney.\" \/>\n<meta name=\"robots\" content=\"index, follow, max-snippet:-1, max-image-preview:large, max-video-preview:-1\" \/>\n<link rel=\"canonical\" href=\"https:\/\/slamdunkattorney.com\/es\/faqs\/what-can-i-do-if-my-child-was-injured-in-a-pedestrian-accident\/\" \/>\n<meta property=\"og:locale\" content=\"es_MX\" \/>\n<meta property=\"og:type\" content=\"article\" \/>\n<meta property=\"og:title\" content=\"What to Do if Your Child Was Hurt in a Pedestrian Accident\" \/>\n<meta property=\"og:description\" content=\"Find out what to do if your child was injured in a pedestrian accident from the personal injury lawyers at Slam Dunk Attorney.\" \/>\n<meta property=\"og:url\" content=\"https:\/\/slamdunkattorney.com\/es\/faqs\/what-can-i-do-if-my-child-was-injured-in-a-pedestrian-accident\/\" \/>\n<meta property=\"og:site_name\" content=\"Slam Dunk Attorney | Injury Lawyers\" \/>\n<meta property=\"article:publisher\" content=\"https:\/\/www.facebook.com\/slamdunkattorneyinjurylawyers\/\" \/>\n<meta property=\"article:modified_time\" content=\"2025-05-16T22:57:38+00:00\" \/>\n<meta property=\"og:image\" content=\"https:\/\/slamdunkattorney.com\/wp-content\/uploads\/2025\/02\/what-can-i-do-if-my-child-was-injured-in-a-pedestrian-accident.jpeg\" \/>\n\t<meta property=\"og:image:width\" content=\"1000\" \/>\n\t<meta property=\"og:image:height\" content=\"666\" \/>\n\t<meta property=\"og:image:type\" content=\"image\/jpeg\" \/>\n<meta name=\"twitter:card\" content=\"summary_large_image\" \/>\n<meta name=\"twitter:site\" content=\"@slamdunkattorney\" \/>\n<meta name=\"twitter:label1\" content=\"Est. reading time\" \/>\n\t<meta name=\"twitter:data1\" content=\"5 minutos\" \/>\n<script type=\"application\/ld+json\" class=\"yoast-schema-graph\">{\"@context\":\"https:\\\/\\\/schema.org\",\"@graph\":[{\"@type\":\"WebPage\",\"@id\":\"https:\\\/\\\/slamdunkattorney.com\\\/faqs\\\/what-can-i-do-if-my-child-was-injured-in-a-pedestrian-accident\\\/\",\"url\":\"https:\\\/\\\/slamdunkattorney.com\\\/faqs\\\/what-can-i-do-if-my-child-was-injured-in-a-pedestrian-accident\\\/\",\"name\":\"What to Do if Your Child Was Hurt in a Pedestrian Accident\",\"isPartOf\":{\"@id\":\"https:\\\/\\\/slamdunkattorney.com\\\/#website\"},\"primaryImageOfPage\":{\"@id\":\"https:\\\/\\\/slamdunkattorney.com\\\/faqs\\\/what-can-i-do-if-my-child-was-injured-in-a-pedestrian-accident\\\/#primaryimage\"},\"image\":{\"@id\":\"https:\\\/\\\/slamdunkattorney.com\\\/faqs\\\/what-can-i-do-if-my-child-was-injured-in-a-pedestrian-accident\\\/#primaryimage\"},\"thumbnailUrl\":\"https:\\\/\\\/slamdunkattorney.com\\\/wp-content\\\/uploads\\\/2025\\\/02\\\/what-can-i-do-if-my-child-was-injured-in-a-pedestrian-accident.jpeg\",\"datePublished\":\"2025-02-25T00:13:38+00:00\",\"dateModified\":\"2025-05-16T22:57:38+00:00\",\"description\":\"Find out what to do if your child was injured in a pedestrian accident from the personal injury lawyers at Slam Dunk Attorney.\",\"breadcrumb\":{\"@id\":\"https:\\\/\\\/slamdunkattorney.com\\\/faqs\\\/what-can-i-do-if-my-child-was-injured-in-a-pedestrian-accident\\\/#breadcrumb\"},\"inLanguage\":\"es\",\"potentialAction\":[{\"@type\":\"ReadAction\",\"target\":[\"https:\\\/\\\/slamdunkattorney.com\\\/faqs\\\/what-can-i-do-if-my-child-was-injured-in-a-pedestrian-accident\\\/\"]}]},{\"@type\":\"ImageObject\",\"inLanguage\":\"es\",\"@id\":\"https:\\\/\\\/slamdunkattorney.com\\\/faqs\\\/what-can-i-do-if-my-child-was-injured-in-a-pedestrian-accident\\\/#primaryimage\",\"url\":\"https:\\\/\\\/slamdunkattorney.com\\\/wp-content\\\/uploads\\\/2025\\\/02\\\/what-can-i-do-if-my-child-was-injured-in-a-pedestrian-accident.jpeg\",\"contentUrl\":\"https:\\\/\\\/slamdunkattorney.com\\\/wp-content\\\/uploads\\\/2025\\\/02\\\/what-can-i-do-if-my-child-was-injured-in-a-pedestrian-accident.jpeg\",\"width\":1000,\"height\":666,\"caption\":\"A child crossing the road. What can I do if my child was injured in a pedestrian accident?\"},{\"@type\":\"BreadcrumbList\",\"@id\":\"https:\\\/\\\/slamdunkattorney.com\\\/faqs\\\/what-can-i-do-if-my-child-was-injured-in-a-pedestrian-accident\\\/#breadcrumb\",\"itemListElement\":[{\"@type\":\"ListItem\",\"position\":1,\"name\":\"Home\",\"item\":\"https:\\\/\\\/slamdunkattorney.com\\\/\"},{\"@type\":\"ListItem\",\"position\":2,\"name\":\"FAQs\",\"item\":\"https:\\\/\\\/slamdunkattorney.com\\\/faqs\\\/\"},{\"@type\":\"ListItem\",\"position\":3,\"name\":\"What Can I Do if My Child Was Injured in a Pedestrian Accident?\"}]},{\"@type\":\"WebSite\",\"@id\":\"https:\\\/\\\/slamdunkattorney.com\\\/#website\",\"url\":\"https:\\\/\\\/slamdunkattorney.com\\\/\",\"name\":\"Slam Dunk Attorney | Injury Lawyers\",\"description\":\"Duluth Personal Injury Lawyers\",\"publisher\":{\"@id\":\"https:\\\/\\\/slamdunkattorney.com\\\/#organization\"},\"alternateName\":\"Slam Dunk Attorney\",\"inLanguage\":\"es\"},{\"@type\":\"Organization\",\"@id\":\"https:\\\/\\\/slamdunkattorney.com\\\/#organization\",\"name\":\"Slam Dunk Attorney\",\"alternateName\":\"Slam Dunk\",\"url\":\"https:\\\/\\\/slamdunkattorney.com\\\/\",\"logo\":{\"@type\":\"ImageObject\",\"inLanguage\":\"es\",\"@id\":\"https:\\\/\\\/slamdunkattorney.com\\\/#\\\/schema\\\/logo\\\/image\\\/\",\"url\":\"https:\\\/\\\/slamdunkattorney.com\\\/wp-content\\\/uploads\\\/2023\\\/05\\\/cropped-Logo.png\",\"contentUrl\":\"https:\\\/\\\/slamdunkattorney.com\\\/wp-content\\\/uploads\\\/2023\\\/05\\\/cropped-Logo.png\",\"width\":1080,\"height\":240,\"caption\":\"Slam Dunk Attorney\"},\"image\":{\"@id\":\"https:\\\/\\\/slamdunkattorney.com\\\/#\\\/schema\\\/logo\\\/image\\\/\"},\"sameAs\":[\"https:\\\/\\\/www.facebook.com\\\/slamdunkattorneyinjurylawyers\\\/\",\"https:\\\/\\\/x.com\\\/slamdunkattorney\",\"https:\\\/\\\/www.instagram.com\\\/slamdunkattorney\\\/\",\"https:\\\/\\\/www.youtube.com\\\/channel\\\/UCSrOiC7vOjlCi3UgtIVGNtw\",\"https:\\\/\\\/www.linkedin.com\\\/company\\\/slamdunkattorneyinjurylawyers\"]}]}<\/script>\n<!-- \/ Yoast SEO plugin. -->","yoast_head_json":{"title":"What to Do if Your Child Was Hurt in a Pedestrian Accident","description":"Find out what to do if your child was injured in a pedestrian accident from the personal injury lawyers at Slam Dunk Attorney.","robots":{"index":"index","follow":"follow","max-snippet":"max-snippet:-1","max-image-preview":"max-image-preview:large","max-video-preview":"max-video-preview:-1"},"canonical":"https:\/\/slamdunkattorney.com\/es\/faqs\/what-can-i-do-if-my-child-was-injured-in-a-pedestrian-accident\/","og_locale":"es_MX","og_type":"article","og_title":"What to Do if Your Child Was Hurt in a Pedestrian Accident","og_description":"Find out what to do if your child was injured in a pedestrian accident from the personal injury lawyers at Slam Dunk Attorney.","og_url":"https:\/\/slamdunkattorney.com\/es\/faqs\/what-can-i-do-if-my-child-was-injured-in-a-pedestrian-accident\/","og_site_name":"Slam Dunk Attorney | Injury Lawyers","article_publisher":"https:\/\/www.facebook.com\/slamdunkattorneyinjurylawyers\/","article_modified_time":"2025-05-16T22:57:38+00:00","og_image":[{"width":1000,"height":666,"url":"https:\/\/slamdunkattorney.com\/wp-content\/uploads\/2025\/02\/what-can-i-do-if-my-child-was-injured-in-a-pedestrian-accident.jpeg","type":"image\/jpeg"}],"twitter_card":"summary_large_image","twitter_site":"@slamdunkattorney","twitter_misc":{"Est. reading time":"5 minutos"},"schema":{"@context":"https:\/\/schema.org","@graph":[{"@type":"WebPage","@id":"https:\/\/slamdunkattorney.com\/faqs\/what-can-i-do-if-my-child-was-injured-in-a-pedestrian-accident\/","url":"https:\/\/slamdunkattorney.com\/faqs\/what-can-i-do-if-my-child-was-injured-in-a-pedestrian-accident\/","name":"What to Do if Your Child Was Hurt in a Pedestrian Accident","isPartOf":{"@id":"https:\/\/slamdunkattorney.com\/#website"},"primaryImageOfPage":{"@id":"https:\/\/slamdunkattorney.com\/faqs\/what-can-i-do-if-my-child-was-injured-in-a-pedestrian-accident\/#primaryimage"},"image":{"@id":"https:\/\/slamdunkattorney.com\/faqs\/what-can-i-do-if-my-child-was-injured-in-a-pedestrian-accident\/#primaryimage"},"thumbnailUrl":"https:\/\/slamdunkattorney.com\/wp-content\/uploads\/2025\/02\/what-can-i-do-if-my-child-was-injured-in-a-pedestrian-accident.jpeg","datePublished":"2025-02-25T00:13:38+00:00","dateModified":"2025-05-16T22:57:38+00:00","description":"Find out what to do if your child was injured in a pedestrian accident from the personal injury lawyers at Slam Dunk Attorney.","breadcrumb":{"@id":"https:\/\/slamdunkattorney.com\/faqs\/what-can-i-do-if-my-child-was-injured-in-a-pedestrian-accident\/#breadcrumb"},"inLanguage":"es","potentialAction":[{"@type":"ReadAction","target":["https:\/\/slamdunkattorney.com\/faqs\/what-can-i-do-if-my-child-was-injured-in-a-pedestrian-accident\/"]}]},{"@type":"ImageObject","inLanguage":"es","@id":"https:\/\/slamdunkattorney.com\/faqs\/what-can-i-do-if-my-child-was-injured-in-a-pedestrian-accident\/#primaryimage","url":"https:\/\/slamdunkattorney.com\/wp-content\/uploads\/2025\/02\/what-can-i-do-if-my-child-was-injured-in-a-pedestrian-accident.jpeg","contentUrl":"https:\/\/slamdunkattorney.com\/wp-content\/uploads\/2025\/02\/what-can-i-do-if-my-child-was-injured-in-a-pedestrian-accident.jpeg","width":1000,"height":666,"caption":"A child crossing the road. What can I do if my child was injured in a pedestrian accident?"},{"@type":"BreadcrumbList","@id":"https:\/\/slamdunkattorney.com\/faqs\/what-can-i-do-if-my-child-was-injured-in-a-pedestrian-accident\/#breadcrumb","itemListElement":[{"@type":"ListItem","position":1,"name":"Home","item":"https:\/\/slamdunkattorney.com\/"},{"@type":"ListItem","position":2,"name":"FAQs","item":"https:\/\/slamdunkattorney.com\/faqs\/"},{"@type":"ListItem","position":3,"name":"What Can I Do if My Child Was Injured in a Pedestrian Accident?"}]},{"@type":"WebSite","@id":"https:\/\/slamdunkattorney.com\/#website","url":"https:\/\/slamdunkattorney.com\/","name":"Abogado experto en lesiones | Abogados especializados en lesiones","description":"Abogados de lesiones personales en Duluth","publisher":{"@id":"https:\/\/slamdunkattorney.com\/#organization"},"alternateName":"Slam Dunk Attorney","inLanguage":"es"},{"@type":"Organization","@id":"https:\/\/slamdunkattorney.com\/#organization","name":"Abogado Slam Dunk","alternateName":"Slam Dunk","url":"https:\/\/slamdunkattorney.com\/","logo":{"@type":"ImageObject","inLanguage":"es","@id":"https:\/\/slamdunkattorney.com\/#\/schema\/logo\/image\/","url":"https:\/\/slamdunkattorney.com\/wp-content\/uploads\/2023\/05\/cropped-Logo.png","contentUrl":"https:\/\/slamdunkattorney.com\/wp-content\/uploads\/2023\/05\/cropped-Logo.png","width":1080,"height":240,"caption":"Slam Dunk Attorney"},"image":{"@id":"https:\/\/slamdunkattorney.com\/#\/schema\/logo\/image\/"},"sameAs":["https:\/\/www.facebook.com\/slamdunkattorneyinjurylawyers\/","https:\/\/x.com\/slamdunkattorney","https:\/\/www.instagram.com\/slamdunkattorney\/","https:\/\/www.youtube.com\/channel\/UCSrOiC7vOjlCi3UgtIVGNtw","https:\/\/www.linkedin.com\/company\/slamdunkattorneyinjurylawyers"]}]}},"yoast_meta":{"yoast_wpseo_title":"","yoast_wpseo_metadesc":"","yoast_wpseo_canonical":"https:\/\/slamdunkattorney.com\/es\/wp-json\/wp\/v2\/pages\/16551"},"_links":{"self":[{"href":"https:\/\/slamdunkattorney.com\/es\/wp-json\/wp\/v2\/pages\/16551","targetHints":{"allow":["GET"]}}],"collection":[{"href":"https:\/\/slamdunkattorney.com\/es\/wp-json\/wp\/v2\/pages"}],"about":[{"href":"https:\/\/slamdunkattorney.com\/es\/wp-json\/wp\/v2\/types\/page"}],"author":[{"embeddable":true,"href":"https:\/\/slamdunkattorney.com\/es\/wp-json\/wp\/v2\/users\/2"}],"replies":[{"embeddable":true,"href":"https:\/\/slamdunkattorney.com\/es\/wp-json\/wp\/v2\/comments?post=16551"}],"version-history":[{"count":0,"href":"https:\/\/slamdunkattorney.com\/es\/wp-json\/wp\/v2\/pages\/16551\/revisions"}],"up":[{"embeddable":true,"href":"https:\/\/slamdunkattorney.com\/es\/wp-json\/wp\/v2\/pages\/5902"}],"wp:featuredmedia":[{"embeddable":true,"href":"https:\/\/slamdunkattorney.com\/es\/wp-json\/wp\/v2\/media\/16552"}],"wp:attachment":[{"href":"https:\/\/slamdunkattorney.com\/es\/wp-json\/wp\/v2\/media?parent=16551"}],"wp:term":[{"taxonomy":"extra-categories","embeddable":true,"href":"https:\/\/slamdunkattorney.com\/es\/wp-json\/wp\/v2\/extra-categories?post=16551"},{"taxonomy":"hc_faqs","embeddable":true,"href":"https:\/\/slamdunkattorney.com\/es\/wp-json\/wp\/v2\/hc_faqs?post=16551"}],"curies":[{"name":"wp","href":"https:\/\/api.w.org\/{rel}","templated":true}]}}