{"id":16548,"date":"2025-02-25T00:10:41","date_gmt":"2025-02-25T00:10:41","guid":{"rendered":"https:\/\/slamdunk.wpenginepowered.com\/?page_id=16548"},"modified":"2025-02-25T10:10:55","modified_gmt":"2025-02-25T10:10:55","slug":"can-i-be-found-partially-at-fault-for-a-pedestrian-accident","status":"publish","type":"page","link":"https:\/\/slamdunkattorney.com\/es\/faqs\/can-i-be-found-partially-at-fault-for-a-pedestrian-accident\/","title":{"rendered":"\u00bfPuedo ser considerado parcialmente responsable de un accidente con un peat\u00f3n?"},"content":{"rendered":"<p><b>\u00bfPuedo ser considerado parcialmente culpable de un accidente con un peat\u00f3n?<\/b>? <span style=\"font-weight: 400;\">Se le puede considerar parcialmente responsable de su accidente peatonal.\u00a0<\/span><\/p>\n<p><span style=\"font-weight: 400;\">A <\/span><a href=\"https:\/\/slamdunkattorney.com\/es\/duluth\/pedestrian-accident-lawyer\/\"><span style=\"font-weight: 400;\">Abogado especializado en accidentes de peatones en Duluth<\/span><\/a><span style=\"font-weight: 400;\"> puede explicarle la ley de negligencia comparativa de Georgia y c\u00f3mo puede afectar a su caso. <\/span><\/p>\n<h2><span style=\"font-weight: 400;\">Por qu\u00e9 se le puede considerar parcialmente responsable de un accidente con un peat\u00f3n<\/span><\/h2>\n<p><span style=\"font-weight: 400;\">Consideremos un ejemplo para entender cu\u00e1ndo alguien<\/span><b> puede ser considerado parcialmente responsable de un accidente con un peat\u00f3n<\/b><span style=\"font-weight: 400;\">. Un peat\u00f3n cruza la calle mientras el sem\u00e1foro est\u00e1 en verde. Si un conductor no puede frenar a tiempo para evitar un accidente, tanto el conductor como el peat\u00f3n pueden ser culpables.\u00a0<\/span><\/p>\n<p><span style=\"font-weight: 400;\">El <\/span><a href=\"https:\/\/slamdunkattorney.com\/es\/faqs\/compensation-for-a-car-accident-that-was-partially-my-fault\/\"><span style=\"font-weight: 400;\">Opciones de indemnizaci\u00f3n por accidentes automovil\u00edsticos con culpa parcial.<\/span><\/a><span style=\"font-weight: 400;\"> son limitadas. Si usted es parcialmente responsable de un accidente peatonal, es posible que reciba una parte de la indemnizaci\u00f3n que solicite. Por el contrario, si usted es el principal responsable, es posible que no tenga derecho a recibir indemnizaci\u00f3n alguna.\u00a0<\/span><\/p>\n<p><span style=\"font-weight: 400;\">Slam Dunk Attorney quiere que te recuperes de tu accidente peatonal. Hemos ayudado a clientes en miles de casos de lesiones personales y le daremos a tu accidente peatonal la atenci\u00f3n que merece. Cont\u00e1ctanos para obtener m\u00e1s informaci\u00f3n.\u00a0<\/span><\/p>\n\n<div class=\"cta-container row align-items-center\">\n    <div class=\"col-md-7\">\n        <p class=\"cta-text rs-content-cta\">Orgullosos de servir a Duluth y a todo Georgia <span>\u00a1Cont\u00e1ctenos para comenzar su recuperaci\u00f3n!<\/span> <a href=\"https:\/\/slamdunkattorney.com\/es\/\">Explore nuestras \u00e1reas de pr\u00e1ctica<\/a><\/p>\n    <\/div>\n    <div class=\"col-md-5\">\n        <img decoding=\"async\" src=\"https:\/\/slamdunkattorney.com\/wp-content\/themes\/slam-dunk-rebuild\/assets\/app\/img\/map-cta.jpg\" alt=\"Legal Consultation\" class=\"img-fluid\"\/>\n    <\/div>\n<\/div><h2><span style=\"font-weight: 400;\">\u00bfQu\u00e9 puede suceder si se determina que usted tiene parte de la culpa en un accidente con un peat\u00f3n?<\/span><\/h2>\n<p><span style=\"font-weight: 400;\">Podr\u00eda recibir una indemnizaci\u00f3n parcial o ninguna indemnizaci\u00f3n si usted es <\/span><b>parcialmente responsable de un accidente de peatones<\/b><span style=\"font-weight: 400;\">. Despu\u00e9s de su accidente, consulte con un abogado especializado en lesiones personales. \u00c9l le ayudar\u00e1 a solicitar una indemnizaci\u00f3n a trav\u00e9s de una reclamaci\u00f3n al seguro de autom\u00f3vil.\u00a0<\/span><\/p>\n<p><span style=\"font-weight: 400;\">Georgia tiene <\/span><a href=\"https:\/\/dor.georgia.gov\/motor-vehicles\/vehicle-insurance-requirements\" target=\"_blank\" rel=\"noopener\"><span style=\"font-weight: 400;\">requisitos del seguro del veh\u00edculo<\/span><\/a><span style=\"font-weight: 400;\">. Si usted resulta lesionado en un accidente como peat\u00f3n, la aseguradora del conductor responsable podr\u00eda cubrir sus p\u00e9rdidas. Sin embargo, esta compa\u00f1\u00eda de seguros puede alegar que usted es parcialmente responsable, impugnar su reclamaci\u00f3n y ofrecerle un acuerdo por un monto inferior al que le corresponde.\u00a0<\/span><\/p>\n<p><span style=\"font-weight: 400;\">Una de las razones <\/span><a href=\"https:\/\/slamdunkattorney.com\/es\/faqs\/is-it-worth-getting-a-lawyer-for-a-car-accident\/\"><span style=\"font-weight: 400;\">Vale la pena contratar a un abogado para un accidente automovil\u00edstico.<\/span><\/a><span style=\"font-weight: 400;\"> es la representaci\u00f3n legal que recibe durante el proceso de reclamaci\u00f3n al seguro. Su abogado quiere demostrar que usted no es responsable del accidente. Puede presentar una demanda por lesiones en su nombre si la reclamaci\u00f3n al seguro no tiene \u00e9xito.\u00a0<\/span><\/p>\n<h2><span style=\"font-weight: 400;\">Consejos para ayudarle a demostrar que un conductor es responsable de su accidente como peat\u00f3n<\/span><\/h2>\n<p><span style=\"font-weight: 400;\">As\u00f3ciese con un abogado especializado en accidentes de peatones que conozca el sistema legal. Su abogado puede compartir una <\/span><a href=\"https:\/\/slamdunkattorney.com\/es\/faqs\/how-is-a-car-accident-settlement-calculated-in-georgia\/\"><span style=\"font-weight: 400;\">Gu\u00eda para el c\u00e1lculo de indemnizaciones por accidentes automovil\u00edsticos en Georgia<\/span><\/a><span style=\"font-weight: 400;\"> y otros recursos. Pueden proporcionarle consejos que le ayudar\u00e1n a demostrar que un conductor debe ser considerado responsable de su atropello, tales como:<\/span><\/p>\n<h3><span style=\"font-weight: 400;\">Recopilar pruebas<\/span><\/h3>\n<p><span style=\"font-weight: 400;\">Recopile declaraciones de testigos, un informe policial y otras pruebas. Su abogado puede explicarle el <\/span><a href=\"https:\/\/slamdunkattorney.com\/es\/faqs\/steps-after-auto-accident\/\"><span style=\"font-weight: 400;\">Pasos esenciales que se deben seguir despu\u00e9s de un accidente automovil\u00edstico<\/span><\/a><span style=\"font-weight: 400;\">, incluyendo c\u00f3mo reunir pruebas. Pueden utilizar sus pruebas para preparar un argumento convincente.\u00a0<\/span><\/p>\n<h3><span style=\"font-weight: 400;\">Hablar con los testigos<\/span><\/h3>\n<p><span style=\"font-weight: 400;\">Si es posible, p\u00f3ngase en contacto con cualquier persona que haya presenciado el accidente. Los testigos pueden presentar declaraciones que detallen las causas del accidente. Estas declaraciones pueden ayudarle a validar sus reclamaciones contra el conductor responsable.\u00a0<\/span><\/p>\n<h3><span style=\"font-weight: 400;\">Demostrar negligencia<\/span><\/h3>\n<p><span style=\"font-weight: 400;\">Prepare un caso que destaque c\u00f3mo el conductor ten\u00eda el deber de actuar con precauci\u00f3n para evitar actos imprudentes y temerarios, y decidi\u00f3 incumplir esta obligaci\u00f3n legal. Adem\u00e1s, su caso debe enfatizar c\u00f3mo las acciones del conductor provocaron el accidente y le causaron p\u00e9rdidas. Si puede demostrar que el conductor fue negligente, estar\u00e1 en condiciones de obtener la m\u00e1xima indemnizaci\u00f3n.\u00a0<\/span><\/p>\n<p><span style=\"font-weight: 400;\">No dude en llevar su caso ante un juez o un jurado. De lo contrario, si acepta una responsabilidad parcial, es posible que tenga que cubrir parte o la totalidad de las p\u00e9rdidas relacionadas con el accidente. Con la ayuda de un abogado, puede obligar al tribunal a fallar a su favor.\u00a0<\/span><\/p>\n\n<div class=\"cta-container row align-items-center\">\n    <div class=\"col-md-7\">\n        <p class=\"cta-text rs-content-cta\"><a class=\"no-btn\" href=\"https:\/\/slamdunkattorney.com\/es\/contact-us\/\">Haga clic para contactar<\/a> nuestros abogados especializados en lesiones personales hoy mismo<\/p>\n    <\/div>\n    <div class=\"col-md-5\">\n        <img decoding=\"async\" src=\"https:\/\/slamdunkattorney.com\/wp-content\/themes\/slam-dunk-rebuild\/assets\/app\/img\/map-cta.jpg\" alt=\"Contact Us\" class=\"img-fluid\"\/>\n    <\/div>\n<\/div><h2><span style=\"font-weight: 400;\">Factores que el tribunal tomar\u00e1 en cuenta en un caso de accidente de peatones<\/span><\/h2>\n<p><span style=\"font-weight: 400;\">Solicitar una indemnizaci\u00f3n en una demanda por accidente de peatones no ofrece garant\u00edas. El tribunal sopesar\u00e1 muchos factores a la hora de decidir si concede una indemnizaci\u00f3n por da\u00f1os y perjuicios. Entre los factores que el tribunal tendr\u00e1 en cuenta al evaluar su caso se incluyen:<\/span><\/p>\n<h3><span style=\"font-weight: 400;\">Qu\u00e9 estaba haciendo cuando ocurri\u00f3 el accidente<\/span><\/h3>\n<p><span style=\"font-weight: 400;\">Podr\u00eda ser parcialmente responsable de un accidente con un peat\u00f3n si se encontraba parado en medio del tr\u00e1fico. Su abogado puede detallarle las circunstancias en las que <\/span><b>Podr\u00edas ser parcialmente responsable de un accidente con un peat\u00f3n.<\/b><span style=\"font-weight: 400;\">. Buscar\u00e1n formas de demostrar que no mereces ser considerado responsable de este incidente.\u00a0<\/span><\/p>\n<h3><span style=\"font-weight: 400;\">Las acciones del conductor<\/span><\/h3>\n<p><span style=\"font-weight: 400;\">Los conductores deben cumplir con las normas de tr\u00e1nsito. Si un conductor excede la velocidad permitida o comete otros actos de negligencia, puede provocar un atropello. En cualquiera de estos casos, el conductor podr\u00eda verse obligado a cubrir todas las p\u00e9rdidas asociadas.\u00a0<\/span><\/p>\n<h3><span style=\"font-weight: 400;\">La gravedad de sus lesiones<\/span><\/h3>\n<p><span style=\"font-weight: 400;\">Usted resulta lesionado en un accidente peatonal y necesita atenci\u00f3n m\u00e9dica intensiva. Siga acudiendo a las citas m\u00e9dicas despu\u00e9s del accidente y reciba la atenci\u00f3n que necesita para recuperarse de sus lesiones. Un juez o un jurado pueden revisar sus gastos m\u00e9dicos al decidir si le conceden una indemnizaci\u00f3n por da\u00f1os y perjuicios.\u00a0<\/span><\/p>\n<h3><span style=\"font-weight: 400;\">Su p\u00e9rdida de ingresos<\/span><\/h3>\n<p><span style=\"font-weight: 400;\">Puede resultar dif\u00edcil trabajar si se enfrenta a lesiones causadas por un accidente peatonal. Su abogado puede compartir documentos financieros que ilustren c\u00f3mo estas lesiones le impiden obtener los ingresos que necesita para mantenerse a flote econ\u00f3micamente. Estos documentos podr\u00edan llevar al tribunal a concederle una indemnizaci\u00f3n por da\u00f1os y perjuicios basada en sus salarios perdidos actuales y futuros.\u00a0<\/span><\/p>\n<h3><span style=\"font-weight: 400;\">Tu dolor y sufrimiento<\/span><\/h3>\n<p><span style=\"font-weight: 400;\">El trauma emocional que sigue a su accidente puede ser abrumador. Puede dificultarle disfrutar de su vida como lo hac\u00eda antes del incidente. Su abogado puede informar al tribunal sobre su dolor y sufrimiento, lo que puede permitirle obtener una indemnizaci\u00f3n por da\u00f1os y perjuicios.\u00a0<\/span><\/p>\n<h3><span style=\"font-weight: 400;\">Lo que debe decir despu\u00e9s de un accidente<\/span><\/h3>\n<p><span style=\"font-weight: 400;\">Llama al 911 y habla con la polic\u00eda despu\u00e9s de tu accidente peatonal. En este momento, no asumas la responsabilidad del accidente. Si dices algo que indique que eres parcial o totalmente culpable, esto podr\u00eda perjudicar tus posibilidades de obtener una indemnizaci\u00f3n por da\u00f1os y perjuicios.\u00a0<\/span><\/p>\n<p><span style=\"font-weight: 400;\">Conf\u00ede en su abogado para que le ayude a lidiar con las consecuencias de su accidente. P\u00eddale ayuda a su abogado si no est\u00e1 seguro de qu\u00e9 decir o hacer para demostrar que no es culpable. <\/span><b>responsable parcial de un accidente con un peat\u00f3n<\/b><span style=\"font-weight: 400;\">. Con la orientaci\u00f3n y el apoyo de su abogado, podr\u00eda aumentar sus posibilidades de obtener la indemnizaci\u00f3n que desea.\u00a0<\/span><\/p>\n\n<div class=\"cta-container map-bg row align-items-center flex-md-row-reverse\">\n    <div class=\"col-md-6\">\n        <p class=\"cta-text rs-content-cta\">Completa un <a href=\"https:\/\/slamdunkattorney.com\/es\/contact-us\/\">Formulario de evaluaci\u00f3n gratuita de su caso<\/a> ahora<\/p>\n    <\/div>\n    <div class=\"col-md-6 col-bg\">\n    <\/div>\n<\/div><h2><span style=\"font-weight: 400;\">Deje que un abogado especializado en accidentes de peatones le ayude a lo largo del proceso legal.<\/span><\/h2>\n<p><span style=\"font-weight: 400;\">Slam Dunk Attorney tiene una reputaci\u00f3n probada en casos de accidentes de peatones. Nuestro equipo de abogados litigantes puede ayudarle a obtener una indemnizaci\u00f3n justa por parte del conductor responsable de su atropello. Programe una consulta gratuita sobre su caso.\u00a0<\/span><\/p>\n\n<div class=\"cta-container row align-items-center\">\n    <div class=\"col-md-7\">\n        <p class=\"cta-text rs-content-cta\">Llame o env\u00ede un mensaje de texto <a class=\"no-btn\" href=\"tel:+14049513513\">404-951-3513<\/a> o completar un <a href=\"https:\/\/slamdunkattorney.com\/es\/contact-us\/\">Formulario de evaluaci\u00f3n gratuita de su caso<\/a><\/p>\n    <\/div>\n    <div class=\"col-md-5\">\n        <img decoding=\"async\" src=\"https:\/\/slamdunkattorney.com\/wp-content\/themes\/slam-dunk-rebuild\/assets\/app\/img\/map-cta.jpg\" alt=\"Call or Text\" class=\"img-fluid\"\/>\n    <\/div>\n<\/div>","protected":false},"excerpt":{"rendered":"<p>Can I be found partially at fault for a pedestrian accident? You can be found partially at fault for your pedestrian accident.\u00a0 A Duluth pedestrian accident lawyer can explain Georgia&#8217;s comparative negligence law and how it can impact your case. Why You Can Be Found Partially At Fault for a Pedestrian Accident Consider an example &#8230;<\/p>","protected":false},"author":2,"featured_media":16550,"parent":5902,"menu_order":0,"comment_status":"closed","ping_status":"closed","template":"","meta":{"_acf_changed":false,"_genesis_hide_title":false,"_genesis_hide_breadcrumbs":false,"_genesis_hide_singular_image":false,"_genesis_hide_footer_widgets":false,"_genesis_custom_body_class":"","_genesis_custom_post_class":"","_genesis_layout":"","ngg_post_thumbnail":0,"footnotes":""},"extra-categories":[],"hc_faqs":[40],"class_list":{"0":"post-16548","1":"page","2":"type-page","3":"status-publish","4":"has-post-thumbnail","6":"hc_faqs-personal-injury","7":"entry"},"acf":[],"yoast_head":"<!-- This site is optimized with the Yoast SEO plugin v27.4 - https:\/\/yoast.com\/product\/yoast-seo-wordpress\/ -->\n<title>Can I Be Found At Fault for a Pedestrian Accident?<\/title>\n<meta name=\"description\" content=\"Find out if you can be found partially at fault for a pedestrian accident from the pedestrian accident lawyers at Slam Dunk Attorney.\" \/>\n<meta name=\"robots\" content=\"index, follow, max-snippet:-1, max-image-preview:large, max-video-preview:-1\" \/>\n<link rel=\"canonical\" href=\"https:\/\/slamdunkattorney.com\/es\/faqs\/can-i-be-found-partially-at-fault-for-a-pedestrian-accident\/\" \/>\n<meta property=\"og:locale\" content=\"es_MX\" \/>\n<meta property=\"og:type\" content=\"article\" \/>\n<meta property=\"og:title\" content=\"Can I Be Found At Fault for a Pedestrian Accident?\" \/>\n<meta property=\"og:description\" content=\"Find out if you can be found partially at fault for a pedestrian accident from the pedestrian accident lawyers at Slam Dunk Attorney.\" \/>\n<meta property=\"og:url\" content=\"https:\/\/slamdunkattorney.com\/es\/faqs\/can-i-be-found-partially-at-fault-for-a-pedestrian-accident\/\" \/>\n<meta property=\"og:site_name\" content=\"Slam Dunk Attorney | Injury Lawyers\" \/>\n<meta property=\"article:publisher\" content=\"https:\/\/www.facebook.com\/slamdunkattorneyinjurylawyers\/\" \/>\n<meta property=\"article:modified_time\" content=\"2025-02-25T10:10:55+00:00\" \/>\n<meta property=\"og:image\" content=\"https:\/\/slamdunkattorney.com\/wp-content\/uploads\/2025\/02\/can-i-be-found-partially-at-fault-for-a-pedestrian-accident.jpeg\" \/>\n\t<meta property=\"og:image:width\" content=\"1000\" \/>\n\t<meta property=\"og:image:height\" content=\"667\" \/>\n\t<meta property=\"og:image:type\" content=\"image\/jpeg\" \/>\n<meta name=\"twitter:card\" content=\"summary_large_image\" \/>\n<meta name=\"twitter:site\" content=\"@slamdunkattorney\" \/>\n<meta name=\"twitter:label1\" content=\"Est. reading time\" \/>\n\t<meta name=\"twitter:data1\" content=\"5 minutos\" \/>\n<script type=\"application\/ld+json\" class=\"yoast-schema-graph\">{\"@context\":\"https:\\\/\\\/schema.org\",\"@graph\":[{\"@type\":\"WebPage\",\"@id\":\"https:\\\/\\\/slamdunkattorney.com\\\/faqs\\\/can-i-be-found-partially-at-fault-for-a-pedestrian-accident\\\/\",\"url\":\"https:\\\/\\\/slamdunkattorney.com\\\/faqs\\\/can-i-be-found-partially-at-fault-for-a-pedestrian-accident\\\/\",\"name\":\"Can I Be Found At Fault for a Pedestrian Accident?\",\"isPartOf\":{\"@id\":\"https:\\\/\\\/slamdunkattorney.com\\\/#website\"},\"primaryImageOfPage\":{\"@id\":\"https:\\\/\\\/slamdunkattorney.com\\\/faqs\\\/can-i-be-found-partially-at-fault-for-a-pedestrian-accident\\\/#primaryimage\"},\"image\":{\"@id\":\"https:\\\/\\\/slamdunkattorney.com\\\/faqs\\\/can-i-be-found-partially-at-fault-for-a-pedestrian-accident\\\/#primaryimage\"},\"thumbnailUrl\":\"https:\\\/\\\/slamdunkattorney.com\\\/wp-content\\\/uploads\\\/2025\\\/02\\\/can-i-be-found-partially-at-fault-for-a-pedestrian-accident.jpeg\",\"datePublished\":\"2025-02-25T00:10:41+00:00\",\"dateModified\":\"2025-02-25T10:10:55+00:00\",\"description\":\"Find out if you can be found partially at fault for a pedestrian accident from the pedestrian accident lawyers at Slam Dunk Attorney.\",\"breadcrumb\":{\"@id\":\"https:\\\/\\\/slamdunkattorney.com\\\/faqs\\\/can-i-be-found-partially-at-fault-for-a-pedestrian-accident\\\/#breadcrumb\"},\"inLanguage\":\"es\",\"potentialAction\":[{\"@type\":\"ReadAction\",\"target\":[\"https:\\\/\\\/slamdunkattorney.com\\\/faqs\\\/can-i-be-found-partially-at-fault-for-a-pedestrian-accident\\\/\"]}]},{\"@type\":\"ImageObject\",\"inLanguage\":\"es\",\"@id\":\"https:\\\/\\\/slamdunkattorney.com\\\/faqs\\\/can-i-be-found-partially-at-fault-for-a-pedestrian-accident\\\/#primaryimage\",\"url\":\"https:\\\/\\\/slamdunkattorney.com\\\/wp-content\\\/uploads\\\/2025\\\/02\\\/can-i-be-found-partially-at-fault-for-a-pedestrian-accident.jpeg\",\"contentUrl\":\"https:\\\/\\\/slamdunkattorney.com\\\/wp-content\\\/uploads\\\/2025\\\/02\\\/can-i-be-found-partially-at-fault-for-a-pedestrian-accident.jpeg\",\"width\":1000,\"height\":667,\"caption\":\"Two pedestrians crossing the street. Can I be found partially at fault for a pedestrian accident\"},{\"@type\":\"BreadcrumbList\",\"@id\":\"https:\\\/\\\/slamdunkattorney.com\\\/faqs\\\/can-i-be-found-partially-at-fault-for-a-pedestrian-accident\\\/#breadcrumb\",\"itemListElement\":[{\"@type\":\"ListItem\",\"position\":1,\"name\":\"Home\",\"item\":\"https:\\\/\\\/slamdunkattorney.com\\\/\"},{\"@type\":\"ListItem\",\"position\":2,\"name\":\"FAQs\",\"item\":\"https:\\\/\\\/slamdunkattorney.com\\\/faqs\\\/\"},{\"@type\":\"ListItem\",\"position\":3,\"name\":\"Can I Be Found Partially At Fault for a Pedestrian Accident?\"}]},{\"@type\":\"WebSite\",\"@id\":\"https:\\\/\\\/slamdunkattorney.com\\\/#website\",\"url\":\"https:\\\/\\\/slamdunkattorney.com\\\/\",\"name\":\"Slam Dunk Attorney | Injury Lawyers\",\"description\":\"Duluth Personal Injury Lawyers\",\"publisher\":{\"@id\":\"https:\\\/\\\/slamdunkattorney.com\\\/#organization\"},\"alternateName\":\"Slam Dunk Attorney\",\"inLanguage\":\"es\"},{\"@type\":\"Organization\",\"@id\":\"https:\\\/\\\/slamdunkattorney.com\\\/#organization\",\"name\":\"Slam Dunk Attorney\",\"alternateName\":\"Slam Dunk\",\"url\":\"https:\\\/\\\/slamdunkattorney.com\\\/\",\"logo\":{\"@type\":\"ImageObject\",\"inLanguage\":\"es\",\"@id\":\"https:\\\/\\\/slamdunkattorney.com\\\/#\\\/schema\\\/logo\\\/image\\\/\",\"url\":\"https:\\\/\\\/slamdunkattorney.com\\\/wp-content\\\/uploads\\\/2023\\\/05\\\/cropped-Logo.png\",\"contentUrl\":\"https:\\\/\\\/slamdunkattorney.com\\\/wp-content\\\/uploads\\\/2023\\\/05\\\/cropped-Logo.png\",\"width\":1080,\"height\":240,\"caption\":\"Slam Dunk Attorney\"},\"image\":{\"@id\":\"https:\\\/\\\/slamdunkattorney.com\\\/#\\\/schema\\\/logo\\\/image\\\/\"},\"sameAs\":[\"https:\\\/\\\/www.facebook.com\\\/slamdunkattorneyinjurylawyers\\\/\",\"https:\\\/\\\/x.com\\\/slamdunkattorney\",\"https:\\\/\\\/www.instagram.com\\\/slamdunkattorney\\\/\",\"https:\\\/\\\/www.youtube.com\\\/channel\\\/UCSrOiC7vOjlCi3UgtIVGNtw\",\"https:\\\/\\\/www.linkedin.com\\\/company\\\/slamdunkattorneyinjurylawyers\"]}]}<\/script>\n<!-- \/ Yoast SEO plugin. -->","yoast_head_json":{"title":"Can I Be Found At Fault for a Pedestrian Accident?","description":"Find out if you can be found partially at fault for a pedestrian accident from the pedestrian accident lawyers at Slam Dunk Attorney.","robots":{"index":"index","follow":"follow","max-snippet":"max-snippet:-1","max-image-preview":"max-image-preview:large","max-video-preview":"max-video-preview:-1"},"canonical":"https:\/\/slamdunkattorney.com\/es\/faqs\/can-i-be-found-partially-at-fault-for-a-pedestrian-accident\/","og_locale":"es_MX","og_type":"article","og_title":"Can I Be Found At Fault for a Pedestrian Accident?","og_description":"Find out if you can be found partially at fault for a pedestrian accident from the pedestrian accident lawyers at Slam Dunk Attorney.","og_url":"https:\/\/slamdunkattorney.com\/es\/faqs\/can-i-be-found-partially-at-fault-for-a-pedestrian-accident\/","og_site_name":"Slam Dunk Attorney | Injury Lawyers","article_publisher":"https:\/\/www.facebook.com\/slamdunkattorneyinjurylawyers\/","article_modified_time":"2025-02-25T10:10:55+00:00","og_image":[{"width":1000,"height":667,"url":"https:\/\/slamdunkattorney.com\/wp-content\/uploads\/2025\/02\/can-i-be-found-partially-at-fault-for-a-pedestrian-accident.jpeg","type":"image\/jpeg"}],"twitter_card":"summary_large_image","twitter_site":"@slamdunkattorney","twitter_misc":{"Est. reading time":"5 minutos"},"schema":{"@context":"https:\/\/schema.org","@graph":[{"@type":"WebPage","@id":"https:\/\/slamdunkattorney.com\/faqs\/can-i-be-found-partially-at-fault-for-a-pedestrian-accident\/","url":"https:\/\/slamdunkattorney.com\/faqs\/can-i-be-found-partially-at-fault-for-a-pedestrian-accident\/","name":"Can I Be Found At Fault for a Pedestrian Accident?","isPartOf":{"@id":"https:\/\/slamdunkattorney.com\/#website"},"primaryImageOfPage":{"@id":"https:\/\/slamdunkattorney.com\/faqs\/can-i-be-found-partially-at-fault-for-a-pedestrian-accident\/#primaryimage"},"image":{"@id":"https:\/\/slamdunkattorney.com\/faqs\/can-i-be-found-partially-at-fault-for-a-pedestrian-accident\/#primaryimage"},"thumbnailUrl":"https:\/\/slamdunkattorney.com\/wp-content\/uploads\/2025\/02\/can-i-be-found-partially-at-fault-for-a-pedestrian-accident.jpeg","datePublished":"2025-02-25T00:10:41+00:00","dateModified":"2025-02-25T10:10:55+00:00","description":"Find out if you can be found partially at fault for a pedestrian accident from the pedestrian accident lawyers at Slam Dunk Attorney.","breadcrumb":{"@id":"https:\/\/slamdunkattorney.com\/faqs\/can-i-be-found-partially-at-fault-for-a-pedestrian-accident\/#breadcrumb"},"inLanguage":"es","potentialAction":[{"@type":"ReadAction","target":["https:\/\/slamdunkattorney.com\/faqs\/can-i-be-found-partially-at-fault-for-a-pedestrian-accident\/"]}]},{"@type":"ImageObject","inLanguage":"es","@id":"https:\/\/slamdunkattorney.com\/faqs\/can-i-be-found-partially-at-fault-for-a-pedestrian-accident\/#primaryimage","url":"https:\/\/slamdunkattorney.com\/wp-content\/uploads\/2025\/02\/can-i-be-found-partially-at-fault-for-a-pedestrian-accident.jpeg","contentUrl":"https:\/\/slamdunkattorney.com\/wp-content\/uploads\/2025\/02\/can-i-be-found-partially-at-fault-for-a-pedestrian-accident.jpeg","width":1000,"height":667,"caption":"Two pedestrians crossing the street. Can I be found partially at fault for a pedestrian accident"},{"@type":"BreadcrumbList","@id":"https:\/\/slamdunkattorney.com\/faqs\/can-i-be-found-partially-at-fault-for-a-pedestrian-accident\/#breadcrumb","itemListElement":[{"@type":"ListItem","position":1,"name":"Home","item":"https:\/\/slamdunkattorney.com\/"},{"@type":"ListItem","position":2,"name":"FAQs","item":"https:\/\/slamdunkattorney.com\/faqs\/"},{"@type":"ListItem","position":3,"name":"Can I Be Found Partially At Fault for a Pedestrian Accident?"}]},{"@type":"WebSite","@id":"https:\/\/slamdunkattorney.com\/#website","url":"https:\/\/slamdunkattorney.com\/","name":"Abogado experto en lesiones | Abogados especializados en lesiones","description":"Abogados de lesiones personales en Duluth","publisher":{"@id":"https:\/\/slamdunkattorney.com\/#organization"},"alternateName":"Slam Dunk Attorney","inLanguage":"es"},{"@type":"Organization","@id":"https:\/\/slamdunkattorney.com\/#organization","name":"Abogado Slam Dunk","alternateName":"Slam Dunk","url":"https:\/\/slamdunkattorney.com\/","logo":{"@type":"ImageObject","inLanguage":"es","@id":"https:\/\/slamdunkattorney.com\/#\/schema\/logo\/image\/","url":"https:\/\/slamdunkattorney.com\/wp-content\/uploads\/2023\/05\/cropped-Logo.png","contentUrl":"https:\/\/slamdunkattorney.com\/wp-content\/uploads\/2023\/05\/cropped-Logo.png","width":1080,"height":240,"caption":"Slam Dunk Attorney"},"image":{"@id":"https:\/\/slamdunkattorney.com\/#\/schema\/logo\/image\/"},"sameAs":["https:\/\/www.facebook.com\/slamdunkattorneyinjurylawyers\/","https:\/\/x.com\/slamdunkattorney","https:\/\/www.instagram.com\/slamdunkattorney\/","https:\/\/www.youtube.com\/channel\/UCSrOiC7vOjlCi3UgtIVGNtw","https:\/\/www.linkedin.com\/company\/slamdunkattorneyinjurylawyers"]}]}},"yoast_meta":{"yoast_wpseo_title":"","yoast_wpseo_metadesc":"","yoast_wpseo_canonical":"https:\/\/slamdunkattorney.com\/es\/wp-json\/wp\/v2\/pages\/16548"},"_links":{"self":[{"href":"https:\/\/slamdunkattorney.com\/es\/wp-json\/wp\/v2\/pages\/16548","targetHints":{"allow":["GET"]}}],"collection":[{"href":"https:\/\/slamdunkattorney.com\/es\/wp-json\/wp\/v2\/pages"}],"about":[{"href":"https:\/\/slamdunkattorney.com\/es\/wp-json\/wp\/v2\/types\/page"}],"author":[{"embeddable":true,"href":"https:\/\/slamdunkattorney.com\/es\/wp-json\/wp\/v2\/users\/2"}],"replies":[{"embeddable":true,"href":"https:\/\/slamdunkattorney.com\/es\/wp-json\/wp\/v2\/comments?post=16548"}],"version-history":[{"count":0,"href":"https:\/\/slamdunkattorney.com\/es\/wp-json\/wp\/v2\/pages\/16548\/revisions"}],"up":[{"embeddable":true,"href":"https:\/\/slamdunkattorney.com\/es\/wp-json\/wp\/v2\/pages\/5902"}],"wp:featuredmedia":[{"embeddable":true,"href":"https:\/\/slamdunkattorney.com\/es\/wp-json\/wp\/v2\/media\/16550"}],"wp:attachment":[{"href":"https:\/\/slamdunkattorney.com\/es\/wp-json\/wp\/v2\/media?parent=16548"}],"wp:term":[{"taxonomy":"extra-categories","embeddable":true,"href":"https:\/\/slamdunkattorney.com\/es\/wp-json\/wp\/v2\/extra-categories?post=16548"},{"taxonomy":"hc_faqs","embeddable":true,"href":"https:\/\/slamdunkattorney.com\/es\/wp-json\/wp\/v2\/hc_faqs?post=16548"}],"curies":[{"name":"wp","href":"https:\/\/api.w.org\/{rel}","templated":true}]}}