{"id":16546,"date":"2025-02-25T00:07:41","date_gmt":"2025-02-25T00:07:41","guid":{"rendered":"https:\/\/slamdunk.wpenginepowered.com\/?page_id=16546"},"modified":"2025-02-25T10:07:54","modified_gmt":"2025-02-25T10:07:54","slug":"is-jaywalking-illegal-in-georgia","status":"publish","type":"page","link":"https:\/\/slamdunkattorney.com\/es\/faqs\/is-jaywalking-illegal-in-georgia\/","title":{"rendered":"\u00bfEs ilegal cruzar la calle de forma imprudente en Georgia?"},"content":{"rendered":"<p><b>Cruzar la calle de forma imprudente es ilegal en Georgia.<\/b><span style=\"font-weight: 400;\">, aunque no es un t\u00e9rmino reconocido legalmente en la legislaci\u00f3n de Georgia.\u00a0<\/span><\/p>\n<p><span style=\"font-weight: 400;\">Este complejo asunto puede desempe\u00f1ar un papel importante en una demanda por lesiones personales que presente con la ayuda de un <\/span><a href=\"https:\/\/slamdunkattorney.com\/es\/duluth\/pedestrian-accident-lawyer\/\"><span style=\"font-weight: 400;\">Abogado especializado en accidentes de peatones en Duluth<\/span><\/a><span style=\"font-weight: 400;\">.<\/span><\/p>\n<h2><span style=\"font-weight: 400;\">Comprender las leyes de Georgia sobre peatones y cruzar la calle de forma imprudente<\/span><\/h2>\n<p><span style=\"font-weight: 400;\">Como se ha se\u00f1alado, la legislaci\u00f3n de Georgia no utiliza espec\u00edficamente el t\u00e9rmino \u00abcruzar imprudentemente\u00bb, pero s\u00ed reconoce el acto de cruzar imprudentemente, es decir, cuando una persona cruza la calle fuera de un paso de peatones. Sin embargo, la legislaci\u00f3n de Georgia hace que este proceso sea un poco m\u00e1s confuso de lo que cabr\u00eda esperar. La clave que hay que recordar aqu\u00ed es que se permite cruzar la calle en cualquier lugar, incluso fuera de un paso de peatones, siempre y cuando el peat\u00f3n ceda el paso al tr\u00e1fico al hacerlo.<\/span><\/p>\n<p><span style=\"font-weight: 400;\">La ley establece que los conductores deben cruzar la calzada en las intersecciones en diagonal, a menos que un dispositivo de control de tr\u00e1fico autorice lo contrario. Los peatones deben cruzar de acuerdo con el dispositivo de control de tr\u00e1fico en esas situaciones. En resumen, los peatones deben utilizar el paso de peatones en la mayor\u00eda de las situaciones, pero en ning\u00fan caso deben ser atropellados por un conductor solo por no estar en el paso de peatones.<\/span><\/p>\n<p><span style=\"font-weight: 400;\">Los peatones no pueden cruzar la calle en ning\u00fan punto sin avisar. En situaciones en las que un autom\u00f3vil puede ceder el paso, debe hacerlo en lugar de atropellar o intentar esquivar al peat\u00f3n. Cada caso puede ser muy diferente en estos aspectos, y eso en s\u00ed mismo puede resultar confuso si usted resulta herido en un accidente.<\/span><\/p>\n<h3><span style=\"font-weight: 400;\">Es fundamental qui\u00e9n tiene prioridad de paso<\/span><\/h3>\n<p><span style=\"font-weight: 400;\">Seg\u00fan la legislaci\u00f3n de Georgia, los peatones deben ceder el paso a cualquier veh\u00edculo que se acerque, a menos que ya estuvieran cruzando la calle en ese momento debido a que las condiciones eran seguras.<\/span><\/p>\n<p><b>Cuando no es realista creer que un autom\u00f3vil podr\u00eda detener o evitar atropellar a un peat\u00f3n.<\/b>,<span style=\"font-weight: 400;\"> y el peat\u00f3n entra en la calle, es posible que el conductor no sea culpable. Si la persona ya se encuentra en el paso de peatones o en la calle, el conductor debe ceder el paso al peat\u00f3n.<\/span><\/p>\n\n<div class=\"cta-container row align-items-center\">\n    <div class=\"col-md-7\">\n        <p class=\"cta-text rs-content-cta\">Orgullosos de servir a Duluth y a todo Georgia <span>\u00a1Cont\u00e1ctenos para comenzar su recuperaci\u00f3n!<\/span> <a href=\"https:\/\/slamdunkattorney.com\/es\/\">Explore nuestras \u00e1reas de pr\u00e1ctica<\/a><\/p>\n    <\/div>\n    <div class=\"col-md-5\">\n        <img decoding=\"async\" src=\"https:\/\/slamdunkattorney.com\/wp-content\/themes\/slam-dunk-rebuild\/assets\/app\/img\/map-cta.jpg\" alt=\"Legal Consultation\" class=\"img-fluid\"\/>\n    <\/div>\n<\/div><h2><span style=\"font-weight: 400;\">C\u00f3mo demostrar que el conductor es el culpable<\/span><\/h2>\n<p><span style=\"font-weight: 400;\">Si usted fue atropellado por un autom\u00f3vil como peat\u00f3n mientras cruzaba la calle fuera de un paso de peatones, puede ser dif\u00edcil demostrar que usted no tuvo la culpa. Para responsabilizar al conductor, debe poder demostrar que este deber\u00eda haberse detenido y no lo hizo, seg\u00fan \u201c<\/span><a href=\"https:\/\/www.gahighwaysafety.org\/what-ga-codes-say-about-pedestrians\/#:~:text=%E2%80%9CJaywalking%E2%80%9D%20is%20not%20a%20legal,the%20pedestrians%20yield%20to%20traffic.\" target=\"_blank\" rel=\"noopener\"><span style=\"font-weight: 400;\">Lo que dicen los c\u00f3digos GA sobre los peatones<\/span><\/a><span style=\"font-weight: 400;\">.Algunos ejemplos de pruebas que pueden ayudarle a demostrarlo son:<\/span><\/p>\n<ul>\n<li style=\"font-weight: 400;\" aria-level=\"1\"><b>Conducci\u00f3n imprudente<\/b>:<span style=\"font-weight: 400;\"> Demuestre con pruebas que el conductor conduc\u00eda de forma imprudente. Esto puede incluir exceso de velocidad, saltarse un sem\u00e1foro en rojo o cualquier otra infracci\u00f3n de las normas de tr\u00e1nsito.<\/span><\/li>\n<li style=\"font-weight: 400;\" aria-level=\"1\"><b>Conducci\u00f3n distra\u00edda<\/b>:<span style=\"font-weight: 400;\"> El uso del tel\u00e9fono o la realizaci\u00f3n de otras actividades peligrosas podr\u00edan haber distra\u00eddo al conductor lo suficiente como para que no viera al peat\u00f3n.<\/span><\/li>\n<li style=\"font-weight: 400;\" aria-level=\"1\"><b>Intoxicaci\u00f3n<\/b>: <span style=\"font-weight: 400;\">Si el conductor consumi\u00f3 alcohol o drogas en el momento del accidente o se encontraba bajo los efectos de medicamentos recetados, los informes m\u00e9dicos podr\u00edan confirmarlo.<\/span><\/li>\n<\/ul>\n<p><span style=\"font-weight: 400;\">Demostrar que un conductor atropell\u00f3 a un peat\u00f3n no es necesariamente dif\u00edcil si se puede demostrar que no se cruz\u00f3 imprudentemente al tr\u00e1fico. Las declaraciones de los testigos, los videos de la zona grabados por las c\u00e1maras de seguridad y las herramientas de reconstrucci\u00f3n de accidentes pueden ayudar a demostrar lo que ocurri\u00f3, y todo ello debe hacerse con la ayuda de un <\/span><a href=\"https:\/\/slamdunkattorney.com\/es\/\"><span style=\"font-weight: 400;\">Abogado especializado en lesiones personales en Duluth<\/span><\/a><span style=\"font-weight: 400;\">. Demostrar esto demuestra que, aunque estuvieras cruzando la calle de forma imprudente en Georgia, el conductor ten\u00eda la responsabilidad de detenerse, pero no lo hizo.<\/span><\/p>\n<h3><span style=\"font-weight: 400;\">Es posible que se disponga de una amplia gama de pruebas.<\/span><\/h3>\n<p><span style=\"font-weight: 400;\">Es posible que pueda encontrar una serie de pruebas que respalden sus afirmaciones, como im\u00e1genes de la c\u00e1mara del tablero, informes policiales que documenten el incidente, declaraciones de testigos, datos de las se\u00f1ales de tr\u00e1fico, mensajes de texto enviados mientras el conductor estaba al volante u otras pruebas que puedan estar disponibles con la ayuda de su abogado.\u00a0<\/span><\/p>\n<p><span style=\"font-weight: 400;\">Al contratar a un abogado, es posible que pueda agotar mejor todos los elementos potenciales de prueba para demostrar su caso en relaci\u00f3n con <\/span><b>j<\/b><span style=\"font-weight: 400;\">Caminatas en Georgia.<\/span><\/p>\n<h2><span style=\"font-weight: 400;\">Leyes de negligencia comparativa en Georgia<\/span><\/h2>\n<p><span style=\"font-weight: 400;\">Si la polic\u00eda o el tribunal determinan que usted fue parcialmente responsable de <\/span><b>cruzar la calle ilegalmente en Georgia<\/b><span style=\"font-weight: 400;\">, a\u00fan puede presentar una reclamaci\u00f3n por las p\u00e9rdidas que haya reducido en funci\u00f3n del porcentaje de culpa que le corresponda. La asignaci\u00f3n de la culpa se basa en muchos factores, incluidas las determinaciones policiales sobre lo ocurrido. Cuando se divide entre el conductor y el peat\u00f3n, se expresa en forma de porcentaje, por ejemplo, 30% a 70%, siendo el peat\u00f3n responsable del 30% de la p\u00e9rdida y el conductor del 70%.<\/span><\/p>\n<p><span style=\"font-weight: 400;\">Seg\u00fan la ley de Georgia, puede solicitar una indemnizaci\u00f3n por sus lesiones siempre y cuando no sea el principal responsable del accidente. Esto significa que debe demostrar que la otra parte fue la responsable.<\/span><b>Al menos 51<\/b>%<b> culpable<\/b>,<span style=\"font-weight: 400;\"> en cuyo caso podr\u00eda recuperar hasta 491 TP3T de sus da\u00f1os. El monto de la p\u00e9rdida que sufri\u00f3 se reduce por el porcentaje de culpa que le corresponde.<\/span><\/p>\n<p><span style=\"font-weight: 400;\">Tu <\/span><a href=\"https:\/\/slamdunkattorney.com\/es\/duluth\/car-accident-lawyer\/\"><span style=\"font-weight: 400;\">Abogado especializado en accidentes automovil\u00edsticos en Duluth<\/span><\/a><span style=\"font-weight: 400;\"> le ayudar\u00e1 a demostrar que usted no tuvo la culpa, utilizando el mismo tipo de pruebas que las mencionadas anteriormente, siempre que sea posible, como declaraciones de testigos e informes policiales. Al trabajar con un abogado, tendr\u00e1 la oportunidad de mejorar significativamente su capacidad para demostrar que usted no tuvo la culpa o, potencialmente, reducir el porcentaje de culpa aplicado a su situaci\u00f3n, aumentando as\u00ed el monto de su indemnizaci\u00f3n por da\u00f1os y perjuicios. Si tiene 51% o m\u00e1s de culpa en el caso, seg\u00fan lo determine el tribunal, no podr\u00e1 reclamar ninguna indemnizaci\u00f3n por sus p\u00e9rdidas.<\/span><\/p>\n\n<div class=\"cta-container row align-items-center\">\n    <div class=\"col-md-7\">\n        <p class=\"cta-text rs-content-cta\"><a class=\"no-btn\" href=\"https:\/\/slamdunkattorney.com\/es\/contact-us\/\">Haga clic para contactar<\/a> nuestros abogados especializados en lesiones personales hoy mismo<\/p>\n    <\/div>\n    <div class=\"col-md-5\">\n        <img decoding=\"async\" src=\"https:\/\/slamdunkattorney.com\/wp-content\/themes\/slam-dunk-rebuild\/assets\/app\/img\/map-cta.jpg\" alt=\"Contact Us\" class=\"img-fluid\"\/>\n    <\/div>\n<\/div><h2><span style=\"font-weight: 400;\">Trabajar con un equipo legal puede ser de vital importancia en los accidentes por cruzar la calle de forma imprudente.<\/span><\/h2>\n<p><span style=\"font-weight: 400;\">No siempre es posible encontrar pruebas sustanciales que demuestren que un peat\u00f3n o un conductor son culpables en un caso de cruce imprudente, pero con la experiencia de un abogado, tendr\u00e1 m\u00e1s posibilidades de hacerlo.\u00a0<\/span><\/p>\n<p><span style=\"font-weight: 400;\">En Slam Dunk Attorney, nuestros abogados especializados en accidentes de peatones se comprometen a trabajar duro para recuperar todos sus da\u00f1os y minimizar cualquier asignaci\u00f3n de culpa en su caso. Cont\u00e1ctenos para una consulta gratuita y obtener m\u00e1s informaci\u00f3n sobre <\/span><b>Leyes sobre cruzar la calle de forma imprudente en Georgia<\/b><span style=\"font-weight: 400;\">.<\/span><\/p>\n\n<div class=\"cta-container row align-items-center\">\n    <div class=\"col-md-7\">\n        <p class=\"cta-text rs-content-cta\">Llame o env\u00ede un mensaje de texto <a class=\"no-btn\" href=\"tel:+14049513513\">404-951-3513<\/a> o completar un <a href=\"https:\/\/slamdunkattorney.com\/es\/contact-us\/\">Formulario de evaluaci\u00f3n gratuita de su caso<\/a><\/p>\n    <\/div>\n    <div class=\"col-md-5\">\n        <img decoding=\"async\" src=\"https:\/\/slamdunkattorney.com\/wp-content\/themes\/slam-dunk-rebuild\/assets\/app\/img\/map-cta.jpg\" alt=\"Call or Text\" class=\"img-fluid\"\/>\n    <\/div>\n<\/div>","protected":false},"excerpt":{"rendered":"<p>Jaywalking is illegal in Georgia, though it is not a legally recognized term in Georgia law.\u00a0 The complex matter can play a significant role in a personal injury claim you file with the assistance of a Duluth pedestrian accident lawyer. Understanding Georgia\u2019s Laws on Pedestrians and Jaywalking As noted, Georgia law does not specifically use &#8230;<\/p>","protected":false},"author":2,"featured_media":16547,"parent":5902,"menu_order":0,"comment_status":"closed","ping_status":"closed","template":"","meta":{"_acf_changed":false,"_genesis_hide_title":false,"_genesis_hide_breadcrumbs":false,"_genesis_hide_singular_image":false,"_genesis_hide_footer_widgets":false,"_genesis_custom_body_class":"","_genesis_custom_post_class":"","_genesis_layout":"","ngg_post_thumbnail":0,"footnotes":""},"extra-categories":[],"hc_faqs":[40],"class_list":{"0":"post-16546","1":"page","2":"type-page","3":"status-publish","4":"has-post-thumbnail","6":"hc_faqs-personal-injury","7":"entry"},"acf":[],"yoast_head":"<!-- This site is optimized with the Yoast SEO plugin v27.4 - https:\/\/yoast.com\/product\/yoast-seo-wordpress\/ -->\n<title>Is Jaywalking Illegal in Georgia? | Slam Dunk Attorney<\/title>\n<meta name=\"description\" content=\"Find out if jaywalking is illegal in Georgia from the dedicated car accident lawyers at Slam Dunk Attorney. Call for a free consultation.\" \/>\n<meta name=\"robots\" content=\"index, follow, max-snippet:-1, max-image-preview:large, max-video-preview:-1\" \/>\n<link rel=\"canonical\" href=\"https:\/\/slamdunkattorney.com\/es\/faqs\/is-jaywalking-illegal-in-georgia\/\" \/>\n<meta property=\"og:locale\" content=\"es_MX\" \/>\n<meta property=\"og:type\" content=\"article\" \/>\n<meta property=\"og:title\" content=\"Is Jaywalking Illegal in Georgia? | Slam Dunk Attorney\" \/>\n<meta property=\"og:description\" content=\"Find out if jaywalking is illegal in Georgia from the dedicated car accident lawyers at Slam Dunk Attorney. Call for a free consultation.\" \/>\n<meta property=\"og:url\" content=\"https:\/\/slamdunkattorney.com\/es\/faqs\/is-jaywalking-illegal-in-georgia\/\" \/>\n<meta property=\"og:site_name\" content=\"Slam Dunk Attorney | Injury Lawyers\" \/>\n<meta property=\"article:publisher\" content=\"https:\/\/www.facebook.com\/slamdunkattorneyinjurylawyers\/\" \/>\n<meta property=\"article:modified_time\" content=\"2025-02-25T10:07:54+00:00\" \/>\n<meta property=\"og:image\" content=\"https:\/\/slamdunkattorney.com\/wp-content\/uploads\/2025\/02\/is-jaywalking-illegal-in-georgia.jpeg\" \/>\n\t<meta property=\"og:image:width\" content=\"1000\" \/>\n\t<meta property=\"og:image:height\" content=\"750\" \/>\n\t<meta property=\"og:image:type\" content=\"image\/jpeg\" \/>\n<meta name=\"twitter:card\" content=\"summary_large_image\" \/>\n<meta name=\"twitter:site\" content=\"@slamdunkattorney\" \/>\n<meta name=\"twitter:label1\" content=\"Est. reading time\" \/>\n\t<meta name=\"twitter:data1\" content=\"5 minutos\" \/>\n<script type=\"application\/ld+json\" class=\"yoast-schema-graph\">{\"@context\":\"https:\\\/\\\/schema.org\",\"@graph\":[{\"@type\":\"WebPage\",\"@id\":\"https:\\\/\\\/slamdunkattorney.com\\\/faqs\\\/is-jaywalking-illegal-in-georgia\\\/\",\"url\":\"https:\\\/\\\/slamdunkattorney.com\\\/faqs\\\/is-jaywalking-illegal-in-georgia\\\/\",\"name\":\"Is Jaywalking Illegal in Georgia? | Slam Dunk Attorney\",\"isPartOf\":{\"@id\":\"https:\\\/\\\/slamdunkattorney.com\\\/#website\"},\"primaryImageOfPage\":{\"@id\":\"https:\\\/\\\/slamdunkattorney.com\\\/faqs\\\/is-jaywalking-illegal-in-georgia\\\/#primaryimage\"},\"image\":{\"@id\":\"https:\\\/\\\/slamdunkattorney.com\\\/faqs\\\/is-jaywalking-illegal-in-georgia\\\/#primaryimage\"},\"thumbnailUrl\":\"https:\\\/\\\/slamdunkattorney.com\\\/wp-content\\\/uploads\\\/2025\\\/02\\\/is-jaywalking-illegal-in-georgia.jpeg\",\"datePublished\":\"2025-02-25T00:07:41+00:00\",\"dateModified\":\"2025-02-25T10:07:54+00:00\",\"description\":\"Find out if jaywalking is illegal in Georgia from the dedicated car accident lawyers at Slam Dunk Attorney. Call for a free consultation.\",\"breadcrumb\":{\"@id\":\"https:\\\/\\\/slamdunkattorney.com\\\/faqs\\\/is-jaywalking-illegal-in-georgia\\\/#breadcrumb\"},\"inLanguage\":\"es\",\"potentialAction\":[{\"@type\":\"ReadAction\",\"target\":[\"https:\\\/\\\/slamdunkattorney.com\\\/faqs\\\/is-jaywalking-illegal-in-georgia\\\/\"]}]},{\"@type\":\"ImageObject\",\"inLanguage\":\"es\",\"@id\":\"https:\\\/\\\/slamdunkattorney.com\\\/faqs\\\/is-jaywalking-illegal-in-georgia\\\/#primaryimage\",\"url\":\"https:\\\/\\\/slamdunkattorney.com\\\/wp-content\\\/uploads\\\/2025\\\/02\\\/is-jaywalking-illegal-in-georgia.jpeg\",\"contentUrl\":\"https:\\\/\\\/slamdunkattorney.com\\\/wp-content\\\/uploads\\\/2025\\\/02\\\/is-jaywalking-illegal-in-georgia.jpeg\",\"width\":1000,\"height\":750,\"caption\":\"A no jaywalking sign in Georgia\"},{\"@type\":\"BreadcrumbList\",\"@id\":\"https:\\\/\\\/slamdunkattorney.com\\\/faqs\\\/is-jaywalking-illegal-in-georgia\\\/#breadcrumb\",\"itemListElement\":[{\"@type\":\"ListItem\",\"position\":1,\"name\":\"Home\",\"item\":\"https:\\\/\\\/slamdunkattorney.com\\\/\"},{\"@type\":\"ListItem\",\"position\":2,\"name\":\"FAQs\",\"item\":\"https:\\\/\\\/slamdunkattorney.com\\\/faqs\\\/\"},{\"@type\":\"ListItem\",\"position\":3,\"name\":\"Is Jaywalking Illegal in Georgia?\"}]},{\"@type\":\"WebSite\",\"@id\":\"https:\\\/\\\/slamdunkattorney.com\\\/#website\",\"url\":\"https:\\\/\\\/slamdunkattorney.com\\\/\",\"name\":\"Slam Dunk Attorney | Injury Lawyers\",\"description\":\"Duluth Personal Injury Lawyers\",\"publisher\":{\"@id\":\"https:\\\/\\\/slamdunkattorney.com\\\/#organization\"},\"alternateName\":\"Slam Dunk Attorney\",\"inLanguage\":\"es\"},{\"@type\":\"Organization\",\"@id\":\"https:\\\/\\\/slamdunkattorney.com\\\/#organization\",\"name\":\"Slam Dunk Attorney\",\"alternateName\":\"Slam Dunk\",\"url\":\"https:\\\/\\\/slamdunkattorney.com\\\/\",\"logo\":{\"@type\":\"ImageObject\",\"inLanguage\":\"es\",\"@id\":\"https:\\\/\\\/slamdunkattorney.com\\\/#\\\/schema\\\/logo\\\/image\\\/\",\"url\":\"https:\\\/\\\/slamdunkattorney.com\\\/wp-content\\\/uploads\\\/2023\\\/05\\\/cropped-Logo.png\",\"contentUrl\":\"https:\\\/\\\/slamdunkattorney.com\\\/wp-content\\\/uploads\\\/2023\\\/05\\\/cropped-Logo.png\",\"width\":1080,\"height\":240,\"caption\":\"Slam Dunk Attorney\"},\"image\":{\"@id\":\"https:\\\/\\\/slamdunkattorney.com\\\/#\\\/schema\\\/logo\\\/image\\\/\"},\"sameAs\":[\"https:\\\/\\\/www.facebook.com\\\/slamdunkattorneyinjurylawyers\\\/\",\"https:\\\/\\\/x.com\\\/slamdunkattorney\",\"https:\\\/\\\/www.instagram.com\\\/slamdunkattorney\\\/\",\"https:\\\/\\\/www.youtube.com\\\/channel\\\/UCSrOiC7vOjlCi3UgtIVGNtw\",\"https:\\\/\\\/www.linkedin.com\\\/company\\\/slamdunkattorneyinjurylawyers\"]}]}<\/script>\n<!-- \/ Yoast SEO plugin. -->","yoast_head_json":{"title":"Is Jaywalking Illegal in Georgia? | Slam Dunk Attorney","description":"Find out if jaywalking is illegal in Georgia from the dedicated car accident lawyers at Slam Dunk Attorney. Call for a free consultation.","robots":{"index":"index","follow":"follow","max-snippet":"max-snippet:-1","max-image-preview":"max-image-preview:large","max-video-preview":"max-video-preview:-1"},"canonical":"https:\/\/slamdunkattorney.com\/es\/faqs\/is-jaywalking-illegal-in-georgia\/","og_locale":"es_MX","og_type":"article","og_title":"Is Jaywalking Illegal in Georgia? | Slam Dunk Attorney","og_description":"Find out if jaywalking is illegal in Georgia from the dedicated car accident lawyers at Slam Dunk Attorney. Call for a free consultation.","og_url":"https:\/\/slamdunkattorney.com\/es\/faqs\/is-jaywalking-illegal-in-georgia\/","og_site_name":"Slam Dunk Attorney | Injury Lawyers","article_publisher":"https:\/\/www.facebook.com\/slamdunkattorneyinjurylawyers\/","article_modified_time":"2025-02-25T10:07:54+00:00","og_image":[{"width":1000,"height":750,"url":"https:\/\/slamdunkattorney.com\/wp-content\/uploads\/2025\/02\/is-jaywalking-illegal-in-georgia.jpeg","type":"image\/jpeg"}],"twitter_card":"summary_large_image","twitter_site":"@slamdunkattorney","twitter_misc":{"Est. reading time":"5 minutos"},"schema":{"@context":"https:\/\/schema.org","@graph":[{"@type":"WebPage","@id":"https:\/\/slamdunkattorney.com\/faqs\/is-jaywalking-illegal-in-georgia\/","url":"https:\/\/slamdunkattorney.com\/faqs\/is-jaywalking-illegal-in-georgia\/","name":"Is Jaywalking Illegal in Georgia? | Slam Dunk Attorney","isPartOf":{"@id":"https:\/\/slamdunkattorney.com\/#website"},"primaryImageOfPage":{"@id":"https:\/\/slamdunkattorney.com\/faqs\/is-jaywalking-illegal-in-georgia\/#primaryimage"},"image":{"@id":"https:\/\/slamdunkattorney.com\/faqs\/is-jaywalking-illegal-in-georgia\/#primaryimage"},"thumbnailUrl":"https:\/\/slamdunkattorney.com\/wp-content\/uploads\/2025\/02\/is-jaywalking-illegal-in-georgia.jpeg","datePublished":"2025-02-25T00:07:41+00:00","dateModified":"2025-02-25T10:07:54+00:00","description":"Find out if jaywalking is illegal in Georgia from the dedicated car accident lawyers at Slam Dunk Attorney. Call for a free consultation.","breadcrumb":{"@id":"https:\/\/slamdunkattorney.com\/faqs\/is-jaywalking-illegal-in-georgia\/#breadcrumb"},"inLanguage":"es","potentialAction":[{"@type":"ReadAction","target":["https:\/\/slamdunkattorney.com\/faqs\/is-jaywalking-illegal-in-georgia\/"]}]},{"@type":"ImageObject","inLanguage":"es","@id":"https:\/\/slamdunkattorney.com\/faqs\/is-jaywalking-illegal-in-georgia\/#primaryimage","url":"https:\/\/slamdunkattorney.com\/wp-content\/uploads\/2025\/02\/is-jaywalking-illegal-in-georgia.jpeg","contentUrl":"https:\/\/slamdunkattorney.com\/wp-content\/uploads\/2025\/02\/is-jaywalking-illegal-in-georgia.jpeg","width":1000,"height":750,"caption":"A no jaywalking sign in Georgia"},{"@type":"BreadcrumbList","@id":"https:\/\/slamdunkattorney.com\/faqs\/is-jaywalking-illegal-in-georgia\/#breadcrumb","itemListElement":[{"@type":"ListItem","position":1,"name":"Home","item":"https:\/\/slamdunkattorney.com\/"},{"@type":"ListItem","position":2,"name":"FAQs","item":"https:\/\/slamdunkattorney.com\/faqs\/"},{"@type":"ListItem","position":3,"name":"Is Jaywalking Illegal in Georgia?"}]},{"@type":"WebSite","@id":"https:\/\/slamdunkattorney.com\/#website","url":"https:\/\/slamdunkattorney.com\/","name":"Abogado experto en lesiones | Abogados especializados en lesiones","description":"Abogados de lesiones personales en Duluth","publisher":{"@id":"https:\/\/slamdunkattorney.com\/#organization"},"alternateName":"Slam Dunk Attorney","inLanguage":"es"},{"@type":"Organization","@id":"https:\/\/slamdunkattorney.com\/#organization","name":"Abogado Slam Dunk","alternateName":"Slam Dunk","url":"https:\/\/slamdunkattorney.com\/","logo":{"@type":"ImageObject","inLanguage":"es","@id":"https:\/\/slamdunkattorney.com\/#\/schema\/logo\/image\/","url":"https:\/\/slamdunkattorney.com\/wp-content\/uploads\/2023\/05\/cropped-Logo.png","contentUrl":"https:\/\/slamdunkattorney.com\/wp-content\/uploads\/2023\/05\/cropped-Logo.png","width":1080,"height":240,"caption":"Slam Dunk Attorney"},"image":{"@id":"https:\/\/slamdunkattorney.com\/#\/schema\/logo\/image\/"},"sameAs":["https:\/\/www.facebook.com\/slamdunkattorneyinjurylawyers\/","https:\/\/x.com\/slamdunkattorney","https:\/\/www.instagram.com\/slamdunkattorney\/","https:\/\/www.youtube.com\/channel\/UCSrOiC7vOjlCi3UgtIVGNtw","https:\/\/www.linkedin.com\/company\/slamdunkattorneyinjurylawyers"]}]}},"yoast_meta":{"yoast_wpseo_title":"","yoast_wpseo_metadesc":"","yoast_wpseo_canonical":"https:\/\/slamdunkattorney.com\/es\/wp-json\/wp\/v2\/pages\/16546"},"_links":{"self":[{"href":"https:\/\/slamdunkattorney.com\/es\/wp-json\/wp\/v2\/pages\/16546","targetHints":{"allow":["GET"]}}],"collection":[{"href":"https:\/\/slamdunkattorney.com\/es\/wp-json\/wp\/v2\/pages"}],"about":[{"href":"https:\/\/slamdunkattorney.com\/es\/wp-json\/wp\/v2\/types\/page"}],"author":[{"embeddable":true,"href":"https:\/\/slamdunkattorney.com\/es\/wp-json\/wp\/v2\/users\/2"}],"replies":[{"embeddable":true,"href":"https:\/\/slamdunkattorney.com\/es\/wp-json\/wp\/v2\/comments?post=16546"}],"version-history":[{"count":0,"href":"https:\/\/slamdunkattorney.com\/es\/wp-json\/wp\/v2\/pages\/16546\/revisions"}],"up":[{"embeddable":true,"href":"https:\/\/slamdunkattorney.com\/es\/wp-json\/wp\/v2\/pages\/5902"}],"wp:featuredmedia":[{"embeddable":true,"href":"https:\/\/slamdunkattorney.com\/es\/wp-json\/wp\/v2\/media\/16547"}],"wp:attachment":[{"href":"https:\/\/slamdunkattorney.com\/es\/wp-json\/wp\/v2\/media?parent=16546"}],"wp:term":[{"taxonomy":"extra-categories","embeddable":true,"href":"https:\/\/slamdunkattorney.com\/es\/wp-json\/wp\/v2\/extra-categories?post=16546"},{"taxonomy":"hc_faqs","embeddable":true,"href":"https:\/\/slamdunkattorney.com\/es\/wp-json\/wp\/v2\/hc_faqs?post=16546"}],"curies":[{"name":"wp","href":"https:\/\/api.w.org\/{rel}","templated":true}]}}