{"id":16544,"date":"2025-02-25T00:04:59","date_gmt":"2025-02-25T00:04:59","guid":{"rendered":"https:\/\/slamdunk.wpenginepowered.com\/?page_id=16544"},"modified":"2025-02-25T10:05:16","modified_gmt":"2025-02-25T10:05:16","slug":"what-are-the-pedestrian-right-of-way-laws-in-georgia","status":"publish","type":"page","link":"https:\/\/slamdunkattorney.com\/es\/faqs\/what-are-the-pedestrian-right-of-way-laws-in-georgia\/","title":{"rendered":"\u00bfCu\u00e1les son las leyes sobre el derecho de paso de los peatones en Georgia?"},"content":{"rendered":"<p><span style=\"font-weight: 400;\">\u00bfCu\u00e1les son las leyes sobre el derecho de paso de los peatones en Georgia? <\/span><b>Los peatones generalmente tienen prioridad de paso en los cruces peatonales se\u00f1alizados y en ciertas intersecciones.<\/b><span style=\"font-weight: 400;\">, mientras que los conductores deben ceder el paso para evitar accidentes.\u00a0<\/span><\/p>\n<p><span style=\"font-weight: 400;\">Sin embargo, los peatones tambi\u00e9n deben respetar las se\u00f1ales de tr\u00e1nsito y evitar cruzar la calle fuera de los cruces designados, ya que, de lo contrario, su reclamaci\u00f3n legal podr\u00eda resultar m\u00e1s complicada. <\/span><a href=\"https:\/\/slamdunkattorney.com\/es\/duluth\/pedestrian-accident-lawyer\/\"><span style=\"font-weight: 400;\">Abogado especializado en accidentes de peatones en Duluth<\/span><\/a><span style=\"font-weight: 400;\">.<\/span><\/p>\n<h2><span style=\"font-weight: 400;\">Cuando tienes prioridad como peat\u00f3n en Georgia<\/span><\/h2>\n<p><span style=\"font-weight: 400;\">Si est\u00e1s cruzando la calle en una intersecci\u00f3n, <\/span><b>Los peatones tienen prioridad tanto en los cruces peatonales se\u00f1alizados como en los no se\u00f1alizados.<\/b><span style=\"font-weight: 400;\">. Los conductores deben reducir la velocidad y cederle el paso cuando usted cruza legalmente. Si un conductor no se detiene y provoca un accidente, puede ser considerado responsable de sus lesiones cuando usted <\/span><a href=\"https:\/\/slamdunkattorney.com\/es\/duluth\/car-accident-lawyer\/\"><span style=\"font-weight: 400;\">Abogado especializado en accidentes automovil\u00edsticos en Duluth<\/span><\/a><span style=\"font-weight: 400;\"> emprende acciones legales.<\/span><\/p>\n<p><span style=\"font-weight: 400;\">Cuando no hay se\u00f1ales de tr\u00e1nsito, los conductores deben detenerse completamente si se encuentran dentro de un paso de peatones. Esto se aplica tanto si el paso de peatones tiene l\u00edneas pintadas como si es simplemente una extensi\u00f3n de la acera. Si un conductor no se detiene, puede estar infringiendo las leyes de tr\u00e1nsito y poni\u00e9ndote en peligro.<\/span><\/p>\n<p><a href=\"http:\/\/ga.elaws.us\/law\/section40-6-91\" target=\"_blank\" rel=\"noopener\"><span style=\"font-weight: 400;\">O.C.G.A. \u00a7 40-6-91<\/span><\/a><span style=\"font-weight: 400;\"> exige a los conductores que se detengan y te permitan cruzar con seguridad cuando te encuentres en un paso de peatones. Si te acercas desde el lado opuesto de la calle y est\u00e1s lo suficientemente cerca como para correr peligro, los conductores deben esperar hasta que hayas cruzado por completo. Cualquier conductor que ignore esta norma puede enfrentarse a multas, sanciones en su licencia y responsabilidad por tus lesiones.<\/span><\/p>\n\n<div class=\"cta-container row align-items-center\">\n    <div class=\"col-md-7\">\n        <p class=\"cta-text rs-content-cta\">Orgullosos de servir a Duluth y a todo Georgia <span>\u00a1Cont\u00e1ctenos para comenzar su recuperaci\u00f3n!<\/span> <a href=\"https:\/\/slamdunkattorney.com\/es\/\">Explore nuestras \u00e1reas de pr\u00e1ctica<\/a><\/p>\n    <\/div>\n    <div class=\"col-md-5\">\n        <img decoding=\"async\" src=\"https:\/\/slamdunkattorney.com\/wp-content\/themes\/slam-dunk-rebuild\/assets\/app\/img\/map-cta.jpg\" alt=\"Legal Consultation\" class=\"img-fluid\"\/>\n    <\/div>\n<\/div><h2><span style=\"font-weight: 400;\">Cu\u00e1ndo debe ceder el paso a los veh\u00edculos en Georgia<\/span><\/h2>\n<p><span style=\"font-weight: 400;\">Debes respetar las normas de tr\u00e1nsito al igual que los conductores, y hay ocasiones en las que debes ceder el paso. Si cruzas fuera de un paso de peatones marcado o de una zona de cruce designada, debes esperar a que haya un intervalo seguro en el tr\u00e1fico antes de entrar en la carretera. Si cruzas sin mirar y se produce un accidente, es posible que se te considere parcial o totalmente culpable.<\/span><\/p>\n<p><span style=\"font-weight: 400;\">Cruzar la calle de forma imprudente, o contra la se\u00f1al de tr\u00e1fico, es ilegal en Georgia. Si cruza cuando se muestra la se\u00f1al de \u201cNo cruzar\u201d, es posible que los conductores que tienen el derecho de paso no tengan tiempo de frenar. Tambi\u00e9n podr\u00eda recibir una multa por infringir las leyes de tr\u00e1fico para peatones.<\/span><\/p>\n<p><span style=\"font-weight: 400;\">Si usted result\u00f3 lesionado al cruzar ilegalmente, su capacidad para obtener una indemnizaci\u00f3n puede verse afectada. Las compa\u00f1\u00edas de seguros y los tribunales pueden atribuirle la culpa parcial o total si no respeta las se\u00f1ales de tr\u00e1nsito. Si bien se espera que los conductores eviten los accidentes, usted tambi\u00e9n es responsable de asegurarse de cruzar de manera segura.<\/span><\/p>\n<h2><span style=\"font-weight: 400;\">Sus derechos como peat\u00f3n en zonas escolares y \u00e1reas residenciales<\/span><\/h2>\n<p><span style=\"font-weight: 400;\">Si camina por una zona escolar o un barrio residencial, los conductores deben extremar la precauci\u00f3n y estar preparados para detenerse. Los ni\u00f1os suelen cruzar la calle de forma inesperada, por lo que se han establecido l\u00edmites de velocidad reducidos para proteger a los peatones. Si un conductor no reduce la velocidad o no cede el paso en estas zonas, puede ser considerado responsable de cualquier lesi\u00f3n que cause.<\/span><\/p>\n<p><span style=\"font-weight: 400;\">En las zonas residenciales, se aplican estrictamente l\u00edmites de velocidad m\u00e1s bajos para reducir el riesgo de accidentes con peatones. Los cruces peatonales est\u00e1n dise\u00f1ados para mejorar la visibilidad, pero los conductores que no se detienen o ignoran las zonas de cruce pueden seguir creando situaciones peligrosas. Si te atropellan mientras caminas por una zona residencial, el conductor puede ser totalmente responsable de tus lesiones.<\/span><\/p>\n<p><span style=\"font-weight: 400;\">Algunas zonas peatonales ofrecen protecciones adicionales para los peatones. Los lugares con mucho tr\u00e1fico peatonal, como parques, centros comerciales y plazas, suelen tener cruces peatonales designados que los conductores deben respetar. Si usted ha sufrido lesiones al cruzar un paso de peatones o una zona exclusiva para peatones, el conductor podr\u00eda enfrentarse a sanciones m\u00e1s severas por no ceder el paso.<\/span><\/p>\n<h3><span style=\"font-weight: 400;\">C\u00f3mo se aplican las leyes de derecho de paso a los estacionamientos y entradas de veh\u00edculos<\/span><\/h3>\n<p><span style=\"font-weight: 400;\">Los estacionamientos y las entradas de veh\u00edculos presentan peligros \u00fanicos para los peatones. A diferencia de las carreteras principales, estas \u00e1reas suelen tener una visibilidad limitada, lo que dificulta que los conductores vean a las personas que caminan cerca. Saber c\u00f3mo se aplican las siguientes leyes de prioridad de paso en estas \u00e1reas puede ayudarle a evitar accidentes y comprender cu\u00e1ndo un conductor puede ser responsable de sus lesiones:<\/span><\/p>\n<ul>\n<li style=\"font-weight: 400;\" aria-level=\"1\"><b>Cruce de entradas y salidas de estacionamientos <\/b><span style=\"font-weight: 400;\">\u2013 Los conductores deben ceder el paso a los peatones al entrar o salir de un estacionamiento. Muchos accidentes ocurren cuando los conductores no prestan atenci\u00f3n a las personas que caminan por las aceras o las zonas de cruce designadas. Si un conductor te atropella al salir de un estacionamiento, puede ser responsable de tus lesiones.<\/span><\/li>\n<li style=\"font-weight: 400;\" aria-level=\"1\"><b>Convirti\u00e9ndose en entradas privadas <\/b><span style=\"font-weight: 400;\">\u2013 Los veh\u00edculos que entren o salgan de las entradas de garajes deben ceder el paso a los peatones que caminan por las aceras o cruzan las calles cercanas. Los conductores que no reducen la velocidad antes de girar pueden no ver a los peatones que se encuentran en su camino. Si usted ha sido atropellado por un veh\u00edculo que giraba para entrar en una entrada de garaje, el conductor puede ser responsable por no ceder el paso.<\/span><\/li>\n<li style=\"font-weight: 400;\" aria-level=\"1\"><b>Visibilidad limitada en los estacionamientos.<\/b><span style=\"font-weight: 400;\"> \u2013 Los carros estacionados, la iluminaci\u00f3n deficiente y las curvas cerradas pueden dificultar que los conductores vean a los peatones. Muchos accidentes de peatones en estacionamientos ocurren cuando los conductores salen marcha atr\u00e1s de los espacios sin verificar si hay personas caminando detr\u00e1s de ellos. Si usted fue atropellado en un estacionamiento, la responsabilidad puede depender de si el conductor tom\u00f3 las precauciones adecuadas.<\/span><\/li>\n<\/ul>\n\n<div class=\"cta-container row align-items-center\">\n    <div class=\"col-md-7\">\n        <p class=\"cta-text rs-content-cta\"><a class=\"no-btn\" href=\"https:\/\/slamdunkattorney.com\/es\/contact-us\/\">Haga clic para contactar<\/a> nuestros abogados especializados en lesiones personales hoy mismo<\/p>\n    <\/div>\n    <div class=\"col-md-5\">\n        <img decoding=\"async\" src=\"https:\/\/slamdunkattorney.com\/wp-content\/themes\/slam-dunk-rebuild\/assets\/app\/img\/map-cta.jpg\" alt=\"Contact Us\" class=\"img-fluid\"\/>\n    <\/div>\n<\/div><h2><span style=\"font-weight: 400;\">Derecho de paso de los peatones en las paradas de transporte p\u00fablico<\/span><\/h2>\n<p><b>Los peatones tienen prioridad al cruzar hacia o desde una parada de autob\u00fas o tren p\u00fablico.<\/b>.<span style=\"font-weight: 400;\"> Ya sea que est\u00e9 caminando para abordar un veh\u00edculo de transporte p\u00fablico o saliendo de un autob\u00fas, los conductores deben tener precauci\u00f3n en estas \u00e1reas. Muchos accidentes de peatones ocurren cerca de las paradas de autob\u00fas cuando los conductores no ceden el paso a las personas que cruzan la calle.<\/span><\/p>\n<p><span style=\"font-weight: 400;\">Los conductores deben detenerse cuando los peatones suben o bajan de un veh\u00edculo de transporte p\u00fablico en un paso de peatones designado. Si un autob\u00fas o un tren se detiene para dejar bajar a los pasajeros, es posible que los veh\u00edculos que circulan en ambas direcciones tambi\u00e9n deban detenerse. No ceder el paso en estas zonas puede provocar colisiones peligrosas y lesiones graves a los peatones.<\/span><\/p>\n<p><span style=\"font-weight: 400;\">Ignorar las leyes de prioridad de paso de los peatones en las paradas de transporte p\u00fablico puede acarrear graves sanciones para los conductores. Un conductor que no se detenga puede recibir multas, puntos en su licencia o enfrentarse a responsabilidades legales si se produce un accidente. Si ha sido atropellado por un veh\u00edculo cerca de una parada de autob\u00fas o de transporte p\u00fablico, demostrar que el conductor no cedi\u00f3 el paso puede ayudarle a <\/span><a href=\"https:\/\/slamdunkattorney.com\/es\/duluth\/catastrophic-injury-lawyer\/\"><span style=\"font-weight: 400;\">Abogado especializado en lesiones catastr\u00f3ficas en Duluth<\/span><\/a><span style=\"font-weight: 400;\"> establecer la culpa en su demanda por lesiones personales.<\/span><\/p>\n\n<div class=\"cta-container map-bg row align-items-center flex-md-row-reverse\">\n    <div class=\"col-md-6\">\n        <p class=\"cta-text rs-content-cta\">Completa un <a href=\"https:\/\/slamdunkattorney.com\/es\/contact-us\/\">Formulario de evaluaci\u00f3n gratuita de su caso<\/a> ahora<\/p>\n    <\/div>\n    <div class=\"col-md-6 col-bg\">\n    <\/div>\n<\/div><h2><span style=\"font-weight: 400;\">Obtenga m\u00e1s informaci\u00f3n hoy mismo de su abogado especializado en accidentes de peatones en Duluth.<\/span><\/h2>\n<p><span style=\"font-weight: 400;\">Los accidentes suelen implicar disputas sobre las leyes de prioridad de paso para los peatones, por lo que la representaci\u00f3n legal es esencial para proteger su reclamaci\u00f3n.\u00a0<\/span><\/p>\n<p><span style=\"font-weight: 400;\">Tu <\/span><a href=\"https:\/\/slamdunkattorney.com\/es\/\"><span style=\"font-weight: 400;\">Abogado especializado en lesiones personales en Duluth<\/span><\/a><span style=\"font-weight: 400;\"> de Slam Dunk Attorney revisar\u00e1 los detalles del accidente y luchar\u00e1 por la indemnizaci\u00f3n que usted se merece. Cont\u00e1ctenos llamando a nuestra oficina hoy mismo para una <\/span><b>evaluaci\u00f3n gratuita de su caso<\/b>.<\/p>\n\n<div class=\"cta-container row align-items-center\">\n    <div class=\"col-md-7\">\n        <p class=\"cta-text rs-content-cta\">Llame o env\u00ede un mensaje de texto <a class=\"no-btn\" href=\"tel:+14049513513\">404-951-3513<\/a> o completar un <a href=\"https:\/\/slamdunkattorney.com\/es\/contact-us\/\">Formulario de evaluaci\u00f3n gratuita de su caso<\/a><\/p>\n    <\/div>\n    <div class=\"col-md-5\">\n        <img decoding=\"async\" src=\"https:\/\/slamdunkattorney.com\/wp-content\/themes\/slam-dunk-rebuild\/assets\/app\/img\/map-cta.jpg\" alt=\"Call or Text\" class=\"img-fluid\"\/>\n    <\/div>\n<\/div>","protected":false},"excerpt":{"rendered":"<p>What are the pedestrian right-of-way laws in Georgia? Pedestrians generally have the right of way at marked crosswalks and certain intersections, while drivers must yield to prevent accidents.\u00a0 However, pedestrians must also follow traffic signals and avoid stepping into moving traffic outside designated crossing areas, and failure to do so could make your legal claim &#8230;<\/p>","protected":false},"author":2,"featured_media":16545,"parent":5902,"menu_order":0,"comment_status":"closed","ping_status":"closed","template":"","meta":{"_acf_changed":false,"_genesis_hide_title":false,"_genesis_hide_breadcrumbs":false,"_genesis_hide_singular_image":false,"_genesis_hide_footer_widgets":false,"_genesis_custom_body_class":"","_genesis_custom_post_class":"","_genesis_layout":"","ngg_post_thumbnail":0,"footnotes":""},"extra-categories":[],"hc_faqs":[40],"class_list":{"0":"post-16544","1":"page","2":"type-page","3":"status-publish","4":"has-post-thumbnail","6":"hc_faqs-personal-injury","7":"entry"},"acf":[],"yoast_head":"<!-- This site is optimized with the Yoast SEO plugin v27.4 - https:\/\/yoast.com\/product\/yoast-seo-wordpress\/ -->\n<title>Pedestrian Right of Way Laws in Georgia | Slam Dunk Attorney<\/title>\n<meta name=\"description\" content=\"Learn what the pedestrian right of way laws in Georgia are from the pedestrian accident lawyers at Slam Dunk Attorney. Call 24\/7.\" \/>\n<meta name=\"robots\" content=\"index, follow, max-snippet:-1, max-image-preview:large, max-video-preview:-1\" \/>\n<link rel=\"canonical\" href=\"https:\/\/slamdunkattorney.com\/es\/faqs\/what-are-the-pedestrian-right-of-way-laws-in-georgia\/\" \/>\n<meta property=\"og:locale\" content=\"es_MX\" \/>\n<meta property=\"og:type\" content=\"article\" \/>\n<meta property=\"og:title\" content=\"Pedestrian Right of Way Laws in Georgia | Slam Dunk Attorney\" \/>\n<meta property=\"og:description\" content=\"Learn what the pedestrian right of way laws in Georgia are from the pedestrian accident lawyers at Slam Dunk Attorney. Call 24\/7.\" \/>\n<meta property=\"og:url\" content=\"https:\/\/slamdunkattorney.com\/es\/faqs\/what-are-the-pedestrian-right-of-way-laws-in-georgia\/\" \/>\n<meta property=\"og:site_name\" content=\"Slam Dunk Attorney | Injury Lawyers\" \/>\n<meta property=\"article:publisher\" content=\"https:\/\/www.facebook.com\/slamdunkattorneyinjurylawyers\/\" \/>\n<meta property=\"article:modified_time\" content=\"2025-02-25T10:05:16+00:00\" \/>\n<meta property=\"og:image\" content=\"https:\/\/slamdunkattorney.com\/wp-content\/uploads\/2025\/02\/what-are-the-pedestrian-right-of-way-laws-in-georgia.jpeg\" \/>\n\t<meta property=\"og:image:width\" content=\"1000\" \/>\n\t<meta property=\"og:image:height\" content=\"667\" \/>\n\t<meta property=\"og:image:type\" content=\"image\/jpeg\" \/>\n<meta name=\"twitter:card\" content=\"summary_large_image\" \/>\n<meta name=\"twitter:site\" content=\"@slamdunkattorney\" \/>\n<meta name=\"twitter:label1\" content=\"Est. reading time\" \/>\n\t<meta name=\"twitter:data1\" content=\"5 minutos\" \/>\n<script type=\"application\/ld+json\" class=\"yoast-schema-graph\">{\"@context\":\"https:\\\/\\\/schema.org\",\"@graph\":[{\"@type\":\"WebPage\",\"@id\":\"https:\\\/\\\/slamdunkattorney.com\\\/faqs\\\/what-are-the-pedestrian-right-of-way-laws-in-georgia\\\/\",\"url\":\"https:\\\/\\\/slamdunkattorney.com\\\/faqs\\\/what-are-the-pedestrian-right-of-way-laws-in-georgia\\\/\",\"name\":\"Pedestrian Right of Way Laws in Georgia | Slam Dunk Attorney\",\"isPartOf\":{\"@id\":\"https:\\\/\\\/slamdunkattorney.com\\\/#website\"},\"primaryImageOfPage\":{\"@id\":\"https:\\\/\\\/slamdunkattorney.com\\\/faqs\\\/what-are-the-pedestrian-right-of-way-laws-in-georgia\\\/#primaryimage\"},\"image\":{\"@id\":\"https:\\\/\\\/slamdunkattorney.com\\\/faqs\\\/what-are-the-pedestrian-right-of-way-laws-in-georgia\\\/#primaryimage\"},\"thumbnailUrl\":\"https:\\\/\\\/slamdunkattorney.com\\\/wp-content\\\/uploads\\\/2025\\\/02\\\/what-are-the-pedestrian-right-of-way-laws-in-georgia.jpeg\",\"datePublished\":\"2025-02-25T00:04:59+00:00\",\"dateModified\":\"2025-02-25T10:05:16+00:00\",\"description\":\"Learn what the pedestrian right of way laws in Georgia are from the pedestrian accident lawyers at Slam Dunk Attorney. Call 24\\\/7.\",\"breadcrumb\":{\"@id\":\"https:\\\/\\\/slamdunkattorney.com\\\/faqs\\\/what-are-the-pedestrian-right-of-way-laws-in-georgia\\\/#breadcrumb\"},\"inLanguage\":\"es\",\"potentialAction\":[{\"@type\":\"ReadAction\",\"target\":[\"https:\\\/\\\/slamdunkattorney.com\\\/faqs\\\/what-are-the-pedestrian-right-of-way-laws-in-georgia\\\/\"]}]},{\"@type\":\"ImageObject\",\"inLanguage\":\"es\",\"@id\":\"https:\\\/\\\/slamdunkattorney.com\\\/faqs\\\/what-are-the-pedestrian-right-of-way-laws-in-georgia\\\/#primaryimage\",\"url\":\"https:\\\/\\\/slamdunkattorney.com\\\/wp-content\\\/uploads\\\/2025\\\/02\\\/what-are-the-pedestrian-right-of-way-laws-in-georgia.jpeg\",\"contentUrl\":\"https:\\\/\\\/slamdunkattorney.com\\\/wp-content\\\/uploads\\\/2025\\\/02\\\/what-are-the-pedestrian-right-of-way-laws-in-georgia.jpeg\",\"width\":1000,\"height\":667,\"caption\":\"A woman and a dog crossing the street in a crosswalk. What are the pedestrian right of way laws in Georgia?\"},{\"@type\":\"BreadcrumbList\",\"@id\":\"https:\\\/\\\/slamdunkattorney.com\\\/faqs\\\/what-are-the-pedestrian-right-of-way-laws-in-georgia\\\/#breadcrumb\",\"itemListElement\":[{\"@type\":\"ListItem\",\"position\":1,\"name\":\"Home\",\"item\":\"https:\\\/\\\/slamdunkattorney.com\\\/\"},{\"@type\":\"ListItem\",\"position\":2,\"name\":\"FAQs\",\"item\":\"https:\\\/\\\/slamdunkattorney.com\\\/faqs\\\/\"},{\"@type\":\"ListItem\",\"position\":3,\"name\":\"What Are the Pedestrian Right of Way Laws in Georgia?\"}]},{\"@type\":\"WebSite\",\"@id\":\"https:\\\/\\\/slamdunkattorney.com\\\/#website\",\"url\":\"https:\\\/\\\/slamdunkattorney.com\\\/\",\"name\":\"Slam Dunk Attorney | Injury Lawyers\",\"description\":\"Duluth Personal Injury Lawyers\",\"publisher\":{\"@id\":\"https:\\\/\\\/slamdunkattorney.com\\\/#organization\"},\"alternateName\":\"Slam Dunk Attorney\",\"inLanguage\":\"es\"},{\"@type\":\"Organization\",\"@id\":\"https:\\\/\\\/slamdunkattorney.com\\\/#organization\",\"name\":\"Slam Dunk Attorney\",\"alternateName\":\"Slam Dunk\",\"url\":\"https:\\\/\\\/slamdunkattorney.com\\\/\",\"logo\":{\"@type\":\"ImageObject\",\"inLanguage\":\"es\",\"@id\":\"https:\\\/\\\/slamdunkattorney.com\\\/#\\\/schema\\\/logo\\\/image\\\/\",\"url\":\"https:\\\/\\\/slamdunkattorney.com\\\/wp-content\\\/uploads\\\/2023\\\/05\\\/cropped-Logo.png\",\"contentUrl\":\"https:\\\/\\\/slamdunkattorney.com\\\/wp-content\\\/uploads\\\/2023\\\/05\\\/cropped-Logo.png\",\"width\":1080,\"height\":240,\"caption\":\"Slam Dunk Attorney\"},\"image\":{\"@id\":\"https:\\\/\\\/slamdunkattorney.com\\\/#\\\/schema\\\/logo\\\/image\\\/\"},\"sameAs\":[\"https:\\\/\\\/www.facebook.com\\\/slamdunkattorneyinjurylawyers\\\/\",\"https:\\\/\\\/x.com\\\/slamdunkattorney\",\"https:\\\/\\\/www.instagram.com\\\/slamdunkattorney\\\/\",\"https:\\\/\\\/www.youtube.com\\\/channel\\\/UCSrOiC7vOjlCi3UgtIVGNtw\",\"https:\\\/\\\/www.linkedin.com\\\/company\\\/slamdunkattorneyinjurylawyers\"]}]}<\/script>\n<!-- \/ Yoast SEO plugin. -->","yoast_head_json":{"title":"Pedestrian Right of Way Laws in Georgia | Slam Dunk Attorney","description":"Learn what the pedestrian right of way laws in Georgia are from the pedestrian accident lawyers at Slam Dunk Attorney. Call 24\/7.","robots":{"index":"index","follow":"follow","max-snippet":"max-snippet:-1","max-image-preview":"max-image-preview:large","max-video-preview":"max-video-preview:-1"},"canonical":"https:\/\/slamdunkattorney.com\/es\/faqs\/what-are-the-pedestrian-right-of-way-laws-in-georgia\/","og_locale":"es_MX","og_type":"article","og_title":"Pedestrian Right of Way Laws in Georgia | Slam Dunk Attorney","og_description":"Learn what the pedestrian right of way laws in Georgia are from the pedestrian accident lawyers at Slam Dunk Attorney. Call 24\/7.","og_url":"https:\/\/slamdunkattorney.com\/es\/faqs\/what-are-the-pedestrian-right-of-way-laws-in-georgia\/","og_site_name":"Slam Dunk Attorney | Injury Lawyers","article_publisher":"https:\/\/www.facebook.com\/slamdunkattorneyinjurylawyers\/","article_modified_time":"2025-02-25T10:05:16+00:00","og_image":[{"width":1000,"height":667,"url":"https:\/\/slamdunkattorney.com\/wp-content\/uploads\/2025\/02\/what-are-the-pedestrian-right-of-way-laws-in-georgia.jpeg","type":"image\/jpeg"}],"twitter_card":"summary_large_image","twitter_site":"@slamdunkattorney","twitter_misc":{"Est. reading time":"5 minutos"},"schema":{"@context":"https:\/\/schema.org","@graph":[{"@type":"WebPage","@id":"https:\/\/slamdunkattorney.com\/faqs\/what-are-the-pedestrian-right-of-way-laws-in-georgia\/","url":"https:\/\/slamdunkattorney.com\/faqs\/what-are-the-pedestrian-right-of-way-laws-in-georgia\/","name":"Pedestrian Right of Way Laws in Georgia | Slam Dunk Attorney","isPartOf":{"@id":"https:\/\/slamdunkattorney.com\/#website"},"primaryImageOfPage":{"@id":"https:\/\/slamdunkattorney.com\/faqs\/what-are-the-pedestrian-right-of-way-laws-in-georgia\/#primaryimage"},"image":{"@id":"https:\/\/slamdunkattorney.com\/faqs\/what-are-the-pedestrian-right-of-way-laws-in-georgia\/#primaryimage"},"thumbnailUrl":"https:\/\/slamdunkattorney.com\/wp-content\/uploads\/2025\/02\/what-are-the-pedestrian-right-of-way-laws-in-georgia.jpeg","datePublished":"2025-02-25T00:04:59+00:00","dateModified":"2025-02-25T10:05:16+00:00","description":"Learn what the pedestrian right of way laws in Georgia are from the pedestrian accident lawyers at Slam Dunk Attorney. Call 24\/7.","breadcrumb":{"@id":"https:\/\/slamdunkattorney.com\/faqs\/what-are-the-pedestrian-right-of-way-laws-in-georgia\/#breadcrumb"},"inLanguage":"es","potentialAction":[{"@type":"ReadAction","target":["https:\/\/slamdunkattorney.com\/faqs\/what-are-the-pedestrian-right-of-way-laws-in-georgia\/"]}]},{"@type":"ImageObject","inLanguage":"es","@id":"https:\/\/slamdunkattorney.com\/faqs\/what-are-the-pedestrian-right-of-way-laws-in-georgia\/#primaryimage","url":"https:\/\/slamdunkattorney.com\/wp-content\/uploads\/2025\/02\/what-are-the-pedestrian-right-of-way-laws-in-georgia.jpeg","contentUrl":"https:\/\/slamdunkattorney.com\/wp-content\/uploads\/2025\/02\/what-are-the-pedestrian-right-of-way-laws-in-georgia.jpeg","width":1000,"height":667,"caption":"A woman and a dog crossing the street in a crosswalk. What are the pedestrian right of way laws in Georgia?"},{"@type":"BreadcrumbList","@id":"https:\/\/slamdunkattorney.com\/faqs\/what-are-the-pedestrian-right-of-way-laws-in-georgia\/#breadcrumb","itemListElement":[{"@type":"ListItem","position":1,"name":"Home","item":"https:\/\/slamdunkattorney.com\/"},{"@type":"ListItem","position":2,"name":"FAQs","item":"https:\/\/slamdunkattorney.com\/faqs\/"},{"@type":"ListItem","position":3,"name":"What Are the Pedestrian Right of Way Laws in Georgia?"}]},{"@type":"WebSite","@id":"https:\/\/slamdunkattorney.com\/#website","url":"https:\/\/slamdunkattorney.com\/","name":"Abogado experto en lesiones | Abogados especializados en lesiones","description":"Abogados de lesiones personales en Duluth","publisher":{"@id":"https:\/\/slamdunkattorney.com\/#organization"},"alternateName":"Slam Dunk Attorney","inLanguage":"es"},{"@type":"Organization","@id":"https:\/\/slamdunkattorney.com\/#organization","name":"Abogado Slam Dunk","alternateName":"Slam Dunk","url":"https:\/\/slamdunkattorney.com\/","logo":{"@type":"ImageObject","inLanguage":"es","@id":"https:\/\/slamdunkattorney.com\/#\/schema\/logo\/image\/","url":"https:\/\/slamdunkattorney.com\/wp-content\/uploads\/2023\/05\/cropped-Logo.png","contentUrl":"https:\/\/slamdunkattorney.com\/wp-content\/uploads\/2023\/05\/cropped-Logo.png","width":1080,"height":240,"caption":"Slam Dunk Attorney"},"image":{"@id":"https:\/\/slamdunkattorney.com\/#\/schema\/logo\/image\/"},"sameAs":["https:\/\/www.facebook.com\/slamdunkattorneyinjurylawyers\/","https:\/\/x.com\/slamdunkattorney","https:\/\/www.instagram.com\/slamdunkattorney\/","https:\/\/www.youtube.com\/channel\/UCSrOiC7vOjlCi3UgtIVGNtw","https:\/\/www.linkedin.com\/company\/slamdunkattorneyinjurylawyers"]}]}},"yoast_meta":{"yoast_wpseo_title":"","yoast_wpseo_metadesc":"","yoast_wpseo_canonical":"https:\/\/slamdunkattorney.com\/es\/wp-json\/wp\/v2\/pages\/16544"},"_links":{"self":[{"href":"https:\/\/slamdunkattorney.com\/es\/wp-json\/wp\/v2\/pages\/16544","targetHints":{"allow":["GET"]}}],"collection":[{"href":"https:\/\/slamdunkattorney.com\/es\/wp-json\/wp\/v2\/pages"}],"about":[{"href":"https:\/\/slamdunkattorney.com\/es\/wp-json\/wp\/v2\/types\/page"}],"author":[{"embeddable":true,"href":"https:\/\/slamdunkattorney.com\/es\/wp-json\/wp\/v2\/users\/2"}],"replies":[{"embeddable":true,"href":"https:\/\/slamdunkattorney.com\/es\/wp-json\/wp\/v2\/comments?post=16544"}],"version-history":[{"count":0,"href":"https:\/\/slamdunkattorney.com\/es\/wp-json\/wp\/v2\/pages\/16544\/revisions"}],"up":[{"embeddable":true,"href":"https:\/\/slamdunkattorney.com\/es\/wp-json\/wp\/v2\/pages\/5902"}],"wp:featuredmedia":[{"embeddable":true,"href":"https:\/\/slamdunkattorney.com\/es\/wp-json\/wp\/v2\/media\/16545"}],"wp:attachment":[{"href":"https:\/\/slamdunkattorney.com\/es\/wp-json\/wp\/v2\/media?parent=16544"}],"wp:term":[{"taxonomy":"extra-categories","embeddable":true,"href":"https:\/\/slamdunkattorney.com\/es\/wp-json\/wp\/v2\/extra-categories?post=16544"},{"taxonomy":"hc_faqs","embeddable":true,"href":"https:\/\/slamdunkattorney.com\/es\/wp-json\/wp\/v2\/hc_faqs?post=16544"}],"curies":[{"name":"wp","href":"https:\/\/api.w.org\/{rel}","templated":true}]}}