{"id":16542,"date":"2025-02-25T00:02:00","date_gmt":"2025-02-25T00:02:00","guid":{"rendered":"https:\/\/slamdunk.wpenginepowered.com\/?page_id=16542"},"modified":"2025-05-16T22:57:49","modified_gmt":"2025-05-16T22:57:49","slug":"what-is-the-average-settlement-for-neck-and-back-injuries-in-georgia","status":"publish","type":"page","link":"https:\/\/slamdunkattorney.com\/es\/faqs\/what-is-the-average-settlement-for-neck-and-back-injuries-in-georgia\/","title":{"rendered":"\u00bfCu\u00e1l es la indemnizaci\u00f3n promedio por lesiones en el cuello y la espalda en Georgia?"},"content":{"rendered":"<p><span style=\"font-weight: 400;\">\u00bfCu\u00e1l es la indemnizaci\u00f3n promedio por lesiones en el cuello y la espalda en Georgia? <\/span><b>El valor de un acuerdo puede variar considerablemente.<\/b><span style=\"font-weight: 400;\"> debido a los numerosos factores que se tienen en cuenta al calcular una oferta.\u00a0<\/span><\/p>\n<p><span style=\"font-weight: 400;\">Para obtener una estimaci\u00f3n m\u00e1s precisa, es importante hablar con un <\/span><a href=\"https:\/\/slamdunkattorney.com\/es\/\"><span style=\"font-weight: 400;\">Abogado especializado en lesiones personales en Duluth<\/span><\/a><span style=\"font-weight: 400;\"> para saber cu\u00e1nto podr\u00eda valer su caso.\u00a0<\/span><\/p>\n<h2><span style=\"font-weight: 400;\">Factores que se consideran al calcular un acuerdo<\/span><\/h2>\n<p><span style=\"font-weight: 400;\">Las lesiones en el cuello y la espalda pueden causar un dolor f\u00edsico significativo, alteraciones graves en su vida cotidiana y requerir un tratamiento m\u00e9dico extenso que probablemente sea costoso. Si estas lesiones fueron el resultado de un accidente causado por la negligencia de otra persona, es posible que tenga derecho a presentar una demanda para recuperar sus p\u00e9rdidas mediante un acuerdo.\u00a0<\/span><\/p>\n<p><span style=\"font-weight: 400;\">Sin embargo, cuando <\/span><a href=\"https:\/\/slamdunkattorney.com\/es\/faqs\/how-much-is-my-personal-injury-case-worth\/\"><span style=\"font-weight: 400;\">C\u00e1lculo del valor de un caso por lesiones personales<\/span><\/a><span style=\"font-weight: 400;\">, hay una serie de factores que deben tenerse en cuenta en primer lugar, entre ellos:\u00a0<\/span><\/p>\n<ul>\n<li style=\"font-weight: 400;\" aria-level=\"1\"><span style=\"font-weight: 400;\">El alcance y la gravedad de sus lesiones y p\u00e9rdidas.<\/span><\/li>\n<li style=\"font-weight: 400;\" aria-level=\"1\"><span style=\"font-weight: 400;\">La cantidad de pruebas, registros, documentaci\u00f3n, fotos y declaraciones que tenga en su poder para demostrar el alcance de sus p\u00e9rdidas.<\/span><\/li>\n<li style=\"font-weight: 400;\" aria-level=\"1\"><span style=\"font-weight: 400;\">Aportaciones y recomendaciones de peritos y testimonios<\/span><\/li>\n<li style=\"font-weight: 400;\" aria-level=\"1\"><span style=\"font-weight: 400;\">Precedentes legales relevantes de casos similares.<\/span><\/li>\n<li style=\"font-weight: 400;\" aria-level=\"1\"><span style=\"font-weight: 400;\">Acuerdo frente a litigio<\/span><\/li>\n<\/ul>\n<p><span style=\"font-weight: 400;\">Cuando contrate a un abogado, este podr\u00e1 ayudarle a determinar la indemnizaci\u00f3n media por lesiones en el cuello y la espalda en su caso espec\u00edfico. Revisar\u00e1 minuciosamente su estado, junto con otros factores, y le proporcionar\u00e1 una estimaci\u00f3n basada en la informaci\u00f3n relevante para su situaci\u00f3n.\u00a0<\/span><\/p>\n<p><span style=\"font-weight: 400;\">Una vez que su abogado conozca el valor de sus p\u00e9rdidas, negociar\u00e1 para que usted reciba la cantidad m\u00e1xima, de modo que su indemnizaci\u00f3n no sea inferior a la cantidad que necesita.\u00a0<\/span><\/p>\n\n<div class=\"cta-container row align-items-center\">\n    <div class=\"col-md-7\">\n        <p class=\"cta-text rs-content-cta\">Orgullosos de servir a Duluth y a todo Georgia <span>\u00a1Cont\u00e1ctenos para comenzar su recuperaci\u00f3n!<\/span> <a href=\"https:\/\/slamdunkattorney.com\/es\/\">Explore nuestras \u00e1reas de pr\u00e1ctica<\/a><\/p>\n    <\/div>\n    <div class=\"col-md-5\">\n        <img decoding=\"async\" src=\"https:\/\/slamdunkattorney.com\/wp-content\/themes\/slam-dunk-rebuild\/assets\/app\/img\/map-cta.jpg\" alt=\"Legal Consultation\" class=\"img-fluid\"\/>\n    <\/div>\n<\/div><h2><span style=\"font-weight: 400;\">Su acuerdo puede incluir una indemnizaci\u00f3n por su dolor y sufrimiento.<\/span><\/h2>\n<p><span style=\"font-weight: 400;\">Si bien las p\u00e9rdidas econ\u00f3micas constituyen la mayor parte de la oferta de acuerdo, tambi\u00e9n se tienen en cuenta el dolor y el sufrimiento. Se trata de p\u00e9rdidas que afectan a su vida cotidiana tras el suceso que le provoc\u00f3 las lesiones en el cuello y la espalda. Dado que el dolor y el sufrimiento no son tangibles, como las p\u00e9rdidas econ\u00f3micas, <\/span><a href=\"https:\/\/slamdunkattorney.com\/es\/faqs\/what-is-my-pain-and-suffering-worth-in-a-personal-injury-case\/\"><span style=\"font-weight: 400;\">C\u00e1lculo del valor del dolor y el sufrimiento en un caso de lesiones personales<\/span><\/a><span style=\"font-weight: 400;\"> usa una f\u00f3rmula diferente.\u00a0<\/span><\/p>\n<p><span style=\"font-weight: 400;\">Hay dos formas de calcular el valor del dolor y el sufrimiento en un caso de lesiones personales. El m\u00e9todo multiplicador utiliza el valor de las p\u00e9rdidas econ\u00f3micas de una persona y lo multiplica por un n\u00famero.<\/span><b> desde 1<\/b>.<b>5 a 5<\/b>,<span style=\"font-weight: 400;\"> que representa la gravedad de las lesiones. El m\u00e9todo per diem, el menos com\u00fan de los dos, asigna un valor monetario al dolor de una persona y calcula el valor sumando el n\u00famero de d\u00edas que ha sufrido o se espera que sufra.\u00a0\u00a0<\/span><\/p>\n<p><span style=\"font-weight: 400;\">Demostrar estas p\u00e9rdidas puede ser m\u00e1s complicado a la hora de solicitar una indemnizaci\u00f3n. La mejor manera de demostrar el dolor y el sufrimiento es proporcionar informes de profesionales m\u00e9dicos y psicol\u00f3gicos que puedan dar fe de estos aspectos de su condici\u00f3n. Las declaraciones de los familiares y un diario en el que se relaten sus experiencias tambi\u00e9n pueden ser pruebas \u00fatiles.\u00a0<\/span><\/p>\n<h2><span style=\"font-weight: 400;\">Lo que puede recuperar por lesiones en el cuello y la espalda en Georgia<\/span><\/h2>\n<p><span style=\"font-weight: 400;\">Una vez que se hayan considerado y calculado todos los factores de su caso, se le conceder\u00e1 una indemnizaci\u00f3n por da\u00f1os y perjuicios de acuerdo con el valor que se haya determinado. Dependiendo de la naturaleza de sus p\u00e9rdidas, es probable que reciba una indemnizaci\u00f3n tanto por sus p\u00e9rdidas econ\u00f3micas como por su dolor y sufrimiento. Su acuerdo puede cubrir las siguientes p\u00e9rdidas relacionadas con sus lesiones de cuello y espalda:<\/span><\/p>\n<ul>\n<li style=\"font-weight: 400;\" aria-level=\"1\"><span style=\"font-weight: 400;\">Gastos m\u00e9dicos y tratamientos actuales y en curso.<\/span><\/li>\n<li style=\"font-weight: 400;\" aria-level=\"1\"><span style=\"font-weight: 400;\">Reducci\u00f3n o p\u00e9rdida de ingresos por no poder trabajar.\u00a0<\/span><\/li>\n<li style=\"font-weight: 400;\" aria-level=\"1\"><span style=\"font-weight: 400;\">Disminuci\u00f3n de la calidad de vida<\/span><\/li>\n<li style=\"font-weight: 400;\" aria-level=\"1\"><span style=\"font-weight: 400;\">P\u00e9rdida de disfrute<\/span><\/li>\n<li style=\"font-weight: 400;\" aria-level=\"1\"><span style=\"font-weight: 400;\">Angustia emocional<\/span><\/li>\n<li style=\"font-weight: 400;\" aria-level=\"1\"><span style=\"font-weight: 400;\">Trastorno por estr\u00e9s postraum\u00e1tico, ansiedad y depresi\u00f3n<\/span><\/li>\n<li style=\"font-weight: 400;\" aria-level=\"1\"><span style=\"font-weight: 400;\">P\u00e9rdida de consorcio y compa\u00f1\u00eda<\/span><\/li>\n<\/ul>\n<p><span style=\"font-weight: 400;\">Para determinar qu\u00e9 p\u00e9rdidas pueden incluirse en su acuerdo, hable con un abogado para ver cu\u00e1les son aplicables a su situaci\u00f3n. Comun\u00edquese abiertamente con su abogado para que comprenda el verdadero alcance de sus p\u00e9rdidas y pueda representarlo mejor durante las negociaciones. \u00c9l luchar\u00e1 para garantizar que usted reciba un acuerdo con el que est\u00e9 satisfecho.\u00a0<\/span><\/p>\n<h3><span style=\"font-weight: 400;\">No espere para presentar una reclamaci\u00f3n por sus lesiones.\u00a0<\/span><\/h3>\n<p><span style=\"font-weight: 400;\">Por <\/span><span style=\"font-weight: 400;\">C\u00f3digo de Georgia \u00a7 9-3-33<\/span><span style=\"font-weight: 400;\">, solo dispone de dos a\u00f1os desde el momento de la lesi\u00f3n para presentar una reclamaci\u00f3n de indemnizaci\u00f3n por sus p\u00e9rdidas. Una vez que expire el plazo de prescripci\u00f3n, es posible que ya no pueda recuperar los da\u00f1os y perjuicios por sus lesiones.\u00a0<\/span><\/p>\n<p><span style=\"font-weight: 400;\">Busque un abogado poco despu\u00e9s de sufrir la lesi\u00f3n para tener un caso s\u00f3lido y m\u00e1s probabilidades de obtener una indemnizaci\u00f3n.\u00a0<\/span><\/p>\n\n<div class=\"cta-container row align-items-center\">\n    <div class=\"col-md-7\">\n        <p class=\"cta-text rs-content-cta\"><a class=\"no-btn\" href=\"https:\/\/slamdunkattorney.com\/es\/contact-us\/\">Haga clic para contactar<\/a> nuestros abogados especializados en lesiones personales hoy mismo<\/p>\n    <\/div>\n    <div class=\"col-md-5\">\n        <img decoding=\"async\" src=\"https:\/\/slamdunkattorney.com\/wp-content\/themes\/slam-dunk-rebuild\/assets\/app\/img\/map-cta.jpg\" alt=\"Contact Us\" class=\"img-fluid\"\/>\n    <\/div>\n<\/div><h2><span style=\"font-weight: 400;\">Un abogado especializado en lesiones personales se asegura de que usted reciba una indemnizaci\u00f3n justa.<\/span><\/h2>\n<p><span style=\"font-weight: 400;\">Tanto si ha presentado una reclamaci\u00f3n al seguro como si est\u00e1 tramitando una demanda por da\u00f1os personales, un abogado le ayudar\u00e1 a obtener la m\u00e1xima indemnizaci\u00f3n posible.<\/span><b> Nuestros abogados cuentan con una amplia experiencia en la negociaci\u00f3n en nombre de nuestros clientes. <\/b><span style=\"font-weight: 400;\">para garantizar que reciban un trato justo y obtengan todo lo que les corresponde. Por lo tanto, trabajar con un abogado suele dar lugar a una oferta de acuerdo mucho m\u00e1s elevada.\u00a0<\/span><\/p>\n<p><span style=\"font-weight: 400;\">Dado que la situaci\u00f3n de cada cliente es diferente, un abogado especializado en lesiones personales personalizar\u00e1 su enfoque al trabajar en su caso. Realizar\u00e1 un an\u00e1lisis en profundidad de sus lesiones y p\u00e9rdidas, el suceso que las caus\u00f3 y cu\u00e1les son sus necesidades de cara al futuro. Tambi\u00e9n le ayudar\u00e1 a asegurarse de que dispone de pruebas suficientes para respaldar su reclamaci\u00f3n y recibir una indemnizaci\u00f3n.\u00a0<\/span><\/p>\n<p><span style=\"font-weight: 400;\">Un abogado te representar\u00e1 durante todo el proceso para que te tomen en serio y te den voz en un momento dif\u00edcil. Tambi\u00e9n se asegurar\u00e1 de que se protejan tus derechos para que no tengas que afrontar solo las repercusiones de las acciones de otra persona. Es importante obtener un acuerdo justo para que puedas recibir la atenci\u00f3n m\u00e9dica que necesitas y empezar a recuperarte y recuperar tu vida.\u00a0\u00a0<\/span><\/p>\n\n<div class=\"cta-container map-bg row align-items-center flex-md-row-reverse\">\n    <div class=\"col-md-6\">\n        <p class=\"cta-text rs-content-cta\">Completa un <a href=\"https:\/\/slamdunkattorney.com\/es\/contact-us\/\">Formulario de evaluaci\u00f3n gratuita de su caso<\/a> ahora<\/p>\n    <\/div>\n    <div class=\"col-md-6 col-bg\">\n    <\/div>\n<\/div><h2><span style=\"font-weight: 400;\">Consigue el acuerdo que te mereces con Slam Dunk Attorney.<\/span><\/h2>\n<p><span style=\"font-weight: 400;\">Slam Dunk Attorney se compromete a proporcionarle claridad cuando se pregunte cu\u00e1l es el acuerdo promedio para su situaci\u00f3n.\u00a0<\/span><\/p>\n<p><span style=\"font-weight: 400;\">Le damos a su caso la atenci\u00f3n que merece y somos transparentes con usted sobre el valor que puede tener su acuerdo. Para obtener m\u00e1s informaci\u00f3n sobre c\u00f3mo nuestro equipo puede ayudarle, cont\u00e1ctenos hoy mismo para concertar una cita.<\/span><b> consulta gratuita<\/b>.<\/p>\n\n<div class=\"cta-container row align-items-center\">\n    <div class=\"col-md-7\">\n        <p class=\"cta-text rs-content-cta\">Llame o env\u00ede un mensaje de texto <a class=\"no-btn\" href=\"tel:+14049513513\">404-951-3513<\/a> o completar un <a href=\"https:\/\/slamdunkattorney.com\/es\/contact-us\/\">Formulario de evaluaci\u00f3n gratuita de su caso<\/a><\/p>\n    <\/div>\n    <div class=\"col-md-5\">\n        <img decoding=\"async\" src=\"https:\/\/slamdunkattorney.com\/wp-content\/themes\/slam-dunk-rebuild\/assets\/app\/img\/map-cta.jpg\" alt=\"Call or Text\" class=\"img-fluid\"\/>\n    <\/div>\n<\/div>","protected":false},"excerpt":{"rendered":"<p>What is the average settlement for neck and back injuries in Georgia? The value of a settlement can vary widely because of the many factors that are considered when calculating an offer.\u00a0 For the most accurate estimate, it is important to talk with a Duluth personal injury lawyer to see how much your case could &#8230;<\/p>","protected":false},"author":2,"featured_media":16543,"parent":5902,"menu_order":0,"comment_status":"closed","ping_status":"closed","template":"","meta":{"_acf_changed":false,"_genesis_hide_title":false,"_genesis_hide_breadcrumbs":false,"_genesis_hide_singular_image":false,"_genesis_hide_footer_widgets":false,"_genesis_custom_body_class":"","_genesis_custom_post_class":"","_genesis_layout":"","ngg_post_thumbnail":0,"footnotes":""},"extra-categories":[],"hc_faqs":[40],"class_list":{"0":"post-16542","1":"page","2":"type-page","3":"status-publish","4":"has-post-thumbnail","6":"hc_faqs-personal-injury","7":"entry"},"acf":[],"yoast_head":"<!-- This site is optimized with the Yoast SEO plugin v27.4 - https:\/\/yoast.com\/product\/yoast-seo-wordpress\/ -->\n<title>Average Settlement for Neck and Back Injuries in Georgia<\/title>\n<meta name=\"description\" content=\"Learn about the average settlement for neck and back injuries in Georgia from the dedicated personal injury lawyers at Slam Dunk Attorney.\" \/>\n<meta name=\"robots\" content=\"index, follow, max-snippet:-1, max-image-preview:large, max-video-preview:-1\" \/>\n<link rel=\"canonical\" href=\"https:\/\/slamdunkattorney.com\/es\/faqs\/what-is-the-average-settlement-for-neck-and-back-injuries-in-georgia\/\" \/>\n<meta property=\"og:locale\" content=\"es_MX\" \/>\n<meta property=\"og:type\" content=\"article\" \/>\n<meta property=\"og:title\" content=\"Average Settlement for Neck and Back Injuries in Georgia\" \/>\n<meta property=\"og:description\" content=\"Learn about the average settlement for neck and back injuries in Georgia from the dedicated personal injury lawyers at Slam Dunk Attorney.\" \/>\n<meta property=\"og:url\" content=\"https:\/\/slamdunkattorney.com\/es\/faqs\/what-is-the-average-settlement-for-neck-and-back-injuries-in-georgia\/\" \/>\n<meta property=\"og:site_name\" content=\"Slam Dunk Attorney | Injury Lawyers\" \/>\n<meta property=\"article:publisher\" content=\"https:\/\/www.facebook.com\/slamdunkattorneyinjurylawyers\/\" \/>\n<meta property=\"article:modified_time\" content=\"2025-05-16T22:57:49+00:00\" \/>\n<meta property=\"og:image\" content=\"https:\/\/slamdunkattorney.com\/wp-content\/uploads\/2025\/02\/what-is-the-average-settlement-for-neck-and-back-injuries-in-georgia.jpeg\" \/>\n\t<meta property=\"og:image:width\" content=\"1000\" \/>\n\t<meta property=\"og:image:height\" content=\"667\" \/>\n\t<meta property=\"og:image:type\" content=\"image\/jpeg\" \/>\n<meta name=\"twitter:card\" content=\"summary_large_image\" \/>\n<meta name=\"twitter:site\" content=\"@slamdunkattorney\" \/>\n<meta name=\"twitter:label1\" content=\"Est. reading time\" \/>\n\t<meta name=\"twitter:data1\" content=\"5 minutos\" \/>\n<script type=\"application\/ld+json\" class=\"yoast-schema-graph\">{\"@context\":\"https:\\\/\\\/schema.org\",\"@graph\":[{\"@type\":\"WebPage\",\"@id\":\"https:\\\/\\\/slamdunkattorney.com\\\/faqs\\\/what-is-the-average-settlement-for-neck-and-back-injuries-in-georgia\\\/\",\"url\":\"https:\\\/\\\/slamdunkattorney.com\\\/faqs\\\/what-is-the-average-settlement-for-neck-and-back-injuries-in-georgia\\\/\",\"name\":\"Average Settlement for Neck and Back Injuries in Georgia\",\"isPartOf\":{\"@id\":\"https:\\\/\\\/slamdunkattorney.com\\\/#website\"},\"primaryImageOfPage\":{\"@id\":\"https:\\\/\\\/slamdunkattorney.com\\\/faqs\\\/what-is-the-average-settlement-for-neck-and-back-injuries-in-georgia\\\/#primaryimage\"},\"image\":{\"@id\":\"https:\\\/\\\/slamdunkattorney.com\\\/faqs\\\/what-is-the-average-settlement-for-neck-and-back-injuries-in-georgia\\\/#primaryimage\"},\"thumbnailUrl\":\"https:\\\/\\\/slamdunkattorney.com\\\/wp-content\\\/uploads\\\/2025\\\/02\\\/what-is-the-average-settlement-for-neck-and-back-injuries-in-georgia.jpeg\",\"datePublished\":\"2025-02-25T00:02:00+00:00\",\"dateModified\":\"2025-05-16T22:57:49+00:00\",\"description\":\"Learn about the average settlement for neck and back injuries in Georgia from the dedicated personal injury lawyers at Slam Dunk Attorney.\",\"breadcrumb\":{\"@id\":\"https:\\\/\\\/slamdunkattorney.com\\\/faqs\\\/what-is-the-average-settlement-for-neck-and-back-injuries-in-georgia\\\/#breadcrumb\"},\"inLanguage\":\"es\",\"potentialAction\":[{\"@type\":\"ReadAction\",\"target\":[\"https:\\\/\\\/slamdunkattorney.com\\\/faqs\\\/what-is-the-average-settlement-for-neck-and-back-injuries-in-georgia\\\/\"]}]},{\"@type\":\"ImageObject\",\"inLanguage\":\"es\",\"@id\":\"https:\\\/\\\/slamdunkattorney.com\\\/faqs\\\/what-is-the-average-settlement-for-neck-and-back-injuries-in-georgia\\\/#primaryimage\",\"url\":\"https:\\\/\\\/slamdunkattorney.com\\\/wp-content\\\/uploads\\\/2025\\\/02\\\/what-is-the-average-settlement-for-neck-and-back-injuries-in-georgia.jpeg\",\"contentUrl\":\"https:\\\/\\\/slamdunkattorney.com\\\/wp-content\\\/uploads\\\/2025\\\/02\\\/what-is-the-average-settlement-for-neck-and-back-injuries-in-georgia.jpeg\",\"width\":1000,\"height\":667,\"caption\":\"A businessman with an injured neck, wondering what the average settlement for neck and back injuries in Georgia.\"},{\"@type\":\"BreadcrumbList\",\"@id\":\"https:\\\/\\\/slamdunkattorney.com\\\/faqs\\\/what-is-the-average-settlement-for-neck-and-back-injuries-in-georgia\\\/#breadcrumb\",\"itemListElement\":[{\"@type\":\"ListItem\",\"position\":1,\"name\":\"Home\",\"item\":\"https:\\\/\\\/slamdunkattorney.com\\\/\"},{\"@type\":\"ListItem\",\"position\":2,\"name\":\"FAQs\",\"item\":\"https:\\\/\\\/slamdunkattorney.com\\\/faqs\\\/\"},{\"@type\":\"ListItem\",\"position\":3,\"name\":\"What is the Average Settlement for Neck and Back Injuries in Georgia?\"}]},{\"@type\":\"WebSite\",\"@id\":\"https:\\\/\\\/slamdunkattorney.com\\\/#website\",\"url\":\"https:\\\/\\\/slamdunkattorney.com\\\/\",\"name\":\"Slam Dunk Attorney | Injury Lawyers\",\"description\":\"Duluth Personal Injury Lawyers\",\"publisher\":{\"@id\":\"https:\\\/\\\/slamdunkattorney.com\\\/#organization\"},\"alternateName\":\"Slam Dunk Attorney\",\"inLanguage\":\"es\"},{\"@type\":\"Organization\",\"@id\":\"https:\\\/\\\/slamdunkattorney.com\\\/#organization\",\"name\":\"Slam Dunk Attorney\",\"alternateName\":\"Slam Dunk\",\"url\":\"https:\\\/\\\/slamdunkattorney.com\\\/\",\"logo\":{\"@type\":\"ImageObject\",\"inLanguage\":\"es\",\"@id\":\"https:\\\/\\\/slamdunkattorney.com\\\/#\\\/schema\\\/logo\\\/image\\\/\",\"url\":\"https:\\\/\\\/slamdunkattorney.com\\\/wp-content\\\/uploads\\\/2023\\\/05\\\/cropped-Logo.png\",\"contentUrl\":\"https:\\\/\\\/slamdunkattorney.com\\\/wp-content\\\/uploads\\\/2023\\\/05\\\/cropped-Logo.png\",\"width\":1080,\"height\":240,\"caption\":\"Slam Dunk Attorney\"},\"image\":{\"@id\":\"https:\\\/\\\/slamdunkattorney.com\\\/#\\\/schema\\\/logo\\\/image\\\/\"},\"sameAs\":[\"https:\\\/\\\/www.facebook.com\\\/slamdunkattorneyinjurylawyers\\\/\",\"https:\\\/\\\/x.com\\\/slamdunkattorney\",\"https:\\\/\\\/www.instagram.com\\\/slamdunkattorney\\\/\",\"https:\\\/\\\/www.youtube.com\\\/channel\\\/UCSrOiC7vOjlCi3UgtIVGNtw\",\"https:\\\/\\\/www.linkedin.com\\\/company\\\/slamdunkattorneyinjurylawyers\"]}]}<\/script>\n<!-- \/ Yoast SEO plugin. -->","yoast_head_json":{"title":"Average Settlement for Neck and Back Injuries in Georgia","description":"Learn about the average settlement for neck and back injuries in Georgia from the dedicated personal injury lawyers at Slam Dunk Attorney.","robots":{"index":"index","follow":"follow","max-snippet":"max-snippet:-1","max-image-preview":"max-image-preview:large","max-video-preview":"max-video-preview:-1"},"canonical":"https:\/\/slamdunkattorney.com\/es\/faqs\/what-is-the-average-settlement-for-neck-and-back-injuries-in-georgia\/","og_locale":"es_MX","og_type":"article","og_title":"Average Settlement for Neck and Back Injuries in Georgia","og_description":"Learn about the average settlement for neck and back injuries in Georgia from the dedicated personal injury lawyers at Slam Dunk Attorney.","og_url":"https:\/\/slamdunkattorney.com\/es\/faqs\/what-is-the-average-settlement-for-neck-and-back-injuries-in-georgia\/","og_site_name":"Slam Dunk Attorney | Injury Lawyers","article_publisher":"https:\/\/www.facebook.com\/slamdunkattorneyinjurylawyers\/","article_modified_time":"2025-05-16T22:57:49+00:00","og_image":[{"width":1000,"height":667,"url":"https:\/\/slamdunkattorney.com\/wp-content\/uploads\/2025\/02\/what-is-the-average-settlement-for-neck-and-back-injuries-in-georgia.jpeg","type":"image\/jpeg"}],"twitter_card":"summary_large_image","twitter_site":"@slamdunkattorney","twitter_misc":{"Est. reading time":"5 minutos"},"schema":{"@context":"https:\/\/schema.org","@graph":[{"@type":"WebPage","@id":"https:\/\/slamdunkattorney.com\/faqs\/what-is-the-average-settlement-for-neck-and-back-injuries-in-georgia\/","url":"https:\/\/slamdunkattorney.com\/faqs\/what-is-the-average-settlement-for-neck-and-back-injuries-in-georgia\/","name":"Average Settlement for Neck and Back Injuries in Georgia","isPartOf":{"@id":"https:\/\/slamdunkattorney.com\/#website"},"primaryImageOfPage":{"@id":"https:\/\/slamdunkattorney.com\/faqs\/what-is-the-average-settlement-for-neck-and-back-injuries-in-georgia\/#primaryimage"},"image":{"@id":"https:\/\/slamdunkattorney.com\/faqs\/what-is-the-average-settlement-for-neck-and-back-injuries-in-georgia\/#primaryimage"},"thumbnailUrl":"https:\/\/slamdunkattorney.com\/wp-content\/uploads\/2025\/02\/what-is-the-average-settlement-for-neck-and-back-injuries-in-georgia.jpeg","datePublished":"2025-02-25T00:02:00+00:00","dateModified":"2025-05-16T22:57:49+00:00","description":"Learn about the average settlement for neck and back injuries in Georgia from the dedicated personal injury lawyers at Slam Dunk Attorney.","breadcrumb":{"@id":"https:\/\/slamdunkattorney.com\/faqs\/what-is-the-average-settlement-for-neck-and-back-injuries-in-georgia\/#breadcrumb"},"inLanguage":"es","potentialAction":[{"@type":"ReadAction","target":["https:\/\/slamdunkattorney.com\/faqs\/what-is-the-average-settlement-for-neck-and-back-injuries-in-georgia\/"]}]},{"@type":"ImageObject","inLanguage":"es","@id":"https:\/\/slamdunkattorney.com\/faqs\/what-is-the-average-settlement-for-neck-and-back-injuries-in-georgia\/#primaryimage","url":"https:\/\/slamdunkattorney.com\/wp-content\/uploads\/2025\/02\/what-is-the-average-settlement-for-neck-and-back-injuries-in-georgia.jpeg","contentUrl":"https:\/\/slamdunkattorney.com\/wp-content\/uploads\/2025\/02\/what-is-the-average-settlement-for-neck-and-back-injuries-in-georgia.jpeg","width":1000,"height":667,"caption":"A businessman with an injured neck, wondering what the average settlement for neck and back injuries in Georgia."},{"@type":"BreadcrumbList","@id":"https:\/\/slamdunkattorney.com\/faqs\/what-is-the-average-settlement-for-neck-and-back-injuries-in-georgia\/#breadcrumb","itemListElement":[{"@type":"ListItem","position":1,"name":"Home","item":"https:\/\/slamdunkattorney.com\/"},{"@type":"ListItem","position":2,"name":"FAQs","item":"https:\/\/slamdunkattorney.com\/faqs\/"},{"@type":"ListItem","position":3,"name":"What is the Average Settlement for Neck and Back Injuries in Georgia?"}]},{"@type":"WebSite","@id":"https:\/\/slamdunkattorney.com\/#website","url":"https:\/\/slamdunkattorney.com\/","name":"Abogado experto en lesiones | Abogados especializados en lesiones","description":"Abogados de lesiones personales en Duluth","publisher":{"@id":"https:\/\/slamdunkattorney.com\/#organization"},"alternateName":"Slam Dunk Attorney","inLanguage":"es"},{"@type":"Organization","@id":"https:\/\/slamdunkattorney.com\/#organization","name":"Abogado Slam Dunk","alternateName":"Slam Dunk","url":"https:\/\/slamdunkattorney.com\/","logo":{"@type":"ImageObject","inLanguage":"es","@id":"https:\/\/slamdunkattorney.com\/#\/schema\/logo\/image\/","url":"https:\/\/slamdunkattorney.com\/wp-content\/uploads\/2023\/05\/cropped-Logo.png","contentUrl":"https:\/\/slamdunkattorney.com\/wp-content\/uploads\/2023\/05\/cropped-Logo.png","width":1080,"height":240,"caption":"Slam Dunk Attorney"},"image":{"@id":"https:\/\/slamdunkattorney.com\/#\/schema\/logo\/image\/"},"sameAs":["https:\/\/www.facebook.com\/slamdunkattorneyinjurylawyers\/","https:\/\/x.com\/slamdunkattorney","https:\/\/www.instagram.com\/slamdunkattorney\/","https:\/\/www.youtube.com\/channel\/UCSrOiC7vOjlCi3UgtIVGNtw","https:\/\/www.linkedin.com\/company\/slamdunkattorneyinjurylawyers"]}]}},"yoast_meta":{"yoast_wpseo_title":"","yoast_wpseo_metadesc":"","yoast_wpseo_canonical":"https:\/\/slamdunkattorney.com\/es\/wp-json\/wp\/v2\/pages\/16542"},"_links":{"self":[{"href":"https:\/\/slamdunkattorney.com\/es\/wp-json\/wp\/v2\/pages\/16542","targetHints":{"allow":["GET"]}}],"collection":[{"href":"https:\/\/slamdunkattorney.com\/es\/wp-json\/wp\/v2\/pages"}],"about":[{"href":"https:\/\/slamdunkattorney.com\/es\/wp-json\/wp\/v2\/types\/page"}],"author":[{"embeddable":true,"href":"https:\/\/slamdunkattorney.com\/es\/wp-json\/wp\/v2\/users\/2"}],"replies":[{"embeddable":true,"href":"https:\/\/slamdunkattorney.com\/es\/wp-json\/wp\/v2\/comments?post=16542"}],"version-history":[{"count":0,"href":"https:\/\/slamdunkattorney.com\/es\/wp-json\/wp\/v2\/pages\/16542\/revisions"}],"up":[{"embeddable":true,"href":"https:\/\/slamdunkattorney.com\/es\/wp-json\/wp\/v2\/pages\/5902"}],"wp:featuredmedia":[{"embeddable":true,"href":"https:\/\/slamdunkattorney.com\/es\/wp-json\/wp\/v2\/media\/16543"}],"wp:attachment":[{"href":"https:\/\/slamdunkattorney.com\/es\/wp-json\/wp\/v2\/media?parent=16542"}],"wp:term":[{"taxonomy":"extra-categories","embeddable":true,"href":"https:\/\/slamdunkattorney.com\/es\/wp-json\/wp\/v2\/extra-categories?post=16542"},{"taxonomy":"hc_faqs","embeddable":true,"href":"https:\/\/slamdunkattorney.com\/es\/wp-json\/wp\/v2\/hc_faqs?post=16542"}],"curies":[{"name":"wp","href":"https:\/\/api.w.org\/{rel}","templated":true}]}}