{"id":16540,"date":"2025-02-25T00:58:47","date_gmt":"2025-02-25T00:58:47","guid":{"rendered":"https:\/\/slamdunk.wpenginepowered.com\/?page_id=16540"},"modified":"2025-02-25T09:59:13","modified_gmt":"2025-02-25T09:59:13","slug":"what-do-i-do-if-i-get-rear-ended","status":"publish","type":"page","link":"https:\/\/slamdunkattorney.com\/es\/faqs\/what-do-i-do-if-im-rear-ended\/","title":{"rendered":"\u00bfQu\u00e9 hago si me chocan por detr\u00e1s?"},"content":{"rendered":"<p><span style=\"font-weight: 400;\">\u00bfQu\u00e9 hago si me chocan por detr\u00e1s? <\/span><b>Mueva su autom\u00f3vil a un lugar seguro, lejos del tr\u00e1fico, y llame al 911.<\/b>. <span style=\"font-weight: 400;\">En los d\u00edas posteriores al accidente, consulte con un <\/span><a href=\"https:\/\/slamdunkattorney.com\/es\/duluth\/car-accident-lawyer\/rear-end-collision\/\"><span style=\"font-weight: 400;\">Abogado especializado en accidentes por choque trasero en Duluth<\/span><\/a><span style=\"font-weight: 400;\"> para analizar sus opciones legales.\u00a0<\/span><\/p>\n<h2><span style=\"font-weight: 400;\">\u00bfQu\u00e9 hacer si me chocan por detr\u00e1s en Georgia?<\/span><\/h2>\n<p><span style=\"font-weight: 400;\">Prioriza tu salud, bienestar y seguridad.<\/span><b> Marque el 911.<\/b>,<span style=\"font-weight: 400;\"> ya que esto har\u00e1 que acudan al lugar del accidente agentes de polic\u00eda y profesionales m\u00e9dicos. Informe a la polic\u00eda sobre el accidente y permita que el personal m\u00e9dico eval\u00fae y trate sus lesiones.\u00a0<\/span><\/p>\n<p><span style=\"font-weight: 400;\">Obtenga la informaci\u00f3n de contacto, el seguro de autom\u00f3vil y la licencia de conducir del otro conductor. Adem\u00e1s, se debe recopilar evidencia del lugar del accidente. Las fotos de sus lesiones y los da\u00f1os al veh\u00edculo podr\u00edan fortalecer su caso contra el conductor responsable.\u00a0<\/span><\/p>\n<p><span style=\"font-weight: 400;\">Slam Dunk Attorney ha ayudado a clientes en miles de casos de lesiones personales. A <\/span><a href=\"https:\/\/slamdunkattorney.com\/es\/duluth\/car-accident-lawyer\/\"><span style=\"font-weight: 400;\">Abogado especializado en accidentes automovil\u00edsticos en Duluth<\/span><\/a><span style=\"font-weight: 400;\"> de nuestro equipo puede ayudarle con sus asuntos legales mientras se recupera de su accidente por alcance. Cont\u00e1ctenos hoy mismo para obtener m\u00e1s informaci\u00f3n.\u00a0<\/span><\/p>\n\n<div class=\"cta-container row align-items-center\">\n    <div class=\"col-md-7\">\n        <p class=\"cta-text rs-content-cta\">Orgullosos de servir a Duluth y a todo Georgia <span>\u00a1Cont\u00e1ctenos para comenzar su recuperaci\u00f3n!<\/span> <a href=\"https:\/\/slamdunkattorney.com\/es\/\">Explore nuestras \u00e1reas de pr\u00e1ctica<\/a><\/p>\n    <\/div>\n    <div class=\"col-md-5\">\n        <img decoding=\"async\" src=\"https:\/\/slamdunkattorney.com\/wp-content\/themes\/slam-dunk-rebuild\/assets\/app\/img\/map-cta.jpg\" alt=\"Legal Consultation\" class=\"img-fluid\"\/>\n    <\/div>\n<\/div><h2><span style=\"font-weight: 400;\">\u00bfQu\u00e9 hacer si me veo involucrado en un accidente por alcance y el otro conductor dice que yo tengo la culpa?<\/span><\/h2>\n<p><span style=\"font-weight: 400;\">No asuma la responsabilidad si le chocan por detr\u00e1s y el otro conductor afirma que usted es el responsable. Notifique a su <\/span><a href=\"https:\/\/oci.georgia.gov\/insurance-resources\/auto\" target=\"_blank\" rel=\"noopener\"><span style=\"font-weight: 400;\">seguro de autom\u00f3vil<\/span><\/a><span style=\"font-weight: 400;\"> compa\u00f1\u00eda sobre su accidente. Su aseguradora de autom\u00f3viles y la aseguradora del otro conductor pueden investigar el accidente y determinar qui\u00e9n es el responsable.\u00a0<\/span><\/p>\n<p><span style=\"font-weight: 400;\">En cuanto a qu\u00e9 hacer si te chocan por detr\u00e1s y no tienes la culpa, contrata a un abogado especializado en accidentes automovil\u00edsticos. A partir de ah\u00ed, tu abogado podr\u00e1 informarse sobre la colisi\u00f3n. Te explicar\u00e1 <\/span><a href=\"https:\/\/slamdunkattorney.com\/es\/faqs\/what-should-i-do-after-a-minor-car-accident\/\"><span style=\"font-weight: 400;\">Qu\u00e9 hacer despu\u00e9s de un accidente automovil\u00edstico menor<\/span><\/a><span style=\"font-weight: 400;\"> y ayudarle a evitar errores durante el proceso de reclamaci\u00f3n.<\/span><\/p>\n<p><span style=\"font-weight: 400;\">Una compa\u00f1\u00eda de seguros puede disputar su solicitud de indemnizaci\u00f3n incluso si su cliente caus\u00f3 su choque por alcance. Si esto ocurre, su abogado puede animarle a seguir adelante con una demanda por accidente automovil\u00edstico. Su abogado puede discutir <\/span><a href=\"https:\/\/slamdunkattorney.com\/es\/faqs\/how-does-the-car-accident-lawsuit-process-work\/\"><span style=\"font-weight: 400;\">C\u00f3mo funciona el proceso de demanda por accidente automovil\u00edstico<\/span><\/a><span style=\"font-weight: 400;\"> y los pasos que debe seguir para aumentar sus posibilidades de obtener la m\u00e1xima indemnizaci\u00f3n.\u00a0<\/span><\/p>\n<h2><span style=\"font-weight: 400;\">Pasos a seguir si sufro un accidente por alcance y deseo demandar al conductor responsable<\/span><\/h2>\n<p><span style=\"font-weight: 400;\">Prep\u00e1rese para un proceso legal largo y complicado tras su accidente. As\u00f3ciese con un abogado especializado en accidentes automovil\u00edsticos que pueda analizar <\/span><b>Qu\u00e9 hacer si te chocan por detr\u00e1s<\/b><span style=\"font-weight: 400;\"> y desea solicitar una indemnizaci\u00f3n a la parte responsable. Su abogado puede guiarle a trav\u00e9s de estos procesos. <\/span><a href=\"https:\/\/slamdunkattorney.com\/es\/faqs\/steps-after-auto-accident\/\"><span style=\"font-weight: 400;\">Pasos esenciales que se deben seguir despu\u00e9s de un accidente automovil\u00edstico<\/span><\/a><span style=\"font-weight: 400;\">:<\/span><\/p>\n<h3><span style=\"font-weight: 400;\">Analice la situaci\u00f3n actual.<\/span><\/h3>\n<p><span style=\"font-weight: 400;\">Aseg\u00farese de que usted y las dem\u00e1s personas involucradas en el accidente se encuentren bien. Es posible que se sienta frustrado y molesto por el accidente, y es posible que sus sentimientos est\u00e9n justificados. Sin embargo, es fundamental protegerse a s\u00ed mismo y a los dem\u00e1s de da\u00f1os mayores.\u00a0<\/span><\/p>\n<h3><span style=\"font-weight: 400;\">Intercambie informaci\u00f3n con el otro conductor.\u00a0<\/span><\/h3>\n<p><span style=\"font-weight: 400;\">No abandone el lugar del accidente sin obtener la informaci\u00f3n del otro conductor. Si lo hace, asumir\u00e1 toda la responsabilidad por el choque. Esto significa que tendr\u00e1 que pagar por su cuenta los gastos de reparaci\u00f3n del autom\u00f3vil y las facturas m\u00e9dicas.\u00a0<\/span><\/p>\n<h3><span style=\"font-weight: 400;\">Documentar el lugar del accidente<\/span><\/h3>\n<p><span style=\"font-weight: 400;\">Tome fotos y grabe videos del lugar del accidente. Anote las condiciones meteorol\u00f3gicas, los peligros de la carretera y otros factores que puedan haber influido en el accidente. Comparta esta informaci\u00f3n con los agentes de polic\u00eda para que la incluyan en su informe del incidente.\u00a0<\/span><\/p>\n<h3><span style=\"font-weight: 400;\">Busque atenci\u00f3n m\u00e9dica.<\/span><\/h3>\n<p><span style=\"font-weight: 400;\">Acuda al m\u00e9dico para que le realicen una evaluaci\u00f3n m\u00e9dica tan pronto como sea posible despu\u00e9s del accidente. Esto es fundamental en relaci\u00f3n con lo que debe hacer si le chocan por detr\u00e1s. Si decide no recibir atenci\u00f3n m\u00e9dica y descubre lesiones d\u00edas o semanas despu\u00e9s del accidente, <\/span><b>resulta dif\u00edcil demandar a un conductor responsable <\/b><span style=\"font-weight: 400;\">para obtener una indemnizaci\u00f3n que cubra los gastos de su tratamiento.\u00a0<\/span><\/p>\n<h3><span style=\"font-weight: 400;\">Informe a su aseguradora de autom\u00f3viles sobre su accidente.<\/span><\/h3>\n<p><span style=\"font-weight: 400;\">Comun\u00edquese con su compa\u00f1\u00eda de seguros de autom\u00f3viles y proporcione a la empresa la informaci\u00f3n sobre su colisi\u00f3n. No diga nada que indique que usted es responsable del accidente. Su aseguradora puede abrir una reclamaci\u00f3n y trabajar con la compa\u00f1\u00eda de seguros del otro conductor para determinar qui\u00e9n es responsable.\u00a0<\/span><\/p>\n<h3><span style=\"font-weight: 400;\">Revise su p\u00f3liza de seguro de autom\u00f3vil<\/span><\/h3>\n<p><span style=\"font-weight: 400;\">Verifique que haya reportado su accidente de acuerdo con lo que establece su p\u00f3liza de seguro de autom\u00f3vil. Si necesita proporcionar informaci\u00f3n adicional a su aseguradora de autom\u00f3viles, h\u00e1galo de inmediato. De lo contrario, podr\u00eda tener problemas al intentar obtener una indemnizaci\u00f3n de la compa\u00f1\u00eda de seguros del conductor responsable.\u00a0<\/span><\/p>\n<h3><span style=\"font-weight: 400;\">Obtenga asesoramiento legal.<\/span><\/h3>\n<p><span style=\"font-weight: 400;\">Mientras lo considera <\/span><b>qu\u00e9 hacer si te chocan por detr\u00e1s<\/b>\u2013<b>termin\u00f3<\/b><span style=\"font-weight: 400;\">, consulte con un abogado con experiencia en casos de accidentes automovil\u00edsticos. Su abogado puede encargarse de las comunicaciones con el conductor responsable y su compa\u00f1\u00eda de seguros. \u00c9l puede determinar si se justifica una demanda para solicitar una indemnizaci\u00f3n por da\u00f1os econ\u00f3micos y no econ\u00f3micos.\u00a0<\/span><\/p>\n<h3><span style=\"font-weight: 400;\">Repara tu auto<\/span><\/h3>\n<p><span style=\"font-weight: 400;\">Lleve su auto a un taller mec\u00e1nico de confianza para que lo revisen. Lo ideal es que los da\u00f1os sean leves y se puedan reparar de inmediato. Si la reparaci\u00f3n lleva semanas o meses, es posible que necesite un auto de alquiler y pueda incluirlo en su solicitud de indemnizaci\u00f3n al conductor que caus\u00f3 el accidente.\u00a0<\/span><\/p>\n<h3><span style=\"font-weight: 400;\">Cu\u00eddate<\/span><\/h3>\n<p><span style=\"font-weight: 400;\">Afrontar cualquier trauma emocional que experimente despu\u00e9s de un choque por alcance. Si es necesario, busque ayuda profesional. Haga lo que sea necesario para sentirse bien de nuevo mientras se recupera del accidente.\u00a0<\/span><\/p>\n<h3><span style=\"font-weight: 400;\">Mant\u00e9ngase en contacto con su abogado<\/span><\/h3>\n<p><span style=\"font-weight: 400;\">Comparte con tu abogado las novedades sobre tu recuperaci\u00f3n tras el accidente. Mientras tanto, tu abogado se centrar\u00e1 en preparar tu caso. Te ayudar\u00e1 a prepararte para la fecha del juicio y responder\u00e1 a tus inquietudes y preguntas a medida que avance el proceso legal.\u00a0<\/span><\/p>\n<p><span style=\"font-weight: 400;\">No tiene idea de qu\u00e9 hacer si le chocan por detr\u00e1s y le preocupa c\u00f3mo obtener una indemnizaci\u00f3n del conductor responsable del accidente. <\/span><b>Habla con un abogado especializado en accidentes automovil\u00edsticos.<\/b>. <span style=\"font-weight: 400;\">Esto le permite obtener la informaci\u00f3n que necesita para tomar decisiones informadas mientras se ocupa de las consecuencias del accidente.\u00a0<\/span><\/p>\n\n<div class=\"cta-container row align-items-center\">\n    <div class=\"col-md-7\">\n        <p class=\"cta-text rs-content-cta\"><a class=\"no-btn\" href=\"https:\/\/slamdunkattorney.com\/es\/contact-us\/\">Haga clic para contactar<\/a> nuestros abogados especializados en lesiones personales hoy mismo<\/p>\n    <\/div>\n    <div class=\"col-md-5\">\n        <img decoding=\"async\" src=\"https:\/\/slamdunkattorney.com\/wp-content\/themes\/slam-dunk-rebuild\/assets\/app\/img\/map-cta.jpg\" alt=\"Contact Us\" class=\"img-fluid\"\/>\n    <\/div>\n<\/div><h2><span style=\"font-weight: 400;\">Conf\u00ede en un abogado especializado en accidentes por choque trasero que le apoyar\u00e1 en cada etapa del proceso legal.<\/span><\/h2>\n<p><span style=\"font-weight: 400;\">El equipo de Slam Dunk Attorney <\/span><b>entiende los retos a los que podr\u00eda enfrentarse <\/b><span style=\"font-weight: 400;\">mientras decide qu\u00e9 hacer si le chocan por detr\u00e1s. Podemos abordar estos retos y ponerle en condiciones de recibir una indemnizaci\u00f3n justa de cualquier persona responsable de su accidente por alcance. Programe hoy mismo una consulta gratuita sobre su caso.\u00a0<\/span><\/p>\n\n<div class=\"cta-container row align-items-center\">\n    <div class=\"col-md-7\">\n        <p class=\"cta-text rs-content-cta\">Llame o env\u00ede un mensaje de texto <a class=\"no-btn\" href=\"tel:+14049513513\">404-951-3513<\/a> o completar un <a href=\"https:\/\/slamdunkattorney.com\/es\/contact-us\/\">Formulario de evaluaci\u00f3n gratuita de su caso<\/a><\/p>\n    <\/div>\n    <div class=\"col-md-5\">\n        <img decoding=\"async\" src=\"https:\/\/slamdunkattorney.com\/wp-content\/themes\/slam-dunk-rebuild\/assets\/app\/img\/map-cta.jpg\" alt=\"Call or Text\" class=\"img-fluid\"\/>\n    <\/div>\n<\/div>","protected":false},"excerpt":{"rendered":"<p>What do I do if I get rear-ended? Move your car to a safe location away from traffic and call 911. In the days after your accident, consult with a Duluth rear-end collision accident lawyer to discuss your legal options.\u00a0 What to Do if I Get Rear-Ended in Georgia Prioritize your health, well-being, and safety. &#8230;<\/p>","protected":false},"author":2,"featured_media":16541,"parent":5902,"menu_order":0,"comment_status":"closed","ping_status":"closed","template":"","meta":{"_acf_changed":false,"_genesis_hide_title":false,"_genesis_hide_breadcrumbs":false,"_genesis_hide_singular_image":false,"_genesis_hide_footer_widgets":false,"_genesis_custom_body_class":"","_genesis_custom_post_class":"","_genesis_layout":"","ngg_post_thumbnail":0,"footnotes":""},"extra-categories":[],"hc_faqs":[41],"class_list":{"0":"post-16540","1":"page","2":"type-page","3":"status-publish","4":"has-post-thumbnail","6":"hc_faqs-car-accident","7":"entry"},"acf":[],"yoast_head":"<!-- This site is optimized with the Yoast SEO plugin v27.5 - https:\/\/yoast.com\/product\/yoast-seo-wordpress\/ -->\n<title>What to Do if You Get Rear-Ended? | Slam Dunk Attorney<\/title>\n<meta name=\"description\" content=\"Find out what to do if you get rear-ended from a dedicated car accident lawyer at Slam Dunk Attorney. Call for a free consultation.\" \/>\n<meta name=\"robots\" content=\"index, follow, max-snippet:-1, max-image-preview:large, max-video-preview:-1\" \/>\n<link rel=\"canonical\" href=\"https:\/\/slamdunkattorney.com\/es\/faqs\/what-do-i-do-if-im-rear-ended\/\" \/>\n<meta property=\"og:locale\" content=\"es_MX\" \/>\n<meta property=\"og:type\" content=\"article\" \/>\n<meta property=\"og:title\" content=\"What to Do if You Get Rear-Ended? | Slam Dunk Attorney\" \/>\n<meta property=\"og:description\" content=\"Find out what to do if you get rear-ended from a dedicated car accident lawyer at Slam Dunk Attorney. Call for a free consultation.\" \/>\n<meta property=\"og:url\" content=\"https:\/\/slamdunkattorney.com\/es\/faqs\/what-do-i-do-if-im-rear-ended\/\" \/>\n<meta property=\"og:site_name\" content=\"Slam Dunk Attorney | Injury Lawyers\" \/>\n<meta property=\"article:publisher\" content=\"https:\/\/www.facebook.com\/slamdunkattorneyinjurylawyers\/\" \/>\n<meta property=\"article:modified_time\" content=\"2025-02-25T09:59:13+00:00\" \/>\n<meta property=\"og:image\" content=\"https:\/\/slamdunkattorney.com\/wp-content\/uploads\/2025\/02\/what-do-i-do-if-i-get-rear-ended.jpeg\" \/>\n\t<meta property=\"og:image:width\" content=\"1000\" \/>\n\t<meta property=\"og:image:height\" content=\"667\" \/>\n\t<meta property=\"og:image:type\" content=\"image\/jpeg\" \/>\n<meta name=\"twitter:card\" content=\"summary_large_image\" \/>\n<meta name=\"twitter:site\" content=\"@slamdunkattorney\" \/>\n<meta name=\"twitter:label1\" content=\"Est. reading time\" \/>\n\t<meta name=\"twitter:data1\" content=\"5 minutos\" \/>\n<script type=\"application\/ld+json\" class=\"yoast-schema-graph\">{\"@context\":\"https:\\\/\\\/schema.org\",\"@graph\":[{\"@type\":\"WebPage\",\"@id\":\"https:\\\/\\\/slamdunkattorney.com\\\/faqs\\\/what-do-i-do-if-im-rear-ended\\\/\",\"url\":\"https:\\\/\\\/slamdunkattorney.com\\\/faqs\\\/what-do-i-do-if-im-rear-ended\\\/\",\"name\":\"What to Do if You Get Rear-Ended? | Slam Dunk Attorney\",\"isPartOf\":{\"@id\":\"https:\\\/\\\/slamdunkattorney.com\\\/#website\"},\"primaryImageOfPage\":{\"@id\":\"https:\\\/\\\/slamdunkattorney.com\\\/faqs\\\/what-do-i-do-if-im-rear-ended\\\/#primaryimage\"},\"image\":{\"@id\":\"https:\\\/\\\/slamdunkattorney.com\\\/faqs\\\/what-do-i-do-if-im-rear-ended\\\/#primaryimage\"},\"thumbnailUrl\":\"https:\\\/\\\/slamdunkattorney.com\\\/wp-content\\\/uploads\\\/2025\\\/02\\\/what-do-i-do-if-i-get-rear-ended.jpeg\",\"datePublished\":\"2025-02-25T00:58:47+00:00\",\"dateModified\":\"2025-02-25T09:59:13+00:00\",\"description\":\"Find out what to do if you get rear-ended from a dedicated car accident lawyer at Slam Dunk Attorney. Call for a free consultation.\",\"breadcrumb\":{\"@id\":\"https:\\\/\\\/slamdunkattorney.com\\\/faqs\\\/what-do-i-do-if-im-rear-ended\\\/#breadcrumb\"},\"inLanguage\":\"es\",\"potentialAction\":[{\"@type\":\"ReadAction\",\"target\":[\"https:\\\/\\\/slamdunkattorney.com\\\/faqs\\\/what-do-i-do-if-im-rear-ended\\\/\"]}]},{\"@type\":\"ImageObject\",\"inLanguage\":\"es\",\"@id\":\"https:\\\/\\\/slamdunkattorney.com\\\/faqs\\\/what-do-i-do-if-im-rear-ended\\\/#primaryimage\",\"url\":\"https:\\\/\\\/slamdunkattorney.com\\\/wp-content\\\/uploads\\\/2025\\\/02\\\/what-do-i-do-if-i-get-rear-ended.jpeg\",\"contentUrl\":\"https:\\\/\\\/slamdunkattorney.com\\\/wp-content\\\/uploads\\\/2025\\\/02\\\/what-do-i-do-if-i-get-rear-ended.jpeg\",\"width\":1000,\"height\":667,\"caption\":\"A car that has rear-ended another driver.\"},{\"@type\":\"BreadcrumbList\",\"@id\":\"https:\\\/\\\/slamdunkattorney.com\\\/faqs\\\/what-do-i-do-if-im-rear-ended\\\/#breadcrumb\",\"itemListElement\":[{\"@type\":\"ListItem\",\"position\":1,\"name\":\"Home\",\"item\":\"https:\\\/\\\/slamdunkattorney.com\\\/\"},{\"@type\":\"ListItem\",\"position\":2,\"name\":\"FAQs\",\"item\":\"https:\\\/\\\/slamdunkattorney.com\\\/faqs\\\/\"},{\"@type\":\"ListItem\",\"position\":3,\"name\":\"What Do I Do if I Get Rear-Ended?\"}]},{\"@type\":\"WebSite\",\"@id\":\"https:\\\/\\\/slamdunkattorney.com\\\/#website\",\"url\":\"https:\\\/\\\/slamdunkattorney.com\\\/\",\"name\":\"Slam Dunk Attorney | Injury Lawyers\",\"description\":\"Duluth Personal Injury Lawyers\",\"publisher\":{\"@id\":\"https:\\\/\\\/slamdunkattorney.com\\\/#organization\"},\"alternateName\":\"Slam Dunk Attorney\",\"inLanguage\":\"es\"},{\"@type\":\"Organization\",\"@id\":\"https:\\\/\\\/slamdunkattorney.com\\\/#organization\",\"name\":\"Slam Dunk Attorney\",\"alternateName\":\"Slam Dunk\",\"url\":\"https:\\\/\\\/slamdunkattorney.com\\\/\",\"logo\":{\"@type\":\"ImageObject\",\"inLanguage\":\"es\",\"@id\":\"https:\\\/\\\/slamdunkattorney.com\\\/#\\\/schema\\\/logo\\\/image\\\/\",\"url\":\"https:\\\/\\\/slamdunkattorney.com\\\/wp-content\\\/uploads\\\/2023\\\/05\\\/cropped-Logo.png\",\"contentUrl\":\"https:\\\/\\\/slamdunkattorney.com\\\/wp-content\\\/uploads\\\/2023\\\/05\\\/cropped-Logo.png\",\"width\":1080,\"height\":240,\"caption\":\"Slam Dunk Attorney\"},\"image\":{\"@id\":\"https:\\\/\\\/slamdunkattorney.com\\\/#\\\/schema\\\/logo\\\/image\\\/\"},\"sameAs\":[\"https:\\\/\\\/www.facebook.com\\\/slamdunkattorneyinjurylawyers\\\/\",\"https:\\\/\\\/x.com\\\/slamdunkattorney\",\"https:\\\/\\\/www.instagram.com\\\/slamdunkattorney\\\/\",\"https:\\\/\\\/www.youtube.com\\\/channel\\\/UCSrOiC7vOjlCi3UgtIVGNtw\",\"https:\\\/\\\/www.linkedin.com\\\/company\\\/slamdunkattorneyinjurylawyers\"]}]}<\/script>\n<!-- \/ Yoast SEO plugin. -->","yoast_head_json":{"title":"What to Do if You Get Rear-Ended? | Slam Dunk Attorney","description":"Find out what to do if you get rear-ended from a dedicated car accident lawyer at Slam Dunk Attorney. Call for a free consultation.","robots":{"index":"index","follow":"follow","max-snippet":"max-snippet:-1","max-image-preview":"max-image-preview:large","max-video-preview":"max-video-preview:-1"},"canonical":"https:\/\/slamdunkattorney.com\/es\/faqs\/what-do-i-do-if-im-rear-ended\/","og_locale":"es_MX","og_type":"article","og_title":"What to Do if You Get Rear-Ended? | Slam Dunk Attorney","og_description":"Find out what to do if you get rear-ended from a dedicated car accident lawyer at Slam Dunk Attorney. Call for a free consultation.","og_url":"https:\/\/slamdunkattorney.com\/es\/faqs\/what-do-i-do-if-im-rear-ended\/","og_site_name":"Slam Dunk Attorney | Injury Lawyers","article_publisher":"https:\/\/www.facebook.com\/slamdunkattorneyinjurylawyers\/","article_modified_time":"2025-02-25T09:59:13+00:00","og_image":[{"width":1000,"height":667,"url":"https:\/\/slamdunkattorney.com\/wp-content\/uploads\/2025\/02\/what-do-i-do-if-i-get-rear-ended.jpeg","type":"image\/jpeg"}],"twitter_card":"summary_large_image","twitter_site":"@slamdunkattorney","twitter_misc":{"Est. reading time":"5 minutos"},"schema":{"@context":"https:\/\/schema.org","@graph":[{"@type":"WebPage","@id":"https:\/\/slamdunkattorney.com\/faqs\/what-do-i-do-if-im-rear-ended\/","url":"https:\/\/slamdunkattorney.com\/faqs\/what-do-i-do-if-im-rear-ended\/","name":"What to Do if You Get Rear-Ended? | Slam Dunk Attorney","isPartOf":{"@id":"https:\/\/slamdunkattorney.com\/#website"},"primaryImageOfPage":{"@id":"https:\/\/slamdunkattorney.com\/faqs\/what-do-i-do-if-im-rear-ended\/#primaryimage"},"image":{"@id":"https:\/\/slamdunkattorney.com\/faqs\/what-do-i-do-if-im-rear-ended\/#primaryimage"},"thumbnailUrl":"https:\/\/slamdunkattorney.com\/wp-content\/uploads\/2025\/02\/what-do-i-do-if-i-get-rear-ended.jpeg","datePublished":"2025-02-25T00:58:47+00:00","dateModified":"2025-02-25T09:59:13+00:00","description":"Find out what to do if you get rear-ended from a dedicated car accident lawyer at Slam Dunk Attorney. Call for a free consultation.","breadcrumb":{"@id":"https:\/\/slamdunkattorney.com\/faqs\/what-do-i-do-if-im-rear-ended\/#breadcrumb"},"inLanguage":"es","potentialAction":[{"@type":"ReadAction","target":["https:\/\/slamdunkattorney.com\/faqs\/what-do-i-do-if-im-rear-ended\/"]}]},{"@type":"ImageObject","inLanguage":"es","@id":"https:\/\/slamdunkattorney.com\/faqs\/what-do-i-do-if-im-rear-ended\/#primaryimage","url":"https:\/\/slamdunkattorney.com\/wp-content\/uploads\/2025\/02\/what-do-i-do-if-i-get-rear-ended.jpeg","contentUrl":"https:\/\/slamdunkattorney.com\/wp-content\/uploads\/2025\/02\/what-do-i-do-if-i-get-rear-ended.jpeg","width":1000,"height":667,"caption":"A car that has rear-ended another driver."},{"@type":"BreadcrumbList","@id":"https:\/\/slamdunkattorney.com\/faqs\/what-do-i-do-if-im-rear-ended\/#breadcrumb","itemListElement":[{"@type":"ListItem","position":1,"name":"Home","item":"https:\/\/slamdunkattorney.com\/"},{"@type":"ListItem","position":2,"name":"FAQs","item":"https:\/\/slamdunkattorney.com\/faqs\/"},{"@type":"ListItem","position":3,"name":"What Do I Do if I Get Rear-Ended?"}]},{"@type":"WebSite","@id":"https:\/\/slamdunkattorney.com\/#website","url":"https:\/\/slamdunkattorney.com\/","name":"Abogado experto en lesiones | Abogados especializados en lesiones","description":"Abogados de lesiones personales en Duluth","publisher":{"@id":"https:\/\/slamdunkattorney.com\/#organization"},"alternateName":"Slam Dunk Attorney","inLanguage":"es"},{"@type":"Organization","@id":"https:\/\/slamdunkattorney.com\/#organization","name":"Abogado Slam Dunk","alternateName":"Slam Dunk","url":"https:\/\/slamdunkattorney.com\/","logo":{"@type":"ImageObject","inLanguage":"es","@id":"https:\/\/slamdunkattorney.com\/#\/schema\/logo\/image\/","url":"https:\/\/slamdunkattorney.com\/wp-content\/uploads\/2023\/05\/cropped-Logo.png","contentUrl":"https:\/\/slamdunkattorney.com\/wp-content\/uploads\/2023\/05\/cropped-Logo.png","width":1080,"height":240,"caption":"Slam Dunk Attorney"},"image":{"@id":"https:\/\/slamdunkattorney.com\/#\/schema\/logo\/image\/"},"sameAs":["https:\/\/www.facebook.com\/slamdunkattorneyinjurylawyers\/","https:\/\/x.com\/slamdunkattorney","https:\/\/www.instagram.com\/slamdunkattorney\/","https:\/\/www.youtube.com\/channel\/UCSrOiC7vOjlCi3UgtIVGNtw","https:\/\/www.linkedin.com\/company\/slamdunkattorneyinjurylawyers"]}]}},"yoast_meta":{"yoast_wpseo_title":"","yoast_wpseo_metadesc":"","yoast_wpseo_canonical":"https:\/\/slamdunkattorney.com\/es\/wp-json\/wp\/v2\/pages\/16540"},"_links":{"self":[{"href":"https:\/\/slamdunkattorney.com\/es\/wp-json\/wp\/v2\/pages\/16540","targetHints":{"allow":["GET"]}}],"collection":[{"href":"https:\/\/slamdunkattorney.com\/es\/wp-json\/wp\/v2\/pages"}],"about":[{"href":"https:\/\/slamdunkattorney.com\/es\/wp-json\/wp\/v2\/types\/page"}],"author":[{"embeddable":true,"href":"https:\/\/slamdunkattorney.com\/es\/wp-json\/wp\/v2\/users\/2"}],"replies":[{"embeddable":true,"href":"https:\/\/slamdunkattorney.com\/es\/wp-json\/wp\/v2\/comments?post=16540"}],"version-history":[{"count":0,"href":"https:\/\/slamdunkattorney.com\/es\/wp-json\/wp\/v2\/pages\/16540\/revisions"}],"up":[{"embeddable":true,"href":"https:\/\/slamdunkattorney.com\/es\/wp-json\/wp\/v2\/pages\/5902"}],"wp:featuredmedia":[{"embeddable":true,"href":"https:\/\/slamdunkattorney.com\/es\/wp-json\/wp\/v2\/media\/16541"}],"wp:attachment":[{"href":"https:\/\/slamdunkattorney.com\/es\/wp-json\/wp\/v2\/media?parent=16540"}],"wp:term":[{"taxonomy":"extra-categories","embeddable":true,"href":"https:\/\/slamdunkattorney.com\/es\/wp-json\/wp\/v2\/extra-categories?post=16540"},{"taxonomy":"hc_faqs","embeddable":true,"href":"https:\/\/slamdunkattorney.com\/es\/wp-json\/wp\/v2\/hc_faqs?post=16540"}],"curies":[{"name":"wp","href":"https:\/\/api.w.org\/{rel}","templated":true}]}}