{"id":16538,"date":"2025-02-25T00:54:25","date_gmt":"2025-02-25T00:54:25","guid":{"rendered":"https:\/\/slamdunk.wpenginepowered.com\/?page_id=16538"},"modified":"2025-02-25T09:54:44","modified_gmt":"2025-02-25T09:54:44","slug":"what-is-the-average-settlement-for-broken-bone-injuries-from-a-car-accident","status":"publish","type":"page","link":"https:\/\/slamdunkattorney.com\/es\/faqs\/what-is-the-average-settlement-for-broken-bone-injuries-from-a-car-accident\/","title":{"rendered":"\u00bfCu\u00e1l es la indemnizaci\u00f3n promedio por lesiones \u00f3seas en un accidente automovil\u00edstico?"},"content":{"rendered":"<p><span style=\"font-weight: 400;\">\u00bfCu\u00e1l es la indemnizaci\u00f3n promedio por lesiones \u00f3seas fracturadas a causa de un accidente automovil\u00edstico? <\/span><b>No existe un acuerdo promedio confiable para los accidentes automovil\u00edsticos. <\/b><span style=\"font-weight: 400;\">debido a su complejidad y dependencia de una amplia gama de circunstancias.\u00a0<\/span><\/p>\n<p><span style=\"font-weight: 400;\">Sin embargo, un <\/span><a href=\"https:\/\/slamdunkattorney.com\/es\/duluth\/car-accident-lawyer\/\"><span style=\"font-weight: 400;\">Abogado especializado en accidentes automovil\u00edsticos en Duluth<\/span><\/a><span style=\"font-weight: 400;\"> puede analizar los detalles de su caso y ayudarle a determinar el valor justo de su reclamaci\u00f3n por lesiones.\u00a0<\/span><\/p>\n<h2><span style=\"font-weight: 400;\">\u00bfExiste un acuerdo promedio en una demanda por lesiones por fractura \u00f3sea?<\/span><\/h2>\n<p><span style=\"font-weight: 400;\">No hay forma de proporcionar un promedio exacto de la indemnizaci\u00f3n por una lesi\u00f3n \u00f3sea causada por un accidente automovil\u00edstico que se ajuste con precisi\u00f3n a su situaci\u00f3n. El hecho es que cada caso es \u00fanico y se requiere una investigaci\u00f3n minuciosa para determinar la causa subyacente, las p\u00e9rdidas y las implicaciones a largo plazo. Algunos de los factores que contribuyen al valor de dicha reclamaci\u00f3n incluyen:<\/span><\/p>\n<ul>\n<li style=\"font-weight: 400;\" aria-level=\"1\"><b>El tipo de hueso fracturado<\/b>:<span style=\"font-weight: 400;\"> Una fractura de cadera puede requerir intervenci\u00f3n quir\u00fargica con m\u00e1s frecuencia que una fractura de brazo.<\/span><\/li>\n<li style=\"font-weight: 400;\" aria-level=\"1\"><b>La gravedad de la lesi\u00f3n<\/b>: <span style=\"font-weight: 400;\">Una fractura limpia de un hueso del brazo puede requerir la colocaci\u00f3n de un yeso, mientras que un hueso aplastado en un accidente automovil\u00edstico con un cami\u00f3n puede requerir meses de recuperaci\u00f3n y procedimientos reconstructivos.<\/span><\/li>\n<li style=\"font-weight: 400;\" aria-level=\"1\"><b>Dolor y sufrimiento<\/b>:<span style=\"font-weight: 400;\"> Algunos accidentes pueden provocar lesiones \u00f3seas m\u00e1s dolorosas que otros. Romperse la mand\u00edbula, por ejemplo, puede doler mucho m\u00e1s que lesionarse un dedo, especialmente si hay otros factores.<\/span><\/li>\n<li style=\"font-weight: 400;\" aria-level=\"1\"><b>Ubicaci\u00f3n de la fractura<\/b>:<span style=\"font-weight: 400;\"> Algunos huesos pueden ser m\u00e1s importantes para la capacidad de una persona de mantenerse m\u00f3vil y seguir trabajando. Las lesiones en los huesos que soportan peso, como la columna vertebral o las piernas, pueden ser m\u00e1s graves y dar lugar a indemnizaciones m\u00e1s elevadas que las de otras zonas.<\/span><\/li>\n<li style=\"font-weight: 400;\" aria-level=\"1\"><b>Complicaciones derivadas de lesiones<\/b>:<span style=\"font-weight: 400;\"> Uno de los factores m\u00e1s complejos en las reclamaciones por lesiones \u00f3seas son las complicaciones a largo plazo que se derivan de ellas. Las lesiones en la columna vertebral pueden provocar dolor cr\u00f3nico e incluso p\u00e9rdida de movilidad si se producen da\u00f1os adicionales en la m\u00e9dula espinal.<\/span><\/li>\n<li style=\"font-weight: 400;\" aria-level=\"1\"><b>Necesidad de un tratamiento complejo<\/b>: <span style=\"font-weight: 400;\">Es probable que la cirug\u00eda o los procedimientos m\u00faltiples cuesten m\u00e1s, lo que aumentar\u00e1 el costo de su acuerdo. Si necesita tratamiento para el dolor durante un largo periodo de tiempo o si es necesario que se someta a cirug\u00edas adicionales en el futuro para solucionar complicaciones continuas, eso podr\u00eda dar lugar a reclamaciones de indemnizaci\u00f3n m\u00e1s elevadas.<\/span><\/li>\n<\/ul>\n<p><span style=\"font-weight: 400;\">La lista de posibles factores que influyen en el valor de una lesi\u00f3n por fractura \u00f3sea en un accidente automovil\u00edstico es extensa y no se limita solo a estas \u00e1reas. Sin embargo, es fundamental considerar las implicaciones de este accidente y su lesi\u00f3n en todos los aspectos de su vida. Su <\/span><a href=\"https:\/\/slamdunkattorney.com\/es\/\"><span style=\"font-weight: 400;\">Abogado especializado en lesiones personales en Duluth<\/span><\/a><span style=\"font-weight: 400;\"> le ayudar\u00e1 a analizar estos factores antes de presentar una reclamaci\u00f3n.<\/span><\/p>\n\n<div class=\"cta-container row align-items-center\">\n    <div class=\"col-md-7\">\n        <p class=\"cta-text rs-content-cta\">Orgullosos de servir a Duluth y a todo Georgia <span>\u00a1Cont\u00e1ctenos para comenzar su recuperaci\u00f3n!<\/span> <a href=\"https:\/\/slamdunkattorney.com\/es\/\">Explore nuestras \u00e1reas de pr\u00e1ctica<\/a><\/p>\n    <\/div>\n    <div class=\"col-md-5\">\n        <img decoding=\"async\" src=\"https:\/\/slamdunkattorney.com\/wp-content\/themes\/slam-dunk-rebuild\/assets\/app\/img\/map-cta.jpg\" alt=\"Legal Consultation\" class=\"img-fluid\"\/>\n    <\/div>\n<\/div><h2><span style=\"font-weight: 400;\">La mayor\u00eda de las reclamaciones por accidentes implican m\u00e1s que gastos m\u00e9dicos.<\/span><\/h2>\n<p><span style=\"font-weight: 400;\">Al presentar una reclamaci\u00f3n por las p\u00e9rdidas que ha sufrido, es necesario tener en cuenta todos los factores relacionados con sus p\u00e9rdidas, no solo las facturas m\u00e9dicas que tiene. Su abogado evaluar\u00e1 todas las formas en que este accidente, y no solo la fractura \u00f3sea, va a influir en su futuro. Algunos de los factores que pueden influir en la indemnizaci\u00f3n media por lesiones \u00f3seas en un accidente automovil\u00edstico son:<\/span><\/p>\n<ul>\n<li style=\"font-weight: 400;\" aria-level=\"1\"><b>\u00bfFaltaste al trabajo?<\/b>:<span style=\"font-weight: 400;\"> Si no pudo ir a trabajar durante un tiempo, eso podr\u00eda afectar el valor de su indemnizaci\u00f3n. Si tiene complicaciones, es posible que no pueda volver a trabajar haciendo lo que hac\u00eda, y eso podr\u00eda afectar su reclamaci\u00f3n.<\/span><\/li>\n<li style=\"font-weight: 400;\" aria-level=\"1\"><b>\u00bfNecesitabas rehabilitaci\u00f3n?<\/b>:<span style=\"font-weight: 400;\"> Algunas fracturas se curan bien y sin complicaciones, mientras que otras pueden requerir un esfuerzo considerable antes de que puedas volver a caminar o retomar tu vida normal. La rehabilitaci\u00f3n puede incluir atenci\u00f3n domiciliaria, atenci\u00f3n hospitalaria o servicios ambulatorios.<\/span><\/li>\n<li style=\"font-weight: 400;\" aria-level=\"1\"><b>Tu da\u00f1o permanente<\/b>: <span style=\"font-weight: 400;\">Muchas v\u00edctimas sufren da\u00f1os permanentes, como la p\u00e9rdida de movilidad o limitaciones cr\u00f3nicas. Si su lesi\u00f3n ha provocado una amputaci\u00f3n o desfiguraci\u00f3n, eso tambi\u00e9n podr\u00eda aumentar su valor.<\/span><\/li>\n<li style=\"font-weight: 400;\" aria-level=\"1\"><b>Tu dolor f\u00edsico y sufrimiento<\/b>:<span style=\"font-weight: 400;\"> En algunas situaciones, una persona puede experimentar un dolor debilitante y un sufrimiento prolongado, lo que podr\u00eda afectar su salud y su capacidad para llevar un estilo de vida saludable.<\/span><\/li>\n<li style=\"font-weight: 400;\" aria-level=\"1\"><b>\u00bfSufri\u00f3 angustia emocional?<\/b>: <span style=\"font-weight: 400;\">Muchas veces, el impacto emocional de las fracturas \u00f3seas tras un accidente automovil\u00edstico y el propio accidente pueden ser un factor determinante. Esto podr\u00eda incluir la aparici\u00f3n de ansiedad, depresi\u00f3n u otros problemas que usted pueda tener.<\/span><\/li>\n<li style=\"font-weight: 400;\" aria-level=\"1\"><b>\u00bfC\u00f3mo afecta a tu disfrute de la vida?<\/b>: <span style=\"font-weight: 400;\">Eval\u00fae c\u00f3mo esta lesi\u00f3n puede afectar su disfrute futuro de la vida, como su capacidad para realizar las actividades que le gustan. Podr\u00eda tratarse de una p\u00e9rdida permanente o de una p\u00e9rdida durante un periodo de tiempo espec\u00edfico.<\/span><\/li>\n<li style=\"font-weight: 400;\" aria-level=\"1\"><b>\u00bfQu\u00e9 m\u00e1s perdiste?<\/b>:<span style=\"font-weight: 400;\"> Su abogado tambi\u00e9n le ayudar\u00e1 a explorar otros tipos de p\u00e9rdidas relacionadas con su accidente, como otras lesiones o implicaciones.<\/span><\/li>\n<li style=\"font-weight: 400;\" aria-level=\"1\"><b>\u00bfPor qu\u00e9 sucedi\u00f3?<\/b><span style=\"font-weight: 400;\">: Su abogado tambi\u00e9n puede argumentar que usted deber\u00eda recibir una indemnizaci\u00f3n por da\u00f1os punitivos en su caso si se demuestra que la persona actu\u00f3 de manera intencionada o imprudente y que eso caus\u00f3 su accidente.<\/span><\/li>\n<\/ul>\n<p><span style=\"font-weight: 400;\">Tenga en cuenta que, en todos los casos como este, usted, como v\u00edctima, debe poder demostrar cu\u00e1les son sus p\u00e9rdidas y probar que est\u00e1n directamente relacionadas con el accidente causado por la persona culpable. Indemnizaci\u00f3n por da\u00f1os personales seg\u00fan la legislaci\u00f3n de Georgia <\/span><a href=\"https:\/\/rules.sos.ga.gov\/gac\/115-4\" target=\"_blank\" rel=\"noopener\"><span style=\"font-weight: 400;\">Cap\u00edtulo 115-4<\/span><\/a><span style=\"font-weight: 400;\">\u00a0 requiere que demuestres que hubo negligencia y que demuestres cu\u00e1l es el valor de esas p\u00e9rdidas. Debido a que es muy importante obtener datos precisos, es importante que las v\u00edctimas trabajen con un abogado que les ayude a preparar su reclamaci\u00f3n por fracturas \u00f3seas causadas por un accidente automovil\u00edstico y revise su <\/span><a href=\"https:\/\/slamdunkattorney.com\/es\/faqs\/\"><span style=\"font-weight: 400;\">Preguntas frecuentes<\/span><\/a><span style=\"font-weight: 400;\"> para obtener m\u00e1s informaci\u00f3n.<\/span><\/p>\n<h2><span style=\"font-weight: 400;\">Lo que hagas despu\u00e9s de un accidente automovil\u00edstico puede ser importante<\/span><\/h2>\n<p><span style=\"font-weight: 400;\">Si usted resulta lesionado en un accidente automovil\u00edstico, incluso si solo tiene una fractura simple y limpia, lo que haga a continuaci\u00f3n puede influir mucho en el resultado de su caso, incluida la cuant\u00eda de la indemnizaci\u00f3n que reciba. Para preservar sus derechos y asegurarse de que tiene un caso completo que documente todas sus p\u00e9rdidas, contrate a un abogado especializado en accidentes automovil\u00edsticos en Georgia que sea capaz de aumentar el valor de su reclamaci\u00f3n.\u00a0<\/span><\/p>\n<p><b>Contactar Abogados Slam Dunk<\/b><span style=\"font-weight: 400;\"> Ahora, obtenga m\u00e1s informaci\u00f3n sobre c\u00f3mo podemos ayudarle a determinar la indemnizaci\u00f3n media por lesiones \u00f3seas en un accidente automovil\u00edstico.<\/span><\/p>\n\n<div class=\"cta-container row align-items-center\">\n    <div class=\"col-md-7\">\n        <p class=\"cta-text rs-content-cta\">Llame o env\u00ede un mensaje de texto <a class=\"no-btn\" href=\"tel:+14049513513\">404-951-3513<\/a> o completar un <a href=\"https:\/\/slamdunkattorney.com\/es\/contact-us\/\">Formulario de evaluaci\u00f3n gratuita de su caso<\/a><\/p>\n    <\/div>\n    <div class=\"col-md-5\">\n        <img decoding=\"async\" src=\"https:\/\/slamdunkattorney.com\/wp-content\/themes\/slam-dunk-rebuild\/assets\/app\/img\/map-cta.jpg\" alt=\"Call or Text\" class=\"img-fluid\"\/>\n    <\/div>\n<\/div>","protected":false},"excerpt":{"rendered":"<p>What is the average settlement for broken bone injuries from a car accident? There is no reliable average settlement for car accidents due to their complexity and dependence on a wide range of circumstances.\u00a0 However, a Duluth car accident lawyer can discuss the details of your case and help determine the fair value of your &#8230;<\/p>","protected":false},"author":2,"featured_media":16539,"parent":5902,"menu_order":0,"comment_status":"closed","ping_status":"closed","template":"","meta":{"_acf_changed":false,"_genesis_hide_title":false,"_genesis_hide_breadcrumbs":false,"_genesis_hide_singular_image":false,"_genesis_hide_footer_widgets":false,"_genesis_custom_body_class":"","_genesis_custom_post_class":"","_genesis_layout":"","ngg_post_thumbnail":0,"footnotes":""},"extra-categories":[],"hc_faqs":[41],"class_list":{"0":"post-16538","1":"page","2":"type-page","3":"status-publish","4":"has-post-thumbnail","6":"hc_faqs-car-accident","7":"entry"},"acf":[],"yoast_head":"<!-- This site is optimized with the Yoast SEO plugin v27.4 - https:\/\/yoast.com\/product\/yoast-seo-wordpress\/ -->\n<title>Average Settlement for Broken Bone Injuries in Car Accidents<\/title>\n<meta name=\"description\" content=\"Find out what the average settlement for broken bone injuries from a car accident is from the car accident lawyers at Slam Dunk Attorney.\" \/>\n<meta name=\"robots\" content=\"index, follow, max-snippet:-1, max-image-preview:large, max-video-preview:-1\" \/>\n<link rel=\"canonical\" href=\"https:\/\/slamdunkattorney.com\/es\/faqs\/what-is-the-average-settlement-for-broken-bone-injuries-from-a-car-accident\/\" \/>\n<meta property=\"og:locale\" content=\"es_MX\" \/>\n<meta property=\"og:type\" content=\"article\" \/>\n<meta property=\"og:title\" content=\"Average Settlement for Broken Bone Injuries in Car Accidents\" \/>\n<meta property=\"og:description\" content=\"Find out what the average settlement for broken bone injuries from a car accident is from the car accident lawyers at Slam Dunk Attorney.\" \/>\n<meta property=\"og:url\" content=\"https:\/\/slamdunkattorney.com\/es\/faqs\/what-is-the-average-settlement-for-broken-bone-injuries-from-a-car-accident\/\" \/>\n<meta property=\"og:site_name\" content=\"Slam Dunk Attorney | Injury Lawyers\" \/>\n<meta property=\"article:publisher\" content=\"https:\/\/www.facebook.com\/slamdunkattorneyinjurylawyers\/\" \/>\n<meta property=\"article:modified_time\" content=\"2025-02-25T09:54:44+00:00\" \/>\n<meta property=\"og:image\" content=\"https:\/\/slamdunkattorney.com\/wp-content\/uploads\/2025\/02\/what-is-the-average-settlement-for-broken-bone-injuries-from-a-car-accident.jpeg\" \/>\n\t<meta property=\"og:image:width\" content=\"1000\" \/>\n\t<meta property=\"og:image:height\" content=\"667\" \/>\n\t<meta property=\"og:image:type\" content=\"image\/jpeg\" \/>\n<meta name=\"twitter:card\" content=\"summary_large_image\" \/>\n<meta name=\"twitter:site\" content=\"@slamdunkattorney\" \/>\n<meta name=\"twitter:label1\" content=\"Est. reading time\" \/>\n\t<meta name=\"twitter:data1\" content=\"5 minutos\" \/>\n<script type=\"application\/ld+json\" class=\"yoast-schema-graph\">{\"@context\":\"https:\\\/\\\/schema.org\",\"@graph\":[{\"@type\":\"WebPage\",\"@id\":\"https:\\\/\\\/slamdunkattorney.com\\\/faqs\\\/what-is-the-average-settlement-for-broken-bone-injuries-from-a-car-accident\\\/\",\"url\":\"https:\\\/\\\/slamdunkattorney.com\\\/faqs\\\/what-is-the-average-settlement-for-broken-bone-injuries-from-a-car-accident\\\/\",\"name\":\"Average Settlement for Broken Bone Injuries in Car Accidents\",\"isPartOf\":{\"@id\":\"https:\\\/\\\/slamdunkattorney.com\\\/#website\"},\"primaryImageOfPage\":{\"@id\":\"https:\\\/\\\/slamdunkattorney.com\\\/faqs\\\/what-is-the-average-settlement-for-broken-bone-injuries-from-a-car-accident\\\/#primaryimage\"},\"image\":{\"@id\":\"https:\\\/\\\/slamdunkattorney.com\\\/faqs\\\/what-is-the-average-settlement-for-broken-bone-injuries-from-a-car-accident\\\/#primaryimage\"},\"thumbnailUrl\":\"https:\\\/\\\/slamdunkattorney.com\\\/wp-content\\\/uploads\\\/2025\\\/02\\\/what-is-the-average-settlement-for-broken-bone-injuries-from-a-car-accident.jpeg\",\"datePublished\":\"2025-02-25T00:54:25+00:00\",\"dateModified\":\"2025-02-25T09:54:44+00:00\",\"description\":\"Find out what the average settlement for broken bone injuries from a car accident is from the car accident lawyers at Slam Dunk Attorney.\",\"breadcrumb\":{\"@id\":\"https:\\\/\\\/slamdunkattorney.com\\\/faqs\\\/what-is-the-average-settlement-for-broken-bone-injuries-from-a-car-accident\\\/#breadcrumb\"},\"inLanguage\":\"es\",\"potentialAction\":[{\"@type\":\"ReadAction\",\"target\":[\"https:\\\/\\\/slamdunkattorney.com\\\/faqs\\\/what-is-the-average-settlement-for-broken-bone-injuries-from-a-car-accident\\\/\"]}]},{\"@type\":\"ImageObject\",\"inLanguage\":\"es\",\"@id\":\"https:\\\/\\\/slamdunkattorney.com\\\/faqs\\\/what-is-the-average-settlement-for-broken-bone-injuries-from-a-car-accident\\\/#primaryimage\",\"url\":\"https:\\\/\\\/slamdunkattorney.com\\\/wp-content\\\/uploads\\\/2025\\\/02\\\/what-is-the-average-settlement-for-broken-bone-injuries-from-a-car-accident.jpeg\",\"contentUrl\":\"https:\\\/\\\/slamdunkattorney.com\\\/wp-content\\\/uploads\\\/2025\\\/02\\\/what-is-the-average-settlement-for-broken-bone-injuries-from-a-car-accident.jpeg\",\"width\":1000,\"height\":667,\"caption\":\"A woman with a broken leg after a car accident.\"},{\"@type\":\"BreadcrumbList\",\"@id\":\"https:\\\/\\\/slamdunkattorney.com\\\/faqs\\\/what-is-the-average-settlement-for-broken-bone-injuries-from-a-car-accident\\\/#breadcrumb\",\"itemListElement\":[{\"@type\":\"ListItem\",\"position\":1,\"name\":\"Home\",\"item\":\"https:\\\/\\\/slamdunkattorney.com\\\/\"},{\"@type\":\"ListItem\",\"position\":2,\"name\":\"FAQs\",\"item\":\"https:\\\/\\\/slamdunkattorney.com\\\/faqs\\\/\"},{\"@type\":\"ListItem\",\"position\":3,\"name\":\"What Is the Average Settlement for Broken Bone Injuries from a Car Accident?\"}]},{\"@type\":\"WebSite\",\"@id\":\"https:\\\/\\\/slamdunkattorney.com\\\/#website\",\"url\":\"https:\\\/\\\/slamdunkattorney.com\\\/\",\"name\":\"Slam Dunk Attorney | Injury Lawyers\",\"description\":\"Duluth Personal Injury Lawyers\",\"publisher\":{\"@id\":\"https:\\\/\\\/slamdunkattorney.com\\\/#organization\"},\"alternateName\":\"Slam Dunk Attorney\",\"inLanguage\":\"es\"},{\"@type\":\"Organization\",\"@id\":\"https:\\\/\\\/slamdunkattorney.com\\\/#organization\",\"name\":\"Slam Dunk Attorney\",\"alternateName\":\"Slam Dunk\",\"url\":\"https:\\\/\\\/slamdunkattorney.com\\\/\",\"logo\":{\"@type\":\"ImageObject\",\"inLanguage\":\"es\",\"@id\":\"https:\\\/\\\/slamdunkattorney.com\\\/#\\\/schema\\\/logo\\\/image\\\/\",\"url\":\"https:\\\/\\\/slamdunkattorney.com\\\/wp-content\\\/uploads\\\/2023\\\/05\\\/cropped-Logo.png\",\"contentUrl\":\"https:\\\/\\\/slamdunkattorney.com\\\/wp-content\\\/uploads\\\/2023\\\/05\\\/cropped-Logo.png\",\"width\":1080,\"height\":240,\"caption\":\"Slam Dunk Attorney\"},\"image\":{\"@id\":\"https:\\\/\\\/slamdunkattorney.com\\\/#\\\/schema\\\/logo\\\/image\\\/\"},\"sameAs\":[\"https:\\\/\\\/www.facebook.com\\\/slamdunkattorneyinjurylawyers\\\/\",\"https:\\\/\\\/x.com\\\/slamdunkattorney\",\"https:\\\/\\\/www.instagram.com\\\/slamdunkattorney\\\/\",\"https:\\\/\\\/www.youtube.com\\\/channel\\\/UCSrOiC7vOjlCi3UgtIVGNtw\",\"https:\\\/\\\/www.linkedin.com\\\/company\\\/slamdunkattorneyinjurylawyers\"]}]}<\/script>\n<!-- \/ Yoast SEO plugin. -->","yoast_head_json":{"title":"Average Settlement for Broken Bone Injuries in Car Accidents","description":"Find out what the average settlement for broken bone injuries from a car accident is from the car accident lawyers at Slam Dunk Attorney.","robots":{"index":"index","follow":"follow","max-snippet":"max-snippet:-1","max-image-preview":"max-image-preview:large","max-video-preview":"max-video-preview:-1"},"canonical":"https:\/\/slamdunkattorney.com\/es\/faqs\/what-is-the-average-settlement-for-broken-bone-injuries-from-a-car-accident\/","og_locale":"es_MX","og_type":"article","og_title":"Average Settlement for Broken Bone Injuries in Car Accidents","og_description":"Find out what the average settlement for broken bone injuries from a car accident is from the car accident lawyers at Slam Dunk Attorney.","og_url":"https:\/\/slamdunkattorney.com\/es\/faqs\/what-is-the-average-settlement-for-broken-bone-injuries-from-a-car-accident\/","og_site_name":"Slam Dunk Attorney | Injury Lawyers","article_publisher":"https:\/\/www.facebook.com\/slamdunkattorneyinjurylawyers\/","article_modified_time":"2025-02-25T09:54:44+00:00","og_image":[{"width":1000,"height":667,"url":"https:\/\/slamdunkattorney.com\/wp-content\/uploads\/2025\/02\/what-is-the-average-settlement-for-broken-bone-injuries-from-a-car-accident.jpeg","type":"image\/jpeg"}],"twitter_card":"summary_large_image","twitter_site":"@slamdunkattorney","twitter_misc":{"Est. reading time":"5 minutos"},"schema":{"@context":"https:\/\/schema.org","@graph":[{"@type":"WebPage","@id":"https:\/\/slamdunkattorney.com\/faqs\/what-is-the-average-settlement-for-broken-bone-injuries-from-a-car-accident\/","url":"https:\/\/slamdunkattorney.com\/faqs\/what-is-the-average-settlement-for-broken-bone-injuries-from-a-car-accident\/","name":"Average Settlement for Broken Bone Injuries in Car Accidents","isPartOf":{"@id":"https:\/\/slamdunkattorney.com\/#website"},"primaryImageOfPage":{"@id":"https:\/\/slamdunkattorney.com\/faqs\/what-is-the-average-settlement-for-broken-bone-injuries-from-a-car-accident\/#primaryimage"},"image":{"@id":"https:\/\/slamdunkattorney.com\/faqs\/what-is-the-average-settlement-for-broken-bone-injuries-from-a-car-accident\/#primaryimage"},"thumbnailUrl":"https:\/\/slamdunkattorney.com\/wp-content\/uploads\/2025\/02\/what-is-the-average-settlement-for-broken-bone-injuries-from-a-car-accident.jpeg","datePublished":"2025-02-25T00:54:25+00:00","dateModified":"2025-02-25T09:54:44+00:00","description":"Find out what the average settlement for broken bone injuries from a car accident is from the car accident lawyers at Slam Dunk Attorney.","breadcrumb":{"@id":"https:\/\/slamdunkattorney.com\/faqs\/what-is-the-average-settlement-for-broken-bone-injuries-from-a-car-accident\/#breadcrumb"},"inLanguage":"es","potentialAction":[{"@type":"ReadAction","target":["https:\/\/slamdunkattorney.com\/faqs\/what-is-the-average-settlement-for-broken-bone-injuries-from-a-car-accident\/"]}]},{"@type":"ImageObject","inLanguage":"es","@id":"https:\/\/slamdunkattorney.com\/faqs\/what-is-the-average-settlement-for-broken-bone-injuries-from-a-car-accident\/#primaryimage","url":"https:\/\/slamdunkattorney.com\/wp-content\/uploads\/2025\/02\/what-is-the-average-settlement-for-broken-bone-injuries-from-a-car-accident.jpeg","contentUrl":"https:\/\/slamdunkattorney.com\/wp-content\/uploads\/2025\/02\/what-is-the-average-settlement-for-broken-bone-injuries-from-a-car-accident.jpeg","width":1000,"height":667,"caption":"A woman with a broken leg after a car accident."},{"@type":"BreadcrumbList","@id":"https:\/\/slamdunkattorney.com\/faqs\/what-is-the-average-settlement-for-broken-bone-injuries-from-a-car-accident\/#breadcrumb","itemListElement":[{"@type":"ListItem","position":1,"name":"Home","item":"https:\/\/slamdunkattorney.com\/"},{"@type":"ListItem","position":2,"name":"FAQs","item":"https:\/\/slamdunkattorney.com\/faqs\/"},{"@type":"ListItem","position":3,"name":"What Is the Average Settlement for Broken Bone Injuries from a Car Accident?"}]},{"@type":"WebSite","@id":"https:\/\/slamdunkattorney.com\/#website","url":"https:\/\/slamdunkattorney.com\/","name":"Abogado experto en lesiones | Abogados especializados en lesiones","description":"Abogados de lesiones personales en Duluth","publisher":{"@id":"https:\/\/slamdunkattorney.com\/#organization"},"alternateName":"Slam Dunk Attorney","inLanguage":"es"},{"@type":"Organization","@id":"https:\/\/slamdunkattorney.com\/#organization","name":"Abogado Slam Dunk","alternateName":"Slam Dunk","url":"https:\/\/slamdunkattorney.com\/","logo":{"@type":"ImageObject","inLanguage":"es","@id":"https:\/\/slamdunkattorney.com\/#\/schema\/logo\/image\/","url":"https:\/\/slamdunkattorney.com\/wp-content\/uploads\/2023\/05\/cropped-Logo.png","contentUrl":"https:\/\/slamdunkattorney.com\/wp-content\/uploads\/2023\/05\/cropped-Logo.png","width":1080,"height":240,"caption":"Slam Dunk Attorney"},"image":{"@id":"https:\/\/slamdunkattorney.com\/#\/schema\/logo\/image\/"},"sameAs":["https:\/\/www.facebook.com\/slamdunkattorneyinjurylawyers\/","https:\/\/x.com\/slamdunkattorney","https:\/\/www.instagram.com\/slamdunkattorney\/","https:\/\/www.youtube.com\/channel\/UCSrOiC7vOjlCi3UgtIVGNtw","https:\/\/www.linkedin.com\/company\/slamdunkattorneyinjurylawyers"]}]}},"yoast_meta":{"yoast_wpseo_title":"","yoast_wpseo_metadesc":"","yoast_wpseo_canonical":"https:\/\/slamdunkattorney.com\/es\/wp-json\/wp\/v2\/pages\/16538"},"_links":{"self":[{"href":"https:\/\/slamdunkattorney.com\/es\/wp-json\/wp\/v2\/pages\/16538","targetHints":{"allow":["GET"]}}],"collection":[{"href":"https:\/\/slamdunkattorney.com\/es\/wp-json\/wp\/v2\/pages"}],"about":[{"href":"https:\/\/slamdunkattorney.com\/es\/wp-json\/wp\/v2\/types\/page"}],"author":[{"embeddable":true,"href":"https:\/\/slamdunkattorney.com\/es\/wp-json\/wp\/v2\/users\/2"}],"replies":[{"embeddable":true,"href":"https:\/\/slamdunkattorney.com\/es\/wp-json\/wp\/v2\/comments?post=16538"}],"version-history":[{"count":0,"href":"https:\/\/slamdunkattorney.com\/es\/wp-json\/wp\/v2\/pages\/16538\/revisions"}],"up":[{"embeddable":true,"href":"https:\/\/slamdunkattorney.com\/es\/wp-json\/wp\/v2\/pages\/5902"}],"wp:featuredmedia":[{"embeddable":true,"href":"https:\/\/slamdunkattorney.com\/es\/wp-json\/wp\/v2\/media\/16539"}],"wp:attachment":[{"href":"https:\/\/slamdunkattorney.com\/es\/wp-json\/wp\/v2\/media?parent=16538"}],"wp:term":[{"taxonomy":"extra-categories","embeddable":true,"href":"https:\/\/slamdunkattorney.com\/es\/wp-json\/wp\/v2\/extra-categories?post=16538"},{"taxonomy":"hc_faqs","embeddable":true,"href":"https:\/\/slamdunkattorney.com\/es\/wp-json\/wp\/v2\/hc_faqs?post=16538"}],"curies":[{"name":"wp","href":"https:\/\/api.w.org\/{rel}","templated":true}]}}