{"id":16534,"date":"2025-02-25T00:48:26","date_gmt":"2025-02-25T00:48:26","guid":{"rendered":"https:\/\/slamdunk.wpenginepowered.com\/?page_id=16534"},"modified":"2026-04-03T13:21:45","modified_gmt":"2026-04-03T13:21:45","slug":"how-do-adjusters-determine-who-is-at-fault-in-a-car-accident","status":"publish","type":"page","link":"https:\/\/slamdunkattorney.com\/es\/faqs\/how-do-adjusters-determine-who-is-at-fault-in-a-car-accident\/","title":{"rendered":"\u00bfC\u00f3mo determinan los peritos qui\u00e9n es el culpable de un accidente automovil\u00edstico?"},"content":{"rendered":"<p><span style=\"font-weight: 400;\">\u00bfC\u00f3mo determinan los peritos qui\u00e9n es el culpable de un accidente automovil\u00edstico? Puede esperar que los peritos: <\/span><b>Revisar minuciosamente todas las pruebas para decidir qui\u00e9n caus\u00f3 el accidente.<\/b>.<\/p>\n<p><span style=\"font-weight: 400;\">Esta determinaci\u00f3n puede afectar la cantidad que usted puede recuperar, por lo que es importante contratar a un <\/span><a href=\"https:\/\/slamdunkattorney.com\/es\/duluth\/car-accident-lawyer\/\"><span style=\"font-weight: 400;\">Abogado especializado en accidentes automovil\u00edsticos en Duluth<\/span><\/a><span style=\"font-weight: 400;\"> para representarlo y garantizar un resultado favorable para usted.&nbsp;<\/span><\/p>\n<h2><span style=\"font-weight: 400;\">Prot\u00e9jase a s\u00ed mismo y al resultado de su reclamaci\u00f3n<\/span><\/h2>\n<p><span style=\"font-weight: 400;\">Al presentar una reclamaci\u00f3n por accidente automovil\u00edstico despu\u00e9s de un accidente, los ajustadores de seguros revisar\u00e1n el accidente. Su evaluaci\u00f3n tiene un peso significativo, por lo que es importante asegurarse de estar protegido y preparado para el proceso de reclamaci\u00f3n. Por lo tanto, es importante saber qu\u00e9 hacer. <\/span><a href=\"https:\/\/slamdunkattorney.com\/es\/faqs\/steps-after-auto-accident\/\"><span style=\"font-weight: 400;\">despu\u00e9s de un accidente automovil\u00edstico<\/span><\/a><span style=\"font-weight: 400;\"> puede preparar su caso para el \u00e9xito y debe incluir los siguientes pasos:<\/span><\/p>\n<ul>\n<li style=\"font-weight: 400;\" aria-level=\"1\"><span style=\"font-weight: 400;\">Recibir atenci\u00f3n m\u00e9dica<\/span><\/li>\n<li style=\"font-weight: 400;\" aria-level=\"1\"><span style=\"font-weight: 400;\">Proteja la escena y su seguridad.<\/span><\/li>\n<li style=\"font-weight: 400;\" aria-level=\"1\"><span style=\"font-weight: 400;\">Intercambio de informaci\u00f3n<\/span><\/li>\n<li style=\"font-weight: 400;\" aria-level=\"1\"><span style=\"font-weight: 400;\">Presentar una denuncia policial.<\/span><\/li>\n<li style=\"font-weight: 400;\" aria-level=\"1\"><span style=\"font-weight: 400;\">Tome fotos y videos de la escena.<\/span><\/li>\n<li style=\"font-weight: 400;\" aria-level=\"1\"><span style=\"font-weight: 400;\">Contrata a un abogado especializado en accidentes automovil\u00edsticos.<\/span><\/li>\n<li style=\"font-weight: 400;\" aria-level=\"1\"><span style=\"font-weight: 400;\">Comun\u00edquese con la compa\u00f1\u00eda de seguros.<\/span><\/li>\n<\/ul>\n<p><span style=\"font-weight: 400;\">Rechazar o no seguir alguno de los pasos anteriores puede perjudicar su reclamaci\u00f3n, as\u00ed que aseg\u00farese de seguir cada paso lo mejor que pueda. Esta informaci\u00f3n garantiza que tenga pruebas suficientes para respaldar su reclamaci\u00f3n y puede ayudar al ajustador de seguros a realizar una evaluaci\u00f3n m\u00e1s precisa. Un abogado tambi\u00e9n puede ayudarle a obtener la indemnizaci\u00f3n m\u00e1xima a la que tiene derecho.&nbsp;<\/span><\/p>\n\n<div class=\"cta-container row align-items-center\">\n    <div class=\"col-md-7\">\n        <p class=\"cta-text rs-content-cta\">Orgullosos de servir a Duluth y a todo Georgia <span>\u00a1Cont\u00e1ctenos para comenzar su recuperaci\u00f3n!<\/span> <a href=\"https:\/\/slamdunkattorney.com\/es\/\">Explore nuestras \u00e1reas de pr\u00e1ctica<\/a><\/p>\n    <\/div>\n    <div class=\"col-md-5\">\n        <img decoding=\"async\" src=\"https:\/\/slamdunkattorney.com\/wp-content\/themes\/slam-dunk-rebuild\/assets\/app\/img\/map-cta.jpg\" alt=\"Legal Consultation\" class=\"img-fluid\"\/>\n    <\/div>\n<\/div><h2><span style=\"font-weight: 400;\">C\u00f3mo determinan los ajustadores de seguros qui\u00e9n es el culpable<\/span><\/h2>\n<p><span style=\"font-weight: 400;\">Antes de que una compa\u00f1\u00eda de seguros emita un acuerdo por sus lesiones y da\u00f1os, primero debe investigar y <\/span><a href=\"https:\/\/www.allstate.com\/resources\/car-insurance\/determining-fault-after-car-accident#:~:text=The%20adjuster%20will%20gather%20details,at%20fault%20for%20the%20accident\" target=\"_blank\" rel=\"noopener\"><span style=\"font-weight: 400;\">Entender qui\u00e9n tiene la culpa en un accidente automovil\u00edstico.<\/span><\/a><span style=\"font-weight: 400;\">. Para ello, examinar\u00e1n todas las pruebas disponibles para determinar qu\u00e9 factores contribuyeron al accidente y c\u00f3mo se desarroll\u00f3 el suceso. Entre la documentaci\u00f3n que un perito de seguros suele buscar y revisar se incluye:<\/span><\/p>\n<ul>\n<li style=\"font-weight: 400;\" aria-level=\"1\"><span style=\"font-weight: 400;\">Informe policial<\/span><\/li>\n<li style=\"font-weight: 400;\" aria-level=\"1\"><span style=\"font-weight: 400;\">Fotos<\/span><\/li>\n<li style=\"font-weight: 400;\" aria-level=\"1\"><span style=\"font-weight: 400;\">Declaraciones de los testigos<\/span><\/li>\n<li style=\"font-weight: 400;\" aria-level=\"1\"><span style=\"font-weight: 400;\">Entrevistas con las personas que chocaron<\/span><\/li>\n<\/ul>\n<p><span style=\"font-weight: 400;\">Cada prueba contribuye a crear una imagen de lo sucedido y proporciona informaci\u00f3n valiosa que puede utilizarse para determinar la culpa. Un perito tambi\u00e9n evaluar\u00e1 qu\u00e9 otros factores podr\u00edan haber contribuido al accidente. Una vez que hayan terminado de revisar su reclamaci\u00f3n, sus conclusiones se comunicar\u00e1n a la aseguradora, se tomar\u00e1 una decisi\u00f3n y se le notificar\u00e1.&nbsp;<\/span><\/p>\n<h2><span style=\"font-weight: 400;\">El papel de la negligencia en la determinaci\u00f3n de la culpa<\/span><\/h2>\n<p><span style=\"font-weight: 400;\">A la hora de determinar la culpa en un accidente automovil\u00edstico, se examina detenidamente la negligencia. Esto demuestra que una de las partes ten\u00eda la responsabilidad de evitar da\u00f1os, no cumpli\u00f3 con su responsabilidad y, como resultado, caus\u00f3 da\u00f1os y lesiones. Por lo general, la parte negligente es responsable de pagar los da\u00f1os y perjuicios de la v\u00edctima como forma de restituci\u00f3n.&nbsp;&nbsp;<\/span><\/p>\n<p><span style=\"font-weight: 400;\">Dependiendo de la situaci\u00f3n, es posible que puedas recuperarte. <\/span><a href=\"https:\/\/slamdunkattorney.com\/es\/faqs\/compensation-for-a-car-accident-that-was-partially-my-fault\/\"><span style=\"font-weight: 400;\">indemnizaci\u00f3n por accidentes automovil\u00edsticos con culpa parcial<\/span><\/a><span style=\"font-weight: 400;\"> ya que Georgia utiliza un enfoque de culpa comparativa modificada. Dado que se eval\u00faa el grado de contribuci\u00f3n de cada parte y se le asigna un porcentaje, quienes hayan contribuido a un accidente pueden seguir reclamando una indemnizaci\u00f3n por da\u00f1os y perjuicios, pero la cuant\u00eda se reducir\u00e1 en proporci\u00f3n a su culpa. Sin embargo, cualquier parte <\/span><b>m\u00e1s de 50<\/b>%<b> culpable del accidente <\/b><span style=\"font-weight: 400;\">se le proh\u00edbe recuperar cualquier compensaci\u00f3n.&nbsp;&nbsp;<\/span><\/p>\n<p><span style=\"font-weight: 400;\">Cuando contrata a un abogado, este puede ayudarle a garantizar que solo sea responsable de una culpa m\u00ednima o nula, para que pueda recuperar todo lo que su situaci\u00f3n le permita. Tambi\u00e9n puede ayudarle a demostrar la negligencia de la otra parte y determinar qui\u00e9n es el culpable de un accidente automovil\u00edstico. Adem\u00e1s, exigir\u00e1 que la oferta de acuerdo sea justa y refleje el valor de las p\u00e9rdidas que ha sufrido como consecuencia de la negligencia de la otra parte.&nbsp;<\/span><\/p>\n\n<div class=\"cta-container row align-items-center\">\n    <div class=\"col-md-7\">\n        <p class=\"cta-text rs-content-cta\"><a class=\"no-btn\" href=\"https:\/\/slamdunkattorney.com\/es\/contact-us\/\">Haga clic para contactar<\/a> nuestros abogados especializados en lesiones personales hoy mismo<\/p>\n    <\/div>\n    <div class=\"col-md-5\">\n        <img decoding=\"async\" src=\"https:\/\/slamdunkattorney.com\/wp-content\/themes\/slam-dunk-rebuild\/assets\/app\/img\/map-cta.jpg\" alt=\"Contact Us\" class=\"img-fluid\"\/>\n    <\/div>\n<\/div><h2><span style=\"font-weight: 400;\">C\u00f3mo un abogado puede ayudarle con su caso<\/span><\/h2>\n<p><span style=\"font-weight: 400;\">No es raro preguntarse si es<\/span> <a href=\"https:\/\/slamdunkattorney.com\/es\/faqs\/is-it-worth-getting-a-lawyer-for-a-car-accident\/\"><span style=\"font-weight: 400;\">Vale la pena contratar a un abogado por un accidente automovil\u00edstico.<\/span><\/a><span style=\"font-weight: 400;\">, especialmente si solo va a presentar una reclamaci\u00f3n a la compa\u00f1\u00eda de seguros. Sin embargo, las compa\u00f1\u00edas de seguros suelen intentar pagarle lo menos posible, y un abogado puede hablar en su nombre para que no se aprovechen de usted. Tambi\u00e9n se asegurar\u00e1n de que la compa\u00f1\u00eda de seguros no intente rechazar su reclamaci\u00f3n por un tecnicismo.&nbsp;<\/span><\/p>\n<p><span style=\"font-weight: 400;\">Adem\u00e1s, hay ocasiones en las que la cobertura del seguro de la otra parte puede no ser suficiente para cubrir sus p\u00e9rdidas. Cuando esto ocurre, es posible que pueda presentar una demanda por da\u00f1os personales. Un abogado puede guiarle a lo largo de este proceso y ayudarle a cumplir los distintos requisitos.<\/span><\/p>\n<p><span style=\"font-weight: 400;\">Un abogado se tomar\u00e1 el tiempo necesario para escucharte cuando acepte tu caso y determinar\u00e1 el curso de acci\u00f3n m\u00e1s eficaz para tu situaci\u00f3n espec\u00edfica. Tambi\u00e9n investigar\u00e1 el accidente para asegurarse de que tiene toda la informaci\u00f3n necesaria para conseguir los resultados que necesitas para poder recuperarte. Independientemente de tus necesidades, tu abogado proteger\u00e1 tus derechos y ser\u00e1 tu aliado en todo momento.&nbsp;<\/span><\/p>\n<h3><span style=\"font-weight: 400;\">Estatuto de limitaciones para reclamaciones por accidentes automovil\u00edsticos&nbsp;<\/span><\/h3>\n<p><span style=\"font-weight: 400;\">Cualquier persona que desee presentar una reclamaci\u00f3n por accidente automovil\u00edstico debe tener en cuenta que hay un plazo limitado para hacerlo. Seg\u00fan <\/span><span style=\"font-weight: 400;\">C\u00f3digo de Georgia \u00a7 9-3-33<\/span><span style=\"font-weight: 400;\">, Los demandantes tienen dos a\u00f1os desde el momento del accidente para emprender acciones legales. Es probable que se proh\u00edban los intentos de presentar una demanda una vez que haya expirado el plazo de prescripci\u00f3n.&nbsp;<\/span><\/p>\n<p><span style=\"font-weight: 400;\">Su abogado puede verificar el tiempo restante disponible cuando revise su caso. Es importante tener en cuenta que esperar demasiado tiempo para presentar la demanda puede perjudicar sus posibilidades de obtener un resultado favorable. La solidez de un caso puede debilitarse con el tiempo, por lo que cuanto antes tome medidas, mejor.&nbsp;<\/span><\/p>\n\n<div class=\"cta-container map-bg row align-items-center flex-md-row-reverse\">\n    <div class=\"col-md-6\">\n        <p class=\"cta-text rs-content-cta\">Completa un <a href=\"https:\/\/slamdunkattorney.com\/es\/contact-us\/\">Formulario de evaluaci\u00f3n gratuita de su caso<\/a> ahora<\/p>\n    <\/div>\n    <div class=\"col-md-6 col-bg\">\n    <\/div>\n<\/div><h2><span style=\"font-weight: 400;\">El abogado Slam Dunk le garantiza los mejores resultados<\/span><\/h2>\n<p><span style=\"font-weight: 400;\">Slam Dunk Attorney sabe que puede ser estresante esperar a que los ajustadores de seguros determinen qui\u00e9n tiene la culpa en un accidente automovil\u00edstico y cu\u00e1nta indemnizaci\u00f3n podr\u00eda recibir. Para garantizar que reciba la cantidad m\u00e1xima, un abogado con experiencia en accidentes automovil\u00edsticos puede defenderlo y negociar con la compa\u00f1\u00eda de seguros en su nombre.&nbsp;<\/span><\/p>\n<p><b>Programa hoy mismo tu consulta gratuita con Slam Dunk Attorney. <\/b><span style=\"font-weight: 400;\">y obtenga m\u00e1s informaci\u00f3n sobre c\u00f3mo nuestro equipo puede ayudarle a recuperarse.<\/span><\/p>\n\n<div class=\"cta-container row align-items-center\">\n    <div class=\"col-md-7\">\n        <p class=\"cta-text rs-content-cta\">Llame o env\u00ede un mensaje de texto <a class=\"no-btn\" href=\"tel:+14049513513\">404-951-3513<\/a> o completar un <a href=\"https:\/\/slamdunkattorney.com\/es\/contact-us\/\">Formulario de evaluaci\u00f3n gratuita de su caso<\/a><\/p>\n    <\/div>\n    <div class=\"col-md-5\">\n        <img decoding=\"async\" src=\"https:\/\/slamdunkattorney.com\/wp-content\/themes\/slam-dunk-rebuild\/assets\/app\/img\/map-cta.jpg\" alt=\"Call or Text\" class=\"img-fluid\"\/>\n    <\/div>\n<\/div>","protected":false},"excerpt":{"rendered":"<p>How do adjusters determine who is at fault in a car accident? You can expect adjusters to thoroughly review all of the evidence to decide who caused the accident. This determination can impact how much you may be able to recover, so it is important to hire a Duluth car accident lawyer to represent you &#8230;<\/p>","protected":false},"author":2,"featured_media":40051,"parent":5902,"menu_order":0,"comment_status":"closed","ping_status":"closed","template":"","meta":{"_acf_changed":false,"_genesis_hide_title":false,"_genesis_hide_breadcrumbs":false,"_genesis_hide_singular_image":false,"_genesis_hide_footer_widgets":false,"_genesis_custom_body_class":"","_genesis_custom_post_class":"","_genesis_layout":"","ngg_post_thumbnail":0,"footnotes":""},"extra-categories":[],"hc_faqs":[41],"class_list":{"0":"post-16534","1":"page","2":"type-page","3":"status-publish","4":"has-post-thumbnail","6":"hc_faqs-car-accident","7":"entry"},"acf":[],"yoast_head":"<!-- This site is optimized with the Yoast SEO plugin v27.4 - https:\/\/yoast.com\/product\/yoast-seo-wordpress\/ -->\n<title>How Adjusters Determine Who is At-Fault in a Car Accident<\/title>\n<meta name=\"description\" content=\"Find out how insurance adjusters determine who is at fault in a car accident from the personal injury lawyers at Slam Dunk Attorney.\" \/>\n<meta name=\"robots\" content=\"index, follow, max-snippet:-1, max-image-preview:large, max-video-preview:-1\" \/>\n<link rel=\"canonical\" href=\"https:\/\/slamdunkattorney.com\/es\/faqs\/how-do-adjusters-determine-who-is-at-fault-in-a-car-accident\/\" \/>\n<meta property=\"og:locale\" content=\"es_MX\" \/>\n<meta property=\"og:type\" content=\"article\" \/>\n<meta property=\"og:title\" content=\"How Adjusters Determine Who is At-Fault in a Car Accident\" \/>\n<meta property=\"og:description\" content=\"Find out how insurance adjusters determine who is at fault in a car accident from the personal injury lawyers at Slam Dunk Attorney.\" \/>\n<meta property=\"og:url\" content=\"https:\/\/slamdunkattorney.com\/es\/faqs\/how-do-adjusters-determine-who-is-at-fault-in-a-car-accident\/\" \/>\n<meta property=\"og:site_name\" content=\"Slam Dunk Attorney | Injury Lawyers\" \/>\n<meta property=\"article:publisher\" content=\"https:\/\/www.facebook.com\/slamdunkattorneyinjurylawyers\/\" \/>\n<meta property=\"article:modified_time\" content=\"2026-04-03T13:21:45+00:00\" \/>\n<meta property=\"og:image\" content=\"https:\/\/slamdunkattorney.com\/wp-content\/uploads\/2026\/04\/how-do-insurance-adjusters-determine-who-is-at-fault-in-a-car-accident-new.jpg\" \/>\n\t<meta property=\"og:image:width\" content=\"1253\" \/>\n\t<meta property=\"og:image:height\" content=\"836\" \/>\n\t<meta property=\"og:image:type\" content=\"image\/jpeg\" \/>\n<meta name=\"twitter:card\" content=\"summary_large_image\" \/>\n<meta name=\"twitter:site\" content=\"@slamdunkattorney\" \/>\n<meta name=\"twitter:label1\" content=\"Est. reading time\" \/>\n\t<meta name=\"twitter:data1\" content=\"5 minutos\" \/>\n<script type=\"application\/ld+json\" class=\"yoast-schema-graph\">{\"@context\":\"https:\\\/\\\/schema.org\",\"@graph\":[{\"@type\":\"WebPage\",\"@id\":\"https:\\\/\\\/slamdunkattorney.com\\\/faqs\\\/how-do-adjusters-determine-who-is-at-fault-in-a-car-accident\\\/\",\"url\":\"https:\\\/\\\/slamdunkattorney.com\\\/faqs\\\/how-do-adjusters-determine-who-is-at-fault-in-a-car-accident\\\/\",\"name\":\"How Adjusters Determine Who is At-Fault in a Car Accident\",\"isPartOf\":{\"@id\":\"https:\\\/\\\/slamdunkattorney.com\\\/#website\"},\"primaryImageOfPage\":{\"@id\":\"https:\\\/\\\/slamdunkattorney.com\\\/faqs\\\/how-do-adjusters-determine-who-is-at-fault-in-a-car-accident\\\/#primaryimage\"},\"image\":{\"@id\":\"https:\\\/\\\/slamdunkattorney.com\\\/faqs\\\/how-do-adjusters-determine-who-is-at-fault-in-a-car-accident\\\/#primaryimage\"},\"thumbnailUrl\":\"https:\\\/\\\/slamdunkattorney.com\\\/wp-content\\\/uploads\\\/2026\\\/04\\\/how-do-insurance-adjusters-determine-who-is-at-fault-in-a-car-accident-new.jpg\",\"datePublished\":\"2025-02-25T00:48:26+00:00\",\"dateModified\":\"2026-04-03T13:21:45+00:00\",\"description\":\"Find out how insurance adjusters determine who is at fault in a car accident from the personal injury lawyers at Slam Dunk Attorney.\",\"breadcrumb\":{\"@id\":\"https:\\\/\\\/slamdunkattorney.com\\\/faqs\\\/how-do-adjusters-determine-who-is-at-fault-in-a-car-accident\\\/#breadcrumb\"},\"inLanguage\":\"es\",\"potentialAction\":[{\"@type\":\"ReadAction\",\"target\":[\"https:\\\/\\\/slamdunkattorney.com\\\/faqs\\\/how-do-adjusters-determine-who-is-at-fault-in-a-car-accident\\\/\"]}]},{\"@type\":\"ImageObject\",\"inLanguage\":\"es\",\"@id\":\"https:\\\/\\\/slamdunkattorney.com\\\/faqs\\\/how-do-adjusters-determine-who-is-at-fault-in-a-car-accident\\\/#primaryimage\",\"url\":\"https:\\\/\\\/slamdunkattorney.com\\\/wp-content\\\/uploads\\\/2026\\\/04\\\/how-do-insurance-adjusters-determine-who-is-at-fault-in-a-car-accident-new.jpg\",\"contentUrl\":\"https:\\\/\\\/slamdunkattorney.com\\\/wp-content\\\/uploads\\\/2026\\\/04\\\/how-do-insurance-adjusters-determine-who-is-at-fault-in-a-car-accident-new.jpg\",\"width\":1253,\"height\":836,\"caption\":\"how do insurance adjusters determine who is at fault in a car accident\"},{\"@type\":\"BreadcrumbList\",\"@id\":\"https:\\\/\\\/slamdunkattorney.com\\\/faqs\\\/how-do-adjusters-determine-who-is-at-fault-in-a-car-accident\\\/#breadcrumb\",\"itemListElement\":[{\"@type\":\"ListItem\",\"position\":1,\"name\":\"Home\",\"item\":\"https:\\\/\\\/slamdunkattorney.com\\\/\"},{\"@type\":\"ListItem\",\"position\":2,\"name\":\"FAQs\",\"item\":\"https:\\\/\\\/slamdunkattorney.com\\\/faqs\\\/\"},{\"@type\":\"ListItem\",\"position\":3,\"name\":\"How Do Adjusters Determine Who is At Fault in a Car Accident?\"}]},{\"@type\":\"WebSite\",\"@id\":\"https:\\\/\\\/slamdunkattorney.com\\\/#website\",\"url\":\"https:\\\/\\\/slamdunkattorney.com\\\/\",\"name\":\"Slam Dunk Attorney | Injury Lawyers\",\"description\":\"Duluth Personal Injury Lawyers\",\"publisher\":{\"@id\":\"https:\\\/\\\/slamdunkattorney.com\\\/#organization\"},\"alternateName\":\"Slam Dunk Attorney\",\"inLanguage\":\"es\"},{\"@type\":\"Organization\",\"@id\":\"https:\\\/\\\/slamdunkattorney.com\\\/#organization\",\"name\":\"Slam Dunk Attorney\",\"alternateName\":\"Slam Dunk\",\"url\":\"https:\\\/\\\/slamdunkattorney.com\\\/\",\"logo\":{\"@type\":\"ImageObject\",\"inLanguage\":\"es\",\"@id\":\"https:\\\/\\\/slamdunkattorney.com\\\/#\\\/schema\\\/logo\\\/image\\\/\",\"url\":\"https:\\\/\\\/slamdunkattorney.com\\\/wp-content\\\/uploads\\\/2023\\\/05\\\/cropped-Logo.png\",\"contentUrl\":\"https:\\\/\\\/slamdunkattorney.com\\\/wp-content\\\/uploads\\\/2023\\\/05\\\/cropped-Logo.png\",\"width\":1080,\"height\":240,\"caption\":\"Slam Dunk Attorney\"},\"image\":{\"@id\":\"https:\\\/\\\/slamdunkattorney.com\\\/#\\\/schema\\\/logo\\\/image\\\/\"},\"sameAs\":[\"https:\\\/\\\/www.facebook.com\\\/slamdunkattorneyinjurylawyers\\\/\",\"https:\\\/\\\/x.com\\\/slamdunkattorney\",\"https:\\\/\\\/www.instagram.com\\\/slamdunkattorney\\\/\",\"https:\\\/\\\/www.youtube.com\\\/channel\\\/UCSrOiC7vOjlCi3UgtIVGNtw\",\"https:\\\/\\\/www.linkedin.com\\\/company\\\/slamdunkattorneyinjurylawyers\"]}]}<\/script>\n<!-- \/ Yoast SEO plugin. -->","yoast_head_json":{"title":"How Adjusters Determine Who is At-Fault in a Car Accident","description":"Find out how insurance adjusters determine who is at fault in a car accident from the personal injury lawyers at Slam Dunk Attorney.","robots":{"index":"index","follow":"follow","max-snippet":"max-snippet:-1","max-image-preview":"max-image-preview:large","max-video-preview":"max-video-preview:-1"},"canonical":"https:\/\/slamdunkattorney.com\/es\/faqs\/how-do-adjusters-determine-who-is-at-fault-in-a-car-accident\/","og_locale":"es_MX","og_type":"article","og_title":"How Adjusters Determine Who is At-Fault in a Car Accident","og_description":"Find out how insurance adjusters determine who is at fault in a car accident from the personal injury lawyers at Slam Dunk Attorney.","og_url":"https:\/\/slamdunkattorney.com\/es\/faqs\/how-do-adjusters-determine-who-is-at-fault-in-a-car-accident\/","og_site_name":"Slam Dunk Attorney | Injury Lawyers","article_publisher":"https:\/\/www.facebook.com\/slamdunkattorneyinjurylawyers\/","article_modified_time":"2026-04-03T13:21:45+00:00","og_image":[{"width":1253,"height":836,"url":"https:\/\/slamdunkattorney.com\/wp-content\/uploads\/2026\/04\/how-do-insurance-adjusters-determine-who-is-at-fault-in-a-car-accident-new.jpg","type":"image\/jpeg"}],"twitter_card":"summary_large_image","twitter_site":"@slamdunkattorney","twitter_misc":{"Est. reading time":"5 minutos"},"schema":{"@context":"https:\/\/schema.org","@graph":[{"@type":"WebPage","@id":"https:\/\/slamdunkattorney.com\/faqs\/how-do-adjusters-determine-who-is-at-fault-in-a-car-accident\/","url":"https:\/\/slamdunkattorney.com\/faqs\/how-do-adjusters-determine-who-is-at-fault-in-a-car-accident\/","name":"How Adjusters Determine Who is At-Fault in a Car Accident","isPartOf":{"@id":"https:\/\/slamdunkattorney.com\/#website"},"primaryImageOfPage":{"@id":"https:\/\/slamdunkattorney.com\/faqs\/how-do-adjusters-determine-who-is-at-fault-in-a-car-accident\/#primaryimage"},"image":{"@id":"https:\/\/slamdunkattorney.com\/faqs\/how-do-adjusters-determine-who-is-at-fault-in-a-car-accident\/#primaryimage"},"thumbnailUrl":"https:\/\/slamdunkattorney.com\/wp-content\/uploads\/2026\/04\/how-do-insurance-adjusters-determine-who-is-at-fault-in-a-car-accident-new.jpg","datePublished":"2025-02-25T00:48:26+00:00","dateModified":"2026-04-03T13:21:45+00:00","description":"Find out how insurance adjusters determine who is at fault in a car accident from the personal injury lawyers at Slam Dunk Attorney.","breadcrumb":{"@id":"https:\/\/slamdunkattorney.com\/faqs\/how-do-adjusters-determine-who-is-at-fault-in-a-car-accident\/#breadcrumb"},"inLanguage":"es","potentialAction":[{"@type":"ReadAction","target":["https:\/\/slamdunkattorney.com\/faqs\/how-do-adjusters-determine-who-is-at-fault-in-a-car-accident\/"]}]},{"@type":"ImageObject","inLanguage":"es","@id":"https:\/\/slamdunkattorney.com\/faqs\/how-do-adjusters-determine-who-is-at-fault-in-a-car-accident\/#primaryimage","url":"https:\/\/slamdunkattorney.com\/wp-content\/uploads\/2026\/04\/how-do-insurance-adjusters-determine-who-is-at-fault-in-a-car-accident-new.jpg","contentUrl":"https:\/\/slamdunkattorney.com\/wp-content\/uploads\/2026\/04\/how-do-insurance-adjusters-determine-who-is-at-fault-in-a-car-accident-new.jpg","width":1253,"height":836,"caption":"how do insurance adjusters determine who is at fault in a car accident"},{"@type":"BreadcrumbList","@id":"https:\/\/slamdunkattorney.com\/faqs\/how-do-adjusters-determine-who-is-at-fault-in-a-car-accident\/#breadcrumb","itemListElement":[{"@type":"ListItem","position":1,"name":"Home","item":"https:\/\/slamdunkattorney.com\/"},{"@type":"ListItem","position":2,"name":"FAQs","item":"https:\/\/slamdunkattorney.com\/faqs\/"},{"@type":"ListItem","position":3,"name":"How Do Adjusters Determine Who is At Fault in a Car Accident?"}]},{"@type":"WebSite","@id":"https:\/\/slamdunkattorney.com\/#website","url":"https:\/\/slamdunkattorney.com\/","name":"Abogado experto en lesiones | Abogados especializados en lesiones","description":"Abogados de lesiones personales en Duluth","publisher":{"@id":"https:\/\/slamdunkattorney.com\/#organization"},"alternateName":"Slam Dunk Attorney","inLanguage":"es"},{"@type":"Organization","@id":"https:\/\/slamdunkattorney.com\/#organization","name":"Abogado Slam Dunk","alternateName":"Slam Dunk","url":"https:\/\/slamdunkattorney.com\/","logo":{"@type":"ImageObject","inLanguage":"es","@id":"https:\/\/slamdunkattorney.com\/#\/schema\/logo\/image\/","url":"https:\/\/slamdunkattorney.com\/wp-content\/uploads\/2023\/05\/cropped-Logo.png","contentUrl":"https:\/\/slamdunkattorney.com\/wp-content\/uploads\/2023\/05\/cropped-Logo.png","width":1080,"height":240,"caption":"Slam Dunk Attorney"},"image":{"@id":"https:\/\/slamdunkattorney.com\/#\/schema\/logo\/image\/"},"sameAs":["https:\/\/www.facebook.com\/slamdunkattorneyinjurylawyers\/","https:\/\/x.com\/slamdunkattorney","https:\/\/www.instagram.com\/slamdunkattorney\/","https:\/\/www.youtube.com\/channel\/UCSrOiC7vOjlCi3UgtIVGNtw","https:\/\/www.linkedin.com\/company\/slamdunkattorneyinjurylawyers"]}]}},"yoast_meta":{"yoast_wpseo_title":"","yoast_wpseo_metadesc":"","yoast_wpseo_canonical":"https:\/\/slamdunkattorney.com\/es\/wp-json\/wp\/v2\/pages\/16534"},"_links":{"self":[{"href":"https:\/\/slamdunkattorney.com\/es\/wp-json\/wp\/v2\/pages\/16534","targetHints":{"allow":["GET"]}}],"collection":[{"href":"https:\/\/slamdunkattorney.com\/es\/wp-json\/wp\/v2\/pages"}],"about":[{"href":"https:\/\/slamdunkattorney.com\/es\/wp-json\/wp\/v2\/types\/page"}],"author":[{"embeddable":true,"href":"https:\/\/slamdunkattorney.com\/es\/wp-json\/wp\/v2\/users\/2"}],"replies":[{"embeddable":true,"href":"https:\/\/slamdunkattorney.com\/es\/wp-json\/wp\/v2\/comments?post=16534"}],"version-history":[{"count":0,"href":"https:\/\/slamdunkattorney.com\/es\/wp-json\/wp\/v2\/pages\/16534\/revisions"}],"up":[{"embeddable":true,"href":"https:\/\/slamdunkattorney.com\/es\/wp-json\/wp\/v2\/pages\/5902"}],"wp:featuredmedia":[{"embeddable":true,"href":"https:\/\/slamdunkattorney.com\/es\/wp-json\/wp\/v2\/media\/40051"}],"wp:attachment":[{"href":"https:\/\/slamdunkattorney.com\/es\/wp-json\/wp\/v2\/media?parent=16534"}],"wp:term":[{"taxonomy":"extra-categories","embeddable":true,"href":"https:\/\/slamdunkattorney.com\/es\/wp-json\/wp\/v2\/extra-categories?post=16534"},{"taxonomy":"hc_faqs","embeddable":true,"href":"https:\/\/slamdunkattorney.com\/es\/wp-json\/wp\/v2\/hc_faqs?post=16534"}],"curies":[{"name":"wp","href":"https:\/\/api.w.org\/{rel}","templated":true}]}}