{"id":16532,"date":"2025-02-25T09:44:24","date_gmt":"2025-02-25T09:44:24","guid":{"rendered":"https:\/\/slamdunk.wpenginepowered.com\/?page_id=16532"},"modified":"2026-04-03T13:19:20","modified_gmt":"2026-04-03T13:19:20","slug":"what-does-dispositive-mean-in-law","status":"publish","type":"page","link":"https:\/\/slamdunkattorney.com\/es\/faqs\/what-does-dispositive-mean-in-law\/","title":{"rendered":"\u00bfQu\u00e9 significa \u00abdispositivo\u00bb en derecho?"},"content":{"rendered":"<p><span style=\"font-weight: 400;\">\u00bfQu\u00e9 significa \u00abdispositivo\u00bb en derecho? Es un t\u00e9rmino que se escucha com\u00fanmente en casos legales, incluyendo lesiones personales, que <\/span><b>se refiere al resultado de un caso. <\/b><span style=\"font-weight: 400;\">Es posible que escuches este t\u00e9rmino en diversos contextos, pero tu <\/span><a href=\"https:\/\/slamdunkattorney.com\/es\/\"><span style=\"font-weight: 400;\">Abogado especializado en lesiones personales en Duluth<\/span><\/a><span style=\"font-weight: 400;\"> probablemente le explicar\u00e1 lo que significa espec\u00edficamente para su caso.<\/span><\/p>\n<p><span style=\"font-weight: 400;\">El t\u00e9rmino \u2018dispositivo\u2019 puede aplicarse de muchas maneras, y sus variantes se utilizan habitualmente en el \u00e1mbito jur\u00eddico en casos penales y civiles. Las variables que hacen que un hecho, una moci\u00f3n, una declaraci\u00f3n o cualquier otro componente de un caso sea \u2018dispositivo\u2019 suelen depender en gran medida de las caracter\u00edsticas espec\u00edficas del caso. Sin embargo, una comprensi\u00f3n b\u00e1sica puede ayudarle a formular preguntas productivas para obtener la informaci\u00f3n que desea.&nbsp;<\/span><\/p>\n<h2><span style=\"font-weight: 400;\">Comprender qu\u00e9 significa \u00abdispositivo\u00bb en el proceso legal<\/span><\/h2>\n<p><span style=\"font-weight: 400;\">&nbsp;\u2018Dispositivo\u2019 tiene ra\u00edces latinas y significa \u2018aquello que dirige o determina\u2019. Funciona como un adjetivo que significa que el sujeto tiene el poder de determinar el resultado de un caso. Cuando <\/span><a href=\"https:\/\/slamdunkattorney.com\/es\/blog\/navigating-personal-injury-lawsuits-and-personal-injury-claim-process\/\"><span style=\"font-weight: 400;\">C\u00f3mo lidiar con una demanda por lesiones personales y el proceso de reclamaci\u00f3n<\/span><\/a><span style=\"font-weight: 400;\">, los factores decisivos pueden cobrar relevancia en varios momentos del proceso.&nbsp;<\/span><\/p>\n<p><span style=\"font-weight: 400;\">Uno de los primeros pasos en su demanda por lesiones personales, adem\u00e1s de buscar un abogado, es presentar la demanda. Nuestro equipo de Slam Dunk Attorney puede ayudarle poni\u00e9ndose en contacto con la compa\u00f1\u00eda de seguros de la otra parte y presentando la documentaci\u00f3n necesaria para notificar o iniciar los procedimientos legales. Sin embargo, \u00bfqu\u00e9 significa \u00abdispositivo\u00bb en las distintas etapas de su caso?<\/span><\/p>\n<h3><span style=\"font-weight: 400;\">Investigaci\u00f3n<\/span><\/h3>\n<p><span style=\"font-weight: 400;\">La investigaci\u00f3n es el primer paso de un caso. A veces, se trata simplemente de revisar pruebas fotogr\u00e1ficas o videogr\u00e1ficas, un informe policial o registros m\u00e9dicos, y no es necesariamente algo que lleve meses completar. Este es un componente fundamental para construir un caso s\u00f3lido.&nbsp;<\/span><\/p>\n<p><span style=\"font-weight: 400;\">A veces, llevar a cabo una investigaci\u00f3n exhaustiva y presentar argumentos s\u00f3lidos puede ser un factor decisivo si convence a la compa\u00f1\u00eda de seguros de llegar a un acuerdo en lugar de llevar el caso a juicio. Los abogados de Slam Dunk se preparan desde el principio para llevar su caso a juicio, y las compa\u00f1\u00edas de seguros lo saben.<\/span><b> Esta ventaja puede significar una acci\u00f3n decisiva a su favor m\u00e1s pronto que tarde.<\/b>.<\/p>\n<h3><span style=\"font-weight: 400;\">Negociaciones<\/span><\/h3>\n<p><span style=\"font-weight: 400;\">Mientras ambas partes investigan lo sucedido para determinar el costo de los da\u00f1os y qui\u00e9n es responsable, la compa\u00f1\u00eda de seguros suele comenzar a hacer ofertas de acuerdo en este momento. Si usted las acepta, esto se considerar\u00eda una acci\u00f3n decisiva. En esta etapa del caso, aceptar la oferta pondr\u00e1 fin a las investigaciones y negociaciones y dar\u00e1 por concluida la reclamaci\u00f3n.&nbsp;<\/span><\/p>\n<h3><span style=\"font-weight: 400;\">Juicio<\/span><\/h3>\n<p><span style=\"font-weight: 400;\">Si las negociaciones con la compa\u00f1\u00eda de seguros no tienen \u00e9xito, su abogado de Slam Dunk se ha estado preparando desde el principio para llevar su caso a juicio. Casi nada est\u00e1 garantizado en la ley, pero en este estado del caso, puede confiar en que obtendr\u00e1 alg\u00fan tipo de resoluci\u00f3n.&nbsp;<\/span><\/p>\n\n<div class=\"cta-container row align-items-center\">\n    <div class=\"col-md-7\">\n        <p class=\"cta-text rs-content-cta\">Orgullosos de servir a Duluth y a todo Georgia <span>\u00a1Cont\u00e1ctenos para comenzar su recuperaci\u00f3n!<\/span> <a href=\"https:\/\/slamdunkattorney.com\/es\/\">Explore nuestras \u00e1reas de pr\u00e1ctica<\/a><\/p>\n    <\/div>\n    <div class=\"col-md-5\">\n        <img decoding=\"async\" src=\"https:\/\/slamdunkattorney.com\/wp-content\/themes\/slam-dunk-rebuild\/assets\/app\/img\/map-cta.jpg\" alt=\"Legal Consultation\" class=\"img-fluid\"\/>\n    <\/div>\n<\/div><h2><span style=\"font-weight: 400;\">La relaci\u00f3n entre los hechos determinantes y las pruebas<\/span><\/h2>\n<p><span style=\"font-weight: 400;\">El uso de pruebas para establecer hechos en un caso legal es la premisa fundamental del derecho, y resulta dif\u00edcil establecer hechos concluyentes sin pruebas igualmente convincentes. Un ejemplo de esta interacci\u00f3n puede ser un accidente automovil\u00edstico en el que el demandante result\u00f3 herido en una colisi\u00f3n por alcance, lo que puede ser un hecho concluyente de responsabilidad. Sin embargo, las im\u00e1genes de la c\u00e1mara del tablero del demandante retrocediendo hacia el demandado pueden proporcionar pruebas concluyentes de que este no es responsable.<\/span><\/p>\n<h3><span style=\"font-weight: 400;\">Hechos determinantes<\/span><\/h3>\n<p><span style=\"font-weight: 400;\">Los hechos determinantes en los casos de lesiones personales suelen estar relacionados con pruebas de negligencia. Por ejemplo, para presentar una demanda por negligencia, debe demostrarse que una de las partes ten\u00eda el deber de cuidar a la otra, que se incumpli\u00f3 dicho deber y que dicho incumplimiento caus\u00f3 lesiones a otra persona. La presencia de lesiones en el demandante puede considerarse un hecho determinante, ya que, sin ellas, el caso no existir\u00eda y no podr\u00eda proceder.&nbsp;<\/span><\/p>\n<h3><span style=\"font-weight: 400;\">Prueba concluyente<\/span><\/h3>\n<p><span style=\"font-weight: 400;\">Cuando consideramos lo que significa \u00abdispositivo\u00bb en t\u00e9rminos de pruebas, nos referimos a <\/span><b>pruebas lo suficientemente s\u00f3lidas como para influir en el resultado de un caso. <\/b><span style=\"font-weight: 400;\">A menudo, se trata de pruebas que cumplen con la carga probatoria seg\u00fan la <\/span><a href=\"https:\/\/www.gwinnettcourts.com\/jury\/judges-instruction-on-the-law\" target=\"_blank\" rel=\"noopener\"><span style=\"font-weight: 400;\">instrucci\u00f3n del juez sobre la ley<\/span><\/a><span style=\"font-weight: 400;\">. Esto puede incluir un video del incidente o las propias declaraciones de admisi\u00f3n de la persona.<\/span><\/p>\n<p><span style=\"font-weight: 400;\">Ambas partes est\u00e1n trabajando para recopilar pruebas que desacrediten a la otra y refuercen su propio caso a lo largo del proceso legal. Es fundamental ser siempre cauteloso con lo que se dice sobre el caso o se publica en Internet. El <\/span><a href=\"https:\/\/slamdunkattorney.com\/es\/blog\/how-social-media-can-ruin-your-personal-injury-lawsuit\/\"><span style=\"font-weight: 400;\">Riesgos de las redes sociales para su caso de lesiones personales<\/span><\/a><span style=\"font-weight: 400;\"> Son numerosos, y muchos casos se han visto perjudicados por publicaciones descuidadas en las redes sociales.&nbsp;<\/span><\/p>\n<h2><span style=\"font-weight: 400;\">Cuando un juez dicta sentencia en un caso<\/span><\/h2>\n<p><span style=\"font-weight: 400;\">Entonces, \u00bfqu\u00e9 significa \u00abdispositivo\u00bb en derecho en relaci\u00f3n con la orden del juez?<\/span><b> Es la resoluci\u00f3n o fallo definitivo en los casos civiles y penales.<\/b>.<span style=\"font-weight: 400;\"> La resoluci\u00f3n de un caso determinar\u00e1 qui\u00e9n, si es que hay alguien, es responsable de pagar los da\u00f1os y perjuicios y en qu\u00e9 cuant\u00eda.&nbsp;<\/span><\/p>\n<p><span style=\"font-weight: 400;\">La resoluci\u00f3n es el fallo definitivo de ese caso concreto y, aunque no exime a las partes de su derecho a apelar, s\u00ed que marca el final del caso. En este punto, la parte ganadora puede solicitar la ejecuci\u00f3n y cobrar la indemnizaci\u00f3n por da\u00f1os y perjuicios que se le adeuda. La resoluci\u00f3n tambi\u00e9n puede formar parte de un juicio sumario, que se produce cuando el juez dicta una sentencia sin celebrar un juicio completo. Esto puede ocurrir porque ninguna de las partes discute los hechos.<\/span><\/p>\n<p><span style=\"font-weight: 400;\">Una disposici\u00f3n de un juez no debe confundirse con una declaraci\u00f3n, que es un proceso de entrevista formal que se lleva a cabo fuera del tribunal. Sin embargo, al igual que el testimonio ante el tribunal, la entrevista se realiza bajo juramento. Esto se hace com\u00fanmente durante un litigio para recopilar informaci\u00f3n que se utilizar\u00e1 en el juicio.&nbsp;<\/span><\/p>\n\n<div class=\"cta-container row align-items-center\">\n    <div class=\"col-md-7\">\n        <p class=\"cta-text rs-content-cta\"><a class=\"no-btn\" href=\"https:\/\/slamdunkattorney.com\/es\/contact-us\/\">Haga clic para contactar<\/a> nuestros abogados especializados en lesiones personales hoy mismo<\/p>\n    <\/div>\n    <div class=\"col-md-5\">\n        <img decoding=\"async\" src=\"https:\/\/slamdunkattorney.com\/wp-content\/themes\/slam-dunk-rebuild\/assets\/app\/img\/map-cta.jpg\" alt=\"Contact Us\" class=\"img-fluid\"\/>\n    <\/div>\n<\/div><h2><span style=\"font-weight: 400;\">Ll\u00e1menos hoy mismo para que le ayudemos a identificar qu\u00e9 significa \u00abdispositivo\u00bb en su caso.<\/span><\/h2>\n<p><span style=\"font-weight: 400;\">En Slam Dunk Attorney, valoramos la transparencia y la integridad en nuestra pr\u00e1ctica, lo que significa ayudarle a sentirse preparado y proporcionarle respuestas cuando tenga preguntas sobre lo que significa \u00abdispositivo\u00bb en su caso.&nbsp;<\/span><\/p>\n<p><span style=\"font-weight: 400;\">Entendemos que una lesi\u00f3n puede hacerte sentir vulnerable, y lidiar con seguros, m\u00e9dicos y abogados a menudo empeora las cosas. Mereces una representaci\u00f3n legal competente que te ayude a obtener una indemnizaci\u00f3n por las lesiones causadas por la negligencia de otra persona.&nbsp;&nbsp;<\/span><\/p>\n<p><b>Nuestra empresa trabaja a comisi\u00f3n.<\/b>, <span style=\"font-weight: 400;\">lo que significa que no tendr\u00e1 el estr\u00e9s adicional de los honorarios legales sin saber cu\u00e1nto recuperar\u00e1. Tambi\u00e9n ofrecemos recursos para ayuda financiera y tarifas m\u00e9dicas reducidas. La recuperaci\u00f3n es dif\u00edcil, as\u00ed que ll\u00e1menos hoy mismo para que le ayudemos a obtener justicia y a que las partes responsables rindan cuentas.&nbsp;<\/span><\/p>\n\n<div class=\"cta-container row align-items-center\">\n    <div class=\"col-md-7\">\n        <p class=\"cta-text rs-content-cta\">Llame o env\u00ede un mensaje de texto <a class=\"no-btn\" href=\"tel:+14049513513\">404-951-3513<\/a> o completar un <a href=\"https:\/\/slamdunkattorney.com\/es\/contact-us\/\">Formulario de evaluaci\u00f3n gratuita de su caso<\/a><\/p>\n    <\/div>\n    <div class=\"col-md-5\">\n        <img decoding=\"async\" src=\"https:\/\/slamdunkattorney.com\/wp-content\/themes\/slam-dunk-rebuild\/assets\/app\/img\/map-cta.jpg\" alt=\"Call or Text\" class=\"img-fluid\"\/>\n    <\/div>\n<\/div>","protected":false},"excerpt":{"rendered":"<p>What does dispositive mean in law? It is a term commonly heard in legal cases, including personal injury, that refers to the outcome of a case. You may hear the term in a variety of settings, but your Duluth personal injury lawyer will likely walk you through what it means specifically for your case. The &#8230;<\/p>","protected":false},"author":2,"featured_media":40050,"parent":5902,"menu_order":0,"comment_status":"closed","ping_status":"closed","template":"","meta":{"_acf_changed":false,"_genesis_hide_title":false,"_genesis_hide_breadcrumbs":false,"_genesis_hide_singular_image":false,"_genesis_hide_footer_widgets":false,"_genesis_custom_body_class":"","_genesis_custom_post_class":"","_genesis_layout":"","ngg_post_thumbnail":0,"footnotes":""},"extra-categories":[],"hc_faqs":[40],"class_list":{"0":"post-16532","1":"page","2":"type-page","3":"status-publish","4":"has-post-thumbnail","6":"hc_faqs-personal-injury","7":"entry"},"acf":[],"yoast_head":"<!-- This site is optimized with the Yoast SEO plugin v27.4 - https:\/\/yoast.com\/product\/yoast-seo-wordpress\/ -->\n<title>What Does Dispositive Mean in Law? | Slam Dunk Lawyer<\/title>\n<meta name=\"description\" content=\"Learn what dispositive means in law from the dedicated personal injury lawyers at Slam Dunk Attorney. Call for a free consultation.\" \/>\n<meta name=\"robots\" content=\"index, follow, max-snippet:-1, max-image-preview:large, max-video-preview:-1\" \/>\n<link rel=\"canonical\" href=\"https:\/\/slamdunkattorney.com\/es\/faqs\/what-does-dispositive-mean-in-law\/\" \/>\n<meta property=\"og:locale\" content=\"es_MX\" \/>\n<meta property=\"og:type\" content=\"article\" \/>\n<meta property=\"og:title\" content=\"What Does Dispositive Mean in Law? | Slam Dunk Lawyer\" \/>\n<meta property=\"og:description\" content=\"Learn what dispositive means in law from the dedicated personal injury lawyers at Slam Dunk Attorney. Call for a free consultation.\" \/>\n<meta property=\"og:url\" content=\"https:\/\/slamdunkattorney.com\/es\/faqs\/what-does-dispositive-mean-in-law\/\" \/>\n<meta property=\"og:site_name\" content=\"Slam Dunk Attorney | Injury Lawyers\" \/>\n<meta property=\"article:publisher\" content=\"https:\/\/www.facebook.com\/slamdunkattorneyinjurylawyers\/\" \/>\n<meta property=\"article:modified_time\" content=\"2026-04-03T13:19:20+00:00\" \/>\n<meta property=\"og:image\" content=\"https:\/\/slamdunkattorney.com\/wp-content\/uploads\/2026\/04\/what-does-dispositive-mean-in-law-new.jpg\" \/>\n\t<meta property=\"og:image:width\" content=\"1255\" \/>\n\t<meta property=\"og:image:height\" content=\"835\" \/>\n\t<meta property=\"og:image:type\" content=\"image\/jpeg\" \/>\n<meta name=\"twitter:card\" content=\"summary_large_image\" \/>\n<meta name=\"twitter:site\" content=\"@slamdunkattorney\" \/>\n<meta name=\"twitter:label1\" content=\"Est. reading time\" \/>\n\t<meta name=\"twitter:data1\" content=\"5 minutos\" \/>\n<script type=\"application\/ld+json\" class=\"yoast-schema-graph\">{\"@context\":\"https:\\\/\\\/schema.org\",\"@graph\":[{\"@type\":\"WebPage\",\"@id\":\"https:\\\/\\\/slamdunkattorney.com\\\/faqs\\\/what-does-dispositive-mean-in-law\\\/\",\"url\":\"https:\\\/\\\/slamdunkattorney.com\\\/faqs\\\/what-does-dispositive-mean-in-law\\\/\",\"name\":\"What Does Dispositive Mean in Law? | Slam Dunk Lawyer\",\"isPartOf\":{\"@id\":\"https:\\\/\\\/slamdunkattorney.com\\\/#website\"},\"primaryImageOfPage\":{\"@id\":\"https:\\\/\\\/slamdunkattorney.com\\\/faqs\\\/what-does-dispositive-mean-in-law\\\/#primaryimage\"},\"image\":{\"@id\":\"https:\\\/\\\/slamdunkattorney.com\\\/faqs\\\/what-does-dispositive-mean-in-law\\\/#primaryimage\"},\"thumbnailUrl\":\"https:\\\/\\\/slamdunkattorney.com\\\/wp-content\\\/uploads\\\/2026\\\/04\\\/what-does-dispositive-mean-in-law-new.jpg\",\"datePublished\":\"2025-02-25T09:44:24+00:00\",\"dateModified\":\"2026-04-03T13:19:20+00:00\",\"description\":\"Learn what dispositive means in law from the dedicated personal injury lawyers at Slam Dunk Attorney. Call for a free consultation.\",\"breadcrumb\":{\"@id\":\"https:\\\/\\\/slamdunkattorney.com\\\/faqs\\\/what-does-dispositive-mean-in-law\\\/#breadcrumb\"},\"inLanguage\":\"es\",\"potentialAction\":[{\"@type\":\"ReadAction\",\"target\":[\"https:\\\/\\\/slamdunkattorney.com\\\/faqs\\\/what-does-dispositive-mean-in-law\\\/\"]}]},{\"@type\":\"ImageObject\",\"inLanguage\":\"es\",\"@id\":\"https:\\\/\\\/slamdunkattorney.com\\\/faqs\\\/what-does-dispositive-mean-in-law\\\/#primaryimage\",\"url\":\"https:\\\/\\\/slamdunkattorney.com\\\/wp-content\\\/uploads\\\/2026\\\/04\\\/what-does-dispositive-mean-in-law-new.jpg\",\"contentUrl\":\"https:\\\/\\\/slamdunkattorney.com\\\/wp-content\\\/uploads\\\/2026\\\/04\\\/what-does-dispositive-mean-in-law-new.jpg\",\"width\":1255,\"height\":835,\"caption\":\"what does dispositive mean in law\"},{\"@type\":\"BreadcrumbList\",\"@id\":\"https:\\\/\\\/slamdunkattorney.com\\\/faqs\\\/what-does-dispositive-mean-in-law\\\/#breadcrumb\",\"itemListElement\":[{\"@type\":\"ListItem\",\"position\":1,\"name\":\"Home\",\"item\":\"https:\\\/\\\/slamdunkattorney.com\\\/\"},{\"@type\":\"ListItem\",\"position\":2,\"name\":\"FAQs\",\"item\":\"https:\\\/\\\/slamdunkattorney.com\\\/faqs\\\/\"},{\"@type\":\"ListItem\",\"position\":3,\"name\":\"What Does Dispositive Mean in Law?\"}]},{\"@type\":\"WebSite\",\"@id\":\"https:\\\/\\\/slamdunkattorney.com\\\/#website\",\"url\":\"https:\\\/\\\/slamdunkattorney.com\\\/\",\"name\":\"Slam Dunk Attorney | Injury Lawyers\",\"description\":\"Duluth Personal Injury Lawyers\",\"publisher\":{\"@id\":\"https:\\\/\\\/slamdunkattorney.com\\\/#organization\"},\"alternateName\":\"Slam Dunk Attorney\",\"inLanguage\":\"es\"},{\"@type\":\"Organization\",\"@id\":\"https:\\\/\\\/slamdunkattorney.com\\\/#organization\",\"name\":\"Slam Dunk Attorney\",\"alternateName\":\"Slam Dunk\",\"url\":\"https:\\\/\\\/slamdunkattorney.com\\\/\",\"logo\":{\"@type\":\"ImageObject\",\"inLanguage\":\"es\",\"@id\":\"https:\\\/\\\/slamdunkattorney.com\\\/#\\\/schema\\\/logo\\\/image\\\/\",\"url\":\"https:\\\/\\\/slamdunkattorney.com\\\/wp-content\\\/uploads\\\/2023\\\/05\\\/cropped-Logo.png\",\"contentUrl\":\"https:\\\/\\\/slamdunkattorney.com\\\/wp-content\\\/uploads\\\/2023\\\/05\\\/cropped-Logo.png\",\"width\":1080,\"height\":240,\"caption\":\"Slam Dunk Attorney\"},\"image\":{\"@id\":\"https:\\\/\\\/slamdunkattorney.com\\\/#\\\/schema\\\/logo\\\/image\\\/\"},\"sameAs\":[\"https:\\\/\\\/www.facebook.com\\\/slamdunkattorneyinjurylawyers\\\/\",\"https:\\\/\\\/x.com\\\/slamdunkattorney\",\"https:\\\/\\\/www.instagram.com\\\/slamdunkattorney\\\/\",\"https:\\\/\\\/www.youtube.com\\\/channel\\\/UCSrOiC7vOjlCi3UgtIVGNtw\",\"https:\\\/\\\/www.linkedin.com\\\/company\\\/slamdunkattorneyinjurylawyers\"]}]}<\/script>\n<!-- \/ Yoast SEO plugin. -->","yoast_head_json":{"title":"What Does Dispositive Mean in Law? | Slam Dunk Lawyer","description":"Learn what dispositive means in law from the dedicated personal injury lawyers at Slam Dunk Attorney. Call for a free consultation.","robots":{"index":"index","follow":"follow","max-snippet":"max-snippet:-1","max-image-preview":"max-image-preview:large","max-video-preview":"max-video-preview:-1"},"canonical":"https:\/\/slamdunkattorney.com\/es\/faqs\/what-does-dispositive-mean-in-law\/","og_locale":"es_MX","og_type":"article","og_title":"What Does Dispositive Mean in Law? | Slam Dunk Lawyer","og_description":"Learn what dispositive means in law from the dedicated personal injury lawyers at Slam Dunk Attorney. Call for a free consultation.","og_url":"https:\/\/slamdunkattorney.com\/es\/faqs\/what-does-dispositive-mean-in-law\/","og_site_name":"Slam Dunk Attorney | Injury Lawyers","article_publisher":"https:\/\/www.facebook.com\/slamdunkattorneyinjurylawyers\/","article_modified_time":"2026-04-03T13:19:20+00:00","og_image":[{"width":1255,"height":835,"url":"https:\/\/slamdunkattorney.com\/wp-content\/uploads\/2026\/04\/what-does-dispositive-mean-in-law-new.jpg","type":"image\/jpeg"}],"twitter_card":"summary_large_image","twitter_site":"@slamdunkattorney","twitter_misc":{"Est. reading time":"5 minutos"},"schema":{"@context":"https:\/\/schema.org","@graph":[{"@type":"WebPage","@id":"https:\/\/slamdunkattorney.com\/faqs\/what-does-dispositive-mean-in-law\/","url":"https:\/\/slamdunkattorney.com\/faqs\/what-does-dispositive-mean-in-law\/","name":"What Does Dispositive Mean in Law? | Slam Dunk Lawyer","isPartOf":{"@id":"https:\/\/slamdunkattorney.com\/#website"},"primaryImageOfPage":{"@id":"https:\/\/slamdunkattorney.com\/faqs\/what-does-dispositive-mean-in-law\/#primaryimage"},"image":{"@id":"https:\/\/slamdunkattorney.com\/faqs\/what-does-dispositive-mean-in-law\/#primaryimage"},"thumbnailUrl":"https:\/\/slamdunkattorney.com\/wp-content\/uploads\/2026\/04\/what-does-dispositive-mean-in-law-new.jpg","datePublished":"2025-02-25T09:44:24+00:00","dateModified":"2026-04-03T13:19:20+00:00","description":"Learn what dispositive means in law from the dedicated personal injury lawyers at Slam Dunk Attorney. Call for a free consultation.","breadcrumb":{"@id":"https:\/\/slamdunkattorney.com\/faqs\/what-does-dispositive-mean-in-law\/#breadcrumb"},"inLanguage":"es","potentialAction":[{"@type":"ReadAction","target":["https:\/\/slamdunkattorney.com\/faqs\/what-does-dispositive-mean-in-law\/"]}]},{"@type":"ImageObject","inLanguage":"es","@id":"https:\/\/slamdunkattorney.com\/faqs\/what-does-dispositive-mean-in-law\/#primaryimage","url":"https:\/\/slamdunkattorney.com\/wp-content\/uploads\/2026\/04\/what-does-dispositive-mean-in-law-new.jpg","contentUrl":"https:\/\/slamdunkattorney.com\/wp-content\/uploads\/2026\/04\/what-does-dispositive-mean-in-law-new.jpg","width":1255,"height":835,"caption":"what does dispositive mean in law"},{"@type":"BreadcrumbList","@id":"https:\/\/slamdunkattorney.com\/faqs\/what-does-dispositive-mean-in-law\/#breadcrumb","itemListElement":[{"@type":"ListItem","position":1,"name":"Home","item":"https:\/\/slamdunkattorney.com\/"},{"@type":"ListItem","position":2,"name":"FAQs","item":"https:\/\/slamdunkattorney.com\/faqs\/"},{"@type":"ListItem","position":3,"name":"What Does Dispositive Mean in Law?"}]},{"@type":"WebSite","@id":"https:\/\/slamdunkattorney.com\/#website","url":"https:\/\/slamdunkattorney.com\/","name":"Abogado experto en lesiones | Abogados especializados en lesiones","description":"Abogados de lesiones personales en Duluth","publisher":{"@id":"https:\/\/slamdunkattorney.com\/#organization"},"alternateName":"Slam Dunk Attorney","inLanguage":"es"},{"@type":"Organization","@id":"https:\/\/slamdunkattorney.com\/#organization","name":"Abogado Slam Dunk","alternateName":"Slam Dunk","url":"https:\/\/slamdunkattorney.com\/","logo":{"@type":"ImageObject","inLanguage":"es","@id":"https:\/\/slamdunkattorney.com\/#\/schema\/logo\/image\/","url":"https:\/\/slamdunkattorney.com\/wp-content\/uploads\/2023\/05\/cropped-Logo.png","contentUrl":"https:\/\/slamdunkattorney.com\/wp-content\/uploads\/2023\/05\/cropped-Logo.png","width":1080,"height":240,"caption":"Slam Dunk Attorney"},"image":{"@id":"https:\/\/slamdunkattorney.com\/#\/schema\/logo\/image\/"},"sameAs":["https:\/\/www.facebook.com\/slamdunkattorneyinjurylawyers\/","https:\/\/x.com\/slamdunkattorney","https:\/\/www.instagram.com\/slamdunkattorney\/","https:\/\/www.youtube.com\/channel\/UCSrOiC7vOjlCi3UgtIVGNtw","https:\/\/www.linkedin.com\/company\/slamdunkattorneyinjurylawyers"]}]}},"yoast_meta":{"yoast_wpseo_title":"","yoast_wpseo_metadesc":"","yoast_wpseo_canonical":"https:\/\/slamdunkattorney.com\/es\/wp-json\/wp\/v2\/pages\/16532"},"_links":{"self":[{"href":"https:\/\/slamdunkattorney.com\/es\/wp-json\/wp\/v2\/pages\/16532","targetHints":{"allow":["GET"]}}],"collection":[{"href":"https:\/\/slamdunkattorney.com\/es\/wp-json\/wp\/v2\/pages"}],"about":[{"href":"https:\/\/slamdunkattorney.com\/es\/wp-json\/wp\/v2\/types\/page"}],"author":[{"embeddable":true,"href":"https:\/\/slamdunkattorney.com\/es\/wp-json\/wp\/v2\/users\/2"}],"replies":[{"embeddable":true,"href":"https:\/\/slamdunkattorney.com\/es\/wp-json\/wp\/v2\/comments?post=16532"}],"version-history":[{"count":0,"href":"https:\/\/slamdunkattorney.com\/es\/wp-json\/wp\/v2\/pages\/16532\/revisions"}],"up":[{"embeddable":true,"href":"https:\/\/slamdunkattorney.com\/es\/wp-json\/wp\/v2\/pages\/5902"}],"wp:featuredmedia":[{"embeddable":true,"href":"https:\/\/slamdunkattorney.com\/es\/wp-json\/wp\/v2\/media\/40050"}],"wp:attachment":[{"href":"https:\/\/slamdunkattorney.com\/es\/wp-json\/wp\/v2\/media?parent=16532"}],"wp:term":[{"taxonomy":"extra-categories","embeddable":true,"href":"https:\/\/slamdunkattorney.com\/es\/wp-json\/wp\/v2\/extra-categories?post=16532"},{"taxonomy":"hc_faqs","embeddable":true,"href":"https:\/\/slamdunkattorney.com\/es\/wp-json\/wp\/v2\/hc_faqs?post=16532"}],"curies":[{"name":"wp","href":"https:\/\/api.w.org\/{rel}","templated":true}]}}