{"id":15271,"date":"2025-02-04T05:06:18","date_gmt":"2025-02-04T05:06:18","guid":{"rendered":"https:\/\/slamdunk.wpenginepowered.com\/?page_id=15271"},"modified":"2025-02-07T19:40:18","modified_gmt":"2025-02-07T19:40:18","slug":"duluth-ups-truck-accident-lawyer","status":"publish","type":"page","link":"https:\/\/slamdunkattorney.com\/es\/duluth\/truck-accident-lawyer\/ups\/","title":{"rendered":"Abogado especializado en accidentes de camiones UPS en Duluth"},"content":{"rendered":"<p><span style=\"font-weight: 400;\">Un accidente con un cami\u00f3n de UPS puede dejarlo sin poder trabajar, sin un medio de transporte confiable y preocupado por c\u00f3mo se mantendr\u00e1 mientras se recupera. Faltar al trabajo debido a las lesiones y lidiar con las consecuencias de una colisi\u00f3n puede generar un estr\u00e9s financiero y emocional significativo.\u00a0<\/span><\/p>\n<p><span style=\"font-weight: 400;\">Con su abogado especializado en accidentes de camiones UPS en Duluth de Slam Dunk Attorney, tendr\u00e1 acceso a nuestro <\/span><b>d\u00e9cadas de experiencia<\/b><span style=\"font-weight: 400;\"> y asistencia legal personalizada para ayudarle a recuperar el control de su vida.<\/span><\/p>\n<p><span style=\"font-weight: 400;\">Nuestro equipo est\u00e1 disponible las 24 horas del d\u00eda, los 7 d\u00edas de la semana, y se mantiene en contacto con los clientes al menos una vez a la semana para proporcionarles informaci\u00f3n actualizada y resolver sus dudas. Su <\/span><a href=\"https:\/\/slamdunkattorney.com\/es\/duluth\/truck-accident-lawyer\/\"><span style=\"font-weight: 400;\">Abogado especializado en accidentes de camiones en Duluth<\/span><\/a><span style=\"font-weight: 400;\"> investigar\u00e1 a fondo su caso, luchar\u00e1 para que UPS y el conductor rindan cuentas y le ayudar\u00e1 a obtener la indemnizaci\u00f3n que se merece.<\/span><\/p>\n<p><span style=\"font-weight: 400;\">P\u00f3ngase en contacto con nuestro despacho hoy mismo para programar su revisi\u00f3n gratuita del caso 100% y dar el primer paso hacia la justicia.<\/span><\/p>\n<h2><span style=\"font-weight: 400;\">Los accidentes de camiones de UPS causan lesiones catastr\u00f3ficas en Duluth<\/span><\/h2>\n<p><span style=\"font-weight: 400;\">Los accidentes con camiones de UPS suelen provocar lesiones que ponen en peligro la vida, causan discapacidades permanentes o incluso la muerte, debido al tama\u00f1o y el peso de estos veh\u00edculos. Las v\u00edctimas suelen enfrentarse a costosos cuidados m\u00e9dicos a largo plazo, p\u00e9rdida de ingresos y un importante estr\u00e9s emocional.<\/span><\/p>\n<p><span style=\"font-weight: 400;\">Tu <\/span><a href=\"https:\/\/slamdunkattorney.com\/es\/\"><span style=\"font-weight: 400;\">Abogado especializado en lesiones personales en Duluth<\/span><\/a><span style=\"font-weight: 400;\"> Revisar\u00e1 su historial m\u00e9dico y su pron\u00f3stico para determinar el monto total de la indemnizaci\u00f3n que le corresponde.<\/span><\/p>\n<h3><span style=\"font-weight: 400;\">Lesiones cerebrales traum\u00e1ticas<\/span><\/h3>\n<p><span style=\"font-weight: 400;\">Las lesiones cerebrales traum\u00e1ticas (TBI, por sus siglas en ingl\u00e9s) se encuentran entre las lesiones m\u00e1s graves que pueden sufrir las v\u00edctimas de accidentes de camiones de UPS. Las TBI pueden provocar deterioro cognitivo, p\u00e9rdida de memoria y problemas emocionales, lo que dificulta las tareas cotidianas. A continuaci\u00f3n se muestran ejemplos de diferentes tipos de TBI:<\/span><\/p>\n<ul>\n<li style=\"font-weight: 400;\" aria-level=\"1\"><span style=\"font-weight: 400;\">Conmociones cerebrales<\/span><\/li>\n<li style=\"font-weight: 400;\" aria-level=\"1\"><span style=\"font-weight: 400;\">Contusiones\u00a0<\/span><\/li>\n<li style=\"font-weight: 400;\" aria-level=\"1\"><span style=\"font-weight: 400;\">Lesiones axonales difusas\u00a0<\/span><\/li>\n<li style=\"font-weight: 400;\" aria-level=\"1\"><span style=\"font-weight: 400;\">Lesiones penetrantes\u00a0<\/span><\/li>\n<li style=\"font-weight: 400;\" aria-level=\"1\"><span style=\"font-weight: 400;\">Hemorragias\u00a0<\/span><\/li>\n<\/ul>\n<h3><span style=\"font-weight: 400;\">Amputaci\u00f3n<\/span><\/h3>\n<p><span style=\"font-weight: 400;\">Una amputaci\u00f3n causada por un accidente con un cami\u00f3n de UPS puede alterar su vida de manera permanente, afectando su independencia, movilidad y bienestar emocional.<\/span><\/p>\n<p><span style=\"font-weight: 400;\">Las v\u00edctimas suelen enfrentarse a largos periodos de recuperaci\u00f3n que incluyen cirug\u00edas, fisioterapia y aprender a utilizar pr\u00f3tesis. La carga econ\u00f3mica que suponen las facturas m\u00e9dicas y los equipos de adaptaci\u00f3n, junto con los retos emocionales, pueden dificultar a\u00fan m\u00e1s el proceso de recuperaci\u00f3n.<\/span><\/p>\n<h3><span style=\"font-weight: 400;\">Lesiones de la m\u00e9dula espinal y la espalda<\/span><\/h3>\n<p><span style=\"font-weight: 400;\">Las lesiones en la m\u00e9dula espinal y la espalda causadas por un accidente con un cami\u00f3n de UPS pueden tener consecuencias que cambian la vida, dejando a las v\u00edctimas con dolor cr\u00f3nico, problemas de movilidad o discapacidades permanentes.<\/span><\/p>\n<p><span style=\"font-weight: 400;\">Estas lesiones suelen requerir atenci\u00f3n m\u00e9dica de por vida, incluyendo cirug\u00edas, fisioterapia y dispositivos de asistencia. La carga econ\u00f3mica y emocional que suponen estas lesiones puede dificultar el mantenimiento de su calidad de vida.<\/span><\/p>\n<p><span style=\"font-weight: 400;\">Las hernias discales, una lesi\u00f3n de espalda com\u00fan en los accidentes de cami\u00f3n, se producen cuando el tejido blando entre las v\u00e9rtebras se rompe o se desplaza. Esto puede provocar dolor intenso, entumecimiento o debilidad en los brazos o las piernas.<\/span><\/p>\n<p><span style=\"font-weight: 400;\">Los da\u00f1os en la m\u00e9dula espinal pueden provocar lesiones m\u00e1s graves, como par\u00e1lisis total o parcial, lo que altera dr\u00e1sticamente la independencia y la movilidad de la v\u00edctima.<\/span><\/p>\n\n<div class=\"cta-container row align-items-center\">\n    <div class=\"col-md-7\">\n        <p class=\"cta-text rs-content-cta\">Orgullosos de servir a Duluth y a todo Georgia <span>\u00a1Cont\u00e1ctenos para comenzar su recuperaci\u00f3n!<\/span> <a href=\"https:\/\/slamdunkattorney.com\/es\/\">Explore nuestras \u00e1reas de pr\u00e1ctica<\/a><\/p>\n    <\/div>\n    <div class=\"col-md-5\">\n        <img decoding=\"async\" src=\"https:\/\/slamdunkattorney.com\/wp-content\/themes\/slam-dunk-rebuild\/assets\/app\/img\/map-cta.jpg\" alt=\"Legal Consultation\" class=\"img-fluid\"\/>\n    <\/div>\n<\/div><h2><span style=\"font-weight: 400;\">C\u00f3mo saber si tienes derecho a exigir una indemnizaci\u00f3n por tu sufrimiento<\/span><\/h2>\n<p><span style=\"font-weight: 400;\">Determinar si tienes motivos para presentar una demanda por un accidente con un cami\u00f3n de UPS puede resultar complicado, especialmente si no est\u00e1s seguro de si tus lesiones son lo suficientemente graves como para justificar una acci\u00f3n legal.<\/span><\/p>\n<p><span style=\"font-weight: 400;\">Las v\u00edctimas suelen preocuparse por demostrar el alcance de su sufrimiento y si este re\u00fane los requisitos para recibir una indemnizaci\u00f3n. Los elementos de negligencia pueden establecer su derecho a presentar una reclamaci\u00f3n e incluyen:<\/span><\/p>\n<ul>\n<li style=\"font-weight: 400;\" aria-level=\"1\"><span style=\"font-weight: 400;\">Deber de diligencia\u00a0<\/span><\/li>\n<li style=\"font-weight: 400;\" aria-level=\"1\"><span style=\"font-weight: 400;\">Incumplimiento del deber\u00a0<\/span><\/li>\n<li style=\"font-weight: 400;\" aria-level=\"1\"><span style=\"font-weight: 400;\">Causalidad<\/span><\/li>\n<li style=\"font-weight: 400;\" aria-level=\"1\"><span style=\"font-weight: 400;\">Da\u00f1os y perjuicios\u00a0<\/span><\/li>\n<\/ul>\n<p><span style=\"font-weight: 400;\">Si se dan estos elementos, es probable que tenga motivos para presentar una demanda. La ley de Georgia, en virtud de <\/span><span style=\"font-weight: 400;\">O.C.G.A. \u00a7 51-1-6<\/span><span style=\"font-weight: 400;\">, establece el marco para demostrar la negligencia y obtener una indemnizaci\u00f3n.<\/span><\/p>\n<p><span style=\"font-weight: 400;\">Tu <\/span><b>Abogado especializado en accidentes de camiones UPS en Duluth<\/b><span style=\"font-weight: 400;\"> Slam Dunk Attorney analizar\u00e1 detenidamente los detalles de su colisi\u00f3n para determinar si lo m\u00e1s conveniente es presentar una reclamaci\u00f3n al seguro o una demanda civil.<\/span><\/p>\n\n<div class=\"cta-container map-bg row align-items-center flex-md-row-reverse\">\n    <div class=\"col-md-6\">\n        <p class=\"cta-text rs-content-cta\">Abogado especializado en accidentes de camiones UPS en Duluth cerca de m\u00ed <a href=\"tel:+14049513513\">404-951-3513<\/a><\/p>\n    <\/div>\n    <div class=\"col-md-6 col-bg\">\n    <\/div>\n<\/div><h2><span style=\"font-weight: 400;\">Partes que podr\u00edan ser responsables de los da\u00f1os causados por su accidente con un cami\u00f3n de UPS en Duluth<\/span><\/h2>\n<p><span style=\"font-weight: 400;\">La determinaci\u00f3n de la responsabilidad en un accidente de cami\u00f3n de UPS a menudo revela que varias partes comparten la responsabilidad de la colisi\u00f3n. Se debe evaluar cuidadosamente el papel de cada parte en la causa del accidente para garantizar que usted reciba la indemnizaci\u00f3n completa que se merece. Estas son algunas de las partes que pueden ser nombradas en su reclamaci\u00f3n por accidente de cami\u00f3n de UPS en Duluth:<\/span><\/p>\n<h3><span style=\"font-weight: 400;\">UPS<\/span><\/h3>\n<p><span style=\"font-weight: 400;\">UPS puede ser considerada responsable de los accidentes causados por pr\u00e1cticas o pol\u00edticas inseguras de la empresa. Por ejemplo:, <\/span><b>si la empresa presiona a los conductores para que cumplan con plazos de entrega poco realistas<\/b><span style=\"font-weight: 400;\">, esto puede provocar exceso de velocidad o conducci\u00f3n fatigada. Adem\u00e1s, no mantener la flota en buen estado o no garantizar que los conductores reciban la formaci\u00f3n adecuada puede dar lugar a colisiones evitables.<\/span><\/p>\n<h3><span style=\"font-weight: 400;\">Conductores de camiones de UPS<\/span><\/h3>\n<p><span style=\"font-weight: 400;\">Los conductores de camiones de UPS pueden ser considerados responsables de los accidentes cuando su negligencia o imprudencia causan da\u00f1os. Los conductores tienen la obligaci\u00f3n de conducir sus veh\u00edculos de forma segura, respetar las normas de tr\u00e1nsito y cumplir con la normativa federal sobre transporte por carretera. Cuando estos conductores incumplen estas responsabilidades, pueden ser considerados responsables de los da\u00f1os que usted haya sufrido, entre los que se incluyen, por ejemplo:<\/span><\/p>\n<ul>\n<li style=\"font-weight: 400;\" aria-level=\"1\"><span style=\"font-weight: 400;\">Conducci\u00f3n distra\u00edda\u00a0<\/span><\/li>\n<li style=\"font-weight: 400;\" aria-level=\"1\"><span style=\"font-weight: 400;\">No detenerse o ceder el paso<\/span><\/li>\n<li style=\"font-weight: 400;\" aria-level=\"1\"><span style=\"font-weight: 400;\">Exceso de velocidad\u00a0<\/span><\/li>\n<li style=\"font-weight: 400;\" aria-level=\"1\"><span style=\"font-weight: 400;\">Conducci\u00f3n en estado de fatiga\u00a0<\/span><\/li>\n<li style=\"font-weight: 400;\" aria-level=\"1\"><span style=\"font-weight: 400;\">Seguir demasiado de cerca<\/span><\/li>\n<\/ul>\n<p><span style=\"font-weight: 400;\">Tu <\/span><a href=\"https:\/\/slamdunkattorney.com\/es\/duluth\/catastrophic-injury-lawyer\/\"><span style=\"font-weight: 400;\">Abogado especializado en lesiones catastr\u00f3ficas en Duluth<\/span><\/a><span style=\"font-weight: 400;\"> Investigaremos minuciosamente el historial del conductor y las acciones que condujeron al accidente. Recopilaremos pruebas para construir el caso m\u00e1s s\u00f3lido posible bas\u00e1ndonos en las circunstancias de su caso.\u00a0<\/span><\/p>\n<p><span style=\"font-weight: 400;\">Desde descubrir pruebas de conductas imprudentes, como conducir distra\u00eddo bajo <\/span><span style=\"font-weight: 400;\">O.C.G.A. \u00a7 40-6-241<\/span><span style=\"font-weight: 400;\">, hasta documentar infracciones de las normas de seguridad, como las normas sobre horas de servicio en virtud de <\/span><a href=\"https:\/\/www.fmcsa.dot.gov\/regulations\/hours-of-service\" target=\"_blank\" rel=\"noopener\"><span style=\"font-weight: 400;\">49 CFR 395<\/span><\/a><span style=\"font-weight: 400;\">, trabajaremos sin descanso para que los conductores negligentes rindan cuentas por los da\u00f1os que han causado.<\/span><\/p>\n<h3><span style=\"font-weight: 400;\">Otros terceros<\/span><\/h3>\n<p><span style=\"font-weight: 400;\">La responsabilidad por un accidente de un cami\u00f3n de UPS puede extenderse m\u00e1s all\u00e1 del conductor y la empresa. En algunos casos, los contratistas o proveedores de servicios externos tambi\u00e9n pueden ser considerados responsables por su participaci\u00f3n en la colisi\u00f3n. Por ejemplo, los proveedores de mantenimiento pueden compartir la responsabilidad si no realizan las reparaciones o inspecciones necesarias.\u00a0<\/span><\/p>\n\n<div class=\"cta-container row align-items-center\">\n    <div class=\"col-md-7\">\n        <p class=\"cta-text rs-content-cta\"><a class=\"no-btn\" href=\"https:\/\/slamdunkattorney.com\/es\/contact-us\/\">Haga clic para contactar<\/a> Nuestros abogados especializados en accidentes de camiones en Duluth hoy mismo.<\/p>\n    <\/div>\n    <div class=\"col-md-5\">\n        <img decoding=\"async\" src=\"https:\/\/slamdunkattorney.com\/wp-content\/themes\/slam-dunk-rebuild\/assets\/app\/img\/map-cta.jpg\" alt=\"Contact Us\" class=\"img-fluid\"\/>\n    <\/div>\n<\/div><h2><span style=\"font-weight: 400;\">Hable hoy mismo con un abogado especializado en accidentes de camiones de UPS en Duluth para obtener apoyo.<\/span><\/h2>\n<p><span style=\"font-weight: 400;\">Sufrir lesiones devastadoras en un accidente con un cami\u00f3n de UPS puede afectar todos los aspectos de su vida y hacer que se sienta abrumado.<\/span><\/p>\n<p><span style=\"font-weight: 400;\">Aunque puede resultar dif\u00edcil saber a qui\u00e9n acudir, no tiene por qu\u00e9 afrontar estos retos solo. Su abogado especializado en accidentes de camiones de UPS en Duluth, de Slam Dunk Attorney, est\u00e1 aqu\u00ed para ayudarle a reconstruir su vida tras esta desastrosa experiencia.<\/span><\/p>\n<p><span style=\"font-weight: 400;\">Nos comprometemos a exigir responsabilidades a los conductores negligentes de UPS, a la empresa y a otras partes responsables por sus acciones.<\/span><\/p>\n<p><span style=\"font-weight: 400;\">Con <\/span><b>d\u00e9cadas de experiencia y un enfoque en la comunidad<\/b>\u2013<b>defensa decidida<\/b>,<span style=\"font-weight: 400;\"> Nos comprometemos a maximizar su indemnizaci\u00f3n y a apoyarle durante todo el proceso. Llene nuestro breve formulario de contacto o ll\u00e1menos hoy mismo para programar su consulta confidencial y gratuita.<\/span><\/p>\n\n<div class=\"cta-container row align-items-center\">\n    <div class=\"col-md-7\">\n        <p class=\"cta-text rs-content-cta\">Llame o env\u00ede un mensaje de texto <a class=\"no-btn\" href=\"tel:+14049513513\">404-951-3513<\/a> o completar un <a href=\"https:\/\/slamdunkattorney.com\/es\/contact-us\/\">Formulario de evaluaci\u00f3n gratuita de su caso<\/a><\/p>\n    <\/div>\n    <div class=\"col-md-5\">\n        <img decoding=\"async\" src=\"https:\/\/slamdunkattorney.com\/wp-content\/themes\/slam-dunk-rebuild\/assets\/app\/img\/map-cta.jpg\" alt=\"Call or Text\" class=\"img-fluid\"\/>\n    <\/div>\n<\/div>","protected":false},"excerpt":{"rendered":"<p>A UPS truck accident can leave you unable to work, struggling without reliable transportation, and worried about how you will support yourself while recovering. Missing work due to injuries and dealing with the aftermath of a collision can create significant financial and emotional stress.\u00a0 With your Duluth UPS truck accident lawyer from Slam Dunk Attorney, &#8230;<\/p>","protected":false},"author":2,"featured_media":0,"parent":47,"menu_order":0,"comment_status":"closed","ping_status":"closed","template":"","meta":{"_acf_changed":false,"_genesis_hide_title":false,"_genesis_hide_breadcrumbs":false,"_genesis_hide_singular_image":false,"_genesis_hide_footer_widgets":false,"_genesis_custom_body_class":"","_genesis_custom_post_class":"","_genesis_layout":"","ngg_post_thumbnail":0,"footnotes":""},"extra-categories":[],"hc_faqs":[],"class_list":{"0":"post-15271","1":"page","2":"type-page","3":"status-publish","5":"hc_city_location-duluth","6":"entry"},"acf":[],"yoast_head":"<!-- This site is optimized with the Yoast SEO plugin v27.5 - https:\/\/yoast.com\/product\/yoast-seo-wordpress\/ -->\n<title>UPS Truck Accident Lawyer in Duluth | Free Consultation<\/title>\n<meta name=\"description\" content=\"You need a Duluth UPS truck accident lawyer to help you fight for maximum compensation for costs related to your accident. 24\/7 help.\" \/>\n<meta name=\"robots\" content=\"index, follow, max-snippet:-1, max-image-preview:large, max-video-preview:-1\" \/>\n<link rel=\"canonical\" href=\"https:\/\/slamdunkattorney.com\/es\/duluth\/truck-accident-lawyer\/ups\/\" \/>\n<meta property=\"og:locale\" content=\"es_MX\" \/>\n<meta property=\"og:type\" content=\"article\" \/>\n<meta property=\"og:title\" content=\"UPS Truck Accident Lawyer in Duluth | Free Consultation\" \/>\n<meta property=\"og:description\" content=\"You need a Duluth UPS truck accident lawyer to help you fight for maximum compensation for costs related to your accident. 24\/7 help.\" \/>\n<meta property=\"og:url\" content=\"https:\/\/slamdunkattorney.com\/es\/duluth\/truck-accident-lawyer\/ups\/\" \/>\n<meta property=\"og:site_name\" content=\"Slam Dunk Attorney | Injury Lawyers\" \/>\n<meta property=\"article:publisher\" content=\"https:\/\/www.facebook.com\/slamdunkattorneyinjurylawyers\/\" \/>\n<meta property=\"article:modified_time\" content=\"2025-02-07T19:40:18+00:00\" \/>\n<meta property=\"og:image\" content=\"https:\/\/slamdunkattorney.com\/wp-content\/uploads\/2023\/05\/cropped-Logo.png\" \/>\n\t<meta property=\"og:image:width\" content=\"1080\" \/>\n\t<meta property=\"og:image:height\" content=\"240\" \/>\n\t<meta property=\"og:image:type\" content=\"image\/png\" \/>\n<meta name=\"twitter:card\" content=\"summary_large_image\" \/>\n<meta name=\"twitter:site\" content=\"@slamdunkattorney\" \/>\n<meta name=\"twitter:label1\" content=\"Est. reading time\" \/>\n\t<meta name=\"twitter:data1\" content=\"5 minutos\" \/>\n<script type=\"application\/ld+json\" class=\"yoast-schema-graph\">{\"@context\":\"https:\\\/\\\/schema.org\",\"@graph\":[{\"@type\":\"WebPage\",\"@id\":\"https:\\\/\\\/slamdunkattorney.com\\\/duluth\\\/truck-accident-lawyer\\\/ups\\\/\",\"url\":\"https:\\\/\\\/slamdunkattorney.com\\\/duluth\\\/truck-accident-lawyer\\\/ups\\\/\",\"name\":\"UPS Truck Accident Lawyer in Duluth | Free Consultation\",\"isPartOf\":{\"@id\":\"https:\\\/\\\/slamdunkattorney.com\\\/#website\"},\"datePublished\":\"2025-02-04T05:06:18+00:00\",\"dateModified\":\"2025-02-07T19:40:18+00:00\",\"description\":\"You need a Duluth UPS truck accident lawyer to help you fight for maximum compensation for costs related to your accident. 24\\\/7 help.\",\"breadcrumb\":{\"@id\":\"https:\\\/\\\/slamdunkattorney.com\\\/duluth\\\/truck-accident-lawyer\\\/ups\\\/#breadcrumb\"},\"inLanguage\":\"es\",\"potentialAction\":[{\"@type\":\"ReadAction\",\"target\":[\"https:\\\/\\\/slamdunkattorney.com\\\/duluth\\\/truck-accident-lawyer\\\/ups\\\/\"]}]},{\"@type\":\"BreadcrumbList\",\"@id\":\"https:\\\/\\\/slamdunkattorney.com\\\/duluth\\\/truck-accident-lawyer\\\/ups\\\/#breadcrumb\",\"itemListElement\":[{\"@type\":\"ListItem\",\"position\":1,\"name\":\"Home\",\"item\":\"https:\\\/\\\/slamdunkattorney.com\\\/\"},{\"@type\":\"ListItem\",\"position\":2,\"name\":\"Duluth, GA Personal Injury Lawyer\",\"item\":\"https:\\\/\\\/slamdunkattorney.com\\\/\"},{\"@type\":\"ListItem\",\"position\":3,\"name\":\"Duluth Truck Accident Lawyer\",\"item\":\"https:\\\/\\\/slamdunkattorney.com\\\/duluth\\\/truck-accident-lawyer\\\/\"},{\"@type\":\"ListItem\",\"position\":4,\"name\":\"UPS Truck Accident\"}]},{\"@type\":\"WebSite\",\"@id\":\"https:\\\/\\\/slamdunkattorney.com\\\/#website\",\"url\":\"https:\\\/\\\/slamdunkattorney.com\\\/\",\"name\":\"Slam Dunk Attorney | Injury Lawyers\",\"description\":\"Duluth Personal Injury Lawyers\",\"publisher\":{\"@id\":\"https:\\\/\\\/slamdunkattorney.com\\\/#organization\"},\"alternateName\":\"Slam Dunk Attorney\",\"inLanguage\":\"es\"},{\"@type\":\"Organization\",\"@id\":\"https:\\\/\\\/slamdunkattorney.com\\\/#organization\",\"name\":\"Slam Dunk Attorney\",\"alternateName\":\"Slam Dunk\",\"url\":\"https:\\\/\\\/slamdunkattorney.com\\\/\",\"logo\":{\"@type\":\"ImageObject\",\"inLanguage\":\"es\",\"@id\":\"https:\\\/\\\/slamdunkattorney.com\\\/#\\\/schema\\\/logo\\\/image\\\/\",\"url\":\"https:\\\/\\\/slamdunkattorney.com\\\/wp-content\\\/uploads\\\/2023\\\/05\\\/cropped-Logo.png\",\"contentUrl\":\"https:\\\/\\\/slamdunkattorney.com\\\/wp-content\\\/uploads\\\/2023\\\/05\\\/cropped-Logo.png\",\"width\":1080,\"height\":240,\"caption\":\"Slam Dunk Attorney\"},\"image\":{\"@id\":\"https:\\\/\\\/slamdunkattorney.com\\\/#\\\/schema\\\/logo\\\/image\\\/\"},\"sameAs\":[\"https:\\\/\\\/www.facebook.com\\\/slamdunkattorneyinjurylawyers\\\/\",\"https:\\\/\\\/x.com\\\/slamdunkattorney\",\"https:\\\/\\\/www.instagram.com\\\/slamdunkattorney\\\/\",\"https:\\\/\\\/www.youtube.com\\\/channel\\\/UCSrOiC7vOjlCi3UgtIVGNtw\",\"https:\\\/\\\/www.linkedin.com\\\/company\\\/slamdunkattorneyinjurylawyers\"]}]}<\/script>\n<!-- \/ Yoast SEO plugin. -->","yoast_head_json":{"title":"UPS Truck Accident Lawyer in Duluth | Free Consultation","description":"You need a Duluth UPS truck accident lawyer to help you fight for maximum compensation for costs related to your accident. 24\/7 help.","robots":{"index":"index","follow":"follow","max-snippet":"max-snippet:-1","max-image-preview":"max-image-preview:large","max-video-preview":"max-video-preview:-1"},"canonical":"https:\/\/slamdunkattorney.com\/es\/duluth\/truck-accident-lawyer\/ups\/","og_locale":"es_MX","og_type":"article","og_title":"UPS Truck Accident Lawyer in Duluth | Free Consultation","og_description":"You need a Duluth UPS truck accident lawyer to help you fight for maximum compensation for costs related to your accident. 24\/7 help.","og_url":"https:\/\/slamdunkattorney.com\/es\/duluth\/truck-accident-lawyer\/ups\/","og_site_name":"Slam Dunk Attorney | Injury Lawyers","article_publisher":"https:\/\/www.facebook.com\/slamdunkattorneyinjurylawyers\/","article_modified_time":"2025-02-07T19:40:18+00:00","og_image":[{"width":1080,"height":240,"url":"https:\/\/slamdunkattorney.com\/wp-content\/uploads\/2023\/05\/cropped-Logo.png","type":"image\/png"}],"twitter_card":"summary_large_image","twitter_site":"@slamdunkattorney","twitter_misc":{"Est. reading time":"5 minutos"},"schema":{"@context":"https:\/\/schema.org","@graph":[{"@type":"WebPage","@id":"https:\/\/slamdunkattorney.com\/duluth\/truck-accident-lawyer\/ups\/","url":"https:\/\/slamdunkattorney.com\/duluth\/truck-accident-lawyer\/ups\/","name":"UPS Truck Accident Lawyer in Duluth | Free Consultation","isPartOf":{"@id":"https:\/\/slamdunkattorney.com\/#website"},"datePublished":"2025-02-04T05:06:18+00:00","dateModified":"2025-02-07T19:40:18+00:00","description":"You need a Duluth UPS truck accident lawyer to help you fight for maximum compensation for costs related to your accident. 24\/7 help.","breadcrumb":{"@id":"https:\/\/slamdunkattorney.com\/duluth\/truck-accident-lawyer\/ups\/#breadcrumb"},"inLanguage":"es","potentialAction":[{"@type":"ReadAction","target":["https:\/\/slamdunkattorney.com\/duluth\/truck-accident-lawyer\/ups\/"]}]},{"@type":"BreadcrumbList","@id":"https:\/\/slamdunkattorney.com\/duluth\/truck-accident-lawyer\/ups\/#breadcrumb","itemListElement":[{"@type":"ListItem","position":1,"name":"Home","item":"https:\/\/slamdunkattorney.com\/"},{"@type":"ListItem","position":2,"name":"Duluth, GA Personal Injury Lawyer","item":"https:\/\/slamdunkattorney.com\/"},{"@type":"ListItem","position":3,"name":"Duluth Truck Accident Lawyer","item":"https:\/\/slamdunkattorney.com\/duluth\/truck-accident-lawyer\/"},{"@type":"ListItem","position":4,"name":"UPS Truck Accident"}]},{"@type":"WebSite","@id":"https:\/\/slamdunkattorney.com\/#website","url":"https:\/\/slamdunkattorney.com\/","name":"Abogado experto en lesiones | Abogados especializados en lesiones","description":"Abogados de lesiones personales en Duluth","publisher":{"@id":"https:\/\/slamdunkattorney.com\/#organization"},"alternateName":"Slam Dunk Attorney","inLanguage":"es"},{"@type":"Organization","@id":"https:\/\/slamdunkattorney.com\/#organization","name":"Abogado Slam Dunk","alternateName":"Slam Dunk","url":"https:\/\/slamdunkattorney.com\/","logo":{"@type":"ImageObject","inLanguage":"es","@id":"https:\/\/slamdunkattorney.com\/#\/schema\/logo\/image\/","url":"https:\/\/slamdunkattorney.com\/wp-content\/uploads\/2023\/05\/cropped-Logo.png","contentUrl":"https:\/\/slamdunkattorney.com\/wp-content\/uploads\/2023\/05\/cropped-Logo.png","width":1080,"height":240,"caption":"Slam Dunk Attorney"},"image":{"@id":"https:\/\/slamdunkattorney.com\/#\/schema\/logo\/image\/"},"sameAs":["https:\/\/www.facebook.com\/slamdunkattorneyinjurylawyers\/","https:\/\/x.com\/slamdunkattorney","https:\/\/www.instagram.com\/slamdunkattorney\/","https:\/\/www.youtube.com\/channel\/UCSrOiC7vOjlCi3UgtIVGNtw","https:\/\/www.linkedin.com\/company\/slamdunkattorneyinjurylawyers"]}]}},"yoast_meta":{"yoast_wpseo_title":"","yoast_wpseo_metadesc":"","yoast_wpseo_canonical":"https:\/\/slamdunkattorney.com\/es\/wp-json\/wp\/v2\/pages\/15271"},"_links":{"self":[{"href":"https:\/\/slamdunkattorney.com\/es\/wp-json\/wp\/v2\/pages\/15271","targetHints":{"allow":["GET"]}}],"collection":[{"href":"https:\/\/slamdunkattorney.com\/es\/wp-json\/wp\/v2\/pages"}],"about":[{"href":"https:\/\/slamdunkattorney.com\/es\/wp-json\/wp\/v2\/types\/page"}],"author":[{"embeddable":true,"href":"https:\/\/slamdunkattorney.com\/es\/wp-json\/wp\/v2\/users\/2"}],"replies":[{"embeddable":true,"href":"https:\/\/slamdunkattorney.com\/es\/wp-json\/wp\/v2\/comments?post=15271"}],"version-history":[{"count":0,"href":"https:\/\/slamdunkattorney.com\/es\/wp-json\/wp\/v2\/pages\/15271\/revisions"}],"up":[{"embeddable":true,"href":"https:\/\/slamdunkattorney.com\/es\/wp-json\/wp\/v2\/pages\/47"}],"wp:attachment":[{"href":"https:\/\/slamdunkattorney.com\/es\/wp-json\/wp\/v2\/media?parent=15271"}],"wp:term":[{"taxonomy":"extra-categories","embeddable":true,"href":"https:\/\/slamdunkattorney.com\/es\/wp-json\/wp\/v2\/extra-categories?post=15271"},{"taxonomy":"hc_faqs","embeddable":true,"href":"https:\/\/slamdunkattorney.com\/es\/wp-json\/wp\/v2\/hc_faqs?post=15271"}],"curies":[{"name":"wp","href":"https:\/\/api.w.org\/{rel}","templated":true}]}}