{"id":15270,"date":"2025-02-04T05:01:33","date_gmt":"2025-02-04T05:01:33","guid":{"rendered":"https:\/\/slamdunk.wpenginepowered.com\/?page_id=15270"},"modified":"2025-05-16T22:58:01","modified_gmt":"2025-05-16T22:58:01","slug":"duluth-amazon-truck-accident-lawyer","status":"publish","type":"page","link":"https:\/\/slamdunkattorney.com\/es\/duluth\/truck-accident-lawyer\/amazon\/","title":{"rendered":"Abogado especializado en accidentes de camiones de Amazon en Duluth"},"content":{"rendered":"<p><span style=\"font-weight: 400;\">Un accidente devastador con un cami\u00f3n de Amazon puede tener un impacto catastr\u00f3fico en su vida diaria. Sin un veh\u00edculo en buen estado, el simple hecho de ir al trabajo o a las citas m\u00e9dicas se convierte en un reto, lo que agrava sus dificultades econ\u00f3micas.\u00a0<\/span><\/p>\n<p><span style=\"font-weight: 400;\">Con su abogado especializado en accidentes de camiones de Amazon en Duluth de Slam Dunk Attorney de su lado, podr\u00e1 aprovechar nuestra disponibilidad las 24 horas del d\u00eda, los 7 d\u00edas de la semana, sin costos iniciales y sin honorarios a menos que ganemos, lo que le garantiza que podr\u00e1 concentrarse en su recuperaci\u00f3n sin estr\u00e9s adicional.<\/span><\/p>\n<p><span style=\"font-weight: 400;\">Estaremos a su lado durante todo el proceso, manteni\u00e9ndole informado y <\/span><b>Representaci\u00f3n agresiva para garantizar la indemnizaci\u00f3n que usted se merece.<\/b><span style=\"font-weight: 400;\">.<\/span><\/p>\n<p><span style=\"font-weight: 400;\">Tu <\/span><a href=\"https:\/\/slamdunkattorney.com\/es\/duluth\/truck-accident-lawyer\/\"><span style=\"font-weight: 400;\">Abogado especializado en accidentes de camiones en Duluth<\/span><\/a><span style=\"font-weight: 400;\"> investigar\u00e1, preparar\u00e1 una demanda s\u00f3lida y luchar\u00e1 por sus derechos. P\u00f3ngase en contacto con nosotros hoy mismo para programar una evaluaci\u00f3n gratuita de su caso.<\/span><\/p>\n<h2><span style=\"font-weight: 400;\">Causas comunes de los accidentes de camiones de Amazon<\/span><\/h2>\n<p><span style=\"font-weight: 400;\">Los accidentes de camiones de Amazon pueden ocurrir de diversas formas, desde malas condiciones de la carretera hasta negligencia del conductor. Estos accidentes suelen involucrar a m\u00faltiples partes y cuestiones complejas de responsabilidad civil, lo que requiere investigaciones exhaustivas para determinar qui\u00e9n es el culpable.<\/span><\/p>\n<p><span style=\"font-weight: 400;\">Tu <\/span><a href=\"https:\/\/slamdunkattorney.com\/es\/\"><span style=\"font-weight: 400;\">Abogado especializado en lesiones personales en Duluth<\/span><\/a><span style=\"font-weight: 400;\"> ser\u00e1 necesario llevar a cabo una investigaci\u00f3n exhaustiva para que todas las partes responsables rindan cuentas por sus actos negligentes.<\/span><\/p>\n<h3><span style=\"font-weight: 400;\">Riesgos para la seguridad vial<\/span><\/h3>\n<p><span style=\"font-weight: 400;\">Las condiciones inseguras de las carreteras son una causa com\u00fan de accidentes de camiones de Amazon, que a menudo provocan lesiones graves o mortales. Las partes responsables pueden incluir al Departamento de Transporte de Georgia (GDOT), los municipios locales o los contratistas privados responsables del mantenimiento de las carreteras.<\/span><\/p>\n<p><span style=\"font-weight: 400;\">Algunos de los riesgos m\u00e1s comunes para la seguridad vial que pueden provocar colisiones son:<\/span><\/p>\n<ol>\n<li style=\"font-weight: 400;\" aria-level=\"1\"><span style=\"font-weight: 400;\">Baches\u00a0<\/span><\/li>\n<li style=\"font-weight: 400;\" aria-level=\"1\"><span style=\"font-weight: 400;\">Marcas de carril descoloridas\u00a0<\/span><\/li>\n<li style=\"font-weight: 400;\" aria-level=\"1\"><span style=\"font-weight: 400;\">Se\u00f1alizaci\u00f3n deficiente\u00a0<\/span><\/li>\n<li style=\"font-weight: 400;\" aria-level=\"1\"><span style=\"font-weight: 400;\">Superficies irregulares\u00a0<\/span><\/li>\n<li style=\"font-weight: 400;\" aria-level=\"1\"><span style=\"font-weight: 400;\">Escombros\u00a0<\/span><\/li>\n<li style=\"font-weight: 400;\" aria-level=\"1\"><span style=\"font-weight: 400;\">Zonas de construcci\u00f3n sin se\u00f1alizar\u00a0<\/span><\/li>\n<li style=\"font-weight: 400;\" aria-level=\"1\"><span style=\"font-weight: 400;\">Agua estancada\u00a0<\/span><\/li>\n<\/ol>\n<h3><span style=\"font-weight: 400;\">Conducci\u00f3n distra\u00edda<\/span><\/h3>\n<p><span style=\"font-weight: 400;\">Conducir distra\u00eddo a menudo provoca lesiones graves o mortales. Las distracciones pueden incluir ajustar los sistemas GPS, comer mientras se conduce o revisar correos electr\u00f3nicos o mensajes de texto, todo lo cual desv\u00eda la atenci\u00f3n del conductor de la carretera.<\/span><\/p>\n<p><span style=\"font-weight: 400;\">Seg\u00fan el <\/span><a href=\"https:\/\/www.ghsa.org\/state-laws-issues\/distracted-driving\" target=\"_blank\" rel=\"noopener\"><span style=\"font-weight: 400;\">Oficina de Seguridad Vial del Gobernador de Georgia<\/span><\/a><span style=\"font-weight: 400;\">, La conducci\u00f3n distra\u00edda contribuy\u00f3 a miles de accidentes en Georgia en 2023.<\/span><\/p>\n<h3><span style=\"font-weight: 400;\">Camiones de Amazon en mal estado<\/span><\/h3>\n<p><span style=\"font-weight: 400;\">Los camiones de Amazon en mal estado pueden suponer un grave peligro en la carretera y provocar accidentes con lesiones graves o mortales.<\/span><\/p>\n<p><span style=\"font-weight: 400;\"> El mantenimiento regular es esencial para mantener los camiones en condiciones de funcionamiento seguras, y descuidar esta responsabilidad aumenta el riesgo de fallas mec\u00e1nicas. Problemas comunes como frenos defectuosos, llantas desgastadas o fallas en el motor a menudo contribuyen a colisiones que se podr\u00edan prevenir.<\/span><\/p>\n\n<div class=\"cta-container row align-items-center\">\n    <div class=\"col-md-7\">\n        <p class=\"cta-text rs-content-cta\">Orgullosos de servir a Duluth y a todo Georgia <span>\u00a1Cont\u00e1ctenos para comenzar su recuperaci\u00f3n!<\/span> <a href=\"https:\/\/slamdunkattorney.com\/es\/\">Explore nuestras \u00e1reas de pr\u00e1ctica<\/a><\/p>\n    <\/div>\n    <div class=\"col-md-5\">\n        <img decoding=\"async\" src=\"https:\/\/slamdunkattorney.com\/wp-content\/themes\/slam-dunk-rebuild\/assets\/app\/img\/map-cta.jpg\" alt=\"Legal Consultation\" class=\"img-fluid\"\/>\n    <\/div>\n<\/div><h2><span style=\"font-weight: 400;\">C\u00f3mo funciona el proceso de reclamaci\u00f3n por accidentes de camiones de Amazon<\/span><\/h2>\n<p><span style=\"font-weight: 400;\">El proceso de reclamaci\u00f3n por un accidente con un cami\u00f3n de Amazon puede resultar abrumador, pero con el apoyo de un abogado con experiencia, puede estar seguro de que su caso se gestionar\u00e1 de forma eficaz.<\/span><\/p>\n<p><span style=\"font-weight: 400;\">Cada paso del proceso de reclamaci\u00f3n es fundamental. Algunos de los pasos m\u00e1s importantes que hay que seguir para presentar una reclamaci\u00f3n por accidente de cami\u00f3n de Amazon suelen ser los siguientes:<\/span><\/p>\n<ol>\n<li style=\"font-weight: 400;\" aria-level=\"1\"><span style=\"font-weight: 400;\">Investigaci\u00f3n del accidente\u00a0<\/span><\/li>\n<li style=\"font-weight: 400;\" aria-level=\"1\"><span style=\"font-weight: 400;\">Recopilaci\u00f3n de pruebas\u00a0<\/span><\/li>\n<li style=\"font-weight: 400;\" aria-level=\"1\"><span style=\"font-weight: 400;\">Presentaci\u00f3n de reclamaciones al seguro\u00a0<\/span><\/li>\n<li style=\"font-weight: 400;\" aria-level=\"1\"><span style=\"font-weight: 400;\">Evaluaci\u00f3n de da\u00f1os\u00a0<\/span><\/li>\n<li style=\"font-weight: 400;\" aria-level=\"1\"><span style=\"font-weight: 400;\">Negociar un acuerdo\u00a0<\/span><\/li>\n<\/ol>\n<p><span style=\"font-weight: 400;\">Su abogado especializado en accidentes de camiones de Amazon en Duluth determinar\u00e1 si la estrategia m\u00e1s eficaz para su caso es llegar a un acuerdo extrajudicial o interponer una demanda.<\/span><\/p>\n<p><span style=\"font-weight: 400;\">Esta decisi\u00f3n se basa en las circunstancias \u00fanicas de su accidente, incluyendo la gravedad de sus lesiones y la cooperaci\u00f3n de las partes culpables. Sabremos m\u00e1s sobre la cantidad de indemnizaci\u00f3n que se le debe otorgar despu\u00e9s de revisar el valor de sus da\u00f1os.<\/span><\/p>\n\n<div class=\"cta-container map-bg row align-items-center flex-md-row-reverse\">\n    <div class=\"col-md-6\">\n        <p class=\"cta-text rs-content-cta\">Abogado especializado en accidentes de camiones de Amazon en Duluth cerca de m\u00ed <a href=\"tel:+14049513513\">404-951-3513<\/a><\/p>\n    <\/div>\n    <div class=\"col-md-6 col-bg\">\n    <\/div>\n<\/div><h2><span style=\"font-weight: 400;\">Leyes sobre lesiones que podr\u00edan afectar su indemnizaci\u00f3n tras un accidente con un cami\u00f3n de Amazon en Duluth<\/span><\/h2>\n<h3><span style=\"font-weight: 400;\">Leyes sobre seguros contra fallas en Georgia<\/span><\/h3>\n<p><span style=\"font-weight: 400;\">Georgia opera bajo un sistema de seguros basado en la culpa, lo que significa que el seguro de la parte culpable es responsable de cubrir los da\u00f1os. Seg\u00fan el <\/span><a href=\"https:\/\/oci.georgia.gov\/insurance-resources\/auto\" target=\"_blank\" rel=\"noopener\"><span style=\"font-weight: 400;\">Oficina del Comisionado de Seguros y Seguridad contra Incendios de Georgia<\/span><\/a><span style=\"font-weight: 400;\">, las v\u00edctimas pueden solicitar una indemnizaci\u00f3n a las p\u00f3lizas de seguro del conductor o de la empresa por <\/span><b>gastos m\u00e9dicos<\/b>,<b> salarios perdidos<\/b>,<b> y da\u00f1os reales a su propiedad<\/b><span style=\"font-weight: 400;\">. Este sistema permite a las v\u00edctimas presentar reclamaciones contra una o varias partes responsables, dependiendo de las circunstancias espec\u00edficas del accidente.<\/span><\/p>\n<h3><span style=\"font-weight: 400;\">Plazos para presentar reclamaciones<\/span><\/h3>\n<p><span style=\"font-weight: 400;\">Si ha resultado lesionado en un accidente con un cami\u00f3n de Amazon, presentar su reclamaci\u00f3n dentro de los plazos establecidos es fundamental para proteger su derecho a recibir una indemnizaci\u00f3n.<\/span><\/p>\n<p><span style=\"font-weight: 400;\">Las compa\u00f1\u00edas de seguros pueden tener sus propios plazos para presentar reclamaciones, lo que a menudo requiere una acci\u00f3n inmediata despu\u00e9s del accidente. La ley de Georgia establece un plazo de prescripci\u00f3n de dos a\u00f1os para la mayor\u00eda de las reclamaciones por lesiones personales en virtud de <\/span><span style=\"font-weight: 400;\">O.C.G.A. \u00a7 9-3-33<\/span><span style=\"font-weight: 400;\">, pero pueden existir algunas excepciones, como por ejemplo:<\/span><\/p>\n<ul>\n<li style=\"font-weight: 400;\" aria-level=\"1\"><span style=\"font-weight: 400;\">Si la v\u00edctima de la lesi\u00f3n es menor de 18 a\u00f1os, el plazo de prescripci\u00f3n puede ampliarse hasta que alcance la mayor\u00eda de edad.\u00a0<\/span><\/li>\n<li style=\"font-weight: 400;\" aria-level=\"1\"><span style=\"font-weight: 400;\">Los plazos pueden ampliarse si la parte culpable abandona Georgia despu\u00e9s del accidente.\u00a0<\/span><\/li>\n<li style=\"font-weight: 400;\" aria-level=\"1\"><span style=\"font-weight: 400;\">Si las lesiones o los da\u00f1os no son evidentes de inmediato, el plazo para presentar la demanda puede comenzar cuando se descubran.\u00a0<\/span><\/li>\n<\/ul>\n<p><span style=\"font-weight: 400;\">Tu <\/span><a href=\"https:\/\/slamdunkattorney.com\/es\/duluth\/catastrophic-injury-lawyer\/\"><span style=\"font-weight: 400;\">Abogado especializado en lesiones catastr\u00f3ficas en Duluth<\/span><\/a><span style=\"font-weight: 400;\"> Los abogados de Slam Dunk Attorney pueden comenzar a trabajar en su caso lo antes posible para cumplir con todos los plazos aplicables y preparar una demanda convincente.\u00a0<\/span><\/p>\n<p><span style=\"font-weight: 400;\">Algunas pruebas pueden ser sensibles al paso del tiempo, como las grabaciones de video, que a menudo se sobrescriben, o los testigos, que pueden recordar mal hechos importantes. Actuar con rapidez garantiza la conservaci\u00f3n de las pruebas y aumenta sus posibilidades de obtener la indemnizaci\u00f3n que necesita.<\/span><\/p>\n<h3><span style=\"font-weight: 400;\">Leyes modificadas de negligencia comparativa de Georgia<\/span><\/h3>\n<p><span style=\"font-weight: 400;\">Georgia sigue las leyes modificadas de negligencia comparativa, que permiten a las partes lesionadas obtener una indemnizaci\u00f3n siempre que su culpa en el accidente sea inferior al 50%. Esta ley, descrita en <\/span><span style=\"font-weight: 400;\">O.C.G.A. \u00a7 51-12-33<\/span><span style=\"font-weight: 400;\">, reduce la cantidad de indemnizaci\u00f3n que puede recibir en funci\u00f3n de su porcentaje de culpa.\u00a0<\/span><\/p>\n<p><span style=\"font-weight: 400;\">Por ejemplo, si el juez determinara que usted es responsable de un accidente de cami\u00f3n de Amazon y sus da\u00f1os totales ascendieran a 100,000, su indemnizaci\u00f3n se reducir\u00eda en 10%, qued\u00e1ndole 90,000.\u00a0<\/span><\/p>\n\n<div class=\"cta-container row align-items-center\">\n    <div class=\"col-md-7\">\n        <p class=\"cta-text rs-content-cta\"><a class=\"no-btn\" href=\"https:\/\/slamdunkattorney.com\/es\/contact-us\/\">Haga clic para contactar<\/a> Nuestros abogados especializados en accidentes de camiones en Duluth hoy mismo.<\/p>\n    <\/div>\n    <div class=\"col-md-5\">\n        <img decoding=\"async\" src=\"https:\/\/slamdunkattorney.com\/wp-content\/themes\/slam-dunk-rebuild\/assets\/app\/img\/map-cta.jpg\" alt=\"Contact Us\" class=\"img-fluid\"\/>\n    <\/div>\n<\/div><h2><span style=\"font-weight: 400;\">Hable hoy mismo con un abogado l\u00edder en accidentes de camiones de Amazon en Duluth para obtener la ayuda que necesita.<\/span><\/h2>\n<p><span style=\"font-weight: 400;\">Si ha sufrido lesiones en un accidente con un cami\u00f3n de Amazon, es posible que se sienta ansioso e inseguro sobre los pasos a seguir. Desde hacer frente a las facturas m\u00e9dicas y los salarios perdidos hasta lidiar con el impacto emocional del accidente, puede resultar dif\u00edcil seguir adelante sin el apoyo de un abogado con experiencia.\u00a0<\/span><\/p>\n<p><span style=\"font-weight: 400;\">Tu abogado especializado en accidentes de camiones de Amazon en Duluth, de Slam Dunk Attorney, est\u00e1 aqu\u00ed para asegurarse de que comprendas tus opciones y luchar por obtener la m\u00e1xima indemnizaci\u00f3n por tus da\u00f1os y sufrimiento.<\/span><\/p>\n<p><span style=\"font-weight: 400;\">Nos comprometemos a guiarlo en estos momentos dif\u00edciles con empat\u00eda y con el objetivo de conseguir el mejor resultado posible para su caso.<\/span><\/p>\n<p><span style=\"font-weight: 400;\">Nuestro equipo trabajar\u00e1 sin descanso para que las partes negligentes rindan cuentas y para ayudarle a reconstruir su vida. Llene ahora nuestro formulario de contacto seguro o llame a nuestra oficina para programar una cita.<\/span><b>Consulta gratuita r 100% hoy mismo.<\/b><\/p>\n\n<div class=\"cta-container row align-items-center\">\n    <div class=\"col-md-7\">\n        <p class=\"cta-text rs-content-cta\">Llame o env\u00ede un mensaje de texto <a class=\"no-btn\" href=\"tel:+14049513513\">404-951-3513<\/a> o completar un <a href=\"https:\/\/slamdunkattorney.com\/es\/contact-us\/\">Formulario de evaluaci\u00f3n gratuita de su caso<\/a><\/p>\n    <\/div>\n    <div class=\"col-md-5\">\n        <img decoding=\"async\" src=\"https:\/\/slamdunkattorney.com\/wp-content\/themes\/slam-dunk-rebuild\/assets\/app\/img\/map-cta.jpg\" alt=\"Call or Text\" class=\"img-fluid\"\/>\n    <\/div>\n<\/div>","protected":false},"excerpt":{"rendered":"<p>A devastating Amazon truck accident can have a catastrophic impact on your daily life. Without a functioning vehicle, simply getting to work or medical appointments becomes a challenge, compounding your financial difficulties.\u00a0 With your Duluth Amazon truck accident lawyer from Slam Dunk Attorney on your side, you can take advantage of our 24\/7 availability, no &#8230;<\/p>","protected":false},"author":2,"featured_media":0,"parent":47,"menu_order":0,"comment_status":"closed","ping_status":"closed","template":"","meta":{"_acf_changed":false,"_genesis_hide_title":false,"_genesis_hide_breadcrumbs":false,"_genesis_hide_singular_image":false,"_genesis_hide_footer_widgets":false,"_genesis_custom_body_class":"","_genesis_custom_post_class":"","_genesis_layout":"","ngg_post_thumbnail":0,"footnotes":""},"extra-categories":[],"hc_faqs":[],"class_list":{"0":"post-15270","1":"page","2":"type-page","3":"status-publish","5":"hc_city_location-duluth","6":"entry"},"acf":[],"yoast_head":"<!-- This site is optimized with the Yoast SEO plugin v27.3 - https:\/\/yoast.com\/product\/yoast-seo-wordpress\/ -->\n<title>Amazon Truck Accident Lawyer in Duluth | Free Consultation<\/title>\n<meta name=\"description\" content=\"You need a Duluth Amazon truck accident lawyer to help you fight for maximum compensation for costs related to your accident. 24\/7 help.\" \/>\n<meta name=\"robots\" content=\"index, follow, max-snippet:-1, max-image-preview:large, max-video-preview:-1\" \/>\n<link rel=\"canonical\" href=\"https:\/\/slamdunkattorney.com\/es\/duluth\/truck-accident-lawyer\/amazon\/\" \/>\n<meta property=\"og:locale\" content=\"es_MX\" \/>\n<meta property=\"og:type\" content=\"article\" \/>\n<meta property=\"og:title\" content=\"Amazon Truck Accident Lawyer in Duluth | Free Consultation\" \/>\n<meta property=\"og:description\" content=\"You need a Duluth Amazon truck accident lawyer to help you fight for maximum compensation for costs related to your accident. 24\/7 help.\" \/>\n<meta property=\"og:url\" content=\"https:\/\/slamdunkattorney.com\/es\/duluth\/truck-accident-lawyer\/amazon\/\" \/>\n<meta property=\"og:site_name\" content=\"Slam Dunk Attorney | Injury Lawyers\" \/>\n<meta property=\"article:publisher\" content=\"https:\/\/www.facebook.com\/slamdunkattorneyinjurylawyers\/\" \/>\n<meta property=\"article:modified_time\" content=\"2025-05-16T22:58:01+00:00\" \/>\n<meta property=\"og:image\" content=\"https:\/\/slamdunkattorney.com\/wp-content\/uploads\/2023\/05\/cropped-Logo.png\" \/>\n\t<meta property=\"og:image:width\" content=\"1080\" \/>\n\t<meta property=\"og:image:height\" content=\"240\" \/>\n\t<meta property=\"og:image:type\" content=\"image\/png\" \/>\n<meta name=\"twitter:card\" content=\"summary_large_image\" \/>\n<meta name=\"twitter:site\" content=\"@slamdunkattorney\" \/>\n<meta name=\"twitter:label1\" content=\"Est. reading time\" \/>\n\t<meta name=\"twitter:data1\" content=\"5 minutos\" \/>\n<script type=\"application\/ld+json\" class=\"yoast-schema-graph\">{\"@context\":\"https:\\\/\\\/schema.org\",\"@graph\":[{\"@type\":\"WebPage\",\"@id\":\"https:\\\/\\\/slamdunkattorney.com\\\/duluth\\\/truck-accident-lawyer\\\/amazon\\\/\",\"url\":\"https:\\\/\\\/slamdunkattorney.com\\\/duluth\\\/truck-accident-lawyer\\\/amazon\\\/\",\"name\":\"Amazon Truck Accident Lawyer in Duluth | Free Consultation\",\"isPartOf\":{\"@id\":\"https:\\\/\\\/slamdunkattorney.com\\\/#website\"},\"datePublished\":\"2025-02-04T05:01:33+00:00\",\"dateModified\":\"2025-05-16T22:58:01+00:00\",\"description\":\"You need a Duluth Amazon truck accident lawyer to help you fight for maximum compensation for costs related to your accident. 24\\\/7 help.\",\"breadcrumb\":{\"@id\":\"https:\\\/\\\/slamdunkattorney.com\\\/duluth\\\/truck-accident-lawyer\\\/amazon\\\/#breadcrumb\"},\"inLanguage\":\"es\",\"potentialAction\":[{\"@type\":\"ReadAction\",\"target\":[\"https:\\\/\\\/slamdunkattorney.com\\\/duluth\\\/truck-accident-lawyer\\\/amazon\\\/\"]}]},{\"@type\":\"BreadcrumbList\",\"@id\":\"https:\\\/\\\/slamdunkattorney.com\\\/duluth\\\/truck-accident-lawyer\\\/amazon\\\/#breadcrumb\",\"itemListElement\":[{\"@type\":\"ListItem\",\"position\":1,\"name\":\"Home\",\"item\":\"https:\\\/\\\/slamdunkattorney.com\\\/\"},{\"@type\":\"ListItem\",\"position\":2,\"name\":\"Duluth, GA Personal Injury Lawyer\",\"item\":\"https:\\\/\\\/slamdunkattorney.com\\\/\"},{\"@type\":\"ListItem\",\"position\":3,\"name\":\"Duluth Truck Accident Lawyer\",\"item\":\"https:\\\/\\\/slamdunkattorney.com\\\/duluth\\\/truck-accident-lawyer\\\/\"},{\"@type\":\"ListItem\",\"position\":4,\"name\":\"Amazon Truck Accident\"}]},{\"@type\":\"WebSite\",\"@id\":\"https:\\\/\\\/slamdunkattorney.com\\\/#website\",\"url\":\"https:\\\/\\\/slamdunkattorney.com\\\/\",\"name\":\"Slam Dunk Attorney | Injury Lawyers\",\"description\":\"Duluth Personal Injury Lawyers\",\"publisher\":{\"@id\":\"https:\\\/\\\/slamdunkattorney.com\\\/#organization\"},\"alternateName\":\"Slam Dunk Attorney\",\"inLanguage\":\"es\"},{\"@type\":\"Organization\",\"@id\":\"https:\\\/\\\/slamdunkattorney.com\\\/#organization\",\"name\":\"Slam Dunk Attorney\",\"alternateName\":\"Slam Dunk\",\"url\":\"https:\\\/\\\/slamdunkattorney.com\\\/\",\"logo\":{\"@type\":\"ImageObject\",\"inLanguage\":\"es\",\"@id\":\"https:\\\/\\\/slamdunkattorney.com\\\/#\\\/schema\\\/logo\\\/image\\\/\",\"url\":\"https:\\\/\\\/slamdunkattorney.com\\\/wp-content\\\/uploads\\\/2023\\\/05\\\/cropped-Logo.png\",\"contentUrl\":\"https:\\\/\\\/slamdunkattorney.com\\\/wp-content\\\/uploads\\\/2023\\\/05\\\/cropped-Logo.png\",\"width\":1080,\"height\":240,\"caption\":\"Slam Dunk Attorney\"},\"image\":{\"@id\":\"https:\\\/\\\/slamdunkattorney.com\\\/#\\\/schema\\\/logo\\\/image\\\/\"},\"sameAs\":[\"https:\\\/\\\/www.facebook.com\\\/slamdunkattorneyinjurylawyers\\\/\",\"https:\\\/\\\/x.com\\\/slamdunkattorney\",\"https:\\\/\\\/www.instagram.com\\\/slamdunkattorney\\\/\",\"https:\\\/\\\/www.youtube.com\\\/channel\\\/UCSrOiC7vOjlCi3UgtIVGNtw\",\"https:\\\/\\\/www.linkedin.com\\\/company\\\/slamdunkattorneyinjurylawyers\"]}]}<\/script>\n<!-- \/ Yoast SEO plugin. -->","yoast_head_json":{"title":"Amazon Truck Accident Lawyer in Duluth | Free Consultation","description":"You need a Duluth Amazon truck accident lawyer to help you fight for maximum compensation for costs related to your accident. 24\/7 help.","robots":{"index":"index","follow":"follow","max-snippet":"max-snippet:-1","max-image-preview":"max-image-preview:large","max-video-preview":"max-video-preview:-1"},"canonical":"https:\/\/slamdunkattorney.com\/es\/duluth\/truck-accident-lawyer\/amazon\/","og_locale":"es_MX","og_type":"article","og_title":"Amazon Truck Accident Lawyer in Duluth | Free Consultation","og_description":"You need a Duluth Amazon truck accident lawyer to help you fight for maximum compensation for costs related to your accident. 24\/7 help.","og_url":"https:\/\/slamdunkattorney.com\/es\/duluth\/truck-accident-lawyer\/amazon\/","og_site_name":"Slam Dunk Attorney | Injury Lawyers","article_publisher":"https:\/\/www.facebook.com\/slamdunkattorneyinjurylawyers\/","article_modified_time":"2025-05-16T22:58:01+00:00","og_image":[{"width":1080,"height":240,"url":"https:\/\/slamdunkattorney.com\/wp-content\/uploads\/2023\/05\/cropped-Logo.png","type":"image\/png"}],"twitter_card":"summary_large_image","twitter_site":"@slamdunkattorney","twitter_misc":{"Est. reading time":"5 minutos"},"schema":{"@context":"https:\/\/schema.org","@graph":[{"@type":"WebPage","@id":"https:\/\/slamdunkattorney.com\/duluth\/truck-accident-lawyer\/amazon\/","url":"https:\/\/slamdunkattorney.com\/duluth\/truck-accident-lawyer\/amazon\/","name":"Amazon Truck Accident Lawyer in Duluth | Free Consultation","isPartOf":{"@id":"https:\/\/slamdunkattorney.com\/#website"},"datePublished":"2025-02-04T05:01:33+00:00","dateModified":"2025-05-16T22:58:01+00:00","description":"You need a Duluth Amazon truck accident lawyer to help you fight for maximum compensation for costs related to your accident. 24\/7 help.","breadcrumb":{"@id":"https:\/\/slamdunkattorney.com\/duluth\/truck-accident-lawyer\/amazon\/#breadcrumb"},"inLanguage":"es","potentialAction":[{"@type":"ReadAction","target":["https:\/\/slamdunkattorney.com\/duluth\/truck-accident-lawyer\/amazon\/"]}]},{"@type":"BreadcrumbList","@id":"https:\/\/slamdunkattorney.com\/duluth\/truck-accident-lawyer\/amazon\/#breadcrumb","itemListElement":[{"@type":"ListItem","position":1,"name":"Home","item":"https:\/\/slamdunkattorney.com\/"},{"@type":"ListItem","position":2,"name":"Duluth, GA Personal Injury Lawyer","item":"https:\/\/slamdunkattorney.com\/"},{"@type":"ListItem","position":3,"name":"Duluth Truck Accident Lawyer","item":"https:\/\/slamdunkattorney.com\/duluth\/truck-accident-lawyer\/"},{"@type":"ListItem","position":4,"name":"Amazon Truck Accident"}]},{"@type":"WebSite","@id":"https:\/\/slamdunkattorney.com\/#website","url":"https:\/\/slamdunkattorney.com\/","name":"Abogado experto en lesiones | Abogados especializados en lesiones","description":"Abogados de lesiones personales en Duluth","publisher":{"@id":"https:\/\/slamdunkattorney.com\/#organization"},"alternateName":"Slam Dunk Attorney","inLanguage":"es"},{"@type":"Organization","@id":"https:\/\/slamdunkattorney.com\/#organization","name":"Abogado Slam Dunk","alternateName":"Slam Dunk","url":"https:\/\/slamdunkattorney.com\/","logo":{"@type":"ImageObject","inLanguage":"es","@id":"https:\/\/slamdunkattorney.com\/#\/schema\/logo\/image\/","url":"https:\/\/slamdunkattorney.com\/wp-content\/uploads\/2023\/05\/cropped-Logo.png","contentUrl":"https:\/\/slamdunkattorney.com\/wp-content\/uploads\/2023\/05\/cropped-Logo.png","width":1080,"height":240,"caption":"Slam Dunk Attorney"},"image":{"@id":"https:\/\/slamdunkattorney.com\/#\/schema\/logo\/image\/"},"sameAs":["https:\/\/www.facebook.com\/slamdunkattorneyinjurylawyers\/","https:\/\/x.com\/slamdunkattorney","https:\/\/www.instagram.com\/slamdunkattorney\/","https:\/\/www.youtube.com\/channel\/UCSrOiC7vOjlCi3UgtIVGNtw","https:\/\/www.linkedin.com\/company\/slamdunkattorneyinjurylawyers"]}]}},"yoast_meta":{"yoast_wpseo_title":"","yoast_wpseo_metadesc":"","yoast_wpseo_canonical":"https:\/\/slamdunkattorney.com\/es\/wp-json\/wp\/v2\/pages\/15270"},"_links":{"self":[{"href":"https:\/\/slamdunkattorney.com\/es\/wp-json\/wp\/v2\/pages\/15270","targetHints":{"allow":["GET"]}}],"collection":[{"href":"https:\/\/slamdunkattorney.com\/es\/wp-json\/wp\/v2\/pages"}],"about":[{"href":"https:\/\/slamdunkattorney.com\/es\/wp-json\/wp\/v2\/types\/page"}],"author":[{"embeddable":true,"href":"https:\/\/slamdunkattorney.com\/es\/wp-json\/wp\/v2\/users\/2"}],"replies":[{"embeddable":true,"href":"https:\/\/slamdunkattorney.com\/es\/wp-json\/wp\/v2\/comments?post=15270"}],"version-history":[{"count":0,"href":"https:\/\/slamdunkattorney.com\/es\/wp-json\/wp\/v2\/pages\/15270\/revisions"}],"up":[{"embeddable":true,"href":"https:\/\/slamdunkattorney.com\/es\/wp-json\/wp\/v2\/pages\/47"}],"wp:attachment":[{"href":"https:\/\/slamdunkattorney.com\/es\/wp-json\/wp\/v2\/media?parent=15270"}],"wp:term":[{"taxonomy":"extra-categories","embeddable":true,"href":"https:\/\/slamdunkattorney.com\/es\/wp-json\/wp\/v2\/extra-categories?post=15270"},{"taxonomy":"hc_faqs","embeddable":true,"href":"https:\/\/slamdunkattorney.com\/es\/wp-json\/wp\/v2\/hc_faqs?post=15270"}],"curies":[{"name":"wp","href":"https:\/\/api.w.org\/{rel}","templated":true}]}}