{"id":11469,"date":"2024-12-13T06:20:43","date_gmt":"2024-12-13T06:20:43","guid":{"rendered":"https:\/\/slamdunk.wpenginepowered.com\/?page_id=11469"},"modified":"2025-05-05T00:01:31","modified_gmt":"2025-05-05T00:01:31","slug":"duluth-us-route-23-truck-accident-lawyer","status":"publish","type":"page","link":"https:\/\/slamdunkattorney.com\/es\/duluth\/truck-accident-lawyer\/us-route-23\/","title":{"rendered":"Abogado especializado en accidentes de camiones en la Ruta 23 de Duluth, EE. UU."},"content":{"rendered":"<p><span style=\"font-weight: 400;\">Conduces con precauci\u00f3n por la Ruta 23 de Estados Unidos. Sin embargo, un camionero conduce a exceso de velocidad o comete otras imprudencias o negligencias. El camionero choca contra tu veh\u00edculo y t\u00fa resultas lesionado.<\/span><\/p>\n<p><span style=\"font-weight: 400;\">Busque atenci\u00f3n m\u00e9dica inmediata despu\u00e9s del incidente. D\u00edas despu\u00e9s, consulte con un abogado especializado en accidentes de camiones en la Ruta 23 de Duluth, EE. UU., para conocer sus opciones legales.\u00a0<\/span><\/p>\n<p><span style=\"font-weight: 400;\">El abogado Slam Dunk tiene <strong>d<\/strong><\/span><b>D\u00e9cadas de experiencia legal combinada en el personal.<\/b>. <span style=\"font-weight: 400;\">Cu\u00e9ntenos sobre su accidente de cami\u00f3n. Podemos determinar si tiene motivos para presentar una demanda por lesiones personales. Programe una consulta gratuita sobre su caso con un <\/span><a href=\"https:\/\/slamdunkattorney.com\/es\/duluth\/truck-accident-lawyer\/\"><span style=\"font-weight: 400;\">Abogado especializado en accidentes de camiones en Duluth<\/span><\/a><span style=\"font-weight: 400;\">.<\/span><\/p>\n<h2><span style=\"font-weight: 400;\">C\u00f3mo responsabilizar a la parte culpable de un accidente de cami\u00f3n en la Ruta 23 de EE. UU.\u00a0\u00a0\u00a0<\/span><\/h2>\n<p><span style=\"font-weight: 400;\">Averig\u00fce qui\u00e9n es el responsable de su accidente de cami\u00f3n en la Ruta 23 de EE. UU. A <\/span><b>conductor de cami\u00f3n<\/b>,<b> una empresa de transporte por carretera<\/b>,<b> cargador de carga<\/b>,<b> u otra parte <\/b><span style=\"font-weight: 400;\">podr\u00eda ser el culpable. As\u00f3ciese con un abogado especializado en accidentes de camiones en la Ruta 23 de Duluth, EE. UU., y ellos podr\u00e1n identificar a las partes culpables.\u00a0<\/span><\/p>\n<p><span style=\"font-weight: 400;\">Tu <a href=\"https:\/\/slamdunkattorney.com\/es\/\">Abogado especializado en lesiones personales en Duluth<\/a> puede explicar si <\/span><span style=\"font-weight: 400;\">M\u00e1s de una parte puede ser responsable de su accidente de cami\u00f3n.<\/span><span style=\"font-weight: 400;\">. Ellos pueden guiarlo a trav\u00e9s de las etapas del proceso de su caso. Su abogado puede negociar un acuerdo con el seguro de la parte responsable o continuar con una demanda por lesiones.\u00a0<\/span><\/p>\n<p><span style=\"font-weight: 400;\">Slam Dunk Attorney quiere que te recuperes r\u00e1pidamente de tu accidente de cami\u00f3n. Ofrecemos servicios legales integrales y apoyo a las v\u00edctimas de accidentes de cami\u00f3n y a sus familias. Danos la oportunidad de representarte y defenderte legalmente. Solicita una consulta gratuita sobre tu caso con nosotros.\u00a0<\/span><\/p>\n\n<div class=\"cta-container row align-items-center\">\n    <div class=\"col-md-7\">\n        <p class=\"cta-text rs-content-cta\">Orgullosos de servir a Duluth y a todo Georgia <span>\u00a1Cont\u00e1ctenos para comenzar su recuperaci\u00f3n!<\/span> <a href=\"https:\/\/slamdunkattorney.com\/es\/\">Explore nuestras \u00e1reas de pr\u00e1ctica<\/a><\/p>\n    <\/div>\n    <div class=\"col-md-5\">\n        <img decoding=\"async\" src=\"https:\/\/slamdunkattorney.com\/wp-content\/themes\/slam-dunk-rebuild\/assets\/app\/img\/map-cta.jpg\" alt=\"Legal Consultation\" class=\"img-fluid\"\/>\n    <\/div>\n<\/div><h2><span style=\"font-weight: 400;\">Cu\u00e1ndo presentar una demanda por accidente de cami\u00f3n en la Ruta 23 de Duluth, EE. UU.<\/span><\/h2>\n<p><span style=\"font-weight: 400;\">En general, <\/span><a href=\"https:\/\/slamdunkattorney.com\/es\/faqs\/what-is-the-statute-of-limitations-for-a-truck-accident-claim\/\"><span style=\"font-weight: 400;\">el plazo de prescripci\u00f3n para reclamar por un accidente de cami\u00f3n<\/span><\/a><span style=\"font-weight: 400;\"> es de dos a\u00f1os. Un abogado especializado en accidentes de camiones en la Ruta 23 de EE. UU. en Duluth le explicar\u00e1 esta ley. Si est\u00e1 listo para presentar una reclamaci\u00f3n al seguro o una demanda, su abogado tramitar\u00e1 inmediatamente los documentos necesarios.<\/span><\/p>\n<p><span style=\"font-weight: 400;\">Debes tener <\/span><a href=\"https:\/\/oci.georgia.gov\/insurance-resources\/auto\" target=\"_blank\" rel=\"noopener\"><span style=\"font-weight: 400;\">seguro de autom\u00f3vil<\/span><\/a><span style=\"font-weight: 400;\"> si vive en Georgia y conduce un autom\u00f3vil en ese estado. Tras el accidente con el cami\u00f3n, notif\u00edquelo a su compa\u00f1\u00eda de seguros de autom\u00f3viles. A continuaci\u00f3n, su compa\u00f1\u00eda de seguros se pondr\u00e1 en contacto con la aseguradora del conductor del cami\u00f3n. Juntas, las empresas podr\u00e1n determinar qui\u00e9n es el responsable del accidente.\u00a0<\/span><\/p>\n<p><b>Idealmente<\/b>, <b>un camionero responsable<\/b>\u2018<b>Su compa\u00f1\u00eda de seguros cubre sus p\u00e9rdidas.<\/b>. <span style=\"font-weight: 400;\">Sin embargo, la empresa puede impugnar su reclamaci\u00f3n. Si es necesario, su abogado puede demandar al camionero u otras partes culpables. Su demanda le brinda la oportunidad de obtener una indemnizaci\u00f3n por da\u00f1os econ\u00f3micos y no econ\u00f3micos.\u00a0<\/span><\/p>\n\n<div class=\"cta-container map-bg row align-items-center flex-md-row-reverse\">\n    <div class=\"col-md-6\">\n        <p class=\"cta-text rs-content-cta\">Abogado especializado en accidentes de camiones en la Ruta 23 de Duluth, EE. UU., cerca de m\u00ed <a href=\"tel:+14049513513\">404-951-3513<\/a><\/p>\n    <\/div>\n    <div class=\"col-md-6 col-bg\">\n    <\/div>\n<\/div><h2><span style=\"font-weight: 400;\">\u00bfCu\u00e1nto vale una demanda por accidente de cami\u00f3n en la Ruta 23 de EE. UU.?<\/span><\/h2>\n<p><span style=\"font-weight: 400;\">A <\/span><b>U<\/b>.<b>S<\/b>.<b> Abogado especializado en accidentes de camiones en la Ruta 23 en Duluth <\/b><span style=\"font-weight: 400;\">quiere que solicite una indemnizaci\u00f3n por sus p\u00e9rdidas cuantificables y subjetivas. Describen <\/span><a href=\"https:\/\/slamdunkattorney.com\/es\/faqs\/what-is-the-average-truck-accident-settlement-in-georgia\/\"><span style=\"font-weight: 400;\">El acuerdo promedio por accidente de cami\u00f3n en Georgia<\/span><\/a><span style=\"font-weight: 400;\"> y cu\u00e1nto dinero podr\u00eda recibir si su demanda tiene \u00e9xito. Las razones por las que un juez o un jurado podr\u00edan ordenar al demandado que le indemnice por las p\u00e9rdidas relacionadas con el accidente incluyen:<\/span><\/p>\n<ul>\n<li style=\"font-weight: 400;\" aria-level=\"1\"><span style=\"font-weight: 400;\">Costos de atenci\u00f3n m\u00e9dica<\/span><\/li>\n<li style=\"font-weight: 400;\" aria-level=\"1\"><span style=\"font-weight: 400;\">Dolor y sufrimiento<\/span><\/li>\n<li style=\"font-weight: 400;\" aria-level=\"1\"><span style=\"font-weight: 400;\">Gastos de reparaci\u00f3n o sustituci\u00f3n del autom\u00f3vil.<\/span><\/li>\n<li style=\"font-weight: 400;\" aria-level=\"1\"><span style=\"font-weight: 400;\">P\u00e9rdida de ingresos<\/span><\/li>\n<li style=\"font-weight: 400;\" aria-level=\"1\"><span style=\"font-weight: 400;\">P\u00e9rdida del disfrute de la vida<\/span><\/li>\n<\/ul>\n<p><span style=\"font-weight: 400;\">Datos de su abogado <\/span><a href=\"https:\/\/slamdunkattorney.com\/es\/faqs\/how-does-the-truck-accident-lawsuit-process-work\/\"><span style=\"font-weight: 400;\">C\u00f3mo funciona el proceso de demanda por accidente de cami\u00f3n<\/span><\/a><span style=\"font-weight: 400;\">. Quieren que usted tome decisiones legales informadas en cada etapa. Si recibe una oferta de acuerdo en cualquier momento durante este proceso, puede evaluar la propuesta con su abogado.\u00a0<\/span><\/p>\n\n<div class=\"cta-container row align-items-center\">\n    <div class=\"col-md-7\">\n        <p class=\"cta-text rs-content-cta\"><a class=\"no-btn\" href=\"https:\/\/slamdunkattorney.com\/es\/contact-us\/\">Haga clic para contactar<\/a> Nuestros abogados especializados en accidentes de camiones en Duluth hoy mismo.<\/p>\n    <\/div>\n    <div class=\"col-md-5\">\n        <img decoding=\"async\" src=\"https:\/\/slamdunkattorney.com\/wp-content\/themes\/slam-dunk-rebuild\/assets\/app\/img\/map-cta.jpg\" alt=\"Contact Us\" class=\"img-fluid\"\/>\n    <\/div>\n<\/div><h2><span style=\"font-weight: 400;\">Pruebas para utilizar en una demanda por colisi\u00f3n de camiones en la Ruta 23 de EE. UU.<\/span><\/h2>\n<p><span style=\"font-weight: 400;\">Las pruebas influyen en el resultado de su caso. Si tiene pruebas convincentes, al demandado le resultar\u00e1 dif\u00edcil argumentar en su contra. Las pruebas que podr\u00edan ayudarle a ganar o llegar a un acuerdo en su caso incluyen:<\/span><\/p>\n<ul>\n<li style=\"font-weight: 400;\" aria-level=\"1\"><span style=\"font-weight: 400;\">Fotos del lugar del accidente<\/span><\/li>\n<li style=\"font-weight: 400;\" aria-level=\"1\"><span style=\"font-weight: 400;\">Declaraciones de los testigos<\/span><\/li>\n<li style=\"font-weight: 400;\" aria-level=\"1\"><span style=\"font-weight: 400;\">Registros de mantenimiento de camiones<\/span><\/li>\n<li style=\"font-weight: 400;\" aria-level=\"1\"><span style=\"font-weight: 400;\">Datos del dispositivo de registro electr\u00f3nico (ELD) del cami\u00f3n<\/span><\/li>\n<li style=\"font-weight: 400;\" aria-level=\"1\"><span style=\"font-weight: 400;\">Registros de conductores de camiones<\/span><\/li>\n<\/ul>\n<p><span style=\"font-weight: 400;\">Su abogado responde a sus preguntas sobre <\/span><a href=\"https:\/\/slamdunkattorney.com\/es\/faqs\/how-do-i-gather-evidence-against-truck-drivers-and-companies\/\"><span style=\"font-weight: 400;\">C\u00f3mo reunir pruebas contra los conductores de camiones y las empresas<\/span><\/a><span style=\"font-weight: 400;\">. Recopilan pruebas de una amplia variedad de fuentes. Sus pruebas podr\u00edan llevar al tribunal a considerar que el demandado fue negligente. En este caso, podr\u00eda recuperar el 100% de los da\u00f1os y perjuicios que ha solicitado.\u00a0<\/span><\/p>\n\n<div class=\"cta-container map-bg row align-items-center flex-md-row-reverse\">\n    <div class=\"col-md-6\">\n        <p class=\"cta-text rs-content-cta\">Completa un <a href=\"https:\/\/slamdunkattorney.com\/es\/contact-us\/\">Formulario de evaluaci\u00f3n gratuita de su caso<\/a> ahora<\/p>\n    <\/div>\n    <div class=\"col-md-6 col-bg\">\n    <\/div>\n<\/div><h2><span style=\"font-weight: 400;\">Lo que se necesita para demostrar que una parte es negligente<\/span><\/h2>\n<p><span style=\"font-weight: 400;\">Si alguien es negligente, elige actuar de una manera que la mayor\u00eda de las personas considerar\u00edan irrazonable. Usted es responsable de demostrar que una parte fue negligente si desea obtener una indemnizaci\u00f3n por da\u00f1os y perjuicios en una demanda por accidente de cami\u00f3n en la Ruta 23 de EE. UU.<\/span><\/p>\n<p><span style=\"font-weight: 400;\">Para demostrar que una parte fue negligente, su abogado se enfoca en los siguientes elementos de negligencia al preparar su argumento:<\/span><b><\/b><\/p>\n<ul>\n<li><b>Deber de diligencia<\/b>: <span style=\"font-weight: 400;\">Es una obligaci\u00f3n legal que alguien evite cualquier acto que pueda ponerte en peligro.\u00a0<\/span><\/li>\n<li><b>Incumplimiento del deber de diligencia<\/b>: <span style=\"font-weight: 400;\">Alguien incumple su obligaci\u00f3n legal cuando comete un acto que podr\u00eda causarte da\u00f1o.\u00a0\u00a0<\/span><\/li>\n<li><b>Causalidad<\/b>: <span style=\"font-weight: 400;\">Debido a que alguien cometi\u00f3 un acto imprudente y descuidado, provoc\u00f3 su accidente de cami\u00f3n.\u00a0<\/span><\/li>\n<li><b>Da\u00f1os y perjuicios<\/b>: <span style=\"font-weight: 400;\">Las acciones del partido te han causado p\u00e9rdidas.\u00a0<\/span><\/li>\n<\/ul>\n<p><span style=\"font-weight: 400;\">Su abogado quiere dejar claro ante el tribunal que el demandado es totalmente responsable de su accidente de cami\u00f3n. Por su parte, el demandado intentar\u00e1 refutar su argumento.<\/span><\/p>\n<p><span style=\"font-weight: 400;\">Pueden intentar demostrar ante un juez o un jurado que usted es parcialmente responsable del accidente. Si lo consiguen, podr\u00eda obtener una parte de la indemnizaci\u00f3n que solicit\u00f3 inicialmente o no recibir ninguna indemnizaci\u00f3n.\u00a0<\/span><\/p>\n<h2><span style=\"font-weight: 400;\">El papel de la negligencia comparativa modificada en una demanda por accidente de cami\u00f3n en la Ruta 23 de EE. UU.\u00a0<\/span><\/h2>\n<p><span style=\"font-weight: 400;\">Seg\u00fan <\/span><a href=\"https:\/\/law.justia.com\/codes\/georgia\/2022\/title-51\/chapter-12\/article-2\/section-51-12-33\/\" target=\"_blank\" rel=\"noopener\"><span style=\"font-weight: 400;\">C\u00f3digo de Georgia <\/span><span style=\"font-weight: 400;\">\u00a7<\/span><span style=\"font-weight: 400;\">51-12-43<\/span><\/a><span style=\"font-weight: 400;\">, Georgia tiene una regla de negligencia comparativa modificada que se aplica a los casos de lesiones personales. Se le puede considerar parcialmente responsable de un accidente de cami\u00f3n en la Ruta 23 de EE. UU. Si esto ocurre, la indemnizaci\u00f3n que reciba por da\u00f1os y perjuicios se determinar\u00e1 en funci\u00f3n de su porcentaje de culpa.<\/span><\/p>\n<p><span style=\"font-weight: 400;\">A\u00fan puede recuperar los da\u00f1os y perjuicios si es responsable de un accidente de cami\u00f3n. Por ejemplo, un juez o un jurado dictamina que usted es culpable de la colisi\u00f3n de su cami\u00f3n en la Ruta 23 de EE. UU. El demandado podr\u00eda tener que pagar 80% de sus da\u00f1os y perjuicios.\u00a0<\/span><\/p>\n<p><span style=\"font-weight: 400;\">En una situaci\u00f3n en la que usted es responsable en m\u00e1s de un 50 % de un accidente de cami\u00f3n en la Ruta 23 de EE. UU., es posible que no tenga derecho a recibir una indemnizaci\u00f3n. Esto se debe a que usted es el principal culpable. Su abogado quiere evitar esta situaci\u00f3n. Por ello, trabajar\u00e1 duro para construir un argumento que convenza al tribunal.\u00a0<\/span><\/p>\n<h2><span style=\"font-weight: 400;\">Contrate a un abogado especializado en accidentes de camiones en la Ruta 23 de Duluth, EE. UU., que le brinde un servicio espec\u00edfico, intencionado y decidido.<\/span><\/h2>\n<p><span style=\"font-weight: 400;\">Slam Dunk Attorney es m\u00e1s que un simple bufete de abogados especializado en lesiones personales: somos un equipo comprometido a apoyarle en todo lo que podamos. Nuestros abogados especializados en accidentes de camiones valoran la comunicaci\u00f3n, la confianza y la integridad.<\/span><\/p>\n<p><span style=\"font-weight: 400;\">Nos encargamos de sus asuntos legales para que pueda enfocarse en recuperarse de su accidente y sus lesiones. Cont\u00e1ctenos hoy mismo para obtener m\u00e1s informaci\u00f3n.\u00a0<\/span><\/p>\n\n<div class=\"cta-container row align-items-center\">\n    <div class=\"col-md-7\">\n        <p class=\"cta-text rs-content-cta\">Llame o env\u00ede un mensaje de texto <a class=\"no-btn\" href=\"tel:+14049513513\">404-951-3513<\/a> o completar un <a href=\"https:\/\/slamdunkattorney.com\/es\/contact-us\/\">Formulario de evaluaci\u00f3n gratuita de su caso<\/a><\/p>\n    <\/div>\n    <div class=\"col-md-5\">\n        <img decoding=\"async\" src=\"https:\/\/slamdunkattorney.com\/wp-content\/themes\/slam-dunk-rebuild\/assets\/app\/img\/map-cta.jpg\" alt=\"Call or Text\" class=\"img-fluid\"\/>\n    <\/div>\n<\/div>","protected":false},"excerpt":{"rendered":"<p>You drive safely on United States Route 23. Regardless, a truck driver is speeding or commits other acts of recklessness or carelessness. The trucker slams their vehicle into yours, and you are injured. Get immediate medical attention after the incident. Days later, consult with a Duluth U.S. Route 23 truck accident lawyer to learn about &#8230;<\/p>","protected":false},"author":2,"featured_media":0,"parent":47,"menu_order":0,"comment_status":"closed","ping_status":"closed","template":"","meta":{"_acf_changed":false,"_genesis_hide_title":false,"_genesis_hide_breadcrumbs":false,"_genesis_hide_singular_image":false,"_genesis_hide_footer_widgets":false,"_genesis_custom_body_class":"","_genesis_custom_post_class":"","_genesis_layout":"","ngg_post_thumbnail":0,"footnotes":""},"extra-categories":[],"hc_faqs":[],"class_list":{"0":"post-11469","1":"page","2":"type-page","3":"status-publish","5":"hc_city_location-duluth","6":"entry"},"acf":[],"yoast_head":"<!-- This site is optimized with the Yoast SEO plugin v27.4 - https:\/\/yoast.com\/product\/yoast-seo-wordpress\/ -->\n<title>U.S. Route 23 Truck Accident Lawyer in Duluth | Call 24\/7<\/title>\n<meta name=\"description\" content=\"You need a Duluth U.S. Route 23 truck accident lawyer to help you fight for maximum compensation for costs related to your accident.\" \/>\n<meta name=\"robots\" content=\"index, follow, max-snippet:-1, max-image-preview:large, max-video-preview:-1\" \/>\n<link rel=\"canonical\" href=\"https:\/\/slamdunkattorney.com\/es\/duluth\/truck-accident-lawyer\/us-route-23\/\" \/>\n<meta property=\"og:locale\" content=\"es_MX\" \/>\n<meta property=\"og:type\" content=\"article\" \/>\n<meta property=\"og:title\" content=\"U.S. Route 23 Truck Accident Lawyer in Duluth | Call 24\/7\" \/>\n<meta property=\"og:description\" content=\"You need a Duluth U.S. Route 23 truck accident lawyer to help you fight for maximum compensation for costs related to your accident.\" \/>\n<meta property=\"og:url\" content=\"https:\/\/slamdunkattorney.com\/es\/duluth\/truck-accident-lawyer\/us-route-23\/\" \/>\n<meta property=\"og:site_name\" content=\"Slam Dunk Attorney | Injury Lawyers\" \/>\n<meta property=\"article:publisher\" content=\"https:\/\/www.facebook.com\/slamdunkattorneyinjurylawyers\/\" \/>\n<meta property=\"article:modified_time\" content=\"2025-05-05T00:01:31+00:00\" \/>\n<meta property=\"og:image\" content=\"https:\/\/slamdunkattorney.com\/wp-content\/uploads\/2023\/05\/cropped-Logo.png\" \/>\n\t<meta property=\"og:image:width\" content=\"1080\" \/>\n\t<meta property=\"og:image:height\" content=\"240\" \/>\n\t<meta property=\"og:image:type\" content=\"image\/png\" \/>\n<meta name=\"twitter:card\" content=\"summary_large_image\" \/>\n<meta name=\"twitter:site\" content=\"@slamdunkattorney\" \/>\n<meta name=\"twitter:label1\" content=\"Est. reading time\" \/>\n\t<meta name=\"twitter:data1\" content=\"5 minutos\" \/>\n<script type=\"application\/ld+json\" class=\"yoast-schema-graph\">{\"@context\":\"https:\\\/\\\/schema.org\",\"@graph\":[{\"@type\":\"WebPage\",\"@id\":\"https:\\\/\\\/slamdunkattorney.com\\\/duluth\\\/truck-accident-lawyer\\\/us-route-23\\\/\",\"url\":\"https:\\\/\\\/slamdunkattorney.com\\\/duluth\\\/truck-accident-lawyer\\\/us-route-23\\\/\",\"name\":\"U.S. Route 23 Truck Accident Lawyer in Duluth | Call 24\\\/7\",\"isPartOf\":{\"@id\":\"https:\\\/\\\/slamdunkattorney.com\\\/#website\"},\"datePublished\":\"2024-12-13T06:20:43+00:00\",\"dateModified\":\"2025-05-05T00:01:31+00:00\",\"description\":\"You need a Duluth U.S. Route 23 truck accident lawyer to help you fight for maximum compensation for costs related to your accident.\",\"breadcrumb\":{\"@id\":\"https:\\\/\\\/slamdunkattorney.com\\\/duluth\\\/truck-accident-lawyer\\\/us-route-23\\\/#breadcrumb\"},\"inLanguage\":\"es\",\"potentialAction\":[{\"@type\":\"ReadAction\",\"target\":[\"https:\\\/\\\/slamdunkattorney.com\\\/duluth\\\/truck-accident-lawyer\\\/us-route-23\\\/\"]}]},{\"@type\":\"BreadcrumbList\",\"@id\":\"https:\\\/\\\/slamdunkattorney.com\\\/duluth\\\/truck-accident-lawyer\\\/us-route-23\\\/#breadcrumb\",\"itemListElement\":[{\"@type\":\"ListItem\",\"position\":1,\"name\":\"Home\",\"item\":\"https:\\\/\\\/slamdunkattorney.com\\\/\"},{\"@type\":\"ListItem\",\"position\":2,\"name\":\"Duluth, GA Personal Injury Lawyer\",\"item\":\"https:\\\/\\\/slamdunkattorney.com\\\/\"},{\"@type\":\"ListItem\",\"position\":3,\"name\":\"Duluth Truck Accident Lawyer\",\"item\":\"https:\\\/\\\/slamdunkattorney.com\\\/duluth\\\/truck-accident-lawyer\\\/\"},{\"@type\":\"ListItem\",\"position\":4,\"name\":\"US Route 23 Truck Accident\"}]},{\"@type\":\"WebSite\",\"@id\":\"https:\\\/\\\/slamdunkattorney.com\\\/#website\",\"url\":\"https:\\\/\\\/slamdunkattorney.com\\\/\",\"name\":\"Slam Dunk Attorney | Injury Lawyers\",\"description\":\"Duluth Personal Injury Lawyers\",\"publisher\":{\"@id\":\"https:\\\/\\\/slamdunkattorney.com\\\/#organization\"},\"alternateName\":\"Slam Dunk Attorney\",\"inLanguage\":\"es\"},{\"@type\":\"Organization\",\"@id\":\"https:\\\/\\\/slamdunkattorney.com\\\/#organization\",\"name\":\"Slam Dunk Attorney\",\"alternateName\":\"Slam Dunk\",\"url\":\"https:\\\/\\\/slamdunkattorney.com\\\/\",\"logo\":{\"@type\":\"ImageObject\",\"inLanguage\":\"es\",\"@id\":\"https:\\\/\\\/slamdunkattorney.com\\\/#\\\/schema\\\/logo\\\/image\\\/\",\"url\":\"https:\\\/\\\/slamdunkattorney.com\\\/wp-content\\\/uploads\\\/2023\\\/05\\\/cropped-Logo.png\",\"contentUrl\":\"https:\\\/\\\/slamdunkattorney.com\\\/wp-content\\\/uploads\\\/2023\\\/05\\\/cropped-Logo.png\",\"width\":1080,\"height\":240,\"caption\":\"Slam Dunk Attorney\"},\"image\":{\"@id\":\"https:\\\/\\\/slamdunkattorney.com\\\/#\\\/schema\\\/logo\\\/image\\\/\"},\"sameAs\":[\"https:\\\/\\\/www.facebook.com\\\/slamdunkattorneyinjurylawyers\\\/\",\"https:\\\/\\\/x.com\\\/slamdunkattorney\",\"https:\\\/\\\/www.instagram.com\\\/slamdunkattorney\\\/\",\"https:\\\/\\\/www.youtube.com\\\/channel\\\/UCSrOiC7vOjlCi3UgtIVGNtw\",\"https:\\\/\\\/www.linkedin.com\\\/company\\\/slamdunkattorneyinjurylawyers\"]}]}<\/script>\n<!-- \/ Yoast SEO plugin. -->","yoast_head_json":{"title":"U.S. Route 23 Truck Accident Lawyer in Duluth | Call 24\/7","description":"You need a Duluth U.S. Route 23 truck accident lawyer to help you fight for maximum compensation for costs related to your accident.","robots":{"index":"index","follow":"follow","max-snippet":"max-snippet:-1","max-image-preview":"max-image-preview:large","max-video-preview":"max-video-preview:-1"},"canonical":"https:\/\/slamdunkattorney.com\/es\/duluth\/truck-accident-lawyer\/us-route-23\/","og_locale":"es_MX","og_type":"article","og_title":"U.S. Route 23 Truck Accident Lawyer in Duluth | Call 24\/7","og_description":"You need a Duluth U.S. Route 23 truck accident lawyer to help you fight for maximum compensation for costs related to your accident.","og_url":"https:\/\/slamdunkattorney.com\/es\/duluth\/truck-accident-lawyer\/us-route-23\/","og_site_name":"Slam Dunk Attorney | Injury Lawyers","article_publisher":"https:\/\/www.facebook.com\/slamdunkattorneyinjurylawyers\/","article_modified_time":"2025-05-05T00:01:31+00:00","og_image":[{"width":1080,"height":240,"url":"https:\/\/slamdunkattorney.com\/wp-content\/uploads\/2023\/05\/cropped-Logo.png","type":"image\/png"}],"twitter_card":"summary_large_image","twitter_site":"@slamdunkattorney","twitter_misc":{"Est. reading time":"5 minutos"},"schema":{"@context":"https:\/\/schema.org","@graph":[{"@type":"WebPage","@id":"https:\/\/slamdunkattorney.com\/duluth\/truck-accident-lawyer\/us-route-23\/","url":"https:\/\/slamdunkattorney.com\/duluth\/truck-accident-lawyer\/us-route-23\/","name":"U.S. Route 23 Truck Accident Lawyer in Duluth | Call 24\/7","isPartOf":{"@id":"https:\/\/slamdunkattorney.com\/#website"},"datePublished":"2024-12-13T06:20:43+00:00","dateModified":"2025-05-05T00:01:31+00:00","description":"You need a Duluth U.S. Route 23 truck accident lawyer to help you fight for maximum compensation for costs related to your accident.","breadcrumb":{"@id":"https:\/\/slamdunkattorney.com\/duluth\/truck-accident-lawyer\/us-route-23\/#breadcrumb"},"inLanguage":"es","potentialAction":[{"@type":"ReadAction","target":["https:\/\/slamdunkattorney.com\/duluth\/truck-accident-lawyer\/us-route-23\/"]}]},{"@type":"BreadcrumbList","@id":"https:\/\/slamdunkattorney.com\/duluth\/truck-accident-lawyer\/us-route-23\/#breadcrumb","itemListElement":[{"@type":"ListItem","position":1,"name":"Home","item":"https:\/\/slamdunkattorney.com\/"},{"@type":"ListItem","position":2,"name":"Duluth, GA Personal Injury Lawyer","item":"https:\/\/slamdunkattorney.com\/"},{"@type":"ListItem","position":3,"name":"Duluth Truck Accident Lawyer","item":"https:\/\/slamdunkattorney.com\/duluth\/truck-accident-lawyer\/"},{"@type":"ListItem","position":4,"name":"US Route 23 Truck Accident"}]},{"@type":"WebSite","@id":"https:\/\/slamdunkattorney.com\/#website","url":"https:\/\/slamdunkattorney.com\/","name":"Abogado experto en lesiones | Abogados especializados en lesiones","description":"Abogados de lesiones personales en Duluth","publisher":{"@id":"https:\/\/slamdunkattorney.com\/#organization"},"alternateName":"Slam Dunk Attorney","inLanguage":"es"},{"@type":"Organization","@id":"https:\/\/slamdunkattorney.com\/#organization","name":"Abogado Slam Dunk","alternateName":"Slam Dunk","url":"https:\/\/slamdunkattorney.com\/","logo":{"@type":"ImageObject","inLanguage":"es","@id":"https:\/\/slamdunkattorney.com\/#\/schema\/logo\/image\/","url":"https:\/\/slamdunkattorney.com\/wp-content\/uploads\/2023\/05\/cropped-Logo.png","contentUrl":"https:\/\/slamdunkattorney.com\/wp-content\/uploads\/2023\/05\/cropped-Logo.png","width":1080,"height":240,"caption":"Slam Dunk Attorney"},"image":{"@id":"https:\/\/slamdunkattorney.com\/#\/schema\/logo\/image\/"},"sameAs":["https:\/\/www.facebook.com\/slamdunkattorneyinjurylawyers\/","https:\/\/x.com\/slamdunkattorney","https:\/\/www.instagram.com\/slamdunkattorney\/","https:\/\/www.youtube.com\/channel\/UCSrOiC7vOjlCi3UgtIVGNtw","https:\/\/www.linkedin.com\/company\/slamdunkattorneyinjurylawyers"]}]}},"yoast_meta":{"yoast_wpseo_title":"","yoast_wpseo_metadesc":"","yoast_wpseo_canonical":"https:\/\/slamdunkattorney.com\/es\/wp-json\/wp\/v2\/pages\/11469"},"_links":{"self":[{"href":"https:\/\/slamdunkattorney.com\/es\/wp-json\/wp\/v2\/pages\/11469","targetHints":{"allow":["GET"]}}],"collection":[{"href":"https:\/\/slamdunkattorney.com\/es\/wp-json\/wp\/v2\/pages"}],"about":[{"href":"https:\/\/slamdunkattorney.com\/es\/wp-json\/wp\/v2\/types\/page"}],"author":[{"embeddable":true,"href":"https:\/\/slamdunkattorney.com\/es\/wp-json\/wp\/v2\/users\/2"}],"replies":[{"embeddable":true,"href":"https:\/\/slamdunkattorney.com\/es\/wp-json\/wp\/v2\/comments?post=11469"}],"version-history":[{"count":0,"href":"https:\/\/slamdunkattorney.com\/es\/wp-json\/wp\/v2\/pages\/11469\/revisions"}],"up":[{"embeddable":true,"href":"https:\/\/slamdunkattorney.com\/es\/wp-json\/wp\/v2\/pages\/47"}],"wp:attachment":[{"href":"https:\/\/slamdunkattorney.com\/es\/wp-json\/wp\/v2\/media?parent=11469"}],"wp:term":[{"taxonomy":"extra-categories","embeddable":true,"href":"https:\/\/slamdunkattorney.com\/es\/wp-json\/wp\/v2\/extra-categories?post=11469"},{"taxonomy":"hc_faqs","embeddable":true,"href":"https:\/\/slamdunkattorney.com\/es\/wp-json\/wp\/v2\/hc_faqs?post=11469"}],"curies":[{"name":"wp","href":"https:\/\/api.w.org\/{rel}","templated":true}]}}