{"id":11468,"date":"2024-12-13T06:18:12","date_gmt":"2024-12-13T06:18:12","guid":{"rendered":"https:\/\/slamdunk.wpenginepowered.com\/?page_id=11468"},"modified":"2024-12-13T12:20:07","modified_gmt":"2024-12-13T12:20:07","slug":"duluth-18-wheeler-truck-accident-lawyer","status":"publish","type":"page","link":"https:\/\/slamdunkattorney.com\/es\/duluth\/truck-accident-lawyer\/18-wheeler\/","title":{"rendered":"Abogado especializado en accidentes de camiones de 18 ruedas en Duluth"},"content":{"rendered":"<p><span style=\"font-weight: 400;\">Se espera que los conductores de camiones de 18 ruedas tomen todas las precauciones necesarias. Desafortunadamente, un camionero puede cometer un error que provoque un accidente en el que usted resulte lesionado. En esta situaci\u00f3n, reciba atenci\u00f3n m\u00e9dica y, en los d\u00edas posteriores al incidente, consulte con un abogado especializado en accidentes de camiones de 18 ruedas en Duluth para examinar sus opciones legales.\u00a0<\/span><\/p>\n<p><span style=\"font-weight: 400;\">Los valores fundamentales de Slam Dunk Attorney consisten en: <\/span><b>comunicaci\u00f3n, integridad y confianza.,<\/b><span style=\"font-weight: 400;\"> y estos son el centro de todo lo que hacemos. Si necesita ayuda para lidiar con las consecuencias de un accidente de cami\u00f3n, estamos aqu\u00ed para ayudarle. Cont\u00e1ctenos hoy mismo para solicitar una consulta gratuita con un <\/span><a href=\"https:\/\/slamdunkattorney.com\/es\/duluth\/truck-accident-lawyer\/\"><span style=\"font-weight: 400;\">Abogado especializado en accidentes de camiones en Duluth<\/span><\/a><span style=\"font-weight: 400;\"> de parte de nuestro equipo.\u00a0<\/span><\/p>\n<h2><span style=\"font-weight: 400;\">Determinaci\u00f3n de la responsabilidad en un accidente de cami\u00f3n<\/span><\/h2>\n<p><span style=\"font-weight: 400;\">Puede resultar dif\u00edcil determinar qui\u00e9n es responsable en un accidente de cami\u00f3n comercial. Es posible que usted crea que el conductor del cami\u00f3n o su empleador son los culpables del accidente, pero hay otras partes que tambi\u00e9n pueden ser consideradas responsables. Adem\u00e1s del camionero o su empleador, las partes que pueden ser demandadas por da\u00f1os y perjuicios en un accidente de cami\u00f3n de 18 ruedas pueden incluir:<\/span><\/p>\n<ul>\n<li style=\"font-weight: 400;\" aria-level=\"1\"><span style=\"font-weight: 400;\">Cargador de carga<\/span><\/li>\n<li style=\"font-weight: 400;\" aria-level=\"1\"><span style=\"font-weight: 400;\">Entidad gubernamental<\/span><\/li>\n<li style=\"font-weight: 400;\" aria-level=\"1\"><span style=\"font-weight: 400;\">Fabricante de camiones<\/span><\/li>\n<\/ul>\n<p><span style=\"font-weight: 400;\">A <\/span><a href=\"https:\/\/slamdunkattorney.com\/es\/\"><span style=\"font-weight: 400;\">Abogado especializado en lesiones personales en Duluth<\/span><\/a><span style=\"font-weight: 400;\"> analiza cuidadosamente los hechos de su colisi\u00f3n. Pueden identificar qui\u00e9n es responsable del incidente. A partir de ah\u00ed, pueden ayudarle a determinar si es el momento adecuado para presentar una demanda.\u00a0<\/span><\/p>\n\n<div class=\"cta-container row align-items-center\">\n    <div class=\"col-md-7\">\n        <p class=\"cta-text rs-content-cta\">Orgullosos de servir a Duluth y a todo Georgia <span>\u00a1Cont\u00e1ctenos para comenzar su recuperaci\u00f3n!<\/span> <a href=\"https:\/\/slamdunkattorney.com\/es\/\">Explore nuestras \u00e1reas de pr\u00e1ctica<\/a><\/p>\n    <\/div>\n    <div class=\"col-md-5\">\n        <img decoding=\"async\" src=\"https:\/\/slamdunkattorney.com\/wp-content\/themes\/slam-dunk-rebuild\/assets\/app\/img\/map-cta.jpg\" alt=\"Legal Consultation\" class=\"img-fluid\"\/>\n    <\/div>\n<\/div><h2><span style=\"font-weight: 400;\">Leyes sobre camiones de 18 ruedas que debes conocer<\/span><\/h2>\n<p><span style=\"font-weight: 400;\">La Administraci\u00f3n Federal de Seguridad de Autotransportes (FMCSA) tiene leyes para los conductores de camiones de 18 ruedas y sus empleadores. Estas incluyen: <\/span><a href=\"https:\/\/www.fmcsa.dot.gov\/regulations\/hours-of-service\" target=\"_blank\" rel=\"noopener\"><span style=\"font-weight: 400;\">normas sobre horas de servicio (HOS)<\/span><\/a><span style=\"font-weight: 400;\"> que limitan el n\u00famero de horas que los camioneros pueden conducir. Si un camionero pasa demasiado tiempo al volante sin tomar un descanso, puede infringir estas normas.<\/span><\/p>\n<p><span style=\"font-weight: 400;\">Junto con estos, el <\/span><a href=\"https:\/\/gamccd.net\/OSPermit\/Laws.aspx\" target=\"_blank\" rel=\"noopener\"><span style=\"font-weight: 400;\">Departamento de Seguridad P\u00fablica de Georgia<\/span><\/a><span style=\"font-weight: 400;\"> ha establecido l\u00edmites de tama\u00f1o, altura y peso para los camiones grandes. Es responsabilidad del camionero y de su empleador cumplir con estas normas. De lo contrario, un camionero puede causar un accidente que provoque lesiones y muertes.\u00a0<\/span><\/p>\n<p><span style=\"font-weight: 400;\">Slam Dunk Attorney entiende las razones por las que ocurren las colisiones de camiones. Podemos explicarle <\/span><a href=\"https:\/\/slamdunkattorney.com\/es\/faqs\/how-does-the-truck-accident-lawsuit-process-work\/\"><span style=\"font-weight: 400;\">C\u00f3mo funciona el proceso de demanda por accidente de cami\u00f3n<\/span><\/a><span style=\"font-weight: 400;\"> y determinar si tiene motivos para presentar una demanda contra el conductor del cami\u00f3n o cualquier otra parte responsable de su accidente con un cami\u00f3n de 18 ruedas. Re\u00fanase con un abogado especializado en accidentes de camiones de 18 ruedas en Duluth para obtener m\u00e1s informaci\u00f3n.\u00a0<\/span><\/p>\n\n<div class=\"cta-container map-bg row align-items-center flex-md-row-reverse\">\n    <div class=\"col-md-6\">\n        <p class=\"cta-text rs-content-cta\">Abogado especializado en accidentes de camiones de 18 ruedas en Duluth cerca de m\u00ed <a href=\"tel:+14049513513\">404-951-3513<\/a><\/p>\n    <\/div>\n    <div class=\"col-md-6 col-bg\">\n    <\/div>\n<\/div><h2><span style=\"font-weight: 400;\">Obtener una indemnizaci\u00f3n tras un accidente con un cami\u00f3n de 18 ruedas<\/span><\/h2>\n<p><span style=\"font-weight: 400;\">En \u00faltima instancia, no existe tal cosa como <\/span><a href=\"https:\/\/slamdunkattorney.com\/es\/faqs\/what-is-the-average-truck-accident-settlement-in-georgia\/\"><span style=\"font-weight: 400;\">Acuerdo promedio por accidente de cami\u00f3n en Georgia<\/span><\/a><span style=\"font-weight: 400;\">. Podr\u00eda recibir una indemnizaci\u00f3n de la parte responsable del accidente de su cami\u00f3n de 18 ruedas, pero lo que reciba depender\u00e1 de las circunstancias de su caso. Puede solicitar una indemnizaci\u00f3n mediante una reclamaci\u00f3n al seguro o una demanda por lesiones.\u00a0<\/span><\/p>\n<p><span style=\"font-weight: 400;\">Si conduce un autom\u00f3vil en Georgia, <\/span><b>est\u00e1s obligado por ley a tener <\/b><a href=\"https:\/\/oci.georgia.gov\/insurance-resources\/auto\" target=\"_blank\" rel=\"noopener\"><b>seguro de autom\u00f3vil<\/b><\/a><b>.<\/b><span style=\"font-weight: 400;\"> Tras una colisi\u00f3n con un cami\u00f3n de 18 ruedas, puede notificarlo a su aseguradora, que puede colaborar con la compa\u00f1\u00eda de seguros de la parte culpable para determinar qui\u00e9n es el responsable. Lo ideal ser\u00eda que las aseguradoras determinaran que usted no es responsable y que la aseguradora de la parte culpable le proporcionara una indemnizaci\u00f3n justa.\u00a0<\/span><\/p>\n<p><span style=\"font-weight: 400;\">Este escenario rara vez se materializa, ya que la compa\u00f1\u00eda de seguros de la parte responsable puede impugnar su reclamaci\u00f3n para evitar tener que pagarle una indemnizaci\u00f3n. Afortunadamente, un abogado especializado en accidentes de camiones de 18 ruedas en Duluth puede ayudarle. Puede negociar con la compa\u00f1\u00eda de seguros y, si es necesario, presentar una demanda en su nombre.\u00a0<\/span><\/p>\n\n<div class=\"cta-container row align-items-center\">\n    <div class=\"col-md-7\">\n        <p class=\"cta-text rs-content-cta\"><a class=\"no-btn\" href=\"https:\/\/slamdunkattorney.com\/es\/contact-us\/\">Haga clic para contactar<\/a> Nuestros abogados especializados en accidentes de camiones en Duluth hoy mismo.<\/p>\n    <\/div>\n    <div class=\"col-md-5\">\n        <img decoding=\"async\" src=\"https:\/\/slamdunkattorney.com\/wp-content\/themes\/slam-dunk-rebuild\/assets\/app\/img\/map-cta.jpg\" alt=\"Contact Us\" class=\"img-fluid\"\/>\n    <\/div>\n<\/div><h2><span style=\"font-weight: 400;\">Cu\u00e1ndo presentar una demanda<\/span><\/h2>\n<p><span style=\"font-weight: 400;\">En Georgia, <\/span><a href=\"https:\/\/slamdunkattorney.com\/es\/faqs\/what-is-the-statute-of-limitations-for-a-truck-accident-claim\/\"><span style=\"font-weight: 400;\">el plazo de prescripci\u00f3n para reclamar por un accidente de cami\u00f3n<\/span><\/a><span style=\"font-weight: 400;\"> es de dos a\u00f1os. Si desea presentar una demanda por un accidente con un cami\u00f3n de 18 ruedas, tiene dos a\u00f1os para hacerlo. Una vez que se cierre este plazo, es posible que sea el \u00fanico responsable de las p\u00e9rdidas relacionadas con el accidente.\u00a0<\/span><\/p>\n<p><span style=\"font-weight: 400;\">Si est\u00e1 pensando en presentar una demanda por un accidente con un cami\u00f3n de 18 ruedas, consulte su caso con un abogado. Esto le permitir\u00e1 compartir sus inquietudes y preguntas legales con un profesional. En ese momento, el abogado podr\u00e1 determinar si su caso es v\u00e1lido.\u00a0<\/span><\/p>\n<p><span style=\"font-weight: 400;\">Una vez que presente su demanda, su abogado actuar\u00e1 como su defensor y representante legal. Su objetivo es que usted obtenga la m\u00e1xima indemnizaci\u00f3n por da\u00f1os y perjuicios. Por lo tanto, dedicar\u00e1 el tiempo y los recursos necesarios para ayudarle a conseguir los mejores resultados posibles en su caso.\u00a0<\/span><\/p>\n\n<div class=\"cta-container map-bg row align-items-center flex-md-row-reverse\">\n    <div class=\"col-md-6\">\n        <p class=\"cta-text rs-content-cta\">Completa un <a href=\"https:\/\/slamdunkattorney.com\/es\/contact-us\/\">Formulario de evaluaci\u00f3n gratuita de su caso<\/a> ahora<\/p>\n    <\/div>\n    <div class=\"col-md-6 col-bg\">\n    <\/div>\n<\/div><h2><span style=\"font-weight: 400;\">Da\u00f1os y perjuicios que puede solicitar en su demanda<\/span><\/h2>\n<p><span style=\"font-weight: 400;\">Usted puede tener derecho a recibir una indemnizaci\u00f3n por da\u00f1os econ\u00f3micos y no econ\u00f3micos. Su abogado puede animarle a solicitar ambos tipos de indemnizaci\u00f3n. Estas son algunas de las razones por las que un juez o un jurado podr\u00edan decidir concederle una indemnizaci\u00f3n en su demanda por accidente con un cami\u00f3n de 18 ruedas:<\/span><\/p>\n<ul>\n<li style=\"font-weight: 400;\" aria-level=\"1\"><span style=\"font-weight: 400;\">Reparaciones o sustituci\u00f3n del autom\u00f3vil<\/span><\/li>\n<li style=\"font-weight: 400;\" aria-level=\"1\"><span style=\"font-weight: 400;\">P\u00e9rdida de ingresos<\/span><\/li>\n<li style=\"font-weight: 400;\" aria-level=\"1\"><span style=\"font-weight: 400;\">Facturas m\u00e9dicas\u00a0<\/span><\/li>\n<li style=\"font-weight: 400;\" aria-level=\"1\"><span style=\"font-weight: 400;\">Dolor y sufrimiento<\/span><\/li>\n<li style=\"font-weight: 400;\" aria-level=\"1\"><span style=\"font-weight: 400;\">P\u00e9rdida de disfrute<\/span><\/li>\n<\/ul>\n<p><span style=\"font-weight: 400;\">Podr\u00eda obtener una indemnizaci\u00f3n por da\u00f1os y perjuicios llevando su caso a juicio y explicando al juez o al jurado por qu\u00e9 debe recibir una compensaci\u00f3n por sus p\u00e9rdidas. Tambi\u00e9n puede llegar a un acuerdo antes de que su caso llegue a juicio. Su abogado puede explicarle si <\/span><a href=\"https:\/\/slamdunkattorney.com\/es\/faqs\/are-personal-injury-settlements-taxable\/\"><span style=\"font-weight: 400;\">Los acuerdos por lesiones personales est\u00e1n sujetos a impuestos.<\/span><\/a><span style=\"font-weight: 400;\"> y ofrecer informaci\u00f3n sobre otros temas legales relacionados con su caso.\u00a0<\/span><\/p>\n<h2><span style=\"font-weight: 400;\">Pruebas que puede utilizar en su demanda<\/span><\/h2>\n<p><span style=\"font-weight: 400;\">Las pruebas pueden desempe\u00f1ar un papel importante en su demanda. Si tiene pruebas suficientes para demostrar al juez o al jurado que usted no es responsable de un accidente en el que se vio involucrado un cami\u00f3n de 18 ruedas, podr\u00eda recibir una indemnizaci\u00f3n por da\u00f1os y perjuicios completa. Las pruebas que puede utilizar en su argumentaci\u00f3n incluyen:<\/span><\/p>\n<ul>\n<li style=\"font-weight: 400;\" aria-level=\"1\"><span style=\"font-weight: 400;\">Fotos y videos de la escena del accidente<\/span><\/li>\n<li style=\"font-weight: 400;\" aria-level=\"1\"><span style=\"font-weight: 400;\">Datos de la caja negra del cami\u00f3n<\/span><\/li>\n<li style=\"font-weight: 400;\" aria-level=\"1\"><span style=\"font-weight: 400;\">Im\u00e1genes de c\u00e1maras de tr\u00e1fico<\/span><\/li>\n<li style=\"font-weight: 400;\" aria-level=\"1\"><span style=\"font-weight: 400;\">Historial m\u00e9dico<\/span><\/li>\n<li style=\"font-weight: 400;\" aria-level=\"1\"><span style=\"font-weight: 400;\">Recibos de pago<\/span><\/li>\n<li style=\"font-weight: 400;\" aria-level=\"1\"><span style=\"font-weight: 400;\">Declaraciones de los testigos<\/span><\/li>\n<li style=\"font-weight: 400;\" aria-level=\"1\"><span style=\"font-weight: 400;\">Informes policiales<\/span><\/li>\n<\/ul>\n<p><span style=\"font-weight: 400;\">No basta con decir que cree que debe recuperar los da\u00f1os y perjuicios bas\u00e1ndose en las acciones del conductor de un cami\u00f3n de 18 ruedas, su empleador o cualquier otra parte. Su abogado especializado en accidentes de camiones de 18 ruedas en Duluth puede ayudarle a reunir pruebas que dificulten al demandado en su caso rebatir sus reclamaciones contra \u00e9l. Estas pruebas tambi\u00e9n podr\u00edan convencer al demandado de que ofrezca un acuerdo razonable.\u00a0<\/span><\/p>\n<h2><span style=\"font-weight: 400;\">As\u00f3ciese con un abogado especializado en accidentes de camiones de 18 ruedas que se enfoca en brindarle la oportunidad de recuperarse de sus lesiones.<\/span><\/h2>\n<p><span style=\"font-weight: 400;\">El equipo de Slam Dunk Attorney se preocupa realmente por su caso de accidente con un cami\u00f3n de 18 ruedas y haremos todo lo posible para ayudarle con sus asuntos legales. D\u00e9 a nuestro equipo la oportunidad de ayudarle a recuperar los da\u00f1os y perjuicios de las partes responsables. Programe una cita. <\/span><b>consulta gratuita sobre el caso<\/b><span style=\"font-weight: 400;\"> con nuestro equipo.\u00a0\u00a0<\/span><\/p>\n\n<div class=\"cta-container row align-items-center\">\n    <div class=\"col-md-7\">\n        <p class=\"cta-text rs-content-cta\">Llame o env\u00ede un mensaje de texto <a class=\"no-btn\" href=\"tel:+14049513513\">404-951-3513<\/a> o completar un <a href=\"https:\/\/slamdunkattorney.com\/es\/contact-us\/\">Formulario de evaluaci\u00f3n gratuita de su caso<\/a><\/p>\n    <\/div>\n    <div class=\"col-md-5\">\n        <img decoding=\"async\" src=\"https:\/\/slamdunkattorney.com\/wp-content\/themes\/slam-dunk-rebuild\/assets\/app\/img\/map-cta.jpg\" alt=\"Call or Text\" class=\"img-fluid\"\/>\n    <\/div>\n<\/div>","protected":false},"excerpt":{"rendered":"<p>You expect 18-wheeler truck drivers to take every precaution. Unfortunately, a trucker can make a mistake that leads to an accident in which you suffer injuries. In this situation, receive medical care and, in the days following the incident, consult with a Duluth 18-wheeler truck accident lawyer to examine your legal options.\u00a0 The core values &#8230;<\/p>","protected":false},"author":2,"featured_media":0,"parent":47,"menu_order":0,"comment_status":"closed","ping_status":"closed","template":"","meta":{"_acf_changed":false,"_genesis_hide_title":false,"_genesis_hide_breadcrumbs":false,"_genesis_hide_singular_image":false,"_genesis_hide_footer_widgets":false,"_genesis_custom_body_class":"","_genesis_custom_post_class":"","_genesis_layout":"","ngg_post_thumbnail":0,"footnotes":""},"extra-categories":[],"hc_faqs":[],"class_list":{"0":"post-11468","1":"page","2":"type-page","3":"status-publish","5":"hc_city_location-duluth","6":"entry"},"acf":[],"yoast_head":"<!-- This site is optimized with the Yoast SEO plugin v27.4 - https:\/\/yoast.com\/product\/yoast-seo-wordpress\/ -->\n<title>18-Wheeler Truck Accident Lawyer in Duluth | Free Consult<\/title>\n<meta name=\"description\" content=\"You need a Duluth 18 wheeler truck accident lawyer to help you fight for maximum compensation for costs related to your accident.\" \/>\n<meta name=\"robots\" content=\"index, follow, max-snippet:-1, max-image-preview:large, max-video-preview:-1\" \/>\n<link rel=\"canonical\" href=\"https:\/\/slamdunkattorney.com\/es\/duluth\/truck-accident-lawyer\/18-wheeler\/\" \/>\n<meta property=\"og:locale\" content=\"es_MX\" \/>\n<meta property=\"og:type\" content=\"article\" \/>\n<meta property=\"og:title\" content=\"18-Wheeler Truck Accident Lawyer in Duluth | Free Consult\" \/>\n<meta property=\"og:description\" content=\"You need a Duluth 18 wheeler truck accident lawyer to help you fight for maximum compensation for costs related to your accident.\" \/>\n<meta property=\"og:url\" content=\"https:\/\/slamdunkattorney.com\/es\/duluth\/truck-accident-lawyer\/18-wheeler\/\" \/>\n<meta property=\"og:site_name\" content=\"Slam Dunk Attorney | Injury Lawyers\" \/>\n<meta property=\"article:publisher\" content=\"https:\/\/www.facebook.com\/slamdunkattorneyinjurylawyers\/\" \/>\n<meta property=\"article:modified_time\" content=\"2024-12-13T12:20:07+00:00\" \/>\n<meta property=\"og:image\" content=\"https:\/\/slamdunkattorney.com\/wp-content\/uploads\/2023\/05\/cropped-Logo.png\" \/>\n\t<meta property=\"og:image:width\" content=\"1080\" \/>\n\t<meta property=\"og:image:height\" content=\"240\" \/>\n\t<meta property=\"og:image:type\" content=\"image\/png\" \/>\n<meta name=\"twitter:card\" content=\"summary_large_image\" \/>\n<meta name=\"twitter:site\" content=\"@slamdunkattorney\" \/>\n<meta name=\"twitter:label1\" content=\"Est. reading time\" \/>\n\t<meta name=\"twitter:data1\" content=\"5 minutos\" \/>\n<script type=\"application\/ld+json\" class=\"yoast-schema-graph\">{\"@context\":\"https:\\\/\\\/schema.org\",\"@graph\":[{\"@type\":\"WebPage\",\"@id\":\"https:\\\/\\\/slamdunkattorney.com\\\/duluth\\\/truck-accident-lawyer\\\/18-wheeler\\\/\",\"url\":\"https:\\\/\\\/slamdunkattorney.com\\\/duluth\\\/truck-accident-lawyer\\\/18-wheeler\\\/\",\"name\":\"18-Wheeler Truck Accident Lawyer in Duluth | Free Consult\",\"isPartOf\":{\"@id\":\"https:\\\/\\\/slamdunkattorney.com\\\/#website\"},\"datePublished\":\"2024-12-13T06:18:12+00:00\",\"dateModified\":\"2024-12-13T12:20:07+00:00\",\"description\":\"You need a Duluth 18 wheeler truck accident lawyer to help you fight for maximum compensation for costs related to your accident.\",\"breadcrumb\":{\"@id\":\"https:\\\/\\\/slamdunkattorney.com\\\/duluth\\\/truck-accident-lawyer\\\/18-wheeler\\\/#breadcrumb\"},\"inLanguage\":\"es\",\"potentialAction\":[{\"@type\":\"ReadAction\",\"target\":[\"https:\\\/\\\/slamdunkattorney.com\\\/duluth\\\/truck-accident-lawyer\\\/18-wheeler\\\/\"]}]},{\"@type\":\"BreadcrumbList\",\"@id\":\"https:\\\/\\\/slamdunkattorney.com\\\/duluth\\\/truck-accident-lawyer\\\/18-wheeler\\\/#breadcrumb\",\"itemListElement\":[{\"@type\":\"ListItem\",\"position\":1,\"name\":\"Home\",\"item\":\"https:\\\/\\\/slamdunkattorney.com\\\/\"},{\"@type\":\"ListItem\",\"position\":2,\"name\":\"Duluth, GA Personal Injury Lawyer\",\"item\":\"https:\\\/\\\/slamdunkattorney.com\\\/\"},{\"@type\":\"ListItem\",\"position\":3,\"name\":\"Duluth Truck Accident Lawyer\",\"item\":\"https:\\\/\\\/slamdunkattorney.com\\\/duluth\\\/truck-accident-lawyer\\\/\"},{\"@type\":\"ListItem\",\"position\":4,\"name\":\"18-Wheeler Truck Accident\"}]},{\"@type\":\"WebSite\",\"@id\":\"https:\\\/\\\/slamdunkattorney.com\\\/#website\",\"url\":\"https:\\\/\\\/slamdunkattorney.com\\\/\",\"name\":\"Slam Dunk Attorney | Injury Lawyers\",\"description\":\"Duluth Personal Injury Lawyers\",\"publisher\":{\"@id\":\"https:\\\/\\\/slamdunkattorney.com\\\/#organization\"},\"alternateName\":\"Slam Dunk Attorney\",\"inLanguage\":\"es\"},{\"@type\":\"Organization\",\"@id\":\"https:\\\/\\\/slamdunkattorney.com\\\/#organization\",\"name\":\"Slam Dunk Attorney\",\"alternateName\":\"Slam Dunk\",\"url\":\"https:\\\/\\\/slamdunkattorney.com\\\/\",\"logo\":{\"@type\":\"ImageObject\",\"inLanguage\":\"es\",\"@id\":\"https:\\\/\\\/slamdunkattorney.com\\\/#\\\/schema\\\/logo\\\/image\\\/\",\"url\":\"https:\\\/\\\/slamdunkattorney.com\\\/wp-content\\\/uploads\\\/2023\\\/05\\\/cropped-Logo.png\",\"contentUrl\":\"https:\\\/\\\/slamdunkattorney.com\\\/wp-content\\\/uploads\\\/2023\\\/05\\\/cropped-Logo.png\",\"width\":1080,\"height\":240,\"caption\":\"Slam Dunk Attorney\"},\"image\":{\"@id\":\"https:\\\/\\\/slamdunkattorney.com\\\/#\\\/schema\\\/logo\\\/image\\\/\"},\"sameAs\":[\"https:\\\/\\\/www.facebook.com\\\/slamdunkattorneyinjurylawyers\\\/\",\"https:\\\/\\\/x.com\\\/slamdunkattorney\",\"https:\\\/\\\/www.instagram.com\\\/slamdunkattorney\\\/\",\"https:\\\/\\\/www.youtube.com\\\/channel\\\/UCSrOiC7vOjlCi3UgtIVGNtw\",\"https:\\\/\\\/www.linkedin.com\\\/company\\\/slamdunkattorneyinjurylawyers\"]}]}<\/script>\n<!-- \/ Yoast SEO plugin. -->","yoast_head_json":{"title":"18-Wheeler Truck Accident Lawyer in Duluth | Free Consult","description":"You need a Duluth 18 wheeler truck accident lawyer to help you fight for maximum compensation for costs related to your accident.","robots":{"index":"index","follow":"follow","max-snippet":"max-snippet:-1","max-image-preview":"max-image-preview:large","max-video-preview":"max-video-preview:-1"},"canonical":"https:\/\/slamdunkattorney.com\/es\/duluth\/truck-accident-lawyer\/18-wheeler\/","og_locale":"es_MX","og_type":"article","og_title":"18-Wheeler Truck Accident Lawyer in Duluth | Free Consult","og_description":"You need a Duluth 18 wheeler truck accident lawyer to help you fight for maximum compensation for costs related to your accident.","og_url":"https:\/\/slamdunkattorney.com\/es\/duluth\/truck-accident-lawyer\/18-wheeler\/","og_site_name":"Slam Dunk Attorney | Injury Lawyers","article_publisher":"https:\/\/www.facebook.com\/slamdunkattorneyinjurylawyers\/","article_modified_time":"2024-12-13T12:20:07+00:00","og_image":[{"width":1080,"height":240,"url":"https:\/\/slamdunkattorney.com\/wp-content\/uploads\/2023\/05\/cropped-Logo.png","type":"image\/png"}],"twitter_card":"summary_large_image","twitter_site":"@slamdunkattorney","twitter_misc":{"Est. reading time":"5 minutos"},"schema":{"@context":"https:\/\/schema.org","@graph":[{"@type":"WebPage","@id":"https:\/\/slamdunkattorney.com\/duluth\/truck-accident-lawyer\/18-wheeler\/","url":"https:\/\/slamdunkattorney.com\/duluth\/truck-accident-lawyer\/18-wheeler\/","name":"18-Wheeler Truck Accident Lawyer in Duluth | Free Consult","isPartOf":{"@id":"https:\/\/slamdunkattorney.com\/#website"},"datePublished":"2024-12-13T06:18:12+00:00","dateModified":"2024-12-13T12:20:07+00:00","description":"You need a Duluth 18 wheeler truck accident lawyer to help you fight for maximum compensation for costs related to your accident.","breadcrumb":{"@id":"https:\/\/slamdunkattorney.com\/duluth\/truck-accident-lawyer\/18-wheeler\/#breadcrumb"},"inLanguage":"es","potentialAction":[{"@type":"ReadAction","target":["https:\/\/slamdunkattorney.com\/duluth\/truck-accident-lawyer\/18-wheeler\/"]}]},{"@type":"BreadcrumbList","@id":"https:\/\/slamdunkattorney.com\/duluth\/truck-accident-lawyer\/18-wheeler\/#breadcrumb","itemListElement":[{"@type":"ListItem","position":1,"name":"Home","item":"https:\/\/slamdunkattorney.com\/"},{"@type":"ListItem","position":2,"name":"Duluth, GA Personal Injury Lawyer","item":"https:\/\/slamdunkattorney.com\/"},{"@type":"ListItem","position":3,"name":"Duluth Truck Accident Lawyer","item":"https:\/\/slamdunkattorney.com\/duluth\/truck-accident-lawyer\/"},{"@type":"ListItem","position":4,"name":"18-Wheeler Truck Accident"}]},{"@type":"WebSite","@id":"https:\/\/slamdunkattorney.com\/#website","url":"https:\/\/slamdunkattorney.com\/","name":"Abogado experto en lesiones | Abogados especializados en lesiones","description":"Abogados de lesiones personales en Duluth","publisher":{"@id":"https:\/\/slamdunkattorney.com\/#organization"},"alternateName":"Slam Dunk Attorney","inLanguage":"es"},{"@type":"Organization","@id":"https:\/\/slamdunkattorney.com\/#organization","name":"Abogado Slam Dunk","alternateName":"Slam Dunk","url":"https:\/\/slamdunkattorney.com\/","logo":{"@type":"ImageObject","inLanguage":"es","@id":"https:\/\/slamdunkattorney.com\/#\/schema\/logo\/image\/","url":"https:\/\/slamdunkattorney.com\/wp-content\/uploads\/2023\/05\/cropped-Logo.png","contentUrl":"https:\/\/slamdunkattorney.com\/wp-content\/uploads\/2023\/05\/cropped-Logo.png","width":1080,"height":240,"caption":"Slam Dunk Attorney"},"image":{"@id":"https:\/\/slamdunkattorney.com\/#\/schema\/logo\/image\/"},"sameAs":["https:\/\/www.facebook.com\/slamdunkattorneyinjurylawyers\/","https:\/\/x.com\/slamdunkattorney","https:\/\/www.instagram.com\/slamdunkattorney\/","https:\/\/www.youtube.com\/channel\/UCSrOiC7vOjlCi3UgtIVGNtw","https:\/\/www.linkedin.com\/company\/slamdunkattorneyinjurylawyers"]}]}},"yoast_meta":{"yoast_wpseo_title":"","yoast_wpseo_metadesc":"","yoast_wpseo_canonical":"https:\/\/slamdunkattorney.com\/es\/wp-json\/wp\/v2\/pages\/11468"},"_links":{"self":[{"href":"https:\/\/slamdunkattorney.com\/es\/wp-json\/wp\/v2\/pages\/11468","targetHints":{"allow":["GET"]}}],"collection":[{"href":"https:\/\/slamdunkattorney.com\/es\/wp-json\/wp\/v2\/pages"}],"about":[{"href":"https:\/\/slamdunkattorney.com\/es\/wp-json\/wp\/v2\/types\/page"}],"author":[{"embeddable":true,"href":"https:\/\/slamdunkattorney.com\/es\/wp-json\/wp\/v2\/users\/2"}],"replies":[{"embeddable":true,"href":"https:\/\/slamdunkattorney.com\/es\/wp-json\/wp\/v2\/comments?post=11468"}],"version-history":[{"count":0,"href":"https:\/\/slamdunkattorney.com\/es\/wp-json\/wp\/v2\/pages\/11468\/revisions"}],"up":[{"embeddable":true,"href":"https:\/\/slamdunkattorney.com\/es\/wp-json\/wp\/v2\/pages\/47"}],"wp:attachment":[{"href":"https:\/\/slamdunkattorney.com\/es\/wp-json\/wp\/v2\/media?parent=11468"}],"wp:term":[{"taxonomy":"extra-categories","embeddable":true,"href":"https:\/\/slamdunkattorney.com\/es\/wp-json\/wp\/v2\/extra-categories?post=11468"},{"taxonomy":"hc_faqs","embeddable":true,"href":"https:\/\/slamdunkattorney.com\/es\/wp-json\/wp\/v2\/hc_faqs?post=11468"}],"curies":[{"name":"wp","href":"https:\/\/api.w.org\/{rel}","templated":true}]}}