{"id":11467,"date":"2024-12-13T06:15:33","date_gmt":"2024-12-13T06:15:33","guid":{"rendered":"https:\/\/slamdunk.wpenginepowered.com\/?page_id=11467"},"modified":"2024-12-13T12:21:01","modified_gmt":"2024-12-13T12:21:01","slug":"duluth-fatal-truck-accident-lawyer","status":"publish","type":"page","link":"https:\/\/slamdunkattorney.com\/es\/duluth\/truck-accident-lawyer\/fatal\/","title":{"rendered":"Abogado especializado en accidentes fatales de camiones en Duluth"},"content":{"rendered":"<p><span style=\"font-weight: 400;\">Un accidente mortal de cami\u00f3n es devastador, ya que deja a una familia sumida en la incertidumbre y con un futuro que es, sin duda, injusto. En Slam Dunk Attorney, nuestro <\/span><a href=\"https:\/\/slamdunkattorney.com\/es\/duluth\/truck-accident-lawyer\/\"><span style=\"font-weight: 400;\">Abogado especializado en accidentes de camiones en Duluth<\/span><\/a><span style=\"font-weight: 400;\"> sabe que necesita representaci\u00f3n legal para que los responsables de lo que le han hecho a sus familiares rindan cuentas, y nuestro equipo, con <\/span><b>d\u00e9cadas de experiencia combinada,<\/b><span style=\"font-weight: 400;\"> est\u00e1 listo para ayudarte.\u00a0<\/span><\/p>\n<p><span style=\"font-weight: 400;\">Concierte ahora una consulta gratuita con nuestro abogado especializado en accidentes fatales de camiones en Duluth y descubra qu\u00e9 opciones legales podr\u00edan ayudarle con nuestra verdadera transparencia.<\/span><\/p>\n<h2><span style=\"font-weight: 400;\">Los accidentes de camiones en Duluth suelen ser mortales.<\/span><\/h2>\n<p><span style=\"font-weight: 400;\">Al trabajar con nuestro equipo, usted obtiene los conocimientos necesarios para proteger sus derechos. Sabemos lo dif\u00edcil que puede ser el proceso legal, pero tambi\u00e9n sabemos lo importante que es para usted recuperar todos los da\u00f1os y perjuicios posibles. Nos ocupamos de todo tipo de accidentes de camiones en Duluth que impliquen v\u00edctimas mortales, incluyendo:<\/span><\/p>\n<ul>\n<li style=\"font-weight: 400;\" aria-level=\"1\"><span style=\"font-weight: 400;\">Conductores de camiones distra\u00eddos<\/span><\/li>\n<li style=\"font-weight: 400;\" aria-level=\"1\"><span style=\"font-weight: 400;\">Accidentes de camiones con remolque en T<\/span><\/li>\n<li style=\"font-weight: 400;\" aria-level=\"1\"><span style=\"font-weight: 400;\">Accidentes a alta velocidad en la I-85<\/span><\/li>\n<li style=\"font-weight: 400;\" aria-level=\"1\"><span style=\"font-weight: 400;\">Accidentes causados por conductores de camiones ebrios<\/span><\/li>\n<li style=\"font-weight: 400;\" aria-level=\"1\"><span style=\"font-weight: 400;\">Accidentes causados por conductores de camiones fatigados<\/span><\/li>\n<li style=\"font-weight: 400;\" aria-level=\"1\"><span style=\"font-weight: 400;\">Fallos en la fabricaci\u00f3n de camiones<\/span><\/li>\n<li style=\"font-weight: 400;\" aria-level=\"1\"><span style=\"font-weight: 400;\">Accidentes de camiones de reparto de Amazon, UPS y FedEx<\/span><\/li>\n<\/ul>\n<p><span style=\"font-weight: 400;\">Ya sea que su ser querido haya sufrido un accidente en la Ruta 23, la I-985 o la Ruta 29, es fundamental que conozca cu\u00e1les son sus derechos. Sabemos exactamente qu\u00e9 pasos seguir para proteger sus derechos. No espere m\u00e1s y p\u00f3ngase en contacto con nuestro <\/span><a href=\"https:\/\/slamdunkattorney.com\/es\/\"><span style=\"font-weight: 400;\">Abogados especializados en lesiones personales en Duluth<\/span><\/a><span style=\"font-weight: 400;\"> para obtener asesoramiento legal r\u00e1pido y confiable cuando m\u00e1s lo necesite.<\/span><\/p>\n<h3><span style=\"font-weight: 400;\">Los accidentes de camiones causan graves p\u00e9rdidas cada a\u00f1o<\/span><\/h3>\n<p><span style=\"font-weight: 400;\">Departamento de Transporte de los Estados Unidos <\/span><a href=\"https:\/\/ai.fmcsa.dot.gov\/CrashStatistics?tab=Summary&amp;type=&amp;report_id=1&amp;crash_type_id=4&amp;datasource_id=1&amp;time_period_id=2&amp;report_date=0&amp;vehicle_type=1&amp;state=GA&amp;domicile=ALL&amp;measure_id=1&amp;operation_id=null\" target=\"_blank\" rel=\"noopener\"><span style=\"font-weight: 400;\">estad\u00edsticas de accidentes<\/span><\/a><span style=\"font-weight: 400;\"> mostrar <\/span><b>202 personas fallecieron en accidentes fatales de camiones en todo el estado. <\/b><span style=\"font-weight: 400;\">de Georgia en 2023. En 2022, fueron 263 personas.\u00a0<\/span><\/p>\n<p><span style=\"font-weight: 400;\">Si su ser querido falleci\u00f3 en un accidente en el que estuvo involucrado un cami\u00f3n, no espere m\u00e1s y p\u00f3ngase en contacto con nuestro abogado especializado en accidentes fatales de camiones en Duluth para obtener la orientaci\u00f3n legal que necesita.<\/span><\/p>\n\n<div class=\"cta-container row align-items-center\">\n    <div class=\"col-md-7\">\n        <p class=\"cta-text rs-content-cta\">Orgullosos de servir a Duluth y a todo Georgia <span>\u00a1Cont\u00e1ctenos para comenzar su recuperaci\u00f3n!<\/span> <a href=\"https:\/\/slamdunkattorney.com\/es\/\">Explore nuestras \u00e1reas de pr\u00e1ctica<\/a><\/p>\n    <\/div>\n    <div class=\"col-md-5\">\n        <img decoding=\"async\" src=\"https:\/\/slamdunkattorney.com\/wp-content\/themes\/slam-dunk-rebuild\/assets\/app\/img\/map-cta.jpg\" alt=\"Legal Consultation\" class=\"img-fluid\"\/>\n    <\/div>\n<\/div><h2><span style=\"font-weight: 400;\">C\u00f3mo determinar si puede presentar una reclamaci\u00f3n despu\u00e9s de un accidente de cami\u00f3n en Duluth<\/span><\/h2>\n<p><span style=\"font-weight: 400;\">La ley permite a los familiares sobrevivientes y al patrimonio del fallecido emprender acciones legales contra quienes causaron la muerte. En la mayor\u00eda de los casos, esto significa que el <\/span><b>El pariente m\u00e1s cercano es la persona que decide emprender acciones legales. <\/b><span style=\"font-weight: 400;\">El orden de la toma de decisiones sigue este proceso:<\/span><\/p>\n<ul>\n<li style=\"font-weight: 400;\" aria-level=\"1\"><span style=\"font-weight: 400;\">El c\u00f3nyuge de la parte fallecida.<\/span><\/li>\n<li style=\"font-weight: 400;\" aria-level=\"1\"><span style=\"font-weight: 400;\">Si no hay c\u00f3nyuge, los hijos del fallecido.<\/span><\/li>\n<li style=\"font-weight: 400;\" aria-level=\"1\"><span style=\"font-weight: 400;\">Si no hay c\u00f3nyuge ni hijos, el padre o la madre del fallecido.<\/span><\/li>\n<\/ul>\n<p><span style=\"font-weight: 400;\">En algunas situaciones, los herederos de la persona fallecida tienen derecho a solicitar una indemnizaci\u00f3n por las p\u00e9rdidas que dicha persona habr\u00eda podido reclamar si no hubiera fallecido. El administrador de la herencia ser\u00e1 probablemente la persona encargada de presentar una demanda contra la parte culpable para solicitar una indemnizaci\u00f3n para la herencia y sus herederos. Los activos recuperados en estas situaciones pasan a formar parte de la herencia del fallecido, que ser\u00e1 liquidada por el tribunal testamentario o de acuerdo con el testamento de la persona.<\/span><\/p>\n\n<div class=\"cta-container map-bg row align-items-center flex-md-row-reverse\">\n    <div class=\"col-md-6\">\n        <p class=\"cta-text rs-content-cta\">Abogado especializado en accidentes fatales de camiones en Duluth cerca de m\u00ed <a href=\"tel:+14049513513\">404-951-3513<\/a><\/p>\n    <\/div>\n    <div class=\"col-md-6 col-bg\">\n    <\/div>\n<\/div><h2><span style=\"font-weight: 400;\">Posibles da\u00f1os y perjuicios que puede reclamar tras un accidente de cami\u00f3n<\/span><\/h2>\n<p><span style=\"font-weight: 400;\">Cuando nos contrata, le proporcionamos informaci\u00f3n clara sobre sus derechos, incluyendo un resumen de todas las p\u00e9rdidas potenciales que podr\u00eda tener derecho a reclamar. Hay una serie de factores que deben tenerse en cuenta, como los detalles del accidente, la edad de la persona, su capacidad de generar ingresos y muchos m\u00e1s. Dependiendo de estos factores, es posible que pueda reclamar una indemnizaci\u00f3n por p\u00e9rdidas tales como:<\/span><\/p>\n<ul>\n<li style=\"font-weight: 400;\" aria-level=\"1\"><span style=\"font-weight: 400;\">P\u00e9rdidas por gastos finales, como los costos de entierro y funeral.<\/span><\/li>\n<li style=\"font-weight: 400;\" aria-level=\"1\"><span style=\"font-weight: 400;\">Gastos m\u00e9dicos incurridos antes del fallecimiento de la persona.<\/span><\/li>\n<li style=\"font-weight: 400;\" aria-level=\"1\"><span style=\"font-weight: 400;\">Reclamaciones por da\u00f1os materiales<\/span><\/li>\n<li style=\"font-weight: 400;\" aria-level=\"1\"><span style=\"font-weight: 400;\">Dolor y sufrimiento padecidos por el fallecido antes de su muerte.<\/span><\/li>\n<li style=\"font-weight: 400;\" aria-level=\"1\"><span style=\"font-weight: 400;\">P\u00e9rdida de cuidados y compa\u00f1\u00eda<\/span><\/li>\n<li style=\"font-weight: 400;\" aria-level=\"1\"><span style=\"font-weight: 400;\">P\u00e9rdida de asesoramiento y consejo<\/span><\/li>\n<li style=\"font-weight: 400;\" aria-level=\"1\"><span style=\"font-weight: 400;\">Compensaci\u00f3n econ\u00f3mica por las p\u00e9rdidas que habr\u00edan recibido los familiares a cargo.<\/span><\/li>\n<\/ul>\n<p><span style=\"font-weight: 400;\">La compensaci\u00f3n econ\u00f3mica no puede arreglar lo que ha sucedido, pero nuestro equipo legal se asegurar\u00e1 de que conozcas tus derechos para recuperar los fondos que necesitas para satisfacer tus propias necesidades en el futuro. Concierta una consulta gratuita con nuestros abogados para hablar sobre tus derechos. Nuestro abogado especializado en accidentes fatales de camiones en Duluth cuenta con la experiencia necesaria, y t\u00fa puedes aprender <\/span><a href=\"https:\/\/slamdunkattorney.com\/es\/faqs\/what-is-the-statute-of-limitations-for-a-truck-accident-claim\/\"><span style=\"font-weight: 400;\">\u00bfCu\u00e1l es el plazo de prescripci\u00f3n para reclamar por un accidente de cami\u00f3n?<\/span><\/a><span style=\"font-weight: 400;\">.<\/span><\/p>\n\n<div class=\"cta-container row align-items-center\">\n    <div class=\"col-md-7\">\n        <p class=\"cta-text rs-content-cta\"><a class=\"no-btn\" href=\"https:\/\/slamdunkattorney.com\/es\/contact-us\/\">Haga clic para contactar<\/a> Nuestros abogados especializados en accidentes de camiones en Duluth hoy mismo.<\/p>\n    <\/div>\n    <div class=\"col-md-5\">\n        <img decoding=\"async\" src=\"https:\/\/slamdunkattorney.com\/wp-content\/themes\/slam-dunk-rebuild\/assets\/app\/img\/map-cta.jpg\" alt=\"Contact Us\" class=\"img-fluid\"\/>\n    <\/div>\n<\/div><h2><span style=\"font-weight: 400;\">Deje que nuestro equipo investigue a fondo el fatal accidente de cami\u00f3n.<\/span><\/h2>\n<p><span style=\"font-weight: 400;\">Es muy com\u00fan que las familias tengan dificultades para lidiar con lo que sucedi\u00f3 despu\u00e9s de un accidente de este tipo. Si bien el informe policial puede brindarle cierta informaci\u00f3n y orientaci\u00f3n, es poco probable que cuente toda la historia. Tomaremos numerosas medidas para descubrir lo que ocurri\u00f3 y, lo que es m\u00e1s importante, qui\u00e9n fue el responsable.<\/span><\/p>\n<ul>\n<li style=\"font-weight: 400;\" aria-level=\"1\"><span style=\"font-weight: 400;\">Utilice un software de recreaci\u00f3n de accidentes para demostrar lo que ocurri\u00f3.<\/span><\/li>\n<li style=\"font-weight: 400;\" aria-level=\"1\"><span style=\"font-weight: 400;\">Obtenga el historial m\u00e9dico del conductor del cami\u00f3n si hay sospechas de intoxicaci\u00f3n.<\/span><\/li>\n<li style=\"font-weight: 400;\" aria-level=\"1\"><span style=\"font-weight: 400;\">Solicite declaraciones de testigos a cualquier persona involucrada.<\/span><\/li>\n<li style=\"font-weight: 400;\" aria-level=\"1\"><span style=\"font-weight: 400;\">Trabaje con nuestros expertos en accidentes y medicina para preparar su caso y documentar sus reclamaciones.<\/span><\/li>\n<li style=\"font-weight: 400;\" aria-level=\"1\"><span style=\"font-weight: 400;\">Utilice el registro del cami\u00f3n y los registros de la empresa de transporte para verificar el tiempo libre del conductor y sus acciones antes del incidente.<\/span><\/li>\n<\/ul>\n<p><span style=\"font-weight: 400;\">Todos estos detalles pueden ayudar a construir un caso s\u00f3lido a su favor, al demostrar qui\u00e9n tuvo la culpa y por qu\u00e9. Al comprender los detalles, es posible que podamos demostrar que el conductor del cami\u00f3n, la empresa de transporte, el fabricante del veh\u00edculo u otras partes fueron responsables de la muerte de su familiar. Eso puede permitir una acci\u00f3n legal m\u00e1s agresiva para recuperar los da\u00f1os y perjuicios.<\/span><\/p>\n<h3><span style=\"font-weight: 400;\">Aunque no est\u00e9 seguro, solicite una consulta gratuita.<\/span><\/h3>\n<p><span style=\"font-weight: 400;\">Los familiares de las v\u00edctimas que perdieron la vida a menudo no est\u00e1n seguros de qu\u00e9 medidas legales deben tomar o si simplemente deben confiar en que la compa\u00f1\u00eda de seguros ser\u00e1 justa. Establezca un <\/span><b>consulta gratuita y sin compromiso <\/b><span style=\"font-weight: 400;\">con nuestro abogado especializado en accidentes fatales de camiones en Duluth para conocer cu\u00e1les son sus derechos y averiguar si le corresponde una indemnizaci\u00f3n adicional. No se pregunte si hizo todo lo posible por luchar por su familia y por su ser querido fallecido.<\/span><\/p>\n\n<div class=\"cta-container map-bg row align-items-center flex-md-row-reverse\">\n    <div class=\"col-md-6\">\n        <p class=\"cta-text rs-content-cta\">Completa un <a href=\"https:\/\/slamdunkattorney.com\/es\/contact-us\/\">Formulario de evaluaci\u00f3n gratuita de su caso<\/a> ahora<\/p>\n    <\/div>\n    <div class=\"col-md-6 col-bg\">\n    <\/div>\n<\/div><h2><span style=\"font-weight: 400;\">Programe una consulta gratuita con nuestro abogado especializado en accidentes de camiones en Duluth.<\/span><\/h2>\n<p><span style=\"font-weight: 400;\">Slam Dunk Attorney cuenta con d\u00e9cadas de experiencia, una reputaci\u00f3n de obtener resultados y compasi\u00f3n por aquellos que sufren a manos de otros. Re\u00fanase con nuestro abogado especializado en accidentes fatales de camiones en Duluth para conocer cu\u00e1les son sus derechos sin ning\u00fan riesgo. Si no ganamos su caso, no nos deber\u00e1 nada por nuestros servicios legales.<\/span><\/p>\n\n<div class=\"cta-container row align-items-center\">\n    <div class=\"col-md-7\">\n        <p class=\"cta-text rs-content-cta\">Llame o env\u00ede un mensaje de texto <a class=\"no-btn\" href=\"tel:+14049513513\">404-951-3513<\/a> o completar un <a href=\"https:\/\/slamdunkattorney.com\/es\/contact-us\/\">Formulario de evaluaci\u00f3n gratuita de su caso<\/a><\/p>\n    <\/div>\n    <div class=\"col-md-5\">\n        <img decoding=\"async\" src=\"https:\/\/slamdunkattorney.com\/wp-content\/themes\/slam-dunk-rebuild\/assets\/app\/img\/map-cta.jpg\" alt=\"Call or Text\" class=\"img-fluid\"\/>\n    <\/div>\n<\/div>","protected":false},"excerpt":{"rendered":"<p>A fatal truck accident is devastating, leaving a family with uncertainty and a future that is nothing short of unfair. At Slam Dunk Attorney, our Duluth truck accident lawyer knows you need legal representation to hold those who did this to your family members accountable, and our team, with decades of combined experience, is ready &#8230;<\/p>","protected":false},"author":2,"featured_media":0,"parent":47,"menu_order":0,"comment_status":"closed","ping_status":"closed","template":"","meta":{"_acf_changed":false,"_genesis_hide_title":false,"_genesis_hide_breadcrumbs":false,"_genesis_hide_singular_image":false,"_genesis_hide_footer_widgets":false,"_genesis_custom_body_class":"","_genesis_custom_post_class":"","_genesis_layout":"","ngg_post_thumbnail":0,"footnotes":""},"extra-categories":[],"hc_faqs":[],"class_list":{"0":"post-11467","1":"page","2":"type-page","3":"status-publish","5":"hc_city_location-duluth","6":"entry"},"acf":[],"yoast_head":"<!-- This site is optimized with the Yoast SEO plugin v27.3 - https:\/\/yoast.com\/product\/yoast-seo-wordpress\/ -->\n<title>Fatal Truck Accident Lawyer in Duluth | Free Consult<\/title>\n<meta name=\"description\" content=\"You need a Duluth fatal truck accident lawyer to help you fight for maximum compensation for costs related to your accident.\" \/>\n<meta name=\"robots\" content=\"index, follow, max-snippet:-1, max-image-preview:large, max-video-preview:-1\" \/>\n<link rel=\"canonical\" href=\"https:\/\/slamdunkattorney.com\/es\/duluth\/truck-accident-lawyer\/fatal\/\" \/>\n<meta property=\"og:locale\" content=\"es_MX\" \/>\n<meta property=\"og:type\" content=\"article\" \/>\n<meta property=\"og:title\" content=\"Fatal Truck Accident Lawyer in Duluth | Free Consult\" \/>\n<meta property=\"og:description\" content=\"You need a Duluth fatal truck accident lawyer to help you fight for maximum compensation for costs related to your accident.\" \/>\n<meta property=\"og:url\" content=\"https:\/\/slamdunkattorney.com\/es\/duluth\/truck-accident-lawyer\/fatal\/\" \/>\n<meta property=\"og:site_name\" content=\"Slam Dunk Attorney | Injury Lawyers\" \/>\n<meta property=\"article:publisher\" content=\"https:\/\/www.facebook.com\/slamdunkattorneyinjurylawyers\/\" \/>\n<meta property=\"article:modified_time\" content=\"2024-12-13T12:21:01+00:00\" \/>\n<meta property=\"og:image\" content=\"https:\/\/slamdunkattorney.com\/wp-content\/uploads\/2023\/05\/cropped-Logo.png\" \/>\n\t<meta property=\"og:image:width\" content=\"1080\" \/>\n\t<meta property=\"og:image:height\" content=\"240\" \/>\n\t<meta property=\"og:image:type\" content=\"image\/png\" \/>\n<meta name=\"twitter:card\" content=\"summary_large_image\" \/>\n<meta name=\"twitter:site\" content=\"@slamdunkattorney\" \/>\n<meta name=\"twitter:label1\" content=\"Est. reading time\" \/>\n\t<meta name=\"twitter:data1\" content=\"5 minutos\" \/>\n<script type=\"application\/ld+json\" class=\"yoast-schema-graph\">{\"@context\":\"https:\\\/\\\/schema.org\",\"@graph\":[{\"@type\":\"WebPage\",\"@id\":\"https:\\\/\\\/slamdunkattorney.com\\\/duluth\\\/truck-accident-lawyer\\\/fatal\\\/\",\"url\":\"https:\\\/\\\/slamdunkattorney.com\\\/duluth\\\/truck-accident-lawyer\\\/fatal\\\/\",\"name\":\"Fatal Truck Accident Lawyer in Duluth | Free Consult\",\"isPartOf\":{\"@id\":\"https:\\\/\\\/slamdunkattorney.com\\\/#website\"},\"datePublished\":\"2024-12-13T06:15:33+00:00\",\"dateModified\":\"2024-12-13T12:21:01+00:00\",\"description\":\"You need a Duluth fatal truck accident lawyer to help you fight for maximum compensation for costs related to your accident.\",\"breadcrumb\":{\"@id\":\"https:\\\/\\\/slamdunkattorney.com\\\/duluth\\\/truck-accident-lawyer\\\/fatal\\\/#breadcrumb\"},\"inLanguage\":\"es\",\"potentialAction\":[{\"@type\":\"ReadAction\",\"target\":[\"https:\\\/\\\/slamdunkattorney.com\\\/duluth\\\/truck-accident-lawyer\\\/fatal\\\/\"]}]},{\"@type\":\"BreadcrumbList\",\"@id\":\"https:\\\/\\\/slamdunkattorney.com\\\/duluth\\\/truck-accident-lawyer\\\/fatal\\\/#breadcrumb\",\"itemListElement\":[{\"@type\":\"ListItem\",\"position\":1,\"name\":\"Home\",\"item\":\"https:\\\/\\\/slamdunkattorney.com\\\/\"},{\"@type\":\"ListItem\",\"position\":2,\"name\":\"Duluth, GA Personal Injury Lawyer\",\"item\":\"https:\\\/\\\/slamdunkattorney.com\\\/\"},{\"@type\":\"ListItem\",\"position\":3,\"name\":\"Duluth Truck Accident Lawyer\",\"item\":\"https:\\\/\\\/slamdunkattorney.com\\\/duluth\\\/truck-accident-lawyer\\\/\"},{\"@type\":\"ListItem\",\"position\":4,\"name\":\"Fatal Truck Accident\"}]},{\"@type\":\"WebSite\",\"@id\":\"https:\\\/\\\/slamdunkattorney.com\\\/#website\",\"url\":\"https:\\\/\\\/slamdunkattorney.com\\\/\",\"name\":\"Slam Dunk Attorney | Injury Lawyers\",\"description\":\"Duluth Personal Injury Lawyers\",\"publisher\":{\"@id\":\"https:\\\/\\\/slamdunkattorney.com\\\/#organization\"},\"alternateName\":\"Slam Dunk Attorney\",\"inLanguage\":\"es\"},{\"@type\":\"Organization\",\"@id\":\"https:\\\/\\\/slamdunkattorney.com\\\/#organization\",\"name\":\"Slam Dunk Attorney\",\"alternateName\":\"Slam Dunk\",\"url\":\"https:\\\/\\\/slamdunkattorney.com\\\/\",\"logo\":{\"@type\":\"ImageObject\",\"inLanguage\":\"es\",\"@id\":\"https:\\\/\\\/slamdunkattorney.com\\\/#\\\/schema\\\/logo\\\/image\\\/\",\"url\":\"https:\\\/\\\/slamdunkattorney.com\\\/wp-content\\\/uploads\\\/2023\\\/05\\\/cropped-Logo.png\",\"contentUrl\":\"https:\\\/\\\/slamdunkattorney.com\\\/wp-content\\\/uploads\\\/2023\\\/05\\\/cropped-Logo.png\",\"width\":1080,\"height\":240,\"caption\":\"Slam Dunk Attorney\"},\"image\":{\"@id\":\"https:\\\/\\\/slamdunkattorney.com\\\/#\\\/schema\\\/logo\\\/image\\\/\"},\"sameAs\":[\"https:\\\/\\\/www.facebook.com\\\/slamdunkattorneyinjurylawyers\\\/\",\"https:\\\/\\\/x.com\\\/slamdunkattorney\",\"https:\\\/\\\/www.instagram.com\\\/slamdunkattorney\\\/\",\"https:\\\/\\\/www.youtube.com\\\/channel\\\/UCSrOiC7vOjlCi3UgtIVGNtw\",\"https:\\\/\\\/www.linkedin.com\\\/company\\\/slamdunkattorneyinjurylawyers\"]}]}<\/script>\n<!-- \/ Yoast SEO plugin. -->","yoast_head_json":{"title":"Fatal Truck Accident Lawyer in Duluth | Free Consult","description":"You need a Duluth fatal truck accident lawyer to help you fight for maximum compensation for costs related to your accident.","robots":{"index":"index","follow":"follow","max-snippet":"max-snippet:-1","max-image-preview":"max-image-preview:large","max-video-preview":"max-video-preview:-1"},"canonical":"https:\/\/slamdunkattorney.com\/es\/duluth\/truck-accident-lawyer\/fatal\/","og_locale":"es_MX","og_type":"article","og_title":"Fatal Truck Accident Lawyer in Duluth | Free Consult","og_description":"You need a Duluth fatal truck accident lawyer to help you fight for maximum compensation for costs related to your accident.","og_url":"https:\/\/slamdunkattorney.com\/es\/duluth\/truck-accident-lawyer\/fatal\/","og_site_name":"Slam Dunk Attorney | Injury Lawyers","article_publisher":"https:\/\/www.facebook.com\/slamdunkattorneyinjurylawyers\/","article_modified_time":"2024-12-13T12:21:01+00:00","og_image":[{"width":1080,"height":240,"url":"https:\/\/slamdunkattorney.com\/wp-content\/uploads\/2023\/05\/cropped-Logo.png","type":"image\/png"}],"twitter_card":"summary_large_image","twitter_site":"@slamdunkattorney","twitter_misc":{"Est. reading time":"5 minutos"},"schema":{"@context":"https:\/\/schema.org","@graph":[{"@type":"WebPage","@id":"https:\/\/slamdunkattorney.com\/duluth\/truck-accident-lawyer\/fatal\/","url":"https:\/\/slamdunkattorney.com\/duluth\/truck-accident-lawyer\/fatal\/","name":"Fatal Truck Accident Lawyer in Duluth | Free Consult","isPartOf":{"@id":"https:\/\/slamdunkattorney.com\/#website"},"datePublished":"2024-12-13T06:15:33+00:00","dateModified":"2024-12-13T12:21:01+00:00","description":"You need a Duluth fatal truck accident lawyer to help you fight for maximum compensation for costs related to your accident.","breadcrumb":{"@id":"https:\/\/slamdunkattorney.com\/duluth\/truck-accident-lawyer\/fatal\/#breadcrumb"},"inLanguage":"es","potentialAction":[{"@type":"ReadAction","target":["https:\/\/slamdunkattorney.com\/duluth\/truck-accident-lawyer\/fatal\/"]}]},{"@type":"BreadcrumbList","@id":"https:\/\/slamdunkattorney.com\/duluth\/truck-accident-lawyer\/fatal\/#breadcrumb","itemListElement":[{"@type":"ListItem","position":1,"name":"Home","item":"https:\/\/slamdunkattorney.com\/"},{"@type":"ListItem","position":2,"name":"Duluth, GA Personal Injury Lawyer","item":"https:\/\/slamdunkattorney.com\/"},{"@type":"ListItem","position":3,"name":"Duluth Truck Accident Lawyer","item":"https:\/\/slamdunkattorney.com\/duluth\/truck-accident-lawyer\/"},{"@type":"ListItem","position":4,"name":"Fatal Truck Accident"}]},{"@type":"WebSite","@id":"https:\/\/slamdunkattorney.com\/#website","url":"https:\/\/slamdunkattorney.com\/","name":"Abogado experto en lesiones | Abogados especializados en lesiones","description":"Abogados de lesiones personales en Duluth","publisher":{"@id":"https:\/\/slamdunkattorney.com\/#organization"},"alternateName":"Slam Dunk Attorney","inLanguage":"es"},{"@type":"Organization","@id":"https:\/\/slamdunkattorney.com\/#organization","name":"Abogado Slam Dunk","alternateName":"Slam Dunk","url":"https:\/\/slamdunkattorney.com\/","logo":{"@type":"ImageObject","inLanguage":"es","@id":"https:\/\/slamdunkattorney.com\/#\/schema\/logo\/image\/","url":"https:\/\/slamdunkattorney.com\/wp-content\/uploads\/2023\/05\/cropped-Logo.png","contentUrl":"https:\/\/slamdunkattorney.com\/wp-content\/uploads\/2023\/05\/cropped-Logo.png","width":1080,"height":240,"caption":"Slam Dunk Attorney"},"image":{"@id":"https:\/\/slamdunkattorney.com\/#\/schema\/logo\/image\/"},"sameAs":["https:\/\/www.facebook.com\/slamdunkattorneyinjurylawyers\/","https:\/\/x.com\/slamdunkattorney","https:\/\/www.instagram.com\/slamdunkattorney\/","https:\/\/www.youtube.com\/channel\/UCSrOiC7vOjlCi3UgtIVGNtw","https:\/\/www.linkedin.com\/company\/slamdunkattorneyinjurylawyers"]}]}},"yoast_meta":{"yoast_wpseo_title":"","yoast_wpseo_metadesc":"","yoast_wpseo_canonical":"https:\/\/slamdunkattorney.com\/es\/wp-json\/wp\/v2\/pages\/11467"},"_links":{"self":[{"href":"https:\/\/slamdunkattorney.com\/es\/wp-json\/wp\/v2\/pages\/11467","targetHints":{"allow":["GET"]}}],"collection":[{"href":"https:\/\/slamdunkattorney.com\/es\/wp-json\/wp\/v2\/pages"}],"about":[{"href":"https:\/\/slamdunkattorney.com\/es\/wp-json\/wp\/v2\/types\/page"}],"author":[{"embeddable":true,"href":"https:\/\/slamdunkattorney.com\/es\/wp-json\/wp\/v2\/users\/2"}],"replies":[{"embeddable":true,"href":"https:\/\/slamdunkattorney.com\/es\/wp-json\/wp\/v2\/comments?post=11467"}],"version-history":[{"count":0,"href":"https:\/\/slamdunkattorney.com\/es\/wp-json\/wp\/v2\/pages\/11467\/revisions"}],"up":[{"embeddable":true,"href":"https:\/\/slamdunkattorney.com\/es\/wp-json\/wp\/v2\/pages\/47"}],"wp:attachment":[{"href":"https:\/\/slamdunkattorney.com\/es\/wp-json\/wp\/v2\/media?parent=11467"}],"wp:term":[{"taxonomy":"extra-categories","embeddable":true,"href":"https:\/\/slamdunkattorney.com\/es\/wp-json\/wp\/v2\/extra-categories?post=11467"},{"taxonomy":"hc_faqs","embeddable":true,"href":"https:\/\/slamdunkattorney.com\/es\/wp-json\/wp\/v2\/hc_faqs?post=11467"}],"curies":[{"name":"wp","href":"https:\/\/api.w.org\/{rel}","templated":true}]}}